{"id":593,"date":"2021-11-29T20:54:58","date_gmt":"2021-11-29T23:54:58","guid":{"rendered":"https:\/\/www.lojacarita.com.br\/loja\/?post_type=product&#038;p=593"},"modified":"2025-02-06T20:54:15","modified_gmt":"2025-02-06T23:54:15","slug":"e-book-curas-2","status":"publish","type":"product","link":"https:\/\/www.lojacarita.com.br\/loja\/product\/e-book-curas-2\/","title":{"rendered":"E-book CURAS &#8211; A a\u00e7\u00e3o da f\u00e9 no corpo doente"},"content":{"rendered":"<p><strong>E-book CURAS &#8211; A a\u00e7\u00e3o da f\u00e9 no corpo doente<\/strong><\/p>\n<p>Autores: Esp\u00edrito Eur\u00edpedes Barsanulfo, m\u00e9dium Eliana dos Santos<\/p>\n<p>C\u00e1rita Editora entendendo a cura como um tema essencial para a paz \u00edntima, re\u00fane nesta edi\u00e7\u00e3o algumas mensagens sobre a doen\u00e7a humana e o caminho para a cura. A f\u00e9 nos cura, mas como? A Doutrina Esp\u00edrita nos mostra caminhos, sa\u00eddas<\/p>\n<p>A ci\u00eancia do c\u00e9u, atrav\u00e9s da terceira revela\u00e7\u00e3o, desvela um horizonte imenso sobre as premissas enfermas da alma, sendo uma delas, o afastamento do amor: o amor a Deus, o absoluto, o princ\u00edpio ativo vivo.<\/p>\n<p>Compre o E-book, fa\u00e7a o pagamento e aguarde receber o link para download<\/p>\n","protected":false},"excerpt":{"rendered":"<p>Autores: Esp\u00edrito Eur\u00edpedes Barsanulfo, m\u00e9dium Eliana dos Santos<\/p>\n<p>C\u00e1rita Editora entendendo a cura como um tema essencial para a paz \u00edntima, re\u00fane nesta edi\u00e7\u00e3o algumas mensagens sobre a doen\u00e7a humana e o caminho para a cura. A f\u00e9 nos cura, mas como? A Doutrina Esp\u00edrita nos mostra caminhos, sa\u00eddas<\/p>\n","protected":false},"featured_media":594,"template":"","meta":[],"product_brand":[],"product_cat":[87,53,47,91,86,48],"product_tag":[],"class_list":{"0":"post-593","1":"product","2":"type-product","3":"status-publish","4":"has-post-thumbnail","6":"product_cat-e-books","7":"product_cat-euripedes-barsanulfo","8":"product_cat-kit-curas-2","9":"product_cat-kit-curas","10":"product_cat-kits-de-tratamento","11":"product_cat-livros","13":"first","14":"instock","15":"downloadable","16":"shipping-taxable","17":"purchasable","18":"product-type-simple"},"acf":[],"yoast_head":"<!-- This site is optimized with the Yoast SEO plugin v27.4 - https:\/\/yoast.com\/product\/yoast-seo-wordpress\/ -->\n<title>E-book CURAS - A a\u00e7\u00e3o da f\u00e9 no corpo doente - Loja C\u00e1rita<\/title>\n<meta name=\"robots\" content=\"index, follow, max-snippet:-1, max-image-preview:large, max-video-preview:-1\" \/>\n<link rel=\"canonical\" href=\"https:\/\/www.lojacarita.com.br\/loja\/product\/e-book-curas-2\/\" \/>\n<meta property=\"og:locale\" content=\"pt_BR\" \/>\n<meta property=\"og:type\" content=\"article\" \/>\n<meta property=\"og:title\" content=\"E-book CURAS - A a\u00e7\u00e3o da f\u00e9 no corpo doente - Loja C\u00e1rita\" \/>\n<meta property=\"og:description\" content=\"Autores: Esp\u00edrito Eur\u00edpedes Barsanulfo, m\u00e9dium Eliana dos Santos  C\u00e1rita Editora entendendo a cura como um tema essencial para a paz \u00edntima, re\u00fane nesta edi\u00e7\u00e3o algumas mensagens sobre a doen\u00e7a humana e o caminho para a cura. A f\u00e9 nos cura, mas como? A Doutrina Esp\u00edrita nos mostra caminhos, sa\u00eddas\" \/>\n<meta property=\"og:url\" content=\"https:\/\/www.lojacarita.com.br\/loja\/product\/e-book-curas-2\/\" \/>\n<meta property=\"og:site_name\" content=\"Loja C\u00e1rita\" \/>\n<meta property=\"article:modified_time\" content=\"2025-02-06T23:54:15+00:00\" \/>\n<meta property=\"og:image\" content=\"https:\/\/www.lojacarita.com.br\/loja\/wp-content\/uploads\/2021\/11\/mockup-capaCuras.png\" \/>\n\t<meta property=\"og:image:width\" content=\"936\" \/>\n\t<meta property=\"og:image:height\" content=\"999\" \/>\n\t<meta property=\"og:image:type\" content=\"image\/png\" \/>\n<meta name=\"twitter:card\" content=\"summary_large_image\" \/>\n<meta name=\"twitter:label1\" content=\"Est. tempo de leitura\" \/>\n\t<meta name=\"twitter:data1\" content=\"1 minuto\" \/>\n<script type=\"application\/ld+json\" class=\"yoast-schema-graph\">{\"@context\":\"https:\\\/\\\/schema.org\",\"@graph\":[{\"@type\":\"WebPage\",\"@id\":\"https:\\\/\\\/www.lojacarita.com.br\\\/loja\\\/product\\\/e-book-curas-2\\\/\",\"url\":\"https:\\\/\\\/www.lojacarita.com.br\\\/loja\\\/product\\\/e-book-curas-2\\\/\",\"name\":\"E-book CURAS - A a\u00e7\u00e3o da f\u00e9 no corpo doente - Loja C\u00e1rita\",\"isPartOf\":{\"@id\":\"https:\\\/\\\/www.lojacarita.com.br\\\/loja\\\/#website\"},\"primaryImageOfPage\":{\"@id\":\"https:\\\/\\\/www.lojacarita.com.br\\\/loja\\\/product\\\/e-book-curas-2\\\/#primaryimage\"},\"image\":{\"@id\":\"https:\\\/\\\/www.lojacarita.com.br\\\/loja\\\/product\\\/e-book-curas-2\\\/#primaryimage\"},\"thumbnailUrl\":\"https:\\\/\\\/www.lojacarita.com.br\\\/loja\\\/wp-content\\\/uploads\\\/2021\\\/11\\\/mockup-capaCuras.png\",\"datePublished\":\"2021-11-29T23:54:58+00:00\",\"dateModified\":\"2025-02-06T23:54:15+00:00\",\"breadcrumb\":{\"@id\":\"https:\\\/\\\/www.lojacarita.com.br\\\/loja\\\/product\\\/e-book-curas-2\\\/#breadcrumb\"},\"inLanguage\":\"pt-BR\",\"potentialAction\":[{\"@type\":\"ReadAction\",\"target\":[\"https:\\\/\\\/www.lojacarita.com.br\\\/loja\\\/product\\\/e-book-curas-2\\\/\"]}]},{\"@type\":\"ImageObject\",\"inLanguage\":\"pt-BR\",\"@id\":\"https:\\\/\\\/www.lojacarita.com.br\\\/loja\\\/product\\\/e-book-curas-2\\\/#primaryimage\",\"url\":\"https:\\\/\\\/www.lojacarita.com.br\\\/loja\\\/wp-content\\\/uploads\\\/2021\\\/11\\\/mockup-capaCuras.png\",\"contentUrl\":\"https:\\\/\\\/www.lojacarita.com.br\\\/loja\\\/wp-content\\\/uploads\\\/2021\\\/11\\\/mockup-capaCuras.png\",\"width\":936,\"height\":999},{\"@type\":\"BreadcrumbList\",\"@id\":\"https:\\\/\\\/www.lojacarita.com.br\\\/loja\\\/product\\\/e-book-curas-2\\\/#breadcrumb\",\"itemListElement\":[{\"@type\":\"ListItem\",\"position\":1,\"name\":\"In\u00edcio\",\"item\":\"https:\\\/\\\/www.lojacarita.com.br\\\/loja\\\/\"},{\"@type\":\"ListItem\",\"position\":2,\"name\":\"Produtos\",\"item\":\"https:\\\/\\\/www.lojacarita.com.br\\\/loja\\\/nossos-produtos\\\/\"},{\"@type\":\"ListItem\",\"position\":3,\"name\":\"E-book CURAS &#8211; A a\u00e7\u00e3o da f\u00e9 no corpo doente\"}]},{\"@type\":\"WebSite\",\"@id\":\"https:\\\/\\\/www.lojacarita.com.br\\\/loja\\\/#website\",\"url\":\"https:\\\/\\\/www.lojacarita.com.br\\\/loja\\\/\",\"name\":\"Loja C\u00e1rita\",\"description\":\"Amai-vos e instrui-vos! Esp\u00edrito de Verdade\",\"publisher\":{\"@id\":\"https:\\\/\\\/www.lojacarita.com.br\\\/loja\\\/#organization\"},\"potentialAction\":[{\"@type\":\"SearchAction\",\"target\":{\"@type\":\"EntryPoint\",\"urlTemplate\":\"https:\\\/\\\/www.lojacarita.com.br\\\/loja\\\/?s={search_term_string}\"},\"query-input\":{\"@type\":\"PropertyValueSpecification\",\"valueRequired\":true,\"valueName\":\"search_term_string\"}}],\"inLanguage\":\"pt-BR\"},{\"@type\":\"Organization\",\"@id\":\"https:\\\/\\\/www.lojacarita.com.br\\\/loja\\\/#organization\",\"name\":\"Loja C\u00e1rita\",\"url\":\"https:\\\/\\\/www.lojacarita.com.br\\\/loja\\\/\",\"logo\":{\"@type\":\"ImageObject\",\"inLanguage\":\"pt-BR\",\"@id\":\"https:\\\/\\\/www.lojacarita.com.br\\\/loja\\\/#\\\/schema\\\/logo\\\/image\\\/\",\"url\":\"http:\\\/\\\/www.lojacarita.com.br\\\/loja2021\\\/wp-content\\\/uploads\\\/2021\\\/05\\\/favicon.png\",\"contentUrl\":\"http:\\\/\\\/www.lojacarita.com.br\\\/loja2021\\\/wp-content\\\/uploads\\\/2021\\\/05\\\/favicon.png\",\"width\":512,\"height\":512,\"caption\":\"Loja C\u00e1rita\"},\"image\":{\"@id\":\"https:\\\/\\\/www.lojacarita.com.br\\\/loja\\\/#\\\/schema\\\/logo\\\/image\\\/\"}}]}<\/script>\n<!-- \/ Yoast SEO plugin. -->","yoast_head_json":{"title":"E-book CURAS - A a\u00e7\u00e3o da f\u00e9 no corpo doente - Loja C\u00e1rita","robots":{"index":"index","follow":"follow","max-snippet":"max-snippet:-1","max-image-preview":"max-image-preview:large","max-video-preview":"max-video-preview:-1"},"canonical":"https:\/\/www.lojacarita.com.br\/loja\/product\/e-book-curas-2\/","og_locale":"pt_BR","og_type":"article","og_title":"E-book CURAS - A a\u00e7\u00e3o da f\u00e9 no corpo doente - Loja C\u00e1rita","og_description":"Autores: Esp\u00edrito Eur\u00edpedes Barsanulfo, m\u00e9dium Eliana dos Santos  C\u00e1rita Editora entendendo a cura como um tema essencial para a paz \u00edntima, re\u00fane nesta edi\u00e7\u00e3o algumas mensagens sobre a doen\u00e7a humana e o caminho para a cura. A f\u00e9 nos cura, mas como? A Doutrina Esp\u00edrita nos mostra caminhos, sa\u00eddas","og_url":"https:\/\/www.lojacarita.com.br\/loja\/product\/e-book-curas-2\/","og_site_name":"Loja C\u00e1rita","article_modified_time":"2025-02-06T23:54:15+00:00","og_image":[{"width":936,"height":999,"url":"https:\/\/www.lojacarita.com.br\/loja\/wp-content\/uploads\/2021\/11\/mockup-capaCuras.png","type":"image\/png"}],"twitter_card":"summary_large_image","twitter_misc":{"Est. tempo de leitura":"1 minuto"},"schema":{"@context":"https:\/\/schema.org","@graph":[{"@type":"WebPage","@id":"https:\/\/www.lojacarita.com.br\/loja\/product\/e-book-curas-2\/","url":"https:\/\/www.lojacarita.com.br\/loja\/product\/e-book-curas-2\/","name":"E-book CURAS - A a\u00e7\u00e3o da f\u00e9 no corpo doente - Loja C\u00e1rita","isPartOf":{"@id":"https:\/\/www.lojacarita.com.br\/loja\/#website"},"primaryImageOfPage":{"@id":"https:\/\/www.lojacarita.com.br\/loja\/product\/e-book-curas-2\/#primaryimage"},"image":{"@id":"https:\/\/www.lojacarita.com.br\/loja\/product\/e-book-curas-2\/#primaryimage"},"thumbnailUrl":"https:\/\/www.lojacarita.com.br\/loja\/wp-content\/uploads\/2021\/11\/mockup-capaCuras.png","datePublished":"2021-11-29T23:54:58+00:00","dateModified":"2025-02-06T23:54:15+00:00","breadcrumb":{"@id":"https:\/\/www.lojacarita.com.br\/loja\/product\/e-book-curas-2\/#breadcrumb"},"inLanguage":"pt-BR","potentialAction":[{"@type":"ReadAction","target":["https:\/\/www.lojacarita.com.br\/loja\/product\/e-book-curas-2\/"]}]},{"@type":"ImageObject","inLanguage":"pt-BR","@id":"https:\/\/www.lojacarita.com.br\/loja\/product\/e-book-curas-2\/#primaryimage","url":"https:\/\/www.lojacarita.com.br\/loja\/wp-content\/uploads\/2021\/11\/mockup-capaCuras.png","contentUrl":"https:\/\/www.lojacarita.com.br\/loja\/wp-content\/uploads\/2021\/11\/mockup-capaCuras.png","width":936,"height":999},{"@type":"BreadcrumbList","@id":"https:\/\/www.lojacarita.com.br\/loja\/product\/e-book-curas-2\/#breadcrumb","itemListElement":[{"@type":"ListItem","position":1,"name":"In\u00edcio","item":"https:\/\/www.lojacarita.com.br\/loja\/"},{"@type":"ListItem","position":2,"name":"Produtos","item":"https:\/\/www.lojacarita.com.br\/loja\/nossos-produtos\/"},{"@type":"ListItem","position":3,"name":"E-book CURAS &#8211; A a\u00e7\u00e3o da f\u00e9 no corpo doente"}]},{"@type":"WebSite","@id":"https:\/\/www.lojacarita.com.br\/loja\/#website","url":"https:\/\/www.lojacarita.com.br\/loja\/","name":"Loja C\u00e1rita","description":"Amai-vos e instrui-vos! Esp\u00edrito de Verdade","publisher":{"@id":"https:\/\/www.lojacarita.com.br\/loja\/#organization"},"potentialAction":[{"@type":"SearchAction","target":{"@type":"EntryPoint","urlTemplate":"https:\/\/www.lojacarita.com.br\/loja\/?s={search_term_string}"},"query-input":{"@type":"PropertyValueSpecification","valueRequired":true,"valueName":"search_term_string"}}],"inLanguage":"pt-BR"},{"@type":"Organization","@id":"https:\/\/www.lojacarita.com.br\/loja\/#organization","name":"Loja C\u00e1rita","url":"https:\/\/www.lojacarita.com.br\/loja\/","logo":{"@type":"ImageObject","inLanguage":"pt-BR","@id":"https:\/\/www.lojacarita.com.br\/loja\/#\/schema\/logo\/image\/","url":"http:\/\/www.lojacarita.com.br\/loja2021\/wp-content\/uploads\/2021\/05\/favicon.png","contentUrl":"http:\/\/www.lojacarita.com.br\/loja2021\/wp-content\/uploads\/2021\/05\/favicon.png","width":512,"height":512,"caption":"Loja C\u00e1rita"},"image":{"@id":"https:\/\/www.lojacarita.com.br\/loja\/#\/schema\/logo\/image\/"}}]}},"_links":{"self":[{"href":"https:\/\/www.lojacarita.com.br\/loja\/wp-json\/wp\/v2\/product\/593","targetHints":{"allow":["GET"]}}],"collection":[{"href":"https:\/\/www.lojacarita.com.br\/loja\/wp-json\/wp\/v2\/product"}],"about":[{"href":"https:\/\/www.lojacarita.com.br\/loja\/wp-json\/wp\/v2\/types\/product"}],"wp:featuredmedia":[{"embeddable":true,"href":"https:\/\/www.lojacarita.com.br\/loja\/wp-json\/wp\/v2\/media\/594"}],"wp:attachment":[{"href":"https:\/\/www.lojacarita.com.br\/loja\/wp-json\/wp\/v2\/media?parent=593"}],"wp:term":[{"taxonomy":"product_brand","embeddable":true,"href":"https:\/\/www.lojacarita.com.br\/loja\/wp-json\/wp\/v2\/product_brand?post=593"},{"taxonomy":"product_cat","embeddable":true,"href":"https:\/\/www.lojacarita.com.br\/loja\/wp-json\/wp\/v2\/product_cat?post=593"},{"taxonomy":"product_tag","embeddable":true,"href":"https:\/\/www.lojacarita.com.br\/loja\/wp-json\/wp\/v2\/product_tag?post=593"}],"curies":[{"name":"wp","href":"https:\/\/api.w.org\/{rel}","templated":true}]}}