{"id":463,"date":"2021-06-25T19:13:34","date_gmt":"2021-06-25T22:13:34","guid":{"rendered":"http:\/\/www.lojacarita.com.br\/loja2021\/?post_type=product&#038;p=463"},"modified":"2023-10-31T14:28:38","modified_gmt":"2023-10-31T17:28:38","slug":"reforma-alimentar-para-espiritos-em-evolucao-2","status":"publish","type":"product","link":"https:\/\/www.lojacarita.com.br\/loja\/product\/reforma-alimentar-para-espiritos-em-evolucao-2\/","title":{"rendered":"Reforma Alimentar para Esp\u00edritos em Evolu\u00e7\u00e3o"},"content":{"rendered":"<h4>Reforma Alimentar para Esp\u00edritos em Evolu\u00e7\u00e3o<br \/>\nN\u00e3o s\u00f3 de p\u00e3o viver\u00e1 o homem<\/h4>\n<h4>Francisco Maugeri Filho<\/h4>\n<p>Encontramo-nos em momento decisivo planet\u00e1rio. Neste s\u00e9culo XXI, a tem\u00e1tica do direito ao respeito pela vida, com a emergente quest\u00e3o de nossa sobreviv\u00eancia, agiganta-se. Uma s\u00e9rie de sinais de alerta \u00e0 comunidade humana vai chamando-a para uma revis\u00e3o de suas escolhas. Nesse quadro dram\u00e1tico, e como sinal de esperan\u00e7a, a obra do cientista Francisco Maugeri Filho vem trazendo surpresas. Al\u00e9m de trazer nessas linhas um alerta, tamb\u00e9m convida o leitor \u00e0 reflex\u00e3o sobre sua evolu\u00e7\u00e3o como um todo. E, aqui, dentro de uma dieta para esp\u00edritos em evolu\u00e7\u00e3o, a reflex\u00e3o sobre o vegetarianismo e o veganismo consubstancia o salto de qualidade para o respeito aos nossos irm\u00e3os animais, propondo-nos a supera\u00e7\u00e3o da alimenta\u00e7\u00e3o carn\u00edvora, deixando-a como um sinal leve e long\u00ednquo de nossa pr\u00e9-hist\u00f3ria humana.<\/p>\n<p>Na convers\u00e3o da alimenta\u00e7\u00e3o carn\u00edvora para a vegetariana, o autor re\u00fane importantes dados cient\u00edficos que correlacionam os problemas das devasta\u00e7\u00f5es das florestas, do uso abusivo da \u00e1gua e do aquecimento global com as vastas \u00e1reas dedicadas \u00e0 cria\u00e7\u00e3o de gado de corte, escancarando o problema da depreda\u00e7\u00e3o do meio ambiente em favor de uma ind\u00fastria da morte.<\/p>\n<p>\u00c9 realmente nociva a alimenta\u00e7\u00e3o carn\u00edvora para o corpo humano? E para o esp\u00edrito? Ela n\u00e3o permite sua evolu\u00e7\u00e3o de forma mais tranquila e c\u00e9lere, ao utilizar a morte dos animais como um instrumento fict\u00edcio de sobreviv\u00eancia \u2013 a sobreviv\u00eancia de uma esp\u00e9cie com a morte de outras.<\/p>\n<p>O autor n\u00e3o apenas faz den\u00fancias, mas tamb\u00e9m anuncia\u00e7\u00f5es. Nos traz poss\u00edveis solu\u00e7\u00f5es. A solu\u00e7\u00e3o est\u00e1 em nossa consci\u00eancia. Uma proposta de espiritualiza\u00e7\u00e3o dos h\u00e1bitos alimentares, card\u00e1pios renovadores a partir do jejum, e uma alimenta\u00e7\u00e3o balanceada, rica, saud\u00e1vel e sem carne. Muito se tem propalado sobre a alimenta\u00e7\u00e3o saud\u00e1vel, e o autor aponta dados sobre a refei\u00e7\u00e3o sadia e mais nutritiva na antiga f\u00f3rmula, e insubstitu\u00edvel: aquela preparada com amor e desvelo em nossos lares!<\/p>\n<p>\u201cN\u00e3o S\u00f3 de P\u00e3o Viver\u00e1 o Homem\u201d&#8230; \u201cMas, de toda Palavra\u201d&#8230;<\/p>\n<p>Ou\u00e7am essa voz e raciocinem que a mudan\u00e7a de h\u00e1bito alimentar significa avan\u00e7o em sua espiritualiza\u00e7\u00e3o!<\/p>\n","protected":false},"excerpt":{"rendered":"<p>Reforma Alimentar para Esp\u00edritos em Evolu\u00e7\u00e3o N\u00e3o s\u00f3 de p\u00e3o viver\u00e1 o homem Francisco Maugeri Filho Encontramo-nos em momento decisivo planet\u00e1rio. Neste s\u00e9culo XXI, a tem\u00e1tica do direito ao respeito pela vida, com a emergente quest\u00e3o de nossa sobreviv\u00eancia, agiganta-se. Uma s\u00e9rie de sinais de alerta \u00e0 comunidade humana vai chamando-a para uma revis\u00e3o de &hellip; <a href=\"https:\/\/www.lojacarita.com.br\/loja\/product\/reforma-alimentar-para-espiritos-em-evolucao-2\/\">Continua<\/a><\/p>\n","protected":false},"featured_media":464,"template":"","meta":[],"product_brand":[],"product_cat":[45,48],"product_tag":[],"class_list":{"0":"post-463","1":"product","2":"type-product","3":"status-publish","4":"has-post-thumbnail","6":"product_cat-cientificos","7":"product_cat-livros","9":"first","10":"instock","11":"sale","12":"shipping-taxable","13":"purchasable","14":"product-type-simple"},"acf":[],"yoast_head":"<!-- This site is optimized with the Yoast SEO plugin v27.4 - https:\/\/yoast.com\/product\/yoast-seo-wordpress\/ -->\n<title>Reforma Alimentar para Esp\u00edritos em Evolu\u00e7\u00e3o - Loja C\u00e1rita<\/title>\n<meta name=\"robots\" content=\"index, follow, max-snippet:-1, max-image-preview:large, max-video-preview:-1\" \/>\n<link rel=\"canonical\" href=\"https:\/\/www.lojacarita.com.br\/loja\/product\/reforma-alimentar-para-espiritos-em-evolucao-2\/\" \/>\n<meta property=\"og:locale\" content=\"pt_BR\" \/>\n<meta property=\"og:type\" content=\"article\" \/>\n<meta property=\"og:title\" content=\"Reforma Alimentar para Esp\u00edritos em Evolu\u00e7\u00e3o - Loja C\u00e1rita\" \/>\n<meta property=\"og:description\" content=\"Reforma Alimentar para Esp\u00edritos em Evolu\u00e7\u00e3o N\u00e3o s\u00f3 de p\u00e3o viver\u00e1 o homem Francisco Maugeri Filho Encontramo-nos em momento decisivo planet\u00e1rio. Neste s\u00e9culo XXI, a tem\u00e1tica do direito ao respeito pela vida, com a emergente quest\u00e3o de nossa sobreviv\u00eancia, agiganta-se. Uma s\u00e9rie de sinais de alerta \u00e0 comunidade humana vai chamando-a para uma revis\u00e3o de &hellip; Continua\" \/>\n<meta property=\"og:url\" content=\"https:\/\/www.lojacarita.com.br\/loja\/product\/reforma-alimentar-para-espiritos-em-evolucao-2\/\" \/>\n<meta property=\"og:site_name\" content=\"Loja C\u00e1rita\" \/>\n<meta property=\"article:modified_time\" content=\"2023-10-31T17:28:38+00:00\" \/>\n<meta property=\"og:image\" content=\"https:\/\/www.lojacarita.com.br\/loja\/wp-content\/uploads\/2021\/06\/3reforma-alimentar-500x500-1.png\" \/>\n\t<meta property=\"og:image:width\" content=\"500\" \/>\n\t<meta property=\"og:image:height\" content=\"500\" \/>\n\t<meta property=\"og:image:type\" content=\"image\/png\" \/>\n<meta name=\"twitter:card\" content=\"summary_large_image\" \/>\n<meta name=\"twitter:label1\" content=\"Est. tempo de leitura\" \/>\n\t<meta name=\"twitter:data1\" content=\"2 minutos\" \/>\n<script type=\"application\/ld+json\" class=\"yoast-schema-graph\">{\"@context\":\"https:\\\/\\\/schema.org\",\"@graph\":[{\"@type\":\"WebPage\",\"@id\":\"https:\\\/\\\/www.lojacarita.com.br\\\/loja\\\/product\\\/reforma-alimentar-para-espiritos-em-evolucao-2\\\/\",\"url\":\"https:\\\/\\\/www.lojacarita.com.br\\\/loja\\\/product\\\/reforma-alimentar-para-espiritos-em-evolucao-2\\\/\",\"name\":\"Reforma Alimentar para Esp\u00edritos em Evolu\u00e7\u00e3o - Loja C\u00e1rita\",\"isPartOf\":{\"@id\":\"https:\\\/\\\/www.lojacarita.com.br\\\/loja\\\/#website\"},\"primaryImageOfPage\":{\"@id\":\"https:\\\/\\\/www.lojacarita.com.br\\\/loja\\\/product\\\/reforma-alimentar-para-espiritos-em-evolucao-2\\\/#primaryimage\"},\"image\":{\"@id\":\"https:\\\/\\\/www.lojacarita.com.br\\\/loja\\\/product\\\/reforma-alimentar-para-espiritos-em-evolucao-2\\\/#primaryimage\"},\"thumbnailUrl\":\"https:\\\/\\\/www.lojacarita.com.br\\\/loja\\\/wp-content\\\/uploads\\\/2021\\\/06\\\/3reforma-alimentar-500x500-1.png\",\"datePublished\":\"2021-06-25T22:13:34+00:00\",\"dateModified\":\"2023-10-31T17:28:38+00:00\",\"breadcrumb\":{\"@id\":\"https:\\\/\\\/www.lojacarita.com.br\\\/loja\\\/product\\\/reforma-alimentar-para-espiritos-em-evolucao-2\\\/#breadcrumb\"},\"inLanguage\":\"pt-BR\",\"potentialAction\":[{\"@type\":\"ReadAction\",\"target\":[\"https:\\\/\\\/www.lojacarita.com.br\\\/loja\\\/product\\\/reforma-alimentar-para-espiritos-em-evolucao-2\\\/\"]}]},{\"@type\":\"ImageObject\",\"inLanguage\":\"pt-BR\",\"@id\":\"https:\\\/\\\/www.lojacarita.com.br\\\/loja\\\/product\\\/reforma-alimentar-para-espiritos-em-evolucao-2\\\/#primaryimage\",\"url\":\"https:\\\/\\\/www.lojacarita.com.br\\\/loja\\\/wp-content\\\/uploads\\\/2021\\\/06\\\/3reforma-alimentar-500x500-1.png\",\"contentUrl\":\"https:\\\/\\\/www.lojacarita.com.br\\\/loja\\\/wp-content\\\/uploads\\\/2021\\\/06\\\/3reforma-alimentar-500x500-1.png\",\"width\":500,\"height\":500},{\"@type\":\"BreadcrumbList\",\"@id\":\"https:\\\/\\\/www.lojacarita.com.br\\\/loja\\\/product\\\/reforma-alimentar-para-espiritos-em-evolucao-2\\\/#breadcrumb\",\"itemListElement\":[{\"@type\":\"ListItem\",\"position\":1,\"name\":\"In\u00edcio\",\"item\":\"https:\\\/\\\/www.lojacarita.com.br\\\/loja\\\/\"},{\"@type\":\"ListItem\",\"position\":2,\"name\":\"Produtos\",\"item\":\"https:\\\/\\\/www.lojacarita.com.br\\\/loja\\\/nossos-produtos\\\/\"},{\"@type\":\"ListItem\",\"position\":3,\"name\":\"Reforma Alimentar para Esp\u00edritos em Evolu\u00e7\u00e3o\"}]},{\"@type\":\"WebSite\",\"@id\":\"https:\\\/\\\/www.lojacarita.com.br\\\/loja\\\/#website\",\"url\":\"https:\\\/\\\/www.lojacarita.com.br\\\/loja\\\/\",\"name\":\"Loja C\u00e1rita\",\"description\":\"Amai-vos e instrui-vos! Esp\u00edrito de Verdade\",\"publisher\":{\"@id\":\"https:\\\/\\\/www.lojacarita.com.br\\\/loja\\\/#organization\"},\"potentialAction\":[{\"@type\":\"SearchAction\",\"target\":{\"@type\":\"EntryPoint\",\"urlTemplate\":\"https:\\\/\\\/www.lojacarita.com.br\\\/loja\\\/?s={search_term_string}\"},\"query-input\":{\"@type\":\"PropertyValueSpecification\",\"valueRequired\":true,\"valueName\":\"search_term_string\"}}],\"inLanguage\":\"pt-BR\"},{\"@type\":\"Organization\",\"@id\":\"https:\\\/\\\/www.lojacarita.com.br\\\/loja\\\/#organization\",\"name\":\"Loja C\u00e1rita\",\"url\":\"https:\\\/\\\/www.lojacarita.com.br\\\/loja\\\/\",\"logo\":{\"@type\":\"ImageObject\",\"inLanguage\":\"pt-BR\",\"@id\":\"https:\\\/\\\/www.lojacarita.com.br\\\/loja\\\/#\\\/schema\\\/logo\\\/image\\\/\",\"url\":\"http:\\\/\\\/www.lojacarita.com.br\\\/loja2021\\\/wp-content\\\/uploads\\\/2021\\\/05\\\/favicon.png\",\"contentUrl\":\"http:\\\/\\\/www.lojacarita.com.br\\\/loja2021\\\/wp-content\\\/uploads\\\/2021\\\/05\\\/favicon.png\",\"width\":512,\"height\":512,\"caption\":\"Loja C\u00e1rita\"},\"image\":{\"@id\":\"https:\\\/\\\/www.lojacarita.com.br\\\/loja\\\/#\\\/schema\\\/logo\\\/image\\\/\"}}]}<\/script>\n<!-- \/ Yoast SEO plugin. -->","yoast_head_json":{"title":"Reforma Alimentar para Esp\u00edritos em Evolu\u00e7\u00e3o - Loja C\u00e1rita","robots":{"index":"index","follow":"follow","max-snippet":"max-snippet:-1","max-image-preview":"max-image-preview:large","max-video-preview":"max-video-preview:-1"},"canonical":"https:\/\/www.lojacarita.com.br\/loja\/product\/reforma-alimentar-para-espiritos-em-evolucao-2\/","og_locale":"pt_BR","og_type":"article","og_title":"Reforma Alimentar para Esp\u00edritos em Evolu\u00e7\u00e3o - Loja C\u00e1rita","og_description":"Reforma Alimentar para Esp\u00edritos em Evolu\u00e7\u00e3o N\u00e3o s\u00f3 de p\u00e3o viver\u00e1 o homem Francisco Maugeri Filho Encontramo-nos em momento decisivo planet\u00e1rio. Neste s\u00e9culo XXI, a tem\u00e1tica do direito ao respeito pela vida, com a emergente quest\u00e3o de nossa sobreviv\u00eancia, agiganta-se. Uma s\u00e9rie de sinais de alerta \u00e0 comunidade humana vai chamando-a para uma revis\u00e3o de &hellip; Continua","og_url":"https:\/\/www.lojacarita.com.br\/loja\/product\/reforma-alimentar-para-espiritos-em-evolucao-2\/","og_site_name":"Loja C\u00e1rita","article_modified_time":"2023-10-31T17:28:38+00:00","og_image":[{"width":500,"height":500,"url":"https:\/\/www.lojacarita.com.br\/loja\/wp-content\/uploads\/2021\/06\/3reforma-alimentar-500x500-1.png","type":"image\/png"}],"twitter_card":"summary_large_image","twitter_misc":{"Est. tempo de leitura":"2 minutos"},"schema":{"@context":"https:\/\/schema.org","@graph":[{"@type":"WebPage","@id":"https:\/\/www.lojacarita.com.br\/loja\/product\/reforma-alimentar-para-espiritos-em-evolucao-2\/","url":"https:\/\/www.lojacarita.com.br\/loja\/product\/reforma-alimentar-para-espiritos-em-evolucao-2\/","name":"Reforma Alimentar para Esp\u00edritos em Evolu\u00e7\u00e3o - Loja C\u00e1rita","isPartOf":{"@id":"https:\/\/www.lojacarita.com.br\/loja\/#website"},"primaryImageOfPage":{"@id":"https:\/\/www.lojacarita.com.br\/loja\/product\/reforma-alimentar-para-espiritos-em-evolucao-2\/#primaryimage"},"image":{"@id":"https:\/\/www.lojacarita.com.br\/loja\/product\/reforma-alimentar-para-espiritos-em-evolucao-2\/#primaryimage"},"thumbnailUrl":"https:\/\/www.lojacarita.com.br\/loja\/wp-content\/uploads\/2021\/06\/3reforma-alimentar-500x500-1.png","datePublished":"2021-06-25T22:13:34+00:00","dateModified":"2023-10-31T17:28:38+00:00","breadcrumb":{"@id":"https:\/\/www.lojacarita.com.br\/loja\/product\/reforma-alimentar-para-espiritos-em-evolucao-2\/#breadcrumb"},"inLanguage":"pt-BR","potentialAction":[{"@type":"ReadAction","target":["https:\/\/www.lojacarita.com.br\/loja\/product\/reforma-alimentar-para-espiritos-em-evolucao-2\/"]}]},{"@type":"ImageObject","inLanguage":"pt-BR","@id":"https:\/\/www.lojacarita.com.br\/loja\/product\/reforma-alimentar-para-espiritos-em-evolucao-2\/#primaryimage","url":"https:\/\/www.lojacarita.com.br\/loja\/wp-content\/uploads\/2021\/06\/3reforma-alimentar-500x500-1.png","contentUrl":"https:\/\/www.lojacarita.com.br\/loja\/wp-content\/uploads\/2021\/06\/3reforma-alimentar-500x500-1.png","width":500,"height":500},{"@type":"BreadcrumbList","@id":"https:\/\/www.lojacarita.com.br\/loja\/product\/reforma-alimentar-para-espiritos-em-evolucao-2\/#breadcrumb","itemListElement":[{"@type":"ListItem","position":1,"name":"In\u00edcio","item":"https:\/\/www.lojacarita.com.br\/loja\/"},{"@type":"ListItem","position":2,"name":"Produtos","item":"https:\/\/www.lojacarita.com.br\/loja\/nossos-produtos\/"},{"@type":"ListItem","position":3,"name":"Reforma Alimentar para Esp\u00edritos em Evolu\u00e7\u00e3o"}]},{"@type":"WebSite","@id":"https:\/\/www.lojacarita.com.br\/loja\/#website","url":"https:\/\/www.lojacarita.com.br\/loja\/","name":"Loja C\u00e1rita","description":"Amai-vos e instrui-vos! Esp\u00edrito de Verdade","publisher":{"@id":"https:\/\/www.lojacarita.com.br\/loja\/#organization"},"potentialAction":[{"@type":"SearchAction","target":{"@type":"EntryPoint","urlTemplate":"https:\/\/www.lojacarita.com.br\/loja\/?s={search_term_string}"},"query-input":{"@type":"PropertyValueSpecification","valueRequired":true,"valueName":"search_term_string"}}],"inLanguage":"pt-BR"},{"@type":"Organization","@id":"https:\/\/www.lojacarita.com.br\/loja\/#organization","name":"Loja C\u00e1rita","url":"https:\/\/www.lojacarita.com.br\/loja\/","logo":{"@type":"ImageObject","inLanguage":"pt-BR","@id":"https:\/\/www.lojacarita.com.br\/loja\/#\/schema\/logo\/image\/","url":"http:\/\/www.lojacarita.com.br\/loja2021\/wp-content\/uploads\/2021\/05\/favicon.png","contentUrl":"http:\/\/www.lojacarita.com.br\/loja2021\/wp-content\/uploads\/2021\/05\/favicon.png","width":512,"height":512,"caption":"Loja C\u00e1rita"},"image":{"@id":"https:\/\/www.lojacarita.com.br\/loja\/#\/schema\/logo\/image\/"}}]}},"_links":{"self":[{"href":"https:\/\/www.lojacarita.com.br\/loja\/wp-json\/wp\/v2\/product\/463","targetHints":{"allow":["GET"]}}],"collection":[{"href":"https:\/\/www.lojacarita.com.br\/loja\/wp-json\/wp\/v2\/product"}],"about":[{"href":"https:\/\/www.lojacarita.com.br\/loja\/wp-json\/wp\/v2\/types\/product"}],"wp:featuredmedia":[{"embeddable":true,"href":"https:\/\/www.lojacarita.com.br\/loja\/wp-json\/wp\/v2\/media\/464"}],"wp:attachment":[{"href":"https:\/\/www.lojacarita.com.br\/loja\/wp-json\/wp\/v2\/media?parent=463"}],"wp:term":[{"taxonomy":"product_brand","embeddable":true,"href":"https:\/\/www.lojacarita.com.br\/loja\/wp-json\/wp\/v2\/product_brand?post=463"},{"taxonomy":"product_cat","embeddable":true,"href":"https:\/\/www.lojacarita.com.br\/loja\/wp-json\/wp\/v2\/product_cat?post=463"},{"taxonomy":"product_tag","embeddable":true,"href":"https:\/\/www.lojacarita.com.br\/loja\/wp-json\/wp\/v2\/product_tag?post=463"}],"curies":[{"name":"wp","href":"https:\/\/api.w.org\/{rel}","templated":true}]}}