{"id":461,"date":"2021-06-25T19:07:52","date_gmt":"2021-06-25T22:07:52","guid":{"rendered":"http:\/\/www.lojacarita.com.br\/loja2021\/?post_type=product&#038;p=461"},"modified":"2022-01-27T23:37:39","modified_gmt":"2022-01-28T02:37:39","slug":"maria-de-magdala","status":"publish","type":"product","link":"https:\/\/www.lojacarita.com.br\/loja\/product\/maria-de-magdala\/","title":{"rendered":"Maria de Magdala"},"content":{"rendered":"<h4>Maria de Magdala<\/h4>\n<h4>Esp\u00edrito Maria de Magdala, m\u00e9dium Ana M. M. Assed<\/h4>\n<p>Linhas que emocionam e consolam a todos n\u00f3s, peregrinos das sombras para a luz.<\/p>\n<p>Leitura que auxilia no caminho de quantos n\u00e3o tiveram o Encontro dom o Mestre e ainda n\u00e3o O viram.<\/p>\n<p>Jesus bate \u00e0 sua porta atrav\u00e9s da voz de Maria, quem tiver ouvidos de ouvir&#8230; Ouvir\u00e1 e vir\u00e1.<\/p>\n<blockquote><p>\u201cHomens, permitam que Jesus lhes arranque as escamas que os cegam, e O vejam, sintam seu imenso amor, como eu O vi e senti. Deixem que Ele fa\u00e7a entrada nos vossos cora\u00e7\u00f5es e evoluam em luz, meus amados irm\u00e3os. Que a manh\u00e3 de sol lhes traga a can\u00e7\u00e3o sublime entoada por anjos, anunciando que Jesus est\u00e1 vivo nos cora\u00e7\u00f5es de cada um. Tinjam suas portas com o sangue imaculado do Cordeiro e tenham paz e amor nos \u00b4\u00edntimos dos seus esp\u00edritos.\u201d<\/p><\/blockquote>\n","protected":false},"excerpt":{"rendered":"<p>Maria de Magdala Esp\u00edrito Maria de Magdala, m\u00e9dium Ana M. M. Assed Linhas que emocionam e consolam a todos n\u00f3s, peregrinos das sombras para a luz. Leitura que auxilia no caminho de quantos n\u00e3o tiveram o Encontro dom o Mestre e ainda n\u00e3o O viram. Jesus bate \u00e0 sua porta atrav\u00e9s da voz de Maria, &hellip; <a href=\"https:\/\/www.lojacarita.com.br\/loja\/product\/maria-de-magdala\/\">Continua<\/a><\/p>\n","protected":false},"featured_media":462,"template":"","meta":[],"product_brand":[],"product_cat":[55,48],"product_tag":[],"class_list":{"0":"post-461","1":"product","2":"type-product","3":"status-publish","4":"has-post-thumbnail","6":"product_cat-diversos","7":"product_cat-livros","9":"first","10":"instock","11":"sale","12":"shipping-taxable","13":"purchasable","14":"product-type-simple"},"acf":[],"yoast_head":"<!-- This site is optimized with the Yoast SEO plugin v27.4 - https:\/\/yoast.com\/product\/yoast-seo-wordpress\/ -->\n<title>Maria de Magdala - Loja C\u00e1rita<\/title>\n<meta name=\"robots\" content=\"index, follow, max-snippet:-1, max-image-preview:large, max-video-preview:-1\" \/>\n<link rel=\"canonical\" href=\"https:\/\/www.lojacarita.com.br\/loja\/product\/maria-de-magdala\/\" \/>\n<meta property=\"og:locale\" content=\"pt_BR\" \/>\n<meta property=\"og:type\" content=\"article\" \/>\n<meta property=\"og:title\" content=\"Maria de Magdala - Loja C\u00e1rita\" \/>\n<meta property=\"og:description\" content=\"Maria de Magdala Esp\u00edrito Maria de Magdala, m\u00e9dium Ana M. M. Assed Linhas que emocionam e consolam a todos n\u00f3s, peregrinos das sombras para a luz. Leitura que auxilia no caminho de quantos n\u00e3o tiveram o Encontro dom o Mestre e ainda n\u00e3o O viram. Jesus bate \u00e0 sua porta atrav\u00e9s da voz de Maria, &hellip; Continua\" \/>\n<meta property=\"og:url\" content=\"https:\/\/www.lojacarita.com.br\/loja\/product\/maria-de-magdala\/\" \/>\n<meta property=\"og:site_name\" content=\"Loja C\u00e1rita\" \/>\n<meta property=\"article:modified_time\" content=\"2022-01-28T02:37:39+00:00\" \/>\n<meta property=\"og:image\" content=\"https:\/\/www.lojacarita.com.br\/loja\/wp-content\/uploads\/2021\/06\/2maria-magdala-500x500-1.png\" \/>\n\t<meta property=\"og:image:width\" content=\"500\" \/>\n\t<meta property=\"og:image:height\" content=\"500\" \/>\n\t<meta property=\"og:image:type\" content=\"image\/png\" \/>\n<meta name=\"twitter:card\" content=\"summary_large_image\" \/>\n<meta name=\"twitter:label1\" content=\"Est. tempo de leitura\" \/>\n\t<meta name=\"twitter:data1\" content=\"1 minuto\" \/>\n<script type=\"application\/ld+json\" class=\"yoast-schema-graph\">{\"@context\":\"https:\\\/\\\/schema.org\",\"@graph\":[{\"@type\":\"WebPage\",\"@id\":\"https:\\\/\\\/www.lojacarita.com.br\\\/loja\\\/product\\\/maria-de-magdala\\\/\",\"url\":\"https:\\\/\\\/www.lojacarita.com.br\\\/loja\\\/product\\\/maria-de-magdala\\\/\",\"name\":\"Maria de Magdala - Loja C\u00e1rita\",\"isPartOf\":{\"@id\":\"https:\\\/\\\/www.lojacarita.com.br\\\/loja\\\/#website\"},\"primaryImageOfPage\":{\"@id\":\"https:\\\/\\\/www.lojacarita.com.br\\\/loja\\\/product\\\/maria-de-magdala\\\/#primaryimage\"},\"image\":{\"@id\":\"https:\\\/\\\/www.lojacarita.com.br\\\/loja\\\/product\\\/maria-de-magdala\\\/#primaryimage\"},\"thumbnailUrl\":\"https:\\\/\\\/www.lojacarita.com.br\\\/loja\\\/wp-content\\\/uploads\\\/2021\\\/06\\\/2maria-magdala-500x500-1.png\",\"datePublished\":\"2021-06-25T22:07:52+00:00\",\"dateModified\":\"2022-01-28T02:37:39+00:00\",\"breadcrumb\":{\"@id\":\"https:\\\/\\\/www.lojacarita.com.br\\\/loja\\\/product\\\/maria-de-magdala\\\/#breadcrumb\"},\"inLanguage\":\"pt-BR\",\"potentialAction\":[{\"@type\":\"ReadAction\",\"target\":[\"https:\\\/\\\/www.lojacarita.com.br\\\/loja\\\/product\\\/maria-de-magdala\\\/\"]}]},{\"@type\":\"ImageObject\",\"inLanguage\":\"pt-BR\",\"@id\":\"https:\\\/\\\/www.lojacarita.com.br\\\/loja\\\/product\\\/maria-de-magdala\\\/#primaryimage\",\"url\":\"https:\\\/\\\/www.lojacarita.com.br\\\/loja\\\/wp-content\\\/uploads\\\/2021\\\/06\\\/2maria-magdala-500x500-1.png\",\"contentUrl\":\"https:\\\/\\\/www.lojacarita.com.br\\\/loja\\\/wp-content\\\/uploads\\\/2021\\\/06\\\/2maria-magdala-500x500-1.png\",\"width\":500,\"height\":500},{\"@type\":\"BreadcrumbList\",\"@id\":\"https:\\\/\\\/www.lojacarita.com.br\\\/loja\\\/product\\\/maria-de-magdala\\\/#breadcrumb\",\"itemListElement\":[{\"@type\":\"ListItem\",\"position\":1,\"name\":\"In\u00edcio\",\"item\":\"https:\\\/\\\/www.lojacarita.com.br\\\/loja\\\/\"},{\"@type\":\"ListItem\",\"position\":2,\"name\":\"Produtos\",\"item\":\"https:\\\/\\\/www.lojacarita.com.br\\\/loja\\\/nossos-produtos\\\/\"},{\"@type\":\"ListItem\",\"position\":3,\"name\":\"Maria de Magdala\"}]},{\"@type\":\"WebSite\",\"@id\":\"https:\\\/\\\/www.lojacarita.com.br\\\/loja\\\/#website\",\"url\":\"https:\\\/\\\/www.lojacarita.com.br\\\/loja\\\/\",\"name\":\"Loja C\u00e1rita\",\"description\":\"Amai-vos e instrui-vos! Esp\u00edrito de Verdade\",\"publisher\":{\"@id\":\"https:\\\/\\\/www.lojacarita.com.br\\\/loja\\\/#organization\"},\"potentialAction\":[{\"@type\":\"SearchAction\",\"target\":{\"@type\":\"EntryPoint\",\"urlTemplate\":\"https:\\\/\\\/www.lojacarita.com.br\\\/loja\\\/?s={search_term_string}\"},\"query-input\":{\"@type\":\"PropertyValueSpecification\",\"valueRequired\":true,\"valueName\":\"search_term_string\"}}],\"inLanguage\":\"pt-BR\"},{\"@type\":\"Organization\",\"@id\":\"https:\\\/\\\/www.lojacarita.com.br\\\/loja\\\/#organization\",\"name\":\"Loja C\u00e1rita\",\"url\":\"https:\\\/\\\/www.lojacarita.com.br\\\/loja\\\/\",\"logo\":{\"@type\":\"ImageObject\",\"inLanguage\":\"pt-BR\",\"@id\":\"https:\\\/\\\/www.lojacarita.com.br\\\/loja\\\/#\\\/schema\\\/logo\\\/image\\\/\",\"url\":\"http:\\\/\\\/www.lojacarita.com.br\\\/loja2021\\\/wp-content\\\/uploads\\\/2021\\\/05\\\/favicon.png\",\"contentUrl\":\"http:\\\/\\\/www.lojacarita.com.br\\\/loja2021\\\/wp-content\\\/uploads\\\/2021\\\/05\\\/favicon.png\",\"width\":512,\"height\":512,\"caption\":\"Loja C\u00e1rita\"},\"image\":{\"@id\":\"https:\\\/\\\/www.lojacarita.com.br\\\/loja\\\/#\\\/schema\\\/logo\\\/image\\\/\"}}]}<\/script>\n<!-- \/ Yoast SEO plugin. -->","yoast_head_json":{"title":"Maria de Magdala - Loja C\u00e1rita","robots":{"index":"index","follow":"follow","max-snippet":"max-snippet:-1","max-image-preview":"max-image-preview:large","max-video-preview":"max-video-preview:-1"},"canonical":"https:\/\/www.lojacarita.com.br\/loja\/product\/maria-de-magdala\/","og_locale":"pt_BR","og_type":"article","og_title":"Maria de Magdala - Loja C\u00e1rita","og_description":"Maria de Magdala Esp\u00edrito Maria de Magdala, m\u00e9dium Ana M. M. Assed Linhas que emocionam e consolam a todos n\u00f3s, peregrinos das sombras para a luz. Leitura que auxilia no caminho de quantos n\u00e3o tiveram o Encontro dom o Mestre e ainda n\u00e3o O viram. Jesus bate \u00e0 sua porta atrav\u00e9s da voz de Maria, &hellip; Continua","og_url":"https:\/\/www.lojacarita.com.br\/loja\/product\/maria-de-magdala\/","og_site_name":"Loja C\u00e1rita","article_modified_time":"2022-01-28T02:37:39+00:00","og_image":[{"width":500,"height":500,"url":"https:\/\/www.lojacarita.com.br\/loja\/wp-content\/uploads\/2021\/06\/2maria-magdala-500x500-1.png","type":"image\/png"}],"twitter_card":"summary_large_image","twitter_misc":{"Est. tempo de leitura":"1 minuto"},"schema":{"@context":"https:\/\/schema.org","@graph":[{"@type":"WebPage","@id":"https:\/\/www.lojacarita.com.br\/loja\/product\/maria-de-magdala\/","url":"https:\/\/www.lojacarita.com.br\/loja\/product\/maria-de-magdala\/","name":"Maria de Magdala - Loja C\u00e1rita","isPartOf":{"@id":"https:\/\/www.lojacarita.com.br\/loja\/#website"},"primaryImageOfPage":{"@id":"https:\/\/www.lojacarita.com.br\/loja\/product\/maria-de-magdala\/#primaryimage"},"image":{"@id":"https:\/\/www.lojacarita.com.br\/loja\/product\/maria-de-magdala\/#primaryimage"},"thumbnailUrl":"https:\/\/www.lojacarita.com.br\/loja\/wp-content\/uploads\/2021\/06\/2maria-magdala-500x500-1.png","datePublished":"2021-06-25T22:07:52+00:00","dateModified":"2022-01-28T02:37:39+00:00","breadcrumb":{"@id":"https:\/\/www.lojacarita.com.br\/loja\/product\/maria-de-magdala\/#breadcrumb"},"inLanguage":"pt-BR","potentialAction":[{"@type":"ReadAction","target":["https:\/\/www.lojacarita.com.br\/loja\/product\/maria-de-magdala\/"]}]},{"@type":"ImageObject","inLanguage":"pt-BR","@id":"https:\/\/www.lojacarita.com.br\/loja\/product\/maria-de-magdala\/#primaryimage","url":"https:\/\/www.lojacarita.com.br\/loja\/wp-content\/uploads\/2021\/06\/2maria-magdala-500x500-1.png","contentUrl":"https:\/\/www.lojacarita.com.br\/loja\/wp-content\/uploads\/2021\/06\/2maria-magdala-500x500-1.png","width":500,"height":500},{"@type":"BreadcrumbList","@id":"https:\/\/www.lojacarita.com.br\/loja\/product\/maria-de-magdala\/#breadcrumb","itemListElement":[{"@type":"ListItem","position":1,"name":"In\u00edcio","item":"https:\/\/www.lojacarita.com.br\/loja\/"},{"@type":"ListItem","position":2,"name":"Produtos","item":"https:\/\/www.lojacarita.com.br\/loja\/nossos-produtos\/"},{"@type":"ListItem","position":3,"name":"Maria de Magdala"}]},{"@type":"WebSite","@id":"https:\/\/www.lojacarita.com.br\/loja\/#website","url":"https:\/\/www.lojacarita.com.br\/loja\/","name":"Loja C\u00e1rita","description":"Amai-vos e instrui-vos! Esp\u00edrito de Verdade","publisher":{"@id":"https:\/\/www.lojacarita.com.br\/loja\/#organization"},"potentialAction":[{"@type":"SearchAction","target":{"@type":"EntryPoint","urlTemplate":"https:\/\/www.lojacarita.com.br\/loja\/?s={search_term_string}"},"query-input":{"@type":"PropertyValueSpecification","valueRequired":true,"valueName":"search_term_string"}}],"inLanguage":"pt-BR"},{"@type":"Organization","@id":"https:\/\/www.lojacarita.com.br\/loja\/#organization","name":"Loja C\u00e1rita","url":"https:\/\/www.lojacarita.com.br\/loja\/","logo":{"@type":"ImageObject","inLanguage":"pt-BR","@id":"https:\/\/www.lojacarita.com.br\/loja\/#\/schema\/logo\/image\/","url":"http:\/\/www.lojacarita.com.br\/loja2021\/wp-content\/uploads\/2021\/05\/favicon.png","contentUrl":"http:\/\/www.lojacarita.com.br\/loja2021\/wp-content\/uploads\/2021\/05\/favicon.png","width":512,"height":512,"caption":"Loja C\u00e1rita"},"image":{"@id":"https:\/\/www.lojacarita.com.br\/loja\/#\/schema\/logo\/image\/"}}]}},"_links":{"self":[{"href":"https:\/\/www.lojacarita.com.br\/loja\/wp-json\/wp\/v2\/product\/461","targetHints":{"allow":["GET"]}}],"collection":[{"href":"https:\/\/www.lojacarita.com.br\/loja\/wp-json\/wp\/v2\/product"}],"about":[{"href":"https:\/\/www.lojacarita.com.br\/loja\/wp-json\/wp\/v2\/types\/product"}],"wp:featuredmedia":[{"embeddable":true,"href":"https:\/\/www.lojacarita.com.br\/loja\/wp-json\/wp\/v2\/media\/462"}],"wp:attachment":[{"href":"https:\/\/www.lojacarita.com.br\/loja\/wp-json\/wp\/v2\/media?parent=461"}],"wp:term":[{"taxonomy":"product_brand","embeddable":true,"href":"https:\/\/www.lojacarita.com.br\/loja\/wp-json\/wp\/v2\/product_brand?post=461"},{"taxonomy":"product_cat","embeddable":true,"href":"https:\/\/www.lojacarita.com.br\/loja\/wp-json\/wp\/v2\/product_cat?post=461"},{"taxonomy":"product_tag","embeddable":true,"href":"https:\/\/www.lojacarita.com.br\/loja\/wp-json\/wp\/v2\/product_tag?post=461"}],"curies":[{"name":"wp","href":"https:\/\/api.w.org\/{rel}","templated":true}]}}