{"id":458,"date":"2021-06-25T19:05:53","date_gmt":"2021-06-25T22:05:53","guid":{"rendered":"http:\/\/www.lojacarita.com.br\/loja2021\/?post_type=product&#038;p=458"},"modified":"2025-02-06T23:00:46","modified_gmt":"2025-02-07T02:00:46","slug":"flor-do-pantano-2","status":"publish","type":"product","link":"https:\/\/www.lojacarita.com.br\/loja\/product\/flor-do-pantano-2\/","title":{"rendered":"Flor do P\u00e2ntano"},"content":{"rendered":"<h4>Flor do P\u00e2ntano<\/h4>\n<h4>Esp\u00edrito Amigo, m\u00e9dium Eliana dos Santos<\/h4>\n<p>Esp\u00edritos desencarnados em sess\u00e3o de Socorro Espiritual contam sua dor: Ouvir o outro lado da hist\u00f3ria relatos.<\/p>\n<blockquote><p>&#8220;H\u00e1 na pr\u00e1tica do perd\u00e3o, e na pr\u00e1tica do bem em geral, al\u00e9m de um efeito moral, um efeito tamb\u00e9m material. A morte, como se sabe, n\u00e3o nos livra de nossos inimigos&#8221;.<\/p>\n<p>Allan Kardec, O Evangelho Segundo o Espiritismo<\/p><\/blockquote>\n","protected":false},"excerpt":{"rendered":"<p>Flor do P\u00e2ntano Esp\u00edrito Amigo, m\u00e9dium Eliana dos Santos Esp\u00edritos desencarnados em sess\u00e3o de Socorro Espiritual contam sua dor: Ouvir o outro lado da hist\u00f3ria relatos. &#8220;H\u00e1 na pr\u00e1tica do perd\u00e3o, e na pr\u00e1tica do bem em geral, al\u00e9m de um efeito moral, um efeito tamb\u00e9m material. A morte, como se sabe, n\u00e3o nos livra &hellip; <a href=\"https:\/\/www.lojacarita.com.br\/loja\/product\/flor-do-pantano-2\/\">Continua<\/a><\/p>\n","protected":false},"featured_media":459,"template":"","meta":[],"product_brand":[],"product_cat":[55,92,48,82],"product_tag":[],"class_list":{"0":"post-458","1":"product","2":"type-product","3":"status-publish","4":"has-post-thumbnail","6":"product_cat-diversos","7":"product_cat-kit-cura-da-alma-tratamentos","8":"product_cat-livros","9":"product_cat-tratamentos","11":"first","12":"instock","13":"sale","14":"shipping-taxable","15":"purchasable","16":"product-type-simple"},"acf":[],"yoast_head":"<!-- This site is optimized with the Yoast SEO plugin v27.4 - https:\/\/yoast.com\/product\/yoast-seo-wordpress\/ -->\n<title>Flor do P\u00e2ntano - Loja C\u00e1rita<\/title>\n<meta name=\"robots\" content=\"index, follow, max-snippet:-1, max-image-preview:large, max-video-preview:-1\" \/>\n<link rel=\"canonical\" href=\"https:\/\/www.lojacarita.com.br\/loja\/product\/flor-do-pantano-2\/\" \/>\n<meta property=\"og:locale\" content=\"pt_BR\" \/>\n<meta property=\"og:type\" content=\"article\" \/>\n<meta property=\"og:title\" content=\"Flor do P\u00e2ntano - Loja C\u00e1rita\" \/>\n<meta property=\"og:description\" content=\"Flor do P\u00e2ntano Esp\u00edrito Amigo, m\u00e9dium Eliana dos Santos Esp\u00edritos desencarnados em sess\u00e3o de Socorro Espiritual contam sua dor: Ouvir o outro lado da hist\u00f3ria relatos. &#8220;H\u00e1 na pr\u00e1tica do perd\u00e3o, e na pr\u00e1tica do bem em geral, al\u00e9m de um efeito moral, um efeito tamb\u00e9m material. A morte, como se sabe, n\u00e3o nos livra &hellip; Continua\" \/>\n<meta property=\"og:url\" content=\"https:\/\/www.lojacarita.com.br\/loja\/product\/flor-do-pantano-2\/\" \/>\n<meta property=\"og:site_name\" content=\"Loja C\u00e1rita\" \/>\n<meta property=\"article:modified_time\" content=\"2025-02-07T02:00:46+00:00\" \/>\n<meta property=\"og:image\" content=\"https:\/\/www.lojacarita.com.br\/loja\/wp-content\/uploads\/2021\/06\/1flor-do-pantano-500x500-1.png\" \/>\n\t<meta property=\"og:image:width\" content=\"500\" \/>\n\t<meta property=\"og:image:height\" content=\"500\" \/>\n\t<meta property=\"og:image:type\" content=\"image\/png\" \/>\n<meta name=\"twitter:card\" content=\"summary_large_image\" \/>\n<meta name=\"twitter:label1\" content=\"Est. tempo de leitura\" \/>\n\t<meta name=\"twitter:data1\" content=\"1 minuto\" \/>\n<script type=\"application\/ld+json\" class=\"yoast-schema-graph\">{\"@context\":\"https:\\\/\\\/schema.org\",\"@graph\":[{\"@type\":\"WebPage\",\"@id\":\"https:\\\/\\\/www.lojacarita.com.br\\\/loja\\\/product\\\/flor-do-pantano-2\\\/\",\"url\":\"https:\\\/\\\/www.lojacarita.com.br\\\/loja\\\/product\\\/flor-do-pantano-2\\\/\",\"name\":\"Flor do P\u00e2ntano - Loja C\u00e1rita\",\"isPartOf\":{\"@id\":\"https:\\\/\\\/www.lojacarita.com.br\\\/loja\\\/#website\"},\"primaryImageOfPage\":{\"@id\":\"https:\\\/\\\/www.lojacarita.com.br\\\/loja\\\/product\\\/flor-do-pantano-2\\\/#primaryimage\"},\"image\":{\"@id\":\"https:\\\/\\\/www.lojacarita.com.br\\\/loja\\\/product\\\/flor-do-pantano-2\\\/#primaryimage\"},\"thumbnailUrl\":\"https:\\\/\\\/www.lojacarita.com.br\\\/loja\\\/wp-content\\\/uploads\\\/2021\\\/06\\\/1flor-do-pantano-500x500-1.png\",\"datePublished\":\"2021-06-25T22:05:53+00:00\",\"dateModified\":\"2025-02-07T02:00:46+00:00\",\"breadcrumb\":{\"@id\":\"https:\\\/\\\/www.lojacarita.com.br\\\/loja\\\/product\\\/flor-do-pantano-2\\\/#breadcrumb\"},\"inLanguage\":\"pt-BR\",\"potentialAction\":[{\"@type\":\"ReadAction\",\"target\":[\"https:\\\/\\\/www.lojacarita.com.br\\\/loja\\\/product\\\/flor-do-pantano-2\\\/\"]}]},{\"@type\":\"ImageObject\",\"inLanguage\":\"pt-BR\",\"@id\":\"https:\\\/\\\/www.lojacarita.com.br\\\/loja\\\/product\\\/flor-do-pantano-2\\\/#primaryimage\",\"url\":\"https:\\\/\\\/www.lojacarita.com.br\\\/loja\\\/wp-content\\\/uploads\\\/2021\\\/06\\\/1flor-do-pantano-500x500-1.png\",\"contentUrl\":\"https:\\\/\\\/www.lojacarita.com.br\\\/loja\\\/wp-content\\\/uploads\\\/2021\\\/06\\\/1flor-do-pantano-500x500-1.png\",\"width\":500,\"height\":500},{\"@type\":\"BreadcrumbList\",\"@id\":\"https:\\\/\\\/www.lojacarita.com.br\\\/loja\\\/product\\\/flor-do-pantano-2\\\/#breadcrumb\",\"itemListElement\":[{\"@type\":\"ListItem\",\"position\":1,\"name\":\"In\u00edcio\",\"item\":\"https:\\\/\\\/www.lojacarita.com.br\\\/loja\\\/\"},{\"@type\":\"ListItem\",\"position\":2,\"name\":\"Produtos\",\"item\":\"https:\\\/\\\/www.lojacarita.com.br\\\/loja\\\/nossos-produtos\\\/\"},{\"@type\":\"ListItem\",\"position\":3,\"name\":\"Flor do P\u00e2ntano\"}]},{\"@type\":\"WebSite\",\"@id\":\"https:\\\/\\\/www.lojacarita.com.br\\\/loja\\\/#website\",\"url\":\"https:\\\/\\\/www.lojacarita.com.br\\\/loja\\\/\",\"name\":\"Loja C\u00e1rita\",\"description\":\"Amai-vos e instrui-vos! Esp\u00edrito de Verdade\",\"publisher\":{\"@id\":\"https:\\\/\\\/www.lojacarita.com.br\\\/loja\\\/#organization\"},\"potentialAction\":[{\"@type\":\"SearchAction\",\"target\":{\"@type\":\"EntryPoint\",\"urlTemplate\":\"https:\\\/\\\/www.lojacarita.com.br\\\/loja\\\/?s={search_term_string}\"},\"query-input\":{\"@type\":\"PropertyValueSpecification\",\"valueRequired\":true,\"valueName\":\"search_term_string\"}}],\"inLanguage\":\"pt-BR\"},{\"@type\":\"Organization\",\"@id\":\"https:\\\/\\\/www.lojacarita.com.br\\\/loja\\\/#organization\",\"name\":\"Loja C\u00e1rita\",\"url\":\"https:\\\/\\\/www.lojacarita.com.br\\\/loja\\\/\",\"logo\":{\"@type\":\"ImageObject\",\"inLanguage\":\"pt-BR\",\"@id\":\"https:\\\/\\\/www.lojacarita.com.br\\\/loja\\\/#\\\/schema\\\/logo\\\/image\\\/\",\"url\":\"http:\\\/\\\/www.lojacarita.com.br\\\/loja2021\\\/wp-content\\\/uploads\\\/2021\\\/05\\\/favicon.png\",\"contentUrl\":\"http:\\\/\\\/www.lojacarita.com.br\\\/loja2021\\\/wp-content\\\/uploads\\\/2021\\\/05\\\/favicon.png\",\"width\":512,\"height\":512,\"caption\":\"Loja C\u00e1rita\"},\"image\":{\"@id\":\"https:\\\/\\\/www.lojacarita.com.br\\\/loja\\\/#\\\/schema\\\/logo\\\/image\\\/\"}}]}<\/script>\n<!-- \/ Yoast SEO plugin. -->","yoast_head_json":{"title":"Flor do P\u00e2ntano - Loja C\u00e1rita","robots":{"index":"index","follow":"follow","max-snippet":"max-snippet:-1","max-image-preview":"max-image-preview:large","max-video-preview":"max-video-preview:-1"},"canonical":"https:\/\/www.lojacarita.com.br\/loja\/product\/flor-do-pantano-2\/","og_locale":"pt_BR","og_type":"article","og_title":"Flor do P\u00e2ntano - Loja C\u00e1rita","og_description":"Flor do P\u00e2ntano Esp\u00edrito Amigo, m\u00e9dium Eliana dos Santos Esp\u00edritos desencarnados em sess\u00e3o de Socorro Espiritual contam sua dor: Ouvir o outro lado da hist\u00f3ria relatos. &#8220;H\u00e1 na pr\u00e1tica do perd\u00e3o, e na pr\u00e1tica do bem em geral, al\u00e9m de um efeito moral, um efeito tamb\u00e9m material. A morte, como se sabe, n\u00e3o nos livra &hellip; Continua","og_url":"https:\/\/www.lojacarita.com.br\/loja\/product\/flor-do-pantano-2\/","og_site_name":"Loja C\u00e1rita","article_modified_time":"2025-02-07T02:00:46+00:00","og_image":[{"width":500,"height":500,"url":"https:\/\/www.lojacarita.com.br\/loja\/wp-content\/uploads\/2021\/06\/1flor-do-pantano-500x500-1.png","type":"image\/png"}],"twitter_card":"summary_large_image","twitter_misc":{"Est. tempo de leitura":"1 minuto"},"schema":{"@context":"https:\/\/schema.org","@graph":[{"@type":"WebPage","@id":"https:\/\/www.lojacarita.com.br\/loja\/product\/flor-do-pantano-2\/","url":"https:\/\/www.lojacarita.com.br\/loja\/product\/flor-do-pantano-2\/","name":"Flor do P\u00e2ntano - Loja C\u00e1rita","isPartOf":{"@id":"https:\/\/www.lojacarita.com.br\/loja\/#website"},"primaryImageOfPage":{"@id":"https:\/\/www.lojacarita.com.br\/loja\/product\/flor-do-pantano-2\/#primaryimage"},"image":{"@id":"https:\/\/www.lojacarita.com.br\/loja\/product\/flor-do-pantano-2\/#primaryimage"},"thumbnailUrl":"https:\/\/www.lojacarita.com.br\/loja\/wp-content\/uploads\/2021\/06\/1flor-do-pantano-500x500-1.png","datePublished":"2021-06-25T22:05:53+00:00","dateModified":"2025-02-07T02:00:46+00:00","breadcrumb":{"@id":"https:\/\/www.lojacarita.com.br\/loja\/product\/flor-do-pantano-2\/#breadcrumb"},"inLanguage":"pt-BR","potentialAction":[{"@type":"ReadAction","target":["https:\/\/www.lojacarita.com.br\/loja\/product\/flor-do-pantano-2\/"]}]},{"@type":"ImageObject","inLanguage":"pt-BR","@id":"https:\/\/www.lojacarita.com.br\/loja\/product\/flor-do-pantano-2\/#primaryimage","url":"https:\/\/www.lojacarita.com.br\/loja\/wp-content\/uploads\/2021\/06\/1flor-do-pantano-500x500-1.png","contentUrl":"https:\/\/www.lojacarita.com.br\/loja\/wp-content\/uploads\/2021\/06\/1flor-do-pantano-500x500-1.png","width":500,"height":500},{"@type":"BreadcrumbList","@id":"https:\/\/www.lojacarita.com.br\/loja\/product\/flor-do-pantano-2\/#breadcrumb","itemListElement":[{"@type":"ListItem","position":1,"name":"In\u00edcio","item":"https:\/\/www.lojacarita.com.br\/loja\/"},{"@type":"ListItem","position":2,"name":"Produtos","item":"https:\/\/www.lojacarita.com.br\/loja\/nossos-produtos\/"},{"@type":"ListItem","position":3,"name":"Flor do P\u00e2ntano"}]},{"@type":"WebSite","@id":"https:\/\/www.lojacarita.com.br\/loja\/#website","url":"https:\/\/www.lojacarita.com.br\/loja\/","name":"Loja C\u00e1rita","description":"Amai-vos e instrui-vos! Esp\u00edrito de Verdade","publisher":{"@id":"https:\/\/www.lojacarita.com.br\/loja\/#organization"},"potentialAction":[{"@type":"SearchAction","target":{"@type":"EntryPoint","urlTemplate":"https:\/\/www.lojacarita.com.br\/loja\/?s={search_term_string}"},"query-input":{"@type":"PropertyValueSpecification","valueRequired":true,"valueName":"search_term_string"}}],"inLanguage":"pt-BR"},{"@type":"Organization","@id":"https:\/\/www.lojacarita.com.br\/loja\/#organization","name":"Loja C\u00e1rita","url":"https:\/\/www.lojacarita.com.br\/loja\/","logo":{"@type":"ImageObject","inLanguage":"pt-BR","@id":"https:\/\/www.lojacarita.com.br\/loja\/#\/schema\/logo\/image\/","url":"http:\/\/www.lojacarita.com.br\/loja2021\/wp-content\/uploads\/2021\/05\/favicon.png","contentUrl":"http:\/\/www.lojacarita.com.br\/loja2021\/wp-content\/uploads\/2021\/05\/favicon.png","width":512,"height":512,"caption":"Loja C\u00e1rita"},"image":{"@id":"https:\/\/www.lojacarita.com.br\/loja\/#\/schema\/logo\/image\/"}}]}},"_links":{"self":[{"href":"https:\/\/www.lojacarita.com.br\/loja\/wp-json\/wp\/v2\/product\/458","targetHints":{"allow":["GET"]}}],"collection":[{"href":"https:\/\/www.lojacarita.com.br\/loja\/wp-json\/wp\/v2\/product"}],"about":[{"href":"https:\/\/www.lojacarita.com.br\/loja\/wp-json\/wp\/v2\/types\/product"}],"wp:featuredmedia":[{"embeddable":true,"href":"https:\/\/www.lojacarita.com.br\/loja\/wp-json\/wp\/v2\/media\/459"}],"wp:attachment":[{"href":"https:\/\/www.lojacarita.com.br\/loja\/wp-json\/wp\/v2\/media?parent=458"}],"wp:term":[{"taxonomy":"product_brand","embeddable":true,"href":"https:\/\/www.lojacarita.com.br\/loja\/wp-json\/wp\/v2\/product_brand?post=458"},{"taxonomy":"product_cat","embeddable":true,"href":"https:\/\/www.lojacarita.com.br\/loja\/wp-json\/wp\/v2\/product_cat?post=458"},{"taxonomy":"product_tag","embeddable":true,"href":"https:\/\/www.lojacarita.com.br\/loja\/wp-json\/wp\/v2\/product_tag?post=458"}],"curies":[{"name":"wp","href":"https:\/\/api.w.org\/{rel}","templated":true}]}}