{"id":456,"date":"2021-06-25T19:01:20","date_gmt":"2021-06-25T22:01:20","guid":{"rendered":"http:\/\/www.lojacarita.com.br\/loja2021\/?post_type=product&#038;p=456"},"modified":"2025-10-15T19:48:26","modified_gmt":"2025-10-15T22:48:26","slug":"yoshua-14","status":"publish","type":"product","link":"https:\/\/www.lojacarita.com.br\/loja\/product\/yoshua-14\/","title":{"rendered":"Yoshua 14"},"content":{"rendered":"<h4>Yoshua 14<\/h4>\n<h4>Esp\u00edrito Eur\u00edpedes Barsanulfo, m\u00e9dium Eliana dos Santos<\/h4>\n<h3>Produto Esgotado!<\/h3>\n<p>Prosa po\u00e9tica. Colet\u00e2nea de mensagens recebidas durante 2010. Abrir a cada dia! O p\u00e3o nosso dai-nos hoje!<\/p>\n<p>Deus \u00e9 bom! As d\u00e1divas se somam, uma traz outra, cinquenta e dois semanas. E um ano mais, C\u00e1rita Editora expressa a sua imensa alegria, na concretiza\u00e7\u00e3o de esta colet\u00e2nea. Yoshua XIV, 468 p\u00e1ginas que fazem poss\u00edvel o reencontro com as cinquenta e dois Boas Novas do ano 2010, produto da benevol\u00eancia divina:<\/p>\n<blockquote><p>A medida n\u00e3o se esgota\u2026 Qual pequeno copo sob as \u00e1guas que se derramam de uma torneira aberta, assim \u00e9 a benevol\u00eancia de Deus: continuamente derrama-se, derrama-se, derrama-se em d\u00e1divas, em oportunidades redentoras.<\/p>\n<p>Benevol\u00eancia e F\u00e9! (Boa Nova 663 do 02\/07\/2010).<\/p><\/blockquote>\n","protected":false},"excerpt":{"rendered":"<p>Yoshua 14 Esp\u00edrito Eur\u00edpedes Barsanulfo, m\u00e9dium Eliana dos Santos Produto Esgotado! Prosa po\u00e9tica. Colet\u00e2nea de mensagens recebidas durante 2010. Abrir a cada dia! O p\u00e3o nosso dai-nos hoje! Deus \u00e9 bom! As d\u00e1divas se somam, uma traz outra, cinquenta e dois semanas. E um ano mais, C\u00e1rita Editora expressa a sua imensa alegria, na concretiza\u00e7\u00e3o &hellip; <a href=\"https:\/\/www.lojacarita.com.br\/loja\/product\/yoshua-14\/\">Continua<\/a><\/p>\n","protected":false},"featured_media":457,"template":"","meta":[],"product_brand":[],"product_cat":[54,53,48],"product_tag":[],"class_list":{"0":"post-456","1":"product","2":"type-product","3":"status-publish","4":"has-post-thumbnail","6":"product_cat-colecao-fisica","7":"product_cat-euripedes-barsanulfo","8":"product_cat-livros","10":"first","11":"instock","12":"sale","13":"shipping-taxable","14":"purchasable","15":"product-type-simple"},"acf":[],"yoast_head":"<!-- This site is optimized with the Yoast SEO plugin v27.4 - https:\/\/yoast.com\/product\/yoast-seo-wordpress\/ -->\n<title>Yoshua 14 - Loja C\u00e1rita<\/title>\n<meta name=\"robots\" content=\"index, follow, max-snippet:-1, max-image-preview:large, max-video-preview:-1\" \/>\n<link rel=\"canonical\" href=\"https:\/\/www.lojacarita.com.br\/loja\/product\/yoshua-14\/\" \/>\n<meta property=\"og:locale\" content=\"pt_BR\" \/>\n<meta property=\"og:type\" content=\"article\" \/>\n<meta property=\"og:title\" content=\"Yoshua 14 - Loja C\u00e1rita\" \/>\n<meta property=\"og:description\" content=\"Yoshua 14 Esp\u00edrito Eur\u00edpedes Barsanulfo, m\u00e9dium Eliana dos Santos Produto Esgotado! Prosa po\u00e9tica. Colet\u00e2nea de mensagens recebidas durante 2010. Abrir a cada dia! O p\u00e3o nosso dai-nos hoje! Deus \u00e9 bom! As d\u00e1divas se somam, uma traz outra, cinquenta e dois semanas. E um ano mais, C\u00e1rita Editora expressa a sua imensa alegria, na concretiza\u00e7\u00e3o &hellip; Continua\" \/>\n<meta property=\"og:url\" content=\"https:\/\/www.lojacarita.com.br\/loja\/product\/yoshua-14\/\" \/>\n<meta property=\"og:site_name\" content=\"Loja C\u00e1rita\" \/>\n<meta property=\"article:modified_time\" content=\"2025-10-15T22:48:26+00:00\" \/>\n<meta property=\"og:image\" content=\"https:\/\/www.lojacarita.com.br\/loja\/wp-content\/uploads\/2021\/06\/14yoshua-14-500x500-1.png\" \/>\n\t<meta property=\"og:image:width\" content=\"500\" \/>\n\t<meta property=\"og:image:height\" content=\"500\" \/>\n\t<meta property=\"og:image:type\" content=\"image\/png\" \/>\n<meta name=\"twitter:card\" content=\"summary_large_image\" \/>\n<meta name=\"twitter:label1\" content=\"Est. tempo de leitura\" \/>\n\t<meta name=\"twitter:data1\" content=\"1 minuto\" \/>\n<script type=\"application\/ld+json\" class=\"yoast-schema-graph\">{\"@context\":\"https:\\\/\\\/schema.org\",\"@graph\":[{\"@type\":\"WebPage\",\"@id\":\"https:\\\/\\\/www.lojacarita.com.br\\\/loja\\\/product\\\/yoshua-14\\\/\",\"url\":\"https:\\\/\\\/www.lojacarita.com.br\\\/loja\\\/product\\\/yoshua-14\\\/\",\"name\":\"Yoshua 14 - Loja C\u00e1rita\",\"isPartOf\":{\"@id\":\"https:\\\/\\\/www.lojacarita.com.br\\\/loja\\\/#website\"},\"primaryImageOfPage\":{\"@id\":\"https:\\\/\\\/www.lojacarita.com.br\\\/loja\\\/product\\\/yoshua-14\\\/#primaryimage\"},\"image\":{\"@id\":\"https:\\\/\\\/www.lojacarita.com.br\\\/loja\\\/product\\\/yoshua-14\\\/#primaryimage\"},\"thumbnailUrl\":\"https:\\\/\\\/www.lojacarita.com.br\\\/loja\\\/wp-content\\\/uploads\\\/2021\\\/06\\\/14yoshua-14-500x500-1.png\",\"datePublished\":\"2021-06-25T22:01:20+00:00\",\"dateModified\":\"2025-10-15T22:48:26+00:00\",\"breadcrumb\":{\"@id\":\"https:\\\/\\\/www.lojacarita.com.br\\\/loja\\\/product\\\/yoshua-14\\\/#breadcrumb\"},\"inLanguage\":\"pt-BR\",\"potentialAction\":[{\"@type\":\"ReadAction\",\"target\":[\"https:\\\/\\\/www.lojacarita.com.br\\\/loja\\\/product\\\/yoshua-14\\\/\"]}]},{\"@type\":\"ImageObject\",\"inLanguage\":\"pt-BR\",\"@id\":\"https:\\\/\\\/www.lojacarita.com.br\\\/loja\\\/product\\\/yoshua-14\\\/#primaryimage\",\"url\":\"https:\\\/\\\/www.lojacarita.com.br\\\/loja\\\/wp-content\\\/uploads\\\/2021\\\/06\\\/14yoshua-14-500x500-1.png\",\"contentUrl\":\"https:\\\/\\\/www.lojacarita.com.br\\\/loja\\\/wp-content\\\/uploads\\\/2021\\\/06\\\/14yoshua-14-500x500-1.png\",\"width\":500,\"height\":500},{\"@type\":\"BreadcrumbList\",\"@id\":\"https:\\\/\\\/www.lojacarita.com.br\\\/loja\\\/product\\\/yoshua-14\\\/#breadcrumb\",\"itemListElement\":[{\"@type\":\"ListItem\",\"position\":1,\"name\":\"In\u00edcio\",\"item\":\"https:\\\/\\\/www.lojacarita.com.br\\\/loja\\\/\"},{\"@type\":\"ListItem\",\"position\":2,\"name\":\"Produtos\",\"item\":\"https:\\\/\\\/www.lojacarita.com.br\\\/loja\\\/nossos-produtos\\\/\"},{\"@type\":\"ListItem\",\"position\":3,\"name\":\"Yoshua 14\"}]},{\"@type\":\"WebSite\",\"@id\":\"https:\\\/\\\/www.lojacarita.com.br\\\/loja\\\/#website\",\"url\":\"https:\\\/\\\/www.lojacarita.com.br\\\/loja\\\/\",\"name\":\"Loja C\u00e1rita\",\"description\":\"Amai-vos e instrui-vos! Esp\u00edrito de Verdade\",\"publisher\":{\"@id\":\"https:\\\/\\\/www.lojacarita.com.br\\\/loja\\\/#organization\"},\"potentialAction\":[{\"@type\":\"SearchAction\",\"target\":{\"@type\":\"EntryPoint\",\"urlTemplate\":\"https:\\\/\\\/www.lojacarita.com.br\\\/loja\\\/?s={search_term_string}\"},\"query-input\":{\"@type\":\"PropertyValueSpecification\",\"valueRequired\":true,\"valueName\":\"search_term_string\"}}],\"inLanguage\":\"pt-BR\"},{\"@type\":\"Organization\",\"@id\":\"https:\\\/\\\/www.lojacarita.com.br\\\/loja\\\/#organization\",\"name\":\"Loja C\u00e1rita\",\"url\":\"https:\\\/\\\/www.lojacarita.com.br\\\/loja\\\/\",\"logo\":{\"@type\":\"ImageObject\",\"inLanguage\":\"pt-BR\",\"@id\":\"https:\\\/\\\/www.lojacarita.com.br\\\/loja\\\/#\\\/schema\\\/logo\\\/image\\\/\",\"url\":\"http:\\\/\\\/www.lojacarita.com.br\\\/loja2021\\\/wp-content\\\/uploads\\\/2021\\\/05\\\/favicon.png\",\"contentUrl\":\"http:\\\/\\\/www.lojacarita.com.br\\\/loja2021\\\/wp-content\\\/uploads\\\/2021\\\/05\\\/favicon.png\",\"width\":512,\"height\":512,\"caption\":\"Loja C\u00e1rita\"},\"image\":{\"@id\":\"https:\\\/\\\/www.lojacarita.com.br\\\/loja\\\/#\\\/schema\\\/logo\\\/image\\\/\"}}]}<\/script>\n<!-- \/ Yoast SEO plugin. -->","yoast_head_json":{"title":"Yoshua 14 - Loja C\u00e1rita","robots":{"index":"index","follow":"follow","max-snippet":"max-snippet:-1","max-image-preview":"max-image-preview:large","max-video-preview":"max-video-preview:-1"},"canonical":"https:\/\/www.lojacarita.com.br\/loja\/product\/yoshua-14\/","og_locale":"pt_BR","og_type":"article","og_title":"Yoshua 14 - Loja C\u00e1rita","og_description":"Yoshua 14 Esp\u00edrito Eur\u00edpedes Barsanulfo, m\u00e9dium Eliana dos Santos Produto Esgotado! Prosa po\u00e9tica. Colet\u00e2nea de mensagens recebidas durante 2010. Abrir a cada dia! O p\u00e3o nosso dai-nos hoje! Deus \u00e9 bom! As d\u00e1divas se somam, uma traz outra, cinquenta e dois semanas. E um ano mais, C\u00e1rita Editora expressa a sua imensa alegria, na concretiza\u00e7\u00e3o &hellip; Continua","og_url":"https:\/\/www.lojacarita.com.br\/loja\/product\/yoshua-14\/","og_site_name":"Loja C\u00e1rita","article_modified_time":"2025-10-15T22:48:26+00:00","og_image":[{"width":500,"height":500,"url":"https:\/\/www.lojacarita.com.br\/loja\/wp-content\/uploads\/2021\/06\/14yoshua-14-500x500-1.png","type":"image\/png"}],"twitter_card":"summary_large_image","twitter_misc":{"Est. tempo de leitura":"1 minuto"},"schema":{"@context":"https:\/\/schema.org","@graph":[{"@type":"WebPage","@id":"https:\/\/www.lojacarita.com.br\/loja\/product\/yoshua-14\/","url":"https:\/\/www.lojacarita.com.br\/loja\/product\/yoshua-14\/","name":"Yoshua 14 - Loja C\u00e1rita","isPartOf":{"@id":"https:\/\/www.lojacarita.com.br\/loja\/#website"},"primaryImageOfPage":{"@id":"https:\/\/www.lojacarita.com.br\/loja\/product\/yoshua-14\/#primaryimage"},"image":{"@id":"https:\/\/www.lojacarita.com.br\/loja\/product\/yoshua-14\/#primaryimage"},"thumbnailUrl":"https:\/\/www.lojacarita.com.br\/loja\/wp-content\/uploads\/2021\/06\/14yoshua-14-500x500-1.png","datePublished":"2021-06-25T22:01:20+00:00","dateModified":"2025-10-15T22:48:26+00:00","breadcrumb":{"@id":"https:\/\/www.lojacarita.com.br\/loja\/product\/yoshua-14\/#breadcrumb"},"inLanguage":"pt-BR","potentialAction":[{"@type":"ReadAction","target":["https:\/\/www.lojacarita.com.br\/loja\/product\/yoshua-14\/"]}]},{"@type":"ImageObject","inLanguage":"pt-BR","@id":"https:\/\/www.lojacarita.com.br\/loja\/product\/yoshua-14\/#primaryimage","url":"https:\/\/www.lojacarita.com.br\/loja\/wp-content\/uploads\/2021\/06\/14yoshua-14-500x500-1.png","contentUrl":"https:\/\/www.lojacarita.com.br\/loja\/wp-content\/uploads\/2021\/06\/14yoshua-14-500x500-1.png","width":500,"height":500},{"@type":"BreadcrumbList","@id":"https:\/\/www.lojacarita.com.br\/loja\/product\/yoshua-14\/#breadcrumb","itemListElement":[{"@type":"ListItem","position":1,"name":"In\u00edcio","item":"https:\/\/www.lojacarita.com.br\/loja\/"},{"@type":"ListItem","position":2,"name":"Produtos","item":"https:\/\/www.lojacarita.com.br\/loja\/nossos-produtos\/"},{"@type":"ListItem","position":3,"name":"Yoshua 14"}]},{"@type":"WebSite","@id":"https:\/\/www.lojacarita.com.br\/loja\/#website","url":"https:\/\/www.lojacarita.com.br\/loja\/","name":"Loja C\u00e1rita","description":"Amai-vos e instrui-vos! Esp\u00edrito de Verdade","publisher":{"@id":"https:\/\/www.lojacarita.com.br\/loja\/#organization"},"potentialAction":[{"@type":"SearchAction","target":{"@type":"EntryPoint","urlTemplate":"https:\/\/www.lojacarita.com.br\/loja\/?s={search_term_string}"},"query-input":{"@type":"PropertyValueSpecification","valueRequired":true,"valueName":"search_term_string"}}],"inLanguage":"pt-BR"},{"@type":"Organization","@id":"https:\/\/www.lojacarita.com.br\/loja\/#organization","name":"Loja C\u00e1rita","url":"https:\/\/www.lojacarita.com.br\/loja\/","logo":{"@type":"ImageObject","inLanguage":"pt-BR","@id":"https:\/\/www.lojacarita.com.br\/loja\/#\/schema\/logo\/image\/","url":"http:\/\/www.lojacarita.com.br\/loja2021\/wp-content\/uploads\/2021\/05\/favicon.png","contentUrl":"http:\/\/www.lojacarita.com.br\/loja2021\/wp-content\/uploads\/2021\/05\/favicon.png","width":512,"height":512,"caption":"Loja C\u00e1rita"},"image":{"@id":"https:\/\/www.lojacarita.com.br\/loja\/#\/schema\/logo\/image\/"}}]}},"_links":{"self":[{"href":"https:\/\/www.lojacarita.com.br\/loja\/wp-json\/wp\/v2\/product\/456","targetHints":{"allow":["GET"]}}],"collection":[{"href":"https:\/\/www.lojacarita.com.br\/loja\/wp-json\/wp\/v2\/product"}],"about":[{"href":"https:\/\/www.lojacarita.com.br\/loja\/wp-json\/wp\/v2\/types\/product"}],"wp:featuredmedia":[{"embeddable":true,"href":"https:\/\/www.lojacarita.com.br\/loja\/wp-json\/wp\/v2\/media\/457"}],"wp:attachment":[{"href":"https:\/\/www.lojacarita.com.br\/loja\/wp-json\/wp\/v2\/media?parent=456"}],"wp:term":[{"taxonomy":"product_brand","embeddable":true,"href":"https:\/\/www.lojacarita.com.br\/loja\/wp-json\/wp\/v2\/product_brand?post=456"},{"taxonomy":"product_cat","embeddable":true,"href":"https:\/\/www.lojacarita.com.br\/loja\/wp-json\/wp\/v2\/product_cat?post=456"},{"taxonomy":"product_tag","embeddable":true,"href":"https:\/\/www.lojacarita.com.br\/loja\/wp-json\/wp\/v2\/product_tag?post=456"}],"curies":[{"name":"wp","href":"https:\/\/api.w.org\/{rel}","templated":true}]}}