{"id":418,"date":"2021-06-25T16:35:03","date_gmt":"2021-06-25T19:35:03","guid":{"rendered":"http:\/\/www.lojacarita.com.br\/loja2021\/?post_type=product&#038;p=418"},"modified":"2024-09-26T12:29:38","modified_gmt":"2024-09-26T15:29:38","slug":"dialogo-com-allan-kardec-e-chico-xavier-2","status":"publish","type":"product","link":"https:\/\/www.lojacarita.com.br\/loja\/product\/dialogo-com-allan-kardec-e-chico-xavier-2\/","title":{"rendered":"Di\u00e1logo com Allan Kardec e Chico Xavier"},"content":{"rendered":"<h4>Di\u00e1logo com Allan Kardec e Chico Xavier<\/h4>\n<h4>Severino Ant\u00f4nio<\/h4>\n<blockquote><p>&#8220;Atravessando as falas, vamos reconhecendo princ\u00edpios fundamentais da concep\u00e7\u00e3o esp\u00edrita. Nossas exist\u00eancias se movem no infinito, cada pessoa nasce com um projeto, uma miss\u00e3o, cujo significado quase sempre desconhecemos. Muitas vezes nascemos, morremos e renascemos, muitas vezes vivemos, em nossa travessia para o Amor absoluto. Cada um dos destinos \u00e9 uma possibilidade &#8211; sempre recome\u00e7ada &#8211; de evoluir em conhecimento, sensibilidade, comunh\u00e3o amorosa. Possibilidade de curar a alma, resgatar a luz, reparar erros, fazer o que devia ter sido mas que n\u00e3o foi, reencontrar o amor&#8221;.<br \/>\nSeverino Ant\u00f4nio<\/p><\/blockquote>\n","protected":false},"excerpt":{"rendered":"<p>Di\u00e1logo com Allan Kardec e Chico Xavier Severino Ant\u00f4nio &#8220;Atravessando as falas, vamos reconhecendo princ\u00edpios fundamentais da concep\u00e7\u00e3o esp\u00edrita. Nossas exist\u00eancias se movem no infinito, cada pessoa nasce com um projeto, uma miss\u00e3o, cujo significado quase sempre desconhecemos. Muitas vezes nascemos, morremos e renascemos, muitas vezes vivemos, em nossa travessia para o Amor absoluto. Cada &hellip; <a href=\"https:\/\/www.lojacarita.com.br\/loja\/product\/dialogo-com-allan-kardec-e-chico-xavier-2\/\">Continua<\/a><\/p>\n","protected":false},"featured_media":419,"template":"","meta":[],"product_brand":[],"product_cat":[55,48],"product_tag":[],"class_list":{"0":"post-418","1":"product","2":"type-product","3":"status-publish","4":"has-post-thumbnail","6":"product_cat-diversos","7":"product_cat-livros","9":"first","10":"instock","11":"sale","12":"shipping-taxable","13":"purchasable","14":"product-type-simple"},"acf":[],"yoast_head":"<!-- This site is optimized with the Yoast SEO plugin v27.4 - https:\/\/yoast.com\/product\/yoast-seo-wordpress\/ -->\n<title>Di\u00e1logo com Allan Kardec e Chico Xavier - Loja C\u00e1rita<\/title>\n<meta name=\"robots\" content=\"index, follow, max-snippet:-1, max-image-preview:large, max-video-preview:-1\" \/>\n<link rel=\"canonical\" href=\"https:\/\/www.lojacarita.com.br\/loja\/product\/dialogo-com-allan-kardec-e-chico-xavier-2\/\" \/>\n<meta property=\"og:locale\" content=\"pt_BR\" \/>\n<meta property=\"og:type\" content=\"article\" \/>\n<meta property=\"og:title\" content=\"Di\u00e1logo com Allan Kardec e Chico Xavier - Loja C\u00e1rita\" \/>\n<meta property=\"og:description\" content=\"Di\u00e1logo com Allan Kardec e Chico Xavier Severino Ant\u00f4nio &#8220;Atravessando as falas, vamos reconhecendo princ\u00edpios fundamentais da concep\u00e7\u00e3o esp\u00edrita. Nossas exist\u00eancias se movem no infinito, cada pessoa nasce com um projeto, uma miss\u00e3o, cujo significado quase sempre desconhecemos. Muitas vezes nascemos, morremos e renascemos, muitas vezes vivemos, em nossa travessia para o Amor absoluto. Cada &hellip; Continua\" \/>\n<meta property=\"og:url\" content=\"https:\/\/www.lojacarita.com.br\/loja\/product\/dialogo-com-allan-kardec-e-chico-xavier-2\/\" \/>\n<meta property=\"og:site_name\" content=\"Loja C\u00e1rita\" \/>\n<meta property=\"article:modified_time\" content=\"2024-09-26T15:29:38+00:00\" \/>\n<meta property=\"og:image\" content=\"https:\/\/www.lojacarita.com.br\/loja\/wp-content\/uploads\/2021\/06\/1dialogo-kardec-chico-xavier-500x500-1.png\" \/>\n\t<meta property=\"og:image:width\" content=\"500\" \/>\n\t<meta property=\"og:image:height\" content=\"500\" \/>\n\t<meta property=\"og:image:type\" content=\"image\/png\" \/>\n<meta name=\"twitter:card\" content=\"summary_large_image\" \/>\n<meta name=\"twitter:label1\" content=\"Est. tempo de leitura\" \/>\n\t<meta name=\"twitter:data1\" content=\"1 minuto\" \/>\n<script type=\"application\/ld+json\" class=\"yoast-schema-graph\">{\"@context\":\"https:\\\/\\\/schema.org\",\"@graph\":[{\"@type\":\"WebPage\",\"@id\":\"https:\\\/\\\/www.lojacarita.com.br\\\/loja\\\/product\\\/dialogo-com-allan-kardec-e-chico-xavier-2\\\/\",\"url\":\"https:\\\/\\\/www.lojacarita.com.br\\\/loja\\\/product\\\/dialogo-com-allan-kardec-e-chico-xavier-2\\\/\",\"name\":\"Di\u00e1logo com Allan Kardec e Chico Xavier - Loja C\u00e1rita\",\"isPartOf\":{\"@id\":\"https:\\\/\\\/www.lojacarita.com.br\\\/loja\\\/#website\"},\"primaryImageOfPage\":{\"@id\":\"https:\\\/\\\/www.lojacarita.com.br\\\/loja\\\/product\\\/dialogo-com-allan-kardec-e-chico-xavier-2\\\/#primaryimage\"},\"image\":{\"@id\":\"https:\\\/\\\/www.lojacarita.com.br\\\/loja\\\/product\\\/dialogo-com-allan-kardec-e-chico-xavier-2\\\/#primaryimage\"},\"thumbnailUrl\":\"https:\\\/\\\/www.lojacarita.com.br\\\/loja\\\/wp-content\\\/uploads\\\/2021\\\/06\\\/1dialogo-kardec-chico-xavier-500x500-1.png\",\"datePublished\":\"2021-06-25T19:35:03+00:00\",\"dateModified\":\"2024-09-26T15:29:38+00:00\",\"breadcrumb\":{\"@id\":\"https:\\\/\\\/www.lojacarita.com.br\\\/loja\\\/product\\\/dialogo-com-allan-kardec-e-chico-xavier-2\\\/#breadcrumb\"},\"inLanguage\":\"pt-BR\",\"potentialAction\":[{\"@type\":\"ReadAction\",\"target\":[\"https:\\\/\\\/www.lojacarita.com.br\\\/loja\\\/product\\\/dialogo-com-allan-kardec-e-chico-xavier-2\\\/\"]}]},{\"@type\":\"ImageObject\",\"inLanguage\":\"pt-BR\",\"@id\":\"https:\\\/\\\/www.lojacarita.com.br\\\/loja\\\/product\\\/dialogo-com-allan-kardec-e-chico-xavier-2\\\/#primaryimage\",\"url\":\"https:\\\/\\\/www.lojacarita.com.br\\\/loja\\\/wp-content\\\/uploads\\\/2021\\\/06\\\/1dialogo-kardec-chico-xavier-500x500-1.png\",\"contentUrl\":\"https:\\\/\\\/www.lojacarita.com.br\\\/loja\\\/wp-content\\\/uploads\\\/2021\\\/06\\\/1dialogo-kardec-chico-xavier-500x500-1.png\",\"width\":500,\"height\":500},{\"@type\":\"BreadcrumbList\",\"@id\":\"https:\\\/\\\/www.lojacarita.com.br\\\/loja\\\/product\\\/dialogo-com-allan-kardec-e-chico-xavier-2\\\/#breadcrumb\",\"itemListElement\":[{\"@type\":\"ListItem\",\"position\":1,\"name\":\"In\u00edcio\",\"item\":\"https:\\\/\\\/www.lojacarita.com.br\\\/loja\\\/\"},{\"@type\":\"ListItem\",\"position\":2,\"name\":\"Produtos\",\"item\":\"https:\\\/\\\/www.lojacarita.com.br\\\/loja\\\/nossos-produtos\\\/\"},{\"@type\":\"ListItem\",\"position\":3,\"name\":\"Di\u00e1logo com Allan Kardec e Chico Xavier\"}]},{\"@type\":\"WebSite\",\"@id\":\"https:\\\/\\\/www.lojacarita.com.br\\\/loja\\\/#website\",\"url\":\"https:\\\/\\\/www.lojacarita.com.br\\\/loja\\\/\",\"name\":\"Loja C\u00e1rita\",\"description\":\"Amai-vos e instrui-vos! Esp\u00edrito de Verdade\",\"publisher\":{\"@id\":\"https:\\\/\\\/www.lojacarita.com.br\\\/loja\\\/#organization\"},\"potentialAction\":[{\"@type\":\"SearchAction\",\"target\":{\"@type\":\"EntryPoint\",\"urlTemplate\":\"https:\\\/\\\/www.lojacarita.com.br\\\/loja\\\/?s={search_term_string}\"},\"query-input\":{\"@type\":\"PropertyValueSpecification\",\"valueRequired\":true,\"valueName\":\"search_term_string\"}}],\"inLanguage\":\"pt-BR\"},{\"@type\":\"Organization\",\"@id\":\"https:\\\/\\\/www.lojacarita.com.br\\\/loja\\\/#organization\",\"name\":\"Loja C\u00e1rita\",\"url\":\"https:\\\/\\\/www.lojacarita.com.br\\\/loja\\\/\",\"logo\":{\"@type\":\"ImageObject\",\"inLanguage\":\"pt-BR\",\"@id\":\"https:\\\/\\\/www.lojacarita.com.br\\\/loja\\\/#\\\/schema\\\/logo\\\/image\\\/\",\"url\":\"http:\\\/\\\/www.lojacarita.com.br\\\/loja2021\\\/wp-content\\\/uploads\\\/2021\\\/05\\\/favicon.png\",\"contentUrl\":\"http:\\\/\\\/www.lojacarita.com.br\\\/loja2021\\\/wp-content\\\/uploads\\\/2021\\\/05\\\/favicon.png\",\"width\":512,\"height\":512,\"caption\":\"Loja C\u00e1rita\"},\"image\":{\"@id\":\"https:\\\/\\\/www.lojacarita.com.br\\\/loja\\\/#\\\/schema\\\/logo\\\/image\\\/\"}}]}<\/script>\n<!-- \/ Yoast SEO plugin. -->","yoast_head_json":{"title":"Di\u00e1logo com Allan Kardec e Chico Xavier - Loja C\u00e1rita","robots":{"index":"index","follow":"follow","max-snippet":"max-snippet:-1","max-image-preview":"max-image-preview:large","max-video-preview":"max-video-preview:-1"},"canonical":"https:\/\/www.lojacarita.com.br\/loja\/product\/dialogo-com-allan-kardec-e-chico-xavier-2\/","og_locale":"pt_BR","og_type":"article","og_title":"Di\u00e1logo com Allan Kardec e Chico Xavier - Loja C\u00e1rita","og_description":"Di\u00e1logo com Allan Kardec e Chico Xavier Severino Ant\u00f4nio &#8220;Atravessando as falas, vamos reconhecendo princ\u00edpios fundamentais da concep\u00e7\u00e3o esp\u00edrita. Nossas exist\u00eancias se movem no infinito, cada pessoa nasce com um projeto, uma miss\u00e3o, cujo significado quase sempre desconhecemos. Muitas vezes nascemos, morremos e renascemos, muitas vezes vivemos, em nossa travessia para o Amor absoluto. Cada &hellip; Continua","og_url":"https:\/\/www.lojacarita.com.br\/loja\/product\/dialogo-com-allan-kardec-e-chico-xavier-2\/","og_site_name":"Loja C\u00e1rita","article_modified_time":"2024-09-26T15:29:38+00:00","og_image":[{"width":500,"height":500,"url":"https:\/\/www.lojacarita.com.br\/loja\/wp-content\/uploads\/2021\/06\/1dialogo-kardec-chico-xavier-500x500-1.png","type":"image\/png"}],"twitter_card":"summary_large_image","twitter_misc":{"Est. tempo de leitura":"1 minuto"},"schema":{"@context":"https:\/\/schema.org","@graph":[{"@type":"WebPage","@id":"https:\/\/www.lojacarita.com.br\/loja\/product\/dialogo-com-allan-kardec-e-chico-xavier-2\/","url":"https:\/\/www.lojacarita.com.br\/loja\/product\/dialogo-com-allan-kardec-e-chico-xavier-2\/","name":"Di\u00e1logo com Allan Kardec e Chico Xavier - Loja C\u00e1rita","isPartOf":{"@id":"https:\/\/www.lojacarita.com.br\/loja\/#website"},"primaryImageOfPage":{"@id":"https:\/\/www.lojacarita.com.br\/loja\/product\/dialogo-com-allan-kardec-e-chico-xavier-2\/#primaryimage"},"image":{"@id":"https:\/\/www.lojacarita.com.br\/loja\/product\/dialogo-com-allan-kardec-e-chico-xavier-2\/#primaryimage"},"thumbnailUrl":"https:\/\/www.lojacarita.com.br\/loja\/wp-content\/uploads\/2021\/06\/1dialogo-kardec-chico-xavier-500x500-1.png","datePublished":"2021-06-25T19:35:03+00:00","dateModified":"2024-09-26T15:29:38+00:00","breadcrumb":{"@id":"https:\/\/www.lojacarita.com.br\/loja\/product\/dialogo-com-allan-kardec-e-chico-xavier-2\/#breadcrumb"},"inLanguage":"pt-BR","potentialAction":[{"@type":"ReadAction","target":["https:\/\/www.lojacarita.com.br\/loja\/product\/dialogo-com-allan-kardec-e-chico-xavier-2\/"]}]},{"@type":"ImageObject","inLanguage":"pt-BR","@id":"https:\/\/www.lojacarita.com.br\/loja\/product\/dialogo-com-allan-kardec-e-chico-xavier-2\/#primaryimage","url":"https:\/\/www.lojacarita.com.br\/loja\/wp-content\/uploads\/2021\/06\/1dialogo-kardec-chico-xavier-500x500-1.png","contentUrl":"https:\/\/www.lojacarita.com.br\/loja\/wp-content\/uploads\/2021\/06\/1dialogo-kardec-chico-xavier-500x500-1.png","width":500,"height":500},{"@type":"BreadcrumbList","@id":"https:\/\/www.lojacarita.com.br\/loja\/product\/dialogo-com-allan-kardec-e-chico-xavier-2\/#breadcrumb","itemListElement":[{"@type":"ListItem","position":1,"name":"In\u00edcio","item":"https:\/\/www.lojacarita.com.br\/loja\/"},{"@type":"ListItem","position":2,"name":"Produtos","item":"https:\/\/www.lojacarita.com.br\/loja\/nossos-produtos\/"},{"@type":"ListItem","position":3,"name":"Di\u00e1logo com Allan Kardec e Chico Xavier"}]},{"@type":"WebSite","@id":"https:\/\/www.lojacarita.com.br\/loja\/#website","url":"https:\/\/www.lojacarita.com.br\/loja\/","name":"Loja C\u00e1rita","description":"Amai-vos e instrui-vos! Esp\u00edrito de Verdade","publisher":{"@id":"https:\/\/www.lojacarita.com.br\/loja\/#organization"},"potentialAction":[{"@type":"SearchAction","target":{"@type":"EntryPoint","urlTemplate":"https:\/\/www.lojacarita.com.br\/loja\/?s={search_term_string}"},"query-input":{"@type":"PropertyValueSpecification","valueRequired":true,"valueName":"search_term_string"}}],"inLanguage":"pt-BR"},{"@type":"Organization","@id":"https:\/\/www.lojacarita.com.br\/loja\/#organization","name":"Loja C\u00e1rita","url":"https:\/\/www.lojacarita.com.br\/loja\/","logo":{"@type":"ImageObject","inLanguage":"pt-BR","@id":"https:\/\/www.lojacarita.com.br\/loja\/#\/schema\/logo\/image\/","url":"http:\/\/www.lojacarita.com.br\/loja2021\/wp-content\/uploads\/2021\/05\/favicon.png","contentUrl":"http:\/\/www.lojacarita.com.br\/loja2021\/wp-content\/uploads\/2021\/05\/favicon.png","width":512,"height":512,"caption":"Loja C\u00e1rita"},"image":{"@id":"https:\/\/www.lojacarita.com.br\/loja\/#\/schema\/logo\/image\/"}}]}},"_links":{"self":[{"href":"https:\/\/www.lojacarita.com.br\/loja\/wp-json\/wp\/v2\/product\/418","targetHints":{"allow":["GET"]}}],"collection":[{"href":"https:\/\/www.lojacarita.com.br\/loja\/wp-json\/wp\/v2\/product"}],"about":[{"href":"https:\/\/www.lojacarita.com.br\/loja\/wp-json\/wp\/v2\/types\/product"}],"wp:featuredmedia":[{"embeddable":true,"href":"https:\/\/www.lojacarita.com.br\/loja\/wp-json\/wp\/v2\/media\/419"}],"wp:attachment":[{"href":"https:\/\/www.lojacarita.com.br\/loja\/wp-json\/wp\/v2\/media?parent=418"}],"wp:term":[{"taxonomy":"product_brand","embeddable":true,"href":"https:\/\/www.lojacarita.com.br\/loja\/wp-json\/wp\/v2\/product_brand?post=418"},{"taxonomy":"product_cat","embeddable":true,"href":"https:\/\/www.lojacarita.com.br\/loja\/wp-json\/wp\/v2\/product_cat?post=418"},{"taxonomy":"product_tag","embeddable":true,"href":"https:\/\/www.lojacarita.com.br\/loja\/wp-json\/wp\/v2\/product_tag?post=418"}],"curies":[{"name":"wp","href":"https:\/\/api.w.org\/{rel}","templated":true}]}}