{"id":416,"date":"2021-06-25T16:23:38","date_gmt":"2021-06-25T19:23:38","guid":{"rendered":"http:\/\/www.lojacarita.com.br\/loja2021\/?post_type=product&#038;p=416"},"modified":"2022-01-27T23:39:52","modified_gmt":"2022-01-28T02:39:52","slug":"o-livro-dos-espiritos-de-estudo","status":"publish","type":"product","link":"https:\/\/www.lojacarita.com.br\/loja\/product\/o-livro-dos-espiritos-de-estudo\/","title":{"rendered":"O Livro dos Esp\u00edritos de Estudo"},"content":{"rendered":"","protected":false},"excerpt":{"rendered":"<h4>O Livro dos Esp\u00edritos de Estudo<\/h4>\n<p>Edi\u00e7\u00e3o Pedag\u00f3gica, com question\u00e1rios de reflex\u00e3o. Tradu\u00e7\u00e3o para estudo no lar, na Casa Esp\u00edrita, nos Cursos de Evangeliza\u00e7\u00e3o, nas organiza\u00e7\u00f5es diversas da comunidade esp\u00edrita crist\u00e3; um texto de instru\u00e7\u00e3o&#8230;! Acompanha 1 CD contendo 36 prele\u00e7\u00f5es psicof\u00f4nicas explicando e ampliando conceitos contidos neste maravilhoso, feitas pelo esp\u00edrito Josef, preposto de Eur\u00edpides Barsanulfo, atrav\u00e9s da m\u00e9dium Eliana dos Santos. S\u00e3o mais de 28 horas de \u00e1udio, no formato MP3, do mais elevado conte\u00fado evangelizador e espiritual.<\/p>\n","protected":false},"featured_media":417,"template":"","meta":[],"product_brand":[],"product_cat":[51,48],"product_tag":[],"class_list":{"0":"post-416","1":"product","2":"type-product","3":"status-publish","4":"has-post-thumbnail","6":"product_cat-allan-kardec","7":"product_cat-livros","9":"first","10":"instock","11":"sale","12":"shipping-taxable","13":"purchasable","14":"product-type-simple"},"acf":[],"yoast_head":"<!-- This site is optimized with the Yoast SEO plugin v27.4 - https:\/\/yoast.com\/product\/yoast-seo-wordpress\/ -->\n<title>O Livro dos Esp\u00edritos de Estudo - Loja C\u00e1rita<\/title>\n<meta name=\"robots\" content=\"index, follow, max-snippet:-1, max-image-preview:large, max-video-preview:-1\" \/>\n<link rel=\"canonical\" href=\"https:\/\/www.lojacarita.com.br\/loja\/product\/o-livro-dos-espiritos-de-estudo\/\" \/>\n<meta property=\"og:locale\" content=\"pt_BR\" \/>\n<meta property=\"og:type\" content=\"article\" \/>\n<meta property=\"og:title\" content=\"O Livro dos Esp\u00edritos de Estudo - Loja C\u00e1rita\" \/>\n<meta property=\"og:description\" content=\"O Livro dos Esp\u00edritos de Estudo Edi\u00e7\u00e3o Pedag\u00f3gica, com question\u00e1rios de reflex\u00e3o. Tradu\u00e7\u00e3o para estudo no lar, na Casa Esp\u00edrita, nos Cursos de Evangeliza\u00e7\u00e3o, nas organiza\u00e7\u00f5es diversas da comunidade esp\u00edrita crist\u00e3; um texto de instru\u00e7\u00e3o...! Acompanha 1 CD contendo 36 prele\u00e7\u00f5es psicof\u00f4nicas explicando e ampliando conceitos contidos neste maravilhoso, feitas pelo esp\u00edrito Josef, preposto de Eur\u00edpides Barsanulfo, atrav\u00e9s da m\u00e9dium Eliana dos Santos. S\u00e3o mais de 28 horas de \u00e1udio, no formato MP3, do mais elevado conte\u00fado evangelizador e espiritual.\" \/>\n<meta property=\"og:url\" content=\"https:\/\/www.lojacarita.com.br\/loja\/product\/o-livro-dos-espiritos-de-estudo\/\" \/>\n<meta property=\"og:site_name\" content=\"Loja C\u00e1rita\" \/>\n<meta property=\"article:modified_time\" content=\"2022-01-28T02:39:52+00:00\" \/>\n<meta property=\"og:image\" content=\"https:\/\/www.lojacarita.com.br\/loja\/wp-content\/uploads\/2021\/06\/3livro-dos-espiritos-500x500-1.png\" \/>\n\t<meta property=\"og:image:width\" content=\"500\" \/>\n\t<meta property=\"og:image:height\" content=\"500\" \/>\n\t<meta property=\"og:image:type\" content=\"image\/png\" \/>\n<meta name=\"twitter:card\" content=\"summary_large_image\" \/>\n<script type=\"application\/ld+json\" class=\"yoast-schema-graph\">{\"@context\":\"https:\\\/\\\/schema.org\",\"@graph\":[{\"@type\":\"WebPage\",\"@id\":\"https:\\\/\\\/www.lojacarita.com.br\\\/loja\\\/product\\\/o-livro-dos-espiritos-de-estudo\\\/\",\"url\":\"https:\\\/\\\/www.lojacarita.com.br\\\/loja\\\/product\\\/o-livro-dos-espiritos-de-estudo\\\/\",\"name\":\"O Livro dos Esp\u00edritos de Estudo - Loja C\u00e1rita\",\"isPartOf\":{\"@id\":\"https:\\\/\\\/www.lojacarita.com.br\\\/loja\\\/#website\"},\"primaryImageOfPage\":{\"@id\":\"https:\\\/\\\/www.lojacarita.com.br\\\/loja\\\/product\\\/o-livro-dos-espiritos-de-estudo\\\/#primaryimage\"},\"image\":{\"@id\":\"https:\\\/\\\/www.lojacarita.com.br\\\/loja\\\/product\\\/o-livro-dos-espiritos-de-estudo\\\/#primaryimage\"},\"thumbnailUrl\":\"https:\\\/\\\/www.lojacarita.com.br\\\/loja\\\/wp-content\\\/uploads\\\/2021\\\/06\\\/3livro-dos-espiritos-500x500-1.png\",\"datePublished\":\"2021-06-25T19:23:38+00:00\",\"dateModified\":\"2022-01-28T02:39:52+00:00\",\"breadcrumb\":{\"@id\":\"https:\\\/\\\/www.lojacarita.com.br\\\/loja\\\/product\\\/o-livro-dos-espiritos-de-estudo\\\/#breadcrumb\"},\"inLanguage\":\"pt-BR\",\"potentialAction\":[{\"@type\":\"ReadAction\",\"target\":[\"https:\\\/\\\/www.lojacarita.com.br\\\/loja\\\/product\\\/o-livro-dos-espiritos-de-estudo\\\/\"]}]},{\"@type\":\"ImageObject\",\"inLanguage\":\"pt-BR\",\"@id\":\"https:\\\/\\\/www.lojacarita.com.br\\\/loja\\\/product\\\/o-livro-dos-espiritos-de-estudo\\\/#primaryimage\",\"url\":\"https:\\\/\\\/www.lojacarita.com.br\\\/loja\\\/wp-content\\\/uploads\\\/2021\\\/06\\\/3livro-dos-espiritos-500x500-1.png\",\"contentUrl\":\"https:\\\/\\\/www.lojacarita.com.br\\\/loja\\\/wp-content\\\/uploads\\\/2021\\\/06\\\/3livro-dos-espiritos-500x500-1.png\",\"width\":500,\"height\":500},{\"@type\":\"BreadcrumbList\",\"@id\":\"https:\\\/\\\/www.lojacarita.com.br\\\/loja\\\/product\\\/o-livro-dos-espiritos-de-estudo\\\/#breadcrumb\",\"itemListElement\":[{\"@type\":\"ListItem\",\"position\":1,\"name\":\"In\u00edcio\",\"item\":\"https:\\\/\\\/www.lojacarita.com.br\\\/loja\\\/\"},{\"@type\":\"ListItem\",\"position\":2,\"name\":\"Produtos\",\"item\":\"https:\\\/\\\/www.lojacarita.com.br\\\/loja\\\/nossos-produtos\\\/\"},{\"@type\":\"ListItem\",\"position\":3,\"name\":\"O Livro dos Esp\u00edritos de Estudo\"}]},{\"@type\":\"WebSite\",\"@id\":\"https:\\\/\\\/www.lojacarita.com.br\\\/loja\\\/#website\",\"url\":\"https:\\\/\\\/www.lojacarita.com.br\\\/loja\\\/\",\"name\":\"Loja C\u00e1rita\",\"description\":\"Amai-vos e instrui-vos! Esp\u00edrito de Verdade\",\"publisher\":{\"@id\":\"https:\\\/\\\/www.lojacarita.com.br\\\/loja\\\/#organization\"},\"potentialAction\":[{\"@type\":\"SearchAction\",\"target\":{\"@type\":\"EntryPoint\",\"urlTemplate\":\"https:\\\/\\\/www.lojacarita.com.br\\\/loja\\\/?s={search_term_string}\"},\"query-input\":{\"@type\":\"PropertyValueSpecification\",\"valueRequired\":true,\"valueName\":\"search_term_string\"}}],\"inLanguage\":\"pt-BR\"},{\"@type\":\"Organization\",\"@id\":\"https:\\\/\\\/www.lojacarita.com.br\\\/loja\\\/#organization\",\"name\":\"Loja C\u00e1rita\",\"url\":\"https:\\\/\\\/www.lojacarita.com.br\\\/loja\\\/\",\"logo\":{\"@type\":\"ImageObject\",\"inLanguage\":\"pt-BR\",\"@id\":\"https:\\\/\\\/www.lojacarita.com.br\\\/loja\\\/#\\\/schema\\\/logo\\\/image\\\/\",\"url\":\"http:\\\/\\\/www.lojacarita.com.br\\\/loja2021\\\/wp-content\\\/uploads\\\/2021\\\/05\\\/favicon.png\",\"contentUrl\":\"http:\\\/\\\/www.lojacarita.com.br\\\/loja2021\\\/wp-content\\\/uploads\\\/2021\\\/05\\\/favicon.png\",\"width\":512,\"height\":512,\"caption\":\"Loja C\u00e1rita\"},\"image\":{\"@id\":\"https:\\\/\\\/www.lojacarita.com.br\\\/loja\\\/#\\\/schema\\\/logo\\\/image\\\/\"}}]}<\/script>\n<!-- \/ Yoast SEO plugin. -->","yoast_head_json":{"title":"O Livro dos Esp\u00edritos de Estudo - Loja C\u00e1rita","robots":{"index":"index","follow":"follow","max-snippet":"max-snippet:-1","max-image-preview":"max-image-preview:large","max-video-preview":"max-video-preview:-1"},"canonical":"https:\/\/www.lojacarita.com.br\/loja\/product\/o-livro-dos-espiritos-de-estudo\/","og_locale":"pt_BR","og_type":"article","og_title":"O Livro dos Esp\u00edritos de Estudo - Loja C\u00e1rita","og_description":"O Livro dos Esp\u00edritos de Estudo Edi\u00e7\u00e3o Pedag\u00f3gica, com question\u00e1rios de reflex\u00e3o. Tradu\u00e7\u00e3o para estudo no lar, na Casa Esp\u00edrita, nos Cursos de Evangeliza\u00e7\u00e3o, nas organiza\u00e7\u00f5es diversas da comunidade esp\u00edrita crist\u00e3; um texto de instru\u00e7\u00e3o...! Acompanha 1 CD contendo 36 prele\u00e7\u00f5es psicof\u00f4nicas explicando e ampliando conceitos contidos neste maravilhoso, feitas pelo esp\u00edrito Josef, preposto de Eur\u00edpides Barsanulfo, atrav\u00e9s da m\u00e9dium Eliana dos Santos. S\u00e3o mais de 28 horas de \u00e1udio, no formato MP3, do mais elevado conte\u00fado evangelizador e espiritual.","og_url":"https:\/\/www.lojacarita.com.br\/loja\/product\/o-livro-dos-espiritos-de-estudo\/","og_site_name":"Loja C\u00e1rita","article_modified_time":"2022-01-28T02:39:52+00:00","og_image":[{"width":500,"height":500,"url":"https:\/\/www.lojacarita.com.br\/loja\/wp-content\/uploads\/2021\/06\/3livro-dos-espiritos-500x500-1.png","type":"image\/png"}],"twitter_card":"summary_large_image","schema":{"@context":"https:\/\/schema.org","@graph":[{"@type":"WebPage","@id":"https:\/\/www.lojacarita.com.br\/loja\/product\/o-livro-dos-espiritos-de-estudo\/","url":"https:\/\/www.lojacarita.com.br\/loja\/product\/o-livro-dos-espiritos-de-estudo\/","name":"O Livro dos Esp\u00edritos de Estudo - Loja C\u00e1rita","isPartOf":{"@id":"https:\/\/www.lojacarita.com.br\/loja\/#website"},"primaryImageOfPage":{"@id":"https:\/\/www.lojacarita.com.br\/loja\/product\/o-livro-dos-espiritos-de-estudo\/#primaryimage"},"image":{"@id":"https:\/\/www.lojacarita.com.br\/loja\/product\/o-livro-dos-espiritos-de-estudo\/#primaryimage"},"thumbnailUrl":"https:\/\/www.lojacarita.com.br\/loja\/wp-content\/uploads\/2021\/06\/3livro-dos-espiritos-500x500-1.png","datePublished":"2021-06-25T19:23:38+00:00","dateModified":"2022-01-28T02:39:52+00:00","breadcrumb":{"@id":"https:\/\/www.lojacarita.com.br\/loja\/product\/o-livro-dos-espiritos-de-estudo\/#breadcrumb"},"inLanguage":"pt-BR","potentialAction":[{"@type":"ReadAction","target":["https:\/\/www.lojacarita.com.br\/loja\/product\/o-livro-dos-espiritos-de-estudo\/"]}]},{"@type":"ImageObject","inLanguage":"pt-BR","@id":"https:\/\/www.lojacarita.com.br\/loja\/product\/o-livro-dos-espiritos-de-estudo\/#primaryimage","url":"https:\/\/www.lojacarita.com.br\/loja\/wp-content\/uploads\/2021\/06\/3livro-dos-espiritos-500x500-1.png","contentUrl":"https:\/\/www.lojacarita.com.br\/loja\/wp-content\/uploads\/2021\/06\/3livro-dos-espiritos-500x500-1.png","width":500,"height":500},{"@type":"BreadcrumbList","@id":"https:\/\/www.lojacarita.com.br\/loja\/product\/o-livro-dos-espiritos-de-estudo\/#breadcrumb","itemListElement":[{"@type":"ListItem","position":1,"name":"In\u00edcio","item":"https:\/\/www.lojacarita.com.br\/loja\/"},{"@type":"ListItem","position":2,"name":"Produtos","item":"https:\/\/www.lojacarita.com.br\/loja\/nossos-produtos\/"},{"@type":"ListItem","position":3,"name":"O Livro dos Esp\u00edritos de Estudo"}]},{"@type":"WebSite","@id":"https:\/\/www.lojacarita.com.br\/loja\/#website","url":"https:\/\/www.lojacarita.com.br\/loja\/","name":"Loja C\u00e1rita","description":"Amai-vos e instrui-vos! Esp\u00edrito de Verdade","publisher":{"@id":"https:\/\/www.lojacarita.com.br\/loja\/#organization"},"potentialAction":[{"@type":"SearchAction","target":{"@type":"EntryPoint","urlTemplate":"https:\/\/www.lojacarita.com.br\/loja\/?s={search_term_string}"},"query-input":{"@type":"PropertyValueSpecification","valueRequired":true,"valueName":"search_term_string"}}],"inLanguage":"pt-BR"},{"@type":"Organization","@id":"https:\/\/www.lojacarita.com.br\/loja\/#organization","name":"Loja C\u00e1rita","url":"https:\/\/www.lojacarita.com.br\/loja\/","logo":{"@type":"ImageObject","inLanguage":"pt-BR","@id":"https:\/\/www.lojacarita.com.br\/loja\/#\/schema\/logo\/image\/","url":"http:\/\/www.lojacarita.com.br\/loja2021\/wp-content\/uploads\/2021\/05\/favicon.png","contentUrl":"http:\/\/www.lojacarita.com.br\/loja2021\/wp-content\/uploads\/2021\/05\/favicon.png","width":512,"height":512,"caption":"Loja C\u00e1rita"},"image":{"@id":"https:\/\/www.lojacarita.com.br\/loja\/#\/schema\/logo\/image\/"}}]}},"_links":{"self":[{"href":"https:\/\/www.lojacarita.com.br\/loja\/wp-json\/wp\/v2\/product\/416","targetHints":{"allow":["GET"]}}],"collection":[{"href":"https:\/\/www.lojacarita.com.br\/loja\/wp-json\/wp\/v2\/product"}],"about":[{"href":"https:\/\/www.lojacarita.com.br\/loja\/wp-json\/wp\/v2\/types\/product"}],"wp:featuredmedia":[{"embeddable":true,"href":"https:\/\/www.lojacarita.com.br\/loja\/wp-json\/wp\/v2\/media\/417"}],"wp:attachment":[{"href":"https:\/\/www.lojacarita.com.br\/loja\/wp-json\/wp\/v2\/media?parent=416"}],"wp:term":[{"taxonomy":"product_brand","embeddable":true,"href":"https:\/\/www.lojacarita.com.br\/loja\/wp-json\/wp\/v2\/product_brand?post=416"},{"taxonomy":"product_cat","embeddable":true,"href":"https:\/\/www.lojacarita.com.br\/loja\/wp-json\/wp\/v2\/product_cat?post=416"},{"taxonomy":"product_tag","embeddable":true,"href":"https:\/\/www.lojacarita.com.br\/loja\/wp-json\/wp\/v2\/product_tag?post=416"}],"curies":[{"name":"wp","href":"https:\/\/api.w.org\/{rel}","templated":true}]}}