{"id":414,"date":"2021-06-25T16:20:59","date_gmt":"2021-06-25T19:20:59","guid":{"rendered":"http:\/\/www.lojacarita.com.br\/loja2021\/?post_type=product&#038;p=414"},"modified":"2025-10-15T19:43:21","modified_gmt":"2025-10-15T22:43:21","slug":"evangelho-segundo-o-espiritismo-de-estudo","status":"publish","type":"product","link":"https:\/\/www.lojacarita.com.br\/loja\/product\/evangelho-segundo-o-espiritismo-de-estudo\/","title":{"rendered":"Evangelho Segundo o Espiritismo de Estudo"},"content":{"rendered":"<h4>Evangelho Segundo o Espiritismo de Estudo<\/h4>\n<p>O Evangelho Segundo o Espiritismo de Estudo contendo quest\u00f5es sobre a obra. Edi\u00e7\u00e3o pedag\u00f3gica.<\/p>\n<p>Um livro imprescind\u00edvel para os aprendizes do Evangelho\u2026 na escola da vida, na escola da alma. Um livro de grande beleza. As notas, as cartilhas\u2026 um maravilhoso presente dos C\u00e9us para ajudar no aprofundamento dos conceitos esp\u00edritas e na auto-aprendizagem.<\/p>\n<h3>Conte\u00fado com clareza did\u00e1tica<\/h3>\n<p>A clareza e profundidade do material did\u00e1tico que acompanha cada cap\u00edtulo permite aos aprendizes do Evangelho aprofundar o seu n\u00edvel de estudo e elevar sua compreens\u00e3o a um patamar superior.<\/p>\n<p><b>Exegeses:<\/b> Mais de 600 coment\u00e1rios em notas de rodap\u00e9, que nos convidam a leituras e releituras, a aprender das entrelinhas de esse maravilhoso texto.<\/p>\n<p><b>Cartilhas:<\/b> 29 cartilhas introdut\u00f3rias para conduzir o aprendiz do Evangelho a um profundo encontro com o texto, construindo um caminho de crescimento e reforma \u00edntima.<\/p>\n<p><b>Question\u00e1rios:<\/b> 29 question\u00e1rios auxiliares da aprendizagem esp\u00edrita, mais de 348 perguntas que pedem do aprendiz introspec\u00e7\u00e3o e reflex\u00e3o.<\/p>\n<h3>Descobre uma nova forma de estudar!<\/h3>\n<p>Convidamos voc\u00ea para descobrir o material did\u00e1tico presente em cada cap\u00edtulo do Evangelho. Baixa um cap\u00edtulo gratuito e pratica com as perguntas e propostas de reflex\u00e3o que voc\u00ea encontrar\u00e1 ao come\u00e7o e ao final do cap\u00edtulo.<\/p>\n<h3><a href=\"https:\/\/evangelhodeestudo.com.br\/capitulo-gratis-formulario\" target=\"_blank\" rel=\"noopener\">Baixa um cap\u00edtulo gr\u00e1tis<\/a><\/h3>\n","protected":false},"excerpt":{"rendered":"<p>Evangelho Segundo o Espiritismo de Estudo O Evangelho Segundo o Espiritismo de Estudo contendo quest\u00f5es sobre a obra. Edi\u00e7\u00e3o pedag\u00f3gica. Um livro imprescind\u00edvel para os aprendizes do Evangelho\u2026 na escola da vida, na escola da alma. Um livro de grande beleza. As notas, as cartilhas\u2026 um maravilhoso presente dos C\u00e9us para ajudar no aprofundamento dos &hellip; <a href=\"https:\/\/www.lojacarita.com.br\/loja\/product\/evangelho-segundo-o-espiritismo-de-estudo\/\">Continua<\/a><\/p>\n","protected":false},"featured_media":415,"template":"","meta":[],"product_brand":[],"product_cat":[51,48],"product_tag":[],"class_list":{"0":"post-414","1":"product","2":"type-product","3":"status-publish","4":"has-post-thumbnail","6":"product_cat-allan-kardec","7":"product_cat-livros","9":"first","10":"instock","11":"sale","12":"shipping-taxable","13":"purchasable","14":"product-type-simple"},"acf":[],"yoast_head":"<!-- This site is optimized with the Yoast SEO plugin v27.4 - https:\/\/yoast.com\/product\/yoast-seo-wordpress\/ -->\n<title>Evangelho Segundo o Espiritismo de Estudo - Loja C\u00e1rita<\/title>\n<meta name=\"robots\" content=\"index, follow, max-snippet:-1, max-image-preview:large, max-video-preview:-1\" \/>\n<link rel=\"canonical\" href=\"https:\/\/www.lojacarita.com.br\/loja\/product\/evangelho-segundo-o-espiritismo-de-estudo\/\" \/>\n<meta property=\"og:locale\" content=\"pt_BR\" \/>\n<meta property=\"og:type\" content=\"article\" \/>\n<meta property=\"og:title\" content=\"Evangelho Segundo o Espiritismo de Estudo - Loja C\u00e1rita\" \/>\n<meta property=\"og:description\" content=\"Evangelho Segundo o Espiritismo de Estudo O Evangelho Segundo o Espiritismo de Estudo contendo quest\u00f5es sobre a obra. Edi\u00e7\u00e3o pedag\u00f3gica. Um livro imprescind\u00edvel para os aprendizes do Evangelho\u2026 na escola da vida, na escola da alma. Um livro de grande beleza. As notas, as cartilhas\u2026 um maravilhoso presente dos C\u00e9us para ajudar no aprofundamento dos &hellip; Continua\" \/>\n<meta property=\"og:url\" content=\"https:\/\/www.lojacarita.com.br\/loja\/product\/evangelho-segundo-o-espiritismo-de-estudo\/\" \/>\n<meta property=\"og:site_name\" content=\"Loja C\u00e1rita\" \/>\n<meta property=\"article:modified_time\" content=\"2025-10-15T22:43:21+00:00\" \/>\n<meta property=\"og:image\" content=\"https:\/\/www.lojacarita.com.br\/loja\/wp-content\/uploads\/2021\/06\/2-evangelho-500x500-1.png\" \/>\n\t<meta property=\"og:image:width\" content=\"500\" \/>\n\t<meta property=\"og:image:height\" content=\"500\" \/>\n\t<meta property=\"og:image:type\" content=\"image\/png\" \/>\n<meta name=\"twitter:card\" content=\"summary_large_image\" \/>\n<meta name=\"twitter:label1\" content=\"Est. tempo de leitura\" \/>\n\t<meta name=\"twitter:data1\" content=\"2 minutos\" \/>\n<script type=\"application\/ld+json\" class=\"yoast-schema-graph\">{\"@context\":\"https:\\\/\\\/schema.org\",\"@graph\":[{\"@type\":\"WebPage\",\"@id\":\"https:\\\/\\\/www.lojacarita.com.br\\\/loja\\\/product\\\/evangelho-segundo-o-espiritismo-de-estudo\\\/\",\"url\":\"https:\\\/\\\/www.lojacarita.com.br\\\/loja\\\/product\\\/evangelho-segundo-o-espiritismo-de-estudo\\\/\",\"name\":\"Evangelho Segundo o Espiritismo de Estudo - Loja C\u00e1rita\",\"isPartOf\":{\"@id\":\"https:\\\/\\\/www.lojacarita.com.br\\\/loja\\\/#website\"},\"primaryImageOfPage\":{\"@id\":\"https:\\\/\\\/www.lojacarita.com.br\\\/loja\\\/product\\\/evangelho-segundo-o-espiritismo-de-estudo\\\/#primaryimage\"},\"image\":{\"@id\":\"https:\\\/\\\/www.lojacarita.com.br\\\/loja\\\/product\\\/evangelho-segundo-o-espiritismo-de-estudo\\\/#primaryimage\"},\"thumbnailUrl\":\"https:\\\/\\\/www.lojacarita.com.br\\\/loja\\\/wp-content\\\/uploads\\\/2021\\\/06\\\/2-evangelho-500x500-1.png\",\"datePublished\":\"2021-06-25T19:20:59+00:00\",\"dateModified\":\"2025-10-15T22:43:21+00:00\",\"breadcrumb\":{\"@id\":\"https:\\\/\\\/www.lojacarita.com.br\\\/loja\\\/product\\\/evangelho-segundo-o-espiritismo-de-estudo\\\/#breadcrumb\"},\"inLanguage\":\"pt-BR\",\"potentialAction\":[{\"@type\":\"ReadAction\",\"target\":[\"https:\\\/\\\/www.lojacarita.com.br\\\/loja\\\/product\\\/evangelho-segundo-o-espiritismo-de-estudo\\\/\"]}]},{\"@type\":\"ImageObject\",\"inLanguage\":\"pt-BR\",\"@id\":\"https:\\\/\\\/www.lojacarita.com.br\\\/loja\\\/product\\\/evangelho-segundo-o-espiritismo-de-estudo\\\/#primaryimage\",\"url\":\"https:\\\/\\\/www.lojacarita.com.br\\\/loja\\\/wp-content\\\/uploads\\\/2021\\\/06\\\/2-evangelho-500x500-1.png\",\"contentUrl\":\"https:\\\/\\\/www.lojacarita.com.br\\\/loja\\\/wp-content\\\/uploads\\\/2021\\\/06\\\/2-evangelho-500x500-1.png\",\"width\":500,\"height\":500},{\"@type\":\"BreadcrumbList\",\"@id\":\"https:\\\/\\\/www.lojacarita.com.br\\\/loja\\\/product\\\/evangelho-segundo-o-espiritismo-de-estudo\\\/#breadcrumb\",\"itemListElement\":[{\"@type\":\"ListItem\",\"position\":1,\"name\":\"In\u00edcio\",\"item\":\"https:\\\/\\\/www.lojacarita.com.br\\\/loja\\\/\"},{\"@type\":\"ListItem\",\"position\":2,\"name\":\"Produtos\",\"item\":\"https:\\\/\\\/www.lojacarita.com.br\\\/loja\\\/nossos-produtos\\\/\"},{\"@type\":\"ListItem\",\"position\":3,\"name\":\"Evangelho Segundo o Espiritismo de Estudo\"}]},{\"@type\":\"WebSite\",\"@id\":\"https:\\\/\\\/www.lojacarita.com.br\\\/loja\\\/#website\",\"url\":\"https:\\\/\\\/www.lojacarita.com.br\\\/loja\\\/\",\"name\":\"Loja C\u00e1rita\",\"description\":\"Amai-vos e instrui-vos! Esp\u00edrito de Verdade\",\"publisher\":{\"@id\":\"https:\\\/\\\/www.lojacarita.com.br\\\/loja\\\/#organization\"},\"potentialAction\":[{\"@type\":\"SearchAction\",\"target\":{\"@type\":\"EntryPoint\",\"urlTemplate\":\"https:\\\/\\\/www.lojacarita.com.br\\\/loja\\\/?s={search_term_string}\"},\"query-input\":{\"@type\":\"PropertyValueSpecification\",\"valueRequired\":true,\"valueName\":\"search_term_string\"}}],\"inLanguage\":\"pt-BR\"},{\"@type\":\"Organization\",\"@id\":\"https:\\\/\\\/www.lojacarita.com.br\\\/loja\\\/#organization\",\"name\":\"Loja C\u00e1rita\",\"url\":\"https:\\\/\\\/www.lojacarita.com.br\\\/loja\\\/\",\"logo\":{\"@type\":\"ImageObject\",\"inLanguage\":\"pt-BR\",\"@id\":\"https:\\\/\\\/www.lojacarita.com.br\\\/loja\\\/#\\\/schema\\\/logo\\\/image\\\/\",\"url\":\"http:\\\/\\\/www.lojacarita.com.br\\\/loja2021\\\/wp-content\\\/uploads\\\/2021\\\/05\\\/favicon.png\",\"contentUrl\":\"http:\\\/\\\/www.lojacarita.com.br\\\/loja2021\\\/wp-content\\\/uploads\\\/2021\\\/05\\\/favicon.png\",\"width\":512,\"height\":512,\"caption\":\"Loja C\u00e1rita\"},\"image\":{\"@id\":\"https:\\\/\\\/www.lojacarita.com.br\\\/loja\\\/#\\\/schema\\\/logo\\\/image\\\/\"}}]}<\/script>\n<!-- \/ Yoast SEO plugin. -->","yoast_head_json":{"title":"Evangelho Segundo o Espiritismo de Estudo - Loja C\u00e1rita","robots":{"index":"index","follow":"follow","max-snippet":"max-snippet:-1","max-image-preview":"max-image-preview:large","max-video-preview":"max-video-preview:-1"},"canonical":"https:\/\/www.lojacarita.com.br\/loja\/product\/evangelho-segundo-o-espiritismo-de-estudo\/","og_locale":"pt_BR","og_type":"article","og_title":"Evangelho Segundo o Espiritismo de Estudo - Loja C\u00e1rita","og_description":"Evangelho Segundo o Espiritismo de Estudo O Evangelho Segundo o Espiritismo de Estudo contendo quest\u00f5es sobre a obra. Edi\u00e7\u00e3o pedag\u00f3gica. Um livro imprescind\u00edvel para os aprendizes do Evangelho\u2026 na escola da vida, na escola da alma. Um livro de grande beleza. As notas, as cartilhas\u2026 um maravilhoso presente dos C\u00e9us para ajudar no aprofundamento dos &hellip; Continua","og_url":"https:\/\/www.lojacarita.com.br\/loja\/product\/evangelho-segundo-o-espiritismo-de-estudo\/","og_site_name":"Loja C\u00e1rita","article_modified_time":"2025-10-15T22:43:21+00:00","og_image":[{"width":500,"height":500,"url":"https:\/\/www.lojacarita.com.br\/loja\/wp-content\/uploads\/2021\/06\/2-evangelho-500x500-1.png","type":"image\/png"}],"twitter_card":"summary_large_image","twitter_misc":{"Est. tempo de leitura":"2 minutos"},"schema":{"@context":"https:\/\/schema.org","@graph":[{"@type":"WebPage","@id":"https:\/\/www.lojacarita.com.br\/loja\/product\/evangelho-segundo-o-espiritismo-de-estudo\/","url":"https:\/\/www.lojacarita.com.br\/loja\/product\/evangelho-segundo-o-espiritismo-de-estudo\/","name":"Evangelho Segundo o Espiritismo de Estudo - Loja C\u00e1rita","isPartOf":{"@id":"https:\/\/www.lojacarita.com.br\/loja\/#website"},"primaryImageOfPage":{"@id":"https:\/\/www.lojacarita.com.br\/loja\/product\/evangelho-segundo-o-espiritismo-de-estudo\/#primaryimage"},"image":{"@id":"https:\/\/www.lojacarita.com.br\/loja\/product\/evangelho-segundo-o-espiritismo-de-estudo\/#primaryimage"},"thumbnailUrl":"https:\/\/www.lojacarita.com.br\/loja\/wp-content\/uploads\/2021\/06\/2-evangelho-500x500-1.png","datePublished":"2021-06-25T19:20:59+00:00","dateModified":"2025-10-15T22:43:21+00:00","breadcrumb":{"@id":"https:\/\/www.lojacarita.com.br\/loja\/product\/evangelho-segundo-o-espiritismo-de-estudo\/#breadcrumb"},"inLanguage":"pt-BR","potentialAction":[{"@type":"ReadAction","target":["https:\/\/www.lojacarita.com.br\/loja\/product\/evangelho-segundo-o-espiritismo-de-estudo\/"]}]},{"@type":"ImageObject","inLanguage":"pt-BR","@id":"https:\/\/www.lojacarita.com.br\/loja\/product\/evangelho-segundo-o-espiritismo-de-estudo\/#primaryimage","url":"https:\/\/www.lojacarita.com.br\/loja\/wp-content\/uploads\/2021\/06\/2-evangelho-500x500-1.png","contentUrl":"https:\/\/www.lojacarita.com.br\/loja\/wp-content\/uploads\/2021\/06\/2-evangelho-500x500-1.png","width":500,"height":500},{"@type":"BreadcrumbList","@id":"https:\/\/www.lojacarita.com.br\/loja\/product\/evangelho-segundo-o-espiritismo-de-estudo\/#breadcrumb","itemListElement":[{"@type":"ListItem","position":1,"name":"In\u00edcio","item":"https:\/\/www.lojacarita.com.br\/loja\/"},{"@type":"ListItem","position":2,"name":"Produtos","item":"https:\/\/www.lojacarita.com.br\/loja\/nossos-produtos\/"},{"@type":"ListItem","position":3,"name":"Evangelho Segundo o Espiritismo de Estudo"}]},{"@type":"WebSite","@id":"https:\/\/www.lojacarita.com.br\/loja\/#website","url":"https:\/\/www.lojacarita.com.br\/loja\/","name":"Loja C\u00e1rita","description":"Amai-vos e instrui-vos! Esp\u00edrito de Verdade","publisher":{"@id":"https:\/\/www.lojacarita.com.br\/loja\/#organization"},"potentialAction":[{"@type":"SearchAction","target":{"@type":"EntryPoint","urlTemplate":"https:\/\/www.lojacarita.com.br\/loja\/?s={search_term_string}"},"query-input":{"@type":"PropertyValueSpecification","valueRequired":true,"valueName":"search_term_string"}}],"inLanguage":"pt-BR"},{"@type":"Organization","@id":"https:\/\/www.lojacarita.com.br\/loja\/#organization","name":"Loja C\u00e1rita","url":"https:\/\/www.lojacarita.com.br\/loja\/","logo":{"@type":"ImageObject","inLanguage":"pt-BR","@id":"https:\/\/www.lojacarita.com.br\/loja\/#\/schema\/logo\/image\/","url":"http:\/\/www.lojacarita.com.br\/loja2021\/wp-content\/uploads\/2021\/05\/favicon.png","contentUrl":"http:\/\/www.lojacarita.com.br\/loja2021\/wp-content\/uploads\/2021\/05\/favicon.png","width":512,"height":512,"caption":"Loja C\u00e1rita"},"image":{"@id":"https:\/\/www.lojacarita.com.br\/loja\/#\/schema\/logo\/image\/"}}]}},"_links":{"self":[{"href":"https:\/\/www.lojacarita.com.br\/loja\/wp-json\/wp\/v2\/product\/414","targetHints":{"allow":["GET"]}}],"collection":[{"href":"https:\/\/www.lojacarita.com.br\/loja\/wp-json\/wp\/v2\/product"}],"about":[{"href":"https:\/\/www.lojacarita.com.br\/loja\/wp-json\/wp\/v2\/types\/product"}],"wp:featuredmedia":[{"embeddable":true,"href":"https:\/\/www.lojacarita.com.br\/loja\/wp-json\/wp\/v2\/media\/415"}],"wp:attachment":[{"href":"https:\/\/www.lojacarita.com.br\/loja\/wp-json\/wp\/v2\/media?parent=414"}],"wp:term":[{"taxonomy":"product_brand","embeddable":true,"href":"https:\/\/www.lojacarita.com.br\/loja\/wp-json\/wp\/v2\/product_brand?post=414"},{"taxonomy":"product_cat","embeddable":true,"href":"https:\/\/www.lojacarita.com.br\/loja\/wp-json\/wp\/v2\/product_cat?post=414"},{"taxonomy":"product_tag","embeddable":true,"href":"https:\/\/www.lojacarita.com.br\/loja\/wp-json\/wp\/v2\/product_tag?post=414"}],"curies":[{"name":"wp","href":"https:\/\/api.w.org\/{rel}","templated":true}]}}