{"id":394,"date":"2021-06-25T13:25:53","date_gmt":"2021-06-25T16:25:53","guid":{"rendered":"http:\/\/www.lojacarita.com.br\/loja2021\/?post_type=product&#038;p=394"},"modified":"2021-08-21T17:37:22","modified_gmt":"2021-08-21T20:37:22","slug":"diseno-experimental-y-optimizacion-de-procesos","status":"publish","type":"product","link":"https:\/\/www.lojacarita.com.br\/loja\/product\/diseno-experimental-y-optimizacion-de-procesos\/","title":{"rendered":"Dise\u00f1o experimental y optimizaci\u00f3n de procesos"},"content":{"rendered":"<h4>Dise\u00f1o experimental y optimizaci\u00f3n de procesos<\/h4>\n<h4>Maria Isabel Rodrigues (FEA\/UNICAMP) e Antonio Francisco Iemma (ESALQ)<\/h4>\n<p>El libro incluye proyectos de dise\u00f1o compuesto central rotacional (DCCR), de dise\u00f1o factorial fraccional y t\u00e9cnica de dise\u00f1o de barrido (screening design &#8211; Plackett &amp; Burman) como una metodolog\u00eda cient\u00edfica para resolver desaf\u00edos en investigaci\u00f3n y desarrollo, bien como una herramienta para mejora de los procesos implementados.\u00a0 Estrategias adecuadas para 2 a 32 factores son abordados en este libro. Son presentados los fundamentos de la ciencia estad\u00edstica para auxiliar a los lectores en la comprensi\u00f3n y aplicaci\u00f3n de los conceptos presentados. El libro tambi\u00e9n presenta varios ejemplos de aplicaciones usando esta metodolog\u00eda. Os autores no solo son especialistas en su campo, adem\u00e1s cuentan con 30 a\u00f1os de experiencia en aplicaciones industriales, esto les permite abordar los aspectos te\u00f3ricos a trav\u00e9s de varios casos reales.<\/p>\n<p>Desde 2014 est\u00e1 disponible un software para tratamiento estad\u00edstico de datos creado con esta metodolog\u00eda. Visite el link\u00a0<a href=\"http:\/\/experimental-design.protimiza.com.br\/\">http:\/\/experimental-design.protimiza.com.br\/<\/a><\/p>\n","protected":false},"excerpt":{"rendered":"<p>Dise\u00f1o experimental y optimizaci\u00f3n de procesos Maria Isabel Rodrigues (FEA\/UNICAMP) e Antonio Francisco Iemma (ESALQ) El libro incluye proyectos de dise\u00f1o compuesto central rotacional (DCCR), de dise\u00f1o factorial fraccional y t\u00e9cnica de dise\u00f1o de barrido (screening design &#8211; Plackett &amp; Burman) como una metodolog\u00eda cient\u00edfica para resolver desaf\u00edos en investigaci\u00f3n y desarrollo, bien como una &hellip; <a href=\"https:\/\/www.lojacarita.com.br\/loja\/product\/diseno-experimental-y-optimizacion-de-procesos\/\">Continua<\/a><\/p>\n","protected":false},"featured_media":395,"template":"","meta":[],"product_brand":[],"product_cat":[45],"product_tag":[],"class_list":{"0":"post-394","1":"product","2":"type-product","3":"status-publish","4":"has-post-thumbnail","6":"product_cat-cientificos","8":"first","9":"instock","10":"shipping-taxable","11":"purchasable","12":"product-type-simple"},"acf":[],"yoast_head":"<!-- This site is optimized with the Yoast SEO plugin v27.4 - https:\/\/yoast.com\/product\/yoast-seo-wordpress\/ -->\n<title>Dise\u00f1o experimental y optimizaci\u00f3n de procesos - Loja C\u00e1rita<\/title>\n<meta name=\"robots\" content=\"index, follow, max-snippet:-1, max-image-preview:large, max-video-preview:-1\" \/>\n<link rel=\"canonical\" href=\"https:\/\/www.lojacarita.com.br\/loja\/product\/diseno-experimental-y-optimizacion-de-procesos\/\" \/>\n<meta property=\"og:locale\" content=\"pt_BR\" \/>\n<meta property=\"og:type\" content=\"article\" \/>\n<meta property=\"og:title\" content=\"Dise\u00f1o experimental y optimizaci\u00f3n de procesos - Loja C\u00e1rita\" \/>\n<meta property=\"og:description\" content=\"Dise\u00f1o experimental y optimizaci\u00f3n de procesos Maria Isabel Rodrigues (FEA\/UNICAMP) e Antonio Francisco Iemma (ESALQ) El libro incluye proyectos de dise\u00f1o compuesto central rotacional (DCCR), de dise\u00f1o factorial fraccional y t\u00e9cnica de dise\u00f1o de barrido (screening design &#8211; Plackett &amp; Burman) como una metodolog\u00eda cient\u00edfica para resolver desaf\u00edos en investigaci\u00f3n y desarrollo, bien como una &hellip; Continua\" \/>\n<meta property=\"og:url\" content=\"https:\/\/www.lojacarita.com.br\/loja\/product\/diseno-experimental-y-optimizacion-de-procesos\/\" \/>\n<meta property=\"og:site_name\" content=\"Loja C\u00e1rita\" \/>\n<meta property=\"article:modified_time\" content=\"2021-08-21T20:37:22+00:00\" \/>\n<meta property=\"og:image\" content=\"https:\/\/www.lojacarita.com.br\/loja\/wp-content\/uploads\/2021\/06\/2-diseno-experimental-500x500-1.png\" \/>\n\t<meta property=\"og:image:width\" content=\"500\" \/>\n\t<meta property=\"og:image:height\" content=\"500\" \/>\n\t<meta property=\"og:image:type\" content=\"image\/png\" \/>\n<meta name=\"twitter:card\" content=\"summary_large_image\" \/>\n<meta name=\"twitter:label1\" content=\"Est. tempo de leitura\" \/>\n\t<meta name=\"twitter:data1\" content=\"1 minuto\" \/>\n<script type=\"application\/ld+json\" class=\"yoast-schema-graph\">{\"@context\":\"https:\\\/\\\/schema.org\",\"@graph\":[{\"@type\":\"WebPage\",\"@id\":\"https:\\\/\\\/www.lojacarita.com.br\\\/loja\\\/product\\\/diseno-experimental-y-optimizacion-de-procesos\\\/\",\"url\":\"https:\\\/\\\/www.lojacarita.com.br\\\/loja\\\/product\\\/diseno-experimental-y-optimizacion-de-procesos\\\/\",\"name\":\"Dise\u00f1o experimental y optimizaci\u00f3n de procesos - Loja C\u00e1rita\",\"isPartOf\":{\"@id\":\"https:\\\/\\\/www.lojacarita.com.br\\\/loja\\\/#website\"},\"primaryImageOfPage\":{\"@id\":\"https:\\\/\\\/www.lojacarita.com.br\\\/loja\\\/product\\\/diseno-experimental-y-optimizacion-de-procesos\\\/#primaryimage\"},\"image\":{\"@id\":\"https:\\\/\\\/www.lojacarita.com.br\\\/loja\\\/product\\\/diseno-experimental-y-optimizacion-de-procesos\\\/#primaryimage\"},\"thumbnailUrl\":\"https:\\\/\\\/www.lojacarita.com.br\\\/loja\\\/wp-content\\\/uploads\\\/2021\\\/06\\\/2-diseno-experimental-500x500-1.png\",\"datePublished\":\"2021-06-25T16:25:53+00:00\",\"dateModified\":\"2021-08-21T20:37:22+00:00\",\"breadcrumb\":{\"@id\":\"https:\\\/\\\/www.lojacarita.com.br\\\/loja\\\/product\\\/diseno-experimental-y-optimizacion-de-procesos\\\/#breadcrumb\"},\"inLanguage\":\"pt-BR\",\"potentialAction\":[{\"@type\":\"ReadAction\",\"target\":[\"https:\\\/\\\/www.lojacarita.com.br\\\/loja\\\/product\\\/diseno-experimental-y-optimizacion-de-procesos\\\/\"]}]},{\"@type\":\"ImageObject\",\"inLanguage\":\"pt-BR\",\"@id\":\"https:\\\/\\\/www.lojacarita.com.br\\\/loja\\\/product\\\/diseno-experimental-y-optimizacion-de-procesos\\\/#primaryimage\",\"url\":\"https:\\\/\\\/www.lojacarita.com.br\\\/loja\\\/wp-content\\\/uploads\\\/2021\\\/06\\\/2-diseno-experimental-500x500-1.png\",\"contentUrl\":\"https:\\\/\\\/www.lojacarita.com.br\\\/loja\\\/wp-content\\\/uploads\\\/2021\\\/06\\\/2-diseno-experimental-500x500-1.png\",\"width\":500,\"height\":500},{\"@type\":\"BreadcrumbList\",\"@id\":\"https:\\\/\\\/www.lojacarita.com.br\\\/loja\\\/product\\\/diseno-experimental-y-optimizacion-de-procesos\\\/#breadcrumb\",\"itemListElement\":[{\"@type\":\"ListItem\",\"position\":1,\"name\":\"In\u00edcio\",\"item\":\"https:\\\/\\\/www.lojacarita.com.br\\\/loja\\\/\"},{\"@type\":\"ListItem\",\"position\":2,\"name\":\"Produtos\",\"item\":\"https:\\\/\\\/www.lojacarita.com.br\\\/loja\\\/nossos-produtos\\\/\"},{\"@type\":\"ListItem\",\"position\":3,\"name\":\"Dise\u00f1o experimental y optimizaci\u00f3n de procesos\"}]},{\"@type\":\"WebSite\",\"@id\":\"https:\\\/\\\/www.lojacarita.com.br\\\/loja\\\/#website\",\"url\":\"https:\\\/\\\/www.lojacarita.com.br\\\/loja\\\/\",\"name\":\"Loja C\u00e1rita\",\"description\":\"Amai-vos e instrui-vos! Esp\u00edrito de Verdade\",\"publisher\":{\"@id\":\"https:\\\/\\\/www.lojacarita.com.br\\\/loja\\\/#organization\"},\"potentialAction\":[{\"@type\":\"SearchAction\",\"target\":{\"@type\":\"EntryPoint\",\"urlTemplate\":\"https:\\\/\\\/www.lojacarita.com.br\\\/loja\\\/?s={search_term_string}\"},\"query-input\":{\"@type\":\"PropertyValueSpecification\",\"valueRequired\":true,\"valueName\":\"search_term_string\"}}],\"inLanguage\":\"pt-BR\"},{\"@type\":\"Organization\",\"@id\":\"https:\\\/\\\/www.lojacarita.com.br\\\/loja\\\/#organization\",\"name\":\"Loja C\u00e1rita\",\"url\":\"https:\\\/\\\/www.lojacarita.com.br\\\/loja\\\/\",\"logo\":{\"@type\":\"ImageObject\",\"inLanguage\":\"pt-BR\",\"@id\":\"https:\\\/\\\/www.lojacarita.com.br\\\/loja\\\/#\\\/schema\\\/logo\\\/image\\\/\",\"url\":\"http:\\\/\\\/www.lojacarita.com.br\\\/loja2021\\\/wp-content\\\/uploads\\\/2021\\\/05\\\/favicon.png\",\"contentUrl\":\"http:\\\/\\\/www.lojacarita.com.br\\\/loja2021\\\/wp-content\\\/uploads\\\/2021\\\/05\\\/favicon.png\",\"width\":512,\"height\":512,\"caption\":\"Loja C\u00e1rita\"},\"image\":{\"@id\":\"https:\\\/\\\/www.lojacarita.com.br\\\/loja\\\/#\\\/schema\\\/logo\\\/image\\\/\"}}]}<\/script>\n<!-- \/ Yoast SEO plugin. -->","yoast_head_json":{"title":"Dise\u00f1o experimental y optimizaci\u00f3n de procesos - Loja C\u00e1rita","robots":{"index":"index","follow":"follow","max-snippet":"max-snippet:-1","max-image-preview":"max-image-preview:large","max-video-preview":"max-video-preview:-1"},"canonical":"https:\/\/www.lojacarita.com.br\/loja\/product\/diseno-experimental-y-optimizacion-de-procesos\/","og_locale":"pt_BR","og_type":"article","og_title":"Dise\u00f1o experimental y optimizaci\u00f3n de procesos - Loja C\u00e1rita","og_description":"Dise\u00f1o experimental y optimizaci\u00f3n de procesos Maria Isabel Rodrigues (FEA\/UNICAMP) e Antonio Francisco Iemma (ESALQ) El libro incluye proyectos de dise\u00f1o compuesto central rotacional (DCCR), de dise\u00f1o factorial fraccional y t\u00e9cnica de dise\u00f1o de barrido (screening design &#8211; Plackett &amp; Burman) como una metodolog\u00eda cient\u00edfica para resolver desaf\u00edos en investigaci\u00f3n y desarrollo, bien como una &hellip; Continua","og_url":"https:\/\/www.lojacarita.com.br\/loja\/product\/diseno-experimental-y-optimizacion-de-procesos\/","og_site_name":"Loja C\u00e1rita","article_modified_time":"2021-08-21T20:37:22+00:00","og_image":[{"width":500,"height":500,"url":"https:\/\/www.lojacarita.com.br\/loja\/wp-content\/uploads\/2021\/06\/2-diseno-experimental-500x500-1.png","type":"image\/png"}],"twitter_card":"summary_large_image","twitter_misc":{"Est. tempo de leitura":"1 minuto"},"schema":{"@context":"https:\/\/schema.org","@graph":[{"@type":"WebPage","@id":"https:\/\/www.lojacarita.com.br\/loja\/product\/diseno-experimental-y-optimizacion-de-procesos\/","url":"https:\/\/www.lojacarita.com.br\/loja\/product\/diseno-experimental-y-optimizacion-de-procesos\/","name":"Dise\u00f1o experimental y optimizaci\u00f3n de procesos - Loja C\u00e1rita","isPartOf":{"@id":"https:\/\/www.lojacarita.com.br\/loja\/#website"},"primaryImageOfPage":{"@id":"https:\/\/www.lojacarita.com.br\/loja\/product\/diseno-experimental-y-optimizacion-de-procesos\/#primaryimage"},"image":{"@id":"https:\/\/www.lojacarita.com.br\/loja\/product\/diseno-experimental-y-optimizacion-de-procesos\/#primaryimage"},"thumbnailUrl":"https:\/\/www.lojacarita.com.br\/loja\/wp-content\/uploads\/2021\/06\/2-diseno-experimental-500x500-1.png","datePublished":"2021-06-25T16:25:53+00:00","dateModified":"2021-08-21T20:37:22+00:00","breadcrumb":{"@id":"https:\/\/www.lojacarita.com.br\/loja\/product\/diseno-experimental-y-optimizacion-de-procesos\/#breadcrumb"},"inLanguage":"pt-BR","potentialAction":[{"@type":"ReadAction","target":["https:\/\/www.lojacarita.com.br\/loja\/product\/diseno-experimental-y-optimizacion-de-procesos\/"]}]},{"@type":"ImageObject","inLanguage":"pt-BR","@id":"https:\/\/www.lojacarita.com.br\/loja\/product\/diseno-experimental-y-optimizacion-de-procesos\/#primaryimage","url":"https:\/\/www.lojacarita.com.br\/loja\/wp-content\/uploads\/2021\/06\/2-diseno-experimental-500x500-1.png","contentUrl":"https:\/\/www.lojacarita.com.br\/loja\/wp-content\/uploads\/2021\/06\/2-diseno-experimental-500x500-1.png","width":500,"height":500},{"@type":"BreadcrumbList","@id":"https:\/\/www.lojacarita.com.br\/loja\/product\/diseno-experimental-y-optimizacion-de-procesos\/#breadcrumb","itemListElement":[{"@type":"ListItem","position":1,"name":"In\u00edcio","item":"https:\/\/www.lojacarita.com.br\/loja\/"},{"@type":"ListItem","position":2,"name":"Produtos","item":"https:\/\/www.lojacarita.com.br\/loja\/nossos-produtos\/"},{"@type":"ListItem","position":3,"name":"Dise\u00f1o experimental y optimizaci\u00f3n de procesos"}]},{"@type":"WebSite","@id":"https:\/\/www.lojacarita.com.br\/loja\/#website","url":"https:\/\/www.lojacarita.com.br\/loja\/","name":"Loja C\u00e1rita","description":"Amai-vos e instrui-vos! Esp\u00edrito de Verdade","publisher":{"@id":"https:\/\/www.lojacarita.com.br\/loja\/#organization"},"potentialAction":[{"@type":"SearchAction","target":{"@type":"EntryPoint","urlTemplate":"https:\/\/www.lojacarita.com.br\/loja\/?s={search_term_string}"},"query-input":{"@type":"PropertyValueSpecification","valueRequired":true,"valueName":"search_term_string"}}],"inLanguage":"pt-BR"},{"@type":"Organization","@id":"https:\/\/www.lojacarita.com.br\/loja\/#organization","name":"Loja C\u00e1rita","url":"https:\/\/www.lojacarita.com.br\/loja\/","logo":{"@type":"ImageObject","inLanguage":"pt-BR","@id":"https:\/\/www.lojacarita.com.br\/loja\/#\/schema\/logo\/image\/","url":"http:\/\/www.lojacarita.com.br\/loja2021\/wp-content\/uploads\/2021\/05\/favicon.png","contentUrl":"http:\/\/www.lojacarita.com.br\/loja2021\/wp-content\/uploads\/2021\/05\/favicon.png","width":512,"height":512,"caption":"Loja C\u00e1rita"},"image":{"@id":"https:\/\/www.lojacarita.com.br\/loja\/#\/schema\/logo\/image\/"}}]}},"_links":{"self":[{"href":"https:\/\/www.lojacarita.com.br\/loja\/wp-json\/wp\/v2\/product\/394","targetHints":{"allow":["GET"]}}],"collection":[{"href":"https:\/\/www.lojacarita.com.br\/loja\/wp-json\/wp\/v2\/product"}],"about":[{"href":"https:\/\/www.lojacarita.com.br\/loja\/wp-json\/wp\/v2\/types\/product"}],"wp:featuredmedia":[{"embeddable":true,"href":"https:\/\/www.lojacarita.com.br\/loja\/wp-json\/wp\/v2\/media\/395"}],"wp:attachment":[{"href":"https:\/\/www.lojacarita.com.br\/loja\/wp-json\/wp\/v2\/media?parent=394"}],"wp:term":[{"taxonomy":"product_brand","embeddable":true,"href":"https:\/\/www.lojacarita.com.br\/loja\/wp-json\/wp\/v2\/product_brand?post=394"},{"taxonomy":"product_cat","embeddable":true,"href":"https:\/\/www.lojacarita.com.br\/loja\/wp-json\/wp\/v2\/product_cat?post=394"},{"taxonomy":"product_tag","embeddable":true,"href":"https:\/\/www.lojacarita.com.br\/loja\/wp-json\/wp\/v2\/product_tag?post=394"}],"curies":[{"name":"wp","href":"https:\/\/api.w.org\/{rel}","templated":true}]}}