{"id":1835,"date":"2024-12-05T10:36:48","date_gmt":"2024-12-05T13:36:48","guid":{"rendered":"https:\/\/www.lojacarita.com.br\/loja\/?post_type=product&#038;p=1835"},"modified":"2025-02-06T21:21:34","modified_gmt":"2025-02-07T00:21:34","slug":"e-book-doce-palabras-amigas","status":"publish","type":"product","link":"https:\/\/www.lojacarita.com.br\/loja\/product\/e-book-doce-palabras-amigas\/","title":{"rendered":"E-book Doce Palabras Amigas"},"content":{"rendered":"<p>Este tratamiento se compone de doce temas llamados palabras amigas. Traen un cuerpo de ideas y reflexiones para ayudarnos en momentos dif\u00edciles. Las palabras deben o\u00edrse en secuencia indicada. Debes escoger un d\u00eda de la semana y un horario y, en este d\u00eda y horario escogidos, o\u00edr la palabra amiga y meditar, y esto se convertir\u00e1 en oraci\u00f3n y socorro espiritual. La casa de oraci\u00f3n que ha producido este material tiene su tratamiento de auxilio los lunes, y si deseas sintonizar con esta psicosfera con este ambiente espiritual, basta escoger este d\u00eda de la semana para tu proceso de cura, autocura, autoayuda o la b\u00fasqueda de la ayuda de lo alto, del alt\u00edsimo misterio divino, que nos quiere ver vivos y plenos, pues para eso cre\u00f3 su obra.<\/p>\n","protected":false},"excerpt":{"rendered":"<p>Este tratamiento se compone de doce temas llamados palabras amigas. Traen un cuerpo de ideas y reflexiones para ayudarnos en momentos dif\u00edciles. Las palabras deben o\u00edrse en secuencia indicada. Debes escoger un d\u00eda de la semana y un horario y, en este d\u00eda y horario escogidos, o\u00edr la palabra amiga y meditar, y esto se convertir\u00e1 en oraci\u00f3n y socorro espiritual. La casa de oraci\u00f3n que ha producido este material tiene su tratamiento de auxilio los lunes, y si deseas sintonizar con esta psicosfera con este ambiente espiritual, basta escoger este d\u00eda de la semana para tu proceso de cura, autocura, autoayuda o la b\u00fasqueda de la ayuda de lo alto, del alt\u00edsimo misterio divino, que nos quiere ver vivos y plenos, pues para eso cre\u00f3 su obra.<\/p>\n","protected":false},"featured_media":1838,"template":"","meta":[],"product_brand":[],"product_cat":[19,74,91,32],"product_tag":[],"class_list":{"0":"post-1835","1":"product","2":"type-product","3":"status-publish","4":"has-post-thumbnail","6":"product_cat-sem-categoria","7":"product_cat-kits-em-castellano","8":"product_cat-kit-curas","9":"product_cat-lancamentos","11":"first","12":"instock","13":"sale","14":"downloadable","15":"virtual","16":"purchasable","17":"product-type-simple"},"acf":[],"yoast_head":"<!-- This site is optimized with the Yoast SEO plugin v27.4 - https:\/\/yoast.com\/product\/yoast-seo-wordpress\/ -->\n<title>E-book Doce Palabras Amigas - Loja C\u00e1rita<\/title>\n<meta name=\"robots\" content=\"index, follow, max-snippet:-1, max-image-preview:large, max-video-preview:-1\" \/>\n<link rel=\"canonical\" href=\"https:\/\/www.lojacarita.com.br\/loja\/product\/e-book-doce-palabras-amigas\/\" \/>\n<meta property=\"og:locale\" content=\"pt_BR\" \/>\n<meta property=\"og:type\" content=\"article\" \/>\n<meta property=\"og:title\" content=\"E-book Doce Palabras Amigas - Loja C\u00e1rita\" \/>\n<meta property=\"og:description\" content=\"Este tratamiento se compone de doce temas llamados palabras amigas. Traen un cuerpo de ideas y reflexiones para ayudarnos en momentos dif\u00edciles. Las palabras deben o\u00edrse en secuencia indicada. Debes escoger un d\u00eda de la semana y un horario y, en este d\u00eda y horario escogidos, o\u00edr la palabra amiga y meditar, y esto se convertir\u00e1 en oraci\u00f3n y socorro espiritual. La casa de oraci\u00f3n que ha producido este material tiene su tratamiento de auxilio los lunes, y si deseas sintonizar con esta psicosfera con este ambiente espiritual, basta escoger este d\u00eda de la semana para tu proceso de cura, autocura, autoayuda o la b\u00fasqueda de la ayuda de lo alto, del alt\u00edsimo misterio divino, que nos quiere ver vivos y plenos, pues para eso cre\u00f3 su obra.\" \/>\n<meta property=\"og:url\" content=\"https:\/\/www.lojacarita.com.br\/loja\/product\/e-book-doce-palabras-amigas\/\" \/>\n<meta property=\"og:site_name\" content=\"Loja C\u00e1rita\" \/>\n<meta property=\"article:modified_time\" content=\"2025-02-07T00:21:34+00:00\" \/>\n<meta property=\"og:image\" content=\"https:\/\/www.lojacarita.com.br\/loja\/wp-content\/uploads\/2024\/12\/Ebook-Doce-Palabras-Amigas-1200x1200.jpg\" \/>\n\t<meta property=\"og:image:width\" content=\"1200\" \/>\n\t<meta property=\"og:image:height\" content=\"1200\" \/>\n\t<meta property=\"og:image:type\" content=\"image\/jpeg\" \/>\n<meta name=\"twitter:card\" content=\"summary_large_image\" \/>\n<meta name=\"twitter:label1\" content=\"Est. tempo de leitura\" \/>\n\t<meta name=\"twitter:data1\" content=\"1 minuto\" \/>\n<script type=\"application\/ld+json\" class=\"yoast-schema-graph\">{\"@context\":\"https:\\\/\\\/schema.org\",\"@graph\":[{\"@type\":\"WebPage\",\"@id\":\"https:\\\/\\\/www.lojacarita.com.br\\\/loja\\\/product\\\/e-book-doce-palabras-amigas\\\/\",\"url\":\"https:\\\/\\\/www.lojacarita.com.br\\\/loja\\\/product\\\/e-book-doce-palabras-amigas\\\/\",\"name\":\"E-book Doce Palabras Amigas - Loja C\u00e1rita\",\"isPartOf\":{\"@id\":\"https:\\\/\\\/www.lojacarita.com.br\\\/loja\\\/#website\"},\"primaryImageOfPage\":{\"@id\":\"https:\\\/\\\/www.lojacarita.com.br\\\/loja\\\/product\\\/e-book-doce-palabras-amigas\\\/#primaryimage\"},\"image\":{\"@id\":\"https:\\\/\\\/www.lojacarita.com.br\\\/loja\\\/product\\\/e-book-doce-palabras-amigas\\\/#primaryimage\"},\"thumbnailUrl\":\"https:\\\/\\\/www.lojacarita.com.br\\\/loja\\\/wp-content\\\/uploads\\\/2024\\\/12\\\/Ebook-Doce-Palabras-Amigas.jpg\",\"datePublished\":\"2024-12-05T13:36:48+00:00\",\"dateModified\":\"2025-02-07T00:21:34+00:00\",\"breadcrumb\":{\"@id\":\"https:\\\/\\\/www.lojacarita.com.br\\\/loja\\\/product\\\/e-book-doce-palabras-amigas\\\/#breadcrumb\"},\"inLanguage\":\"pt-BR\",\"potentialAction\":[{\"@type\":\"ReadAction\",\"target\":[\"https:\\\/\\\/www.lojacarita.com.br\\\/loja\\\/product\\\/e-book-doce-palabras-amigas\\\/\"]}]},{\"@type\":\"ImageObject\",\"inLanguage\":\"pt-BR\",\"@id\":\"https:\\\/\\\/www.lojacarita.com.br\\\/loja\\\/product\\\/e-book-doce-palabras-amigas\\\/#primaryimage\",\"url\":\"https:\\\/\\\/www.lojacarita.com.br\\\/loja\\\/wp-content\\\/uploads\\\/2024\\\/12\\\/Ebook-Doce-Palabras-Amigas.jpg\",\"contentUrl\":\"https:\\\/\\\/www.lojacarita.com.br\\\/loja\\\/wp-content\\\/uploads\\\/2024\\\/12\\\/Ebook-Doce-Palabras-Amigas.jpg\",\"width\":2550,\"height\":2550},{\"@type\":\"BreadcrumbList\",\"@id\":\"https:\\\/\\\/www.lojacarita.com.br\\\/loja\\\/product\\\/e-book-doce-palabras-amigas\\\/#breadcrumb\",\"itemListElement\":[{\"@type\":\"ListItem\",\"position\":1,\"name\":\"In\u00edcio\",\"item\":\"https:\\\/\\\/www.lojacarita.com.br\\\/loja\\\/\"},{\"@type\":\"ListItem\",\"position\":2,\"name\":\"Produtos\",\"item\":\"https:\\\/\\\/www.lojacarita.com.br\\\/loja\\\/nossos-produtos\\\/\"},{\"@type\":\"ListItem\",\"position\":3,\"name\":\"E-book Doce Palabras Amigas\"}]},{\"@type\":\"WebSite\",\"@id\":\"https:\\\/\\\/www.lojacarita.com.br\\\/loja\\\/#website\",\"url\":\"https:\\\/\\\/www.lojacarita.com.br\\\/loja\\\/\",\"name\":\"Loja C\u00e1rita\",\"description\":\"Amai-vos e instrui-vos! Esp\u00edrito de Verdade\",\"publisher\":{\"@id\":\"https:\\\/\\\/www.lojacarita.com.br\\\/loja\\\/#organization\"},\"potentialAction\":[{\"@type\":\"SearchAction\",\"target\":{\"@type\":\"EntryPoint\",\"urlTemplate\":\"https:\\\/\\\/www.lojacarita.com.br\\\/loja\\\/?s={search_term_string}\"},\"query-input\":{\"@type\":\"PropertyValueSpecification\",\"valueRequired\":true,\"valueName\":\"search_term_string\"}}],\"inLanguage\":\"pt-BR\"},{\"@type\":\"Organization\",\"@id\":\"https:\\\/\\\/www.lojacarita.com.br\\\/loja\\\/#organization\",\"name\":\"Loja C\u00e1rita\",\"url\":\"https:\\\/\\\/www.lojacarita.com.br\\\/loja\\\/\",\"logo\":{\"@type\":\"ImageObject\",\"inLanguage\":\"pt-BR\",\"@id\":\"https:\\\/\\\/www.lojacarita.com.br\\\/loja\\\/#\\\/schema\\\/logo\\\/image\\\/\",\"url\":\"http:\\\/\\\/www.lojacarita.com.br\\\/loja2021\\\/wp-content\\\/uploads\\\/2021\\\/05\\\/favicon.png\",\"contentUrl\":\"http:\\\/\\\/www.lojacarita.com.br\\\/loja2021\\\/wp-content\\\/uploads\\\/2021\\\/05\\\/favicon.png\",\"width\":512,\"height\":512,\"caption\":\"Loja C\u00e1rita\"},\"image\":{\"@id\":\"https:\\\/\\\/www.lojacarita.com.br\\\/loja\\\/#\\\/schema\\\/logo\\\/image\\\/\"}}]}<\/script>\n<!-- \/ Yoast SEO plugin. -->","yoast_head_json":{"title":"E-book Doce Palabras Amigas - Loja C\u00e1rita","robots":{"index":"index","follow":"follow","max-snippet":"max-snippet:-1","max-image-preview":"max-image-preview:large","max-video-preview":"max-video-preview:-1"},"canonical":"https:\/\/www.lojacarita.com.br\/loja\/product\/e-book-doce-palabras-amigas\/","og_locale":"pt_BR","og_type":"article","og_title":"E-book Doce Palabras Amigas - Loja C\u00e1rita","og_description":"Este tratamiento se compone de doce temas llamados palabras amigas. Traen un cuerpo de ideas y reflexiones para ayudarnos en momentos dif\u00edciles. Las palabras deben o\u00edrse en secuencia indicada. Debes escoger un d\u00eda de la semana y un horario y, en este d\u00eda y horario escogidos, o\u00edr la palabra amiga y meditar, y esto se convertir\u00e1 en oraci\u00f3n y socorro espiritual. La casa de oraci\u00f3n que ha producido este material tiene su tratamiento de auxilio los lunes, y si deseas sintonizar con esta psicosfera con este ambiente espiritual, basta escoger este d\u00eda de la semana para tu proceso de cura, autocura, autoayuda o la b\u00fasqueda de la ayuda de lo alto, del alt\u00edsimo misterio divino, que nos quiere ver vivos y plenos, pues para eso cre\u00f3 su obra.","og_url":"https:\/\/www.lojacarita.com.br\/loja\/product\/e-book-doce-palabras-amigas\/","og_site_name":"Loja C\u00e1rita","article_modified_time":"2025-02-07T00:21:34+00:00","og_image":[{"width":1200,"height":1200,"url":"https:\/\/www.lojacarita.com.br\/loja\/wp-content\/uploads\/2024\/12\/Ebook-Doce-Palabras-Amigas-1200x1200.jpg","type":"image\/jpeg"}],"twitter_card":"summary_large_image","twitter_misc":{"Est. tempo de leitura":"1 minuto"},"schema":{"@context":"https:\/\/schema.org","@graph":[{"@type":"WebPage","@id":"https:\/\/www.lojacarita.com.br\/loja\/product\/e-book-doce-palabras-amigas\/","url":"https:\/\/www.lojacarita.com.br\/loja\/product\/e-book-doce-palabras-amigas\/","name":"E-book Doce Palabras Amigas - Loja C\u00e1rita","isPartOf":{"@id":"https:\/\/www.lojacarita.com.br\/loja\/#website"},"primaryImageOfPage":{"@id":"https:\/\/www.lojacarita.com.br\/loja\/product\/e-book-doce-palabras-amigas\/#primaryimage"},"image":{"@id":"https:\/\/www.lojacarita.com.br\/loja\/product\/e-book-doce-palabras-amigas\/#primaryimage"},"thumbnailUrl":"https:\/\/www.lojacarita.com.br\/loja\/wp-content\/uploads\/2024\/12\/Ebook-Doce-Palabras-Amigas.jpg","datePublished":"2024-12-05T13:36:48+00:00","dateModified":"2025-02-07T00:21:34+00:00","breadcrumb":{"@id":"https:\/\/www.lojacarita.com.br\/loja\/product\/e-book-doce-palabras-amigas\/#breadcrumb"},"inLanguage":"pt-BR","potentialAction":[{"@type":"ReadAction","target":["https:\/\/www.lojacarita.com.br\/loja\/product\/e-book-doce-palabras-amigas\/"]}]},{"@type":"ImageObject","inLanguage":"pt-BR","@id":"https:\/\/www.lojacarita.com.br\/loja\/product\/e-book-doce-palabras-amigas\/#primaryimage","url":"https:\/\/www.lojacarita.com.br\/loja\/wp-content\/uploads\/2024\/12\/Ebook-Doce-Palabras-Amigas.jpg","contentUrl":"https:\/\/www.lojacarita.com.br\/loja\/wp-content\/uploads\/2024\/12\/Ebook-Doce-Palabras-Amigas.jpg","width":2550,"height":2550},{"@type":"BreadcrumbList","@id":"https:\/\/www.lojacarita.com.br\/loja\/product\/e-book-doce-palabras-amigas\/#breadcrumb","itemListElement":[{"@type":"ListItem","position":1,"name":"In\u00edcio","item":"https:\/\/www.lojacarita.com.br\/loja\/"},{"@type":"ListItem","position":2,"name":"Produtos","item":"https:\/\/www.lojacarita.com.br\/loja\/nossos-produtos\/"},{"@type":"ListItem","position":3,"name":"E-book Doce Palabras Amigas"}]},{"@type":"WebSite","@id":"https:\/\/www.lojacarita.com.br\/loja\/#website","url":"https:\/\/www.lojacarita.com.br\/loja\/","name":"Loja C\u00e1rita","description":"Amai-vos e instrui-vos! Esp\u00edrito de Verdade","publisher":{"@id":"https:\/\/www.lojacarita.com.br\/loja\/#organization"},"potentialAction":[{"@type":"SearchAction","target":{"@type":"EntryPoint","urlTemplate":"https:\/\/www.lojacarita.com.br\/loja\/?s={search_term_string}"},"query-input":{"@type":"PropertyValueSpecification","valueRequired":true,"valueName":"search_term_string"}}],"inLanguage":"pt-BR"},{"@type":"Organization","@id":"https:\/\/www.lojacarita.com.br\/loja\/#organization","name":"Loja C\u00e1rita","url":"https:\/\/www.lojacarita.com.br\/loja\/","logo":{"@type":"ImageObject","inLanguage":"pt-BR","@id":"https:\/\/www.lojacarita.com.br\/loja\/#\/schema\/logo\/image\/","url":"http:\/\/www.lojacarita.com.br\/loja2021\/wp-content\/uploads\/2021\/05\/favicon.png","contentUrl":"http:\/\/www.lojacarita.com.br\/loja2021\/wp-content\/uploads\/2021\/05\/favicon.png","width":512,"height":512,"caption":"Loja C\u00e1rita"},"image":{"@id":"https:\/\/www.lojacarita.com.br\/loja\/#\/schema\/logo\/image\/"}}]}},"_links":{"self":[{"href":"https:\/\/www.lojacarita.com.br\/loja\/wp-json\/wp\/v2\/product\/1835","targetHints":{"allow":["GET"]}}],"collection":[{"href":"https:\/\/www.lojacarita.com.br\/loja\/wp-json\/wp\/v2\/product"}],"about":[{"href":"https:\/\/www.lojacarita.com.br\/loja\/wp-json\/wp\/v2\/types\/product"}],"wp:featuredmedia":[{"embeddable":true,"href":"https:\/\/www.lojacarita.com.br\/loja\/wp-json\/wp\/v2\/media\/1838"}],"wp:attachment":[{"href":"https:\/\/www.lojacarita.com.br\/loja\/wp-json\/wp\/v2\/media?parent=1835"}],"wp:term":[{"taxonomy":"product_brand","embeddable":true,"href":"https:\/\/www.lojacarita.com.br\/loja\/wp-json\/wp\/v2\/product_brand?post=1835"},{"taxonomy":"product_cat","embeddable":true,"href":"https:\/\/www.lojacarita.com.br\/loja\/wp-json\/wp\/v2\/product_cat?post=1835"},{"taxonomy":"product_tag","embeddable":true,"href":"https:\/\/www.lojacarita.com.br\/loja\/wp-json\/wp\/v2\/product_tag?post=1835"}],"curies":[{"name":"wp","href":"https:\/\/api.w.org\/{rel}","templated":true}]}}