{"id":1624,"date":"2024-01-31T09:20:50","date_gmt":"2024-01-31T12:20:50","guid":{"rendered":"https:\/\/www.lojacarita.com.br\/loja\/?post_type=product&#038;p=1624"},"modified":"2024-10-19T16:10:27","modified_gmt":"2024-10-19T19:10:27","slug":"curas-la-accion-de-la-fe-en-el-cuerpo-enfermo","status":"publish","type":"product","link":"https:\/\/www.lojacarita.com.br\/loja\/product\/curas-la-accion-de-la-fe-en-el-cuerpo-enfermo\/","title":{"rendered":"Curas la Acci\u00f3n de la Fe en el Cuerpo Enfermo"},"content":{"rendered":"<p><span style=\"font-weight: 400\">A f\u00e9 nos cura. \u201cA tua f\u00e9 te curou&#8230;\u201d Este livro investiga esta m\u00e1xima crist\u00e3, procurando formas de resolver os nossos problemas de sa\u00fade. Atrav\u00e9s da terceira revela\u00e7\u00e3o, descobrimos um horizonte imenso sobre as premissas insalubres da alma.<\/span><\/p>\n<p><span style=\"font-weight: 400\">Cole\u00e7\u00e3o de ora\u00e7\u00f5es e mensagens buscando formas de solucionar nossos problemas de sa\u00fade.<\/span><\/p>\n","protected":false},"excerpt":{"rendered":"<p>A f\u00e9 nos cura. \u201cA tua f\u00e9 te curou&#8230;\u201d Este livro investiga esta m\u00e1xima crist\u00e3, procurando formas de resolver os nossos problemas de sa\u00fade. Atrav\u00e9s da terceira revela\u00e7\u00e3o, descobrimos um horizonte imenso sobre as premissas insalubres da alma. Cole\u00e7\u00e3o de ora\u00e7\u00f5es e mensagens buscando formas de solucionar nossos problemas de sa\u00fade.<\/p>\n","protected":false},"featured_media":1611,"template":"","meta":[],"product_brand":[],"product_cat":[74,84,91],"product_tag":[],"class_list":{"0":"post-1624","1":"product","2":"type-product","3":"status-publish","4":"has-post-thumbnail","6":"product_cat-kits-em-castellano","7":"product_cat-curas","8":"product_cat-kit-curas","10":"first","11":"instock","12":"downloadable","13":"virtual","14":"purchasable","15":"product-type-simple"},"acf":[],"yoast_head":"<!-- This site is optimized with the Yoast SEO plugin v27.4 - https:\/\/yoast.com\/product\/yoast-seo-wordpress\/ -->\n<title>Curas la Acci\u00f3n de la Fe en el Cuerpo Enfermo - Loja C\u00e1rita<\/title>\n<meta name=\"robots\" content=\"index, follow, max-snippet:-1, max-image-preview:large, max-video-preview:-1\" \/>\n<link rel=\"canonical\" href=\"https:\/\/www.lojacarita.com.br\/loja\/product\/curas-la-accion-de-la-fe-en-el-cuerpo-enfermo\/\" \/>\n<meta property=\"og:locale\" content=\"pt_BR\" \/>\n<meta property=\"og:type\" content=\"article\" \/>\n<meta property=\"og:title\" content=\"Curas la Acci\u00f3n de la Fe en el Cuerpo Enfermo - Loja C\u00e1rita\" \/>\n<meta property=\"og:description\" content=\"A f\u00e9 nos cura. \u201cA tua f\u00e9 te curou&#8230;\u201d Este livro investiga esta m\u00e1xima crist\u00e3, procurando formas de resolver os nossos problemas de sa\u00fade. Atrav\u00e9s da terceira revela\u00e7\u00e3o, descobrimos um horizonte imenso sobre as premissas insalubres da alma. Cole\u00e7\u00e3o de ora\u00e7\u00f5es e mensagens buscando formas de solucionar nossos problemas de sa\u00fade.\" \/>\n<meta property=\"og:url\" content=\"https:\/\/www.lojacarita.com.br\/loja\/product\/curas-la-accion-de-la-fe-en-el-cuerpo-enfermo\/\" \/>\n<meta property=\"og:site_name\" content=\"Loja C\u00e1rita\" \/>\n<meta property=\"article:modified_time\" content=\"2024-10-19T19:10:27+00:00\" \/>\n<meta property=\"og:image\" content=\"https:\/\/www.lojacarita.com.br\/loja\/wp-content\/uploads\/2024\/01\/ebook-Curas-La-Accion-de-la-fe-en-el-Cuerpo-Enfermo_CAPA-e1706702418583.jpg\" \/>\n\t<meta property=\"og:image:width\" content=\"500\" \/>\n\t<meta property=\"og:image:height\" content=\"500\" \/>\n\t<meta property=\"og:image:type\" content=\"image\/jpeg\" \/>\n<meta name=\"twitter:card\" content=\"summary_large_image\" \/>\n<meta name=\"twitter:label1\" content=\"Est. tempo de leitura\" \/>\n\t<meta name=\"twitter:data1\" content=\"1 minuto\" \/>\n<script type=\"application\/ld+json\" class=\"yoast-schema-graph\">{\"@context\":\"https:\\\/\\\/schema.org\",\"@graph\":[{\"@type\":\"WebPage\",\"@id\":\"https:\\\/\\\/www.lojacarita.com.br\\\/loja\\\/product\\\/curas-la-accion-de-la-fe-en-el-cuerpo-enfermo\\\/\",\"url\":\"https:\\\/\\\/www.lojacarita.com.br\\\/loja\\\/product\\\/curas-la-accion-de-la-fe-en-el-cuerpo-enfermo\\\/\",\"name\":\"Curas la Acci\u00f3n de la Fe en el Cuerpo Enfermo - Loja C\u00e1rita\",\"isPartOf\":{\"@id\":\"https:\\\/\\\/www.lojacarita.com.br\\\/loja\\\/#website\"},\"primaryImageOfPage\":{\"@id\":\"https:\\\/\\\/www.lojacarita.com.br\\\/loja\\\/product\\\/curas-la-accion-de-la-fe-en-el-cuerpo-enfermo\\\/#primaryimage\"},\"image\":{\"@id\":\"https:\\\/\\\/www.lojacarita.com.br\\\/loja\\\/product\\\/curas-la-accion-de-la-fe-en-el-cuerpo-enfermo\\\/#primaryimage\"},\"thumbnailUrl\":\"https:\\\/\\\/www.lojacarita.com.br\\\/loja\\\/wp-content\\\/uploads\\\/2024\\\/01\\\/ebook-Curas-La-Accion-de-la-fe-en-el-Cuerpo-Enfermo_CAPA-e1706702418583.jpg\",\"datePublished\":\"2024-01-31T12:20:50+00:00\",\"dateModified\":\"2024-10-19T19:10:27+00:00\",\"breadcrumb\":{\"@id\":\"https:\\\/\\\/www.lojacarita.com.br\\\/loja\\\/product\\\/curas-la-accion-de-la-fe-en-el-cuerpo-enfermo\\\/#breadcrumb\"},\"inLanguage\":\"pt-BR\",\"potentialAction\":[{\"@type\":\"ReadAction\",\"target\":[\"https:\\\/\\\/www.lojacarita.com.br\\\/loja\\\/product\\\/curas-la-accion-de-la-fe-en-el-cuerpo-enfermo\\\/\"]}]},{\"@type\":\"ImageObject\",\"inLanguage\":\"pt-BR\",\"@id\":\"https:\\\/\\\/www.lojacarita.com.br\\\/loja\\\/product\\\/curas-la-accion-de-la-fe-en-el-cuerpo-enfermo\\\/#primaryimage\",\"url\":\"https:\\\/\\\/www.lojacarita.com.br\\\/loja\\\/wp-content\\\/uploads\\\/2024\\\/01\\\/ebook-Curas-La-Accion-de-la-fe-en-el-Cuerpo-Enfermo_CAPA-e1706702418583.jpg\",\"contentUrl\":\"https:\\\/\\\/www.lojacarita.com.br\\\/loja\\\/wp-content\\\/uploads\\\/2024\\\/01\\\/ebook-Curas-La-Accion-de-la-fe-en-el-Cuerpo-Enfermo_CAPA-e1706702418583.jpg\",\"width\":500,\"height\":500,\"caption\":\"Curas La acci\u00f3n de La Fe En El Cuerpo Enfermo\"},{\"@type\":\"BreadcrumbList\",\"@id\":\"https:\\\/\\\/www.lojacarita.com.br\\\/loja\\\/product\\\/curas-la-accion-de-la-fe-en-el-cuerpo-enfermo\\\/#breadcrumb\",\"itemListElement\":[{\"@type\":\"ListItem\",\"position\":1,\"name\":\"In\u00edcio\",\"item\":\"https:\\\/\\\/www.lojacarita.com.br\\\/loja\\\/\"},{\"@type\":\"ListItem\",\"position\":2,\"name\":\"Produtos\",\"item\":\"https:\\\/\\\/www.lojacarita.com.br\\\/loja\\\/nossos-produtos\\\/\"},{\"@type\":\"ListItem\",\"position\":3,\"name\":\"Curas la Acci\u00f3n de la Fe en el Cuerpo Enfermo\"}]},{\"@type\":\"WebSite\",\"@id\":\"https:\\\/\\\/www.lojacarita.com.br\\\/loja\\\/#website\",\"url\":\"https:\\\/\\\/www.lojacarita.com.br\\\/loja\\\/\",\"name\":\"Loja C\u00e1rita\",\"description\":\"Amai-vos e instrui-vos! Esp\u00edrito de Verdade\",\"publisher\":{\"@id\":\"https:\\\/\\\/www.lojacarita.com.br\\\/loja\\\/#organization\"},\"potentialAction\":[{\"@type\":\"SearchAction\",\"target\":{\"@type\":\"EntryPoint\",\"urlTemplate\":\"https:\\\/\\\/www.lojacarita.com.br\\\/loja\\\/?s={search_term_string}\"},\"query-input\":{\"@type\":\"PropertyValueSpecification\",\"valueRequired\":true,\"valueName\":\"search_term_string\"}}],\"inLanguage\":\"pt-BR\"},{\"@type\":\"Organization\",\"@id\":\"https:\\\/\\\/www.lojacarita.com.br\\\/loja\\\/#organization\",\"name\":\"Loja C\u00e1rita\",\"url\":\"https:\\\/\\\/www.lojacarita.com.br\\\/loja\\\/\",\"logo\":{\"@type\":\"ImageObject\",\"inLanguage\":\"pt-BR\",\"@id\":\"https:\\\/\\\/www.lojacarita.com.br\\\/loja\\\/#\\\/schema\\\/logo\\\/image\\\/\",\"url\":\"http:\\\/\\\/www.lojacarita.com.br\\\/loja2021\\\/wp-content\\\/uploads\\\/2021\\\/05\\\/favicon.png\",\"contentUrl\":\"http:\\\/\\\/www.lojacarita.com.br\\\/loja2021\\\/wp-content\\\/uploads\\\/2021\\\/05\\\/favicon.png\",\"width\":512,\"height\":512,\"caption\":\"Loja C\u00e1rita\"},\"image\":{\"@id\":\"https:\\\/\\\/www.lojacarita.com.br\\\/loja\\\/#\\\/schema\\\/logo\\\/image\\\/\"}}]}<\/script>\n<!-- \/ Yoast SEO plugin. -->","yoast_head_json":{"title":"Curas la Acci\u00f3n de la Fe en el Cuerpo Enfermo - Loja C\u00e1rita","robots":{"index":"index","follow":"follow","max-snippet":"max-snippet:-1","max-image-preview":"max-image-preview:large","max-video-preview":"max-video-preview:-1"},"canonical":"https:\/\/www.lojacarita.com.br\/loja\/product\/curas-la-accion-de-la-fe-en-el-cuerpo-enfermo\/","og_locale":"pt_BR","og_type":"article","og_title":"Curas la Acci\u00f3n de la Fe en el Cuerpo Enfermo - Loja C\u00e1rita","og_description":"A f\u00e9 nos cura. \u201cA tua f\u00e9 te curou&#8230;\u201d Este livro investiga esta m\u00e1xima crist\u00e3, procurando formas de resolver os nossos problemas de sa\u00fade. Atrav\u00e9s da terceira revela\u00e7\u00e3o, descobrimos um horizonte imenso sobre as premissas insalubres da alma. Cole\u00e7\u00e3o de ora\u00e7\u00f5es e mensagens buscando formas de solucionar nossos problemas de sa\u00fade.","og_url":"https:\/\/www.lojacarita.com.br\/loja\/product\/curas-la-accion-de-la-fe-en-el-cuerpo-enfermo\/","og_site_name":"Loja C\u00e1rita","article_modified_time":"2024-10-19T19:10:27+00:00","og_image":[{"width":500,"height":500,"url":"https:\/\/www.lojacarita.com.br\/loja\/wp-content\/uploads\/2024\/01\/ebook-Curas-La-Accion-de-la-fe-en-el-Cuerpo-Enfermo_CAPA-e1706702418583.jpg","type":"image\/jpeg"}],"twitter_card":"summary_large_image","twitter_misc":{"Est. tempo de leitura":"1 minuto"},"schema":{"@context":"https:\/\/schema.org","@graph":[{"@type":"WebPage","@id":"https:\/\/www.lojacarita.com.br\/loja\/product\/curas-la-accion-de-la-fe-en-el-cuerpo-enfermo\/","url":"https:\/\/www.lojacarita.com.br\/loja\/product\/curas-la-accion-de-la-fe-en-el-cuerpo-enfermo\/","name":"Curas la Acci\u00f3n de la Fe en el Cuerpo Enfermo - Loja C\u00e1rita","isPartOf":{"@id":"https:\/\/www.lojacarita.com.br\/loja\/#website"},"primaryImageOfPage":{"@id":"https:\/\/www.lojacarita.com.br\/loja\/product\/curas-la-accion-de-la-fe-en-el-cuerpo-enfermo\/#primaryimage"},"image":{"@id":"https:\/\/www.lojacarita.com.br\/loja\/product\/curas-la-accion-de-la-fe-en-el-cuerpo-enfermo\/#primaryimage"},"thumbnailUrl":"https:\/\/www.lojacarita.com.br\/loja\/wp-content\/uploads\/2024\/01\/ebook-Curas-La-Accion-de-la-fe-en-el-Cuerpo-Enfermo_CAPA-e1706702418583.jpg","datePublished":"2024-01-31T12:20:50+00:00","dateModified":"2024-10-19T19:10:27+00:00","breadcrumb":{"@id":"https:\/\/www.lojacarita.com.br\/loja\/product\/curas-la-accion-de-la-fe-en-el-cuerpo-enfermo\/#breadcrumb"},"inLanguage":"pt-BR","potentialAction":[{"@type":"ReadAction","target":["https:\/\/www.lojacarita.com.br\/loja\/product\/curas-la-accion-de-la-fe-en-el-cuerpo-enfermo\/"]}]},{"@type":"ImageObject","inLanguage":"pt-BR","@id":"https:\/\/www.lojacarita.com.br\/loja\/product\/curas-la-accion-de-la-fe-en-el-cuerpo-enfermo\/#primaryimage","url":"https:\/\/www.lojacarita.com.br\/loja\/wp-content\/uploads\/2024\/01\/ebook-Curas-La-Accion-de-la-fe-en-el-Cuerpo-Enfermo_CAPA-e1706702418583.jpg","contentUrl":"https:\/\/www.lojacarita.com.br\/loja\/wp-content\/uploads\/2024\/01\/ebook-Curas-La-Accion-de-la-fe-en-el-Cuerpo-Enfermo_CAPA-e1706702418583.jpg","width":500,"height":500,"caption":"Curas La acci\u00f3n de La Fe En El Cuerpo Enfermo"},{"@type":"BreadcrumbList","@id":"https:\/\/www.lojacarita.com.br\/loja\/product\/curas-la-accion-de-la-fe-en-el-cuerpo-enfermo\/#breadcrumb","itemListElement":[{"@type":"ListItem","position":1,"name":"In\u00edcio","item":"https:\/\/www.lojacarita.com.br\/loja\/"},{"@type":"ListItem","position":2,"name":"Produtos","item":"https:\/\/www.lojacarita.com.br\/loja\/nossos-produtos\/"},{"@type":"ListItem","position":3,"name":"Curas la Acci\u00f3n de la Fe en el Cuerpo Enfermo"}]},{"@type":"WebSite","@id":"https:\/\/www.lojacarita.com.br\/loja\/#website","url":"https:\/\/www.lojacarita.com.br\/loja\/","name":"Loja C\u00e1rita","description":"Amai-vos e instrui-vos! Esp\u00edrito de Verdade","publisher":{"@id":"https:\/\/www.lojacarita.com.br\/loja\/#organization"},"potentialAction":[{"@type":"SearchAction","target":{"@type":"EntryPoint","urlTemplate":"https:\/\/www.lojacarita.com.br\/loja\/?s={search_term_string}"},"query-input":{"@type":"PropertyValueSpecification","valueRequired":true,"valueName":"search_term_string"}}],"inLanguage":"pt-BR"},{"@type":"Organization","@id":"https:\/\/www.lojacarita.com.br\/loja\/#organization","name":"Loja C\u00e1rita","url":"https:\/\/www.lojacarita.com.br\/loja\/","logo":{"@type":"ImageObject","inLanguage":"pt-BR","@id":"https:\/\/www.lojacarita.com.br\/loja\/#\/schema\/logo\/image\/","url":"http:\/\/www.lojacarita.com.br\/loja2021\/wp-content\/uploads\/2021\/05\/favicon.png","contentUrl":"http:\/\/www.lojacarita.com.br\/loja2021\/wp-content\/uploads\/2021\/05\/favicon.png","width":512,"height":512,"caption":"Loja C\u00e1rita"},"image":{"@id":"https:\/\/www.lojacarita.com.br\/loja\/#\/schema\/logo\/image\/"}}]}},"_links":{"self":[{"href":"https:\/\/www.lojacarita.com.br\/loja\/wp-json\/wp\/v2\/product\/1624","targetHints":{"allow":["GET"]}}],"collection":[{"href":"https:\/\/www.lojacarita.com.br\/loja\/wp-json\/wp\/v2\/product"}],"about":[{"href":"https:\/\/www.lojacarita.com.br\/loja\/wp-json\/wp\/v2\/types\/product"}],"wp:featuredmedia":[{"embeddable":true,"href":"https:\/\/www.lojacarita.com.br\/loja\/wp-json\/wp\/v2\/media\/1611"}],"wp:attachment":[{"href":"https:\/\/www.lojacarita.com.br\/loja\/wp-json\/wp\/v2\/media?parent=1624"}],"wp:term":[{"taxonomy":"product_brand","embeddable":true,"href":"https:\/\/www.lojacarita.com.br\/loja\/wp-json\/wp\/v2\/product_brand?post=1624"},{"taxonomy":"product_cat","embeddable":true,"href":"https:\/\/www.lojacarita.com.br\/loja\/wp-json\/wp\/v2\/product_cat?post=1624"},{"taxonomy":"product_tag","embeddable":true,"href":"https:\/\/www.lojacarita.com.br\/loja\/wp-json\/wp\/v2\/product_tag?post=1624"}],"curies":[{"name":"wp","href":"https:\/\/api.w.org\/{rel}","templated":true}]}}