{"id":1533,"date":"2023-11-03T14:42:30","date_gmt":"2023-11-03T17:42:30","guid":{"rendered":"https:\/\/www.lojacarita.com.br\/loja\/product\/mp3-doce-palabras-amigas-espanhol\/"},"modified":"2025-02-05T18:25:52","modified_gmt":"2025-02-05T21:25:52","slug":"mp3-doce-palabras-amigas-espanhol","status":"publish","type":"product","link":"https:\/\/www.lojacarita.com.br\/loja\/product\/mp3-doce-palabras-amigas-espanhol\/","title":{"rendered":"MP3 Doce palabras amigas (Espanhol) Con apostilla"},"content":{"rendered":"<p>MP3 Doce palabras amigas. Contiene 13 audios en formato MP3 con la grabaci\u00f3n de mensajes psicof\u00f3nicos recibidos a trav\u00e9s de la m\u00e9dium Eliana dos Santos y el ebook de 102 p\u00e1ginas en formato PDF con el texto de cada uno de los audios.<\/p>\n<p>Hay un audio para cada una de las palabras amigas. Fueron creados como material complementario al libro Doce palabras amigas. Juntos constituyen un tratamiento para liberarnos de pensamientos fijos, de emociones infelices, turbulencias, desesperanzas o incluso de problemas sin soluciones.<\/p>\n<p>Duraci\u00f3n: 3 horas y 9 minutos<\/p>\n<ol>\n<li>Introducci\u00f3n\u00a0 \u00a0 3:07<\/li>\n<li>Primera palabra amiga: La noche del alma\u00a0 \u00a0 10:46<\/li>\n<li>Segunda palabra amiga: Definiciones\u00a0 \u00a0 13:44<\/li>\n<li>Tercera palabra amiga: S\u00edntomas\u00a0 \u00a0 21:00<\/li>\n<li>Cuarta palabra amiga: Tratamiento\u00a0 \u00a0 12:24<\/li>\n<li>Quinta palabra amiga: Oraci\u00f3n\u00a0 \u00a0 15:18<\/li>\n<li>Sexta palabra amiga: Caridad\u00a0 \u00a0 18:00<\/li>\n<li>S\u00e9ptima palabra amiga: Verdad\u00a0 \u00a0 17:08<\/li>\n<li>Octava palabra amiga: Ley de Dios\u00a0 \u00a0 16:12<\/li>\n<li>Novena palabra amiga: Perseverancia\u00a0 \u00a0 20:48<\/li>\n<li>D\u00e9cima palabra amiga: Libertad\u00a0 \u00a0 10:53<\/li>\n<li>D\u00e9cima primera palabra amiga: Perd\u00f3n\u00a0 \u00a0 21:43<\/li>\n<li>D\u00e9cima segunda palabra amiga: Fe\u00a0 \u00a0 8:27<\/li>\n<\/ol>\n","protected":false},"excerpt":{"rendered":"<p>MP3 Doce palabras amigas. Contiene 13 audios en formato MP3 con la grabaci\u00f3n de mensajes psicof\u00f3nicos recibidos a trav\u00e9s de la m\u00e9dium Eliana dos Santos y el ebook de 102 p\u00e1ginas en formato PDF con el texto de cada uno de los audios. Hay un audio para cada una de las palabras amigas. Fueron creados &hellip; <a href=\"https:\/\/www.lojacarita.com.br\/loja\/product\/mp3-doce-palabras-amigas-espanhol\/\">Continua<\/a><\/p>\n","protected":false},"featured_media":1838,"template":"","meta":[],"product_brand":[],"product_cat":[74,94],"product_tag":[],"class_list":{"0":"post-1533","1":"product","2":"type-product","3":"status-publish","4":"has-post-thumbnail","6":"product_cat-kits-em-castellano","7":"product_cat-cura-del-alma","9":"first","10":"instock","11":"sale","12":"downloadable","13":"virtual","14":"purchasable","15":"product-type-simple"},"acf":[],"yoast_head":"<!-- This site is optimized with the Yoast SEO plugin v27.4 - https:\/\/yoast.com\/product\/yoast-seo-wordpress\/ -->\n<title>MP3 Doce palabras amigas (Espanhol) Con apostilla - Loja C\u00e1rita<\/title>\n<meta name=\"robots\" content=\"index, follow, max-snippet:-1, max-image-preview:large, max-video-preview:-1\" \/>\n<link rel=\"canonical\" href=\"https:\/\/www.lojacarita.com.br\/loja\/product\/mp3-doce-palabras-amigas-espanhol\/\" \/>\n<meta property=\"og:locale\" content=\"pt_BR\" \/>\n<meta property=\"og:type\" content=\"article\" \/>\n<meta property=\"og:title\" content=\"MP3 Doce palabras amigas (Espanhol) Con apostilla - Loja C\u00e1rita\" \/>\n<meta property=\"og:description\" content=\"MP3 Doce palabras amigas. Contiene 13 audios en formato MP3 con la grabaci\u00f3n de mensajes psicof\u00f3nicos recibidos a trav\u00e9s de la m\u00e9dium Eliana dos Santos y el ebook de 102 p\u00e1ginas en formato PDF con el texto de cada uno de los audios. Hay un audio para cada una de las palabras amigas. Fueron creados &hellip; Continua\" \/>\n<meta property=\"og:url\" content=\"https:\/\/www.lojacarita.com.br\/loja\/product\/mp3-doce-palabras-amigas-espanhol\/\" \/>\n<meta property=\"og:site_name\" content=\"Loja C\u00e1rita\" \/>\n<meta property=\"article:modified_time\" content=\"2025-02-05T21:25:52+00:00\" \/>\n<meta property=\"og:image\" content=\"https:\/\/www.lojacarita.com.br\/loja\/wp-content\/uploads\/2024\/12\/Ebook-Doce-Palabras-Amigas-1200x1200.jpg\" \/>\n\t<meta property=\"og:image:width\" content=\"1200\" \/>\n\t<meta property=\"og:image:height\" content=\"1200\" \/>\n\t<meta property=\"og:image:type\" content=\"image\/jpeg\" \/>\n<meta name=\"twitter:card\" content=\"summary_large_image\" \/>\n<meta name=\"twitter:label1\" content=\"Est. tempo de leitura\" \/>\n\t<meta name=\"twitter:data1\" content=\"2 minutos\" \/>\n<script type=\"application\/ld+json\" class=\"yoast-schema-graph\">{\"@context\":\"https:\\\/\\\/schema.org\",\"@graph\":[{\"@type\":\"WebPage\",\"@id\":\"https:\\\/\\\/www.lojacarita.com.br\\\/loja\\\/product\\\/mp3-doce-palabras-amigas-espanhol\\\/\",\"url\":\"https:\\\/\\\/www.lojacarita.com.br\\\/loja\\\/product\\\/mp3-doce-palabras-amigas-espanhol\\\/\",\"name\":\"MP3 Doce palabras amigas (Espanhol) Con apostilla - Loja C\u00e1rita\",\"isPartOf\":{\"@id\":\"https:\\\/\\\/www.lojacarita.com.br\\\/loja\\\/#website\"},\"primaryImageOfPage\":{\"@id\":\"https:\\\/\\\/www.lojacarita.com.br\\\/loja\\\/product\\\/mp3-doce-palabras-amigas-espanhol\\\/#primaryimage\"},\"image\":{\"@id\":\"https:\\\/\\\/www.lojacarita.com.br\\\/loja\\\/product\\\/mp3-doce-palabras-amigas-espanhol\\\/#primaryimage\"},\"thumbnailUrl\":\"https:\\\/\\\/www.lojacarita.com.br\\\/loja\\\/wp-content\\\/uploads\\\/2024\\\/12\\\/Ebook-Doce-Palabras-Amigas.jpg\",\"datePublished\":\"2023-11-03T17:42:30+00:00\",\"dateModified\":\"2025-02-05T21:25:52+00:00\",\"breadcrumb\":{\"@id\":\"https:\\\/\\\/www.lojacarita.com.br\\\/loja\\\/product\\\/mp3-doce-palabras-amigas-espanhol\\\/#breadcrumb\"},\"inLanguage\":\"pt-BR\",\"potentialAction\":[{\"@type\":\"ReadAction\",\"target\":[\"https:\\\/\\\/www.lojacarita.com.br\\\/loja\\\/product\\\/mp3-doce-palabras-amigas-espanhol\\\/\"]}]},{\"@type\":\"ImageObject\",\"inLanguage\":\"pt-BR\",\"@id\":\"https:\\\/\\\/www.lojacarita.com.br\\\/loja\\\/product\\\/mp3-doce-palabras-amigas-espanhol\\\/#primaryimage\",\"url\":\"https:\\\/\\\/www.lojacarita.com.br\\\/loja\\\/wp-content\\\/uploads\\\/2024\\\/12\\\/Ebook-Doce-Palabras-Amigas.jpg\",\"contentUrl\":\"https:\\\/\\\/www.lojacarita.com.br\\\/loja\\\/wp-content\\\/uploads\\\/2024\\\/12\\\/Ebook-Doce-Palabras-Amigas.jpg\",\"width\":2550,\"height\":2550},{\"@type\":\"BreadcrumbList\",\"@id\":\"https:\\\/\\\/www.lojacarita.com.br\\\/loja\\\/product\\\/mp3-doce-palabras-amigas-espanhol\\\/#breadcrumb\",\"itemListElement\":[{\"@type\":\"ListItem\",\"position\":1,\"name\":\"In\u00edcio\",\"item\":\"https:\\\/\\\/www.lojacarita.com.br\\\/loja\\\/\"},{\"@type\":\"ListItem\",\"position\":2,\"name\":\"Produtos\",\"item\":\"https:\\\/\\\/www.lojacarita.com.br\\\/loja\\\/nossos-produtos\\\/\"},{\"@type\":\"ListItem\",\"position\":3,\"name\":\"MP3 Doce palabras amigas (Espanhol) Con apostilla\"}]},{\"@type\":\"WebSite\",\"@id\":\"https:\\\/\\\/www.lojacarita.com.br\\\/loja\\\/#website\",\"url\":\"https:\\\/\\\/www.lojacarita.com.br\\\/loja\\\/\",\"name\":\"Loja C\u00e1rita\",\"description\":\"Amai-vos e instrui-vos! Esp\u00edrito de Verdade\",\"publisher\":{\"@id\":\"https:\\\/\\\/www.lojacarita.com.br\\\/loja\\\/#organization\"},\"potentialAction\":[{\"@type\":\"SearchAction\",\"target\":{\"@type\":\"EntryPoint\",\"urlTemplate\":\"https:\\\/\\\/www.lojacarita.com.br\\\/loja\\\/?s={search_term_string}\"},\"query-input\":{\"@type\":\"PropertyValueSpecification\",\"valueRequired\":true,\"valueName\":\"search_term_string\"}}],\"inLanguage\":\"pt-BR\"},{\"@type\":\"Organization\",\"@id\":\"https:\\\/\\\/www.lojacarita.com.br\\\/loja\\\/#organization\",\"name\":\"Loja C\u00e1rita\",\"url\":\"https:\\\/\\\/www.lojacarita.com.br\\\/loja\\\/\",\"logo\":{\"@type\":\"ImageObject\",\"inLanguage\":\"pt-BR\",\"@id\":\"https:\\\/\\\/www.lojacarita.com.br\\\/loja\\\/#\\\/schema\\\/logo\\\/image\\\/\",\"url\":\"http:\\\/\\\/www.lojacarita.com.br\\\/loja2021\\\/wp-content\\\/uploads\\\/2021\\\/05\\\/favicon.png\",\"contentUrl\":\"http:\\\/\\\/www.lojacarita.com.br\\\/loja2021\\\/wp-content\\\/uploads\\\/2021\\\/05\\\/favicon.png\",\"width\":512,\"height\":512,\"caption\":\"Loja C\u00e1rita\"},\"image\":{\"@id\":\"https:\\\/\\\/www.lojacarita.com.br\\\/loja\\\/#\\\/schema\\\/logo\\\/image\\\/\"}}]}<\/script>\n<!-- \/ Yoast SEO plugin. -->","yoast_head_json":{"title":"MP3 Doce palabras amigas (Espanhol) Con apostilla - Loja C\u00e1rita","robots":{"index":"index","follow":"follow","max-snippet":"max-snippet:-1","max-image-preview":"max-image-preview:large","max-video-preview":"max-video-preview:-1"},"canonical":"https:\/\/www.lojacarita.com.br\/loja\/product\/mp3-doce-palabras-amigas-espanhol\/","og_locale":"pt_BR","og_type":"article","og_title":"MP3 Doce palabras amigas (Espanhol) Con apostilla - Loja C\u00e1rita","og_description":"MP3 Doce palabras amigas. Contiene 13 audios en formato MP3 con la grabaci\u00f3n de mensajes psicof\u00f3nicos recibidos a trav\u00e9s de la m\u00e9dium Eliana dos Santos y el ebook de 102 p\u00e1ginas en formato PDF con el texto de cada uno de los audios. Hay un audio para cada una de las palabras amigas. Fueron creados &hellip; Continua","og_url":"https:\/\/www.lojacarita.com.br\/loja\/product\/mp3-doce-palabras-amigas-espanhol\/","og_site_name":"Loja C\u00e1rita","article_modified_time":"2025-02-05T21:25:52+00:00","og_image":[{"width":1200,"height":1200,"url":"https:\/\/www.lojacarita.com.br\/loja\/wp-content\/uploads\/2024\/12\/Ebook-Doce-Palabras-Amigas-1200x1200.jpg","type":"image\/jpeg"}],"twitter_card":"summary_large_image","twitter_misc":{"Est. tempo de leitura":"2 minutos"},"schema":{"@context":"https:\/\/schema.org","@graph":[{"@type":"WebPage","@id":"https:\/\/www.lojacarita.com.br\/loja\/product\/mp3-doce-palabras-amigas-espanhol\/","url":"https:\/\/www.lojacarita.com.br\/loja\/product\/mp3-doce-palabras-amigas-espanhol\/","name":"MP3 Doce palabras amigas (Espanhol) Con apostilla - Loja C\u00e1rita","isPartOf":{"@id":"https:\/\/www.lojacarita.com.br\/loja\/#website"},"primaryImageOfPage":{"@id":"https:\/\/www.lojacarita.com.br\/loja\/product\/mp3-doce-palabras-amigas-espanhol\/#primaryimage"},"image":{"@id":"https:\/\/www.lojacarita.com.br\/loja\/product\/mp3-doce-palabras-amigas-espanhol\/#primaryimage"},"thumbnailUrl":"https:\/\/www.lojacarita.com.br\/loja\/wp-content\/uploads\/2024\/12\/Ebook-Doce-Palabras-Amigas.jpg","datePublished":"2023-11-03T17:42:30+00:00","dateModified":"2025-02-05T21:25:52+00:00","breadcrumb":{"@id":"https:\/\/www.lojacarita.com.br\/loja\/product\/mp3-doce-palabras-amigas-espanhol\/#breadcrumb"},"inLanguage":"pt-BR","potentialAction":[{"@type":"ReadAction","target":["https:\/\/www.lojacarita.com.br\/loja\/product\/mp3-doce-palabras-amigas-espanhol\/"]}]},{"@type":"ImageObject","inLanguage":"pt-BR","@id":"https:\/\/www.lojacarita.com.br\/loja\/product\/mp3-doce-palabras-amigas-espanhol\/#primaryimage","url":"https:\/\/www.lojacarita.com.br\/loja\/wp-content\/uploads\/2024\/12\/Ebook-Doce-Palabras-Amigas.jpg","contentUrl":"https:\/\/www.lojacarita.com.br\/loja\/wp-content\/uploads\/2024\/12\/Ebook-Doce-Palabras-Amigas.jpg","width":2550,"height":2550},{"@type":"BreadcrumbList","@id":"https:\/\/www.lojacarita.com.br\/loja\/product\/mp3-doce-palabras-amigas-espanhol\/#breadcrumb","itemListElement":[{"@type":"ListItem","position":1,"name":"In\u00edcio","item":"https:\/\/www.lojacarita.com.br\/loja\/"},{"@type":"ListItem","position":2,"name":"Produtos","item":"https:\/\/www.lojacarita.com.br\/loja\/nossos-produtos\/"},{"@type":"ListItem","position":3,"name":"MP3 Doce palabras amigas (Espanhol) Con apostilla"}]},{"@type":"WebSite","@id":"https:\/\/www.lojacarita.com.br\/loja\/#website","url":"https:\/\/www.lojacarita.com.br\/loja\/","name":"Loja C\u00e1rita","description":"Amai-vos e instrui-vos! Esp\u00edrito de Verdade","publisher":{"@id":"https:\/\/www.lojacarita.com.br\/loja\/#organization"},"potentialAction":[{"@type":"SearchAction","target":{"@type":"EntryPoint","urlTemplate":"https:\/\/www.lojacarita.com.br\/loja\/?s={search_term_string}"},"query-input":{"@type":"PropertyValueSpecification","valueRequired":true,"valueName":"search_term_string"}}],"inLanguage":"pt-BR"},{"@type":"Organization","@id":"https:\/\/www.lojacarita.com.br\/loja\/#organization","name":"Loja C\u00e1rita","url":"https:\/\/www.lojacarita.com.br\/loja\/","logo":{"@type":"ImageObject","inLanguage":"pt-BR","@id":"https:\/\/www.lojacarita.com.br\/loja\/#\/schema\/logo\/image\/","url":"http:\/\/www.lojacarita.com.br\/loja2021\/wp-content\/uploads\/2021\/05\/favicon.png","contentUrl":"http:\/\/www.lojacarita.com.br\/loja2021\/wp-content\/uploads\/2021\/05\/favicon.png","width":512,"height":512,"caption":"Loja C\u00e1rita"},"image":{"@id":"https:\/\/www.lojacarita.com.br\/loja\/#\/schema\/logo\/image\/"}}]}},"_links":{"self":[{"href":"https:\/\/www.lojacarita.com.br\/loja\/wp-json\/wp\/v2\/product\/1533","targetHints":{"allow":["GET"]}}],"collection":[{"href":"https:\/\/www.lojacarita.com.br\/loja\/wp-json\/wp\/v2\/product"}],"about":[{"href":"https:\/\/www.lojacarita.com.br\/loja\/wp-json\/wp\/v2\/types\/product"}],"wp:featuredmedia":[{"embeddable":true,"href":"https:\/\/www.lojacarita.com.br\/loja\/wp-json\/wp\/v2\/media\/1838"}],"wp:attachment":[{"href":"https:\/\/www.lojacarita.com.br\/loja\/wp-json\/wp\/v2\/media?parent=1533"}],"wp:term":[{"taxonomy":"product_brand","embeddable":true,"href":"https:\/\/www.lojacarita.com.br\/loja\/wp-json\/wp\/v2\/product_brand?post=1533"},{"taxonomy":"product_cat","embeddable":true,"href":"https:\/\/www.lojacarita.com.br\/loja\/wp-json\/wp\/v2\/product_cat?post=1533"},{"taxonomy":"product_tag","embeddable":true,"href":"https:\/\/www.lojacarita.com.br\/loja\/wp-json\/wp\/v2\/product_tag?post=1533"}],"curies":[{"name":"wp","href":"https:\/\/api.w.org\/{rel}","templated":true}]}}