{"id":1445,"date":"2023-11-03T14:34:04","date_gmt":"2023-11-03T17:34:04","guid":{"rendered":"https:\/\/www.lojacarita.com.br\/loja\/product\/boa-nova-1125\/"},"modified":"2024-04-03T08:59:30","modified_gmt":"2024-04-03T11:59:30","slug":"boa-nova-1125","status":"publish","type":"product","link":"https:\/\/www.lojacarita.com.br\/loja\/product\/boa-nova-1125\/","title":{"rendered":"Boa Nova 1125"},"content":{"rendered":"<p class=\"MsoNormal\"><span lang=\"PT-BR\" style=\"line-height: 150%;\">Os pequenos amores&#8230;&nbsp;<\/span><\/p>\n<p class=\"MsoNormal\" style=\"line-height: 150%;\">31 de maio de 2019<\/p>\n<p><\/p>\n<p>Psicofon\u00eda da m\u00e9dium Eliana dos Santos<\/p>\n<p>Esp\u00edritu J\u00e9sus Gon\u00e7alves<\/p>\n<p>Dura\u00e7\u00e3o: 52min<\/p>\n<p><\/p>\n<p class=\"MsoNormal\"><span lang=\"PT-BR\" style=\"line-height: 150%;\">J\u00e9sus<br \/>\nGon\u00e7alves nos traz a \u00faltima comunica\u00e7\u00e3o do m\u00eas de maio, dia 31, sexta feira,<br \/>\ncom a palavra espiritual sobre os pequenos amores&#8230; Ou o nosso poss\u00edvel<br \/>\namar&#8230; propondo uma din\u00e2mica de vida em que a pr\u00e1tica crist\u00e3 espiritual seja<br \/>\nrealidade. Nos oferece uma vis\u00e3o quanto aos nossos exageros : exageros no<br \/>\naumentativo, exageros no diminutivo. Ele est\u00e1 falando do mauseio da dor em prol<br \/>\nde nosso ego\u00edsmo. Vai desenvolvendo o tema e nos mosra que esse ego\u00edsmo<br \/>\nmanipulador nos afasta da Realidade \u2013 com \u201cr\u201dmai\u00fasculo<span style=\"background-image: initial; background-position: initial; background-size: initial; background-repeat: initial; background-attachment: initial; background-origin: initial; background-clip: initial;\">(ler erre\u201d)<\/span> \u2013 e nos coloca em inverdades<br \/>\nque nos separam das for\u00e7as divinais deixadas por Cristo: Conhecer\u00e1s a verdade e a verdade vos libertar\u00e1!<o:p><\/o:p><\/span><\/p>\n<p class=\"MsoNormal\"><span lang=\"PT-BR\" style=\"line-height: 150%;\">Boa Nova de n\u00famero hum mil cento e vinte cinco, em<br \/>\nsua abertura, J\u00e9sus Gon\u00e7alves descreve o cen\u00e1culo dos pequenos amores&#8230; Eis<br \/>\nsuas palavras: \u201c<\/span><span lang=\"PT-BR\" style=\"line-height: 150%;\">Em nosso cen\u00e1culo de&nbsp;Amor&#8230; Amor<br \/>\nque se une a outro pequeno amor &#8211; ou melhor dizendo e abrindo o encontro em<br \/>\nnosso Cen\u00e1culo de pequenos amores, pequenos afetos, recebemos uma beleza<br \/>\nimensa&#8230; Ah&nbsp;Deus Deus, Deus, Deus, Deus&#8230;. Nossos olhos que n\u00e3o veem e<br \/>\npassam a ver, nossos ouvidos que n\u00e3o ouviam e passam a ouvir. Como \u00e9 bom rever,<br \/>\nouvir novamente&#8230; Em alguns segundos dissipam d\u00favidas, ang\u00fastias, tristezas.<br \/>\nUm olhar, um sorriso, uma visita e v\u00e3o-se embora as nuvens escuras que<br \/>\nescondiam o sol. <\/span><span lang=\"PT-BR\" style=\"line-height: 150%;\">Recordemo-nos sempre que quando tudo<br \/>\nescurece,&nbsp;entristece e ensombrece, acima das Sombras a Luz est\u00e1 oculta?<br \/>\nN\u00e3o. Dispon\u00edvel, franca, inteira, absoluta, pac\u00edfica. O trabalho da alma \u00e9 justamente soprar&#8230; A palavra tamb\u00e9m me<br \/>\nparece um pouco estrangeira, mas foi assim que nos colocou o verdadeiro<br \/>\npreletor da noite, o Tutelar desse pequenino cen\u00e1culo: o sopro!\u201d<o:p><\/o:p><\/span><\/p>\n<p class=\"MsoNormal\"><span lang=\"PT-BR\" style=\"line-height: 150%;\">Querida Reded de aui\u00e7\u00e3o, a C\u00e1rita<br \/>\nentrega \u00e0 voc\u00eas essa Palavra Esp\u00edritual em que se desvenda essa categoria do<br \/>\nsopro e do fato como realidades que nos curam e nos salvam de n\u00f3s mesmos.<o:p><\/o:p><\/span><\/p>\n<p class=\"MsoNormal\">\n<p class=\"MsoNormal\"><span lang=\"PT-BR\" style=\"line-height: 150%;\">Grande Abra\u00e7o, Carinho, e esperan\u00e7as de<br \/>\nrenova\u00e7\u00e3o, sempre!<\/span><span lang=\"PT-BR\" style=\"font-size:12.0pt;\nline-height:150%;font-family:&quot;FrysBaskerville BT&quot;,serif;mso-bidi-font-family:\nArial\"><o:p><\/o:p><\/span><\/p>\n<p class=\"MsoNormal\"><span lang=\"PT-BR\" style=\"line-height: 150%;\"><br \/><\/span><\/p>\n<\/p>\n<p class=\"MsoNormal\"><span style=\"color: inherit; font-family: inherit;\">Ouve a apresenta\u00e7\u00e3o da mensagem espiritual:<\/span><\/p>\n<p><audio style=\"width:350px;background:#ffffff;width: 370px;\" preload=\"none\" ontimeupdate=\"updateTime()\" controls=\"\" metadata=\"\"><source src=\"https:\/\/www.lojacarita.com.br\/loja\/wp-content\/uploads\/2023\/11\/samples\/bn-1125-abertura.mp3\" type=\"audio\/mpeg\"><a href=\"https:\/\/www.lojacarita.com.br\/loja\/wp-content\/uploads\/2023\/11\/samples\/bn-1125-abertura.mp3\"><font size=\"2\">Play<\/font><\/a><\/audio><\/p>\n<hr width=\"75%\">\n<h5>Ouve os primeiros 5 minutos da mensagem espiritual:<\/h5>\n<p><audio style=\"width:350px;background:#ffffff;width: 370px;\" preload=\"none\" ontimeupdate=\"updateTime()\" controls=\"\" metadata=\"\"><source src=\"https:\/\/www.lojacarita.com.br\/loja\/wp-content\/uploads\/2023\/11\/samples\/bn-1125-sample.mp3\" type=\"audio\/mpeg\"><a href=\"https:\/\/www.lojacarita.com.br\/loja\/wp-content\/uploads\/2023\/11\/samples\/bn-1125-sample.mp3\"><font size=\"2\">Play<\/font><\/a><\/audio><\/p>\n","protected":false},"excerpt":{"rendered":"<p>Os pequenos amores&#8230;&nbsp; 31 de maio de 2019 Psicofon\u00eda da m\u00e9dium Eliana dos Santos Esp\u00edritu J\u00e9sus Gon\u00e7alves Dura\u00e7\u00e3o: 52min J\u00e9sus Gon\u00e7alves nos traz a \u00faltima comunica\u00e7\u00e3o do m\u00eas de maio, dia 31, sexta feira, com a palavra espiritual sobre os pequenos amores&#8230; Ou o nosso poss\u00edvel amar&#8230; propondo uma din\u00e2mica de vida em que a &hellip; <a href=\"https:\/\/www.lojacarita.com.br\/loja\/product\/boa-nova-1125\/\">Continua<\/a><\/p>\n","protected":false},"featured_media":1446,"template":"","meta":[],"product_brand":[],"product_cat":[81],"product_tag":[],"class_list":{"0":"post-1445","1":"product","2":"type-product","3":"status-publish","4":"has-post-thumbnail","6":"product_cat-boas_novas","8":"first","9":"instock","10":"downloadable","11":"virtual","12":"purchasable","13":"product-type-simple"},"acf":[],"yoast_head":"<!-- This site is optimized with the Yoast SEO plugin v27.4 - https:\/\/yoast.com\/product\/yoast-seo-wordpress\/ -->\n<title>Boa Nova 1125 - Loja C\u00e1rita<\/title>\n<meta name=\"robots\" content=\"index, follow, max-snippet:-1, max-image-preview:large, max-video-preview:-1\" \/>\n<link rel=\"canonical\" href=\"https:\/\/www.lojacarita.com.br\/loja\/product\/boa-nova-1125\/\" \/>\n<meta property=\"og:locale\" content=\"pt_BR\" \/>\n<meta property=\"og:type\" content=\"article\" \/>\n<meta property=\"og:title\" content=\"Boa Nova 1125 - Loja C\u00e1rita\" \/>\n<meta property=\"og:description\" content=\"Os pequenos amores&#8230;&nbsp; 31 de maio de 2019 Psicofon\u00eda da m\u00e9dium Eliana dos Santos Esp\u00edritu J\u00e9sus Gon\u00e7alves Dura\u00e7\u00e3o: 52min J\u00e9sus Gon\u00e7alves nos traz a \u00faltima comunica\u00e7\u00e3o do m\u00eas de maio, dia 31, sexta feira, com a palavra espiritual sobre os pequenos amores&#8230; Ou o nosso poss\u00edvel amar&#8230; propondo uma din\u00e2mica de vida em que a &hellip; Continua\" \/>\n<meta property=\"og:url\" content=\"https:\/\/www.lojacarita.com.br\/loja\/product\/boa-nova-1125\/\" \/>\n<meta property=\"og:site_name\" content=\"Loja C\u00e1rita\" \/>\n<meta property=\"article:modified_time\" content=\"2024-04-03T11:59:30+00:00\" \/>\n<meta property=\"og:image\" content=\"https:\/\/www.lojacarita.com.br\/loja\/wp-content\/uploads\/2023\/11\/boa-nova-digital-78.jpg\" \/>\n\t<meta property=\"og:image:width\" content=\"681\" \/>\n\t<meta property=\"og:image:height\" content=\"681\" \/>\n\t<meta property=\"og:image:type\" content=\"image\/jpeg\" \/>\n<meta name=\"twitter:card\" content=\"summary_large_image\" \/>\n<meta name=\"twitter:label1\" content=\"Est. tempo de leitura\" \/>\n\t<meta name=\"twitter:data1\" content=\"2 minutos\" \/>\n<script type=\"application\/ld+json\" class=\"yoast-schema-graph\">{\"@context\":\"https:\\\/\\\/schema.org\",\"@graph\":[{\"@type\":\"WebPage\",\"@id\":\"https:\\\/\\\/www.lojacarita.com.br\\\/loja\\\/product\\\/boa-nova-1125\\\/\",\"url\":\"https:\\\/\\\/www.lojacarita.com.br\\\/loja\\\/product\\\/boa-nova-1125\\\/\",\"name\":\"Boa Nova 1125 - Loja C\u00e1rita\",\"isPartOf\":{\"@id\":\"https:\\\/\\\/www.lojacarita.com.br\\\/loja\\\/#website\"},\"primaryImageOfPage\":{\"@id\":\"https:\\\/\\\/www.lojacarita.com.br\\\/loja\\\/product\\\/boa-nova-1125\\\/#primaryimage\"},\"image\":{\"@id\":\"https:\\\/\\\/www.lojacarita.com.br\\\/loja\\\/product\\\/boa-nova-1125\\\/#primaryimage\"},\"thumbnailUrl\":\"https:\\\/\\\/www.lojacarita.com.br\\\/loja\\\/wp-content\\\/uploads\\\/2023\\\/11\\\/boa-nova-digital-78.jpg\",\"datePublished\":\"2023-11-03T17:34:04+00:00\",\"dateModified\":\"2024-04-03T11:59:30+00:00\",\"breadcrumb\":{\"@id\":\"https:\\\/\\\/www.lojacarita.com.br\\\/loja\\\/product\\\/boa-nova-1125\\\/#breadcrumb\"},\"inLanguage\":\"pt-BR\",\"potentialAction\":[{\"@type\":\"ReadAction\",\"target\":[\"https:\\\/\\\/www.lojacarita.com.br\\\/loja\\\/product\\\/boa-nova-1125\\\/\"]}]},{\"@type\":\"ImageObject\",\"inLanguage\":\"pt-BR\",\"@id\":\"https:\\\/\\\/www.lojacarita.com.br\\\/loja\\\/product\\\/boa-nova-1125\\\/#primaryimage\",\"url\":\"https:\\\/\\\/www.lojacarita.com.br\\\/loja\\\/wp-content\\\/uploads\\\/2023\\\/11\\\/boa-nova-digital-78.jpg\",\"contentUrl\":\"https:\\\/\\\/www.lojacarita.com.br\\\/loja\\\/wp-content\\\/uploads\\\/2023\\\/11\\\/boa-nova-digital-78.jpg\",\"width\":681,\"height\":681},{\"@type\":\"BreadcrumbList\",\"@id\":\"https:\\\/\\\/www.lojacarita.com.br\\\/loja\\\/product\\\/boa-nova-1125\\\/#breadcrumb\",\"itemListElement\":[{\"@type\":\"ListItem\",\"position\":1,\"name\":\"In\u00edcio\",\"item\":\"https:\\\/\\\/www.lojacarita.com.br\\\/loja\\\/\"},{\"@type\":\"ListItem\",\"position\":2,\"name\":\"Produtos\",\"item\":\"https:\\\/\\\/www.lojacarita.com.br\\\/loja\\\/nossos-produtos\\\/\"},{\"@type\":\"ListItem\",\"position\":3,\"name\":\"Boa Nova 1125\"}]},{\"@type\":\"WebSite\",\"@id\":\"https:\\\/\\\/www.lojacarita.com.br\\\/loja\\\/#website\",\"url\":\"https:\\\/\\\/www.lojacarita.com.br\\\/loja\\\/\",\"name\":\"Loja C\u00e1rita\",\"description\":\"Amai-vos e instrui-vos! Esp\u00edrito de Verdade\",\"publisher\":{\"@id\":\"https:\\\/\\\/www.lojacarita.com.br\\\/loja\\\/#organization\"},\"potentialAction\":[{\"@type\":\"SearchAction\",\"target\":{\"@type\":\"EntryPoint\",\"urlTemplate\":\"https:\\\/\\\/www.lojacarita.com.br\\\/loja\\\/?s={search_term_string}\"},\"query-input\":{\"@type\":\"PropertyValueSpecification\",\"valueRequired\":true,\"valueName\":\"search_term_string\"}}],\"inLanguage\":\"pt-BR\"},{\"@type\":\"Organization\",\"@id\":\"https:\\\/\\\/www.lojacarita.com.br\\\/loja\\\/#organization\",\"name\":\"Loja C\u00e1rita\",\"url\":\"https:\\\/\\\/www.lojacarita.com.br\\\/loja\\\/\",\"logo\":{\"@type\":\"ImageObject\",\"inLanguage\":\"pt-BR\",\"@id\":\"https:\\\/\\\/www.lojacarita.com.br\\\/loja\\\/#\\\/schema\\\/logo\\\/image\\\/\",\"url\":\"http:\\\/\\\/www.lojacarita.com.br\\\/loja2021\\\/wp-content\\\/uploads\\\/2021\\\/05\\\/favicon.png\",\"contentUrl\":\"http:\\\/\\\/www.lojacarita.com.br\\\/loja2021\\\/wp-content\\\/uploads\\\/2021\\\/05\\\/favicon.png\",\"width\":512,\"height\":512,\"caption\":\"Loja C\u00e1rita\"},\"image\":{\"@id\":\"https:\\\/\\\/www.lojacarita.com.br\\\/loja\\\/#\\\/schema\\\/logo\\\/image\\\/\"}}]}<\/script>\n<!-- \/ Yoast SEO plugin. -->","yoast_head_json":{"title":"Boa Nova 1125 - Loja C\u00e1rita","robots":{"index":"index","follow":"follow","max-snippet":"max-snippet:-1","max-image-preview":"max-image-preview:large","max-video-preview":"max-video-preview:-1"},"canonical":"https:\/\/www.lojacarita.com.br\/loja\/product\/boa-nova-1125\/","og_locale":"pt_BR","og_type":"article","og_title":"Boa Nova 1125 - Loja C\u00e1rita","og_description":"Os pequenos amores&#8230;&nbsp; 31 de maio de 2019 Psicofon\u00eda da m\u00e9dium Eliana dos Santos Esp\u00edritu J\u00e9sus Gon\u00e7alves Dura\u00e7\u00e3o: 52min J\u00e9sus Gon\u00e7alves nos traz a \u00faltima comunica\u00e7\u00e3o do m\u00eas de maio, dia 31, sexta feira, com a palavra espiritual sobre os pequenos amores&#8230; Ou o nosso poss\u00edvel amar&#8230; propondo uma din\u00e2mica de vida em que a &hellip; Continua","og_url":"https:\/\/www.lojacarita.com.br\/loja\/product\/boa-nova-1125\/","og_site_name":"Loja C\u00e1rita","article_modified_time":"2024-04-03T11:59:30+00:00","og_image":[{"width":681,"height":681,"url":"https:\/\/www.lojacarita.com.br\/loja\/wp-content\/uploads\/2023\/11\/boa-nova-digital-78.jpg","type":"image\/jpeg"}],"twitter_card":"summary_large_image","twitter_misc":{"Est. tempo de leitura":"2 minutos"},"schema":{"@context":"https:\/\/schema.org","@graph":[{"@type":"WebPage","@id":"https:\/\/www.lojacarita.com.br\/loja\/product\/boa-nova-1125\/","url":"https:\/\/www.lojacarita.com.br\/loja\/product\/boa-nova-1125\/","name":"Boa Nova 1125 - Loja C\u00e1rita","isPartOf":{"@id":"https:\/\/www.lojacarita.com.br\/loja\/#website"},"primaryImageOfPage":{"@id":"https:\/\/www.lojacarita.com.br\/loja\/product\/boa-nova-1125\/#primaryimage"},"image":{"@id":"https:\/\/www.lojacarita.com.br\/loja\/product\/boa-nova-1125\/#primaryimage"},"thumbnailUrl":"https:\/\/www.lojacarita.com.br\/loja\/wp-content\/uploads\/2023\/11\/boa-nova-digital-78.jpg","datePublished":"2023-11-03T17:34:04+00:00","dateModified":"2024-04-03T11:59:30+00:00","breadcrumb":{"@id":"https:\/\/www.lojacarita.com.br\/loja\/product\/boa-nova-1125\/#breadcrumb"},"inLanguage":"pt-BR","potentialAction":[{"@type":"ReadAction","target":["https:\/\/www.lojacarita.com.br\/loja\/product\/boa-nova-1125\/"]}]},{"@type":"ImageObject","inLanguage":"pt-BR","@id":"https:\/\/www.lojacarita.com.br\/loja\/product\/boa-nova-1125\/#primaryimage","url":"https:\/\/www.lojacarita.com.br\/loja\/wp-content\/uploads\/2023\/11\/boa-nova-digital-78.jpg","contentUrl":"https:\/\/www.lojacarita.com.br\/loja\/wp-content\/uploads\/2023\/11\/boa-nova-digital-78.jpg","width":681,"height":681},{"@type":"BreadcrumbList","@id":"https:\/\/www.lojacarita.com.br\/loja\/product\/boa-nova-1125\/#breadcrumb","itemListElement":[{"@type":"ListItem","position":1,"name":"In\u00edcio","item":"https:\/\/www.lojacarita.com.br\/loja\/"},{"@type":"ListItem","position":2,"name":"Produtos","item":"https:\/\/www.lojacarita.com.br\/loja\/nossos-produtos\/"},{"@type":"ListItem","position":3,"name":"Boa Nova 1125"}]},{"@type":"WebSite","@id":"https:\/\/www.lojacarita.com.br\/loja\/#website","url":"https:\/\/www.lojacarita.com.br\/loja\/","name":"Loja C\u00e1rita","description":"Amai-vos e instrui-vos! Esp\u00edrito de Verdade","publisher":{"@id":"https:\/\/www.lojacarita.com.br\/loja\/#organization"},"potentialAction":[{"@type":"SearchAction","target":{"@type":"EntryPoint","urlTemplate":"https:\/\/www.lojacarita.com.br\/loja\/?s={search_term_string}"},"query-input":{"@type":"PropertyValueSpecification","valueRequired":true,"valueName":"search_term_string"}}],"inLanguage":"pt-BR"},{"@type":"Organization","@id":"https:\/\/www.lojacarita.com.br\/loja\/#organization","name":"Loja C\u00e1rita","url":"https:\/\/www.lojacarita.com.br\/loja\/","logo":{"@type":"ImageObject","inLanguage":"pt-BR","@id":"https:\/\/www.lojacarita.com.br\/loja\/#\/schema\/logo\/image\/","url":"http:\/\/www.lojacarita.com.br\/loja2021\/wp-content\/uploads\/2021\/05\/favicon.png","contentUrl":"http:\/\/www.lojacarita.com.br\/loja2021\/wp-content\/uploads\/2021\/05\/favicon.png","width":512,"height":512,"caption":"Loja C\u00e1rita"},"image":{"@id":"https:\/\/www.lojacarita.com.br\/loja\/#\/schema\/logo\/image\/"}}]}},"_links":{"self":[{"href":"https:\/\/www.lojacarita.com.br\/loja\/wp-json\/wp\/v2\/product\/1445","targetHints":{"allow":["GET"]}}],"collection":[{"href":"https:\/\/www.lojacarita.com.br\/loja\/wp-json\/wp\/v2\/product"}],"about":[{"href":"https:\/\/www.lojacarita.com.br\/loja\/wp-json\/wp\/v2\/types\/product"}],"wp:featuredmedia":[{"embeddable":true,"href":"https:\/\/www.lojacarita.com.br\/loja\/wp-json\/wp\/v2\/media\/1446"}],"wp:attachment":[{"href":"https:\/\/www.lojacarita.com.br\/loja\/wp-json\/wp\/v2\/media?parent=1445"}],"wp:term":[{"taxonomy":"product_brand","embeddable":true,"href":"https:\/\/www.lojacarita.com.br\/loja\/wp-json\/wp\/v2\/product_brand?post=1445"},{"taxonomy":"product_cat","embeddable":true,"href":"https:\/\/www.lojacarita.com.br\/loja\/wp-json\/wp\/v2\/product_cat?post=1445"},{"taxonomy":"product_tag","embeddable":true,"href":"https:\/\/www.lojacarita.com.br\/loja\/wp-json\/wp\/v2\/product_tag?post=1445"}],"curies":[{"name":"wp","href":"https:\/\/api.w.org\/{rel}","templated":true}]}}