{"id":1433,"date":"2023-11-03T14:33:14","date_gmt":"2023-11-03T17:33:14","guid":{"rendered":"https:\/\/www.lojacarita.com.br\/loja\/product\/boa-nova-1119\/"},"modified":"2024-04-03T08:59:39","modified_gmt":"2024-04-03T11:59:39","slug":"boa-nova-1119","status":"publish","type":"product","link":"https:\/\/www.lojacarita.com.br\/loja\/product\/boa-nova-1119\/","title":{"rendered":"Boa Nova 1119"},"content":{"rendered":"<p class=\"MsoNormal\"><span lang=\"PT-BR\" style=\"line-height: 150%;\">Amor que d\u00e1 sua vida<br \/>\npor quem ama!<\/span><\/p>\n<p class=\"MsoNormal\" style=\"line-height: 150%;\">19 de abril de 2019<\/p>\n<p><\/p>\n<p>Psicofon\u00eda da m\u00e9dium Eliana dos Santos<\/p>\n<p>Dura\u00e7\u00e3o: 41min<\/p>\n<p><\/p>\n<p class=\"MsoNormal\"><span lang=\"PT-BR\" style=\"line-height: 150%;\">Paix\u00e3o do<br \/>\nCristo, P\u00e1scoa, dezenove de Abril do ano 2019, Boa Nova de numero hum mil e<br \/>\ndezenove e o tema maior \u00e9 a grande dor de Jesus de m\u00e3os dadas ao grande amor<br \/>\nque ele testemunha por todo o sempre: Amor que d\u00e1 sua vida por quem ama!<o:p><\/o:p><\/span><\/p>\n<p class=\"MsoNormal\"><span lang=\"PT-BR\" style=\"line-height: 150%;\">A<br \/>\nespiritualidade abre a Palavra com um convvite: olhar o olhar de Jesus em nossa dire\u00e7\u00e3o. Olhar ou perceber seus Olhos<br \/>\neternos a nos olhar, a buscar nossos olhos, a querer comunicar-se conosco. <o:p><\/o:p><\/span><\/p>\n<p class=\"MsoNormal\"><span lang=\"PT-BR\" style=\"line-height: 150%;\">Eis a<br \/>\nmensagem desse encontro.<o:p><\/o:p><\/span><\/p>\n<p class=\"MsoNormal\"><span lang=\"PT-BR\" style=\"line-height: 150%;\">E a C\u00e1rita<br \/>\neditora entrega essa grava\u00e7\u00e3o em profunda Gratid\u00e3o a Deus e aos Bons esp\u00edritos<br \/>\npor mais essa amensagem t\u00e3o bela sobre o quanto Jesus est\u00e1 vivo e nos quer<br \/>\njunto de seu cora\u00e7\u00e3o.<o:p><\/o:p><\/span><\/p>\n<p class=\"MsoNormal\"><span lang=\"PT-BR\" style=\"line-height: 150%;\">Rogamos a<br \/>\nessa querida rede de escuta que ao ouvir essa mensagem, fa\u00e7a sua medita\u00e7\u00e3o<br \/>\nencontrando os olhos de Jesus a olhar em seus olhos&#8230;. Ou encontrando-se com<br \/>\nos seus olhos&#8230;<o:p><\/o:p><\/span><\/p>\n<p class=\"MsoNormal\"><span lang=\"PT-BR\" style=\"line-height: 150%;\">A prece que<br \/>\nacompanha o passe est\u00e1 dentro da prele\u00e7ao&#8230; \u00e9 pen\u00faltima faixa dessa grava\u00e7\u00e3o \u2013<br \/>\nantes da faixa da Prece de Encerramento.<o:p><\/o:p><\/span><\/p>\n<p class=\"MsoNormal\"><span lang=\"PT-BR\" style=\"line-height: 150%;\">Boa sala de<br \/>\naudi\u00e7\u00e3o, querido irm\u00e3o, querida irm\u00e3.<o:p><\/o:p><\/span><\/p>\n<p class=\"MsoNormal\"><span lang=\"PT-BR\" style=\"line-height: 150%;\">Feliz<br \/>\nP\u00e1scoa, Feliz renascimento!<o:p><\/o:p><\/span><\/p>\n<p class=\"MsoNormal\">\n<p class=\"MsoNormal\"><span lang=\"PT-BR\" style=\"line-height: 150%;\">Grande<br \/>\nAbra\u00e7o!<\/span><span lang=\"PT-BR\" style=\"font-size:10.0pt;line-height:150%;\nfont-family:&quot;FrysBaskerville BT&quot;,serif\"><o:p><\/o:p><\/span><\/p>\n<p class=\"MsoNormal\"><span lang=\"PT-BR\" style=\"line-height: 150%;\"><br \/><\/span><\/p>\n<\/p>\n<p class=\"MsoNormal\"><span style=\"color: inherit; font-family: inherit;\">Ouve a apresenta\u00e7\u00e3o da mensagem espiritual:<\/span><\/p>\n<p><audio style=\"width:350px;background:#ffffff;width: 370px;\" preload=\"none\" ontimeupdate=\"updateTime()\" controls=\"\" metadata=\"\"><source src=\"https:\/\/www.lojacarita.com.br\/loja\/wp-content\/uploads\/2023\/11\/samples\/bn-1119-abertura.mp3\" type=\"audio\/mpeg\"><a href=\"https:\/\/www.lojacarita.com.br\/loja\/wp-content\/uploads\/2023\/11\/samples\/bn-1119-abertura.mp3\"><font size=\"2\">Play<\/font><\/a><\/audio><\/p>\n<hr width=\"75%\">\n<h5>Ouve os primeiros 5 minutos da mensagem espiritual:<\/h5>\n<p><audio style=\"width:350px;background:#ffffff;width: 370px;\" preload=\"none\" ontimeupdate=\"updateTime()\" controls=\"\" metadata=\"\"><source src=\"https:\/\/www.lojacarita.com.br\/loja\/wp-content\/uploads\/2023\/11\/samples\/bn-1119-sample.mp3\" type=\"audio\/mpeg\"><a href=\"https:\/\/www.lojacarita.com.br\/loja\/wp-content\/uploads\/2023\/11\/samples\/bn-1119-sample.mp3\"><font size=\"2\">Play<\/font><\/a><\/audio><\/p>\n","protected":false},"excerpt":{"rendered":"<p>Amor que d\u00e1 sua vida por quem ama! 19 de abril de 2019 Psicofon\u00eda da m\u00e9dium Eliana dos Santos Dura\u00e7\u00e3o: 41min Paix\u00e3o do Cristo, P\u00e1scoa, dezenove de Abril do ano 2019, Boa Nova de numero hum mil e dezenove e o tema maior \u00e9 a grande dor de Jesus de m\u00e3os dadas ao grande amor &hellip; <a href=\"https:\/\/www.lojacarita.com.br\/loja\/product\/boa-nova-1119\/\">Continua<\/a><\/p>\n","protected":false},"featured_media":1434,"template":"","meta":[],"product_brand":[],"product_cat":[81],"product_tag":[],"class_list":{"0":"post-1433","1":"product","2":"type-product","3":"status-publish","4":"has-post-thumbnail","6":"product_cat-boas_novas","8":"first","9":"instock","10":"downloadable","11":"virtual","12":"purchasable","13":"product-type-simple"},"acf":[],"yoast_head":"<!-- This site is optimized with the Yoast SEO plugin v27.4 - https:\/\/yoast.com\/product\/yoast-seo-wordpress\/ -->\n<title>Boa Nova 1119 - Loja C\u00e1rita<\/title>\n<meta name=\"robots\" content=\"index, follow, max-snippet:-1, max-image-preview:large, max-video-preview:-1\" \/>\n<link rel=\"canonical\" href=\"https:\/\/www.lojacarita.com.br\/loja\/product\/boa-nova-1119\/\" \/>\n<meta property=\"og:locale\" content=\"pt_BR\" \/>\n<meta property=\"og:type\" content=\"article\" \/>\n<meta property=\"og:title\" content=\"Boa Nova 1119 - Loja C\u00e1rita\" \/>\n<meta property=\"og:description\" content=\"Amor que d\u00e1 sua vida por quem ama! 19 de abril de 2019 Psicofon\u00eda da m\u00e9dium Eliana dos Santos Dura\u00e7\u00e3o: 41min Paix\u00e3o do Cristo, P\u00e1scoa, dezenove de Abril do ano 2019, Boa Nova de numero hum mil e dezenove e o tema maior \u00e9 a grande dor de Jesus de m\u00e3os dadas ao grande amor &hellip; Continua\" \/>\n<meta property=\"og:url\" content=\"https:\/\/www.lojacarita.com.br\/loja\/product\/boa-nova-1119\/\" \/>\n<meta property=\"og:site_name\" content=\"Loja C\u00e1rita\" \/>\n<meta property=\"article:modified_time\" content=\"2024-04-03T11:59:39+00:00\" \/>\n<meta property=\"og:image\" content=\"https:\/\/www.lojacarita.com.br\/loja\/wp-content\/uploads\/2023\/11\/boa-nova-digital-73.jpg\" \/>\n\t<meta property=\"og:image:width\" content=\"681\" \/>\n\t<meta property=\"og:image:height\" content=\"681\" \/>\n\t<meta property=\"og:image:type\" content=\"image\/jpeg\" \/>\n<meta name=\"twitter:card\" content=\"summary_large_image\" \/>\n<meta name=\"twitter:label1\" content=\"Est. tempo de leitura\" \/>\n\t<meta name=\"twitter:data1\" content=\"1 minuto\" \/>\n<script type=\"application\/ld+json\" class=\"yoast-schema-graph\">{\"@context\":\"https:\\\/\\\/schema.org\",\"@graph\":[{\"@type\":\"WebPage\",\"@id\":\"https:\\\/\\\/www.lojacarita.com.br\\\/loja\\\/product\\\/boa-nova-1119\\\/\",\"url\":\"https:\\\/\\\/www.lojacarita.com.br\\\/loja\\\/product\\\/boa-nova-1119\\\/\",\"name\":\"Boa Nova 1119 - Loja C\u00e1rita\",\"isPartOf\":{\"@id\":\"https:\\\/\\\/www.lojacarita.com.br\\\/loja\\\/#website\"},\"primaryImageOfPage\":{\"@id\":\"https:\\\/\\\/www.lojacarita.com.br\\\/loja\\\/product\\\/boa-nova-1119\\\/#primaryimage\"},\"image\":{\"@id\":\"https:\\\/\\\/www.lojacarita.com.br\\\/loja\\\/product\\\/boa-nova-1119\\\/#primaryimage\"},\"thumbnailUrl\":\"https:\\\/\\\/www.lojacarita.com.br\\\/loja\\\/wp-content\\\/uploads\\\/2023\\\/11\\\/boa-nova-digital-73.jpg\",\"datePublished\":\"2023-11-03T17:33:14+00:00\",\"dateModified\":\"2024-04-03T11:59:39+00:00\",\"breadcrumb\":{\"@id\":\"https:\\\/\\\/www.lojacarita.com.br\\\/loja\\\/product\\\/boa-nova-1119\\\/#breadcrumb\"},\"inLanguage\":\"pt-BR\",\"potentialAction\":[{\"@type\":\"ReadAction\",\"target\":[\"https:\\\/\\\/www.lojacarita.com.br\\\/loja\\\/product\\\/boa-nova-1119\\\/\"]}]},{\"@type\":\"ImageObject\",\"inLanguage\":\"pt-BR\",\"@id\":\"https:\\\/\\\/www.lojacarita.com.br\\\/loja\\\/product\\\/boa-nova-1119\\\/#primaryimage\",\"url\":\"https:\\\/\\\/www.lojacarita.com.br\\\/loja\\\/wp-content\\\/uploads\\\/2023\\\/11\\\/boa-nova-digital-73.jpg\",\"contentUrl\":\"https:\\\/\\\/www.lojacarita.com.br\\\/loja\\\/wp-content\\\/uploads\\\/2023\\\/11\\\/boa-nova-digital-73.jpg\",\"width\":681,\"height\":681},{\"@type\":\"BreadcrumbList\",\"@id\":\"https:\\\/\\\/www.lojacarita.com.br\\\/loja\\\/product\\\/boa-nova-1119\\\/#breadcrumb\",\"itemListElement\":[{\"@type\":\"ListItem\",\"position\":1,\"name\":\"In\u00edcio\",\"item\":\"https:\\\/\\\/www.lojacarita.com.br\\\/loja\\\/\"},{\"@type\":\"ListItem\",\"position\":2,\"name\":\"Produtos\",\"item\":\"https:\\\/\\\/www.lojacarita.com.br\\\/loja\\\/nossos-produtos\\\/\"},{\"@type\":\"ListItem\",\"position\":3,\"name\":\"Boa Nova 1119\"}]},{\"@type\":\"WebSite\",\"@id\":\"https:\\\/\\\/www.lojacarita.com.br\\\/loja\\\/#website\",\"url\":\"https:\\\/\\\/www.lojacarita.com.br\\\/loja\\\/\",\"name\":\"Loja C\u00e1rita\",\"description\":\"Amai-vos e instrui-vos! Esp\u00edrito de Verdade\",\"publisher\":{\"@id\":\"https:\\\/\\\/www.lojacarita.com.br\\\/loja\\\/#organization\"},\"potentialAction\":[{\"@type\":\"SearchAction\",\"target\":{\"@type\":\"EntryPoint\",\"urlTemplate\":\"https:\\\/\\\/www.lojacarita.com.br\\\/loja\\\/?s={search_term_string}\"},\"query-input\":{\"@type\":\"PropertyValueSpecification\",\"valueRequired\":true,\"valueName\":\"search_term_string\"}}],\"inLanguage\":\"pt-BR\"},{\"@type\":\"Organization\",\"@id\":\"https:\\\/\\\/www.lojacarita.com.br\\\/loja\\\/#organization\",\"name\":\"Loja C\u00e1rita\",\"url\":\"https:\\\/\\\/www.lojacarita.com.br\\\/loja\\\/\",\"logo\":{\"@type\":\"ImageObject\",\"inLanguage\":\"pt-BR\",\"@id\":\"https:\\\/\\\/www.lojacarita.com.br\\\/loja\\\/#\\\/schema\\\/logo\\\/image\\\/\",\"url\":\"http:\\\/\\\/www.lojacarita.com.br\\\/loja2021\\\/wp-content\\\/uploads\\\/2021\\\/05\\\/favicon.png\",\"contentUrl\":\"http:\\\/\\\/www.lojacarita.com.br\\\/loja2021\\\/wp-content\\\/uploads\\\/2021\\\/05\\\/favicon.png\",\"width\":512,\"height\":512,\"caption\":\"Loja C\u00e1rita\"},\"image\":{\"@id\":\"https:\\\/\\\/www.lojacarita.com.br\\\/loja\\\/#\\\/schema\\\/logo\\\/image\\\/\"}}]}<\/script>\n<!-- \/ Yoast SEO plugin. -->","yoast_head_json":{"title":"Boa Nova 1119 - Loja C\u00e1rita","robots":{"index":"index","follow":"follow","max-snippet":"max-snippet:-1","max-image-preview":"max-image-preview:large","max-video-preview":"max-video-preview:-1"},"canonical":"https:\/\/www.lojacarita.com.br\/loja\/product\/boa-nova-1119\/","og_locale":"pt_BR","og_type":"article","og_title":"Boa Nova 1119 - Loja C\u00e1rita","og_description":"Amor que d\u00e1 sua vida por quem ama! 19 de abril de 2019 Psicofon\u00eda da m\u00e9dium Eliana dos Santos Dura\u00e7\u00e3o: 41min Paix\u00e3o do Cristo, P\u00e1scoa, dezenove de Abril do ano 2019, Boa Nova de numero hum mil e dezenove e o tema maior \u00e9 a grande dor de Jesus de m\u00e3os dadas ao grande amor &hellip; Continua","og_url":"https:\/\/www.lojacarita.com.br\/loja\/product\/boa-nova-1119\/","og_site_name":"Loja C\u00e1rita","article_modified_time":"2024-04-03T11:59:39+00:00","og_image":[{"width":681,"height":681,"url":"https:\/\/www.lojacarita.com.br\/loja\/wp-content\/uploads\/2023\/11\/boa-nova-digital-73.jpg","type":"image\/jpeg"}],"twitter_card":"summary_large_image","twitter_misc":{"Est. tempo de leitura":"1 minuto"},"schema":{"@context":"https:\/\/schema.org","@graph":[{"@type":"WebPage","@id":"https:\/\/www.lojacarita.com.br\/loja\/product\/boa-nova-1119\/","url":"https:\/\/www.lojacarita.com.br\/loja\/product\/boa-nova-1119\/","name":"Boa Nova 1119 - Loja C\u00e1rita","isPartOf":{"@id":"https:\/\/www.lojacarita.com.br\/loja\/#website"},"primaryImageOfPage":{"@id":"https:\/\/www.lojacarita.com.br\/loja\/product\/boa-nova-1119\/#primaryimage"},"image":{"@id":"https:\/\/www.lojacarita.com.br\/loja\/product\/boa-nova-1119\/#primaryimage"},"thumbnailUrl":"https:\/\/www.lojacarita.com.br\/loja\/wp-content\/uploads\/2023\/11\/boa-nova-digital-73.jpg","datePublished":"2023-11-03T17:33:14+00:00","dateModified":"2024-04-03T11:59:39+00:00","breadcrumb":{"@id":"https:\/\/www.lojacarita.com.br\/loja\/product\/boa-nova-1119\/#breadcrumb"},"inLanguage":"pt-BR","potentialAction":[{"@type":"ReadAction","target":["https:\/\/www.lojacarita.com.br\/loja\/product\/boa-nova-1119\/"]}]},{"@type":"ImageObject","inLanguage":"pt-BR","@id":"https:\/\/www.lojacarita.com.br\/loja\/product\/boa-nova-1119\/#primaryimage","url":"https:\/\/www.lojacarita.com.br\/loja\/wp-content\/uploads\/2023\/11\/boa-nova-digital-73.jpg","contentUrl":"https:\/\/www.lojacarita.com.br\/loja\/wp-content\/uploads\/2023\/11\/boa-nova-digital-73.jpg","width":681,"height":681},{"@type":"BreadcrumbList","@id":"https:\/\/www.lojacarita.com.br\/loja\/product\/boa-nova-1119\/#breadcrumb","itemListElement":[{"@type":"ListItem","position":1,"name":"In\u00edcio","item":"https:\/\/www.lojacarita.com.br\/loja\/"},{"@type":"ListItem","position":2,"name":"Produtos","item":"https:\/\/www.lojacarita.com.br\/loja\/nossos-produtos\/"},{"@type":"ListItem","position":3,"name":"Boa Nova 1119"}]},{"@type":"WebSite","@id":"https:\/\/www.lojacarita.com.br\/loja\/#website","url":"https:\/\/www.lojacarita.com.br\/loja\/","name":"Loja C\u00e1rita","description":"Amai-vos e instrui-vos! Esp\u00edrito de Verdade","publisher":{"@id":"https:\/\/www.lojacarita.com.br\/loja\/#organization"},"potentialAction":[{"@type":"SearchAction","target":{"@type":"EntryPoint","urlTemplate":"https:\/\/www.lojacarita.com.br\/loja\/?s={search_term_string}"},"query-input":{"@type":"PropertyValueSpecification","valueRequired":true,"valueName":"search_term_string"}}],"inLanguage":"pt-BR"},{"@type":"Organization","@id":"https:\/\/www.lojacarita.com.br\/loja\/#organization","name":"Loja C\u00e1rita","url":"https:\/\/www.lojacarita.com.br\/loja\/","logo":{"@type":"ImageObject","inLanguage":"pt-BR","@id":"https:\/\/www.lojacarita.com.br\/loja\/#\/schema\/logo\/image\/","url":"http:\/\/www.lojacarita.com.br\/loja2021\/wp-content\/uploads\/2021\/05\/favicon.png","contentUrl":"http:\/\/www.lojacarita.com.br\/loja2021\/wp-content\/uploads\/2021\/05\/favicon.png","width":512,"height":512,"caption":"Loja C\u00e1rita"},"image":{"@id":"https:\/\/www.lojacarita.com.br\/loja\/#\/schema\/logo\/image\/"}}]}},"_links":{"self":[{"href":"https:\/\/www.lojacarita.com.br\/loja\/wp-json\/wp\/v2\/product\/1433","targetHints":{"allow":["GET"]}}],"collection":[{"href":"https:\/\/www.lojacarita.com.br\/loja\/wp-json\/wp\/v2\/product"}],"about":[{"href":"https:\/\/www.lojacarita.com.br\/loja\/wp-json\/wp\/v2\/types\/product"}],"wp:featuredmedia":[{"embeddable":true,"href":"https:\/\/www.lojacarita.com.br\/loja\/wp-json\/wp\/v2\/media\/1434"}],"wp:attachment":[{"href":"https:\/\/www.lojacarita.com.br\/loja\/wp-json\/wp\/v2\/media?parent=1433"}],"wp:term":[{"taxonomy":"product_brand","embeddable":true,"href":"https:\/\/www.lojacarita.com.br\/loja\/wp-json\/wp\/v2\/product_brand?post=1433"},{"taxonomy":"product_cat","embeddable":true,"href":"https:\/\/www.lojacarita.com.br\/loja\/wp-json\/wp\/v2\/product_cat?post=1433"},{"taxonomy":"product_tag","embeddable":true,"href":"https:\/\/www.lojacarita.com.br\/loja\/wp-json\/wp\/v2\/product_tag?post=1433"}],"curies":[{"name":"wp","href":"https:\/\/api.w.org\/{rel}","templated":true}]}}