{"id":1419,"date":"2023-11-03T14:32:49","date_gmt":"2023-11-03T17:32:49","guid":{"rendered":"https:\/\/www.lojacarita.com.br\/loja\/product\/boa-nova-1112\/"},"modified":"2024-04-03T08:59:41","modified_gmt":"2024-04-03T11:59:41","slug":"boa-nova-1112","status":"publish","type":"product","link":"https:\/\/www.lojacarita.com.br\/loja\/product\/boa-nova-1112\/","title":{"rendered":"Boa Nova 1112"},"content":{"rendered":"<p class=\"MsoNormal\"><span lang=\"PT-BR\" style=\"line-height: 150%;\">Quanto de vida h\u00e1 em mim?&nbsp;<\/span><\/p>\n<p class=\"MsoNormal\" style=\"line-height: 150%;\">01 de mar\u00e7o de 2019<\/p>\n<p><\/p>\n<p>Psicofon\u00eda da m\u00e9dium Eliana dos Santos<\/p>\n<p>Dura\u00e7\u00e3o: 21min<\/p>\n<p><\/p>\n<p class=\"MsoNormal\"><span lang=\"PT-BR\" style=\"line-height: 150%;\">Em apenas 21<br \/>\nminutos de prele\u00e7\u00e3o temos um tema precioso para o crescimento da Consci\u00eancia do<br \/>\nser \u2013 quem somos!<o:p><\/o:p><\/span><\/p>\n<p class=\"MsoNormal\"><span lang=\"PT-BR\" style=\"line-height: 150%;\">Ao definir a<br \/>\nvida \u2013 resposta \u00e0 indaga\u00e7\u00e3o O que \u00e9 a<br \/>\nVida? \u2013 temos a mensagem dessa Boa Nova de numero hum mil cento e doze,que<br \/>\nredefine o sentido da exist\u00eancia indicando que somos moradores n\u00e3o apenas do<br \/>\ntempo e do espa\u00e7o, mas sobretudo da energia que d\u00e1 vida a esse tempo e espa\u00e7o<br \/>\nhumano&#8230;<o:p><\/o:p><\/span><\/p>\n<p class=\"MsoNormal\"><span lang=\"PT-BR\" style=\"line-height: 150%;\">Indaga a espiritualidade<br \/>\namiga nessa noite de 01 de Mar\u00e7o de dois mil e dezenove:<\/span><span lang=\"PT-BR\" style=\"line-height: 150%;\">quanto de vida h\u00e1 em<br \/>\nmim? <\/span><span lang=\"PT-BR\" style=\"line-height: 150%;\">E afirma que o ser n\u00e3o criou a vida e<br \/>\nque &nbsp;tamb\u00e9m \u00e9 importante termos<br \/>\nconsci\u00eancia da autoria da vida. N\u00f3s<br \/>\nsomos habitantes passando pela vida, mas n\u00e3o autores da vida, dessa energia que<br \/>\nmovimenta e que se interrompida tudo p\u00e1ra, voltamos ao estado espiritual,<br \/>\npassamos a habitar a erraticidade, a conhecida erraticidade, entramos alem do<br \/>\nv\u00e9u, estamos nos campos do que chamamos morte, mas n\u00e3o \u00e9 morte, s\u00e3o outros<br \/>\ncampos onde a energia se condensa de outra forma, porque nada se perde<br \/>\nrealmente na natureza. Mas n\u00f3s estamos falando da energia, n\u00e3o da vida<br \/>\nespiritual, a energia da vida mesma, da embarca\u00e7\u00e3o que o meu esp\u00edrito necessita<br \/>\npara superar-se, para ganhar as dimens\u00f5es divinas, pois \u00e9 t\u00e3o somente esta a<br \/>\ndestina\u00e7\u00e3o rencarnat\u00f3ria.<o:p><\/o:p><\/span><\/p>\n<p class=\"MsoNormal\"><span lang=\"PT-BR\" style=\"line-height: 150%;\">Essa palavra nos preenche de um elevo e<br \/>\ngratid\u00e3o sem fim.<o:p><\/o:p><\/span><\/p>\n<p class=\"MsoNormal\"><span lang=\"PT-BR\" style=\"line-height: 150%;\">Ou\u00e7amos a voz gravada no recinto de<br \/>\nprece e procuremos esse sentido do respeito \u00e0 vida. Pois respeito significa<br \/>\namor&#8230; E como amarei a energia que est\u00e1 em meu pr\u00f3ximo se n\u00e3o amo a energia em<br \/>\nsi \u2013Deus-e \u00e0quela que se encontraarmazenada em meu pr\u00f3prio ser ao reconhecer-me<br \/>\ncriatura criada cujo sopro divino me fez vivo? Amarei a mim mesmo e isso me<br \/>\nlevar\u00e1 a amar a vida presente em meu pr\u00f3ximo \u2013 e em todas as coisas &#8211; desde as<br \/>\nmicro-formas do universo at\u00e9 as do macro cosmo, s\u00f3is e estrelas!<o:p><\/o:p><\/span><\/p>\n<p class=\"MsoNormal\"><span lang=\"PT-BR\" style=\"line-height: 150%;\">Nessa prele\u00e7\u00e3o temos o grande sentido<br \/>\nda m\u00e1xima amai o pr\u00f3ximo como a voz<br \/>\nmesmo!<o:p><\/o:p><\/span><\/p>\n<p class=\"MsoNormal\"><span lang=\"PT-BR\" style=\"line-height: 150%;\"><o:p>&nbsp;<\/o:p><\/span><\/p>\n<p class=\"MsoNormal\"><span lang=\"PT-BR\" style=\"line-height: 150%;\">Grande abra\u00e7o, Terno e grato abra\u00e7oda<o:p><\/o:p><\/span><\/p>\n<p class=\"MsoNormal\">\n<p class=\"MsoNormal\"><span lang=\"PT-BR\" style=\"line-height: 150%;\">C\u00e1rita Editora Esp\u00edrita<font face=\"FrysBaskerville BT, serif\"><span style=\"font-size: 10pt;\"><o:p><\/o:p><\/span><\/font><\/span><\/p>\n<p class=\"MsoNormal\"><span lang=\"PT-BR\" style=\"line-height: 150%;\"><br \/><\/span><\/p>\n<p class=\"MsoNormal\"><span lang=\"PT-BR\" style=\"line-height: 150%;\"><br \/><\/span><\/p>\n<\/p>\n<p class=\"MsoNormal\"><span style=\"color: inherit; font-family: inherit;\">Ouve a apresenta\u00e7\u00e3o da mensagem espiritual:<\/span><\/p>\n<p><audio style=\"width:350px;background:#ffffff;width: 370px;\" preload=\"none\" ontimeupdate=\"updateTime()\" controls=\"\" metadata=\"\"><source src=\"https:\/\/www.lojacarita.com.br\/loja\/wp-content\/uploads\/2023\/11\/samples\/bn-1112-abertura.mp3\" type=\"audio\/mpeg\"><a href=\"https:\/\/www.lojacarita.com.br\/loja\/wp-content\/uploads\/2023\/11\/samples\/bn-1112-abertura.mp3\"><font size=\"2\">Play<\/font><\/a><\/audio><\/p>\n<hr width=\"75%\">\n<h5>Ouve os primeiros 5 minutos da mensagem espiritual:<\/h5>\n<p><audio style=\"width:350px;background:#ffffff;width: 370px;\" preload=\"none\" ontimeupdate=\"updateTime()\" controls=\"\" metadata=\"\"><source src=\"https:\/\/www.lojacarita.com.br\/loja\/wp-content\/uploads\/2023\/11\/samples\/bn-1112-sample.mp3\" type=\"audio\/mpeg\"><a href=\"https:\/\/www.lojacarita.com.br\/loja\/wp-content\/uploads\/2023\/11\/samples\/bn-1112-sample.mp3\"><font size=\"2\">Play<\/font><\/a><\/audio><\/p>\n","protected":false},"excerpt":{"rendered":"<p>Quanto de vida h\u00e1 em mim?&nbsp; 01 de mar\u00e7o de 2019 Psicofon\u00eda da m\u00e9dium Eliana dos Santos Dura\u00e7\u00e3o: 21min Em apenas 21 minutos de prele\u00e7\u00e3o temos um tema precioso para o crescimento da Consci\u00eancia do ser \u2013 quem somos! Ao definir a vida \u2013 resposta \u00e0 indaga\u00e7\u00e3o O que \u00e9 a Vida? \u2013 temos a &hellip; <a href=\"https:\/\/www.lojacarita.com.br\/loja\/product\/boa-nova-1112\/\">Continua<\/a><\/p>\n","protected":false},"featured_media":1420,"template":"","meta":[],"product_brand":[],"product_cat":[81],"product_tag":[],"class_list":{"0":"post-1419","1":"product","2":"type-product","3":"status-publish","4":"has-post-thumbnail","6":"product_cat-boas_novas","8":"first","9":"instock","10":"downloadable","11":"virtual","12":"purchasable","13":"product-type-simple"},"acf":[],"yoast_head":"<!-- This site is optimized with the Yoast SEO plugin v27.4 - https:\/\/yoast.com\/product\/yoast-seo-wordpress\/ -->\n<title>Boa Nova 1112 - Loja C\u00e1rita<\/title>\n<meta name=\"robots\" content=\"index, follow, max-snippet:-1, max-image-preview:large, max-video-preview:-1\" \/>\n<link rel=\"canonical\" href=\"https:\/\/www.lojacarita.com.br\/loja\/product\/boa-nova-1112\/\" \/>\n<meta property=\"og:locale\" content=\"pt_BR\" \/>\n<meta property=\"og:type\" content=\"article\" \/>\n<meta property=\"og:title\" content=\"Boa Nova 1112 - Loja C\u00e1rita\" \/>\n<meta property=\"og:description\" content=\"Quanto de vida h\u00e1 em mim?&nbsp; 01 de mar\u00e7o de 2019 Psicofon\u00eda da m\u00e9dium Eliana dos Santos Dura\u00e7\u00e3o: 21min Em apenas 21 minutos de prele\u00e7\u00e3o temos um tema precioso para o crescimento da Consci\u00eancia do ser \u2013 quem somos! Ao definir a vida \u2013 resposta \u00e0 indaga\u00e7\u00e3o O que \u00e9 a Vida? \u2013 temos a &hellip; Continua\" \/>\n<meta property=\"og:url\" content=\"https:\/\/www.lojacarita.com.br\/loja\/product\/boa-nova-1112\/\" \/>\n<meta property=\"og:site_name\" content=\"Loja C\u00e1rita\" \/>\n<meta property=\"article:modified_time\" content=\"2024-04-03T11:59:41+00:00\" \/>\n<meta property=\"og:image\" content=\"https:\/\/www.lojacarita.com.br\/loja\/wp-content\/uploads\/2023\/11\/boa-nova-digital-66.jpg\" \/>\n\t<meta property=\"og:image:width\" content=\"681\" \/>\n\t<meta property=\"og:image:height\" content=\"681\" \/>\n\t<meta property=\"og:image:type\" content=\"image\/jpeg\" \/>\n<meta name=\"twitter:card\" content=\"summary_large_image\" \/>\n<meta name=\"twitter:label1\" content=\"Est. tempo de leitura\" \/>\n\t<meta name=\"twitter:data1\" content=\"2 minutos\" \/>\n<script type=\"application\/ld+json\" class=\"yoast-schema-graph\">{\"@context\":\"https:\\\/\\\/schema.org\",\"@graph\":[{\"@type\":\"WebPage\",\"@id\":\"https:\\\/\\\/www.lojacarita.com.br\\\/loja\\\/product\\\/boa-nova-1112\\\/\",\"url\":\"https:\\\/\\\/www.lojacarita.com.br\\\/loja\\\/product\\\/boa-nova-1112\\\/\",\"name\":\"Boa Nova 1112 - Loja C\u00e1rita\",\"isPartOf\":{\"@id\":\"https:\\\/\\\/www.lojacarita.com.br\\\/loja\\\/#website\"},\"primaryImageOfPage\":{\"@id\":\"https:\\\/\\\/www.lojacarita.com.br\\\/loja\\\/product\\\/boa-nova-1112\\\/#primaryimage\"},\"image\":{\"@id\":\"https:\\\/\\\/www.lojacarita.com.br\\\/loja\\\/product\\\/boa-nova-1112\\\/#primaryimage\"},\"thumbnailUrl\":\"https:\\\/\\\/www.lojacarita.com.br\\\/loja\\\/wp-content\\\/uploads\\\/2023\\\/11\\\/boa-nova-digital-66.jpg\",\"datePublished\":\"2023-11-03T17:32:49+00:00\",\"dateModified\":\"2024-04-03T11:59:41+00:00\",\"breadcrumb\":{\"@id\":\"https:\\\/\\\/www.lojacarita.com.br\\\/loja\\\/product\\\/boa-nova-1112\\\/#breadcrumb\"},\"inLanguage\":\"pt-BR\",\"potentialAction\":[{\"@type\":\"ReadAction\",\"target\":[\"https:\\\/\\\/www.lojacarita.com.br\\\/loja\\\/product\\\/boa-nova-1112\\\/\"]}]},{\"@type\":\"ImageObject\",\"inLanguage\":\"pt-BR\",\"@id\":\"https:\\\/\\\/www.lojacarita.com.br\\\/loja\\\/product\\\/boa-nova-1112\\\/#primaryimage\",\"url\":\"https:\\\/\\\/www.lojacarita.com.br\\\/loja\\\/wp-content\\\/uploads\\\/2023\\\/11\\\/boa-nova-digital-66.jpg\",\"contentUrl\":\"https:\\\/\\\/www.lojacarita.com.br\\\/loja\\\/wp-content\\\/uploads\\\/2023\\\/11\\\/boa-nova-digital-66.jpg\",\"width\":681,\"height\":681},{\"@type\":\"BreadcrumbList\",\"@id\":\"https:\\\/\\\/www.lojacarita.com.br\\\/loja\\\/product\\\/boa-nova-1112\\\/#breadcrumb\",\"itemListElement\":[{\"@type\":\"ListItem\",\"position\":1,\"name\":\"In\u00edcio\",\"item\":\"https:\\\/\\\/www.lojacarita.com.br\\\/loja\\\/\"},{\"@type\":\"ListItem\",\"position\":2,\"name\":\"Produtos\",\"item\":\"https:\\\/\\\/www.lojacarita.com.br\\\/loja\\\/nossos-produtos\\\/\"},{\"@type\":\"ListItem\",\"position\":3,\"name\":\"Boa Nova 1112\"}]},{\"@type\":\"WebSite\",\"@id\":\"https:\\\/\\\/www.lojacarita.com.br\\\/loja\\\/#website\",\"url\":\"https:\\\/\\\/www.lojacarita.com.br\\\/loja\\\/\",\"name\":\"Loja C\u00e1rita\",\"description\":\"Amai-vos e instrui-vos! Esp\u00edrito de Verdade\",\"publisher\":{\"@id\":\"https:\\\/\\\/www.lojacarita.com.br\\\/loja\\\/#organization\"},\"potentialAction\":[{\"@type\":\"SearchAction\",\"target\":{\"@type\":\"EntryPoint\",\"urlTemplate\":\"https:\\\/\\\/www.lojacarita.com.br\\\/loja\\\/?s={search_term_string}\"},\"query-input\":{\"@type\":\"PropertyValueSpecification\",\"valueRequired\":true,\"valueName\":\"search_term_string\"}}],\"inLanguage\":\"pt-BR\"},{\"@type\":\"Organization\",\"@id\":\"https:\\\/\\\/www.lojacarita.com.br\\\/loja\\\/#organization\",\"name\":\"Loja C\u00e1rita\",\"url\":\"https:\\\/\\\/www.lojacarita.com.br\\\/loja\\\/\",\"logo\":{\"@type\":\"ImageObject\",\"inLanguage\":\"pt-BR\",\"@id\":\"https:\\\/\\\/www.lojacarita.com.br\\\/loja\\\/#\\\/schema\\\/logo\\\/image\\\/\",\"url\":\"http:\\\/\\\/www.lojacarita.com.br\\\/loja2021\\\/wp-content\\\/uploads\\\/2021\\\/05\\\/favicon.png\",\"contentUrl\":\"http:\\\/\\\/www.lojacarita.com.br\\\/loja2021\\\/wp-content\\\/uploads\\\/2021\\\/05\\\/favicon.png\",\"width\":512,\"height\":512,\"caption\":\"Loja C\u00e1rita\"},\"image\":{\"@id\":\"https:\\\/\\\/www.lojacarita.com.br\\\/loja\\\/#\\\/schema\\\/logo\\\/image\\\/\"}}]}<\/script>\n<!-- \/ Yoast SEO plugin. -->","yoast_head_json":{"title":"Boa Nova 1112 - Loja C\u00e1rita","robots":{"index":"index","follow":"follow","max-snippet":"max-snippet:-1","max-image-preview":"max-image-preview:large","max-video-preview":"max-video-preview:-1"},"canonical":"https:\/\/www.lojacarita.com.br\/loja\/product\/boa-nova-1112\/","og_locale":"pt_BR","og_type":"article","og_title":"Boa Nova 1112 - Loja C\u00e1rita","og_description":"Quanto de vida h\u00e1 em mim?&nbsp; 01 de mar\u00e7o de 2019 Psicofon\u00eda da m\u00e9dium Eliana dos Santos Dura\u00e7\u00e3o: 21min Em apenas 21 minutos de prele\u00e7\u00e3o temos um tema precioso para o crescimento da Consci\u00eancia do ser \u2013 quem somos! Ao definir a vida \u2013 resposta \u00e0 indaga\u00e7\u00e3o O que \u00e9 a Vida? \u2013 temos a &hellip; Continua","og_url":"https:\/\/www.lojacarita.com.br\/loja\/product\/boa-nova-1112\/","og_site_name":"Loja C\u00e1rita","article_modified_time":"2024-04-03T11:59:41+00:00","og_image":[{"width":681,"height":681,"url":"https:\/\/www.lojacarita.com.br\/loja\/wp-content\/uploads\/2023\/11\/boa-nova-digital-66.jpg","type":"image\/jpeg"}],"twitter_card":"summary_large_image","twitter_misc":{"Est. tempo de leitura":"2 minutos"},"schema":{"@context":"https:\/\/schema.org","@graph":[{"@type":"WebPage","@id":"https:\/\/www.lojacarita.com.br\/loja\/product\/boa-nova-1112\/","url":"https:\/\/www.lojacarita.com.br\/loja\/product\/boa-nova-1112\/","name":"Boa Nova 1112 - Loja C\u00e1rita","isPartOf":{"@id":"https:\/\/www.lojacarita.com.br\/loja\/#website"},"primaryImageOfPage":{"@id":"https:\/\/www.lojacarita.com.br\/loja\/product\/boa-nova-1112\/#primaryimage"},"image":{"@id":"https:\/\/www.lojacarita.com.br\/loja\/product\/boa-nova-1112\/#primaryimage"},"thumbnailUrl":"https:\/\/www.lojacarita.com.br\/loja\/wp-content\/uploads\/2023\/11\/boa-nova-digital-66.jpg","datePublished":"2023-11-03T17:32:49+00:00","dateModified":"2024-04-03T11:59:41+00:00","breadcrumb":{"@id":"https:\/\/www.lojacarita.com.br\/loja\/product\/boa-nova-1112\/#breadcrumb"},"inLanguage":"pt-BR","potentialAction":[{"@type":"ReadAction","target":["https:\/\/www.lojacarita.com.br\/loja\/product\/boa-nova-1112\/"]}]},{"@type":"ImageObject","inLanguage":"pt-BR","@id":"https:\/\/www.lojacarita.com.br\/loja\/product\/boa-nova-1112\/#primaryimage","url":"https:\/\/www.lojacarita.com.br\/loja\/wp-content\/uploads\/2023\/11\/boa-nova-digital-66.jpg","contentUrl":"https:\/\/www.lojacarita.com.br\/loja\/wp-content\/uploads\/2023\/11\/boa-nova-digital-66.jpg","width":681,"height":681},{"@type":"BreadcrumbList","@id":"https:\/\/www.lojacarita.com.br\/loja\/product\/boa-nova-1112\/#breadcrumb","itemListElement":[{"@type":"ListItem","position":1,"name":"In\u00edcio","item":"https:\/\/www.lojacarita.com.br\/loja\/"},{"@type":"ListItem","position":2,"name":"Produtos","item":"https:\/\/www.lojacarita.com.br\/loja\/nossos-produtos\/"},{"@type":"ListItem","position":3,"name":"Boa Nova 1112"}]},{"@type":"WebSite","@id":"https:\/\/www.lojacarita.com.br\/loja\/#website","url":"https:\/\/www.lojacarita.com.br\/loja\/","name":"Loja C\u00e1rita","description":"Amai-vos e instrui-vos! Esp\u00edrito de Verdade","publisher":{"@id":"https:\/\/www.lojacarita.com.br\/loja\/#organization"},"potentialAction":[{"@type":"SearchAction","target":{"@type":"EntryPoint","urlTemplate":"https:\/\/www.lojacarita.com.br\/loja\/?s={search_term_string}"},"query-input":{"@type":"PropertyValueSpecification","valueRequired":true,"valueName":"search_term_string"}}],"inLanguage":"pt-BR"},{"@type":"Organization","@id":"https:\/\/www.lojacarita.com.br\/loja\/#organization","name":"Loja C\u00e1rita","url":"https:\/\/www.lojacarita.com.br\/loja\/","logo":{"@type":"ImageObject","inLanguage":"pt-BR","@id":"https:\/\/www.lojacarita.com.br\/loja\/#\/schema\/logo\/image\/","url":"http:\/\/www.lojacarita.com.br\/loja2021\/wp-content\/uploads\/2021\/05\/favicon.png","contentUrl":"http:\/\/www.lojacarita.com.br\/loja2021\/wp-content\/uploads\/2021\/05\/favicon.png","width":512,"height":512,"caption":"Loja C\u00e1rita"},"image":{"@id":"https:\/\/www.lojacarita.com.br\/loja\/#\/schema\/logo\/image\/"}}]}},"_links":{"self":[{"href":"https:\/\/www.lojacarita.com.br\/loja\/wp-json\/wp\/v2\/product\/1419","targetHints":{"allow":["GET"]}}],"collection":[{"href":"https:\/\/www.lojacarita.com.br\/loja\/wp-json\/wp\/v2\/product"}],"about":[{"href":"https:\/\/www.lojacarita.com.br\/loja\/wp-json\/wp\/v2\/types\/product"}],"wp:featuredmedia":[{"embeddable":true,"href":"https:\/\/www.lojacarita.com.br\/loja\/wp-json\/wp\/v2\/media\/1420"}],"wp:attachment":[{"href":"https:\/\/www.lojacarita.com.br\/loja\/wp-json\/wp\/v2\/media?parent=1419"}],"wp:term":[{"taxonomy":"product_brand","embeddable":true,"href":"https:\/\/www.lojacarita.com.br\/loja\/wp-json\/wp\/v2\/product_brand?post=1419"},{"taxonomy":"product_cat","embeddable":true,"href":"https:\/\/www.lojacarita.com.br\/loja\/wp-json\/wp\/v2\/product_cat?post=1419"},{"taxonomy":"product_tag","embeddable":true,"href":"https:\/\/www.lojacarita.com.br\/loja\/wp-json\/wp\/v2\/product_tag?post=1419"}],"curies":[{"name":"wp","href":"https:\/\/api.w.org\/{rel}","templated":true}]}}