{"id":1411,"date":"2023-11-03T14:32:00","date_gmt":"2023-11-03T17:32:00","guid":{"rendered":"https:\/\/www.lojacarita.com.br\/loja\/product\/boa-nova-1110\/"},"modified":"2024-04-03T08:59:15","modified_gmt":"2024-04-03T11:59:15","slug":"boa-nova-1110","status":"publish","type":"product","link":"https:\/\/www.lojacarita.com.br\/loja\/product\/boa-nova-1110\/","title":{"rendered":"Boa Nova 1110"},"content":{"rendered":"<p class=\"MsoNormal\"><span lang=\"PT-BR\" style=\"line-height: 150%;\">Sons de Deus em nossa Gen\u00e9tica<\/span><span lang=\"PT-BR\" style=\"line-height: 150%;\">&#8230;&nbsp;<\/span><\/p>\n<p class=\"MsoNormal\" style=\"line-height: 150%;\">15 de fevereiro de 2019<\/p>\n<p><\/p>\n<p>Psicofon\u00eda da m\u00e9dium Eliana dos Santos<\/p>\n<p>Dura\u00e7\u00e3o: 45min<\/p>\n<p><\/p>\n<p class=\"MsoNormal\">Seguimos&#8230;<br \/>\nMais um momento com os sons de Deus \u2013 parte quarta, encontro de quinze de<br \/>\nFevereiro de dois mil e dezenove, prele\u00e7\u00e3o de n\u00famero hum mil cento e dez.<\/p>\n<p class=\"MsoNormal\"><span lang=\"PT-BR\" style=\"line-height: 150%;\">Rede de<br \/>\naudi\u00e7\u00e3o amada,<o:p><\/o:p><\/span><\/p>\n<p class=\"MsoNormal\"><span lang=\"PT-BR\" style=\"line-height: 150%;\">na Boa nova<br \/>\nhum mil cento e sete os sons de Deus nos ru\u00eddos da vida&#8230; sons que entram como<br \/>\ndesarmonia&#8230; S\u00e3o Sons de Deus? Depois, Boa Nova hum mil cento e oito, os sons<br \/>\nde Deus nos vidros, tamb\u00e9m o amor aos vidros partidos. J\u00e1 na Boa Nova hum mil<br \/>\ncento e nove os sons de Deus como m\u00fasica, poema, elucida\u00e7\u00e3o, aprendizagens&#8230;<o:p><\/o:p><\/span><\/p>\n<p class=\"MsoNormal\"><span lang=\"PT-BR\" style=\"line-height: 150%;\">Hoje<br \/>\nentregamos a voc\u00ea que \u00e9 ouvinte dessa voz os Sons de Deus em nossa Gen\u00e9tica&#8230; Foi semana onde tivemos<br \/>\nocomentarista da obra do esp\u00edrito Andr\u00e9 Lu\u00eds \u2013 a obra Evolu\u00e7\u00e3o em Dois Mundos,pelo cientista e pensador Sr. Francisco<br \/>\nMaugeri. <o:p><\/o:p><\/span><\/p>\n<p class=\"MsoNormal\"><span lang=\"PT-BR\" style=\"line-height: 150%;\">O tema maior<br \/>\nda prele\u00e7\u00e3o foi a evolu\u00e7\u00e3o e os sons de Deus unidos em um s\u00f3 corpo&#8230; Pois a<br \/>\nvoz divina j\u00e1 inicia sua ordena\u00e7\u00e3o ben\u00e9fica na constitui\u00e7\u00e3o f\u00edsica de nossa<br \/>\nencarna\u00e7\u00e3o&#8230;<o:p><\/o:p><\/span><\/p>\n<p class=\"MsoNormal\"><span lang=\"PT-BR\" style=\"line-height: 150%;\">Ou\u00e7amos a Boa<br \/>\nnova hum mil cento e dez com essa busca no cora\u00e7\u00e3o; o que tenho a aprender com<br \/>\no corpo que a gen\u00e9tica me concedeu? Que supera\u00e7\u00f5es e aprendizagens essa<br \/>\nbiologia divina me sugere? H\u00e1 um convite a uma larga aprendizagem quando olho<br \/>\nmeu pr\u00f3prio corpo. A espiritualidade nos pede que n<\/span><span lang=\"PT-BR\" style=\"line-height: 150%;\">\u00e3o&nbsp;deixemos \u201cque&nbsp;o&nbsp;mundo material aprisione e<br \/>\nsufoque&nbsp;o mundo espiritual\u201d&#8230; <\/span><span lang=\"PT-BR\" style=\"line-height: 150%;\">Tamb\u00e9m<br \/>\nnos pede que tenhamos cuidado e que cada um de n\u00f3s se ame<\/span><span lang=\"PT-BR\" style=\"line-height: 150%;\">! <\/span><span lang=\"PT-BR\" style=\"line-height: 150%;\">Diz ela:<\/span><span lang=\"PT-BR\" style=\"line-height: 150%;\">Ame-se,<br \/>\naprenda a ouvir&nbsp;o&nbsp;som de Deus que diz eu te amo, eu te amo &#8211; tenha<br \/>\nvoc\u00ea a beleza de uma est\u00e1tua grega ou de uma esfinge, como a da eg\u00edpcia,<br \/>\nafricana, negra, ou&nbsp;o&nbsp;tortuoso, aquele grande ser da literatura<br \/>\nhumana, o tortuoso an\u00e3o&nbsp;daquela igreja<br \/>\nmaravilhosa,&nbsp;o&nbsp;Quas\u00edmodo&#8230; Tenha o meu&nbsp; corpo a perfei\u00e7\u00e3o&nbsp;de um l\u00edrio ou as<br \/>\np\u00e9talas partidas de uma flor do campo, tenha a altura ou pequenez, brancura,<br \/>\nalvura ou negritude, tenha a cabe\u00e7a redonda ou n\u00e3o. N\u00f3s vemos os jovens se<br \/>\nescondendo do que s\u00e3o, do que a natureza lhes ofertou &#8211; aquela condi\u00e7\u00e3o&nbsp;\u00e9 a da sua aprendizagem. Nascestes cegos para<br \/>\naprender a ver com os sentidos. Como vai poder enganar os outros que<br \/>\nn\u00e3o&nbsp;\u00e9s cegos? Observa a tua face, observa&nbsp;o&nbsp;teu corpo, \u00e9 a<br \/>\nlinguagem de Deus, a maior linguagem,&nbsp;o&nbsp;som biol\u00f3gico da vida dizendo<br \/>\na ti qual \u00e9 a tua aprendizagem. N\u00e3o&nbsp;foge dela, vai, se despe, coloca em<br \/>\nnudez, olha a tua beleza, observa qu\u00e3o grande a tua cegueira, ou a tua surdez, ou<br \/>\na tua paraplegia, ou a tua perna mais curta que a outra, a tua cor mais escura<br \/>\nou clara demais que vai ficando pigmentada de tanto sol, os teus cabelos longos<br \/>\nou a cabeleira que lhe falta, n\u00e3o&nbsp;importa, ame-se, d\u00ea amor ao seu pr\u00f3prio<br \/>\nser porque a\u00ed na escultura do teu corpo Deus p\u00f4s as m\u00e3os, a gen\u00e9tica espiritual<br \/>\nescreveu a mensagem com M mai\u00fasculo. \u00c9 ela que vai ajudar-lhe a chegar ao mundo<br \/>\nmaior, a vencer&nbsp;o&nbsp;que te fez cair um dia.\u201d<o:p><\/o:p><\/span><\/p>\n<p class=\"MsoNormal\" style=\"\"><span lang=\"PT-BR\" style=\"line-height: 150%;\">N\u00f3s, gestores da Carita Edi\u00e7\u00e3o, deixamos o Abra\u00e7o de sempre,<br \/>\ntamb\u00e9m nossa Gratid\u00e3o.<o:p><\/o:p><\/span><\/p>\n<p class=\"MsoNormal\"><span lang=\"PT-BR\" style=\"line-height: 150%;\">Ate o pr\u00f3ximo encontro!<o:p><\/o:p><\/span><\/p>\n<p class=\"MsoNormal\"><span lang=\"PT-BR\" style=\"line-height: 150%;\">Jesus nos aben\u00e7oe sempre<br \/>\ne os Bons Esp\u00edritos nos guardem em seus fluidos de amor.<o:p><\/o:p><\/span><\/p>\n<p class=\"MsoNormal\"><span lang=\"PT-BR\" style=\"line-height: 150%;\">No t\u00e9rmino da Mensagem<br \/>\ntemos ainda a Faixa da voz que foi nos acompanhando o passe no recinto de<br \/>\nprece.<o:p><\/o:p><\/span><\/p>\n<p class=\"MsoNormal\"><span lang=\"PT-BR\" style=\"line-height: 150%;\">Ou\u00e7amos!<\/span><\/p>\n<p class=\"MsoNormal\"><span lang=\"PT-BR\" style=\"line-height: 150%;\"><br \/><\/span><\/p>\n<p class=\"MsoNormal\"><span lang=\"PT-BR\" style=\"line-height: 150%;\"><br \/><\/span><\/p>\n<\/p>\n<p class=\"MsoNormal\"><span style=\"color: inherit; font-family: inherit;\">Ouve a apresenta\u00e7\u00e3o da mensagem espiritual:<\/span><\/p>\n<p><audio style=\"width:350px;background:#ffffff;width: 370px;\" preload=\"none\" ontimeupdate=\"updateTime()\" controls=\"\" metadata=\"\"><source src=\"https:\/\/www.lojacarita.com.br\/loja\/wp-content\/uploads\/2023\/11\/samples\/bn-1110-abertura.mp3\" type=\"audio\/mpeg\"><a href=\"https:\/\/www.lojacarita.com.br\/loja\/wp-content\/uploads\/2023\/11\/samples\/bn-1110-abertura.mp3\"><font size=\"2\">Play<\/font><\/a><\/audio><\/p>\n<hr width=\"75%\">\n<h5>Ouve os primeiros 5 minutos da mensagem espiritual:<\/h5>\n<p><audio style=\"width:350px;background:#ffffff;width: 370px;\" preload=\"none\" ontimeupdate=\"updateTime()\" controls=\"\" metadata=\"\"><source src=\"https:\/\/www.lojacarita.com.br\/loja\/wp-content\/uploads\/2023\/11\/samples\/bn-1110-sample.mp3\" type=\"audio\/mpeg\"><a href=\"https:\/\/www.lojacarita.com.br\/loja\/wp-content\/uploads\/2023\/11\/samples\/bn-1110-sample.mp3\"><font size=\"2\">Play<\/font><\/a><\/audio><\/p>\n","protected":false},"excerpt":{"rendered":"<p>Sons de Deus em nossa Gen\u00e9tica&#8230;&nbsp; 15 de fevereiro de 2019 Psicofon\u00eda da m\u00e9dium Eliana dos Santos Dura\u00e7\u00e3o: 45min Seguimos&#8230; Mais um momento com os sons de Deus \u2013 parte quarta, encontro de quinze de Fevereiro de dois mil e dezenove, prele\u00e7\u00e3o de n\u00famero hum mil cento e dez. Rede de audi\u00e7\u00e3o amada, na Boa &hellip; <a href=\"https:\/\/www.lojacarita.com.br\/loja\/product\/boa-nova-1110\/\">Continua<\/a><\/p>\n","protected":false},"featured_media":1412,"template":"","meta":[],"product_brand":[],"product_cat":[81],"product_tag":[],"class_list":{"0":"post-1411","1":"product","2":"type-product","3":"status-publish","4":"has-post-thumbnail","6":"product_cat-boas_novas","8":"first","9":"instock","10":"downloadable","11":"virtual","12":"purchasable","13":"product-type-simple"},"acf":[],"yoast_head":"<!-- This site is optimized with the Yoast SEO plugin v27.4 - https:\/\/yoast.com\/product\/yoast-seo-wordpress\/ -->\n<title>Boa Nova 1110 - Loja C\u00e1rita<\/title>\n<meta name=\"robots\" content=\"index, follow, max-snippet:-1, max-image-preview:large, max-video-preview:-1\" \/>\n<link rel=\"canonical\" href=\"https:\/\/www.lojacarita.com.br\/loja\/product\/boa-nova-1110\/\" \/>\n<meta property=\"og:locale\" content=\"pt_BR\" \/>\n<meta property=\"og:type\" content=\"article\" \/>\n<meta property=\"og:title\" content=\"Boa Nova 1110 - Loja C\u00e1rita\" \/>\n<meta property=\"og:description\" content=\"Sons de Deus em nossa Gen\u00e9tica&#8230;&nbsp; 15 de fevereiro de 2019 Psicofon\u00eda da m\u00e9dium Eliana dos Santos Dura\u00e7\u00e3o: 45min Seguimos&#8230; Mais um momento com os sons de Deus \u2013 parte quarta, encontro de quinze de Fevereiro de dois mil e dezenove, prele\u00e7\u00e3o de n\u00famero hum mil cento e dez. Rede de audi\u00e7\u00e3o amada, na Boa &hellip; Continua\" \/>\n<meta property=\"og:url\" content=\"https:\/\/www.lojacarita.com.br\/loja\/product\/boa-nova-1110\/\" \/>\n<meta property=\"og:site_name\" content=\"Loja C\u00e1rita\" \/>\n<meta property=\"article:modified_time\" content=\"2024-04-03T11:59:15+00:00\" \/>\n<meta property=\"og:image\" content=\"https:\/\/www.lojacarita.com.br\/loja\/wp-content\/uploads\/2023\/11\/boa-nova-digital-64.jpg\" \/>\n\t<meta property=\"og:image:width\" content=\"681\" \/>\n\t<meta property=\"og:image:height\" content=\"681\" \/>\n\t<meta property=\"og:image:type\" content=\"image\/jpeg\" \/>\n<meta name=\"twitter:card\" content=\"summary_large_image\" \/>\n<meta name=\"twitter:label1\" content=\"Est. tempo de leitura\" \/>\n\t<meta name=\"twitter:data1\" content=\"3 minutos\" \/>\n<script type=\"application\/ld+json\" class=\"yoast-schema-graph\">{\"@context\":\"https:\\\/\\\/schema.org\",\"@graph\":[{\"@type\":\"WebPage\",\"@id\":\"https:\\\/\\\/www.lojacarita.com.br\\\/loja\\\/product\\\/boa-nova-1110\\\/\",\"url\":\"https:\\\/\\\/www.lojacarita.com.br\\\/loja\\\/product\\\/boa-nova-1110\\\/\",\"name\":\"Boa Nova 1110 - Loja C\u00e1rita\",\"isPartOf\":{\"@id\":\"https:\\\/\\\/www.lojacarita.com.br\\\/loja\\\/#website\"},\"primaryImageOfPage\":{\"@id\":\"https:\\\/\\\/www.lojacarita.com.br\\\/loja\\\/product\\\/boa-nova-1110\\\/#primaryimage\"},\"image\":{\"@id\":\"https:\\\/\\\/www.lojacarita.com.br\\\/loja\\\/product\\\/boa-nova-1110\\\/#primaryimage\"},\"thumbnailUrl\":\"https:\\\/\\\/www.lojacarita.com.br\\\/loja\\\/wp-content\\\/uploads\\\/2023\\\/11\\\/boa-nova-digital-64.jpg\",\"datePublished\":\"2023-11-03T17:32:00+00:00\",\"dateModified\":\"2024-04-03T11:59:15+00:00\",\"breadcrumb\":{\"@id\":\"https:\\\/\\\/www.lojacarita.com.br\\\/loja\\\/product\\\/boa-nova-1110\\\/#breadcrumb\"},\"inLanguage\":\"pt-BR\",\"potentialAction\":[{\"@type\":\"ReadAction\",\"target\":[\"https:\\\/\\\/www.lojacarita.com.br\\\/loja\\\/product\\\/boa-nova-1110\\\/\"]}]},{\"@type\":\"ImageObject\",\"inLanguage\":\"pt-BR\",\"@id\":\"https:\\\/\\\/www.lojacarita.com.br\\\/loja\\\/product\\\/boa-nova-1110\\\/#primaryimage\",\"url\":\"https:\\\/\\\/www.lojacarita.com.br\\\/loja\\\/wp-content\\\/uploads\\\/2023\\\/11\\\/boa-nova-digital-64.jpg\",\"contentUrl\":\"https:\\\/\\\/www.lojacarita.com.br\\\/loja\\\/wp-content\\\/uploads\\\/2023\\\/11\\\/boa-nova-digital-64.jpg\",\"width\":681,\"height\":681},{\"@type\":\"BreadcrumbList\",\"@id\":\"https:\\\/\\\/www.lojacarita.com.br\\\/loja\\\/product\\\/boa-nova-1110\\\/#breadcrumb\",\"itemListElement\":[{\"@type\":\"ListItem\",\"position\":1,\"name\":\"In\u00edcio\",\"item\":\"https:\\\/\\\/www.lojacarita.com.br\\\/loja\\\/\"},{\"@type\":\"ListItem\",\"position\":2,\"name\":\"Produtos\",\"item\":\"https:\\\/\\\/www.lojacarita.com.br\\\/loja\\\/nossos-produtos\\\/\"},{\"@type\":\"ListItem\",\"position\":3,\"name\":\"Boa Nova 1110\"}]},{\"@type\":\"WebSite\",\"@id\":\"https:\\\/\\\/www.lojacarita.com.br\\\/loja\\\/#website\",\"url\":\"https:\\\/\\\/www.lojacarita.com.br\\\/loja\\\/\",\"name\":\"Loja C\u00e1rita\",\"description\":\"Amai-vos e instrui-vos! Esp\u00edrito de Verdade\",\"publisher\":{\"@id\":\"https:\\\/\\\/www.lojacarita.com.br\\\/loja\\\/#organization\"},\"potentialAction\":[{\"@type\":\"SearchAction\",\"target\":{\"@type\":\"EntryPoint\",\"urlTemplate\":\"https:\\\/\\\/www.lojacarita.com.br\\\/loja\\\/?s={search_term_string}\"},\"query-input\":{\"@type\":\"PropertyValueSpecification\",\"valueRequired\":true,\"valueName\":\"search_term_string\"}}],\"inLanguage\":\"pt-BR\"},{\"@type\":\"Organization\",\"@id\":\"https:\\\/\\\/www.lojacarita.com.br\\\/loja\\\/#organization\",\"name\":\"Loja C\u00e1rita\",\"url\":\"https:\\\/\\\/www.lojacarita.com.br\\\/loja\\\/\",\"logo\":{\"@type\":\"ImageObject\",\"inLanguage\":\"pt-BR\",\"@id\":\"https:\\\/\\\/www.lojacarita.com.br\\\/loja\\\/#\\\/schema\\\/logo\\\/image\\\/\",\"url\":\"http:\\\/\\\/www.lojacarita.com.br\\\/loja2021\\\/wp-content\\\/uploads\\\/2021\\\/05\\\/favicon.png\",\"contentUrl\":\"http:\\\/\\\/www.lojacarita.com.br\\\/loja2021\\\/wp-content\\\/uploads\\\/2021\\\/05\\\/favicon.png\",\"width\":512,\"height\":512,\"caption\":\"Loja C\u00e1rita\"},\"image\":{\"@id\":\"https:\\\/\\\/www.lojacarita.com.br\\\/loja\\\/#\\\/schema\\\/logo\\\/image\\\/\"}}]}<\/script>\n<!-- \/ Yoast SEO plugin. -->","yoast_head_json":{"title":"Boa Nova 1110 - Loja C\u00e1rita","robots":{"index":"index","follow":"follow","max-snippet":"max-snippet:-1","max-image-preview":"max-image-preview:large","max-video-preview":"max-video-preview:-1"},"canonical":"https:\/\/www.lojacarita.com.br\/loja\/product\/boa-nova-1110\/","og_locale":"pt_BR","og_type":"article","og_title":"Boa Nova 1110 - Loja C\u00e1rita","og_description":"Sons de Deus em nossa Gen\u00e9tica&#8230;&nbsp; 15 de fevereiro de 2019 Psicofon\u00eda da m\u00e9dium Eliana dos Santos Dura\u00e7\u00e3o: 45min Seguimos&#8230; Mais um momento com os sons de Deus \u2013 parte quarta, encontro de quinze de Fevereiro de dois mil e dezenove, prele\u00e7\u00e3o de n\u00famero hum mil cento e dez. Rede de audi\u00e7\u00e3o amada, na Boa &hellip; Continua","og_url":"https:\/\/www.lojacarita.com.br\/loja\/product\/boa-nova-1110\/","og_site_name":"Loja C\u00e1rita","article_modified_time":"2024-04-03T11:59:15+00:00","og_image":[{"width":681,"height":681,"url":"https:\/\/www.lojacarita.com.br\/loja\/wp-content\/uploads\/2023\/11\/boa-nova-digital-64.jpg","type":"image\/jpeg"}],"twitter_card":"summary_large_image","twitter_misc":{"Est. tempo de leitura":"3 minutos"},"schema":{"@context":"https:\/\/schema.org","@graph":[{"@type":"WebPage","@id":"https:\/\/www.lojacarita.com.br\/loja\/product\/boa-nova-1110\/","url":"https:\/\/www.lojacarita.com.br\/loja\/product\/boa-nova-1110\/","name":"Boa Nova 1110 - Loja C\u00e1rita","isPartOf":{"@id":"https:\/\/www.lojacarita.com.br\/loja\/#website"},"primaryImageOfPage":{"@id":"https:\/\/www.lojacarita.com.br\/loja\/product\/boa-nova-1110\/#primaryimage"},"image":{"@id":"https:\/\/www.lojacarita.com.br\/loja\/product\/boa-nova-1110\/#primaryimage"},"thumbnailUrl":"https:\/\/www.lojacarita.com.br\/loja\/wp-content\/uploads\/2023\/11\/boa-nova-digital-64.jpg","datePublished":"2023-11-03T17:32:00+00:00","dateModified":"2024-04-03T11:59:15+00:00","breadcrumb":{"@id":"https:\/\/www.lojacarita.com.br\/loja\/product\/boa-nova-1110\/#breadcrumb"},"inLanguage":"pt-BR","potentialAction":[{"@type":"ReadAction","target":["https:\/\/www.lojacarita.com.br\/loja\/product\/boa-nova-1110\/"]}]},{"@type":"ImageObject","inLanguage":"pt-BR","@id":"https:\/\/www.lojacarita.com.br\/loja\/product\/boa-nova-1110\/#primaryimage","url":"https:\/\/www.lojacarita.com.br\/loja\/wp-content\/uploads\/2023\/11\/boa-nova-digital-64.jpg","contentUrl":"https:\/\/www.lojacarita.com.br\/loja\/wp-content\/uploads\/2023\/11\/boa-nova-digital-64.jpg","width":681,"height":681},{"@type":"BreadcrumbList","@id":"https:\/\/www.lojacarita.com.br\/loja\/product\/boa-nova-1110\/#breadcrumb","itemListElement":[{"@type":"ListItem","position":1,"name":"In\u00edcio","item":"https:\/\/www.lojacarita.com.br\/loja\/"},{"@type":"ListItem","position":2,"name":"Produtos","item":"https:\/\/www.lojacarita.com.br\/loja\/nossos-produtos\/"},{"@type":"ListItem","position":3,"name":"Boa Nova 1110"}]},{"@type":"WebSite","@id":"https:\/\/www.lojacarita.com.br\/loja\/#website","url":"https:\/\/www.lojacarita.com.br\/loja\/","name":"Loja C\u00e1rita","description":"Amai-vos e instrui-vos! Esp\u00edrito de Verdade","publisher":{"@id":"https:\/\/www.lojacarita.com.br\/loja\/#organization"},"potentialAction":[{"@type":"SearchAction","target":{"@type":"EntryPoint","urlTemplate":"https:\/\/www.lojacarita.com.br\/loja\/?s={search_term_string}"},"query-input":{"@type":"PropertyValueSpecification","valueRequired":true,"valueName":"search_term_string"}}],"inLanguage":"pt-BR"},{"@type":"Organization","@id":"https:\/\/www.lojacarita.com.br\/loja\/#organization","name":"Loja C\u00e1rita","url":"https:\/\/www.lojacarita.com.br\/loja\/","logo":{"@type":"ImageObject","inLanguage":"pt-BR","@id":"https:\/\/www.lojacarita.com.br\/loja\/#\/schema\/logo\/image\/","url":"http:\/\/www.lojacarita.com.br\/loja2021\/wp-content\/uploads\/2021\/05\/favicon.png","contentUrl":"http:\/\/www.lojacarita.com.br\/loja2021\/wp-content\/uploads\/2021\/05\/favicon.png","width":512,"height":512,"caption":"Loja C\u00e1rita"},"image":{"@id":"https:\/\/www.lojacarita.com.br\/loja\/#\/schema\/logo\/image\/"}}]}},"_links":{"self":[{"href":"https:\/\/www.lojacarita.com.br\/loja\/wp-json\/wp\/v2\/product\/1411","targetHints":{"allow":["GET"]}}],"collection":[{"href":"https:\/\/www.lojacarita.com.br\/loja\/wp-json\/wp\/v2\/product"}],"about":[{"href":"https:\/\/www.lojacarita.com.br\/loja\/wp-json\/wp\/v2\/types\/product"}],"wp:featuredmedia":[{"embeddable":true,"href":"https:\/\/www.lojacarita.com.br\/loja\/wp-json\/wp\/v2\/media\/1412"}],"wp:attachment":[{"href":"https:\/\/www.lojacarita.com.br\/loja\/wp-json\/wp\/v2\/media?parent=1411"}],"wp:term":[{"taxonomy":"product_brand","embeddable":true,"href":"https:\/\/www.lojacarita.com.br\/loja\/wp-json\/wp\/v2\/product_brand?post=1411"},{"taxonomy":"product_cat","embeddable":true,"href":"https:\/\/www.lojacarita.com.br\/loja\/wp-json\/wp\/v2\/product_cat?post=1411"},{"taxonomy":"product_tag","embeddable":true,"href":"https:\/\/www.lojacarita.com.br\/loja\/wp-json\/wp\/v2\/product_tag?post=1411"}],"curies":[{"name":"wp","href":"https:\/\/api.w.org\/{rel}","templated":true}]}}