{"id":1409,"date":"2023-11-03T14:31:57","date_gmt":"2023-11-03T17:31:57","guid":{"rendered":"https:\/\/www.lojacarita.com.br\/loja\/product\/boa-nova-1107\/"},"modified":"2024-04-03T08:59:38","modified_gmt":"2024-04-03T11:59:38","slug":"boa-nova-1107","status":"publish","type":"product","link":"https:\/\/www.lojacarita.com.br\/loja\/product\/boa-nova-1107\/","title":{"rendered":"Boa Nova 1107"},"content":{"rendered":"<p class=\"MsoNormal\"><span lang=\"PT-BR\" style=\"line-height: 150%;\">Os Sons de Deus!, ouvidos<br \/>\ntardos e a dor!<\/span><\/p>\n<p class=\"MsoNormal\" style=\"line-height: 150%;\">25 de janeiro de 2019<\/p>\n<p><\/p>\n<p>Psicofon\u00eda da m\u00e9dium Eliana dos Santos<\/p>\n<p>Dura\u00e7\u00e3o:&nbsp; 44min<\/p>\n<p><\/p>\n<p style=\"margin: 0cm 0cm 0.0001pt; line-height: 150%;\"><span lang=\"PT-BR\" style=\"line-height: 150%;\">Enfim, vamos aprender a<br \/>\nver o bem em toda a parte. Para isto preciso ouvi-lo. Ele \u00e9 um som. O bem n\u00e3o \u00e9<br \/>\num fato mudo. Ele tem uma mensagem. Ele precisa ser descoberto. Ele precisa ser<br \/>\nadivinhado. Ele precisa ser procurado&#8230; Busca e Achar\u00e1s&#8230;<\/span><\/p>\n<p class=\"MsoNormal\"><span lang=\"PT-BR\" style=\"line-height: 150%;\"><o:p><\/o:p><\/span><\/p>\n<p class=\"MsoNormal\"><span lang=\"PT-BR\" style=\"line-height: 150%;\">Querida rede de audi\u00e7\u00e3o, eis algumas palavras de<br \/>\nBoa Nova mil cento e sete de 25 de janeiro de 2019 realizada em Val\u00eancia,<br \/>\nEspanha, pois a irm\u00e3 Eliana dos Santos se encontra em um n\u00facleo esp\u00edrita<br \/>\nnascente que se nomeia AMIC Valencia Sem Fronteiras, Casa Esp\u00edrita<br \/>\nCristiana F\u00e9 e Amor<\/span><span lang=\"PT-BR\" style=\"line-height: 150%;\"> . <o:p><\/o:p><\/span><\/p>\n<p class=\"MsoNormal\"><span lang=\"PT-BR\" style=\"line-height: 150%;\">A mensagem na prele\u00e7\u00e3o titulada <\/span><span lang=\"PT-BR\" style=\"line-height: 150%;\">Os Sons de Deus!, ouvidos tardos e a dor! traz<\/span><span lang=\"PT-BR\" style=\"line-height: 150%;\"> <\/span><span lang=\"PT-BR\" style=\"line-height: 150%;\">o tema central da capacidade<br \/>\nhumana de ouvir os sons da vida e observar neles a Voz de Deus a enviar uma<br \/>\nmensagem&#8230; A entidade espiritual canalizada constr\u00f3i o tema com os sons que se<br \/>\nfazem no espa\u00e7o vizinho: sons de \u00e1gua, sons de passos, batidas na parede \u2013 na<br \/>\nparede do c\u00f4modo vizinho&#8230; A partir desses sons temos o tema maior da voz de<br \/>\nDeus: para ouvi-la precisamos desenvolver a habilidade de ouvir o exterior \u2013 ou<br \/>\nas mensagens enviadas por Ele atrav\u00e9s e simplesmente da vida.<o:p><\/o:p><\/span><\/p>\n<p class=\"MsoNormal\"><span lang=\"PT-BR\" style=\"line-height: 150%;\">Pergunta a Mensagem desse encontro: <\/span><span lang=\"PT-BR\" style=\"line-height: 150%;\">Como<br \/>\nouvirei a voz de Deus se n\u00e3o sei ouvir a voz do meu vizinho, ao meu lado? Se<br \/>\nn\u00e3o tenho grandeza interna ou um pouquinho de espa\u00e7o para que eu possa olhar o<br \/>\nbarulho, o som, ou as vozes ou o chamado<br \/>\nque est\u00e1 \u00e0 minha volta &#8211; do meu mais pr\u00f3ximo ou meu vizinho? Dentro de minha<br \/>\ncasa, dos meus filhos, esposo, esposa? No meu trabalho, os meus amigos? O que<br \/>\nprecisa meu amigo, &nbsp;o que precisa minha<br \/>\namiga? Ao ouvi-los Eu estou dizendo do amor que eu tenho por eles. Eles<br \/>\nprecisam do meu amor, mas eu penso que amor \u00e9 um presente, pois estou<br \/>\nprisioneiro de um consumismo desenfreado. Eu julgo que amar \u00e9 algo que se<br \/>\ntransforma em gestos de delicadezas raras, aqui ou acol\u00e1 ou&#8230; N\u00e3o! Amar est\u00e1 muito ligado \u00e0 nossa capacidade<br \/>\nde atender as necessidades de quem eu amo, at\u00e9 mesmo de sil\u00eancio, caso ele<br \/>\nprecise.<\/span><span lang=\"PT-BR\" style=\"line-height: 150%;\"><o:p><\/o:p><\/span><\/p>\n<p class=\"MsoNormal\"><span lang=\"PT-BR\" style=\"line-height: 150%;\">E um sub-tema ao derredor desse tema \u00e9<br \/>\no fato de que mentimos para n\u00f3s mesmos. <o:p><\/o:p><\/span><\/p>\n<p class=\"MsoNormal\"><span lang=\"PT-BR\" style=\"line-height: 150%;\">E essa mentira nascida do orgulho, do<br \/>\nego\u00edsmo e da vaidade encobre a realidade&#8230; Por consequ\u00eancia passamos a ouvir<br \/>\napenas a pr\u00f3pria voz e entramos em zonas de conflito e desamor com a realidade<br \/>\nimpondo-nos ao outro em vez de perceber nas vozes alheias as sendas atrav\u00e9s da<br \/>\nqual estamos a fazer nosso progresso espiritual. <o:p><\/o:p><\/span><\/p>\n<p class=\"MsoNormal\"><span lang=\"PT-BR\" style=\"line-height: 150%;\">O resultado mais triste desse estado de<br \/>\ncoisas \u00e9 o fato de que n\u00e3o conseguimos ser gratos, revolta e ingratid\u00e3o tomam<br \/>\nnossa alma e as nossas a\u00e7\u00f5es ferem em vez de fazerem carinho e trazerem<br \/>\nmansid\u00e3o e alegrias!<o:p><\/o:p><\/span><\/p>\n<p class=\"MsoNormal\"><span lang=\"PT-BR\" style=\"line-height: 150%;\">Ou\u00e7amos!<o:p><\/o:p><\/span><\/p>\n<p class=\"MsoNormal\"><span lang=\"PT-BR\" style=\"line-height: 150%;\">Com gratid\u00e3o a essa entidade que n\u00e3o se<br \/>\nnomeia, se diz apenas um membro trabalhador da seara do tutelar Euripedes<br \/>\nBarsanulfo e que nos afirma que <\/span><span lang=\"PT-BR\" style=\"line-height: 150%;\">Amar<br \/>\nou amor n\u00e3o tem haver com o certo e o errado. O outro pode estar errado, mas eu<br \/>\nestou ouvindo, ele est\u00e1 falando, para ele \u00e9 certo, para mim \u00e9 errado. Qual \u00e9 a<br \/>\nminha atitude? <o:p><\/o:p><\/span><\/p>\n<p class=\"MsoNormal\"><span lang=\"PT-BR\" style=\"line-height: 150%;\">Convidamos a essa amada rede de audi\u00e7\u00e3o<br \/>\na construir essa reposta, pois o Reino de Deus est\u00e1 em v\u00f3s \u2013 ou no seu cora\u00e7\u00e3o!<o:p><\/o:p><\/span><\/p>\n<p class=\"MsoNormal\"><span lang=\"PT-BR\" style=\"line-height: 150%;\">Grande Abra\u00e7o!<o:p><\/o:p><\/span><\/p>\n<p><span lang=\"PT-BR\" style=\"text-align: justify; text-indent: 35.45pt; line-height: 150%;\"><\/p>\n<p><\/span><\/p>\n<p class=\"MsoNormal\"><span lang=\"PT-BR\" style=\"line-height: 150%;\">C\u00e1rita, Brasil e C\u00e1rita Valencia \u2013<br \/>\nEspanha!<\/span><\/p>\n<p class=\"MsoNormal\"><span lang=\"PT-BR\" style=\"font-size:12.0pt;line-height:150%;\nfont-family:&quot;FrysBaskerville BT&quot;,serif\"><o:p><br \/><\/o:p><\/span><\/p>\n<p class=\"MsoNormal\"><span lang=\"PT-BR\" style=\"font-size:12.0pt;line-height:150%;\nfont-family:&quot;FrysBaskerville BT&quot;,serif\"><o:p><br \/><\/o:p><\/span><\/p>\n<\/p>\n<p class=\"MsoNormal\"><span style=\"color: inherit; font-family: inherit;\">Ouve a apresenta\u00e7\u00e3o da mensagem espiritual:<\/span><\/p>\n<p><audio style=\"width:350px;background:#ffffff;width: 370px;\" preload=\"none\" ontimeupdate=\"updateTime()\" controls=\"\" metadata=\"\"><source src=\"https:\/\/www.lojacarita.com.br\/loja\/wp-content\/uploads\/2023\/11\/samples\/bn-1107-abertura.mp3\" type=\"audio\/mpeg\"><a href=\"https:\/\/www.lojacarita.com.br\/loja\/wp-content\/uploads\/2023\/11\/samples\/bn-1107-abertura.mp3\"><font size=\"2\">Play<\/font><\/a><\/audio><\/p>\n<hr width=\"75%\">\n<h5>Ouve os primeiros 5 minutos da mensagem espiritual:<\/h5>\n<p><audio style=\"width:350px;background:#ffffff;width: 370px;\" preload=\"none\" ontimeupdate=\"updateTime()\" controls=\"\" metadata=\"\"><source src=\"https:\/\/www.lojacarita.com.br\/loja\/wp-content\/uploads\/2023\/11\/samples\/bn-1107-sample.mp3\" type=\"audio\/mpeg\"><a href=\"https:\/\/www.lojacarita.com.br\/loja\/wp-content\/uploads\/2023\/11\/samples\/bn-1107-sample.mp3\"><font size=\"2\">Play<\/font><\/a><\/audio><\/p>\n","protected":false},"excerpt":{"rendered":"<p>Os Sons de Deus!, ouvidos tardos e a dor! 25 de janeiro de 2019 Psicofon\u00eda da m\u00e9dium Eliana dos Santos Dura\u00e7\u00e3o:&nbsp; 44min Enfim, vamos aprender a ver o bem em toda a parte. Para isto preciso ouvi-lo. Ele \u00e9 um som. O bem n\u00e3o \u00e9 um fato mudo. Ele tem uma mensagem. Ele precisa ser &hellip; <a href=\"https:\/\/www.lojacarita.com.br\/loja\/product\/boa-nova-1107\/\">Continua<\/a><\/p>\n","protected":false},"featured_media":1410,"template":"","meta":[],"product_brand":[],"product_cat":[81],"product_tag":[],"class_list":{"0":"post-1409","1":"product","2":"type-product","3":"status-publish","4":"has-post-thumbnail","6":"product_cat-boas_novas","8":"first","9":"instock","10":"downloadable","11":"virtual","12":"purchasable","13":"product-type-simple"},"acf":[],"yoast_head":"<!-- This site is optimized with the Yoast SEO plugin v27.4 - https:\/\/yoast.com\/product\/yoast-seo-wordpress\/ -->\n<title>Boa Nova 1107 - Loja C\u00e1rita<\/title>\n<meta name=\"robots\" content=\"index, follow, max-snippet:-1, max-image-preview:large, max-video-preview:-1\" \/>\n<link rel=\"canonical\" href=\"https:\/\/www.lojacarita.com.br\/loja\/product\/boa-nova-1107\/\" \/>\n<meta property=\"og:locale\" content=\"pt_BR\" \/>\n<meta property=\"og:type\" content=\"article\" \/>\n<meta property=\"og:title\" content=\"Boa Nova 1107 - Loja C\u00e1rita\" \/>\n<meta property=\"og:description\" content=\"Os Sons de Deus!, ouvidos tardos e a dor! 25 de janeiro de 2019 Psicofon\u00eda da m\u00e9dium Eliana dos Santos Dura\u00e7\u00e3o:&nbsp; 44min Enfim, vamos aprender a ver o bem em toda a parte. Para isto preciso ouvi-lo. Ele \u00e9 um som. O bem n\u00e3o \u00e9 um fato mudo. Ele tem uma mensagem. Ele precisa ser &hellip; Continua\" \/>\n<meta property=\"og:url\" content=\"https:\/\/www.lojacarita.com.br\/loja\/product\/boa-nova-1107\/\" \/>\n<meta property=\"og:site_name\" content=\"Loja C\u00e1rita\" \/>\n<meta property=\"article:modified_time\" content=\"2024-04-03T11:59:38+00:00\" \/>\n<meta property=\"og:image\" content=\"https:\/\/www.lojacarita.com.br\/loja\/wp-content\/uploads\/2023\/11\/boa-nova-digital-63.jpg\" \/>\n\t<meta property=\"og:image:width\" content=\"681\" \/>\n\t<meta property=\"og:image:height\" content=\"681\" \/>\n\t<meta property=\"og:image:type\" content=\"image\/jpeg\" \/>\n<meta name=\"twitter:card\" content=\"summary_large_image\" \/>\n<meta name=\"twitter:label1\" content=\"Est. tempo de leitura\" \/>\n\t<meta name=\"twitter:data1\" content=\"3 minutos\" \/>\n<script type=\"application\/ld+json\" class=\"yoast-schema-graph\">{\"@context\":\"https:\\\/\\\/schema.org\",\"@graph\":[{\"@type\":\"WebPage\",\"@id\":\"https:\\\/\\\/www.lojacarita.com.br\\\/loja\\\/product\\\/boa-nova-1107\\\/\",\"url\":\"https:\\\/\\\/www.lojacarita.com.br\\\/loja\\\/product\\\/boa-nova-1107\\\/\",\"name\":\"Boa Nova 1107 - Loja C\u00e1rita\",\"isPartOf\":{\"@id\":\"https:\\\/\\\/www.lojacarita.com.br\\\/loja\\\/#website\"},\"primaryImageOfPage\":{\"@id\":\"https:\\\/\\\/www.lojacarita.com.br\\\/loja\\\/product\\\/boa-nova-1107\\\/#primaryimage\"},\"image\":{\"@id\":\"https:\\\/\\\/www.lojacarita.com.br\\\/loja\\\/product\\\/boa-nova-1107\\\/#primaryimage\"},\"thumbnailUrl\":\"https:\\\/\\\/www.lojacarita.com.br\\\/loja\\\/wp-content\\\/uploads\\\/2023\\\/11\\\/boa-nova-digital-63.jpg\",\"datePublished\":\"2023-11-03T17:31:57+00:00\",\"dateModified\":\"2024-04-03T11:59:38+00:00\",\"breadcrumb\":{\"@id\":\"https:\\\/\\\/www.lojacarita.com.br\\\/loja\\\/product\\\/boa-nova-1107\\\/#breadcrumb\"},\"inLanguage\":\"pt-BR\",\"potentialAction\":[{\"@type\":\"ReadAction\",\"target\":[\"https:\\\/\\\/www.lojacarita.com.br\\\/loja\\\/product\\\/boa-nova-1107\\\/\"]}]},{\"@type\":\"ImageObject\",\"inLanguage\":\"pt-BR\",\"@id\":\"https:\\\/\\\/www.lojacarita.com.br\\\/loja\\\/product\\\/boa-nova-1107\\\/#primaryimage\",\"url\":\"https:\\\/\\\/www.lojacarita.com.br\\\/loja\\\/wp-content\\\/uploads\\\/2023\\\/11\\\/boa-nova-digital-63.jpg\",\"contentUrl\":\"https:\\\/\\\/www.lojacarita.com.br\\\/loja\\\/wp-content\\\/uploads\\\/2023\\\/11\\\/boa-nova-digital-63.jpg\",\"width\":681,\"height\":681},{\"@type\":\"BreadcrumbList\",\"@id\":\"https:\\\/\\\/www.lojacarita.com.br\\\/loja\\\/product\\\/boa-nova-1107\\\/#breadcrumb\",\"itemListElement\":[{\"@type\":\"ListItem\",\"position\":1,\"name\":\"In\u00edcio\",\"item\":\"https:\\\/\\\/www.lojacarita.com.br\\\/loja\\\/\"},{\"@type\":\"ListItem\",\"position\":2,\"name\":\"Produtos\",\"item\":\"https:\\\/\\\/www.lojacarita.com.br\\\/loja\\\/nossos-produtos\\\/\"},{\"@type\":\"ListItem\",\"position\":3,\"name\":\"Boa Nova 1107\"}]},{\"@type\":\"WebSite\",\"@id\":\"https:\\\/\\\/www.lojacarita.com.br\\\/loja\\\/#website\",\"url\":\"https:\\\/\\\/www.lojacarita.com.br\\\/loja\\\/\",\"name\":\"Loja C\u00e1rita\",\"description\":\"Amai-vos e instrui-vos! Esp\u00edrito de Verdade\",\"publisher\":{\"@id\":\"https:\\\/\\\/www.lojacarita.com.br\\\/loja\\\/#organization\"},\"potentialAction\":[{\"@type\":\"SearchAction\",\"target\":{\"@type\":\"EntryPoint\",\"urlTemplate\":\"https:\\\/\\\/www.lojacarita.com.br\\\/loja\\\/?s={search_term_string}\"},\"query-input\":{\"@type\":\"PropertyValueSpecification\",\"valueRequired\":true,\"valueName\":\"search_term_string\"}}],\"inLanguage\":\"pt-BR\"},{\"@type\":\"Organization\",\"@id\":\"https:\\\/\\\/www.lojacarita.com.br\\\/loja\\\/#organization\",\"name\":\"Loja C\u00e1rita\",\"url\":\"https:\\\/\\\/www.lojacarita.com.br\\\/loja\\\/\",\"logo\":{\"@type\":\"ImageObject\",\"inLanguage\":\"pt-BR\",\"@id\":\"https:\\\/\\\/www.lojacarita.com.br\\\/loja\\\/#\\\/schema\\\/logo\\\/image\\\/\",\"url\":\"http:\\\/\\\/www.lojacarita.com.br\\\/loja2021\\\/wp-content\\\/uploads\\\/2021\\\/05\\\/favicon.png\",\"contentUrl\":\"http:\\\/\\\/www.lojacarita.com.br\\\/loja2021\\\/wp-content\\\/uploads\\\/2021\\\/05\\\/favicon.png\",\"width\":512,\"height\":512,\"caption\":\"Loja C\u00e1rita\"},\"image\":{\"@id\":\"https:\\\/\\\/www.lojacarita.com.br\\\/loja\\\/#\\\/schema\\\/logo\\\/image\\\/\"}}]}<\/script>\n<!-- \/ Yoast SEO plugin. -->","yoast_head_json":{"title":"Boa Nova 1107 - Loja C\u00e1rita","robots":{"index":"index","follow":"follow","max-snippet":"max-snippet:-1","max-image-preview":"max-image-preview:large","max-video-preview":"max-video-preview:-1"},"canonical":"https:\/\/www.lojacarita.com.br\/loja\/product\/boa-nova-1107\/","og_locale":"pt_BR","og_type":"article","og_title":"Boa Nova 1107 - Loja C\u00e1rita","og_description":"Os Sons de Deus!, ouvidos tardos e a dor! 25 de janeiro de 2019 Psicofon\u00eda da m\u00e9dium Eliana dos Santos Dura\u00e7\u00e3o:&nbsp; 44min Enfim, vamos aprender a ver o bem em toda a parte. Para isto preciso ouvi-lo. Ele \u00e9 um som. O bem n\u00e3o \u00e9 um fato mudo. Ele tem uma mensagem. Ele precisa ser &hellip; Continua","og_url":"https:\/\/www.lojacarita.com.br\/loja\/product\/boa-nova-1107\/","og_site_name":"Loja C\u00e1rita","article_modified_time":"2024-04-03T11:59:38+00:00","og_image":[{"width":681,"height":681,"url":"https:\/\/www.lojacarita.com.br\/loja\/wp-content\/uploads\/2023\/11\/boa-nova-digital-63.jpg","type":"image\/jpeg"}],"twitter_card":"summary_large_image","twitter_misc":{"Est. tempo de leitura":"3 minutos"},"schema":{"@context":"https:\/\/schema.org","@graph":[{"@type":"WebPage","@id":"https:\/\/www.lojacarita.com.br\/loja\/product\/boa-nova-1107\/","url":"https:\/\/www.lojacarita.com.br\/loja\/product\/boa-nova-1107\/","name":"Boa Nova 1107 - Loja C\u00e1rita","isPartOf":{"@id":"https:\/\/www.lojacarita.com.br\/loja\/#website"},"primaryImageOfPage":{"@id":"https:\/\/www.lojacarita.com.br\/loja\/product\/boa-nova-1107\/#primaryimage"},"image":{"@id":"https:\/\/www.lojacarita.com.br\/loja\/product\/boa-nova-1107\/#primaryimage"},"thumbnailUrl":"https:\/\/www.lojacarita.com.br\/loja\/wp-content\/uploads\/2023\/11\/boa-nova-digital-63.jpg","datePublished":"2023-11-03T17:31:57+00:00","dateModified":"2024-04-03T11:59:38+00:00","breadcrumb":{"@id":"https:\/\/www.lojacarita.com.br\/loja\/product\/boa-nova-1107\/#breadcrumb"},"inLanguage":"pt-BR","potentialAction":[{"@type":"ReadAction","target":["https:\/\/www.lojacarita.com.br\/loja\/product\/boa-nova-1107\/"]}]},{"@type":"ImageObject","inLanguage":"pt-BR","@id":"https:\/\/www.lojacarita.com.br\/loja\/product\/boa-nova-1107\/#primaryimage","url":"https:\/\/www.lojacarita.com.br\/loja\/wp-content\/uploads\/2023\/11\/boa-nova-digital-63.jpg","contentUrl":"https:\/\/www.lojacarita.com.br\/loja\/wp-content\/uploads\/2023\/11\/boa-nova-digital-63.jpg","width":681,"height":681},{"@type":"BreadcrumbList","@id":"https:\/\/www.lojacarita.com.br\/loja\/product\/boa-nova-1107\/#breadcrumb","itemListElement":[{"@type":"ListItem","position":1,"name":"In\u00edcio","item":"https:\/\/www.lojacarita.com.br\/loja\/"},{"@type":"ListItem","position":2,"name":"Produtos","item":"https:\/\/www.lojacarita.com.br\/loja\/nossos-produtos\/"},{"@type":"ListItem","position":3,"name":"Boa Nova 1107"}]},{"@type":"WebSite","@id":"https:\/\/www.lojacarita.com.br\/loja\/#website","url":"https:\/\/www.lojacarita.com.br\/loja\/","name":"Loja C\u00e1rita","description":"Amai-vos e instrui-vos! Esp\u00edrito de Verdade","publisher":{"@id":"https:\/\/www.lojacarita.com.br\/loja\/#organization"},"potentialAction":[{"@type":"SearchAction","target":{"@type":"EntryPoint","urlTemplate":"https:\/\/www.lojacarita.com.br\/loja\/?s={search_term_string}"},"query-input":{"@type":"PropertyValueSpecification","valueRequired":true,"valueName":"search_term_string"}}],"inLanguage":"pt-BR"},{"@type":"Organization","@id":"https:\/\/www.lojacarita.com.br\/loja\/#organization","name":"Loja C\u00e1rita","url":"https:\/\/www.lojacarita.com.br\/loja\/","logo":{"@type":"ImageObject","inLanguage":"pt-BR","@id":"https:\/\/www.lojacarita.com.br\/loja\/#\/schema\/logo\/image\/","url":"http:\/\/www.lojacarita.com.br\/loja2021\/wp-content\/uploads\/2021\/05\/favicon.png","contentUrl":"http:\/\/www.lojacarita.com.br\/loja2021\/wp-content\/uploads\/2021\/05\/favicon.png","width":512,"height":512,"caption":"Loja C\u00e1rita"},"image":{"@id":"https:\/\/www.lojacarita.com.br\/loja\/#\/schema\/logo\/image\/"}}]}},"_links":{"self":[{"href":"https:\/\/www.lojacarita.com.br\/loja\/wp-json\/wp\/v2\/product\/1409","targetHints":{"allow":["GET"]}}],"collection":[{"href":"https:\/\/www.lojacarita.com.br\/loja\/wp-json\/wp\/v2\/product"}],"about":[{"href":"https:\/\/www.lojacarita.com.br\/loja\/wp-json\/wp\/v2\/types\/product"}],"wp:featuredmedia":[{"embeddable":true,"href":"https:\/\/www.lojacarita.com.br\/loja\/wp-json\/wp\/v2\/media\/1410"}],"wp:attachment":[{"href":"https:\/\/www.lojacarita.com.br\/loja\/wp-json\/wp\/v2\/media?parent=1409"}],"wp:term":[{"taxonomy":"product_brand","embeddable":true,"href":"https:\/\/www.lojacarita.com.br\/loja\/wp-json\/wp\/v2\/product_brand?post=1409"},{"taxonomy":"product_cat","embeddable":true,"href":"https:\/\/www.lojacarita.com.br\/loja\/wp-json\/wp\/v2\/product_cat?post=1409"},{"taxonomy":"product_tag","embeddable":true,"href":"https:\/\/www.lojacarita.com.br\/loja\/wp-json\/wp\/v2\/product_tag?post=1409"}],"curies":[{"name":"wp","href":"https:\/\/api.w.org\/{rel}","templated":true}]}}