{"id":1387,"date":"2023-11-03T14:31:05","date_gmt":"2023-11-03T17:31:05","guid":{"rendered":"https:\/\/www.lojacarita.com.br\/loja\/product\/boa-nova-1101\/"},"modified":"2023-12-05T08:05:49","modified_gmt":"2023-12-05T11:05:49","slug":"boa-nova-1101","status":"publish","type":"product","link":"https:\/\/www.lojacarita.com.br\/loja\/product\/boa-nova-1101\/","title":{"rendered":"Boa Nova 1101"},"content":{"rendered":"<p class=\"MsoNormal\"><span lang=\"PT-BR\" style=\"line-height: 150%;\">A noite de Bel\u00e9m e a Via do Desapego<\/span><\/p>\n<p class=\"MsoNormal\"><span lang=\"PT-BR\" style=\"line-height: 150%;\">Como pode nascer a divindade em mim?<\/span><\/p>\n<p class=\"MsoNormal\" style=\"line-height: 150%;\">14 de dezembro de 2018<\/p>\n<p><\/p>\n<p>Mensagem espiritual pelo esp\u00edrito Catarina de Senna<\/p>\n<p>Psicofon\u00eda da m\u00e9dium Eliana dos Santos<\/p>\n<p>Dura\u00e7\u00e3o: 30min<\/p>\n<p><\/p>\n<p class=\"MsoNormal\"><span lang=\"PT-BR\" style=\"line-height: 150%;\">Dezembro,<br \/>\no segundo encontro e o tema central nasce do m\u00eas natalino e o significado maior<br \/>\ndo Nascimento da crian\u00e7a divina!<o:p><\/o:p><\/span><\/p>\n<p class=\"MsoNormal\" style=\"\"><span lang=\"PT-BR\" style=\"line-height: 150%;\">Com<br \/>\no t\u00edtulo A Noite de Bel\u00e9m e a Via do<br \/>\nDesapego, a espiritualidade tece algumas considera\u00e7\u00f5es em torno da mensagem<br \/>\nda manjedoura: a do desapego.. Eis a Li\u00e7\u00e3o que nos foi entregue nessa data. <\/span><span lang=\"PT-BR\" style=\"line-height: 150%;\">Ah, j\u00e1 podemos contabilizar um livro inteiro, e h\u00e1<br \/>\nin\u00fameros livros, p\u00e1ginas sobre a hora em que nasce o menino divino&#8230; E vejam<br \/>\nque ele nasce em profundo desapego. Ent\u00e3o s\u00f3 nesta imagem n\u00f3s j\u00e1 podemos tocar<br \/>\na mensagem ou o tema que foi de forma t\u00e3o bela discorrida por Lacordaire &#8211; e<br \/>\nescolhido essa noite&#8230; Como pode nascer a divindade em mim? <\/span><span lang=\"PT-BR\" style=\"line-height: 150%;\"><o:p><\/o:p><\/span><\/p>\n<p class=\"MsoNormal\"><span lang=\"PT-BR\" style=\"line-height: 150%;\">A mensagem de Lacordaire demarca o<br \/>\nsentido desse desapego. O elogio \u00e0 abundancia espiritual se d\u00e1 na medida da<br \/>\nsolidariedade vivida, praticada &#8230; Ou\u00e7amos essa voz. Ela nos traz \u00e2nimo e<br \/>\nencorajamento para as mudan\u00e7as que devemos realizar em n\u00f3s mesmos \u2013 e, assim,<br \/>\ntrabalhar e operar a mudan\u00e7a que desejamos no mundo \u2013 segundo os dizeres do<br \/>\nMahatma Ghandi. <o:p><\/o:p><\/span><\/p>\n<p class=\"MsoNormal\"><span lang=\"PT-BR\" style=\"line-height: 150%;\">Querida rede de audi\u00e7\u00e3o, al\u00e9m desse<br \/>\ntema maior, tamb\u00e9m temos o apontamento da m\u00fasica executada ao piano pelo amigo<br \/>\ndessa rede amiga de audi\u00e7\u00e3o, o irm\u00e3o de caminhada Francisco Maugeri, e que nos<br \/>\nemocionou&#8230; Entregamos essa Boa Nova de n\u00famero hum mil cento e hum com nosso terno abra\u00e7o&#8230; e gratid\u00e3o pela<br \/>\nexist\u00eancia desses momentos em que aprendemos a amar um tanto mais!<o:p><\/o:p><\/span><\/p>\n<p class=\"MsoNormal\"><span lang=\"PT-BR\" style=\"line-height: 150%;\">Boa audi\u00e7\u00e3o!<o:p><\/o:p><\/span><\/p>\n<\/p>\n<p class=\"MsoNormal\"><span lang=\"PT-BR\" style=\"line-height: 150%;\">C\u00e1rita!<font face=\"FrysBaskerville BT, serif\"><span style=\"font-size: 10pt;\"><o:p><\/o:p><\/span><\/font><\/span><\/p>\n<p><span lang=\"PT-BR\" style=\"text-align: justify; text-indent: 35.45pt; color: inherit; font-family: inherit; line-height: 150%;\"><br \/><\/span><\/p>\n<\/p>\n<p class=\"MsoNormal\"><span style=\"color: inherit; font-family: inherit;\">Ouve a apresenta\u00e7\u00e3o da mensagem espiritual:<\/span><\/p>\n<p><audio style=\"width:350px;background:#ffffff;width: 370px;\" preload=\"none\" ontimeupdate=\"updateTime()\" controls=\"\" metadata=\"\"><source src=\"https:\/\/www.lojacarita.com.br\/loja\/wp-content\/uploads\/2023\/11\/samples\/bn-1101-abertura.mp3\" type=\"audio\/mpeg\"><a href=\"https:\/\/www.lojacarita.com.br\/loja\/wp-content\/uploads\/2023\/11\/samples\/bn-1101-abertura.mp3\"><font size=\"2\">Play<\/font><\/a><\/audio><\/p>\n<hr width=\"75%\">\n<h5>Ouve os primeiros 5 minutos da mensagem espiritual:<\/h5>\n<p><audio style=\"width:350px;background:#ffffff;width: 370px;\" preload=\"none\" ontimeupdate=\"updateTime()\" controls=\"\" metadata=\"\"><source src=\"https:\/\/www.lojacarita.com.br\/loja\/wp-content\/uploads\/2023\/11\/samples\/bn-1101-sample.mp3\" type=\"audio\/mpeg\"><a href=\"https:\/\/www.lojacarita.com.br\/loja\/wp-content\/uploads\/2023\/11\/samples\/bn-1101-sample.mp3\"><font size=\"2\">Play<\/font><\/a><\/audio><\/p>\n","protected":false},"excerpt":{"rendered":"<p>A noite de Bel\u00e9m e a Via do Desapego Como pode nascer a divindade em mim? 14 de dezembro de 2018 Mensagem espiritual pelo esp\u00edrito Catarina de Senna Psicofon\u00eda da m\u00e9dium Eliana dos Santos Dura\u00e7\u00e3o: 30min Dezembro, o segundo encontro e o tema central nasce do m\u00eas natalino e o significado maior do Nascimento da &hellip; <a href=\"https:\/\/www.lojacarita.com.br\/loja\/product\/boa-nova-1101\/\">Continua<\/a><\/p>\n","protected":false},"featured_media":1388,"template":"","meta":[],"product_brand":[],"product_cat":[81],"product_tag":[],"class_list":{"0":"post-1387","1":"product","2":"type-product","3":"status-publish","4":"has-post-thumbnail","6":"product_cat-boas_novas","8":"first","9":"instock","10":"downloadable","11":"virtual","12":"purchasable","13":"product-type-simple"},"acf":[],"yoast_head":"<!-- This site is optimized with the Yoast SEO plugin v27.4 - https:\/\/yoast.com\/product\/yoast-seo-wordpress\/ -->\n<title>Boa Nova 1101 - Loja C\u00e1rita<\/title>\n<meta name=\"robots\" content=\"index, follow, max-snippet:-1, max-image-preview:large, max-video-preview:-1\" \/>\n<link rel=\"canonical\" href=\"https:\/\/www.lojacarita.com.br\/loja\/product\/boa-nova-1101\/\" \/>\n<meta property=\"og:locale\" content=\"pt_BR\" \/>\n<meta property=\"og:type\" content=\"article\" \/>\n<meta property=\"og:title\" content=\"Boa Nova 1101 - Loja C\u00e1rita\" \/>\n<meta property=\"og:description\" content=\"A noite de Bel\u00e9m e a Via do Desapego Como pode nascer a divindade em mim? 14 de dezembro de 2018 Mensagem espiritual pelo esp\u00edrito Catarina de Senna Psicofon\u00eda da m\u00e9dium Eliana dos Santos Dura\u00e7\u00e3o: 30min Dezembro, o segundo encontro e o tema central nasce do m\u00eas natalino e o significado maior do Nascimento da &hellip; Continua\" \/>\n<meta property=\"og:url\" content=\"https:\/\/www.lojacarita.com.br\/loja\/product\/boa-nova-1101\/\" \/>\n<meta property=\"og:site_name\" content=\"Loja C\u00e1rita\" \/>\n<meta property=\"article:modified_time\" content=\"2023-12-05T11:05:49+00:00\" \/>\n<meta property=\"og:image\" content=\"https:\/\/www.lojacarita.com.br\/loja\/wp-content\/uploads\/2023\/11\/boa-nova-digital-53.jpg\" \/>\n\t<meta property=\"og:image:width\" content=\"681\" \/>\n\t<meta property=\"og:image:height\" content=\"681\" \/>\n\t<meta property=\"og:image:type\" content=\"image\/jpeg\" \/>\n<meta name=\"twitter:card\" content=\"summary_large_image\" \/>\n<meta name=\"twitter:label1\" content=\"Est. tempo de leitura\" \/>\n\t<meta name=\"twitter:data1\" content=\"2 minutos\" \/>\n<script type=\"application\/ld+json\" class=\"yoast-schema-graph\">{\"@context\":\"https:\\\/\\\/schema.org\",\"@graph\":[{\"@type\":\"WebPage\",\"@id\":\"https:\\\/\\\/www.lojacarita.com.br\\\/loja\\\/product\\\/boa-nova-1101\\\/\",\"url\":\"https:\\\/\\\/www.lojacarita.com.br\\\/loja\\\/product\\\/boa-nova-1101\\\/\",\"name\":\"Boa Nova 1101 - Loja C\u00e1rita\",\"isPartOf\":{\"@id\":\"https:\\\/\\\/www.lojacarita.com.br\\\/loja\\\/#website\"},\"primaryImageOfPage\":{\"@id\":\"https:\\\/\\\/www.lojacarita.com.br\\\/loja\\\/product\\\/boa-nova-1101\\\/#primaryimage\"},\"image\":{\"@id\":\"https:\\\/\\\/www.lojacarita.com.br\\\/loja\\\/product\\\/boa-nova-1101\\\/#primaryimage\"},\"thumbnailUrl\":\"https:\\\/\\\/www.lojacarita.com.br\\\/loja\\\/wp-content\\\/uploads\\\/2023\\\/11\\\/boa-nova-digital-53.jpg\",\"datePublished\":\"2023-11-03T17:31:05+00:00\",\"dateModified\":\"2023-12-05T11:05:49+00:00\",\"breadcrumb\":{\"@id\":\"https:\\\/\\\/www.lojacarita.com.br\\\/loja\\\/product\\\/boa-nova-1101\\\/#breadcrumb\"},\"inLanguage\":\"pt-BR\",\"potentialAction\":[{\"@type\":\"ReadAction\",\"target\":[\"https:\\\/\\\/www.lojacarita.com.br\\\/loja\\\/product\\\/boa-nova-1101\\\/\"]}]},{\"@type\":\"ImageObject\",\"inLanguage\":\"pt-BR\",\"@id\":\"https:\\\/\\\/www.lojacarita.com.br\\\/loja\\\/product\\\/boa-nova-1101\\\/#primaryimage\",\"url\":\"https:\\\/\\\/www.lojacarita.com.br\\\/loja\\\/wp-content\\\/uploads\\\/2023\\\/11\\\/boa-nova-digital-53.jpg\",\"contentUrl\":\"https:\\\/\\\/www.lojacarita.com.br\\\/loja\\\/wp-content\\\/uploads\\\/2023\\\/11\\\/boa-nova-digital-53.jpg\",\"width\":681,\"height\":681},{\"@type\":\"BreadcrumbList\",\"@id\":\"https:\\\/\\\/www.lojacarita.com.br\\\/loja\\\/product\\\/boa-nova-1101\\\/#breadcrumb\",\"itemListElement\":[{\"@type\":\"ListItem\",\"position\":1,\"name\":\"In\u00edcio\",\"item\":\"https:\\\/\\\/www.lojacarita.com.br\\\/loja\\\/\"},{\"@type\":\"ListItem\",\"position\":2,\"name\":\"Produtos\",\"item\":\"https:\\\/\\\/www.lojacarita.com.br\\\/loja\\\/nossos-produtos\\\/\"},{\"@type\":\"ListItem\",\"position\":3,\"name\":\"Boa Nova 1101\"}]},{\"@type\":\"WebSite\",\"@id\":\"https:\\\/\\\/www.lojacarita.com.br\\\/loja\\\/#website\",\"url\":\"https:\\\/\\\/www.lojacarita.com.br\\\/loja\\\/\",\"name\":\"Loja C\u00e1rita\",\"description\":\"Amai-vos e instrui-vos! Esp\u00edrito de Verdade\",\"publisher\":{\"@id\":\"https:\\\/\\\/www.lojacarita.com.br\\\/loja\\\/#organization\"},\"potentialAction\":[{\"@type\":\"SearchAction\",\"target\":{\"@type\":\"EntryPoint\",\"urlTemplate\":\"https:\\\/\\\/www.lojacarita.com.br\\\/loja\\\/?s={search_term_string}\"},\"query-input\":{\"@type\":\"PropertyValueSpecification\",\"valueRequired\":true,\"valueName\":\"search_term_string\"}}],\"inLanguage\":\"pt-BR\"},{\"@type\":\"Organization\",\"@id\":\"https:\\\/\\\/www.lojacarita.com.br\\\/loja\\\/#organization\",\"name\":\"Loja C\u00e1rita\",\"url\":\"https:\\\/\\\/www.lojacarita.com.br\\\/loja\\\/\",\"logo\":{\"@type\":\"ImageObject\",\"inLanguage\":\"pt-BR\",\"@id\":\"https:\\\/\\\/www.lojacarita.com.br\\\/loja\\\/#\\\/schema\\\/logo\\\/image\\\/\",\"url\":\"http:\\\/\\\/www.lojacarita.com.br\\\/loja2021\\\/wp-content\\\/uploads\\\/2021\\\/05\\\/favicon.png\",\"contentUrl\":\"http:\\\/\\\/www.lojacarita.com.br\\\/loja2021\\\/wp-content\\\/uploads\\\/2021\\\/05\\\/favicon.png\",\"width\":512,\"height\":512,\"caption\":\"Loja C\u00e1rita\"},\"image\":{\"@id\":\"https:\\\/\\\/www.lojacarita.com.br\\\/loja\\\/#\\\/schema\\\/logo\\\/image\\\/\"}}]}<\/script>\n<!-- \/ Yoast SEO plugin. -->","yoast_head_json":{"title":"Boa Nova 1101 - Loja C\u00e1rita","robots":{"index":"index","follow":"follow","max-snippet":"max-snippet:-1","max-image-preview":"max-image-preview:large","max-video-preview":"max-video-preview:-1"},"canonical":"https:\/\/www.lojacarita.com.br\/loja\/product\/boa-nova-1101\/","og_locale":"pt_BR","og_type":"article","og_title":"Boa Nova 1101 - Loja C\u00e1rita","og_description":"A noite de Bel\u00e9m e a Via do Desapego Como pode nascer a divindade em mim? 14 de dezembro de 2018 Mensagem espiritual pelo esp\u00edrito Catarina de Senna Psicofon\u00eda da m\u00e9dium Eliana dos Santos Dura\u00e7\u00e3o: 30min Dezembro, o segundo encontro e o tema central nasce do m\u00eas natalino e o significado maior do Nascimento da &hellip; Continua","og_url":"https:\/\/www.lojacarita.com.br\/loja\/product\/boa-nova-1101\/","og_site_name":"Loja C\u00e1rita","article_modified_time":"2023-12-05T11:05:49+00:00","og_image":[{"width":681,"height":681,"url":"https:\/\/www.lojacarita.com.br\/loja\/wp-content\/uploads\/2023\/11\/boa-nova-digital-53.jpg","type":"image\/jpeg"}],"twitter_card":"summary_large_image","twitter_misc":{"Est. tempo de leitura":"2 minutos"},"schema":{"@context":"https:\/\/schema.org","@graph":[{"@type":"WebPage","@id":"https:\/\/www.lojacarita.com.br\/loja\/product\/boa-nova-1101\/","url":"https:\/\/www.lojacarita.com.br\/loja\/product\/boa-nova-1101\/","name":"Boa Nova 1101 - Loja C\u00e1rita","isPartOf":{"@id":"https:\/\/www.lojacarita.com.br\/loja\/#website"},"primaryImageOfPage":{"@id":"https:\/\/www.lojacarita.com.br\/loja\/product\/boa-nova-1101\/#primaryimage"},"image":{"@id":"https:\/\/www.lojacarita.com.br\/loja\/product\/boa-nova-1101\/#primaryimage"},"thumbnailUrl":"https:\/\/www.lojacarita.com.br\/loja\/wp-content\/uploads\/2023\/11\/boa-nova-digital-53.jpg","datePublished":"2023-11-03T17:31:05+00:00","dateModified":"2023-12-05T11:05:49+00:00","breadcrumb":{"@id":"https:\/\/www.lojacarita.com.br\/loja\/product\/boa-nova-1101\/#breadcrumb"},"inLanguage":"pt-BR","potentialAction":[{"@type":"ReadAction","target":["https:\/\/www.lojacarita.com.br\/loja\/product\/boa-nova-1101\/"]}]},{"@type":"ImageObject","inLanguage":"pt-BR","@id":"https:\/\/www.lojacarita.com.br\/loja\/product\/boa-nova-1101\/#primaryimage","url":"https:\/\/www.lojacarita.com.br\/loja\/wp-content\/uploads\/2023\/11\/boa-nova-digital-53.jpg","contentUrl":"https:\/\/www.lojacarita.com.br\/loja\/wp-content\/uploads\/2023\/11\/boa-nova-digital-53.jpg","width":681,"height":681},{"@type":"BreadcrumbList","@id":"https:\/\/www.lojacarita.com.br\/loja\/product\/boa-nova-1101\/#breadcrumb","itemListElement":[{"@type":"ListItem","position":1,"name":"In\u00edcio","item":"https:\/\/www.lojacarita.com.br\/loja\/"},{"@type":"ListItem","position":2,"name":"Produtos","item":"https:\/\/www.lojacarita.com.br\/loja\/nossos-produtos\/"},{"@type":"ListItem","position":3,"name":"Boa Nova 1101"}]},{"@type":"WebSite","@id":"https:\/\/www.lojacarita.com.br\/loja\/#website","url":"https:\/\/www.lojacarita.com.br\/loja\/","name":"Loja C\u00e1rita","description":"Amai-vos e instrui-vos! Esp\u00edrito de Verdade","publisher":{"@id":"https:\/\/www.lojacarita.com.br\/loja\/#organization"},"potentialAction":[{"@type":"SearchAction","target":{"@type":"EntryPoint","urlTemplate":"https:\/\/www.lojacarita.com.br\/loja\/?s={search_term_string}"},"query-input":{"@type":"PropertyValueSpecification","valueRequired":true,"valueName":"search_term_string"}}],"inLanguage":"pt-BR"},{"@type":"Organization","@id":"https:\/\/www.lojacarita.com.br\/loja\/#organization","name":"Loja C\u00e1rita","url":"https:\/\/www.lojacarita.com.br\/loja\/","logo":{"@type":"ImageObject","inLanguage":"pt-BR","@id":"https:\/\/www.lojacarita.com.br\/loja\/#\/schema\/logo\/image\/","url":"http:\/\/www.lojacarita.com.br\/loja2021\/wp-content\/uploads\/2021\/05\/favicon.png","contentUrl":"http:\/\/www.lojacarita.com.br\/loja2021\/wp-content\/uploads\/2021\/05\/favicon.png","width":512,"height":512,"caption":"Loja C\u00e1rita"},"image":{"@id":"https:\/\/www.lojacarita.com.br\/loja\/#\/schema\/logo\/image\/"}}]}},"_links":{"self":[{"href":"https:\/\/www.lojacarita.com.br\/loja\/wp-json\/wp\/v2\/product\/1387","targetHints":{"allow":["GET"]}}],"collection":[{"href":"https:\/\/www.lojacarita.com.br\/loja\/wp-json\/wp\/v2\/product"}],"about":[{"href":"https:\/\/www.lojacarita.com.br\/loja\/wp-json\/wp\/v2\/types\/product"}],"wp:featuredmedia":[{"embeddable":true,"href":"https:\/\/www.lojacarita.com.br\/loja\/wp-json\/wp\/v2\/media\/1388"}],"wp:attachment":[{"href":"https:\/\/www.lojacarita.com.br\/loja\/wp-json\/wp\/v2\/media?parent=1387"}],"wp:term":[{"taxonomy":"product_brand","embeddable":true,"href":"https:\/\/www.lojacarita.com.br\/loja\/wp-json\/wp\/v2\/product_brand?post=1387"},{"taxonomy":"product_cat","embeddable":true,"href":"https:\/\/www.lojacarita.com.br\/loja\/wp-json\/wp\/v2\/product_cat?post=1387"},{"taxonomy":"product_tag","embeddable":true,"href":"https:\/\/www.lojacarita.com.br\/loja\/wp-json\/wp\/v2\/product_tag?post=1387"}],"curies":[{"name":"wp","href":"https:\/\/api.w.org\/{rel}","templated":true}]}}