{"id":1381,"date":"2023-11-03T14:30:52","date_gmt":"2023-11-03T17:30:52","guid":{"rendered":"https:\/\/www.lojacarita.com.br\/loja\/product\/boa-nova-1098\/"},"modified":"2024-04-03T08:59:40","modified_gmt":"2024-04-03T11:59:40","slug":"boa-nova-1098","status":"publish","type":"product","link":"https:\/\/www.lojacarita.com.br\/loja\/product\/boa-nova-1098\/","title":{"rendered":"Boa Nova 1098"},"content":{"rendered":"<p class=\"MsoNormal\" style=\"line-height: 150%;\"><span style=\"text-align: justify; text-indent: 47.2667px;\">Alquimia da aprendizagem<br \/>A Casa Esp\u00edrita e Ouvidos de Ouvir<\/span><\/p>\n<p class=\"MsoNormal\" style=\"line-height: 150%;\">23 de novembro de 2018<\/p>\n<p><\/p>\n<p>Mensagem espiritual pelo esp\u00edrito Catarina de Senna<\/p>\n<p>Psicofon\u00eda da m\u00e9dium Eliana dos Santos<\/p>\n<p>Dura\u00e7\u00e3o: 29min<\/p>\n<p><span lang=\"PT-BR\" style=\"text-align: justify; text-indent: 35.45pt; color: inherit; font-family: inherit; line-height: 150%;\"><br \/><\/span><\/p>\n<p style=\"margin-left: 25px;\"><span lang=\"PT-BR\" style=\"text-align: justify; text-indent: 35.45pt; color: inherit; font-family: inherit; line-height: 150%;\">Boa Nova&nbsp; mil e noventa e oito, realizada em 23 de<br \/>\nnovembro do ano de 2018, com o <\/span><span lang=\"PT-BR\" style=\"text-align: justify; text-indent: 35.45pt; color: inherit; font-family: inherit; line-height: 150%;\">T\u00edtulo \u201cAlquimia da aprendizagem -A Casa<br \/>\nEsp\u00edrita e Ouvidos de Ouvir\u201d -, trazendo-nos o tema maior atrav\u00e9s de uma<br \/>\nsimples pergunta que se transforma em linhas de abertura dessa comunica\u00e7\u00e3o<br \/>\npsicof\u00f4nica &#8230; A espiritualidade apresenta a quest\u00e3o que norteia essa<br \/>\ntransmiss\u00e3o de mensagem para o nosso progresso espiritual&#8230; Diz ela em seus<br \/>\nprimeiros minutos: <\/span><span lang=\"PT-BR\" style=\"text-align: justify; text-indent: 35.45pt; color: inherit; font-family: inherit; line-height: 150%;\">Quantas belas palavras<br \/>\nt\u00eam chegado at\u00e9 aos nossos ouvidos? Responde o observador mais simpl\u00f3rio: -Muitas! Muitas palavras t\u00eam chegado aos<br \/>\nnossos ouvidos, t\u00eam vindo at\u00e9 n\u00f3s&#8230; Anjos revestidos de palavras &#8211; os textos,<br \/>\nas frases que comp\u00f5em o texto tem nos visitado regularmente.\u201d<\/span><\/p>\n<h5 style=\"margin-left: 25px;\">\n<p class=\"MsoNormal\"><span lang=\"PT-BR\" style=\"line-height: 150%;\">E<br \/>\na partir dessas primeiras linhas afirmativas, a pergunta nasce: \u201c<\/span><span lang=\"PT-BR\" style=\"line-height: 150%;\">Quantas?<br \/>\nQuantas? Quantas intensas p\u00e1ginas da f\u00e9 raciocinada t\u00eam alcan\u00e7ado os nossos passos?<br \/>\nQuantas? E tamb\u00e9m a resposta baila por esta quantifica\u00e7\u00e3o infinita&#8230; Muitas,<br \/>\nmuitas &#8211; podemos responder \u00e0 quest\u00e3o quantas vezes somos visitados pela gra\u00e7a<br \/>\nseja ela revestida de conselhos s\u00e1bios ou apenas de preces singelas&#8230; E tamb\u00e9m<br \/>\npodemos tecer a mesma resposta, ou seja, muitas&#8230;. Mas temos ouvidos de ouvir<br \/>\nessas palavras?\u201d<o:p><\/o:p><\/span><\/p>\n<p class=\"MsoNormal\"><span lang=\"PT-BR\" style=\"line-height: 150%;\">E assim a C\u00e1rita editora entrega \u00e0 rede<br \/>\nde audi\u00e7\u00e3o a resposta realizada em apenas 21 minutos de comunica\u00e7\u00e3o espiritual&#8230;<o:p><\/o:p><\/span><\/p>\n<p class=\"MsoNormal\" style=\"\"><span lang=\"PT-BR\" style=\"line-height: 150%;\">Ou\u00e7amos<br \/>\ncom a alma em grata atitude pelos poucos minutos que nos trazem essa ilumina\u00e7\u00e3o<br \/>\nmaior sobre os caminhos da aprendizagem a partir da constru\u00e7\u00e3o desse Caminho,<br \/>\nVerdade e Vida deixada pelo amado Mestre Jesus para a nossa felicidade! Ouvindo<br \/>\nessas palavras vamos crescendo na arte de ser o que sonhamos, na terna arte de<br \/>\ntransformar em comportamentos reais os ideais mais nobres que o Cristianismo<br \/>\nnos presenteia. Ah, minutos poucos mas valiosos, para que saibamos percorrer o<br \/>\ncaminho e chegar \u00e0s paragens espirituais mais elevadas que nos mergulham em um<br \/>\ncontinente de paz! <o:p><\/o:p><\/span><\/p>\n<p class=\"MsoNormal\" style=\"\"><span lang=\"PT-BR\" style=\"line-height: 150%;\">A<br \/>\nespiritualidade vai fechando a breve prele\u00e7\u00e3o com essa peti\u00e7\u00e3o de paz: As palavras chegaram e adentraram os nossos<br \/>\nouvidos, ouvimos o som maravilhoso e inesquec\u00edvel: eu te amo, eu te amo &#8211; a voz<br \/>\nde Deus repete essa declara\u00e7\u00e3o de amor eterno a toda a cria\u00e7\u00e3o. Ele \u00e9 amor,<br \/>\nDeus \u00e9 amor, e dos seus l\u00e1bios palavras revestidas de ternura inconfund\u00edvel nos<br \/>\nencontram dia a dia, hora a hora, minuto a minuto. Ah! Quantas palavras belas!<br \/>\nGratos! Somos gratos \u00f3 Deus, por elas chegarem aos nossos ouvidos. J\u00e1 \u00e9 um<br \/>\npasso estar aqui, ouvindo-as. Um dia far\u00e3o parte de n\u00f3s, intensamente fluir\u00e3o<br \/>\ntamb\u00e9m por nossos l\u00e1bios e, onde antes havia secura, amargura, coment\u00e1rios<br \/>\nmenos nobres, maledicentes, passar\u00e1 a existir flores, perfumes, levezas e<br \/>\ngratid\u00e3o!<o:p><\/o:p><\/span><\/p>\n<p class=\"MsoNormal\">\n<p class=\"MsoNormal\"><span lang=\"PT-BR\" style=\"line-height: 150%;\">Grande abra\u00e7o<font face=\"FrysBaskerville BT, serif\"><span style=\"font-size: 10pt;\"><o:p><\/o:p><\/span><\/font><\/span><\/p>\n<\/h5>\n<h5><\/h5>\n<h5><\/h5>\n<h5>Ouve a apresenta\u00e7\u00e3o da mensagem espiritual:<\/h5>\n<p><audio style=\"width:350px;background:#ffffff;width: 370px;\" preload=\"none\" ontimeupdate=\"updateTime()\" controls=\"\" metadata=\"\"><source src=\"https:\/\/www.lojacarita.com.br\/loja\/wp-content\/uploads\/2023\/11\/samples\/bn-1098-abertura.mp3\" type=\"audio\/mpeg\"><a href=\"https:\/\/www.lojacarita.com.br\/loja\/wp-content\/uploads\/2023\/11\/samples\/bn-1098-abertura.mp3\"><font size=\"2\">Play<\/font><\/a><\/audio><\/p>\n<hr width=\"75%\">\n<h5>Ouve os primeiros 5 minutos da mensagem espiritual:<\/h5>\n<p><audio style=\"width:350px;background:#ffffff;width: 370px;\" preload=\"none\" ontimeupdate=\"updateTime()\" controls=\"\" metadata=\"\"><source src=\"https:\/\/www.lojacarita.com.br\/loja\/wp-content\/uploads\/2023\/11\/samples\/bn-1098-sample.mp3\" type=\"audio\/mpeg\"><a href=\"https:\/\/www.lojacarita.com.br\/loja\/wp-content\/uploads\/2023\/11\/samples\/bn-1098-sample.mp3\"><font size=\"2\">Play<\/font><\/a><\/audio><\/p>\n","protected":false},"excerpt":{"rendered":"<p>Alquimia da aprendizagemA Casa Esp\u00edrita e Ouvidos de Ouvir 23 de novembro de 2018 Mensagem espiritual pelo esp\u00edrito Catarina de Senna Psicofon\u00eda da m\u00e9dium Eliana dos Santos Dura\u00e7\u00e3o: 29min Boa Nova&nbsp; mil e noventa e oito, realizada em 23 de novembro do ano de 2018, com o T\u00edtulo \u201cAlquimia da aprendizagem -A Casa Esp\u00edrita e &hellip; <a href=\"https:\/\/www.lojacarita.com.br\/loja\/product\/boa-nova-1098\/\">Continua<\/a><\/p>\n","protected":false},"featured_media":1382,"template":"","meta":[],"product_brand":[],"product_cat":[81],"product_tag":[],"class_list":{"0":"post-1381","1":"product","2":"type-product","3":"status-publish","4":"has-post-thumbnail","6":"product_cat-boas_novas","8":"first","9":"instock","10":"downloadable","11":"virtual","12":"purchasable","13":"product-type-simple"},"acf":[],"yoast_head":"<!-- This site is optimized with the Yoast SEO plugin v27.4 - https:\/\/yoast.com\/product\/yoast-seo-wordpress\/ -->\n<title>Boa Nova 1098 - Loja C\u00e1rita<\/title>\n<meta name=\"robots\" content=\"index, follow, max-snippet:-1, max-image-preview:large, max-video-preview:-1\" \/>\n<link rel=\"canonical\" href=\"https:\/\/www.lojacarita.com.br\/loja\/product\/boa-nova-1098\/\" \/>\n<meta property=\"og:locale\" content=\"pt_BR\" \/>\n<meta property=\"og:type\" content=\"article\" \/>\n<meta property=\"og:title\" content=\"Boa Nova 1098 - Loja C\u00e1rita\" \/>\n<meta property=\"og:description\" content=\"Alquimia da aprendizagemA Casa Esp\u00edrita e Ouvidos de Ouvir 23 de novembro de 2018 Mensagem espiritual pelo esp\u00edrito Catarina de Senna Psicofon\u00eda da m\u00e9dium Eliana dos Santos Dura\u00e7\u00e3o: 29min Boa Nova&nbsp; mil e noventa e oito, realizada em 23 de novembro do ano de 2018, com o T\u00edtulo \u201cAlquimia da aprendizagem -A Casa Esp\u00edrita e &hellip; Continua\" \/>\n<meta property=\"og:url\" content=\"https:\/\/www.lojacarita.com.br\/loja\/product\/boa-nova-1098\/\" \/>\n<meta property=\"og:site_name\" content=\"Loja C\u00e1rita\" \/>\n<meta property=\"article:modified_time\" content=\"2024-04-03T11:59:40+00:00\" \/>\n<meta property=\"og:image\" content=\"https:\/\/www.lojacarita.com.br\/loja\/wp-content\/uploads\/2023\/11\/boa-nova-digital-50.jpg\" \/>\n\t<meta property=\"og:image:width\" content=\"681\" \/>\n\t<meta property=\"og:image:height\" content=\"681\" \/>\n\t<meta property=\"og:image:type\" content=\"image\/jpeg\" \/>\n<meta name=\"twitter:card\" content=\"summary_large_image\" \/>\n<meta name=\"twitter:label1\" content=\"Est. tempo de leitura\" \/>\n\t<meta name=\"twitter:data1\" content=\"3 minutos\" \/>\n<script type=\"application\/ld+json\" class=\"yoast-schema-graph\">{\"@context\":\"https:\\\/\\\/schema.org\",\"@graph\":[{\"@type\":\"WebPage\",\"@id\":\"https:\\\/\\\/www.lojacarita.com.br\\\/loja\\\/product\\\/boa-nova-1098\\\/\",\"url\":\"https:\\\/\\\/www.lojacarita.com.br\\\/loja\\\/product\\\/boa-nova-1098\\\/\",\"name\":\"Boa Nova 1098 - Loja C\u00e1rita\",\"isPartOf\":{\"@id\":\"https:\\\/\\\/www.lojacarita.com.br\\\/loja\\\/#website\"},\"primaryImageOfPage\":{\"@id\":\"https:\\\/\\\/www.lojacarita.com.br\\\/loja\\\/product\\\/boa-nova-1098\\\/#primaryimage\"},\"image\":{\"@id\":\"https:\\\/\\\/www.lojacarita.com.br\\\/loja\\\/product\\\/boa-nova-1098\\\/#primaryimage\"},\"thumbnailUrl\":\"https:\\\/\\\/www.lojacarita.com.br\\\/loja\\\/wp-content\\\/uploads\\\/2023\\\/11\\\/boa-nova-digital-50.jpg\",\"datePublished\":\"2023-11-03T17:30:52+00:00\",\"dateModified\":\"2024-04-03T11:59:40+00:00\",\"breadcrumb\":{\"@id\":\"https:\\\/\\\/www.lojacarita.com.br\\\/loja\\\/product\\\/boa-nova-1098\\\/#breadcrumb\"},\"inLanguage\":\"pt-BR\",\"potentialAction\":[{\"@type\":\"ReadAction\",\"target\":[\"https:\\\/\\\/www.lojacarita.com.br\\\/loja\\\/product\\\/boa-nova-1098\\\/\"]}]},{\"@type\":\"ImageObject\",\"inLanguage\":\"pt-BR\",\"@id\":\"https:\\\/\\\/www.lojacarita.com.br\\\/loja\\\/product\\\/boa-nova-1098\\\/#primaryimage\",\"url\":\"https:\\\/\\\/www.lojacarita.com.br\\\/loja\\\/wp-content\\\/uploads\\\/2023\\\/11\\\/boa-nova-digital-50.jpg\",\"contentUrl\":\"https:\\\/\\\/www.lojacarita.com.br\\\/loja\\\/wp-content\\\/uploads\\\/2023\\\/11\\\/boa-nova-digital-50.jpg\",\"width\":681,\"height\":681},{\"@type\":\"BreadcrumbList\",\"@id\":\"https:\\\/\\\/www.lojacarita.com.br\\\/loja\\\/product\\\/boa-nova-1098\\\/#breadcrumb\",\"itemListElement\":[{\"@type\":\"ListItem\",\"position\":1,\"name\":\"In\u00edcio\",\"item\":\"https:\\\/\\\/www.lojacarita.com.br\\\/loja\\\/\"},{\"@type\":\"ListItem\",\"position\":2,\"name\":\"Produtos\",\"item\":\"https:\\\/\\\/www.lojacarita.com.br\\\/loja\\\/nossos-produtos\\\/\"},{\"@type\":\"ListItem\",\"position\":3,\"name\":\"Boa Nova 1098\"}]},{\"@type\":\"WebSite\",\"@id\":\"https:\\\/\\\/www.lojacarita.com.br\\\/loja\\\/#website\",\"url\":\"https:\\\/\\\/www.lojacarita.com.br\\\/loja\\\/\",\"name\":\"Loja C\u00e1rita\",\"description\":\"Amai-vos e instrui-vos! Esp\u00edrito de Verdade\",\"publisher\":{\"@id\":\"https:\\\/\\\/www.lojacarita.com.br\\\/loja\\\/#organization\"},\"potentialAction\":[{\"@type\":\"SearchAction\",\"target\":{\"@type\":\"EntryPoint\",\"urlTemplate\":\"https:\\\/\\\/www.lojacarita.com.br\\\/loja\\\/?s={search_term_string}\"},\"query-input\":{\"@type\":\"PropertyValueSpecification\",\"valueRequired\":true,\"valueName\":\"search_term_string\"}}],\"inLanguage\":\"pt-BR\"},{\"@type\":\"Organization\",\"@id\":\"https:\\\/\\\/www.lojacarita.com.br\\\/loja\\\/#organization\",\"name\":\"Loja C\u00e1rita\",\"url\":\"https:\\\/\\\/www.lojacarita.com.br\\\/loja\\\/\",\"logo\":{\"@type\":\"ImageObject\",\"inLanguage\":\"pt-BR\",\"@id\":\"https:\\\/\\\/www.lojacarita.com.br\\\/loja\\\/#\\\/schema\\\/logo\\\/image\\\/\",\"url\":\"http:\\\/\\\/www.lojacarita.com.br\\\/loja2021\\\/wp-content\\\/uploads\\\/2021\\\/05\\\/favicon.png\",\"contentUrl\":\"http:\\\/\\\/www.lojacarita.com.br\\\/loja2021\\\/wp-content\\\/uploads\\\/2021\\\/05\\\/favicon.png\",\"width\":512,\"height\":512,\"caption\":\"Loja C\u00e1rita\"},\"image\":{\"@id\":\"https:\\\/\\\/www.lojacarita.com.br\\\/loja\\\/#\\\/schema\\\/logo\\\/image\\\/\"}}]}<\/script>\n<!-- \/ Yoast SEO plugin. -->","yoast_head_json":{"title":"Boa Nova 1098 - Loja C\u00e1rita","robots":{"index":"index","follow":"follow","max-snippet":"max-snippet:-1","max-image-preview":"max-image-preview:large","max-video-preview":"max-video-preview:-1"},"canonical":"https:\/\/www.lojacarita.com.br\/loja\/product\/boa-nova-1098\/","og_locale":"pt_BR","og_type":"article","og_title":"Boa Nova 1098 - Loja C\u00e1rita","og_description":"Alquimia da aprendizagemA Casa Esp\u00edrita e Ouvidos de Ouvir 23 de novembro de 2018 Mensagem espiritual pelo esp\u00edrito Catarina de Senna Psicofon\u00eda da m\u00e9dium Eliana dos Santos Dura\u00e7\u00e3o: 29min Boa Nova&nbsp; mil e noventa e oito, realizada em 23 de novembro do ano de 2018, com o T\u00edtulo \u201cAlquimia da aprendizagem -A Casa Esp\u00edrita e &hellip; Continua","og_url":"https:\/\/www.lojacarita.com.br\/loja\/product\/boa-nova-1098\/","og_site_name":"Loja C\u00e1rita","article_modified_time":"2024-04-03T11:59:40+00:00","og_image":[{"width":681,"height":681,"url":"https:\/\/www.lojacarita.com.br\/loja\/wp-content\/uploads\/2023\/11\/boa-nova-digital-50.jpg","type":"image\/jpeg"}],"twitter_card":"summary_large_image","twitter_misc":{"Est. tempo de leitura":"3 minutos"},"schema":{"@context":"https:\/\/schema.org","@graph":[{"@type":"WebPage","@id":"https:\/\/www.lojacarita.com.br\/loja\/product\/boa-nova-1098\/","url":"https:\/\/www.lojacarita.com.br\/loja\/product\/boa-nova-1098\/","name":"Boa Nova 1098 - Loja C\u00e1rita","isPartOf":{"@id":"https:\/\/www.lojacarita.com.br\/loja\/#website"},"primaryImageOfPage":{"@id":"https:\/\/www.lojacarita.com.br\/loja\/product\/boa-nova-1098\/#primaryimage"},"image":{"@id":"https:\/\/www.lojacarita.com.br\/loja\/product\/boa-nova-1098\/#primaryimage"},"thumbnailUrl":"https:\/\/www.lojacarita.com.br\/loja\/wp-content\/uploads\/2023\/11\/boa-nova-digital-50.jpg","datePublished":"2023-11-03T17:30:52+00:00","dateModified":"2024-04-03T11:59:40+00:00","breadcrumb":{"@id":"https:\/\/www.lojacarita.com.br\/loja\/product\/boa-nova-1098\/#breadcrumb"},"inLanguage":"pt-BR","potentialAction":[{"@type":"ReadAction","target":["https:\/\/www.lojacarita.com.br\/loja\/product\/boa-nova-1098\/"]}]},{"@type":"ImageObject","inLanguage":"pt-BR","@id":"https:\/\/www.lojacarita.com.br\/loja\/product\/boa-nova-1098\/#primaryimage","url":"https:\/\/www.lojacarita.com.br\/loja\/wp-content\/uploads\/2023\/11\/boa-nova-digital-50.jpg","contentUrl":"https:\/\/www.lojacarita.com.br\/loja\/wp-content\/uploads\/2023\/11\/boa-nova-digital-50.jpg","width":681,"height":681},{"@type":"BreadcrumbList","@id":"https:\/\/www.lojacarita.com.br\/loja\/product\/boa-nova-1098\/#breadcrumb","itemListElement":[{"@type":"ListItem","position":1,"name":"In\u00edcio","item":"https:\/\/www.lojacarita.com.br\/loja\/"},{"@type":"ListItem","position":2,"name":"Produtos","item":"https:\/\/www.lojacarita.com.br\/loja\/nossos-produtos\/"},{"@type":"ListItem","position":3,"name":"Boa Nova 1098"}]},{"@type":"WebSite","@id":"https:\/\/www.lojacarita.com.br\/loja\/#website","url":"https:\/\/www.lojacarita.com.br\/loja\/","name":"Loja C\u00e1rita","description":"Amai-vos e instrui-vos! Esp\u00edrito de Verdade","publisher":{"@id":"https:\/\/www.lojacarita.com.br\/loja\/#organization"},"potentialAction":[{"@type":"SearchAction","target":{"@type":"EntryPoint","urlTemplate":"https:\/\/www.lojacarita.com.br\/loja\/?s={search_term_string}"},"query-input":{"@type":"PropertyValueSpecification","valueRequired":true,"valueName":"search_term_string"}}],"inLanguage":"pt-BR"},{"@type":"Organization","@id":"https:\/\/www.lojacarita.com.br\/loja\/#organization","name":"Loja C\u00e1rita","url":"https:\/\/www.lojacarita.com.br\/loja\/","logo":{"@type":"ImageObject","inLanguage":"pt-BR","@id":"https:\/\/www.lojacarita.com.br\/loja\/#\/schema\/logo\/image\/","url":"http:\/\/www.lojacarita.com.br\/loja2021\/wp-content\/uploads\/2021\/05\/favicon.png","contentUrl":"http:\/\/www.lojacarita.com.br\/loja2021\/wp-content\/uploads\/2021\/05\/favicon.png","width":512,"height":512,"caption":"Loja C\u00e1rita"},"image":{"@id":"https:\/\/www.lojacarita.com.br\/loja\/#\/schema\/logo\/image\/"}}]}},"_links":{"self":[{"href":"https:\/\/www.lojacarita.com.br\/loja\/wp-json\/wp\/v2\/product\/1381","targetHints":{"allow":["GET"]}}],"collection":[{"href":"https:\/\/www.lojacarita.com.br\/loja\/wp-json\/wp\/v2\/product"}],"about":[{"href":"https:\/\/www.lojacarita.com.br\/loja\/wp-json\/wp\/v2\/types\/product"}],"wp:featuredmedia":[{"embeddable":true,"href":"https:\/\/www.lojacarita.com.br\/loja\/wp-json\/wp\/v2\/media\/1382"}],"wp:attachment":[{"href":"https:\/\/www.lojacarita.com.br\/loja\/wp-json\/wp\/v2\/media?parent=1381"}],"wp:term":[{"taxonomy":"product_brand","embeddable":true,"href":"https:\/\/www.lojacarita.com.br\/loja\/wp-json\/wp\/v2\/product_brand?post=1381"},{"taxonomy":"product_cat","embeddable":true,"href":"https:\/\/www.lojacarita.com.br\/loja\/wp-json\/wp\/v2\/product_cat?post=1381"},{"taxonomy":"product_tag","embeddable":true,"href":"https:\/\/www.lojacarita.com.br\/loja\/wp-json\/wp\/v2\/product_tag?post=1381"}],"curies":[{"name":"wp","href":"https:\/\/api.w.org\/{rel}","templated":true}]}}