{"id":1371,"date":"2023-11-03T14:30:35","date_gmt":"2023-11-03T17:30:35","guid":{"rendered":"https:\/\/www.lojacarita.com.br\/loja\/product\/boa-nova-1093\/"},"modified":"2023-12-05T08:05:49","modified_gmt":"2023-12-05T11:05:49","slug":"boa-nova-1093","status":"publish","type":"product","link":"https:\/\/www.lojacarita.com.br\/loja\/product\/boa-nova-1093\/","title":{"rendered":"Boa Nova 1093"},"content":{"rendered":"<p class=\"MsoNormal\" style=\"line-height: 150%;\"><span lang=\"PT-BR\" style=\"line-height: 150%;\">Mudan\u00e7as e o Fluir da Vida &#8211; Como Superar Duelos?<br \/>\nIgualdade, Liberdade e Coletividade<br \/>\n<\/span><\/p>\n<p class=\"MsoNormal\" style=\"line-height: 150%;\">19 de outubro de 2018<\/p>\n<p><\/p>\n<p>Mensagem espiritual pelo esp\u00edrito Catarina de Senna<\/p>\n<p>Psicofon\u00eda da m\u00e9dium Eliana dos Santos<\/p>\n<p>Dura\u00e7\u00e3o: 41min<\/p>\n<p><\/p>\n<p class=\"MsoNormal\" style=\"line-height: 16.5pt;\">\n<h5 style=\"margin-left: 25px;\">\n<p class=\"MsoNormal\">Fazemos da abertura ou as primeiras<br \/>\nlinhas da prele\u00e7\u00e3o hum mil e noventa e tr\u00eas de dezenove de outubro do ano de<br \/>\ndois mil e dezoito a voz que abre esse \u00e1udio convidando a essa rede de Audi\u00e7\u00e3o,<br \/>\nquerida rede, a mais um momento de crescimento.<\/p>\n<p class=\"MsoNormal\"><span lang=\"PT-BR\" style=\"line-height: 150%;\">Sim, vamos crescendo nesse movimento de<br \/>\ntranspor os limites de uma consci\u00eancia imatura, prisioneira da ideologia do<br \/>\n\u201cTER\u2019, e cultivar \u2013 falando em arte da jardinagem \u2013 a consci\u00eancia espiritual ou<br \/>\nespiritualizada \u2013 elevada \u00e0 condi\u00e7\u00e3o de eternidade, infinitude e religada a uma<br \/>\nsolidariedade universal QUE RELIGA SERES, POVOS, PA\u00cdSES, PLANETAS E ASTROS E<br \/>\nESTRELAS&#8230;<o:p><\/o:p><\/span><\/p>\n<p class=\"MsoBodyText\" style=\"margin-bottom: 0.0001pt; line-height: 150%;\"><span lang=\"PT-BR\" style=\"\">A Boa nova desse encontro nasce<br \/>\nde um fato ocorrido na execu\u00e7\u00e3o de uma pe\u00e7a ao piano na Casa de Ora\u00e7\u00e3o&#8230; O<br \/>\npianista iniciou uma execu\u00e7\u00e3o, observou que as teclas estavam necessitando de<br \/>\nreparos em suas cordas e acordes, e escolheu parar e executar outra pe\u00e7a<br \/>\nmusical&#8230; A espiritualidade observa esse movimento e abre as linhas de sua reflex\u00e3o<br \/>\napontando que muitas vezes em nosso caminhos sentimos o chamado para as<br \/>\nmudan\u00e7as e no entanto n\u00e3o fazemos a mudan\u00e7a&#8230; Diz a voz celeste \u2013 voc\u00eas a<br \/>\nouvir\u00e3o daqui a pouco \u2013: \u201cQuantas e quantas vezes<br \/>\nv\u00ednhamos por um caminho e paramos, pois que algo nos chama&#8230; Uma atra\u00e7\u00e3o em<br \/>\noutra dire\u00e7\u00e3o e interrompemos o passo, cessamos o fluxo e fazemos a mudan\u00e7a,<br \/>\nestamos em outro percurso. Quantas e quantas vezes em nossas vidas, no meio de<br \/>\numa frase, de uma palavra, de um gesto, algo nos toca, algo nos chama e<br \/>\nbuscamos nova dire\u00e7\u00e3o&#8230; &nbsp;(&#8230;) Vamos<br \/>\nolhar a natureza e observar que ela tamb\u00e9m faz esse movimento. (&#8230;) &nbsp;Quem n\u00e3o est\u00e1 na rota daquele compasso n\u00e3o<br \/>\ncompreende o que houve, e at\u00e9 o pr\u00f3prio ser a dar a si mesmo este movimento,<br \/>\nmuitas vezes entra em um atrito \u00edntimo, em um duelo \u00edntimo&#8230; Ah, duelo, duelo,<br \/>\nduelo\u2026 A palavra hoje nos contemplou &#8211; fomos contemplados com \u201co amor aos<br \/>\ninimigos\u201d. O que ser\u00e1 que nos tira de um percurso e nos coloca em outro sen\u00e3o a<br \/>\nprevis\u00e3o ou o pressuposto de algo que pode ferir, magoar? &#8211; &nbsp;n\u00e3o traduzimos assim na maioria das vezes&#8230;&nbsp; Dizemos: mudei<br \/>\no percurso, mudei de ideia, ou o empecilho apresentou-se e procurei outro<br \/>\ncaminho&#8230; Mas em verdade o que ocorreu em termos espirituais \u00e9 que n\u00f3s<br \/>\nsentimos, pressentimos um campo negativo \u00e0 nossa espera e operamos a mudan\u00e7a \u2013<br \/>\ncomo o fez o pianista nessa data&#8230;<o:p><\/o:p><\/span><\/p>\n<p class=\"MsoBodyText\" style=\"margin-bottom: 0.0001pt; line-height: 150%;\"><span lang=\"PT-BR\" style=\"\"><br \/>Entregamos \u00e0 sala<br \/>\nde audi\u00e7\u00e3o essa voz que nos coloca nessa regi\u00e3o maravilhosa da F\u00e9<br \/>\nraciocinada&#8230; F\u00e9 que esclarece, ilumina e Consola. Outros subtemas s\u00e3o<br \/>\ntrazidos para que alcancemos a percep\u00e7\u00e3o sublime das necess\u00e1rias mudan\u00e7as em<br \/>\nnossos roteiros de sofrimento transmutando-os para roteiros d Felicidades, tais<br \/>\ncomo a lei de Igualdade e Liberdade, al\u00e9m da din\u00e2mica que nasce do <\/span><span lang=\"PT-BR\" style=\"\">Senso de Realiza\u00e7\u00e3o natural<\/span><span lang=\"PT-BR\" style=\"\"> ou ainda da Sapi\u00eancia<br \/>\nda Coletividade a compor esse fluxo de mudan\u00e7a e eleva\u00e7\u00e3o consciencial.<o:p><\/o:p><\/span><\/p>\n<p class=\"MsoBodyText\" style=\"margin-bottom: 0.0001pt; line-height: 150%;\"><span lang=\"PT-BR\" style=\"\"><br \/>Ou\u00e7amos!<br \/>\nCom atenta e grata atitude coracional! Aprendamos a ver no chamado da<br \/>\nimpossibilidade moment\u00e2nea a presen\u00e7a do futuro pleno envolto ainda em segredos<br \/>\ntal a semente ainda na cova&#8230;<o:p><\/o:p><\/span><\/p>\n<p class=\"MsoBodyText\" style=\"margin-bottom: 0.0001pt; line-height: 150%;\"><span lang=\"PT-BR\" style=\"\"><br \/>Grande abra\u00e7o!<br \/>\nC\u00e1rita!<font color=\"#222222\" face=\"FrysBaskerville BT, serif\"><o:p><\/o:p><\/font><\/span><\/p>\n<\/h5>\n<h5><\/h5>\n<h5><\/h5>\n<h5>Ouve a apresenta\u00e7\u00e3o da mensagem espiritual:<\/h5>\n<p><audio style=\"width:350px;background:#ffffff;width: 370px;\" preload=\"none\" ontimeupdate=\"updateTime()\" controls=\"\" metadata=\"\"><source src=\"https:\/\/www.lojacarita.com.br\/loja\/wp-content\/uploads\/2023\/11\/samples\/bn-1093-abertura.mp3\" type=\"audio\/mpeg\"><a href=\"https:\/\/www.lojacarita.com.br\/loja\/wp-content\/uploads\/2023\/11\/samples\/bn-1093-abertura.mp3\"><font size=\"2\">Play<\/font><\/a><\/audio><\/p>\n<hr width=\"75%\">\n<h5>Ouve os primeiros 5 minutos da mensagem espiritual:<\/h5>\n<p><audio style=\"width:350px;background:#ffffff;width: 370px;\" preload=\"none\" ontimeupdate=\"updateTime()\" controls=\"\" metadata=\"\"><source src=\"https:\/\/www.lojacarita.com.br\/loja\/wp-content\/uploads\/2023\/11\/samples\/bn-1093-sample.mp3\" type=\"audio\/mpeg\"><a href=\"https:\/\/www.lojacarita.com.br\/loja\/wp-content\/uploads\/2023\/11\/samples\/bn-1093-sample.mp3\"><font size=\"2\">Play<\/font><\/a><\/audio><\/p>\n","protected":false},"excerpt":{"rendered":"<p>Mudan\u00e7as e o Fluir da Vida &#8211; Como Superar Duelos? Igualdade, Liberdade e Coletividade 19 de outubro de 2018 Mensagem espiritual pelo esp\u00edrito Catarina de Senna Psicofon\u00eda da m\u00e9dium Eliana dos Santos Dura\u00e7\u00e3o: 41min Fazemos da abertura ou as primeiras linhas da prele\u00e7\u00e3o hum mil e noventa e tr\u00eas de dezenove de outubro do ano &hellip; <a href=\"https:\/\/www.lojacarita.com.br\/loja\/product\/boa-nova-1093\/\">Continua<\/a><\/p>\n","protected":false},"featured_media":1372,"template":"","meta":[],"product_brand":[],"product_cat":[81],"product_tag":[],"class_list":{"0":"post-1371","1":"product","2":"type-product","3":"status-publish","4":"has-post-thumbnail","6":"product_cat-boas_novas","8":"first","9":"instock","10":"downloadable","11":"virtual","12":"purchasable","13":"product-type-simple"},"acf":[],"yoast_head":"<!-- This site is optimized with the Yoast SEO plugin v27.4 - https:\/\/yoast.com\/product\/yoast-seo-wordpress\/ -->\n<title>Boa Nova 1093 - Loja C\u00e1rita<\/title>\n<meta name=\"robots\" content=\"index, follow, max-snippet:-1, max-image-preview:large, max-video-preview:-1\" \/>\n<link rel=\"canonical\" href=\"https:\/\/www.lojacarita.com.br\/loja\/product\/boa-nova-1093\/\" \/>\n<meta property=\"og:locale\" content=\"pt_BR\" \/>\n<meta property=\"og:type\" content=\"article\" \/>\n<meta property=\"og:title\" content=\"Boa Nova 1093 - Loja C\u00e1rita\" \/>\n<meta property=\"og:description\" content=\"Mudan\u00e7as e o Fluir da Vida &#8211; Como Superar Duelos? Igualdade, Liberdade e Coletividade 19 de outubro de 2018 Mensagem espiritual pelo esp\u00edrito Catarina de Senna Psicofon\u00eda da m\u00e9dium Eliana dos Santos Dura\u00e7\u00e3o: 41min Fazemos da abertura ou as primeiras linhas da prele\u00e7\u00e3o hum mil e noventa e tr\u00eas de dezenove de outubro do ano &hellip; Continua\" \/>\n<meta property=\"og:url\" content=\"https:\/\/www.lojacarita.com.br\/loja\/product\/boa-nova-1093\/\" \/>\n<meta property=\"og:site_name\" content=\"Loja C\u00e1rita\" \/>\n<meta property=\"article:modified_time\" content=\"2023-12-05T11:05:49+00:00\" \/>\n<meta property=\"og:image\" content=\"https:\/\/www.lojacarita.com.br\/loja\/wp-content\/uploads\/2023\/11\/boa-nova-digital-45.jpg\" \/>\n\t<meta property=\"og:image:width\" content=\"681\" \/>\n\t<meta property=\"og:image:height\" content=\"681\" \/>\n\t<meta property=\"og:image:type\" content=\"image\/jpeg\" \/>\n<meta name=\"twitter:card\" content=\"summary_large_image\" \/>\n<meta name=\"twitter:label1\" content=\"Est. tempo de leitura\" \/>\n\t<meta name=\"twitter:data1\" content=\"3 minutos\" \/>\n<script type=\"application\/ld+json\" class=\"yoast-schema-graph\">{\"@context\":\"https:\\\/\\\/schema.org\",\"@graph\":[{\"@type\":\"WebPage\",\"@id\":\"https:\\\/\\\/www.lojacarita.com.br\\\/loja\\\/product\\\/boa-nova-1093\\\/\",\"url\":\"https:\\\/\\\/www.lojacarita.com.br\\\/loja\\\/product\\\/boa-nova-1093\\\/\",\"name\":\"Boa Nova 1093 - Loja C\u00e1rita\",\"isPartOf\":{\"@id\":\"https:\\\/\\\/www.lojacarita.com.br\\\/loja\\\/#website\"},\"primaryImageOfPage\":{\"@id\":\"https:\\\/\\\/www.lojacarita.com.br\\\/loja\\\/product\\\/boa-nova-1093\\\/#primaryimage\"},\"image\":{\"@id\":\"https:\\\/\\\/www.lojacarita.com.br\\\/loja\\\/product\\\/boa-nova-1093\\\/#primaryimage\"},\"thumbnailUrl\":\"https:\\\/\\\/www.lojacarita.com.br\\\/loja\\\/wp-content\\\/uploads\\\/2023\\\/11\\\/boa-nova-digital-45.jpg\",\"datePublished\":\"2023-11-03T17:30:35+00:00\",\"dateModified\":\"2023-12-05T11:05:49+00:00\",\"breadcrumb\":{\"@id\":\"https:\\\/\\\/www.lojacarita.com.br\\\/loja\\\/product\\\/boa-nova-1093\\\/#breadcrumb\"},\"inLanguage\":\"pt-BR\",\"potentialAction\":[{\"@type\":\"ReadAction\",\"target\":[\"https:\\\/\\\/www.lojacarita.com.br\\\/loja\\\/product\\\/boa-nova-1093\\\/\"]}]},{\"@type\":\"ImageObject\",\"inLanguage\":\"pt-BR\",\"@id\":\"https:\\\/\\\/www.lojacarita.com.br\\\/loja\\\/product\\\/boa-nova-1093\\\/#primaryimage\",\"url\":\"https:\\\/\\\/www.lojacarita.com.br\\\/loja\\\/wp-content\\\/uploads\\\/2023\\\/11\\\/boa-nova-digital-45.jpg\",\"contentUrl\":\"https:\\\/\\\/www.lojacarita.com.br\\\/loja\\\/wp-content\\\/uploads\\\/2023\\\/11\\\/boa-nova-digital-45.jpg\",\"width\":681,\"height\":681},{\"@type\":\"BreadcrumbList\",\"@id\":\"https:\\\/\\\/www.lojacarita.com.br\\\/loja\\\/product\\\/boa-nova-1093\\\/#breadcrumb\",\"itemListElement\":[{\"@type\":\"ListItem\",\"position\":1,\"name\":\"In\u00edcio\",\"item\":\"https:\\\/\\\/www.lojacarita.com.br\\\/loja\\\/\"},{\"@type\":\"ListItem\",\"position\":2,\"name\":\"Produtos\",\"item\":\"https:\\\/\\\/www.lojacarita.com.br\\\/loja\\\/nossos-produtos\\\/\"},{\"@type\":\"ListItem\",\"position\":3,\"name\":\"Boa Nova 1093\"}]},{\"@type\":\"WebSite\",\"@id\":\"https:\\\/\\\/www.lojacarita.com.br\\\/loja\\\/#website\",\"url\":\"https:\\\/\\\/www.lojacarita.com.br\\\/loja\\\/\",\"name\":\"Loja C\u00e1rita\",\"description\":\"Amai-vos e instrui-vos! Esp\u00edrito de Verdade\",\"publisher\":{\"@id\":\"https:\\\/\\\/www.lojacarita.com.br\\\/loja\\\/#organization\"},\"potentialAction\":[{\"@type\":\"SearchAction\",\"target\":{\"@type\":\"EntryPoint\",\"urlTemplate\":\"https:\\\/\\\/www.lojacarita.com.br\\\/loja\\\/?s={search_term_string}\"},\"query-input\":{\"@type\":\"PropertyValueSpecification\",\"valueRequired\":true,\"valueName\":\"search_term_string\"}}],\"inLanguage\":\"pt-BR\"},{\"@type\":\"Organization\",\"@id\":\"https:\\\/\\\/www.lojacarita.com.br\\\/loja\\\/#organization\",\"name\":\"Loja C\u00e1rita\",\"url\":\"https:\\\/\\\/www.lojacarita.com.br\\\/loja\\\/\",\"logo\":{\"@type\":\"ImageObject\",\"inLanguage\":\"pt-BR\",\"@id\":\"https:\\\/\\\/www.lojacarita.com.br\\\/loja\\\/#\\\/schema\\\/logo\\\/image\\\/\",\"url\":\"http:\\\/\\\/www.lojacarita.com.br\\\/loja2021\\\/wp-content\\\/uploads\\\/2021\\\/05\\\/favicon.png\",\"contentUrl\":\"http:\\\/\\\/www.lojacarita.com.br\\\/loja2021\\\/wp-content\\\/uploads\\\/2021\\\/05\\\/favicon.png\",\"width\":512,\"height\":512,\"caption\":\"Loja C\u00e1rita\"},\"image\":{\"@id\":\"https:\\\/\\\/www.lojacarita.com.br\\\/loja\\\/#\\\/schema\\\/logo\\\/image\\\/\"}}]}<\/script>\n<!-- \/ Yoast SEO plugin. -->","yoast_head_json":{"title":"Boa Nova 1093 - Loja C\u00e1rita","robots":{"index":"index","follow":"follow","max-snippet":"max-snippet:-1","max-image-preview":"max-image-preview:large","max-video-preview":"max-video-preview:-1"},"canonical":"https:\/\/www.lojacarita.com.br\/loja\/product\/boa-nova-1093\/","og_locale":"pt_BR","og_type":"article","og_title":"Boa Nova 1093 - Loja C\u00e1rita","og_description":"Mudan\u00e7as e o Fluir da Vida &#8211; Como Superar Duelos? Igualdade, Liberdade e Coletividade 19 de outubro de 2018 Mensagem espiritual pelo esp\u00edrito Catarina de Senna Psicofon\u00eda da m\u00e9dium Eliana dos Santos Dura\u00e7\u00e3o: 41min Fazemos da abertura ou as primeiras linhas da prele\u00e7\u00e3o hum mil e noventa e tr\u00eas de dezenove de outubro do ano &hellip; Continua","og_url":"https:\/\/www.lojacarita.com.br\/loja\/product\/boa-nova-1093\/","og_site_name":"Loja C\u00e1rita","article_modified_time":"2023-12-05T11:05:49+00:00","og_image":[{"width":681,"height":681,"url":"https:\/\/www.lojacarita.com.br\/loja\/wp-content\/uploads\/2023\/11\/boa-nova-digital-45.jpg","type":"image\/jpeg"}],"twitter_card":"summary_large_image","twitter_misc":{"Est. tempo de leitura":"3 minutos"},"schema":{"@context":"https:\/\/schema.org","@graph":[{"@type":"WebPage","@id":"https:\/\/www.lojacarita.com.br\/loja\/product\/boa-nova-1093\/","url":"https:\/\/www.lojacarita.com.br\/loja\/product\/boa-nova-1093\/","name":"Boa Nova 1093 - Loja C\u00e1rita","isPartOf":{"@id":"https:\/\/www.lojacarita.com.br\/loja\/#website"},"primaryImageOfPage":{"@id":"https:\/\/www.lojacarita.com.br\/loja\/product\/boa-nova-1093\/#primaryimage"},"image":{"@id":"https:\/\/www.lojacarita.com.br\/loja\/product\/boa-nova-1093\/#primaryimage"},"thumbnailUrl":"https:\/\/www.lojacarita.com.br\/loja\/wp-content\/uploads\/2023\/11\/boa-nova-digital-45.jpg","datePublished":"2023-11-03T17:30:35+00:00","dateModified":"2023-12-05T11:05:49+00:00","breadcrumb":{"@id":"https:\/\/www.lojacarita.com.br\/loja\/product\/boa-nova-1093\/#breadcrumb"},"inLanguage":"pt-BR","potentialAction":[{"@type":"ReadAction","target":["https:\/\/www.lojacarita.com.br\/loja\/product\/boa-nova-1093\/"]}]},{"@type":"ImageObject","inLanguage":"pt-BR","@id":"https:\/\/www.lojacarita.com.br\/loja\/product\/boa-nova-1093\/#primaryimage","url":"https:\/\/www.lojacarita.com.br\/loja\/wp-content\/uploads\/2023\/11\/boa-nova-digital-45.jpg","contentUrl":"https:\/\/www.lojacarita.com.br\/loja\/wp-content\/uploads\/2023\/11\/boa-nova-digital-45.jpg","width":681,"height":681},{"@type":"BreadcrumbList","@id":"https:\/\/www.lojacarita.com.br\/loja\/product\/boa-nova-1093\/#breadcrumb","itemListElement":[{"@type":"ListItem","position":1,"name":"In\u00edcio","item":"https:\/\/www.lojacarita.com.br\/loja\/"},{"@type":"ListItem","position":2,"name":"Produtos","item":"https:\/\/www.lojacarita.com.br\/loja\/nossos-produtos\/"},{"@type":"ListItem","position":3,"name":"Boa Nova 1093"}]},{"@type":"WebSite","@id":"https:\/\/www.lojacarita.com.br\/loja\/#website","url":"https:\/\/www.lojacarita.com.br\/loja\/","name":"Loja C\u00e1rita","description":"Amai-vos e instrui-vos! Esp\u00edrito de Verdade","publisher":{"@id":"https:\/\/www.lojacarita.com.br\/loja\/#organization"},"potentialAction":[{"@type":"SearchAction","target":{"@type":"EntryPoint","urlTemplate":"https:\/\/www.lojacarita.com.br\/loja\/?s={search_term_string}"},"query-input":{"@type":"PropertyValueSpecification","valueRequired":true,"valueName":"search_term_string"}}],"inLanguage":"pt-BR"},{"@type":"Organization","@id":"https:\/\/www.lojacarita.com.br\/loja\/#organization","name":"Loja C\u00e1rita","url":"https:\/\/www.lojacarita.com.br\/loja\/","logo":{"@type":"ImageObject","inLanguage":"pt-BR","@id":"https:\/\/www.lojacarita.com.br\/loja\/#\/schema\/logo\/image\/","url":"http:\/\/www.lojacarita.com.br\/loja2021\/wp-content\/uploads\/2021\/05\/favicon.png","contentUrl":"http:\/\/www.lojacarita.com.br\/loja2021\/wp-content\/uploads\/2021\/05\/favicon.png","width":512,"height":512,"caption":"Loja C\u00e1rita"},"image":{"@id":"https:\/\/www.lojacarita.com.br\/loja\/#\/schema\/logo\/image\/"}}]}},"_links":{"self":[{"href":"https:\/\/www.lojacarita.com.br\/loja\/wp-json\/wp\/v2\/product\/1371","targetHints":{"allow":["GET"]}}],"collection":[{"href":"https:\/\/www.lojacarita.com.br\/loja\/wp-json\/wp\/v2\/product"}],"about":[{"href":"https:\/\/www.lojacarita.com.br\/loja\/wp-json\/wp\/v2\/types\/product"}],"wp:featuredmedia":[{"embeddable":true,"href":"https:\/\/www.lojacarita.com.br\/loja\/wp-json\/wp\/v2\/media\/1372"}],"wp:attachment":[{"href":"https:\/\/www.lojacarita.com.br\/loja\/wp-json\/wp\/v2\/media?parent=1371"}],"wp:term":[{"taxonomy":"product_brand","embeddable":true,"href":"https:\/\/www.lojacarita.com.br\/loja\/wp-json\/wp\/v2\/product_brand?post=1371"},{"taxonomy":"product_cat","embeddable":true,"href":"https:\/\/www.lojacarita.com.br\/loja\/wp-json\/wp\/v2\/product_cat?post=1371"},{"taxonomy":"product_tag","embeddable":true,"href":"https:\/\/www.lojacarita.com.br\/loja\/wp-json\/wp\/v2\/product_tag?post=1371"}],"curies":[{"name":"wp","href":"https:\/\/api.w.org\/{rel}","templated":true}]}}