{"id":1367,"date":"2023-11-03T14:30:29","date_gmt":"2023-11-03T17:30:29","guid":{"rendered":"https:\/\/www.lojacarita.com.br\/loja\/product\/boa-nova-1092\/"},"modified":"2023-12-05T08:05:49","modified_gmt":"2023-12-05T11:05:49","slug":"boa-nova-1092","status":"publish","type":"product","link":"https:\/\/www.lojacarita.com.br\/loja\/product\/boa-nova-1092\/","title":{"rendered":"Boa Nova 1092"},"content":{"rendered":"<p class=\"MsoNormal\" style=\"line-height: 150%;\"><span lang=\"PT-BR\" style=\"line-height: 150%;\">Partejadores da Re-existencia <br \/>Eu assisto, consisto, desisto e existo<\/span><\/p>\n<p class=\"MsoNormal\" style=\"line-height: 150%;\">13 de outubro de 2018<\/p>\n<p><\/p>\n<p>Mensagem espiritual pelo esp\u00edrito Catarina de Senna<\/p>\n<p>Psicofon\u00eda da m\u00e9dium Eliana dos Santos<\/p>\n<p>Dura\u00e7\u00e3o: 36min<\/p>\n<p><\/p>\n<p class=\"MsoNormal\" style=\"line-height: 16.5pt;\">\n<h5 style=\"margin-left: 25px;\">\n<p class=\"MsoNormal\"><span lang=\"PT-BR\">A prele\u00e7\u00e3o atual, hum mil e noventa e dois,<br \/>\nde 12 de outubro, d\u00e1 seguimento a esse processo de jubilar-se por existir. E<br \/>\npara isso, al\u00e9m do \u2018auto-perd\u00e3o\u2019\u2019&nbsp; \u2013 tema<br \/>\nda boa nova anterior, hum mil e noventa e hum \u2013 o caminho nos \u00e9 apresentado<br \/>\natrav\u00e9s de quatro vari\u00e1veis humanas: assistir, consistir, desistir, existir&#8230;<br \/>\nEm uma das palavras espirituais de setembro temos a afirma\u00e7\u00e3o espiritual de que<br \/>\nquem n\u00e3o resiste n\u00e3o existe&#8230; E<br \/>\nent\u00e3o constru\u00edmos uma experiencia de suporte e for\u00e7a no caminhar espiritual.<br \/>\nAgora, nesse encontro, a espiritualidade aprofunda a terminologia resist\u00eancia e<br \/>\nA estuda EM SUA DERIVA\u00c7\u00c3O Latina : somos esclarecidos que o termo latim de onde<br \/>\nderiva Resistir \u00e9 \u2018sistere\u2019, e esse<br \/>\ntermo inclui as 4 terminologias acima: assistir<br \/>\n\u2013 ou seja, ver, admirar, perceber, cuidar-; consistir, ou seja, estar com o outro, tamb\u00e9m tornar-se consistente<br \/>\ne, desistir \u2013 ou seja, ser capaz de abandono e desapego, fluir na<br \/>\ndire\u00e7\u00e3o c\u00f3smica mesmo contrariando desejos pessoais; por ultimo: existir!&#8230; <o:p><\/o:p><\/span><\/p>\n<p class=\"MsoNormal\"><span lang=\"PT-BR\">Ou\u00e7amos essa linda voz cuidadora de nossa<br \/>\nalma a apontar diretrizes reais para a caminhada evolutiva humana: s\u00e3o os<br \/>\npartejadores da nossa segunda exist\u00eancia&#8230; como diz a espiritualidade: \u2018<\/span><span lang=\"PT-BR\" style=\"line-height: 150%;\">os<br \/>\nque partejam a nossa segunda exist\u00eancia, ou seja, a percep\u00e7\u00e3o da exist\u00eancia&#8230;<br \/>\nE para perceb\u00ea-la eu preciso recri\u00e1-la, eu preciso rev\u00ea-la, ou seja: v\u00ea-la<br \/>\nnovamente. Rever \u00e9 ver novamente; reescrever \u00e9 escrever por sobre as tessituras<br \/>\nde palavras j\u00e1 colocadas no espa\u00e7o. Assim, existir, em verdade, \u00e9 re-existir&#8230;.<\/span><span lang=\"PT-BR\"><o:p><\/o:p><\/span><\/p>\n<p class=\"MsoNormal\">\n<p class=\"MsoNormal\"><span lang=\"PT-BR\">Carita EDITORA AGRADECE SUA PRESEN\u00c7A<br \/>\nCONT\u00cdNUA E ETERNA&#8230; assistindo, consistindo, desistindo, existindo&#8230; Grande abra\u00e7o&#8230;<br \/>\nexist\u00eancias que alcan\u00e7am a din\u00e2mica da re-exist\u00eancia&#8230; passam a<br \/>\nre-existirem!&#8230; Deus seja louvado!<o:p><\/o:p><\/span><\/p>\n<\/h5>\n<h5><\/h5>\n<h5><\/h5>\n<h5>Ouve a apresenta\u00e7\u00e3o da mensagem espiritual:<\/h5>\n<p><audio style=\"width:350px;background:#ffffff;width: 370px;\" preload=\"none\" ontimeupdate=\"updateTime()\" controls=\"\" metadata=\"\"><source src=\"https:\/\/www.lojacarita.com.br\/loja\/wp-content\/uploads\/2023\/11\/samples\/bn-1092-abertura.mp3\" type=\"audio\/mpeg\"><a href=\"https:\/\/www.lojacarita.com.br\/loja\/wp-content\/uploads\/2023\/11\/samples\/bn-1092-abertura.mp3\"><font size=\"2\">Play<\/font><\/a><\/audio><\/p>\n<hr width=\"75%\">\n<h5>Ouve os primeiros 5 minutos da mensagem espiritual:<\/h5>\n<p><audio style=\"width:350px;background:#ffffff;width: 370px;\" preload=\"none\" ontimeupdate=\"updateTime()\" controls=\"\" metadata=\"\"><source src=\"https:\/\/www.lojacarita.com.br\/loja\/wp-content\/uploads\/2023\/11\/samples\/bn-1092-sample.mp3\" type=\"audio\/mpeg\"><a href=\"https:\/\/www.lojacarita.com.br\/loja\/wp-content\/uploads\/2023\/11\/samples\/bn-1092-sample.mp3\"><font size=\"2\">Play<\/font><\/a><\/audio><\/p>\n","protected":false},"excerpt":{"rendered":"<p>Partejadores da Re-existencia Eu assisto, consisto, desisto e existo 13 de outubro de 2018 Mensagem espiritual pelo esp\u00edrito Catarina de Senna Psicofon\u00eda da m\u00e9dium Eliana dos Santos Dura\u00e7\u00e3o: 36min A prele\u00e7\u00e3o atual, hum mil e noventa e dois, de 12 de outubro, d\u00e1 seguimento a esse processo de jubilar-se por existir. E para isso, al\u00e9m &hellip; <a href=\"https:\/\/www.lojacarita.com.br\/loja\/product\/boa-nova-1092\/\">Continua<\/a><\/p>\n","protected":false},"featured_media":1368,"template":"","meta":[],"product_brand":[],"product_cat":[81],"product_tag":[],"class_list":{"0":"post-1367","1":"product","2":"type-product","3":"status-publish","4":"has-post-thumbnail","6":"product_cat-boas_novas","8":"first","9":"instock","10":"downloadable","11":"virtual","12":"purchasable","13":"product-type-simple"},"acf":[],"yoast_head":"<!-- This site is optimized with the Yoast SEO plugin v27.4 - https:\/\/yoast.com\/product\/yoast-seo-wordpress\/ -->\n<title>Boa Nova 1092 - Loja C\u00e1rita<\/title>\n<meta name=\"robots\" content=\"index, follow, max-snippet:-1, max-image-preview:large, max-video-preview:-1\" \/>\n<link rel=\"canonical\" href=\"https:\/\/www.lojacarita.com.br\/loja\/product\/boa-nova-1092\/\" \/>\n<meta property=\"og:locale\" content=\"pt_BR\" \/>\n<meta property=\"og:type\" content=\"article\" \/>\n<meta property=\"og:title\" content=\"Boa Nova 1092 - Loja C\u00e1rita\" \/>\n<meta property=\"og:description\" content=\"Partejadores da Re-existencia Eu assisto, consisto, desisto e existo 13 de outubro de 2018 Mensagem espiritual pelo esp\u00edrito Catarina de Senna Psicofon\u00eda da m\u00e9dium Eliana dos Santos Dura\u00e7\u00e3o: 36min A prele\u00e7\u00e3o atual, hum mil e noventa e dois, de 12 de outubro, d\u00e1 seguimento a esse processo de jubilar-se por existir. E para isso, al\u00e9m &hellip; Continua\" \/>\n<meta property=\"og:url\" content=\"https:\/\/www.lojacarita.com.br\/loja\/product\/boa-nova-1092\/\" \/>\n<meta property=\"og:site_name\" content=\"Loja C\u00e1rita\" \/>\n<meta property=\"article:modified_time\" content=\"2023-12-05T11:05:49+00:00\" \/>\n<meta property=\"og:image\" content=\"https:\/\/www.lojacarita.com.br\/loja\/wp-content\/uploads\/2023\/11\/boa-nova-digital-44.jpg\" \/>\n\t<meta property=\"og:image:width\" content=\"681\" \/>\n\t<meta property=\"og:image:height\" content=\"681\" \/>\n\t<meta property=\"og:image:type\" content=\"image\/jpeg\" \/>\n<meta name=\"twitter:card\" content=\"summary_large_image\" \/>\n<meta name=\"twitter:label1\" content=\"Est. tempo de leitura\" \/>\n\t<meta name=\"twitter:data1\" content=\"2 minutos\" \/>\n<script type=\"application\/ld+json\" class=\"yoast-schema-graph\">{\"@context\":\"https:\\\/\\\/schema.org\",\"@graph\":[{\"@type\":\"WebPage\",\"@id\":\"https:\\\/\\\/www.lojacarita.com.br\\\/loja\\\/product\\\/boa-nova-1092\\\/\",\"url\":\"https:\\\/\\\/www.lojacarita.com.br\\\/loja\\\/product\\\/boa-nova-1092\\\/\",\"name\":\"Boa Nova 1092 - Loja C\u00e1rita\",\"isPartOf\":{\"@id\":\"https:\\\/\\\/www.lojacarita.com.br\\\/loja\\\/#website\"},\"primaryImageOfPage\":{\"@id\":\"https:\\\/\\\/www.lojacarita.com.br\\\/loja\\\/product\\\/boa-nova-1092\\\/#primaryimage\"},\"image\":{\"@id\":\"https:\\\/\\\/www.lojacarita.com.br\\\/loja\\\/product\\\/boa-nova-1092\\\/#primaryimage\"},\"thumbnailUrl\":\"https:\\\/\\\/www.lojacarita.com.br\\\/loja\\\/wp-content\\\/uploads\\\/2023\\\/11\\\/boa-nova-digital-44.jpg\",\"datePublished\":\"2023-11-03T17:30:29+00:00\",\"dateModified\":\"2023-12-05T11:05:49+00:00\",\"breadcrumb\":{\"@id\":\"https:\\\/\\\/www.lojacarita.com.br\\\/loja\\\/product\\\/boa-nova-1092\\\/#breadcrumb\"},\"inLanguage\":\"pt-BR\",\"potentialAction\":[{\"@type\":\"ReadAction\",\"target\":[\"https:\\\/\\\/www.lojacarita.com.br\\\/loja\\\/product\\\/boa-nova-1092\\\/\"]}]},{\"@type\":\"ImageObject\",\"inLanguage\":\"pt-BR\",\"@id\":\"https:\\\/\\\/www.lojacarita.com.br\\\/loja\\\/product\\\/boa-nova-1092\\\/#primaryimage\",\"url\":\"https:\\\/\\\/www.lojacarita.com.br\\\/loja\\\/wp-content\\\/uploads\\\/2023\\\/11\\\/boa-nova-digital-44.jpg\",\"contentUrl\":\"https:\\\/\\\/www.lojacarita.com.br\\\/loja\\\/wp-content\\\/uploads\\\/2023\\\/11\\\/boa-nova-digital-44.jpg\",\"width\":681,\"height\":681},{\"@type\":\"BreadcrumbList\",\"@id\":\"https:\\\/\\\/www.lojacarita.com.br\\\/loja\\\/product\\\/boa-nova-1092\\\/#breadcrumb\",\"itemListElement\":[{\"@type\":\"ListItem\",\"position\":1,\"name\":\"In\u00edcio\",\"item\":\"https:\\\/\\\/www.lojacarita.com.br\\\/loja\\\/\"},{\"@type\":\"ListItem\",\"position\":2,\"name\":\"Produtos\",\"item\":\"https:\\\/\\\/www.lojacarita.com.br\\\/loja\\\/nossos-produtos\\\/\"},{\"@type\":\"ListItem\",\"position\":3,\"name\":\"Boa Nova 1092\"}]},{\"@type\":\"WebSite\",\"@id\":\"https:\\\/\\\/www.lojacarita.com.br\\\/loja\\\/#website\",\"url\":\"https:\\\/\\\/www.lojacarita.com.br\\\/loja\\\/\",\"name\":\"Loja C\u00e1rita\",\"description\":\"Amai-vos e instrui-vos! Esp\u00edrito de Verdade\",\"publisher\":{\"@id\":\"https:\\\/\\\/www.lojacarita.com.br\\\/loja\\\/#organization\"},\"potentialAction\":[{\"@type\":\"SearchAction\",\"target\":{\"@type\":\"EntryPoint\",\"urlTemplate\":\"https:\\\/\\\/www.lojacarita.com.br\\\/loja\\\/?s={search_term_string}\"},\"query-input\":{\"@type\":\"PropertyValueSpecification\",\"valueRequired\":true,\"valueName\":\"search_term_string\"}}],\"inLanguage\":\"pt-BR\"},{\"@type\":\"Organization\",\"@id\":\"https:\\\/\\\/www.lojacarita.com.br\\\/loja\\\/#organization\",\"name\":\"Loja C\u00e1rita\",\"url\":\"https:\\\/\\\/www.lojacarita.com.br\\\/loja\\\/\",\"logo\":{\"@type\":\"ImageObject\",\"inLanguage\":\"pt-BR\",\"@id\":\"https:\\\/\\\/www.lojacarita.com.br\\\/loja\\\/#\\\/schema\\\/logo\\\/image\\\/\",\"url\":\"http:\\\/\\\/www.lojacarita.com.br\\\/loja2021\\\/wp-content\\\/uploads\\\/2021\\\/05\\\/favicon.png\",\"contentUrl\":\"http:\\\/\\\/www.lojacarita.com.br\\\/loja2021\\\/wp-content\\\/uploads\\\/2021\\\/05\\\/favicon.png\",\"width\":512,\"height\":512,\"caption\":\"Loja C\u00e1rita\"},\"image\":{\"@id\":\"https:\\\/\\\/www.lojacarita.com.br\\\/loja\\\/#\\\/schema\\\/logo\\\/image\\\/\"}}]}<\/script>\n<!-- \/ Yoast SEO plugin. -->","yoast_head_json":{"title":"Boa Nova 1092 - Loja C\u00e1rita","robots":{"index":"index","follow":"follow","max-snippet":"max-snippet:-1","max-image-preview":"max-image-preview:large","max-video-preview":"max-video-preview:-1"},"canonical":"https:\/\/www.lojacarita.com.br\/loja\/product\/boa-nova-1092\/","og_locale":"pt_BR","og_type":"article","og_title":"Boa Nova 1092 - Loja C\u00e1rita","og_description":"Partejadores da Re-existencia Eu assisto, consisto, desisto e existo 13 de outubro de 2018 Mensagem espiritual pelo esp\u00edrito Catarina de Senna Psicofon\u00eda da m\u00e9dium Eliana dos Santos Dura\u00e7\u00e3o: 36min A prele\u00e7\u00e3o atual, hum mil e noventa e dois, de 12 de outubro, d\u00e1 seguimento a esse processo de jubilar-se por existir. E para isso, al\u00e9m &hellip; Continua","og_url":"https:\/\/www.lojacarita.com.br\/loja\/product\/boa-nova-1092\/","og_site_name":"Loja C\u00e1rita","article_modified_time":"2023-12-05T11:05:49+00:00","og_image":[{"width":681,"height":681,"url":"https:\/\/www.lojacarita.com.br\/loja\/wp-content\/uploads\/2023\/11\/boa-nova-digital-44.jpg","type":"image\/jpeg"}],"twitter_card":"summary_large_image","twitter_misc":{"Est. tempo de leitura":"2 minutos"},"schema":{"@context":"https:\/\/schema.org","@graph":[{"@type":"WebPage","@id":"https:\/\/www.lojacarita.com.br\/loja\/product\/boa-nova-1092\/","url":"https:\/\/www.lojacarita.com.br\/loja\/product\/boa-nova-1092\/","name":"Boa Nova 1092 - Loja C\u00e1rita","isPartOf":{"@id":"https:\/\/www.lojacarita.com.br\/loja\/#website"},"primaryImageOfPage":{"@id":"https:\/\/www.lojacarita.com.br\/loja\/product\/boa-nova-1092\/#primaryimage"},"image":{"@id":"https:\/\/www.lojacarita.com.br\/loja\/product\/boa-nova-1092\/#primaryimage"},"thumbnailUrl":"https:\/\/www.lojacarita.com.br\/loja\/wp-content\/uploads\/2023\/11\/boa-nova-digital-44.jpg","datePublished":"2023-11-03T17:30:29+00:00","dateModified":"2023-12-05T11:05:49+00:00","breadcrumb":{"@id":"https:\/\/www.lojacarita.com.br\/loja\/product\/boa-nova-1092\/#breadcrumb"},"inLanguage":"pt-BR","potentialAction":[{"@type":"ReadAction","target":["https:\/\/www.lojacarita.com.br\/loja\/product\/boa-nova-1092\/"]}]},{"@type":"ImageObject","inLanguage":"pt-BR","@id":"https:\/\/www.lojacarita.com.br\/loja\/product\/boa-nova-1092\/#primaryimage","url":"https:\/\/www.lojacarita.com.br\/loja\/wp-content\/uploads\/2023\/11\/boa-nova-digital-44.jpg","contentUrl":"https:\/\/www.lojacarita.com.br\/loja\/wp-content\/uploads\/2023\/11\/boa-nova-digital-44.jpg","width":681,"height":681},{"@type":"BreadcrumbList","@id":"https:\/\/www.lojacarita.com.br\/loja\/product\/boa-nova-1092\/#breadcrumb","itemListElement":[{"@type":"ListItem","position":1,"name":"In\u00edcio","item":"https:\/\/www.lojacarita.com.br\/loja\/"},{"@type":"ListItem","position":2,"name":"Produtos","item":"https:\/\/www.lojacarita.com.br\/loja\/nossos-produtos\/"},{"@type":"ListItem","position":3,"name":"Boa Nova 1092"}]},{"@type":"WebSite","@id":"https:\/\/www.lojacarita.com.br\/loja\/#website","url":"https:\/\/www.lojacarita.com.br\/loja\/","name":"Loja C\u00e1rita","description":"Amai-vos e instrui-vos! Esp\u00edrito de Verdade","publisher":{"@id":"https:\/\/www.lojacarita.com.br\/loja\/#organization"},"potentialAction":[{"@type":"SearchAction","target":{"@type":"EntryPoint","urlTemplate":"https:\/\/www.lojacarita.com.br\/loja\/?s={search_term_string}"},"query-input":{"@type":"PropertyValueSpecification","valueRequired":true,"valueName":"search_term_string"}}],"inLanguage":"pt-BR"},{"@type":"Organization","@id":"https:\/\/www.lojacarita.com.br\/loja\/#organization","name":"Loja C\u00e1rita","url":"https:\/\/www.lojacarita.com.br\/loja\/","logo":{"@type":"ImageObject","inLanguage":"pt-BR","@id":"https:\/\/www.lojacarita.com.br\/loja\/#\/schema\/logo\/image\/","url":"http:\/\/www.lojacarita.com.br\/loja2021\/wp-content\/uploads\/2021\/05\/favicon.png","contentUrl":"http:\/\/www.lojacarita.com.br\/loja2021\/wp-content\/uploads\/2021\/05\/favicon.png","width":512,"height":512,"caption":"Loja C\u00e1rita"},"image":{"@id":"https:\/\/www.lojacarita.com.br\/loja\/#\/schema\/logo\/image\/"}}]}},"_links":{"self":[{"href":"https:\/\/www.lojacarita.com.br\/loja\/wp-json\/wp\/v2\/product\/1367","targetHints":{"allow":["GET"]}}],"collection":[{"href":"https:\/\/www.lojacarita.com.br\/loja\/wp-json\/wp\/v2\/product"}],"about":[{"href":"https:\/\/www.lojacarita.com.br\/loja\/wp-json\/wp\/v2\/types\/product"}],"wp:featuredmedia":[{"embeddable":true,"href":"https:\/\/www.lojacarita.com.br\/loja\/wp-json\/wp\/v2\/media\/1368"}],"wp:attachment":[{"href":"https:\/\/www.lojacarita.com.br\/loja\/wp-json\/wp\/v2\/media?parent=1367"}],"wp:term":[{"taxonomy":"product_brand","embeddable":true,"href":"https:\/\/www.lojacarita.com.br\/loja\/wp-json\/wp\/v2\/product_brand?post=1367"},{"taxonomy":"product_cat","embeddable":true,"href":"https:\/\/www.lojacarita.com.br\/loja\/wp-json\/wp\/v2\/product_cat?post=1367"},{"taxonomy":"product_tag","embeddable":true,"href":"https:\/\/www.lojacarita.com.br\/loja\/wp-json\/wp\/v2\/product_tag?post=1367"}],"curies":[{"name":"wp","href":"https:\/\/api.w.org\/{rel}","templated":true}]}}