{"id":1355,"date":"2023-11-03T14:28:20","date_gmt":"2023-11-03T17:28:20","guid":{"rendered":"https:\/\/www.lojacarita.com.br\/loja\/product\/boa-nova-1088\/"},"modified":"2024-04-03T08:59:20","modified_gmt":"2024-04-03T11:59:20","slug":"boa-nova-1088","status":"publish","type":"product","link":"https:\/\/www.lojacarita.com.br\/loja\/product\/boa-nova-1088\/","title":{"rendered":"Boa Nova 1088"},"content":{"rendered":"<p class=\"MsoNormal\" style=\"line-height: 150%;\"><span lang=\"PT-BR\" style=\"line-height: 200%;\">As esperas se encontram<\/span><\/p>\n<p class=\"MsoNormal\" style=\"line-height: 150%;\">14 de setembro de 2018<\/p>\n<p><\/p>\n<p>Mensagem espiritual pelo esp\u00edrito Catarina de Senna<\/p>\n<p>Psicofon\u00eda da m\u00e9dium Eliana dos Santos<\/p>\n<p>Dura\u00e7\u00e3o: 46min<\/p>\n<p><\/p>\n<p class=\"MsoNormal\" style=\"line-height: 16.5pt;\">\n<h5 style=\"margin-left: 25px;\">\n<p class=\"MsoNormal\"><span lang=\"PT-BR\" style=\"line-height: 150%;\">Se em sete de setembro temos as nupcias<br \/>\ne a sagra\u00e7\u00e3o do amor atrav\u00e9s de um casal e as consequ\u00eancias desse encontro na<br \/>\nforma\u00e7\u00e3o da fam\u00edlia, na prele\u00e7\u00e3o de 14 de setembro temos o eixo do lugar<br \/>\nsecreto e o contato com a realidade divina atrav\u00e9s dessa concep\u00e7\u00e3o amorosa do<br \/>\nuniverso. Eis o tema de hoje, numerada em hum mil e oitenta e oito comunica\u00e7\u00f5es,<br \/>\nque nominamos prele\u00e7\u00f5es ou palavras espirituais atrav\u00e9s da mediunidade falante<br \/>\nde Eliana dos Santos. O espirito respons\u00e1vel por esse trabalho de mais de hum<br \/>\nmil temas crist\u00e3os \u00e9 Eur\u00edpidesBarsanulfo que vem atrav\u00e9s de suas obras marcando<br \/>\no espa\u00e7o da vida esp\u00edrita brasileira com obras de amor dentro do <font face=\"FrysBaskerville BT, serif\"><span style=\"font-size: 12pt;\">n\u00e3o se colhe uvas dos espinheiros, mas sim<br \/>\ndas doces videiras!<\/span><\/font><o:p><\/o:p><\/span><\/p>\n<p class=\"MsoNormal\"><span lang=\"PT-BR\" style=\"line-height: 150%;\">Eur\u00edpides, ramo vi\u00e7oso da Videira<br \/>\nCrist\u00e3, nos presenteia semanal e regularmente com diretrizes que nos auxiliam a<br \/>\ntravessia. Ele enfoca nessa boa nova que existe um momento na vida do crist\u00e3o<br \/>\nem que Deus se torna real&#8230;<\/span><span lang=\"PT-BR\" style=\"line-height: 150%;\">Todos n\u00f3s temos esse momento em que<br \/>\nDeus se torna real. Chegamos, atravessamos o deserto, fizemos a travessia.<br \/>\nChegamos!<\/span><span lang=\"PT-BR\" style=\"line-height: 150%;\"><br \/>\nSentimos que ali h\u00e1 um encontro eterno, infinito, esperado, ansiado. N\u00f3s<br \/>\nesperamos e algu\u00e9m nos esperou. As<br \/>\nesperas se encontram. <\/span><span lang=\"PT-BR\" style=\"line-height: 150%;\">Esse \u00e9 o tema que nos<br \/>\ntrar\u00e1 reflex\u00f5es de aux\u00edlio para ampliar nosso relacionamento com a esfera<br \/>\nceleste unindo em nossos cora\u00e7\u00f5es o vis\u00edvel e o invis\u00edvel!Tamb\u00e9m ampliando o<br \/>\ncampo da f\u00e9 nas forcasespirituais auxiliadoras de nossa trajet\u00f3ria evolutiva.<br \/>\nDoce jornada, a vida terrena, pois nela tecemos nosso encontro com Deus!<o:p><\/o:p><\/span><\/p>\n<p class=\"MsoNormal\"><span lang=\"PT-BR\" style=\"line-height: 150%;\">Ou\u00e7amos essa voz!Que acrescenta o<br \/>\ngrande ensino da reciprocidade, ou seja, existe <\/span><span lang=\"PT-BR\" style=\"line-height: 150%;\">O lugar secreto e ele \u00e9 esse espa<\/span><span lang=\"PT-BR\" style=\"line-height: 150%;\">\u00e7<\/span><span lang=\"PT-BR\" style=\"line-height: 150%;\">o do trabalho, do of\u00edcio, da sublime arte do<br \/>\ncuidar, do dar &#8211; <\/span><span lang=\"PT-BR\" style=\"line-height: 150%;\">dai e dar-se-vos-\u00e1. Na medida em que realizo as minhas obras para o<br \/>\noutro, eu estou escrevendo a medida que o universo dar\u00e1 a mimas minhas obras, a<br \/>\nminha felicidade, a minha prosperidade.<\/span><span lang=\"PT-BR\" style=\"line-height: 150%;\"><o:p><\/o:p><\/span><\/p>\n<p class=\"MsoNormal\" style=\"margin-bottom: 0.0001pt; line-height: 150%; margin-left: 25px;\">\n<p class=\"MsoNormal\"><span lang=\"PT-BR\" style=\"line-height: 150%;\">C\u00e1rita Editora deixa seu terno abraco<br \/>\nde gratid\u00e3o e roga a esse amada rede de audi\u00e7\u00e3o a partilha das ideias e concep\u00e7\u00f5es<br \/>\nde mundo que nos estimulam novas jornadas&#8230; Doces jornadas!<font face=\"FrysBaskerville BT, serif\"><span style=\"font-size: 12pt;\"><o:p><\/o:p><\/span><\/font><\/span><\/p>\n<\/h5>\n<h5><\/h5>\n<h5><\/h5>\n<h5>Ouve a apresenta\u00e7\u00e3o da mensagem espiritual:<\/h5>\n<p><audio style=\"width:350px;background:#ffffff;width: 370px;\" preload=\"none\" ontimeupdate=\"updateTime()\" controls=\"\" metadata=\"\"><source src=\"https:\/\/www.lojacarita.com.br\/loja\/wp-content\/uploads\/2023\/11\/samples\/bn-1088-abertura.mp3\" type=\"audio\/mpeg\"><a href=\"https:\/\/www.lojacarita.com.br\/loja\/wp-content\/uploads\/2023\/11\/samples\/bn-1088-abertura.mp3\"><font size=\"2\">Play<\/font><\/a><\/audio><\/p>\n<hr width=\"75%\">\n<h5>Ouve os primeiros 5 minutos da mensagem espiritual:<\/h5>\n<p><audio style=\"width:350px;background:#ffffff;width: 370px;\" preload=\"none\" ontimeupdate=\"updateTime()\" controls=\"\" metadata=\"\"><source src=\"https:\/\/www.lojacarita.com.br\/loja\/wp-content\/uploads\/2023\/11\/samples\/bn-1088-sample.mp3\" type=\"audio\/mpeg\"><a href=\"https:\/\/www.lojacarita.com.br\/loja\/wp-content\/uploads\/2023\/11\/samples\/bn-1088-sample.mp3\"><font size=\"2\">Play<\/font><\/a><\/audio><\/p>\n","protected":false},"excerpt":{"rendered":"<p>As esperas se encontram 14 de setembro de 2018 Mensagem espiritual pelo esp\u00edrito Catarina de Senna Psicofon\u00eda da m\u00e9dium Eliana dos Santos Dura\u00e7\u00e3o: 46min Se em sete de setembro temos as nupcias e a sagra\u00e7\u00e3o do amor atrav\u00e9s de um casal e as consequ\u00eancias desse encontro na forma\u00e7\u00e3o da fam\u00edlia, na prele\u00e7\u00e3o de 14 de &hellip; <a href=\"https:\/\/www.lojacarita.com.br\/loja\/product\/boa-nova-1088\/\">Continua<\/a><\/p>\n","protected":false},"featured_media":1356,"template":"","meta":[],"product_brand":[],"product_cat":[81],"product_tag":[],"class_list":{"0":"post-1355","1":"product","2":"type-product","3":"status-publish","4":"has-post-thumbnail","6":"product_cat-boas_novas","8":"first","9":"instock","10":"downloadable","11":"virtual","12":"purchasable","13":"product-type-simple"},"acf":[],"yoast_head":"<!-- This site is optimized with the Yoast SEO plugin v27.4 - https:\/\/yoast.com\/product\/yoast-seo-wordpress\/ -->\n<title>Boa Nova 1088 - Loja C\u00e1rita<\/title>\n<meta name=\"robots\" content=\"index, follow, max-snippet:-1, max-image-preview:large, max-video-preview:-1\" \/>\n<link rel=\"canonical\" href=\"https:\/\/www.lojacarita.com.br\/loja\/product\/boa-nova-1088\/\" \/>\n<meta property=\"og:locale\" content=\"pt_BR\" \/>\n<meta property=\"og:type\" content=\"article\" \/>\n<meta property=\"og:title\" content=\"Boa Nova 1088 - Loja C\u00e1rita\" \/>\n<meta property=\"og:description\" content=\"As esperas se encontram 14 de setembro de 2018 Mensagem espiritual pelo esp\u00edrito Catarina de Senna Psicofon\u00eda da m\u00e9dium Eliana dos Santos Dura\u00e7\u00e3o: 46min Se em sete de setembro temos as nupcias e a sagra\u00e7\u00e3o do amor atrav\u00e9s de um casal e as consequ\u00eancias desse encontro na forma\u00e7\u00e3o da fam\u00edlia, na prele\u00e7\u00e3o de 14 de &hellip; Continua\" \/>\n<meta property=\"og:url\" content=\"https:\/\/www.lojacarita.com.br\/loja\/product\/boa-nova-1088\/\" \/>\n<meta property=\"og:site_name\" content=\"Loja C\u00e1rita\" \/>\n<meta property=\"article:modified_time\" content=\"2024-04-03T11:59:20+00:00\" \/>\n<meta property=\"og:image\" content=\"https:\/\/www.lojacarita.com.br\/loja\/wp-content\/uploads\/2023\/11\/boa-nova-digital-39.jpg\" \/>\n\t<meta property=\"og:image:width\" content=\"681\" \/>\n\t<meta property=\"og:image:height\" content=\"681\" \/>\n\t<meta property=\"og:image:type\" content=\"image\/jpeg\" \/>\n<meta name=\"twitter:card\" content=\"summary_large_image\" \/>\n<meta name=\"twitter:label1\" content=\"Est. tempo de leitura\" \/>\n\t<meta name=\"twitter:data1\" content=\"2 minutos\" \/>\n<script type=\"application\/ld+json\" class=\"yoast-schema-graph\">{\"@context\":\"https:\\\/\\\/schema.org\",\"@graph\":[{\"@type\":\"WebPage\",\"@id\":\"https:\\\/\\\/www.lojacarita.com.br\\\/loja\\\/product\\\/boa-nova-1088\\\/\",\"url\":\"https:\\\/\\\/www.lojacarita.com.br\\\/loja\\\/product\\\/boa-nova-1088\\\/\",\"name\":\"Boa Nova 1088 - Loja C\u00e1rita\",\"isPartOf\":{\"@id\":\"https:\\\/\\\/www.lojacarita.com.br\\\/loja\\\/#website\"},\"primaryImageOfPage\":{\"@id\":\"https:\\\/\\\/www.lojacarita.com.br\\\/loja\\\/product\\\/boa-nova-1088\\\/#primaryimage\"},\"image\":{\"@id\":\"https:\\\/\\\/www.lojacarita.com.br\\\/loja\\\/product\\\/boa-nova-1088\\\/#primaryimage\"},\"thumbnailUrl\":\"https:\\\/\\\/www.lojacarita.com.br\\\/loja\\\/wp-content\\\/uploads\\\/2023\\\/11\\\/boa-nova-digital-39.jpg\",\"datePublished\":\"2023-11-03T17:28:20+00:00\",\"dateModified\":\"2024-04-03T11:59:20+00:00\",\"breadcrumb\":{\"@id\":\"https:\\\/\\\/www.lojacarita.com.br\\\/loja\\\/product\\\/boa-nova-1088\\\/#breadcrumb\"},\"inLanguage\":\"pt-BR\",\"potentialAction\":[{\"@type\":\"ReadAction\",\"target\":[\"https:\\\/\\\/www.lojacarita.com.br\\\/loja\\\/product\\\/boa-nova-1088\\\/\"]}]},{\"@type\":\"ImageObject\",\"inLanguage\":\"pt-BR\",\"@id\":\"https:\\\/\\\/www.lojacarita.com.br\\\/loja\\\/product\\\/boa-nova-1088\\\/#primaryimage\",\"url\":\"https:\\\/\\\/www.lojacarita.com.br\\\/loja\\\/wp-content\\\/uploads\\\/2023\\\/11\\\/boa-nova-digital-39.jpg\",\"contentUrl\":\"https:\\\/\\\/www.lojacarita.com.br\\\/loja\\\/wp-content\\\/uploads\\\/2023\\\/11\\\/boa-nova-digital-39.jpg\",\"width\":681,\"height\":681},{\"@type\":\"BreadcrumbList\",\"@id\":\"https:\\\/\\\/www.lojacarita.com.br\\\/loja\\\/product\\\/boa-nova-1088\\\/#breadcrumb\",\"itemListElement\":[{\"@type\":\"ListItem\",\"position\":1,\"name\":\"In\u00edcio\",\"item\":\"https:\\\/\\\/www.lojacarita.com.br\\\/loja\\\/\"},{\"@type\":\"ListItem\",\"position\":2,\"name\":\"Produtos\",\"item\":\"https:\\\/\\\/www.lojacarita.com.br\\\/loja\\\/nossos-produtos\\\/\"},{\"@type\":\"ListItem\",\"position\":3,\"name\":\"Boa Nova 1088\"}]},{\"@type\":\"WebSite\",\"@id\":\"https:\\\/\\\/www.lojacarita.com.br\\\/loja\\\/#website\",\"url\":\"https:\\\/\\\/www.lojacarita.com.br\\\/loja\\\/\",\"name\":\"Loja C\u00e1rita\",\"description\":\"Amai-vos e instrui-vos! Esp\u00edrito de Verdade\",\"publisher\":{\"@id\":\"https:\\\/\\\/www.lojacarita.com.br\\\/loja\\\/#organization\"},\"potentialAction\":[{\"@type\":\"SearchAction\",\"target\":{\"@type\":\"EntryPoint\",\"urlTemplate\":\"https:\\\/\\\/www.lojacarita.com.br\\\/loja\\\/?s={search_term_string}\"},\"query-input\":{\"@type\":\"PropertyValueSpecification\",\"valueRequired\":true,\"valueName\":\"search_term_string\"}}],\"inLanguage\":\"pt-BR\"},{\"@type\":\"Organization\",\"@id\":\"https:\\\/\\\/www.lojacarita.com.br\\\/loja\\\/#organization\",\"name\":\"Loja C\u00e1rita\",\"url\":\"https:\\\/\\\/www.lojacarita.com.br\\\/loja\\\/\",\"logo\":{\"@type\":\"ImageObject\",\"inLanguage\":\"pt-BR\",\"@id\":\"https:\\\/\\\/www.lojacarita.com.br\\\/loja\\\/#\\\/schema\\\/logo\\\/image\\\/\",\"url\":\"http:\\\/\\\/www.lojacarita.com.br\\\/loja2021\\\/wp-content\\\/uploads\\\/2021\\\/05\\\/favicon.png\",\"contentUrl\":\"http:\\\/\\\/www.lojacarita.com.br\\\/loja2021\\\/wp-content\\\/uploads\\\/2021\\\/05\\\/favicon.png\",\"width\":512,\"height\":512,\"caption\":\"Loja C\u00e1rita\"},\"image\":{\"@id\":\"https:\\\/\\\/www.lojacarita.com.br\\\/loja\\\/#\\\/schema\\\/logo\\\/image\\\/\"}}]}<\/script>\n<!-- \/ Yoast SEO plugin. -->","yoast_head_json":{"title":"Boa Nova 1088 - Loja C\u00e1rita","robots":{"index":"index","follow":"follow","max-snippet":"max-snippet:-1","max-image-preview":"max-image-preview:large","max-video-preview":"max-video-preview:-1"},"canonical":"https:\/\/www.lojacarita.com.br\/loja\/product\/boa-nova-1088\/","og_locale":"pt_BR","og_type":"article","og_title":"Boa Nova 1088 - Loja C\u00e1rita","og_description":"As esperas se encontram 14 de setembro de 2018 Mensagem espiritual pelo esp\u00edrito Catarina de Senna Psicofon\u00eda da m\u00e9dium Eliana dos Santos Dura\u00e7\u00e3o: 46min Se em sete de setembro temos as nupcias e a sagra\u00e7\u00e3o do amor atrav\u00e9s de um casal e as consequ\u00eancias desse encontro na forma\u00e7\u00e3o da fam\u00edlia, na prele\u00e7\u00e3o de 14 de &hellip; Continua","og_url":"https:\/\/www.lojacarita.com.br\/loja\/product\/boa-nova-1088\/","og_site_name":"Loja C\u00e1rita","article_modified_time":"2024-04-03T11:59:20+00:00","og_image":[{"width":681,"height":681,"url":"https:\/\/www.lojacarita.com.br\/loja\/wp-content\/uploads\/2023\/11\/boa-nova-digital-39.jpg","type":"image\/jpeg"}],"twitter_card":"summary_large_image","twitter_misc":{"Est. tempo de leitura":"2 minutos"},"schema":{"@context":"https:\/\/schema.org","@graph":[{"@type":"WebPage","@id":"https:\/\/www.lojacarita.com.br\/loja\/product\/boa-nova-1088\/","url":"https:\/\/www.lojacarita.com.br\/loja\/product\/boa-nova-1088\/","name":"Boa Nova 1088 - Loja C\u00e1rita","isPartOf":{"@id":"https:\/\/www.lojacarita.com.br\/loja\/#website"},"primaryImageOfPage":{"@id":"https:\/\/www.lojacarita.com.br\/loja\/product\/boa-nova-1088\/#primaryimage"},"image":{"@id":"https:\/\/www.lojacarita.com.br\/loja\/product\/boa-nova-1088\/#primaryimage"},"thumbnailUrl":"https:\/\/www.lojacarita.com.br\/loja\/wp-content\/uploads\/2023\/11\/boa-nova-digital-39.jpg","datePublished":"2023-11-03T17:28:20+00:00","dateModified":"2024-04-03T11:59:20+00:00","breadcrumb":{"@id":"https:\/\/www.lojacarita.com.br\/loja\/product\/boa-nova-1088\/#breadcrumb"},"inLanguage":"pt-BR","potentialAction":[{"@type":"ReadAction","target":["https:\/\/www.lojacarita.com.br\/loja\/product\/boa-nova-1088\/"]}]},{"@type":"ImageObject","inLanguage":"pt-BR","@id":"https:\/\/www.lojacarita.com.br\/loja\/product\/boa-nova-1088\/#primaryimage","url":"https:\/\/www.lojacarita.com.br\/loja\/wp-content\/uploads\/2023\/11\/boa-nova-digital-39.jpg","contentUrl":"https:\/\/www.lojacarita.com.br\/loja\/wp-content\/uploads\/2023\/11\/boa-nova-digital-39.jpg","width":681,"height":681},{"@type":"BreadcrumbList","@id":"https:\/\/www.lojacarita.com.br\/loja\/product\/boa-nova-1088\/#breadcrumb","itemListElement":[{"@type":"ListItem","position":1,"name":"In\u00edcio","item":"https:\/\/www.lojacarita.com.br\/loja\/"},{"@type":"ListItem","position":2,"name":"Produtos","item":"https:\/\/www.lojacarita.com.br\/loja\/nossos-produtos\/"},{"@type":"ListItem","position":3,"name":"Boa Nova 1088"}]},{"@type":"WebSite","@id":"https:\/\/www.lojacarita.com.br\/loja\/#website","url":"https:\/\/www.lojacarita.com.br\/loja\/","name":"Loja C\u00e1rita","description":"Amai-vos e instrui-vos! Esp\u00edrito de Verdade","publisher":{"@id":"https:\/\/www.lojacarita.com.br\/loja\/#organization"},"potentialAction":[{"@type":"SearchAction","target":{"@type":"EntryPoint","urlTemplate":"https:\/\/www.lojacarita.com.br\/loja\/?s={search_term_string}"},"query-input":{"@type":"PropertyValueSpecification","valueRequired":true,"valueName":"search_term_string"}}],"inLanguage":"pt-BR"},{"@type":"Organization","@id":"https:\/\/www.lojacarita.com.br\/loja\/#organization","name":"Loja C\u00e1rita","url":"https:\/\/www.lojacarita.com.br\/loja\/","logo":{"@type":"ImageObject","inLanguage":"pt-BR","@id":"https:\/\/www.lojacarita.com.br\/loja\/#\/schema\/logo\/image\/","url":"http:\/\/www.lojacarita.com.br\/loja2021\/wp-content\/uploads\/2021\/05\/favicon.png","contentUrl":"http:\/\/www.lojacarita.com.br\/loja2021\/wp-content\/uploads\/2021\/05\/favicon.png","width":512,"height":512,"caption":"Loja C\u00e1rita"},"image":{"@id":"https:\/\/www.lojacarita.com.br\/loja\/#\/schema\/logo\/image\/"}}]}},"_links":{"self":[{"href":"https:\/\/www.lojacarita.com.br\/loja\/wp-json\/wp\/v2\/product\/1355","targetHints":{"allow":["GET"]}}],"collection":[{"href":"https:\/\/www.lojacarita.com.br\/loja\/wp-json\/wp\/v2\/product"}],"about":[{"href":"https:\/\/www.lojacarita.com.br\/loja\/wp-json\/wp\/v2\/types\/product"}],"wp:featuredmedia":[{"embeddable":true,"href":"https:\/\/www.lojacarita.com.br\/loja\/wp-json\/wp\/v2\/media\/1356"}],"wp:attachment":[{"href":"https:\/\/www.lojacarita.com.br\/loja\/wp-json\/wp\/v2\/media?parent=1355"}],"wp:term":[{"taxonomy":"product_brand","embeddable":true,"href":"https:\/\/www.lojacarita.com.br\/loja\/wp-json\/wp\/v2\/product_brand?post=1355"},{"taxonomy":"product_cat","embeddable":true,"href":"https:\/\/www.lojacarita.com.br\/loja\/wp-json\/wp\/v2\/product_cat?post=1355"},{"taxonomy":"product_tag","embeddable":true,"href":"https:\/\/www.lojacarita.com.br\/loja\/wp-json\/wp\/v2\/product_tag?post=1355"}],"curies":[{"name":"wp","href":"https:\/\/api.w.org\/{rel}","templated":true}]}}