{"id":1353,"date":"2023-11-03T14:28:17","date_gmt":"2023-11-03T17:28:17","guid":{"rendered":"https:\/\/www.lojacarita.com.br\/loja\/product\/boa-nova-1086\/"},"modified":"2023-12-05T08:05:48","modified_gmt":"2023-12-05T11:05:48","slug":"boa-nova-1086","status":"publish","type":"product","link":"https:\/\/www.lojacarita.com.br\/loja\/product\/boa-nova-1086\/","title":{"rendered":"Boa Nova 1086"},"content":{"rendered":"<p class=\"MsoNormal\" style=\"line-height: 150%;\"><span lang=\"PT-BR\" style=\"line-height: 200%;\">Nossas M\u00e3os nas M\u00e3os de Deus&#8230; Perdoar o devedor, um dever?<\/span><\/p>\n<p class=\"MsoNormal\" style=\"line-height: 150%;\">31 de agosto de 2018<\/p>\n<p><\/p>\n<p>Mensagem espiritual pelo esp\u00edrito Catarina de Senna<\/p>\n<p>Psicofon\u00eda da m\u00e9dium Eliana dos Santos<\/p>\n<p>Dura\u00e7\u00e3o: 34min<\/p>\n<p><\/p>\n<p class=\"MsoNormal\" style=\"line-height: 16.5pt;\">\n<h5 style=\"margin-left: 25px;\">\n<p class=\"MsoNormal\" style=\"margin-bottom: 0.0001pt; line-height: 150%; margin-left: 25px;\"><span lang=\"PT-BR\" style=\"line-height: 150%;\">\u00daltimo encontro de<br \/>\nagosto. A noite celebra Dr. Adolfo Bezerra de Menezes, o seu nascimento,<br \/>\natrav\u00e9s de um irm\u00e3o da Causa maior, Paulo, que discorre sobre a vida e a f\u00e9<br \/>\ndesse conhecido <font face=\"Caslon540 BT, serif\"><span style=\"font-size: 12pt;\">m\u00e9dico dos pobres<\/span><\/font>, antes do momento da prele\u00e7\u00e3o recebida nessa<br \/>\ndata, 31 de agosto, sob o t\u00edtulo <font face=\"Caslon540 BT, serif\"><span style=\"font-size: 12pt;\">Nossas M\u00e3os nas M\u00e3os de Deus&#8230; Perdoar o<br \/>\ndevedor, um dever?<\/span><\/font><o:p><\/o:p><\/span><\/p>\n<p class=\"MsoNormal\" style=\"margin-bottom: 0.0001pt; line-height: 150%; margin-left: 25px;\"><span lang=\"PT-BR\" style=\"line-height: 150%;\">A palavra espiritual<br \/>\ndescreve o encanto da F\u00e9 no cora\u00e7\u00e3o que tece v\u00ednculos reais com Deus&#8230; Nos<br \/>\naconselha a n\u00e3o olhar para tr\u00e1s, mas segurar nas m\u00e3os de Deus e seguir adiante<br \/>\nmesmo que as \u00e1guas do mar da vida se encontrem agitadas por ventanias ou<br \/>\nestejam em tormentas&#8230; Nada a temer, basta crer e dormir ao fundo da barca \u2013<br \/>\nessa nau existencial encarnatoria em que todos nos encontramos. <o:p><\/o:p><\/span><\/p>\n<p class=\"MsoNormal\" style=\"margin-bottom: 0.0001pt; line-height: 150%; margin-left: 25px;\"><span lang=\"PT-BR\" style=\"line-height: 150%;\">Ou\u00e7amos essa voz na<br \/>\nBoa Nova de n\u00famero hum mil e oitenta e seis, voz que dilata nossa percep\u00e7\u00e3o ao<br \/>\nanalisar a l\u00f3gica do cobrador e apontar caminhos para que possamos<br \/>\nsuperar esse perfil ego\u00edsta que tem causado dissabores dos mais nefastos em<br \/>\nnosso processo evolutivo!<o:p><\/o:p><\/span><\/p>\n<p class=\"MsoNormal\" style=\"margin-bottom: 0.0001pt; line-height: 150%; margin-left: 25px;\"><span lang=\"PT-BR\" style=\"line-height: 150%;\">Grande abra\u00e7o em toda<br \/>\na Rede de Audi\u00e7\u00e3o C\u00e1rita,<o:p><\/o:p><\/span><\/p>\n<p class=\"MsoNormal\" style=\"margin-bottom: 0.0001pt; line-height: 150%; margin-left: 25px;\"><span lang=\"PT-BR\" style=\"line-height: 150%;\">Segurando nas m\u00e3os de<br \/>\nDeus prosseguimos esse labor das edi\u00e7\u00f5es da palavra espiritual semana ap\u00f3s<br \/>\nsemana em nossa singela tarefa de aprendizes das li\u00e7\u00f5es eternas que nos<br \/>\nestimulam supera\u00e7\u00e3o e recria\u00e7\u00e3o de nossa trajet\u00f3ria&#8230;&nbsp; Deixamos como est\u00edmulo uma passagem no texto<br \/>\nrecebido&#8230; Diz a espiritualidade nessa boa nova que \u2018O cobrador n\u00e3o consegue desprender-se do que ele deu&#8230; Em verdade<br \/>\nquando damos algo a algu\u00e9m n\u00e3o h\u00e1 cobran\u00e7a&#8230; O cobrador est\u00e1 no papel do<br \/>\nbanqueiro que fez um empr\u00e9stimo, e espera ardentemente que quem lhe deve,<br \/>\npague-lhe. O senhor do reino n\u00e3o \u00e9 um banqueiro, ele \u00e9 um senhor<br \/>\ndadivoso, amoroso, sua lei \u00e9 a Lei de Amor, ent\u00e3o ele se apieda e perdoa toda a<br \/>\nd\u00edvida de quem lhe roga perd\u00e3o.\u2019<o:p><\/o:p><\/span><\/p>\n<p class=\"MsoNormal\" style=\"margin-bottom: 0.0001pt; line-height: 150%; margin-left: 25px;\"><span lang=\"PT-BR\" style=\"line-height: 150%;\">Bel\u00edssima<br \/>\nLi\u00e7\u00e3o&#8230; que ela resplande\u00e7a em sua vida aprendizagens novas e liberta\u00e7\u00e3o!<o:p><\/o:p><\/span><\/p>\n<p class=\"MsoNormal\" style=\"margin-bottom: 0.0001pt; line-height: 150%; margin-left: 25px;\"><span lang=\"PT-BR\" style=\"line-height: 150%;\">Boa<br \/>\nSala de audi\u00e7\u00e3o amados peregrinos da jornada maior!<o:p><\/o:p><\/span><\/p>\n<p class=\"MsoNormal\" style=\"margin: 0cm 0cm 0.0001pt 72px; line-height: 150%;\">\n<p class=\"MsoNormal\" style=\"margin-bottom: 0.0001pt; line-height: 150%; margin-left: 25px;\"><span lang=\"PT-BR\" style=\"line-height: 150%;\">Gratid\u00e3o!<br \/>\nSegura nas m\u00e3os de Deus e vai&#8230;!<u><font face=\"Caslon540 BT, serif\"><span style=\"font-size: 12pt;\"><o:p><\/o:p><\/span><\/font><\/u><\/span><\/p>\n<\/h5>\n<h5><\/h5>\n<h5><\/h5>\n<h5>Ouve a apresenta\u00e7\u00e3o da mensagem espiritual:<\/h5>\n<p><audio style=\"width:350px;background:#ffffff;width: 370px;\" preload=\"none\" ontimeupdate=\"updateTime()\" controls=\"\" metadata=\"\"><source src=\"https:\/\/www.lojacarita.com.br\/loja\/wp-content\/uploads\/2023\/11\/samples\/bn-1086-abertura.mp3\" type=\"audio\/mpeg\"><a href=\"https:\/\/www.lojacarita.com.br\/loja\/wp-content\/uploads\/2023\/11\/samples\/bn-1086-abertura.mp3\"><font size=\"2\">Play<\/font><\/a><\/audio><\/p>\n<hr width=\"75%\">\n<h5>Ouve os primeiros 5 minutos da mensagem espiritual:<\/h5>\n<p><audio style=\"width:350px;background:#ffffff;width: 370px;\" preload=\"none\" ontimeupdate=\"updateTime()\" controls=\"\" metadata=\"\"><source src=\"https:\/\/www.lojacarita.com.br\/loja\/wp-content\/uploads\/2023\/11\/samples\/bn-1086-sample.mp3\" type=\"audio\/mpeg\"><a href=\"https:\/\/www.lojacarita.com.br\/loja\/wp-content\/uploads\/2023\/11\/samples\/bn-1086-sample.mp3\"><font size=\"2\">Play<\/font><\/a><\/audio><\/p>\n","protected":false},"excerpt":{"rendered":"<p>Nossas M\u00e3os nas M\u00e3os de Deus&#8230; Perdoar o devedor, um dever? 31 de agosto de 2018 Mensagem espiritual pelo esp\u00edrito Catarina de Senna Psicofon\u00eda da m\u00e9dium Eliana dos Santos Dura\u00e7\u00e3o: 34min \u00daltimo encontro de agosto. A noite celebra Dr. Adolfo Bezerra de Menezes, o seu nascimento, atrav\u00e9s de um irm\u00e3o da Causa maior, Paulo, que &hellip; <a href=\"https:\/\/www.lojacarita.com.br\/loja\/product\/boa-nova-1086\/\">Continua<\/a><\/p>\n","protected":false},"featured_media":1354,"template":"","meta":[],"product_brand":[],"product_cat":[81],"product_tag":[],"class_list":{"0":"post-1353","1":"product","2":"type-product","3":"status-publish","4":"has-post-thumbnail","6":"product_cat-boas_novas","8":"first","9":"instock","10":"downloadable","11":"virtual","12":"purchasable","13":"product-type-simple"},"acf":[],"yoast_head":"<!-- This site is optimized with the Yoast SEO plugin v27.4 - https:\/\/yoast.com\/product\/yoast-seo-wordpress\/ -->\n<title>Boa Nova 1086 - Loja C\u00e1rita<\/title>\n<meta name=\"robots\" content=\"index, follow, max-snippet:-1, max-image-preview:large, max-video-preview:-1\" \/>\n<link rel=\"canonical\" href=\"https:\/\/www.lojacarita.com.br\/loja\/product\/boa-nova-1086\/\" \/>\n<meta property=\"og:locale\" content=\"pt_BR\" \/>\n<meta property=\"og:type\" content=\"article\" \/>\n<meta property=\"og:title\" content=\"Boa Nova 1086 - Loja C\u00e1rita\" \/>\n<meta property=\"og:description\" content=\"Nossas M\u00e3os nas M\u00e3os de Deus&#8230; Perdoar o devedor, um dever? 31 de agosto de 2018 Mensagem espiritual pelo esp\u00edrito Catarina de Senna Psicofon\u00eda da m\u00e9dium Eliana dos Santos Dura\u00e7\u00e3o: 34min \u00daltimo encontro de agosto. A noite celebra Dr. Adolfo Bezerra de Menezes, o seu nascimento, atrav\u00e9s de um irm\u00e3o da Causa maior, Paulo, que &hellip; Continua\" \/>\n<meta property=\"og:url\" content=\"https:\/\/www.lojacarita.com.br\/loja\/product\/boa-nova-1086\/\" \/>\n<meta property=\"og:site_name\" content=\"Loja C\u00e1rita\" \/>\n<meta property=\"article:modified_time\" content=\"2023-12-05T11:05:48+00:00\" \/>\n<meta property=\"og:image\" content=\"https:\/\/www.lojacarita.com.br\/loja\/wp-content\/uploads\/2023\/11\/boa-nova-digital-38.jpg\" \/>\n\t<meta property=\"og:image:width\" content=\"681\" \/>\n\t<meta property=\"og:image:height\" content=\"681\" \/>\n\t<meta property=\"og:image:type\" content=\"image\/jpeg\" \/>\n<meta name=\"twitter:card\" content=\"summary_large_image\" \/>\n<meta name=\"twitter:label1\" content=\"Est. tempo de leitura\" \/>\n\t<meta name=\"twitter:data1\" content=\"2 minutos\" \/>\n<script type=\"application\/ld+json\" class=\"yoast-schema-graph\">{\"@context\":\"https:\\\/\\\/schema.org\",\"@graph\":[{\"@type\":\"WebPage\",\"@id\":\"https:\\\/\\\/www.lojacarita.com.br\\\/loja\\\/product\\\/boa-nova-1086\\\/\",\"url\":\"https:\\\/\\\/www.lojacarita.com.br\\\/loja\\\/product\\\/boa-nova-1086\\\/\",\"name\":\"Boa Nova 1086 - Loja C\u00e1rita\",\"isPartOf\":{\"@id\":\"https:\\\/\\\/www.lojacarita.com.br\\\/loja\\\/#website\"},\"primaryImageOfPage\":{\"@id\":\"https:\\\/\\\/www.lojacarita.com.br\\\/loja\\\/product\\\/boa-nova-1086\\\/#primaryimage\"},\"image\":{\"@id\":\"https:\\\/\\\/www.lojacarita.com.br\\\/loja\\\/product\\\/boa-nova-1086\\\/#primaryimage\"},\"thumbnailUrl\":\"https:\\\/\\\/www.lojacarita.com.br\\\/loja\\\/wp-content\\\/uploads\\\/2023\\\/11\\\/boa-nova-digital-38.jpg\",\"datePublished\":\"2023-11-03T17:28:17+00:00\",\"dateModified\":\"2023-12-05T11:05:48+00:00\",\"breadcrumb\":{\"@id\":\"https:\\\/\\\/www.lojacarita.com.br\\\/loja\\\/product\\\/boa-nova-1086\\\/#breadcrumb\"},\"inLanguage\":\"pt-BR\",\"potentialAction\":[{\"@type\":\"ReadAction\",\"target\":[\"https:\\\/\\\/www.lojacarita.com.br\\\/loja\\\/product\\\/boa-nova-1086\\\/\"]}]},{\"@type\":\"ImageObject\",\"inLanguage\":\"pt-BR\",\"@id\":\"https:\\\/\\\/www.lojacarita.com.br\\\/loja\\\/product\\\/boa-nova-1086\\\/#primaryimage\",\"url\":\"https:\\\/\\\/www.lojacarita.com.br\\\/loja\\\/wp-content\\\/uploads\\\/2023\\\/11\\\/boa-nova-digital-38.jpg\",\"contentUrl\":\"https:\\\/\\\/www.lojacarita.com.br\\\/loja\\\/wp-content\\\/uploads\\\/2023\\\/11\\\/boa-nova-digital-38.jpg\",\"width\":681,\"height\":681},{\"@type\":\"BreadcrumbList\",\"@id\":\"https:\\\/\\\/www.lojacarita.com.br\\\/loja\\\/product\\\/boa-nova-1086\\\/#breadcrumb\",\"itemListElement\":[{\"@type\":\"ListItem\",\"position\":1,\"name\":\"In\u00edcio\",\"item\":\"https:\\\/\\\/www.lojacarita.com.br\\\/loja\\\/\"},{\"@type\":\"ListItem\",\"position\":2,\"name\":\"Produtos\",\"item\":\"https:\\\/\\\/www.lojacarita.com.br\\\/loja\\\/nossos-produtos\\\/\"},{\"@type\":\"ListItem\",\"position\":3,\"name\":\"Boa Nova 1086\"}]},{\"@type\":\"WebSite\",\"@id\":\"https:\\\/\\\/www.lojacarita.com.br\\\/loja\\\/#website\",\"url\":\"https:\\\/\\\/www.lojacarita.com.br\\\/loja\\\/\",\"name\":\"Loja C\u00e1rita\",\"description\":\"Amai-vos e instrui-vos! Esp\u00edrito de Verdade\",\"publisher\":{\"@id\":\"https:\\\/\\\/www.lojacarita.com.br\\\/loja\\\/#organization\"},\"potentialAction\":[{\"@type\":\"SearchAction\",\"target\":{\"@type\":\"EntryPoint\",\"urlTemplate\":\"https:\\\/\\\/www.lojacarita.com.br\\\/loja\\\/?s={search_term_string}\"},\"query-input\":{\"@type\":\"PropertyValueSpecification\",\"valueRequired\":true,\"valueName\":\"search_term_string\"}}],\"inLanguage\":\"pt-BR\"},{\"@type\":\"Organization\",\"@id\":\"https:\\\/\\\/www.lojacarita.com.br\\\/loja\\\/#organization\",\"name\":\"Loja C\u00e1rita\",\"url\":\"https:\\\/\\\/www.lojacarita.com.br\\\/loja\\\/\",\"logo\":{\"@type\":\"ImageObject\",\"inLanguage\":\"pt-BR\",\"@id\":\"https:\\\/\\\/www.lojacarita.com.br\\\/loja\\\/#\\\/schema\\\/logo\\\/image\\\/\",\"url\":\"http:\\\/\\\/www.lojacarita.com.br\\\/loja2021\\\/wp-content\\\/uploads\\\/2021\\\/05\\\/favicon.png\",\"contentUrl\":\"http:\\\/\\\/www.lojacarita.com.br\\\/loja2021\\\/wp-content\\\/uploads\\\/2021\\\/05\\\/favicon.png\",\"width\":512,\"height\":512,\"caption\":\"Loja C\u00e1rita\"},\"image\":{\"@id\":\"https:\\\/\\\/www.lojacarita.com.br\\\/loja\\\/#\\\/schema\\\/logo\\\/image\\\/\"}}]}<\/script>\n<!-- \/ Yoast SEO plugin. -->","yoast_head_json":{"title":"Boa Nova 1086 - Loja C\u00e1rita","robots":{"index":"index","follow":"follow","max-snippet":"max-snippet:-1","max-image-preview":"max-image-preview:large","max-video-preview":"max-video-preview:-1"},"canonical":"https:\/\/www.lojacarita.com.br\/loja\/product\/boa-nova-1086\/","og_locale":"pt_BR","og_type":"article","og_title":"Boa Nova 1086 - Loja C\u00e1rita","og_description":"Nossas M\u00e3os nas M\u00e3os de Deus&#8230; Perdoar o devedor, um dever? 31 de agosto de 2018 Mensagem espiritual pelo esp\u00edrito Catarina de Senna Psicofon\u00eda da m\u00e9dium Eliana dos Santos Dura\u00e7\u00e3o: 34min \u00daltimo encontro de agosto. A noite celebra Dr. Adolfo Bezerra de Menezes, o seu nascimento, atrav\u00e9s de um irm\u00e3o da Causa maior, Paulo, que &hellip; Continua","og_url":"https:\/\/www.lojacarita.com.br\/loja\/product\/boa-nova-1086\/","og_site_name":"Loja C\u00e1rita","article_modified_time":"2023-12-05T11:05:48+00:00","og_image":[{"width":681,"height":681,"url":"https:\/\/www.lojacarita.com.br\/loja\/wp-content\/uploads\/2023\/11\/boa-nova-digital-38.jpg","type":"image\/jpeg"}],"twitter_card":"summary_large_image","twitter_misc":{"Est. tempo de leitura":"2 minutos"},"schema":{"@context":"https:\/\/schema.org","@graph":[{"@type":"WebPage","@id":"https:\/\/www.lojacarita.com.br\/loja\/product\/boa-nova-1086\/","url":"https:\/\/www.lojacarita.com.br\/loja\/product\/boa-nova-1086\/","name":"Boa Nova 1086 - Loja C\u00e1rita","isPartOf":{"@id":"https:\/\/www.lojacarita.com.br\/loja\/#website"},"primaryImageOfPage":{"@id":"https:\/\/www.lojacarita.com.br\/loja\/product\/boa-nova-1086\/#primaryimage"},"image":{"@id":"https:\/\/www.lojacarita.com.br\/loja\/product\/boa-nova-1086\/#primaryimage"},"thumbnailUrl":"https:\/\/www.lojacarita.com.br\/loja\/wp-content\/uploads\/2023\/11\/boa-nova-digital-38.jpg","datePublished":"2023-11-03T17:28:17+00:00","dateModified":"2023-12-05T11:05:48+00:00","breadcrumb":{"@id":"https:\/\/www.lojacarita.com.br\/loja\/product\/boa-nova-1086\/#breadcrumb"},"inLanguage":"pt-BR","potentialAction":[{"@type":"ReadAction","target":["https:\/\/www.lojacarita.com.br\/loja\/product\/boa-nova-1086\/"]}]},{"@type":"ImageObject","inLanguage":"pt-BR","@id":"https:\/\/www.lojacarita.com.br\/loja\/product\/boa-nova-1086\/#primaryimage","url":"https:\/\/www.lojacarita.com.br\/loja\/wp-content\/uploads\/2023\/11\/boa-nova-digital-38.jpg","contentUrl":"https:\/\/www.lojacarita.com.br\/loja\/wp-content\/uploads\/2023\/11\/boa-nova-digital-38.jpg","width":681,"height":681},{"@type":"BreadcrumbList","@id":"https:\/\/www.lojacarita.com.br\/loja\/product\/boa-nova-1086\/#breadcrumb","itemListElement":[{"@type":"ListItem","position":1,"name":"In\u00edcio","item":"https:\/\/www.lojacarita.com.br\/loja\/"},{"@type":"ListItem","position":2,"name":"Produtos","item":"https:\/\/www.lojacarita.com.br\/loja\/nossos-produtos\/"},{"@type":"ListItem","position":3,"name":"Boa Nova 1086"}]},{"@type":"WebSite","@id":"https:\/\/www.lojacarita.com.br\/loja\/#website","url":"https:\/\/www.lojacarita.com.br\/loja\/","name":"Loja C\u00e1rita","description":"Amai-vos e instrui-vos! Esp\u00edrito de Verdade","publisher":{"@id":"https:\/\/www.lojacarita.com.br\/loja\/#organization"},"potentialAction":[{"@type":"SearchAction","target":{"@type":"EntryPoint","urlTemplate":"https:\/\/www.lojacarita.com.br\/loja\/?s={search_term_string}"},"query-input":{"@type":"PropertyValueSpecification","valueRequired":true,"valueName":"search_term_string"}}],"inLanguage":"pt-BR"},{"@type":"Organization","@id":"https:\/\/www.lojacarita.com.br\/loja\/#organization","name":"Loja C\u00e1rita","url":"https:\/\/www.lojacarita.com.br\/loja\/","logo":{"@type":"ImageObject","inLanguage":"pt-BR","@id":"https:\/\/www.lojacarita.com.br\/loja\/#\/schema\/logo\/image\/","url":"http:\/\/www.lojacarita.com.br\/loja2021\/wp-content\/uploads\/2021\/05\/favicon.png","contentUrl":"http:\/\/www.lojacarita.com.br\/loja2021\/wp-content\/uploads\/2021\/05\/favicon.png","width":512,"height":512,"caption":"Loja C\u00e1rita"},"image":{"@id":"https:\/\/www.lojacarita.com.br\/loja\/#\/schema\/logo\/image\/"}}]}},"_links":{"self":[{"href":"https:\/\/www.lojacarita.com.br\/loja\/wp-json\/wp\/v2\/product\/1353","targetHints":{"allow":["GET"]}}],"collection":[{"href":"https:\/\/www.lojacarita.com.br\/loja\/wp-json\/wp\/v2\/product"}],"about":[{"href":"https:\/\/www.lojacarita.com.br\/loja\/wp-json\/wp\/v2\/types\/product"}],"wp:featuredmedia":[{"embeddable":true,"href":"https:\/\/www.lojacarita.com.br\/loja\/wp-json\/wp\/v2\/media\/1354"}],"wp:attachment":[{"href":"https:\/\/www.lojacarita.com.br\/loja\/wp-json\/wp\/v2\/media?parent=1353"}],"wp:term":[{"taxonomy":"product_brand","embeddable":true,"href":"https:\/\/www.lojacarita.com.br\/loja\/wp-json\/wp\/v2\/product_brand?post=1353"},{"taxonomy":"product_cat","embeddable":true,"href":"https:\/\/www.lojacarita.com.br\/loja\/wp-json\/wp\/v2\/product_cat?post=1353"},{"taxonomy":"product_tag","embeddable":true,"href":"https:\/\/www.lojacarita.com.br\/loja\/wp-json\/wp\/v2\/product_tag?post=1353"}],"curies":[{"name":"wp","href":"https:\/\/api.w.org\/{rel}","templated":true}]}}