{"id":1349,"date":"2023-11-03T14:28:10","date_gmt":"2023-11-03T17:28:10","guid":{"rendered":"https:\/\/www.lojacarita.com.br\/loja\/product\/boa-nova-1084\/"},"modified":"2023-12-05T08:05:48","modified_gmt":"2023-12-05T11:05:48","slug":"boa-nova-1084","status":"publish","type":"product","link":"https:\/\/www.lojacarita.com.br\/loja\/product\/boa-nova-1084\/","title":{"rendered":"Boa Nova 1084"},"content":{"rendered":"<p class=\"MsoNormal\" style=\"line-height: 150%;\"><span lang=\"PT-BR\" style=\"line-height: 200%;\">A cada dia um crescimento,<br \/>\num pequeno degrau, progredir sempre<\/span><\/p>\n<p class=\"MsoNormal\" style=\"line-height: 150%;\">17 de agosto de 2018<\/p>\n<p><\/p>\n<p>Mensagem espiritual pelo esp\u00edrito Catarina de Senna<\/p>\n<p>Psicofon\u00eda da m\u00e9dium Eliana dos Santos<\/p>\n<p>Dura\u00e7\u00e3o: 37min<\/p>\n<p><\/p>\n<p class=\"MsoNormal\" style=\"line-height: 16.5pt;\"><span lang=\"PT-BR\" style=\"\">Rede de Audi\u00e7\u00e3o amada, encontro de luz&#8230;<br \/>\nTema primordial para o crescimento de nossa face espiritual nessa Boa Nova de<br \/>\nn\u00famero hum mil e oitenta quatro de 17 de agosto de 2018. A cada dia um crescimento,<br \/>\num pequeno degrau, progredir sempre \u2013 nos ensina a Codifica\u00e7\u00e3o, e prosseguimos,<br \/>\npasso a passo!<o:p><\/o:p><\/span><\/p>\n<p class=\"MsoNormal\" style=\"line-height: 16.5pt;\"><span lang=\"PT-BR\" style=\"\">Nosso abra\u00e7o \u00e9 enviado com gratid\u00e3o! A<br \/>\nJornada segue, e hoje vamos ouvir a voz espiritual que celebra o campo das<br \/>\nmem\u00f3rias e nos faz compreender a import\u00e2ncia de cultiva-lo com consci\u00eancia e<br \/>\npaci\u00eancia tamb\u00e9m, pois nesse campo encontramos o ant\u00eddoto \u00e0 praga da sonol\u00eancia<br \/>\nque destr\u00f3i o plantio sonhado no projeto reencarnat\u00f3rio que celebramos junto \u00e0s<br \/>\nesferas que nos auxiliam o retorno!&#8230; Diz a espiritualidade: \u201c<\/span><span lang=\"PT-BR\" style=\"\">E Deus ordena aos<br \/>\nanjos que conosco estejam em nossas lutas, agruras, dificuldades, e para eles<br \/>\nisto chama-se\u00ad felicidade: t<\/span><span lang=\"PT-BR\" style=\"\">ornar-se companheiro<br \/>\nde jornada por uma vida inteira, desde o nascimento at\u00e9 a despedida\u201d!<\/span><span lang=\"PT-BR\" style=\"\"><o:p><\/o:p><\/span><\/p>\n<p class=\"MsoNormal\" style=\"line-height: 16.5pt;\"><span lang=\"PT-BR\" style=\"\">C\u00e1rita entrega esse \u2018\u00e1udio-texto vivo\u2019 a<br \/>\nnos acompanhar os passos e a estimular a arte de cultivar o guerreiro interior<br \/>\nque evita duelos e guerras, mas permanece ativo na arte de combater em si mesmo<br \/>\no que \u2018o\u2019 pode tornar enfraquecido e vencido nas batalhas espirituais para as<br \/>\nquais reencarnou.<o:p><\/o:p><\/span><\/p>\n<p class=\"MsoNormal\" style=\"line-height: 16.5pt;\"><span lang=\"PT-BR\" style=\"\">Ou\u00e7amos! Com a aten\u00e7\u00e3o de um cuidadoso<br \/>\ncamp\u00f4nio que escuta ao longe o clarim que lhe anuncia a manh\u00e3, e lhe alegra os<br \/>\npassos para a colheita, que lhe espera ap\u00f3s o longo tempo de semeadura e zelo<br \/>\nnas flora\u00e7\u00f5es do eterno bem.<o:p><\/o:p><\/span><\/p>\n<p class=\"MsoNormal\" style=\"line-height: 16.5pt;\"><span lang=\"PT-BR\" style=\"\">\u00cdamos nos esquecendo: nessa data tamb\u00e9m<br \/>\ntivemos a palestra do atual vice-presidente da AMIC, irm\u00e3o de caminho desde sua<br \/>\njuventude, o advogado Adilsom Santana, sobre a S\u00e9rie Andr\u00e9 Luiz, com a sexta<br \/>\nobra Agenda Crist\u00e3 \u2013 a<br \/>\nespiritualidade nos pede que agendemos a<br \/>\nagenda crist\u00e3 em nossa cora\u00e7\u00e3o&#8230; Essa obra orie<\/span><span lang=\"PT-BR\" style=\"background-image: initial; background-position: initial; background-size: initial; background-repeat: initial; background-attachment: initial; background-origin: initial; background-clip: initial;\">nta a conduta do homem com base nos<br \/>\nensinos evang\u00e9licos, traz a palavra amiga concitando \u00e0 pr\u00e1tica verdadeira da<br \/>\nmoral crist\u00e3 e&nbsp;<\/span><span lang=\"PT-BR\" style=\"\"><span style=\"background-image: initial; background-position: initial; background-size: initial; background-repeat: initial; background-attachment: initial; background-origin: initial; background-clip: initial;\">sub temas como: amor ao pr\u00f3ximo;<br \/>\naproveitamento do tempo; esfor\u00e7o pr\u00f3prio; ociosidade; pr\u00e1tica do bem e<br \/>\nvigil\u00e2ncia.&nbsp;<\/span><\/span><span lang=\"PT-BR\" style=\"\">O<br \/>\ncd desse momento acompanhar\u00e1 a edi\u00e7\u00e3o dessa semana. Adilsom Santana teceu uma<br \/>\nfeliz rela\u00e7\u00e3o entre AGENDA CRIST\u00c3 e o tema \u201cO homem de bem\u201d do Evangelho<br \/>\nSegundo o Espiritismo. Ou\u00e7amos&#8230; Vozes do c\u00e9u e da terra que nos auxiliam<br \/>\nacrescer um pouco mais&#8230; Deixa-te<br \/>\ncrescer, \u00f3 alma querida! <o:p><\/o:p><\/span><\/p>\n<\/p>\n<p class=\"MsoNormal\" style=\"line-height: 16.5pt;\"><span lang=\"PT-BR\" style=\"\">Abra\u00e7os! C\u00e1rita!<font face=\"FrysBaskerville BT, serif\"><span style=\"font-size: 12pt;\"><o:p><\/o:p><\/span><\/font><\/span><\/p>\n<p><\/p>\n<\/p>\n<hr width=\"75%\">\n<h5>Ouve a apresenta\u00e7\u00e3o da mensagem espiritual:<\/h5>\n<p><audio style=\"width:350px;background:#ffffff;width: 370px;\" preload=\"none\" ontimeupdate=\"updateTime()\" controls=\"\" metadata=\"\"><source src=\"https:\/\/www.lojacarita.com.br\/loja\/wp-content\/uploads\/2023\/11\/samples\/bn-1084-abertura.mp3\" type=\"audio\/mpeg\"><a href=\"https:\/\/www.lojacarita.com.br\/loja\/wp-content\/uploads\/2023\/11\/samples\/bn-1084-abertura.mp3\"><font size=\"2\">Play<\/font><\/a><\/audio><\/p>\n<hr width=\"75%\">\n<h5>Ouve os primeiros 5 minutos da mensagem espiritual:<\/h5>\n<p><audio style=\"width:350px;background:#ffffff;width: 370px;\" preload=\"none\" ontimeupdate=\"updateTime()\" controls=\"\" metadata=\"\"><source src=\"https:\/\/www.lojacarita.com.br\/loja\/wp-content\/uploads\/2023\/11\/samples\/bn-1084-sample.mp3\" type=\"audio\/mpeg\"><a href=\"https:\/\/www.lojacarita.com.br\/loja\/wp-content\/uploads\/2023\/11\/samples\/bn-1084-sample.mp3\"><font size=\"2\">Play<\/font><\/a><\/audio><\/p>\n","protected":false},"excerpt":{"rendered":"<p>A cada dia um crescimento, um pequeno degrau, progredir sempre 17 de agosto de 2018 Mensagem espiritual pelo esp\u00edrito Catarina de Senna Psicofon\u00eda da m\u00e9dium Eliana dos Santos Dura\u00e7\u00e3o: 37min Rede de Audi\u00e7\u00e3o amada, encontro de luz&#8230; Tema primordial para o crescimento de nossa face espiritual nessa Boa Nova de n\u00famero hum mil e oitenta &hellip; <a href=\"https:\/\/www.lojacarita.com.br\/loja\/product\/boa-nova-1084\/\">Continua<\/a><\/p>\n","protected":false},"featured_media":1350,"template":"","meta":[],"product_brand":[],"product_cat":[81],"product_tag":[],"class_list":{"0":"post-1349","1":"product","2":"type-product","3":"status-publish","4":"has-post-thumbnail","6":"product_cat-boas_novas","8":"first","9":"instock","10":"downloadable","11":"virtual","12":"purchasable","13":"product-type-simple"},"acf":[],"yoast_head":"<!-- This site is optimized with the Yoast SEO plugin v27.4 - https:\/\/yoast.com\/product\/yoast-seo-wordpress\/ -->\n<title>Boa Nova 1084 - Loja C\u00e1rita<\/title>\n<meta name=\"robots\" content=\"index, follow, max-snippet:-1, max-image-preview:large, max-video-preview:-1\" \/>\n<link rel=\"canonical\" href=\"https:\/\/www.lojacarita.com.br\/loja\/product\/boa-nova-1084\/\" \/>\n<meta property=\"og:locale\" content=\"pt_BR\" \/>\n<meta property=\"og:type\" content=\"article\" \/>\n<meta property=\"og:title\" content=\"Boa Nova 1084 - Loja C\u00e1rita\" \/>\n<meta property=\"og:description\" content=\"A cada dia um crescimento, um pequeno degrau, progredir sempre 17 de agosto de 2018 Mensagem espiritual pelo esp\u00edrito Catarina de Senna Psicofon\u00eda da m\u00e9dium Eliana dos Santos Dura\u00e7\u00e3o: 37min Rede de Audi\u00e7\u00e3o amada, encontro de luz&#8230; Tema primordial para o crescimento de nossa face espiritual nessa Boa Nova de n\u00famero hum mil e oitenta &hellip; Continua\" \/>\n<meta property=\"og:url\" content=\"https:\/\/www.lojacarita.com.br\/loja\/product\/boa-nova-1084\/\" \/>\n<meta property=\"og:site_name\" content=\"Loja C\u00e1rita\" \/>\n<meta property=\"article:modified_time\" content=\"2023-12-05T11:05:48+00:00\" \/>\n<meta property=\"og:image\" content=\"https:\/\/www.lojacarita.com.br\/loja\/wp-content\/uploads\/2023\/11\/boa-nova-digital-36.jpg\" \/>\n\t<meta property=\"og:image:width\" content=\"681\" \/>\n\t<meta property=\"og:image:height\" content=\"681\" \/>\n\t<meta property=\"og:image:type\" content=\"image\/jpeg\" \/>\n<meta name=\"twitter:card\" content=\"summary_large_image\" \/>\n<meta name=\"twitter:label1\" content=\"Est. tempo de leitura\" \/>\n\t<meta name=\"twitter:data1\" content=\"2 minutos\" \/>\n<script type=\"application\/ld+json\" class=\"yoast-schema-graph\">{\"@context\":\"https:\\\/\\\/schema.org\",\"@graph\":[{\"@type\":\"WebPage\",\"@id\":\"https:\\\/\\\/www.lojacarita.com.br\\\/loja\\\/product\\\/boa-nova-1084\\\/\",\"url\":\"https:\\\/\\\/www.lojacarita.com.br\\\/loja\\\/product\\\/boa-nova-1084\\\/\",\"name\":\"Boa Nova 1084 - Loja C\u00e1rita\",\"isPartOf\":{\"@id\":\"https:\\\/\\\/www.lojacarita.com.br\\\/loja\\\/#website\"},\"primaryImageOfPage\":{\"@id\":\"https:\\\/\\\/www.lojacarita.com.br\\\/loja\\\/product\\\/boa-nova-1084\\\/#primaryimage\"},\"image\":{\"@id\":\"https:\\\/\\\/www.lojacarita.com.br\\\/loja\\\/product\\\/boa-nova-1084\\\/#primaryimage\"},\"thumbnailUrl\":\"https:\\\/\\\/www.lojacarita.com.br\\\/loja\\\/wp-content\\\/uploads\\\/2023\\\/11\\\/boa-nova-digital-36.jpg\",\"datePublished\":\"2023-11-03T17:28:10+00:00\",\"dateModified\":\"2023-12-05T11:05:48+00:00\",\"breadcrumb\":{\"@id\":\"https:\\\/\\\/www.lojacarita.com.br\\\/loja\\\/product\\\/boa-nova-1084\\\/#breadcrumb\"},\"inLanguage\":\"pt-BR\",\"potentialAction\":[{\"@type\":\"ReadAction\",\"target\":[\"https:\\\/\\\/www.lojacarita.com.br\\\/loja\\\/product\\\/boa-nova-1084\\\/\"]}]},{\"@type\":\"ImageObject\",\"inLanguage\":\"pt-BR\",\"@id\":\"https:\\\/\\\/www.lojacarita.com.br\\\/loja\\\/product\\\/boa-nova-1084\\\/#primaryimage\",\"url\":\"https:\\\/\\\/www.lojacarita.com.br\\\/loja\\\/wp-content\\\/uploads\\\/2023\\\/11\\\/boa-nova-digital-36.jpg\",\"contentUrl\":\"https:\\\/\\\/www.lojacarita.com.br\\\/loja\\\/wp-content\\\/uploads\\\/2023\\\/11\\\/boa-nova-digital-36.jpg\",\"width\":681,\"height\":681},{\"@type\":\"BreadcrumbList\",\"@id\":\"https:\\\/\\\/www.lojacarita.com.br\\\/loja\\\/product\\\/boa-nova-1084\\\/#breadcrumb\",\"itemListElement\":[{\"@type\":\"ListItem\",\"position\":1,\"name\":\"In\u00edcio\",\"item\":\"https:\\\/\\\/www.lojacarita.com.br\\\/loja\\\/\"},{\"@type\":\"ListItem\",\"position\":2,\"name\":\"Produtos\",\"item\":\"https:\\\/\\\/www.lojacarita.com.br\\\/loja\\\/nossos-produtos\\\/\"},{\"@type\":\"ListItem\",\"position\":3,\"name\":\"Boa Nova 1084\"}]},{\"@type\":\"WebSite\",\"@id\":\"https:\\\/\\\/www.lojacarita.com.br\\\/loja\\\/#website\",\"url\":\"https:\\\/\\\/www.lojacarita.com.br\\\/loja\\\/\",\"name\":\"Loja C\u00e1rita\",\"description\":\"Amai-vos e instrui-vos! Esp\u00edrito de Verdade\",\"publisher\":{\"@id\":\"https:\\\/\\\/www.lojacarita.com.br\\\/loja\\\/#organization\"},\"potentialAction\":[{\"@type\":\"SearchAction\",\"target\":{\"@type\":\"EntryPoint\",\"urlTemplate\":\"https:\\\/\\\/www.lojacarita.com.br\\\/loja\\\/?s={search_term_string}\"},\"query-input\":{\"@type\":\"PropertyValueSpecification\",\"valueRequired\":true,\"valueName\":\"search_term_string\"}}],\"inLanguage\":\"pt-BR\"},{\"@type\":\"Organization\",\"@id\":\"https:\\\/\\\/www.lojacarita.com.br\\\/loja\\\/#organization\",\"name\":\"Loja C\u00e1rita\",\"url\":\"https:\\\/\\\/www.lojacarita.com.br\\\/loja\\\/\",\"logo\":{\"@type\":\"ImageObject\",\"inLanguage\":\"pt-BR\",\"@id\":\"https:\\\/\\\/www.lojacarita.com.br\\\/loja\\\/#\\\/schema\\\/logo\\\/image\\\/\",\"url\":\"http:\\\/\\\/www.lojacarita.com.br\\\/loja2021\\\/wp-content\\\/uploads\\\/2021\\\/05\\\/favicon.png\",\"contentUrl\":\"http:\\\/\\\/www.lojacarita.com.br\\\/loja2021\\\/wp-content\\\/uploads\\\/2021\\\/05\\\/favicon.png\",\"width\":512,\"height\":512,\"caption\":\"Loja C\u00e1rita\"},\"image\":{\"@id\":\"https:\\\/\\\/www.lojacarita.com.br\\\/loja\\\/#\\\/schema\\\/logo\\\/image\\\/\"}}]}<\/script>\n<!-- \/ Yoast SEO plugin. -->","yoast_head_json":{"title":"Boa Nova 1084 - Loja C\u00e1rita","robots":{"index":"index","follow":"follow","max-snippet":"max-snippet:-1","max-image-preview":"max-image-preview:large","max-video-preview":"max-video-preview:-1"},"canonical":"https:\/\/www.lojacarita.com.br\/loja\/product\/boa-nova-1084\/","og_locale":"pt_BR","og_type":"article","og_title":"Boa Nova 1084 - Loja C\u00e1rita","og_description":"A cada dia um crescimento, um pequeno degrau, progredir sempre 17 de agosto de 2018 Mensagem espiritual pelo esp\u00edrito Catarina de Senna Psicofon\u00eda da m\u00e9dium Eliana dos Santos Dura\u00e7\u00e3o: 37min Rede de Audi\u00e7\u00e3o amada, encontro de luz&#8230; Tema primordial para o crescimento de nossa face espiritual nessa Boa Nova de n\u00famero hum mil e oitenta &hellip; Continua","og_url":"https:\/\/www.lojacarita.com.br\/loja\/product\/boa-nova-1084\/","og_site_name":"Loja C\u00e1rita","article_modified_time":"2023-12-05T11:05:48+00:00","og_image":[{"width":681,"height":681,"url":"https:\/\/www.lojacarita.com.br\/loja\/wp-content\/uploads\/2023\/11\/boa-nova-digital-36.jpg","type":"image\/jpeg"}],"twitter_card":"summary_large_image","twitter_misc":{"Est. tempo de leitura":"2 minutos"},"schema":{"@context":"https:\/\/schema.org","@graph":[{"@type":"WebPage","@id":"https:\/\/www.lojacarita.com.br\/loja\/product\/boa-nova-1084\/","url":"https:\/\/www.lojacarita.com.br\/loja\/product\/boa-nova-1084\/","name":"Boa Nova 1084 - Loja C\u00e1rita","isPartOf":{"@id":"https:\/\/www.lojacarita.com.br\/loja\/#website"},"primaryImageOfPage":{"@id":"https:\/\/www.lojacarita.com.br\/loja\/product\/boa-nova-1084\/#primaryimage"},"image":{"@id":"https:\/\/www.lojacarita.com.br\/loja\/product\/boa-nova-1084\/#primaryimage"},"thumbnailUrl":"https:\/\/www.lojacarita.com.br\/loja\/wp-content\/uploads\/2023\/11\/boa-nova-digital-36.jpg","datePublished":"2023-11-03T17:28:10+00:00","dateModified":"2023-12-05T11:05:48+00:00","breadcrumb":{"@id":"https:\/\/www.lojacarita.com.br\/loja\/product\/boa-nova-1084\/#breadcrumb"},"inLanguage":"pt-BR","potentialAction":[{"@type":"ReadAction","target":["https:\/\/www.lojacarita.com.br\/loja\/product\/boa-nova-1084\/"]}]},{"@type":"ImageObject","inLanguage":"pt-BR","@id":"https:\/\/www.lojacarita.com.br\/loja\/product\/boa-nova-1084\/#primaryimage","url":"https:\/\/www.lojacarita.com.br\/loja\/wp-content\/uploads\/2023\/11\/boa-nova-digital-36.jpg","contentUrl":"https:\/\/www.lojacarita.com.br\/loja\/wp-content\/uploads\/2023\/11\/boa-nova-digital-36.jpg","width":681,"height":681},{"@type":"BreadcrumbList","@id":"https:\/\/www.lojacarita.com.br\/loja\/product\/boa-nova-1084\/#breadcrumb","itemListElement":[{"@type":"ListItem","position":1,"name":"In\u00edcio","item":"https:\/\/www.lojacarita.com.br\/loja\/"},{"@type":"ListItem","position":2,"name":"Produtos","item":"https:\/\/www.lojacarita.com.br\/loja\/nossos-produtos\/"},{"@type":"ListItem","position":3,"name":"Boa Nova 1084"}]},{"@type":"WebSite","@id":"https:\/\/www.lojacarita.com.br\/loja\/#website","url":"https:\/\/www.lojacarita.com.br\/loja\/","name":"Loja C\u00e1rita","description":"Amai-vos e instrui-vos! Esp\u00edrito de Verdade","publisher":{"@id":"https:\/\/www.lojacarita.com.br\/loja\/#organization"},"potentialAction":[{"@type":"SearchAction","target":{"@type":"EntryPoint","urlTemplate":"https:\/\/www.lojacarita.com.br\/loja\/?s={search_term_string}"},"query-input":{"@type":"PropertyValueSpecification","valueRequired":true,"valueName":"search_term_string"}}],"inLanguage":"pt-BR"},{"@type":"Organization","@id":"https:\/\/www.lojacarita.com.br\/loja\/#organization","name":"Loja C\u00e1rita","url":"https:\/\/www.lojacarita.com.br\/loja\/","logo":{"@type":"ImageObject","inLanguage":"pt-BR","@id":"https:\/\/www.lojacarita.com.br\/loja\/#\/schema\/logo\/image\/","url":"http:\/\/www.lojacarita.com.br\/loja2021\/wp-content\/uploads\/2021\/05\/favicon.png","contentUrl":"http:\/\/www.lojacarita.com.br\/loja2021\/wp-content\/uploads\/2021\/05\/favicon.png","width":512,"height":512,"caption":"Loja C\u00e1rita"},"image":{"@id":"https:\/\/www.lojacarita.com.br\/loja\/#\/schema\/logo\/image\/"}}]}},"_links":{"self":[{"href":"https:\/\/www.lojacarita.com.br\/loja\/wp-json\/wp\/v2\/product\/1349","targetHints":{"allow":["GET"]}}],"collection":[{"href":"https:\/\/www.lojacarita.com.br\/loja\/wp-json\/wp\/v2\/product"}],"about":[{"href":"https:\/\/www.lojacarita.com.br\/loja\/wp-json\/wp\/v2\/types\/product"}],"wp:featuredmedia":[{"embeddable":true,"href":"https:\/\/www.lojacarita.com.br\/loja\/wp-json\/wp\/v2\/media\/1350"}],"wp:attachment":[{"href":"https:\/\/www.lojacarita.com.br\/loja\/wp-json\/wp\/v2\/media?parent=1349"}],"wp:term":[{"taxonomy":"product_brand","embeddable":true,"href":"https:\/\/www.lojacarita.com.br\/loja\/wp-json\/wp\/v2\/product_brand?post=1349"},{"taxonomy":"product_cat","embeddable":true,"href":"https:\/\/www.lojacarita.com.br\/loja\/wp-json\/wp\/v2\/product_cat?post=1349"},{"taxonomy":"product_tag","embeddable":true,"href":"https:\/\/www.lojacarita.com.br\/loja\/wp-json\/wp\/v2\/product_tag?post=1349"}],"curies":[{"name":"wp","href":"https:\/\/api.w.org\/{rel}","templated":true}]}}