{"id":1332,"date":"2023-11-03T14:27:45","date_gmt":"2023-11-03T17:27:45","guid":{"rendered":"https:\/\/www.lojacarita.com.br\/loja\/product\/presente-assinatura-boa-nova-digital-2\/"},"modified":"2023-11-03T14:27:45","modified_gmt":"2023-11-03T17:27:45","slug":"presente-assinatura-boa-nova-digital-2","status":"publish","type":"product","link":"https:\/\/www.lojacarita.com.br\/loja\/product\/presente-assinatura-boa-nova-digital-2\/","title":{"rendered":"Presente: Assinatura Boa Nova Digital"},"content":{"rendered":"<p style=\"line-height: 17.1428px;\">Presentea com uma Boa Noticia, as Boas Novas, tamb\u00e9m podem ser chamadas de Boas Not\u00edcias.<\/p>\n<p style=\"line-height: 17.1428px;\">Um maravilhoso presente para um ser querido, um amigo, um companheiro de trabajo o da seara esp\u00edrita.<\/p>\n<p style=\"line-height: 17.1428px;\">Escolha os meses de assinatura para as Boas Novas e n\u00f3s ativamos a assinatura para essa pessoa.<\/p>\n<p style=\"line-height: 17.1428px;\"><\/p>\n<h4 style=\"font-family: &quot;Open Sans&quot;, sans-serif; color: rgb(0, 0, 0);\">Uma palavra de luz, num momento de dificuldade faz toda a diferen\u00e7a.&nbsp;<span style=\"line-height: 1.42857;\">Partilhe a luz que j\u00e1 chegou at\u00e9 voc\u00ea. Seja um semeador!<\/span><\/h4>\n<p style=\"line-height: 17.1428px;\"><\/p>\n<h3 style=\"font-family: &quot;Open Sans&quot;, sans-serif; color: rgb(0, 0, 0);\">Como fazer<\/h3>\n<p style=\"line-height: 17.1428px;\">\u00c9 muito f\u00e1cil, voc\u00ea s\u00f3 tem que prencher os dados da pessoa:&nbsp;<span style=\"line-height: 1.42857;\">Nome e correio electr\u00f4nico<\/span><\/p>\n<p style=\"line-height: 17.1428px;\"><span style=\"line-height: 1.42857;\">Depois escreve uma mensagem para que el destinat\u00e1rio (opcional).<\/span><\/p>\n<p style=\"line-height: 17.1428px;\"><span style=\"line-height: 1.42857;\">Finalmente indica os meses de assinatura que voc\u00ea deseja mandar de presente.<\/span><\/p>\n","protected":false},"excerpt":{"rendered":"<p>Presentea com uma Boa Noticia, as Boas Novas, tamb\u00e9m podem ser chamadas de Boas Not\u00edcias. Um maravilhoso presente para um ser querido, um amigo, um companheiro de trabajo o da seara esp\u00edrita. Escolha os meses de assinatura para as Boas Novas e n\u00f3s ativamos a assinatura para essa pessoa. Uma palavra de luz, num momento &hellip; <a href=\"https:\/\/www.lojacarita.com.br\/loja\/product\/presente-assinatura-boa-nova-digital-2\/\">Continua<\/a><\/p>\n","protected":false},"featured_media":0,"template":"","meta":[],"product_brand":[],"product_cat":[19],"product_tag":[],"class_list":{"0":"post-1332","1":"product","2":"type-product","3":"status-publish","5":"product_cat-sem-categoria","7":"first","8":"instock","9":"shipping-taxable","10":"product-type-simple"},"acf":[],"yoast_head":"<!-- This site is optimized with the Yoast SEO plugin v27.4 - https:\/\/yoast.com\/product\/yoast-seo-wordpress\/ -->\n<title>Presente: Assinatura Boa Nova Digital - Loja C\u00e1rita<\/title>\n<meta name=\"robots\" content=\"index, follow, max-snippet:-1, max-image-preview:large, max-video-preview:-1\" \/>\n<link rel=\"canonical\" href=\"https:\/\/www.lojacarita.com.br\/loja\/product\/presente-assinatura-boa-nova-digital-2\/\" \/>\n<meta property=\"og:locale\" content=\"pt_BR\" \/>\n<meta property=\"og:type\" content=\"article\" \/>\n<meta property=\"og:title\" content=\"Presente: Assinatura Boa Nova Digital - Loja C\u00e1rita\" \/>\n<meta property=\"og:description\" content=\"Presentea com uma Boa Noticia, as Boas Novas, tamb\u00e9m podem ser chamadas de Boas Not\u00edcias. Um maravilhoso presente para um ser querido, um amigo, um companheiro de trabajo o da seara esp\u00edrita. Escolha os meses de assinatura para as Boas Novas e n\u00f3s ativamos a assinatura para essa pessoa. Uma palavra de luz, num momento &hellip; Continua\" \/>\n<meta property=\"og:url\" content=\"https:\/\/www.lojacarita.com.br\/loja\/product\/presente-assinatura-boa-nova-digital-2\/\" \/>\n<meta property=\"og:site_name\" content=\"Loja C\u00e1rita\" \/>\n<meta name=\"twitter:card\" content=\"summary_large_image\" \/>\n<meta name=\"twitter:label1\" content=\"Est. tempo de leitura\" \/>\n\t<meta name=\"twitter:data1\" content=\"1 minuto\" \/>\n<script type=\"application\/ld+json\" class=\"yoast-schema-graph\">{\"@context\":\"https:\\\/\\\/schema.org\",\"@graph\":[{\"@type\":\"WebPage\",\"@id\":\"https:\\\/\\\/www.lojacarita.com.br\\\/loja\\\/product\\\/presente-assinatura-boa-nova-digital-2\\\/\",\"url\":\"https:\\\/\\\/www.lojacarita.com.br\\\/loja\\\/product\\\/presente-assinatura-boa-nova-digital-2\\\/\",\"name\":\"Presente: Assinatura Boa Nova Digital - Loja C\u00e1rita\",\"isPartOf\":{\"@id\":\"https:\\\/\\\/www.lojacarita.com.br\\\/loja\\\/#website\"},\"datePublished\":\"2023-11-03T17:27:45+00:00\",\"breadcrumb\":{\"@id\":\"https:\\\/\\\/www.lojacarita.com.br\\\/loja\\\/product\\\/presente-assinatura-boa-nova-digital-2\\\/#breadcrumb\"},\"inLanguage\":\"pt-BR\",\"potentialAction\":[{\"@type\":\"ReadAction\",\"target\":[\"https:\\\/\\\/www.lojacarita.com.br\\\/loja\\\/product\\\/presente-assinatura-boa-nova-digital-2\\\/\"]}]},{\"@type\":\"BreadcrumbList\",\"@id\":\"https:\\\/\\\/www.lojacarita.com.br\\\/loja\\\/product\\\/presente-assinatura-boa-nova-digital-2\\\/#breadcrumb\",\"itemListElement\":[{\"@type\":\"ListItem\",\"position\":1,\"name\":\"In\u00edcio\",\"item\":\"https:\\\/\\\/www.lojacarita.com.br\\\/loja\\\/\"},{\"@type\":\"ListItem\",\"position\":2,\"name\":\"Produtos\",\"item\":\"https:\\\/\\\/www.lojacarita.com.br\\\/loja\\\/nossos-produtos\\\/\"},{\"@type\":\"ListItem\",\"position\":3,\"name\":\"Presente: Assinatura Boa Nova Digital\"}]},{\"@type\":\"WebSite\",\"@id\":\"https:\\\/\\\/www.lojacarita.com.br\\\/loja\\\/#website\",\"url\":\"https:\\\/\\\/www.lojacarita.com.br\\\/loja\\\/\",\"name\":\"Loja C\u00e1rita\",\"description\":\"Amai-vos e instrui-vos! Esp\u00edrito de Verdade\",\"publisher\":{\"@id\":\"https:\\\/\\\/www.lojacarita.com.br\\\/loja\\\/#organization\"},\"potentialAction\":[{\"@type\":\"SearchAction\",\"target\":{\"@type\":\"EntryPoint\",\"urlTemplate\":\"https:\\\/\\\/www.lojacarita.com.br\\\/loja\\\/?s={search_term_string}\"},\"query-input\":{\"@type\":\"PropertyValueSpecification\",\"valueRequired\":true,\"valueName\":\"search_term_string\"}}],\"inLanguage\":\"pt-BR\"},{\"@type\":\"Organization\",\"@id\":\"https:\\\/\\\/www.lojacarita.com.br\\\/loja\\\/#organization\",\"name\":\"Loja C\u00e1rita\",\"url\":\"https:\\\/\\\/www.lojacarita.com.br\\\/loja\\\/\",\"logo\":{\"@type\":\"ImageObject\",\"inLanguage\":\"pt-BR\",\"@id\":\"https:\\\/\\\/www.lojacarita.com.br\\\/loja\\\/#\\\/schema\\\/logo\\\/image\\\/\",\"url\":\"http:\\\/\\\/www.lojacarita.com.br\\\/loja2021\\\/wp-content\\\/uploads\\\/2021\\\/05\\\/favicon.png\",\"contentUrl\":\"http:\\\/\\\/www.lojacarita.com.br\\\/loja2021\\\/wp-content\\\/uploads\\\/2021\\\/05\\\/favicon.png\",\"width\":512,\"height\":512,\"caption\":\"Loja C\u00e1rita\"},\"image\":{\"@id\":\"https:\\\/\\\/www.lojacarita.com.br\\\/loja\\\/#\\\/schema\\\/logo\\\/image\\\/\"}}]}<\/script>\n<!-- \/ Yoast SEO plugin. -->","yoast_head_json":{"title":"Presente: Assinatura Boa Nova Digital - Loja C\u00e1rita","robots":{"index":"index","follow":"follow","max-snippet":"max-snippet:-1","max-image-preview":"max-image-preview:large","max-video-preview":"max-video-preview:-1"},"canonical":"https:\/\/www.lojacarita.com.br\/loja\/product\/presente-assinatura-boa-nova-digital-2\/","og_locale":"pt_BR","og_type":"article","og_title":"Presente: Assinatura Boa Nova Digital - Loja C\u00e1rita","og_description":"Presentea com uma Boa Noticia, as Boas Novas, tamb\u00e9m podem ser chamadas de Boas Not\u00edcias. Um maravilhoso presente para um ser querido, um amigo, um companheiro de trabajo o da seara esp\u00edrita. Escolha os meses de assinatura para as Boas Novas e n\u00f3s ativamos a assinatura para essa pessoa. Uma palavra de luz, num momento &hellip; Continua","og_url":"https:\/\/www.lojacarita.com.br\/loja\/product\/presente-assinatura-boa-nova-digital-2\/","og_site_name":"Loja C\u00e1rita","twitter_card":"summary_large_image","twitter_misc":{"Est. tempo de leitura":"1 minuto"},"schema":{"@context":"https:\/\/schema.org","@graph":[{"@type":"WebPage","@id":"https:\/\/www.lojacarita.com.br\/loja\/product\/presente-assinatura-boa-nova-digital-2\/","url":"https:\/\/www.lojacarita.com.br\/loja\/product\/presente-assinatura-boa-nova-digital-2\/","name":"Presente: Assinatura Boa Nova Digital - Loja C\u00e1rita","isPartOf":{"@id":"https:\/\/www.lojacarita.com.br\/loja\/#website"},"datePublished":"2023-11-03T17:27:45+00:00","breadcrumb":{"@id":"https:\/\/www.lojacarita.com.br\/loja\/product\/presente-assinatura-boa-nova-digital-2\/#breadcrumb"},"inLanguage":"pt-BR","potentialAction":[{"@type":"ReadAction","target":["https:\/\/www.lojacarita.com.br\/loja\/product\/presente-assinatura-boa-nova-digital-2\/"]}]},{"@type":"BreadcrumbList","@id":"https:\/\/www.lojacarita.com.br\/loja\/product\/presente-assinatura-boa-nova-digital-2\/#breadcrumb","itemListElement":[{"@type":"ListItem","position":1,"name":"In\u00edcio","item":"https:\/\/www.lojacarita.com.br\/loja\/"},{"@type":"ListItem","position":2,"name":"Produtos","item":"https:\/\/www.lojacarita.com.br\/loja\/nossos-produtos\/"},{"@type":"ListItem","position":3,"name":"Presente: Assinatura Boa Nova Digital"}]},{"@type":"WebSite","@id":"https:\/\/www.lojacarita.com.br\/loja\/#website","url":"https:\/\/www.lojacarita.com.br\/loja\/","name":"Loja C\u00e1rita","description":"Amai-vos e instrui-vos! Esp\u00edrito de Verdade","publisher":{"@id":"https:\/\/www.lojacarita.com.br\/loja\/#organization"},"potentialAction":[{"@type":"SearchAction","target":{"@type":"EntryPoint","urlTemplate":"https:\/\/www.lojacarita.com.br\/loja\/?s={search_term_string}"},"query-input":{"@type":"PropertyValueSpecification","valueRequired":true,"valueName":"search_term_string"}}],"inLanguage":"pt-BR"},{"@type":"Organization","@id":"https:\/\/www.lojacarita.com.br\/loja\/#organization","name":"Loja C\u00e1rita","url":"https:\/\/www.lojacarita.com.br\/loja\/","logo":{"@type":"ImageObject","inLanguage":"pt-BR","@id":"https:\/\/www.lojacarita.com.br\/loja\/#\/schema\/logo\/image\/","url":"http:\/\/www.lojacarita.com.br\/loja2021\/wp-content\/uploads\/2021\/05\/favicon.png","contentUrl":"http:\/\/www.lojacarita.com.br\/loja2021\/wp-content\/uploads\/2021\/05\/favicon.png","width":512,"height":512,"caption":"Loja C\u00e1rita"},"image":{"@id":"https:\/\/www.lojacarita.com.br\/loja\/#\/schema\/logo\/image\/"}}]}},"_links":{"self":[{"href":"https:\/\/www.lojacarita.com.br\/loja\/wp-json\/wp\/v2\/product\/1332","targetHints":{"allow":["GET"]}}],"collection":[{"href":"https:\/\/www.lojacarita.com.br\/loja\/wp-json\/wp\/v2\/product"}],"about":[{"href":"https:\/\/www.lojacarita.com.br\/loja\/wp-json\/wp\/v2\/types\/product"}],"wp:attachment":[{"href":"https:\/\/www.lojacarita.com.br\/loja\/wp-json\/wp\/v2\/media?parent=1332"}],"wp:term":[{"taxonomy":"product_brand","embeddable":true,"href":"https:\/\/www.lojacarita.com.br\/loja\/wp-json\/wp\/v2\/product_brand?post=1332"},{"taxonomy":"product_cat","embeddable":true,"href":"https:\/\/www.lojacarita.com.br\/loja\/wp-json\/wp\/v2\/product_cat?post=1332"},{"taxonomy":"product_tag","embeddable":true,"href":"https:\/\/www.lojacarita.com.br\/loja\/wp-json\/wp\/v2\/product_tag?post=1332"}],"curies":[{"name":"wp","href":"https:\/\/api.w.org\/{rel}","templated":true}]}}