{"id":1274,"date":"2023-11-03T14:26:16","date_gmt":"2023-11-03T17:26:16","guid":{"rendered":"https:\/\/www.lojacarita.com.br\/loja\/product\/boa-nova-1049\/"},"modified":"2023-12-05T08:05:45","modified_gmt":"2023-12-05T11:05:45","slug":"boa-nova-1049","status":"publish","type":"product","link":"https:\/\/www.lojacarita.com.br\/loja\/product\/boa-nova-1049\/","title":{"rendered":"Boa Nova 1049"},"content":{"rendered":"<p>O Advento da crian\u00e7a Divina: Esperan\u00e7a!<br \/>(o pranto da crian\u00e7a compassiva)<\/p>\n<p>16 de dezembro de 2017<\/p>\n<p><\/p>\n<p>Mensagem espiritual pelo esp\u00edrito Tupi Ca\u00e7\u00e3o como&nbsp;preposto de Eur\u00edpedes Barsanulfo&nbsp;<\/p>\n<p>Psicofon\u00eda da m\u00e9dium Eliana dos Santos<\/p>\n<p>Dura\u00e7\u00e3o: 38min<\/p>\n<p><\/p>\n<\/p>\n<hr width=\"75%\">\n<p>Estamos na terceira<br \/>\nsemana de dezembro, e a espiritualidade nos desvela a for\u00e7a desse reduto pouco experimentado<br \/>\npela alma: o reduto da esperan\u00e7a. Ela inclue espera e uma certa administra\u00e7\u00e3o calma dos conflitos, lutas humanas&#8230; Como estamos mergulhados em um reduto de imediatismo e incertezas, nos perdemos dessa for\u00e7a&#8230; E a esperan\u00e7a n\u00e3o<br \/>\ncaminha conosco como irm\u00e3 da \u201cirm\u00e3 dor\u201d!<\/p>\n<p>A prele\u00e7\u00e3o de n\u00famero 1048 que antecede essa voz da terceira semana j\u00e1 nos apontou esse d\u00e9ficit em nossos registros emocionais&#8230; como esp\u00edritos temos pouco acervo nessa experiencia<br \/>\nmais espiritualizada. A Esperan\u00e7a \u00e9 um dado espiritual, pois ela diz da F\u00e9<br \/>\nNaquele que trar\u00e1 solu\u00e7\u00f5es que a vida no plano material n\u00e3o trouxe. A Esperan\u00e7a<br \/>\nnos coloca frente a esse universo sublime e maior: o universo Divino!<\/p>\n<p>A C\u00e1rita editora entrega<br \/>\na essa terna Rede de Audi\u00e7\u00e3o mais esse acervo celeste sobre o advento da<br \/>\ncrian\u00e7a divina em nosso caminho evolutivo. Chama nossa aten\u00e7\u00e3o para o olhar da<br \/>\nCrian\u00e7a divina sobre nos&#8230; a nos olhar&#8230; E a espiritualidade nos diz que neste instante o Menino Divino,<br \/>\na crian\u00e7a eterna nos olha, simbolicamente, metaforicamente, nos olha. Um oceano<br \/>\nde mensagens, de signos e s\u00edmbolos est\u00e3o nesse olhar. Ele vem trazer o futuro,<br \/>\nele \u00e9 o futuro no presente, n\u00e3o passou e n\u00e3o passar\u00e1, jamais, \u00e9 o nosso sonho<br \/>\nrealizado, \u00e9 a nossa utopia tornada carne &#8211; \u00e9 o verbo que se tornou carne,<br \/>\nei-lo, o nosso verbo que se tornou carne, eis-nos, eis a cada um de n\u00f3s tamb\u00e9m<br \/>\nadventos, tamb\u00e9m em nossas manjedouras, tamb\u00e9m.<\/p>\n<p>Assim<br \/>\nsomos convocados a examinar nossa Manjedoura. A sermos gratos a ela e a rever<br \/>\nno per\u00edodo Natalino esse chamamento maior que se chama Esperan\u00e7a. A comunica\u00e7\u00e3o<br \/>\nde numero hum mil e quarenta e Nove nos diz ainda que \u00e9 preciso ver a import\u00e2ncia dessa virtude.<br \/>\nSim, Paulo afirma das tr\u00eas virtudes a f\u00e9, esperan\u00e7a, a caridade, e a caridade<br \/>\npor excel\u00eancia  ele a afirma<br \/>\n\u2018por excel\u00eancia\u2019, mas como poderei ter caridade sem esperan\u00e7a? A caridade \u00e9 a<br \/>\nforma da concretiza\u00e7\u00e3o da esperan\u00e7a. E ent\u00e3o meus olhos se tornam pios,<br \/>\nmisericordiosos e s\u00e1bios, passa a tocar novas regi\u00f5es, e retiram o ser da sua<br \/>\nmiserabilidade moral, espiritual e o coloca alado, pronto para voar, alto, cada<br \/>\nvez mais alto, passos altos. \u00c9 a senhora esperan\u00e7a que tem este poder.<\/p>\n<p>C\u00e1rita com seu abra\u00e7o natalino se despede&#8230;<\/p>\n<p>Desejando a todos um tempo em que a ESPERAN\u00c7A seja sua<br \/>\ncompanheira, irm\u00e3 na dor e obst\u00e1culos ou sofrimentos!<\/p>\n<p>Paz, em nome do menino divino nascente em nosso esp\u00edrito!<br \/>\nE que nosso pranto seja como o da crian\u00e7a descrita nessa mensagem psicof\u00f4nica,<br \/>\no pranto pio e misericordioso por aqueles que n\u00e3o tem esperan\u00e7a&#8230; e por n\u00e3o<br \/>\nte-la, fazem sofrer, pois n\u00e3o sabem sofrer&#8230;Diz o Mensageiro<br \/>\nCeleste: o esp\u00edrito que estava ali agregado era velho<br \/>\ne antigo, e respondeu quando lhe indagamos:&nbsp;<br \/>\u2013Por que choras?  <br \/>\u2013Eu choro de tanta compaix\u00e3o.<br \/>\u2013Compaix\u00e3o? Lhe perghuntamos. <br \/>E ela confirmou: &nbsp;<br \/>\u2013Sim, por aqueles que ainda n\u00e3o viram a esperan\u00e7a, tenho<br \/>\ncompaix\u00e3o dos que se esqueceram dessa for\u00e7a, dos que est\u00e3o envolvidos em lutas<br \/>\nprofundas e duelos in\u00fateis<\/p>\n<p>Que esse encontro<br \/>\nnessa data Natalina seja de aprendizagem da Esperan\u00e7a!<\/p>\n<p>Tamb\u00e9m, fechando essa breve palavra de abertura<br \/>\nnotificamos que a voz mensageira nessa prele\u00e7\u00e3o foi a do Instrutor Espiritual<br \/>\nque veio como preposto de Eur\u00edpedes Barsanulfo nessa data, o seu companheiro<br \/>\nconstante quando viveu na Sacramento, MG, no socorro aos esp\u00edritos em<br \/>\nsofrimento: Tupi Ca\u00e7\u00e3o! Tivemos a honra de sua palavra nesse encontro&#8230; Uma<br \/>\nfala toda entrecortada da emo\u00e7\u00e3o e do pranto de alegria pelo trabalho<br \/>\nrealizado!<\/p>\n<hr width=\"75%\">\n<h5>Ouve a apresenta\u00e7\u00e3o da mensagem espiritual:<\/h5>\n<p><audio style=\"width:350px;background:#ffffff;width: 370px;\" preload=\"none\" ontimeupdate=\"updateTime()\" controls=\"\" metadata=\"\"><source src=\"https:\/\/www.lojacarita.com.br\/loja\/wp-content\/uploads\/2023\/11\/samples\/bn-1049-abertura.mp3\" type=\"audio\/mpeg\"><a href=\"https:\/\/www.lojacarita.com.br\/loja\/wp-content\/uploads\/2023\/11\/samples\/bn-1049-abertura.mp3\"><font size=\"2\">Play<\/font><\/a><\/audio><\/p>\n<hr width=\"75%\">\n<h5>Ouve os primeiros 5 minutos da mensagem espiritual:<\/h5>\n<p><audio style=\"width:350px;background:#ffffff;width: 370px;\" preload=\"none\" ontimeupdate=\"updateTime()\" controls=\"\" metadata=\"\"><source src=\"https:\/\/www.lojacarita.com.br\/loja\/wp-content\/uploads\/2023\/11\/samples\/bn-1049-sample.mp3\" type=\"audio\/mpeg\"><a href=\"https:\/\/www.lojacarita.com.br\/loja\/wp-content\/uploads\/2023\/11\/samples\/bn-1049-sample.mp3\"><font size=\"2\">Play<\/font><\/a><\/audio><\/p>\n","protected":false},"excerpt":{"rendered":"<p>O Advento da crian\u00e7a Divina: Esperan\u00e7a!(o pranto da crian\u00e7a compassiva) 16 de dezembro de 2017 Mensagem espiritual pelo esp\u00edrito Tupi Ca\u00e7\u00e3o como&nbsp;preposto de Eur\u00edpedes Barsanulfo&nbsp; Psicofon\u00eda da m\u00e9dium Eliana dos Santos Dura\u00e7\u00e3o: 38min Estamos na terceira semana de dezembro, e a espiritualidade nos desvela a for\u00e7a desse reduto pouco experimentado pela alma: o reduto da &hellip; <a href=\"https:\/\/www.lojacarita.com.br\/loja\/product\/boa-nova-1049\/\">Continua<\/a><\/p>\n","protected":false},"featured_media":1275,"template":"","meta":[],"product_brand":[],"product_cat":[81],"product_tag":[],"class_list":{"0":"post-1274","1":"product","2":"type-product","3":"status-publish","4":"has-post-thumbnail","6":"product_cat-boas_novas","8":"first","9":"instock","10":"downloadable","11":"virtual","12":"purchasable","13":"product-type-simple"},"acf":[],"yoast_head":"<!-- This site is optimized with the Yoast SEO plugin v27.4 - https:\/\/yoast.com\/product\/yoast-seo-wordpress\/ -->\n<title>Boa Nova 1049 - Loja C\u00e1rita<\/title>\n<meta name=\"robots\" content=\"index, follow, max-snippet:-1, max-image-preview:large, max-video-preview:-1\" \/>\n<link rel=\"canonical\" href=\"https:\/\/www.lojacarita.com.br\/loja\/product\/boa-nova-1049\/\" \/>\n<meta property=\"og:locale\" content=\"pt_BR\" \/>\n<meta property=\"og:type\" content=\"article\" \/>\n<meta property=\"og:title\" content=\"Boa Nova 1049 - Loja C\u00e1rita\" \/>\n<meta property=\"og:description\" content=\"O Advento da crian\u00e7a Divina: Esperan\u00e7a!(o pranto da crian\u00e7a compassiva) 16 de dezembro de 2017 Mensagem espiritual pelo esp\u00edrito Tupi Ca\u00e7\u00e3o como&nbsp;preposto de Eur\u00edpedes Barsanulfo&nbsp; Psicofon\u00eda da m\u00e9dium Eliana dos Santos Dura\u00e7\u00e3o: 38min Estamos na terceira semana de dezembro, e a espiritualidade nos desvela a for\u00e7a desse reduto pouco experimentado pela alma: o reduto da &hellip; Continua\" \/>\n<meta property=\"og:url\" content=\"https:\/\/www.lojacarita.com.br\/loja\/product\/boa-nova-1049\/\" \/>\n<meta property=\"og:site_name\" content=\"Loja C\u00e1rita\" \/>\n<meta property=\"article:modified_time\" content=\"2023-12-05T11:05:45+00:00\" \/>\n<meta property=\"og:image\" content=\"https:\/\/www.lojacarita.com.br\/loja\/wp-content\/uploads\/2023\/11\/boa-nova-digital-2.jpg\" \/>\n\t<meta property=\"og:image:width\" content=\"681\" \/>\n\t<meta property=\"og:image:height\" content=\"681\" \/>\n\t<meta property=\"og:image:type\" content=\"image\/jpeg\" \/>\n<meta name=\"twitter:card\" content=\"summary_large_image\" \/>\n<meta name=\"twitter:label1\" content=\"Est. tempo de leitura\" \/>\n\t<meta name=\"twitter:data1\" content=\"4 minutos\" \/>\n<script type=\"application\/ld+json\" class=\"yoast-schema-graph\">{\"@context\":\"https:\\\/\\\/schema.org\",\"@graph\":[{\"@type\":\"WebPage\",\"@id\":\"https:\\\/\\\/www.lojacarita.com.br\\\/loja\\\/product\\\/boa-nova-1049\\\/\",\"url\":\"https:\\\/\\\/www.lojacarita.com.br\\\/loja\\\/product\\\/boa-nova-1049\\\/\",\"name\":\"Boa Nova 1049 - Loja C\u00e1rita\",\"isPartOf\":{\"@id\":\"https:\\\/\\\/www.lojacarita.com.br\\\/loja\\\/#website\"},\"primaryImageOfPage\":{\"@id\":\"https:\\\/\\\/www.lojacarita.com.br\\\/loja\\\/product\\\/boa-nova-1049\\\/#primaryimage\"},\"image\":{\"@id\":\"https:\\\/\\\/www.lojacarita.com.br\\\/loja\\\/product\\\/boa-nova-1049\\\/#primaryimage\"},\"thumbnailUrl\":\"https:\\\/\\\/www.lojacarita.com.br\\\/loja\\\/wp-content\\\/uploads\\\/2023\\\/11\\\/boa-nova-digital-2.jpg\",\"datePublished\":\"2023-11-03T17:26:16+00:00\",\"dateModified\":\"2023-12-05T11:05:45+00:00\",\"breadcrumb\":{\"@id\":\"https:\\\/\\\/www.lojacarita.com.br\\\/loja\\\/product\\\/boa-nova-1049\\\/#breadcrumb\"},\"inLanguage\":\"pt-BR\",\"potentialAction\":[{\"@type\":\"ReadAction\",\"target\":[\"https:\\\/\\\/www.lojacarita.com.br\\\/loja\\\/product\\\/boa-nova-1049\\\/\"]}]},{\"@type\":\"ImageObject\",\"inLanguage\":\"pt-BR\",\"@id\":\"https:\\\/\\\/www.lojacarita.com.br\\\/loja\\\/product\\\/boa-nova-1049\\\/#primaryimage\",\"url\":\"https:\\\/\\\/www.lojacarita.com.br\\\/loja\\\/wp-content\\\/uploads\\\/2023\\\/11\\\/boa-nova-digital-2.jpg\",\"contentUrl\":\"https:\\\/\\\/www.lojacarita.com.br\\\/loja\\\/wp-content\\\/uploads\\\/2023\\\/11\\\/boa-nova-digital-2.jpg\",\"width\":681,\"height\":681},{\"@type\":\"BreadcrumbList\",\"@id\":\"https:\\\/\\\/www.lojacarita.com.br\\\/loja\\\/product\\\/boa-nova-1049\\\/#breadcrumb\",\"itemListElement\":[{\"@type\":\"ListItem\",\"position\":1,\"name\":\"In\u00edcio\",\"item\":\"https:\\\/\\\/www.lojacarita.com.br\\\/loja\\\/\"},{\"@type\":\"ListItem\",\"position\":2,\"name\":\"Produtos\",\"item\":\"https:\\\/\\\/www.lojacarita.com.br\\\/loja\\\/nossos-produtos\\\/\"},{\"@type\":\"ListItem\",\"position\":3,\"name\":\"Boa Nova 1049\"}]},{\"@type\":\"WebSite\",\"@id\":\"https:\\\/\\\/www.lojacarita.com.br\\\/loja\\\/#website\",\"url\":\"https:\\\/\\\/www.lojacarita.com.br\\\/loja\\\/\",\"name\":\"Loja C\u00e1rita\",\"description\":\"Amai-vos e instrui-vos! Esp\u00edrito de Verdade\",\"publisher\":{\"@id\":\"https:\\\/\\\/www.lojacarita.com.br\\\/loja\\\/#organization\"},\"potentialAction\":[{\"@type\":\"SearchAction\",\"target\":{\"@type\":\"EntryPoint\",\"urlTemplate\":\"https:\\\/\\\/www.lojacarita.com.br\\\/loja\\\/?s={search_term_string}\"},\"query-input\":{\"@type\":\"PropertyValueSpecification\",\"valueRequired\":true,\"valueName\":\"search_term_string\"}}],\"inLanguage\":\"pt-BR\"},{\"@type\":\"Organization\",\"@id\":\"https:\\\/\\\/www.lojacarita.com.br\\\/loja\\\/#organization\",\"name\":\"Loja C\u00e1rita\",\"url\":\"https:\\\/\\\/www.lojacarita.com.br\\\/loja\\\/\",\"logo\":{\"@type\":\"ImageObject\",\"inLanguage\":\"pt-BR\",\"@id\":\"https:\\\/\\\/www.lojacarita.com.br\\\/loja\\\/#\\\/schema\\\/logo\\\/image\\\/\",\"url\":\"http:\\\/\\\/www.lojacarita.com.br\\\/loja2021\\\/wp-content\\\/uploads\\\/2021\\\/05\\\/favicon.png\",\"contentUrl\":\"http:\\\/\\\/www.lojacarita.com.br\\\/loja2021\\\/wp-content\\\/uploads\\\/2021\\\/05\\\/favicon.png\",\"width\":512,\"height\":512,\"caption\":\"Loja C\u00e1rita\"},\"image\":{\"@id\":\"https:\\\/\\\/www.lojacarita.com.br\\\/loja\\\/#\\\/schema\\\/logo\\\/image\\\/\"}}]}<\/script>\n<!-- \/ Yoast SEO plugin. -->","yoast_head_json":{"title":"Boa Nova 1049 - Loja C\u00e1rita","robots":{"index":"index","follow":"follow","max-snippet":"max-snippet:-1","max-image-preview":"max-image-preview:large","max-video-preview":"max-video-preview:-1"},"canonical":"https:\/\/www.lojacarita.com.br\/loja\/product\/boa-nova-1049\/","og_locale":"pt_BR","og_type":"article","og_title":"Boa Nova 1049 - Loja C\u00e1rita","og_description":"O Advento da crian\u00e7a Divina: Esperan\u00e7a!(o pranto da crian\u00e7a compassiva) 16 de dezembro de 2017 Mensagem espiritual pelo esp\u00edrito Tupi Ca\u00e7\u00e3o como&nbsp;preposto de Eur\u00edpedes Barsanulfo&nbsp; Psicofon\u00eda da m\u00e9dium Eliana dos Santos Dura\u00e7\u00e3o: 38min Estamos na terceira semana de dezembro, e a espiritualidade nos desvela a for\u00e7a desse reduto pouco experimentado pela alma: o reduto da &hellip; Continua","og_url":"https:\/\/www.lojacarita.com.br\/loja\/product\/boa-nova-1049\/","og_site_name":"Loja C\u00e1rita","article_modified_time":"2023-12-05T11:05:45+00:00","og_image":[{"width":681,"height":681,"url":"https:\/\/www.lojacarita.com.br\/loja\/wp-content\/uploads\/2023\/11\/boa-nova-digital-2.jpg","type":"image\/jpeg"}],"twitter_card":"summary_large_image","twitter_misc":{"Est. tempo de leitura":"4 minutos"},"schema":{"@context":"https:\/\/schema.org","@graph":[{"@type":"WebPage","@id":"https:\/\/www.lojacarita.com.br\/loja\/product\/boa-nova-1049\/","url":"https:\/\/www.lojacarita.com.br\/loja\/product\/boa-nova-1049\/","name":"Boa Nova 1049 - Loja C\u00e1rita","isPartOf":{"@id":"https:\/\/www.lojacarita.com.br\/loja\/#website"},"primaryImageOfPage":{"@id":"https:\/\/www.lojacarita.com.br\/loja\/product\/boa-nova-1049\/#primaryimage"},"image":{"@id":"https:\/\/www.lojacarita.com.br\/loja\/product\/boa-nova-1049\/#primaryimage"},"thumbnailUrl":"https:\/\/www.lojacarita.com.br\/loja\/wp-content\/uploads\/2023\/11\/boa-nova-digital-2.jpg","datePublished":"2023-11-03T17:26:16+00:00","dateModified":"2023-12-05T11:05:45+00:00","breadcrumb":{"@id":"https:\/\/www.lojacarita.com.br\/loja\/product\/boa-nova-1049\/#breadcrumb"},"inLanguage":"pt-BR","potentialAction":[{"@type":"ReadAction","target":["https:\/\/www.lojacarita.com.br\/loja\/product\/boa-nova-1049\/"]}]},{"@type":"ImageObject","inLanguage":"pt-BR","@id":"https:\/\/www.lojacarita.com.br\/loja\/product\/boa-nova-1049\/#primaryimage","url":"https:\/\/www.lojacarita.com.br\/loja\/wp-content\/uploads\/2023\/11\/boa-nova-digital-2.jpg","contentUrl":"https:\/\/www.lojacarita.com.br\/loja\/wp-content\/uploads\/2023\/11\/boa-nova-digital-2.jpg","width":681,"height":681},{"@type":"BreadcrumbList","@id":"https:\/\/www.lojacarita.com.br\/loja\/product\/boa-nova-1049\/#breadcrumb","itemListElement":[{"@type":"ListItem","position":1,"name":"In\u00edcio","item":"https:\/\/www.lojacarita.com.br\/loja\/"},{"@type":"ListItem","position":2,"name":"Produtos","item":"https:\/\/www.lojacarita.com.br\/loja\/nossos-produtos\/"},{"@type":"ListItem","position":3,"name":"Boa Nova 1049"}]},{"@type":"WebSite","@id":"https:\/\/www.lojacarita.com.br\/loja\/#website","url":"https:\/\/www.lojacarita.com.br\/loja\/","name":"Loja C\u00e1rita","description":"Amai-vos e instrui-vos! Esp\u00edrito de Verdade","publisher":{"@id":"https:\/\/www.lojacarita.com.br\/loja\/#organization"},"potentialAction":[{"@type":"SearchAction","target":{"@type":"EntryPoint","urlTemplate":"https:\/\/www.lojacarita.com.br\/loja\/?s={search_term_string}"},"query-input":{"@type":"PropertyValueSpecification","valueRequired":true,"valueName":"search_term_string"}}],"inLanguage":"pt-BR"},{"@type":"Organization","@id":"https:\/\/www.lojacarita.com.br\/loja\/#organization","name":"Loja C\u00e1rita","url":"https:\/\/www.lojacarita.com.br\/loja\/","logo":{"@type":"ImageObject","inLanguage":"pt-BR","@id":"https:\/\/www.lojacarita.com.br\/loja\/#\/schema\/logo\/image\/","url":"http:\/\/www.lojacarita.com.br\/loja2021\/wp-content\/uploads\/2021\/05\/favicon.png","contentUrl":"http:\/\/www.lojacarita.com.br\/loja2021\/wp-content\/uploads\/2021\/05\/favicon.png","width":512,"height":512,"caption":"Loja C\u00e1rita"},"image":{"@id":"https:\/\/www.lojacarita.com.br\/loja\/#\/schema\/logo\/image\/"}}]}},"_links":{"self":[{"href":"https:\/\/www.lojacarita.com.br\/loja\/wp-json\/wp\/v2\/product\/1274","targetHints":{"allow":["GET"]}}],"collection":[{"href":"https:\/\/www.lojacarita.com.br\/loja\/wp-json\/wp\/v2\/product"}],"about":[{"href":"https:\/\/www.lojacarita.com.br\/loja\/wp-json\/wp\/v2\/types\/product"}],"wp:featuredmedia":[{"embeddable":true,"href":"https:\/\/www.lojacarita.com.br\/loja\/wp-json\/wp\/v2\/media\/1275"}],"wp:attachment":[{"href":"https:\/\/www.lojacarita.com.br\/loja\/wp-json\/wp\/v2\/media?parent=1274"}],"wp:term":[{"taxonomy":"product_brand","embeddable":true,"href":"https:\/\/www.lojacarita.com.br\/loja\/wp-json\/wp\/v2\/product_brand?post=1274"},{"taxonomy":"product_cat","embeddable":true,"href":"https:\/\/www.lojacarita.com.br\/loja\/wp-json\/wp\/v2\/product_cat?post=1274"},{"taxonomy":"product_tag","embeddable":true,"href":"https:\/\/www.lojacarita.com.br\/loja\/wp-json\/wp\/v2\/product_tag?post=1274"}],"curies":[{"name":"wp","href":"https:\/\/api.w.org\/{rel}","templated":true}]}}