{"id":1264,"date":"2023-11-03T14:25:56","date_gmt":"2023-11-03T17:25:56","guid":{"rendered":"https:\/\/www.lojacarita.com.br\/loja\/product\/sinos-e-sinais-meditacao-espirita-crista-meditacao-do-perdao\/"},"modified":"2024-04-03T15:26:29","modified_gmt":"2024-04-03T18:26:29","slug":"sinos-e-sinais-meditacao-espirita-crista-meditacao-do-perdao","status":"publish","type":"product","link":"https:\/\/www.lojacarita.com.br\/loja\/product\/sinos-e-sinais-meditacao-espirita-crista-meditacao-do-perdao\/","title":{"rendered":"Sinos e sinais. Medita\u00e7\u00e3o esp\u00edrita crist\u00e3. Medita\u00e7\u00e3o do perd\u00e3o."},"content":{"rendered":"<p style=\"margin-bottom: 10px; color: #666666;\">Medita\u00e7\u00e3o para a cura da alma. Cont\u00e9m 3 faixas no formato MP3 com um total de 76 minutos de grava\u00e7\u00f5es.<\/p>\n<p style=\"margin-bottom: 10px; color: #666666;\">Voz da m\u00e9dium Eliana dos Santos<\/p>\n<h4 style=\"font-family: 'Open Sans', sans-serif; color: #444444; margin-top: 10px; margin-bottom: 10px;\"><\/h4>\n<hr style=\"margin-top: 20px; margin-bottom: 20px; color: #666666;\" width=\"75%\" \/>\n<h5 style=\"font-family: 'Open Sans', sans-serif; color: #444444; margin-top: 10px; margin-bottom: 10px;\">Ouve uma pequena mostra das mensagens espirituais:<\/h5>\n<p style=\"font-family: 'Open Sans', sans-serif; color: #444444; margin-top: 10px; margin-bottom: 10px;\">Pista 1 &#8211;\u00a0<span style=\"color: #000000;\">Medita\u00e7\u00e3o Perdoa e Perdoa-te<\/span><\/p>\n<p><audio style=\"width: 370px; background: #ffffff;\" preload=\"none\" controls=\"controls\"><source src=\"https:\/\/www.lojacarita.com.br\/loja\/wp-content\/uploads\/2023\/11\/samples\/mp3-sinos-e-sinais-sample.mp3\" type=\"audio\/mpeg\" \/><a href=\"https:\/\/www.lojacarita.com.br\/loja\/wp-content\/uploads\/2023\/11\/samples\/mp3-sinos-e-sinais-sample.mp3\"><font size=\"2\">Play<\/font><\/a><\/audio><\/p>\n<p><span style=\"color: inherit; font-family: inherit; font-size: 15px;\">\u00a0<\/span><\/p>\n<p><span style=\"color: inherit; font-family: inherit; font-size: 15px;\">Lista de oraciones:<\/span><\/p>\n<ol>\n<li style=\"list-style-type: none;\">\n<ol>\n<li>Medita\u00e7\u00e3o Perdoa e Perdoa-te\u200324\u201930<\/li>\n<li>Grava\u00e7\u00e3o ambiente &#8211; Mensagem de Celina\u200321\u201954<\/li>\n<li>Declama\u00e7\u00e3o &#8211; Mensagem de Eur\u00edpedes Barsanulfo\u200329\u201952<\/li>\n<\/ol>\n<\/li>\n<\/ol>\n<p>&nbsp;<\/p>\n<p>&nbsp;<\/p>\n","protected":false},"excerpt":{"rendered":"<p>Medita\u00e7\u00e3o para a cura da alma. Cont\u00e9m 3 faixas no formato MP3 com um total de 76 minutos de grava\u00e7\u00f5es. Voz da m\u00e9dium Eliana dos Santos Ouve uma pequena mostra das mensagens espirituais: Pista 1 &#8211;\u00a0Medita\u00e7\u00e3o Perdoa e Perdoa-te Play \u00a0 Lista de oraciones: Medita\u00e7\u00e3o Perdoa e Perdoa-te\u200324\u201930 Grava\u00e7\u00e3o ambiente &#8211; Mensagem de Celina\u200321\u201954 Declama\u00e7\u00e3o &hellip; <a href=\"https:\/\/www.lojacarita.com.br\/loja\/product\/sinos-e-sinais-meditacao-espirita-crista-meditacao-do-perdao\/\">Continua<\/a><\/p>\n","protected":false},"featured_media":1265,"template":"","meta":[],"product_brand":[],"product_cat":[73],"product_tag":[],"class_list":{"0":"post-1264","1":"product","2":"type-product","3":"status-publish","4":"has-post-thumbnail","6":"product_cat-oracoes","8":"first","9":"instock","10":"downloadable","11":"virtual","12":"purchasable","13":"product-type-simple"},"acf":[],"yoast_head":"<!-- This site is optimized with the Yoast SEO plugin v27.4 - https:\/\/yoast.com\/product\/yoast-seo-wordpress\/ -->\n<title>Sinos e sinais. Medita\u00e7\u00e3o esp\u00edrita crist\u00e3. Medita\u00e7\u00e3o do perd\u00e3o. - Loja C\u00e1rita<\/title>\n<meta name=\"robots\" content=\"index, follow, max-snippet:-1, max-image-preview:large, max-video-preview:-1\" \/>\n<link rel=\"canonical\" href=\"https:\/\/www.lojacarita.com.br\/loja\/product\/sinos-e-sinais-meditacao-espirita-crista-meditacao-do-perdao\/\" \/>\n<meta property=\"og:locale\" content=\"pt_BR\" \/>\n<meta property=\"og:type\" content=\"article\" \/>\n<meta property=\"og:title\" content=\"Sinos e sinais. Medita\u00e7\u00e3o esp\u00edrita crist\u00e3. Medita\u00e7\u00e3o do perd\u00e3o. - Loja C\u00e1rita\" \/>\n<meta property=\"og:description\" content=\"Medita\u00e7\u00e3o para a cura da alma. Cont\u00e9m 3 faixas no formato MP3 com um total de 76 minutos de grava\u00e7\u00f5es. Voz da m\u00e9dium Eliana dos Santos Ouve uma pequena mostra das mensagens espirituais: Pista 1 &#8211;\u00a0Medita\u00e7\u00e3o Perdoa e Perdoa-te Play \u00a0 Lista de oraciones: Medita\u00e7\u00e3o Perdoa e Perdoa-te\u200324\u201930 Grava\u00e7\u00e3o ambiente &#8211; Mensagem de Celina\u200321\u201954 Declama\u00e7\u00e3o &hellip; Continua\" \/>\n<meta property=\"og:url\" content=\"https:\/\/www.lojacarita.com.br\/loja\/product\/sinos-e-sinais-meditacao-espirita-crista-meditacao-do-perdao\/\" \/>\n<meta property=\"og:site_name\" content=\"Loja C\u00e1rita\" \/>\n<meta property=\"article:modified_time\" content=\"2024-04-03T18:26:29+00:00\" \/>\n<meta property=\"og:image\" content=\"https:\/\/www.lojacarita.com.br\/loja\/wp-content\/uploads\/2023\/11\/sinos-e-sinais.jpg\" \/>\n\t<meta property=\"og:image:width\" content=\"595\" \/>\n\t<meta property=\"og:image:height\" content=\"595\" \/>\n\t<meta property=\"og:image:type\" content=\"image\/jpeg\" \/>\n<meta name=\"twitter:card\" content=\"summary_large_image\" \/>\n<meta name=\"twitter:label1\" content=\"Est. tempo de leitura\" \/>\n\t<meta name=\"twitter:data1\" content=\"1 minuto\" \/>\n<script type=\"application\/ld+json\" class=\"yoast-schema-graph\">{\"@context\":\"https:\\\/\\\/schema.org\",\"@graph\":[{\"@type\":\"WebPage\",\"@id\":\"https:\\\/\\\/www.lojacarita.com.br\\\/loja\\\/product\\\/sinos-e-sinais-meditacao-espirita-crista-meditacao-do-perdao\\\/\",\"url\":\"https:\\\/\\\/www.lojacarita.com.br\\\/loja\\\/product\\\/sinos-e-sinais-meditacao-espirita-crista-meditacao-do-perdao\\\/\",\"name\":\"Sinos e sinais. Medita\u00e7\u00e3o esp\u00edrita crist\u00e3. Medita\u00e7\u00e3o do perd\u00e3o. - Loja C\u00e1rita\",\"isPartOf\":{\"@id\":\"https:\\\/\\\/www.lojacarita.com.br\\\/loja\\\/#website\"},\"primaryImageOfPage\":{\"@id\":\"https:\\\/\\\/www.lojacarita.com.br\\\/loja\\\/product\\\/sinos-e-sinais-meditacao-espirita-crista-meditacao-do-perdao\\\/#primaryimage\"},\"image\":{\"@id\":\"https:\\\/\\\/www.lojacarita.com.br\\\/loja\\\/product\\\/sinos-e-sinais-meditacao-espirita-crista-meditacao-do-perdao\\\/#primaryimage\"},\"thumbnailUrl\":\"https:\\\/\\\/www.lojacarita.com.br\\\/loja\\\/wp-content\\\/uploads\\\/2023\\\/11\\\/sinos-e-sinais.jpg\",\"datePublished\":\"2023-11-03T17:25:56+00:00\",\"dateModified\":\"2024-04-03T18:26:29+00:00\",\"breadcrumb\":{\"@id\":\"https:\\\/\\\/www.lojacarita.com.br\\\/loja\\\/product\\\/sinos-e-sinais-meditacao-espirita-crista-meditacao-do-perdao\\\/#breadcrumb\"},\"inLanguage\":\"pt-BR\",\"potentialAction\":[{\"@type\":\"ReadAction\",\"target\":[\"https:\\\/\\\/www.lojacarita.com.br\\\/loja\\\/product\\\/sinos-e-sinais-meditacao-espirita-crista-meditacao-do-perdao\\\/\"]}]},{\"@type\":\"ImageObject\",\"inLanguage\":\"pt-BR\",\"@id\":\"https:\\\/\\\/www.lojacarita.com.br\\\/loja\\\/product\\\/sinos-e-sinais-meditacao-espirita-crista-meditacao-do-perdao\\\/#primaryimage\",\"url\":\"https:\\\/\\\/www.lojacarita.com.br\\\/loja\\\/wp-content\\\/uploads\\\/2023\\\/11\\\/sinos-e-sinais.jpg\",\"contentUrl\":\"https:\\\/\\\/www.lojacarita.com.br\\\/loja\\\/wp-content\\\/uploads\\\/2023\\\/11\\\/sinos-e-sinais.jpg\",\"width\":595,\"height\":595},{\"@type\":\"BreadcrumbList\",\"@id\":\"https:\\\/\\\/www.lojacarita.com.br\\\/loja\\\/product\\\/sinos-e-sinais-meditacao-espirita-crista-meditacao-do-perdao\\\/#breadcrumb\",\"itemListElement\":[{\"@type\":\"ListItem\",\"position\":1,\"name\":\"In\u00edcio\",\"item\":\"https:\\\/\\\/www.lojacarita.com.br\\\/loja\\\/\"},{\"@type\":\"ListItem\",\"position\":2,\"name\":\"Produtos\",\"item\":\"https:\\\/\\\/www.lojacarita.com.br\\\/loja\\\/nossos-produtos\\\/\"},{\"@type\":\"ListItem\",\"position\":3,\"name\":\"Sinos e sinais. Medita\u00e7\u00e3o esp\u00edrita crist\u00e3. Medita\u00e7\u00e3o do perd\u00e3o.\"}]},{\"@type\":\"WebSite\",\"@id\":\"https:\\\/\\\/www.lojacarita.com.br\\\/loja\\\/#website\",\"url\":\"https:\\\/\\\/www.lojacarita.com.br\\\/loja\\\/\",\"name\":\"Loja C\u00e1rita\",\"description\":\"Amai-vos e instrui-vos! Esp\u00edrito de Verdade\",\"publisher\":{\"@id\":\"https:\\\/\\\/www.lojacarita.com.br\\\/loja\\\/#organization\"},\"potentialAction\":[{\"@type\":\"SearchAction\",\"target\":{\"@type\":\"EntryPoint\",\"urlTemplate\":\"https:\\\/\\\/www.lojacarita.com.br\\\/loja\\\/?s={search_term_string}\"},\"query-input\":{\"@type\":\"PropertyValueSpecification\",\"valueRequired\":true,\"valueName\":\"search_term_string\"}}],\"inLanguage\":\"pt-BR\"},{\"@type\":\"Organization\",\"@id\":\"https:\\\/\\\/www.lojacarita.com.br\\\/loja\\\/#organization\",\"name\":\"Loja C\u00e1rita\",\"url\":\"https:\\\/\\\/www.lojacarita.com.br\\\/loja\\\/\",\"logo\":{\"@type\":\"ImageObject\",\"inLanguage\":\"pt-BR\",\"@id\":\"https:\\\/\\\/www.lojacarita.com.br\\\/loja\\\/#\\\/schema\\\/logo\\\/image\\\/\",\"url\":\"http:\\\/\\\/www.lojacarita.com.br\\\/loja2021\\\/wp-content\\\/uploads\\\/2021\\\/05\\\/favicon.png\",\"contentUrl\":\"http:\\\/\\\/www.lojacarita.com.br\\\/loja2021\\\/wp-content\\\/uploads\\\/2021\\\/05\\\/favicon.png\",\"width\":512,\"height\":512,\"caption\":\"Loja C\u00e1rita\"},\"image\":{\"@id\":\"https:\\\/\\\/www.lojacarita.com.br\\\/loja\\\/#\\\/schema\\\/logo\\\/image\\\/\"}}]}<\/script>\n<!-- \/ Yoast SEO plugin. -->","yoast_head_json":{"title":"Sinos e sinais. Medita\u00e7\u00e3o esp\u00edrita crist\u00e3. Medita\u00e7\u00e3o do perd\u00e3o. - Loja C\u00e1rita","robots":{"index":"index","follow":"follow","max-snippet":"max-snippet:-1","max-image-preview":"max-image-preview:large","max-video-preview":"max-video-preview:-1"},"canonical":"https:\/\/www.lojacarita.com.br\/loja\/product\/sinos-e-sinais-meditacao-espirita-crista-meditacao-do-perdao\/","og_locale":"pt_BR","og_type":"article","og_title":"Sinos e sinais. Medita\u00e7\u00e3o esp\u00edrita crist\u00e3. Medita\u00e7\u00e3o do perd\u00e3o. - Loja C\u00e1rita","og_description":"Medita\u00e7\u00e3o para a cura da alma. Cont\u00e9m 3 faixas no formato MP3 com um total de 76 minutos de grava\u00e7\u00f5es. Voz da m\u00e9dium Eliana dos Santos Ouve uma pequena mostra das mensagens espirituais: Pista 1 &#8211;\u00a0Medita\u00e7\u00e3o Perdoa e Perdoa-te Play \u00a0 Lista de oraciones: Medita\u00e7\u00e3o Perdoa e Perdoa-te\u200324\u201930 Grava\u00e7\u00e3o ambiente &#8211; Mensagem de Celina\u200321\u201954 Declama\u00e7\u00e3o &hellip; Continua","og_url":"https:\/\/www.lojacarita.com.br\/loja\/product\/sinos-e-sinais-meditacao-espirita-crista-meditacao-do-perdao\/","og_site_name":"Loja C\u00e1rita","article_modified_time":"2024-04-03T18:26:29+00:00","og_image":[{"width":595,"height":595,"url":"https:\/\/www.lojacarita.com.br\/loja\/wp-content\/uploads\/2023\/11\/sinos-e-sinais.jpg","type":"image\/jpeg"}],"twitter_card":"summary_large_image","twitter_misc":{"Est. tempo de leitura":"1 minuto"},"schema":{"@context":"https:\/\/schema.org","@graph":[{"@type":"WebPage","@id":"https:\/\/www.lojacarita.com.br\/loja\/product\/sinos-e-sinais-meditacao-espirita-crista-meditacao-do-perdao\/","url":"https:\/\/www.lojacarita.com.br\/loja\/product\/sinos-e-sinais-meditacao-espirita-crista-meditacao-do-perdao\/","name":"Sinos e sinais. Medita\u00e7\u00e3o esp\u00edrita crist\u00e3. Medita\u00e7\u00e3o do perd\u00e3o. - Loja C\u00e1rita","isPartOf":{"@id":"https:\/\/www.lojacarita.com.br\/loja\/#website"},"primaryImageOfPage":{"@id":"https:\/\/www.lojacarita.com.br\/loja\/product\/sinos-e-sinais-meditacao-espirita-crista-meditacao-do-perdao\/#primaryimage"},"image":{"@id":"https:\/\/www.lojacarita.com.br\/loja\/product\/sinos-e-sinais-meditacao-espirita-crista-meditacao-do-perdao\/#primaryimage"},"thumbnailUrl":"https:\/\/www.lojacarita.com.br\/loja\/wp-content\/uploads\/2023\/11\/sinos-e-sinais.jpg","datePublished":"2023-11-03T17:25:56+00:00","dateModified":"2024-04-03T18:26:29+00:00","breadcrumb":{"@id":"https:\/\/www.lojacarita.com.br\/loja\/product\/sinos-e-sinais-meditacao-espirita-crista-meditacao-do-perdao\/#breadcrumb"},"inLanguage":"pt-BR","potentialAction":[{"@type":"ReadAction","target":["https:\/\/www.lojacarita.com.br\/loja\/product\/sinos-e-sinais-meditacao-espirita-crista-meditacao-do-perdao\/"]}]},{"@type":"ImageObject","inLanguage":"pt-BR","@id":"https:\/\/www.lojacarita.com.br\/loja\/product\/sinos-e-sinais-meditacao-espirita-crista-meditacao-do-perdao\/#primaryimage","url":"https:\/\/www.lojacarita.com.br\/loja\/wp-content\/uploads\/2023\/11\/sinos-e-sinais.jpg","contentUrl":"https:\/\/www.lojacarita.com.br\/loja\/wp-content\/uploads\/2023\/11\/sinos-e-sinais.jpg","width":595,"height":595},{"@type":"BreadcrumbList","@id":"https:\/\/www.lojacarita.com.br\/loja\/product\/sinos-e-sinais-meditacao-espirita-crista-meditacao-do-perdao\/#breadcrumb","itemListElement":[{"@type":"ListItem","position":1,"name":"In\u00edcio","item":"https:\/\/www.lojacarita.com.br\/loja\/"},{"@type":"ListItem","position":2,"name":"Produtos","item":"https:\/\/www.lojacarita.com.br\/loja\/nossos-produtos\/"},{"@type":"ListItem","position":3,"name":"Sinos e sinais. Medita\u00e7\u00e3o esp\u00edrita crist\u00e3. Medita\u00e7\u00e3o do perd\u00e3o."}]},{"@type":"WebSite","@id":"https:\/\/www.lojacarita.com.br\/loja\/#website","url":"https:\/\/www.lojacarita.com.br\/loja\/","name":"Loja C\u00e1rita","description":"Amai-vos e instrui-vos! Esp\u00edrito de Verdade","publisher":{"@id":"https:\/\/www.lojacarita.com.br\/loja\/#organization"},"potentialAction":[{"@type":"SearchAction","target":{"@type":"EntryPoint","urlTemplate":"https:\/\/www.lojacarita.com.br\/loja\/?s={search_term_string}"},"query-input":{"@type":"PropertyValueSpecification","valueRequired":true,"valueName":"search_term_string"}}],"inLanguage":"pt-BR"},{"@type":"Organization","@id":"https:\/\/www.lojacarita.com.br\/loja\/#organization","name":"Loja C\u00e1rita","url":"https:\/\/www.lojacarita.com.br\/loja\/","logo":{"@type":"ImageObject","inLanguage":"pt-BR","@id":"https:\/\/www.lojacarita.com.br\/loja\/#\/schema\/logo\/image\/","url":"http:\/\/www.lojacarita.com.br\/loja2021\/wp-content\/uploads\/2021\/05\/favicon.png","contentUrl":"http:\/\/www.lojacarita.com.br\/loja2021\/wp-content\/uploads\/2021\/05\/favicon.png","width":512,"height":512,"caption":"Loja C\u00e1rita"},"image":{"@id":"https:\/\/www.lojacarita.com.br\/loja\/#\/schema\/logo\/image\/"}}]}},"_links":{"self":[{"href":"https:\/\/www.lojacarita.com.br\/loja\/wp-json\/wp\/v2\/product\/1264","targetHints":{"allow":["GET"]}}],"collection":[{"href":"https:\/\/www.lojacarita.com.br\/loja\/wp-json\/wp\/v2\/product"}],"about":[{"href":"https:\/\/www.lojacarita.com.br\/loja\/wp-json\/wp\/v2\/types\/product"}],"wp:featuredmedia":[{"embeddable":true,"href":"https:\/\/www.lojacarita.com.br\/loja\/wp-json\/wp\/v2\/media\/1265"}],"wp:attachment":[{"href":"https:\/\/www.lojacarita.com.br\/loja\/wp-json\/wp\/v2\/media?parent=1264"}],"wp:term":[{"taxonomy":"product_brand","embeddable":true,"href":"https:\/\/www.lojacarita.com.br\/loja\/wp-json\/wp\/v2\/product_brand?post=1264"},{"taxonomy":"product_cat","embeddable":true,"href":"https:\/\/www.lojacarita.com.br\/loja\/wp-json\/wp\/v2\/product_cat?post=1264"},{"taxonomy":"product_tag","embeddable":true,"href":"https:\/\/www.lojacarita.com.br\/loja\/wp-json\/wp\/v2\/product_tag?post=1264"}],"curies":[{"name":"wp","href":"https:\/\/api.w.org\/{rel}","templated":true}]}}