{"id":1262,"date":"2023-11-03T14:25:51","date_gmt":"2023-11-03T17:25:51","guid":{"rendered":"https:\/\/www.lojacarita.com.br\/loja\/product\/signos-y-senales-espanhol\/"},"modified":"2024-10-19T17:52:25","modified_gmt":"2024-10-19T20:52:25","slug":"signos-y-senales-espanhol","status":"publish","type":"product","link":"https:\/\/www.lojacarita.com.br\/loja\/product\/signos-y-senales-espanhol\/","title":{"rendered":"Signos y se\u00f1ales. (Espanhol)"},"content":{"rendered":"<p>Signos y se\u00f1ales, un camino de meditaci\u00f3n con las fuerzas ben\u00e9ficas del universo.\u00a0Contiene 3 oraciones en formato MP3 con un total de 40 minutos de grabaci\u00f3n.<\/p>\n<p>Meditaci\u00f3n del perd\u00f3n, para que podamos perder las memorias sombr\u00edas que cargamos en nuestras almas. Liberar las energ\u00edas acrisoladas en el coraz\u00f3n, energ\u00edas que nos enferman y que nos llevan a la separaci\u00f3n de nuestro pr\u00f3jimo. Haciendo tristes nuestros d\u00edas.<\/p>\n<p>Mensajes del Esp\u00edritu Amigo, voz Eliana dos Santos.<\/p>\n<hr style=\"margin-top: 20px;margin-bottom: 20px;color: #666666\" width=\"75%\" \/>\n<h5 style=\"font-family: 'Open Sans', sans-serif;color: #444444;margin-top: 10px;margin-bottom: 10px\">Escucha una peque\u00f1a muestra de los mensajes espirituales:<\/h5>\n<p style=\"font-family: 'Open Sans', sans-serif;color: #444444;margin-top: 10px;margin-bottom: 10px\">Pista 2 &#8211; Meditando: perdona y perd\u00f3nate<\/p>\n<p><audio style=\"width: 370px;background: #ffffff\" preload=\"none\" controls=\"controls\">\t \t<a href=\"https:\/\/www.lojacarita.com.br\/loja\/wp-content\/uploads\/2023\/11\/samples\/meditacion-del-perdon-02-sample.mp3\"><font size=\"2\">Play<\/font><\/a><\/audio><\/p>\n<p><span style=\"color: inherit;font-family: inherit;font-size: 15px\">\u00a0<\/span><\/p>\n<p><span style=\"color: inherit;font-family: inherit;font-size: 15px\">Contenido:<\/span><\/p>\n<ol>\n<li style=\"list-style-type: none\">\n<ol>\n<li>Presentaci\u00f3n &#8220;Signos y se\u00f1ales&#8221;\u20031\u201912<\/li>\n<li>Meditando: perdona y perd\u00f3nate\u200320\u201913<\/li>\n<li>El mensaje de Celina: El Perd\u00f3n\u200318\u201932<\/li>\n<\/ol>\n<\/li>\n<\/ol>\n<p>&nbsp;<\/p>\n<p>&nbsp;<\/p>\n","protected":false},"excerpt":{"rendered":"<p>Signos y se\u00f1ales, un camino de meditaci\u00f3n con las fuerzas ben\u00e9ficas del universo.\u00a0Contiene 3 oraciones en formato MP3 con un total de 40 minutos de grabaci\u00f3n. Meditaci\u00f3n del perd\u00f3n, para que podamos perder las memorias sombr\u00edas que cargamos en nuestras almas. Liberar las energ\u00edas acrisoladas en el coraz\u00f3n, energ\u00edas que nos enferman y que nos &hellip; <a href=\"https:\/\/www.lojacarita.com.br\/loja\/product\/signos-y-senales-espanhol\/\">Continua<\/a><\/p>\n","protected":false},"featured_media":1263,"template":"","meta":[],"product_brand":[],"product_cat":[74,85],"product_tag":[],"class_list":{"0":"post-1262","1":"product","2":"type-product","3":"status-publish","4":"has-post-thumbnail","6":"product_cat-kits-em-castellano","7":"product_cat-oraciones","9":"first","10":"instock","11":"downloadable","12":"virtual","13":"purchasable","14":"product-type-simple"},"acf":[],"yoast_head":"<!-- This site is optimized with the Yoast SEO plugin v27.4 - https:\/\/yoast.com\/product\/yoast-seo-wordpress\/ -->\n<title>Signos y se\u00f1ales. (Espanhol) - Loja C\u00e1rita<\/title>\n<meta name=\"robots\" content=\"index, follow, max-snippet:-1, max-image-preview:large, max-video-preview:-1\" \/>\n<link rel=\"canonical\" href=\"https:\/\/www.lojacarita.com.br\/loja\/product\/signos-y-senales-espanhol\/\" \/>\n<meta property=\"og:locale\" content=\"pt_BR\" \/>\n<meta property=\"og:type\" content=\"article\" \/>\n<meta property=\"og:title\" content=\"Signos y se\u00f1ales. (Espanhol) - Loja C\u00e1rita\" \/>\n<meta property=\"og:description\" content=\"Signos y se\u00f1ales, un camino de meditaci\u00f3n con las fuerzas ben\u00e9ficas del universo.\u00a0Contiene 3 oraciones en formato MP3 con un total de 40 minutos de grabaci\u00f3n. Meditaci\u00f3n del perd\u00f3n, para que podamos perder las memorias sombr\u00edas que cargamos en nuestras almas. Liberar las energ\u00edas acrisoladas en el coraz\u00f3n, energ\u00edas que nos enferman y que nos &hellip; Continua\" \/>\n<meta property=\"og:url\" content=\"https:\/\/www.lojacarita.com.br\/loja\/product\/signos-y-senales-espanhol\/\" \/>\n<meta property=\"og:site_name\" content=\"Loja C\u00e1rita\" \/>\n<meta property=\"article:modified_time\" content=\"2024-10-19T20:52:25+00:00\" \/>\n<meta property=\"og:image\" content=\"https:\/\/www.lojacarita.com.br\/loja\/wp-content\/uploads\/2023\/11\/signos_y_senales_cd_portada.jpg\" \/>\n\t<meta property=\"og:image:width\" content=\"1429\" \/>\n\t<meta property=\"og:image:height\" content=\"1417\" \/>\n\t<meta property=\"og:image:type\" content=\"image\/jpeg\" \/>\n<meta name=\"twitter:card\" content=\"summary_large_image\" \/>\n<meta name=\"twitter:label1\" content=\"Est. tempo de leitura\" \/>\n\t<meta name=\"twitter:data1\" content=\"1 minuto\" \/>\n<script type=\"application\/ld+json\" class=\"yoast-schema-graph\">{\"@context\":\"https:\\\/\\\/schema.org\",\"@graph\":[{\"@type\":\"WebPage\",\"@id\":\"https:\\\/\\\/www.lojacarita.com.br\\\/loja\\\/product\\\/signos-y-senales-espanhol\\\/\",\"url\":\"https:\\\/\\\/www.lojacarita.com.br\\\/loja\\\/product\\\/signos-y-senales-espanhol\\\/\",\"name\":\"Signos y se\u00f1ales. (Espanhol) - Loja C\u00e1rita\",\"isPartOf\":{\"@id\":\"https:\\\/\\\/www.lojacarita.com.br\\\/loja\\\/#website\"},\"primaryImageOfPage\":{\"@id\":\"https:\\\/\\\/www.lojacarita.com.br\\\/loja\\\/product\\\/signos-y-senales-espanhol\\\/#primaryimage\"},\"image\":{\"@id\":\"https:\\\/\\\/www.lojacarita.com.br\\\/loja\\\/product\\\/signos-y-senales-espanhol\\\/#primaryimage\"},\"thumbnailUrl\":\"https:\\\/\\\/www.lojacarita.com.br\\\/loja\\\/wp-content\\\/uploads\\\/2023\\\/11\\\/signos_y_senales_cd_portada.jpg\",\"datePublished\":\"2023-11-03T17:25:51+00:00\",\"dateModified\":\"2024-10-19T20:52:25+00:00\",\"breadcrumb\":{\"@id\":\"https:\\\/\\\/www.lojacarita.com.br\\\/loja\\\/product\\\/signos-y-senales-espanhol\\\/#breadcrumb\"},\"inLanguage\":\"pt-BR\",\"potentialAction\":[{\"@type\":\"ReadAction\",\"target\":[\"https:\\\/\\\/www.lojacarita.com.br\\\/loja\\\/product\\\/signos-y-senales-espanhol\\\/\"]}]},{\"@type\":\"ImageObject\",\"inLanguage\":\"pt-BR\",\"@id\":\"https:\\\/\\\/www.lojacarita.com.br\\\/loja\\\/product\\\/signos-y-senales-espanhol\\\/#primaryimage\",\"url\":\"https:\\\/\\\/www.lojacarita.com.br\\\/loja\\\/wp-content\\\/uploads\\\/2023\\\/11\\\/signos_y_senales_cd_portada.jpg\",\"contentUrl\":\"https:\\\/\\\/www.lojacarita.com.br\\\/loja\\\/wp-content\\\/uploads\\\/2023\\\/11\\\/signos_y_senales_cd_portada.jpg\",\"width\":1429,\"height\":1417},{\"@type\":\"BreadcrumbList\",\"@id\":\"https:\\\/\\\/www.lojacarita.com.br\\\/loja\\\/product\\\/signos-y-senales-espanhol\\\/#breadcrumb\",\"itemListElement\":[{\"@type\":\"ListItem\",\"position\":1,\"name\":\"In\u00edcio\",\"item\":\"https:\\\/\\\/www.lojacarita.com.br\\\/loja\\\/\"},{\"@type\":\"ListItem\",\"position\":2,\"name\":\"Produtos\",\"item\":\"https:\\\/\\\/www.lojacarita.com.br\\\/loja\\\/nossos-produtos\\\/\"},{\"@type\":\"ListItem\",\"position\":3,\"name\":\"Signos y se\u00f1ales. (Espanhol)\"}]},{\"@type\":\"WebSite\",\"@id\":\"https:\\\/\\\/www.lojacarita.com.br\\\/loja\\\/#website\",\"url\":\"https:\\\/\\\/www.lojacarita.com.br\\\/loja\\\/\",\"name\":\"Loja C\u00e1rita\",\"description\":\"Amai-vos e instrui-vos! Esp\u00edrito de Verdade\",\"publisher\":{\"@id\":\"https:\\\/\\\/www.lojacarita.com.br\\\/loja\\\/#organization\"},\"potentialAction\":[{\"@type\":\"SearchAction\",\"target\":{\"@type\":\"EntryPoint\",\"urlTemplate\":\"https:\\\/\\\/www.lojacarita.com.br\\\/loja\\\/?s={search_term_string}\"},\"query-input\":{\"@type\":\"PropertyValueSpecification\",\"valueRequired\":true,\"valueName\":\"search_term_string\"}}],\"inLanguage\":\"pt-BR\"},{\"@type\":\"Organization\",\"@id\":\"https:\\\/\\\/www.lojacarita.com.br\\\/loja\\\/#organization\",\"name\":\"Loja C\u00e1rita\",\"url\":\"https:\\\/\\\/www.lojacarita.com.br\\\/loja\\\/\",\"logo\":{\"@type\":\"ImageObject\",\"inLanguage\":\"pt-BR\",\"@id\":\"https:\\\/\\\/www.lojacarita.com.br\\\/loja\\\/#\\\/schema\\\/logo\\\/image\\\/\",\"url\":\"http:\\\/\\\/www.lojacarita.com.br\\\/loja2021\\\/wp-content\\\/uploads\\\/2021\\\/05\\\/favicon.png\",\"contentUrl\":\"http:\\\/\\\/www.lojacarita.com.br\\\/loja2021\\\/wp-content\\\/uploads\\\/2021\\\/05\\\/favicon.png\",\"width\":512,\"height\":512,\"caption\":\"Loja C\u00e1rita\"},\"image\":{\"@id\":\"https:\\\/\\\/www.lojacarita.com.br\\\/loja\\\/#\\\/schema\\\/logo\\\/image\\\/\"}}]}<\/script>\n<!-- \/ Yoast SEO plugin. -->","yoast_head_json":{"title":"Signos y se\u00f1ales. (Espanhol) - Loja C\u00e1rita","robots":{"index":"index","follow":"follow","max-snippet":"max-snippet:-1","max-image-preview":"max-image-preview:large","max-video-preview":"max-video-preview:-1"},"canonical":"https:\/\/www.lojacarita.com.br\/loja\/product\/signos-y-senales-espanhol\/","og_locale":"pt_BR","og_type":"article","og_title":"Signos y se\u00f1ales. (Espanhol) - Loja C\u00e1rita","og_description":"Signos y se\u00f1ales, un camino de meditaci\u00f3n con las fuerzas ben\u00e9ficas del universo.\u00a0Contiene 3 oraciones en formato MP3 con un total de 40 minutos de grabaci\u00f3n. Meditaci\u00f3n del perd\u00f3n, para que podamos perder las memorias sombr\u00edas que cargamos en nuestras almas. Liberar las energ\u00edas acrisoladas en el coraz\u00f3n, energ\u00edas que nos enferman y que nos &hellip; Continua","og_url":"https:\/\/www.lojacarita.com.br\/loja\/product\/signos-y-senales-espanhol\/","og_site_name":"Loja C\u00e1rita","article_modified_time":"2024-10-19T20:52:25+00:00","og_image":[{"width":1429,"height":1417,"url":"https:\/\/www.lojacarita.com.br\/loja\/wp-content\/uploads\/2023\/11\/signos_y_senales_cd_portada.jpg","type":"image\/jpeg"}],"twitter_card":"summary_large_image","twitter_misc":{"Est. tempo de leitura":"1 minuto"},"schema":{"@context":"https:\/\/schema.org","@graph":[{"@type":"WebPage","@id":"https:\/\/www.lojacarita.com.br\/loja\/product\/signos-y-senales-espanhol\/","url":"https:\/\/www.lojacarita.com.br\/loja\/product\/signos-y-senales-espanhol\/","name":"Signos y se\u00f1ales. (Espanhol) - Loja C\u00e1rita","isPartOf":{"@id":"https:\/\/www.lojacarita.com.br\/loja\/#website"},"primaryImageOfPage":{"@id":"https:\/\/www.lojacarita.com.br\/loja\/product\/signos-y-senales-espanhol\/#primaryimage"},"image":{"@id":"https:\/\/www.lojacarita.com.br\/loja\/product\/signos-y-senales-espanhol\/#primaryimage"},"thumbnailUrl":"https:\/\/www.lojacarita.com.br\/loja\/wp-content\/uploads\/2023\/11\/signos_y_senales_cd_portada.jpg","datePublished":"2023-11-03T17:25:51+00:00","dateModified":"2024-10-19T20:52:25+00:00","breadcrumb":{"@id":"https:\/\/www.lojacarita.com.br\/loja\/product\/signos-y-senales-espanhol\/#breadcrumb"},"inLanguage":"pt-BR","potentialAction":[{"@type":"ReadAction","target":["https:\/\/www.lojacarita.com.br\/loja\/product\/signos-y-senales-espanhol\/"]}]},{"@type":"ImageObject","inLanguage":"pt-BR","@id":"https:\/\/www.lojacarita.com.br\/loja\/product\/signos-y-senales-espanhol\/#primaryimage","url":"https:\/\/www.lojacarita.com.br\/loja\/wp-content\/uploads\/2023\/11\/signos_y_senales_cd_portada.jpg","contentUrl":"https:\/\/www.lojacarita.com.br\/loja\/wp-content\/uploads\/2023\/11\/signos_y_senales_cd_portada.jpg","width":1429,"height":1417},{"@type":"BreadcrumbList","@id":"https:\/\/www.lojacarita.com.br\/loja\/product\/signos-y-senales-espanhol\/#breadcrumb","itemListElement":[{"@type":"ListItem","position":1,"name":"In\u00edcio","item":"https:\/\/www.lojacarita.com.br\/loja\/"},{"@type":"ListItem","position":2,"name":"Produtos","item":"https:\/\/www.lojacarita.com.br\/loja\/nossos-produtos\/"},{"@type":"ListItem","position":3,"name":"Signos y se\u00f1ales. (Espanhol)"}]},{"@type":"WebSite","@id":"https:\/\/www.lojacarita.com.br\/loja\/#website","url":"https:\/\/www.lojacarita.com.br\/loja\/","name":"Loja C\u00e1rita","description":"Amai-vos e instrui-vos! Esp\u00edrito de Verdade","publisher":{"@id":"https:\/\/www.lojacarita.com.br\/loja\/#organization"},"potentialAction":[{"@type":"SearchAction","target":{"@type":"EntryPoint","urlTemplate":"https:\/\/www.lojacarita.com.br\/loja\/?s={search_term_string}"},"query-input":{"@type":"PropertyValueSpecification","valueRequired":true,"valueName":"search_term_string"}}],"inLanguage":"pt-BR"},{"@type":"Organization","@id":"https:\/\/www.lojacarita.com.br\/loja\/#organization","name":"Loja C\u00e1rita","url":"https:\/\/www.lojacarita.com.br\/loja\/","logo":{"@type":"ImageObject","inLanguage":"pt-BR","@id":"https:\/\/www.lojacarita.com.br\/loja\/#\/schema\/logo\/image\/","url":"http:\/\/www.lojacarita.com.br\/loja2021\/wp-content\/uploads\/2021\/05\/favicon.png","contentUrl":"http:\/\/www.lojacarita.com.br\/loja2021\/wp-content\/uploads\/2021\/05\/favicon.png","width":512,"height":512,"caption":"Loja C\u00e1rita"},"image":{"@id":"https:\/\/www.lojacarita.com.br\/loja\/#\/schema\/logo\/image\/"}}]}},"_links":{"self":[{"href":"https:\/\/www.lojacarita.com.br\/loja\/wp-json\/wp\/v2\/product\/1262","targetHints":{"allow":["GET"]}}],"collection":[{"href":"https:\/\/www.lojacarita.com.br\/loja\/wp-json\/wp\/v2\/product"}],"about":[{"href":"https:\/\/www.lojacarita.com.br\/loja\/wp-json\/wp\/v2\/types\/product"}],"wp:featuredmedia":[{"embeddable":true,"href":"https:\/\/www.lojacarita.com.br\/loja\/wp-json\/wp\/v2\/media\/1263"}],"wp:attachment":[{"href":"https:\/\/www.lojacarita.com.br\/loja\/wp-json\/wp\/v2\/media?parent=1262"}],"wp:term":[{"taxonomy":"product_brand","embeddable":true,"href":"https:\/\/www.lojacarita.com.br\/loja\/wp-json\/wp\/v2\/product_brand?post=1262"},{"taxonomy":"product_cat","embeddable":true,"href":"https:\/\/www.lojacarita.com.br\/loja\/wp-json\/wp\/v2\/product_cat?post=1262"},{"taxonomy":"product_tag","embeddable":true,"href":"https:\/\/www.lojacarita.com.br\/loja\/wp-json\/wp\/v2\/product_tag?post=1262"}],"curies":[{"name":"wp","href":"https:\/\/api.w.org\/{rel}","templated":true}]}}