{"id":1252,"date":"2023-11-03T14:16:55","date_gmt":"2023-11-03T17:16:55","guid":{"rendered":"https:\/\/www.lojacarita.com.br\/loja\/product\/oracoes\/"},"modified":"2024-10-19T18:00:16","modified_gmt":"2024-10-19T21:00:16","slug":"oracoes","status":"publish","type":"product","link":"https:\/\/www.lojacarita.com.br\/loja\/product\/oracoes\/","title":{"rendered":"Ora\u00e7\u00f5es"},"content":{"rendered":"<p>Cole\u00e7\u00e3o de ora\u00e7\u00f5es para a cura da alma. Cont\u00e9m 13 faixas no formato MP3 com um total de 24 minutos de grava\u00e7\u00f5es.<\/p>\n<p>Mensagens do Esp\u00edrito Amigo, locu\u00e7\u00e3o Eliana dos Santos.<\/p>\n<h4><\/h4>\n<hr style=\"margin-top: 20px;margin-bottom: 20px;color: #666666\" width=\"75%\" \/>\n<h5 style=\"font-family: 'Open Sans', sans-serif;color: #444444;margin-top: 10px;margin-bottom: 10px\">Ouve uma pequena mostra das mensagens espirituais:<\/h5>\n<p style=\"font-family: 'Open Sans', sans-serif;color: #444444;margin-top: 10px;margin-bottom: 10px\">Faixa 6 &#8211;\u00a0<span style=\"color: #000000\">Ora\u00e7\u00e3o de amor ao pr\u00f3ximo<\/span><\/p>\n<p><audio style=\"width: 370px;background: #ffffff\" preload=\"none\" controls=\"controls\">\t \t<a href=\"https:\/\/www.lojacarita.com.br\/loja\/wp-content\/uploads\/2023\/11\/samples\/oracoes-06-sample.mp3\"><font size=\"2\">Play<\/font><\/a><\/audio><\/p>\n<p>&nbsp;<\/p>\n<p>Faixa 7 &#8211; Ora\u00e7\u00e3o de gratid\u00e3o pelo dia<\/p>\n<p><audio style=\"width: 370px;background: #ffffff\" preload=\"none\" controls=\"controls\">\t \t<a href=\"https:\/\/www.lojacarita.com.br\/loja\/wp-content\/uploads\/2023\/11\/samples\/oracoes-07-sample.mp3\"><font size=\"2\">Play<\/font><\/a><\/audio><\/p>\n<p>&nbsp;<\/p>\n<h4>Lista das ora\u00e7\u00f5es:<\/h4>\n<ol>\n<li>Ora\u00e7\u00e3o caminha para o c\u00e9u 2&#8217;44&#8221;<\/li>\n<li>O fariseu e o publicano 1&#8217;06&#8221;<\/li>\n<li>Falar com Deus. Allan Kardec e a ora\u00e7\u00e3o 2&#8217;00&#8221;<\/li>\n<li>Um clamor: Mestre! Mestre! 1&#8217;52&#8221;<\/li>\n<li>Prece para permanecer em Deus 1&#8217;46&#8221;<\/li>\n<li>Ora\u00e7\u00e3o de amor ao pr\u00f3ximo 2&#8217;26&#8221;<\/li>\n<li>Ora\u00e7\u00e3o de gratid\u00e3o pelo dia 42&#8243;<\/li>\n<li>Ora\u00e7\u00e3o da ovelha ferida 1&#8217;39&#8221;<\/li>\n<li>Suplica: Pai afasta de mim o velho homem 1&#8217;07&#8221;<\/li>\n<li>Ora\u00e7\u00e3o do vencedor na verdade 1&#8217;48&#8221;<\/li>\n<li>Pai nosso 48&#8243;<\/li>\n<li>Breves rogativas a Jesus 2&#8217;02&#8221;<\/li>\n<li>Ora\u00e7\u00e3o para curar: pelo planeta e pela humanidade 2&#8217;22&#8221;<\/li>\n<\/ol>\n<p>&nbsp;<\/p>\n","protected":false},"excerpt":{"rendered":"<p>Cole\u00e7\u00e3o de ora\u00e7\u00f5es para a cura da alma. Cont\u00e9m 13 faixas no formato MP3 com um total de 24 minutos de grava\u00e7\u00f5es. Mensagens do Esp\u00edrito Amigo, locu\u00e7\u00e3o Eliana dos Santos. Ouve uma pequena mostra das mensagens espirituais: Faixa 6 &#8211;\u00a0Ora\u00e7\u00e3o de amor ao pr\u00f3ximo Play &nbsp; Faixa 7 &#8211; Ora\u00e7\u00e3o de gratid\u00e3o pelo dia Play &hellip; <a href=\"https:\/\/www.lojacarita.com.br\/loja\/product\/oracoes\/\">Continua<\/a><\/p>\n","protected":false},"featured_media":1253,"template":"","meta":[],"product_brand":[],"product_cat":[73,82],"product_tag":[],"class_list":{"0":"post-1252","1":"product","2":"type-product","3":"status-publish","4":"has-post-thumbnail","6":"product_cat-oracoes","7":"product_cat-tratamentos","9":"first","10":"instock","11":"downloadable","12":"virtual","13":"purchasable","14":"product-type-simple"},"acf":[],"yoast_head":"<!-- This site is optimized with the Yoast SEO plugin v27.4 - https:\/\/yoast.com\/product\/yoast-seo-wordpress\/ -->\n<title>Ora\u00e7\u00f5es - Loja C\u00e1rita<\/title>\n<meta name=\"robots\" content=\"index, follow, max-snippet:-1, max-image-preview:large, max-video-preview:-1\" \/>\n<link rel=\"canonical\" href=\"https:\/\/www.lojacarita.com.br\/loja\/product\/oracoes\/\" \/>\n<meta property=\"og:locale\" content=\"pt_BR\" \/>\n<meta property=\"og:type\" content=\"article\" \/>\n<meta property=\"og:title\" content=\"Ora\u00e7\u00f5es - Loja C\u00e1rita\" \/>\n<meta property=\"og:description\" content=\"Cole\u00e7\u00e3o de ora\u00e7\u00f5es para a cura da alma. Cont\u00e9m 13 faixas no formato MP3 com um total de 24 minutos de grava\u00e7\u00f5es. Mensagens do Esp\u00edrito Amigo, locu\u00e7\u00e3o Eliana dos Santos. Ouve uma pequena mostra das mensagens espirituais: Faixa 6 &#8211;\u00a0Ora\u00e7\u00e3o de amor ao pr\u00f3ximo Play &nbsp; Faixa 7 &#8211; Ora\u00e7\u00e3o de gratid\u00e3o pelo dia Play &hellip; Continua\" \/>\n<meta property=\"og:url\" content=\"https:\/\/www.lojacarita.com.br\/loja\/product\/oracoes\/\" \/>\n<meta property=\"og:site_name\" content=\"Loja C\u00e1rita\" \/>\n<meta property=\"article:modified_time\" content=\"2024-10-19T21:00:16+00:00\" \/>\n<meta property=\"og:image\" content=\"https:\/\/www.lojacarita.com.br\/loja\/wp-content\/uploads\/2023\/11\/capa-cd-oracoes.jpg\" \/>\n\t<meta property=\"og:image:width\" content=\"715\" \/>\n\t<meta property=\"og:image:height\" content=\"709\" \/>\n\t<meta property=\"og:image:type\" content=\"image\/jpeg\" \/>\n<meta name=\"twitter:card\" content=\"summary_large_image\" \/>\n<meta name=\"twitter:label1\" content=\"Est. tempo de leitura\" \/>\n\t<meta name=\"twitter:data1\" content=\"1 minuto\" \/>\n<script type=\"application\/ld+json\" class=\"yoast-schema-graph\">{\"@context\":\"https:\\\/\\\/schema.org\",\"@graph\":[{\"@type\":\"WebPage\",\"@id\":\"https:\\\/\\\/www.lojacarita.com.br\\\/loja\\\/product\\\/oracoes\\\/\",\"url\":\"https:\\\/\\\/www.lojacarita.com.br\\\/loja\\\/product\\\/oracoes\\\/\",\"name\":\"Ora\u00e7\u00f5es - Loja C\u00e1rita\",\"isPartOf\":{\"@id\":\"https:\\\/\\\/www.lojacarita.com.br\\\/loja\\\/#website\"},\"primaryImageOfPage\":{\"@id\":\"https:\\\/\\\/www.lojacarita.com.br\\\/loja\\\/product\\\/oracoes\\\/#primaryimage\"},\"image\":{\"@id\":\"https:\\\/\\\/www.lojacarita.com.br\\\/loja\\\/product\\\/oracoes\\\/#primaryimage\"},\"thumbnailUrl\":\"https:\\\/\\\/www.lojacarita.com.br\\\/loja\\\/wp-content\\\/uploads\\\/2023\\\/11\\\/capa-cd-oracoes.jpg\",\"datePublished\":\"2023-11-03T17:16:55+00:00\",\"dateModified\":\"2024-10-19T21:00:16+00:00\",\"breadcrumb\":{\"@id\":\"https:\\\/\\\/www.lojacarita.com.br\\\/loja\\\/product\\\/oracoes\\\/#breadcrumb\"},\"inLanguage\":\"pt-BR\",\"potentialAction\":[{\"@type\":\"ReadAction\",\"target\":[\"https:\\\/\\\/www.lojacarita.com.br\\\/loja\\\/product\\\/oracoes\\\/\"]}]},{\"@type\":\"ImageObject\",\"inLanguage\":\"pt-BR\",\"@id\":\"https:\\\/\\\/www.lojacarita.com.br\\\/loja\\\/product\\\/oracoes\\\/#primaryimage\",\"url\":\"https:\\\/\\\/www.lojacarita.com.br\\\/loja\\\/wp-content\\\/uploads\\\/2023\\\/11\\\/capa-cd-oracoes.jpg\",\"contentUrl\":\"https:\\\/\\\/www.lojacarita.com.br\\\/loja\\\/wp-content\\\/uploads\\\/2023\\\/11\\\/capa-cd-oracoes.jpg\",\"width\":715,\"height\":709},{\"@type\":\"BreadcrumbList\",\"@id\":\"https:\\\/\\\/www.lojacarita.com.br\\\/loja\\\/product\\\/oracoes\\\/#breadcrumb\",\"itemListElement\":[{\"@type\":\"ListItem\",\"position\":1,\"name\":\"In\u00edcio\",\"item\":\"https:\\\/\\\/www.lojacarita.com.br\\\/loja\\\/\"},{\"@type\":\"ListItem\",\"position\":2,\"name\":\"Produtos\",\"item\":\"https:\\\/\\\/www.lojacarita.com.br\\\/loja\\\/nossos-produtos\\\/\"},{\"@type\":\"ListItem\",\"position\":3,\"name\":\"Ora\u00e7\u00f5es\"}]},{\"@type\":\"WebSite\",\"@id\":\"https:\\\/\\\/www.lojacarita.com.br\\\/loja\\\/#website\",\"url\":\"https:\\\/\\\/www.lojacarita.com.br\\\/loja\\\/\",\"name\":\"Loja C\u00e1rita\",\"description\":\"Amai-vos e instrui-vos! Esp\u00edrito de Verdade\",\"publisher\":{\"@id\":\"https:\\\/\\\/www.lojacarita.com.br\\\/loja\\\/#organization\"},\"potentialAction\":[{\"@type\":\"SearchAction\",\"target\":{\"@type\":\"EntryPoint\",\"urlTemplate\":\"https:\\\/\\\/www.lojacarita.com.br\\\/loja\\\/?s={search_term_string}\"},\"query-input\":{\"@type\":\"PropertyValueSpecification\",\"valueRequired\":true,\"valueName\":\"search_term_string\"}}],\"inLanguage\":\"pt-BR\"},{\"@type\":\"Organization\",\"@id\":\"https:\\\/\\\/www.lojacarita.com.br\\\/loja\\\/#organization\",\"name\":\"Loja C\u00e1rita\",\"url\":\"https:\\\/\\\/www.lojacarita.com.br\\\/loja\\\/\",\"logo\":{\"@type\":\"ImageObject\",\"inLanguage\":\"pt-BR\",\"@id\":\"https:\\\/\\\/www.lojacarita.com.br\\\/loja\\\/#\\\/schema\\\/logo\\\/image\\\/\",\"url\":\"http:\\\/\\\/www.lojacarita.com.br\\\/loja2021\\\/wp-content\\\/uploads\\\/2021\\\/05\\\/favicon.png\",\"contentUrl\":\"http:\\\/\\\/www.lojacarita.com.br\\\/loja2021\\\/wp-content\\\/uploads\\\/2021\\\/05\\\/favicon.png\",\"width\":512,\"height\":512,\"caption\":\"Loja C\u00e1rita\"},\"image\":{\"@id\":\"https:\\\/\\\/www.lojacarita.com.br\\\/loja\\\/#\\\/schema\\\/logo\\\/image\\\/\"}}]}<\/script>\n<!-- \/ Yoast SEO plugin. -->","yoast_head_json":{"title":"Ora\u00e7\u00f5es - Loja C\u00e1rita","robots":{"index":"index","follow":"follow","max-snippet":"max-snippet:-1","max-image-preview":"max-image-preview:large","max-video-preview":"max-video-preview:-1"},"canonical":"https:\/\/www.lojacarita.com.br\/loja\/product\/oracoes\/","og_locale":"pt_BR","og_type":"article","og_title":"Ora\u00e7\u00f5es - Loja C\u00e1rita","og_description":"Cole\u00e7\u00e3o de ora\u00e7\u00f5es para a cura da alma. Cont\u00e9m 13 faixas no formato MP3 com um total de 24 minutos de grava\u00e7\u00f5es. Mensagens do Esp\u00edrito Amigo, locu\u00e7\u00e3o Eliana dos Santos. Ouve uma pequena mostra das mensagens espirituais: Faixa 6 &#8211;\u00a0Ora\u00e7\u00e3o de amor ao pr\u00f3ximo Play &nbsp; Faixa 7 &#8211; Ora\u00e7\u00e3o de gratid\u00e3o pelo dia Play &hellip; Continua","og_url":"https:\/\/www.lojacarita.com.br\/loja\/product\/oracoes\/","og_site_name":"Loja C\u00e1rita","article_modified_time":"2024-10-19T21:00:16+00:00","og_image":[{"width":715,"height":709,"url":"https:\/\/www.lojacarita.com.br\/loja\/wp-content\/uploads\/2023\/11\/capa-cd-oracoes.jpg","type":"image\/jpeg"}],"twitter_card":"summary_large_image","twitter_misc":{"Est. tempo de leitura":"1 minuto"},"schema":{"@context":"https:\/\/schema.org","@graph":[{"@type":"WebPage","@id":"https:\/\/www.lojacarita.com.br\/loja\/product\/oracoes\/","url":"https:\/\/www.lojacarita.com.br\/loja\/product\/oracoes\/","name":"Ora\u00e7\u00f5es - Loja C\u00e1rita","isPartOf":{"@id":"https:\/\/www.lojacarita.com.br\/loja\/#website"},"primaryImageOfPage":{"@id":"https:\/\/www.lojacarita.com.br\/loja\/product\/oracoes\/#primaryimage"},"image":{"@id":"https:\/\/www.lojacarita.com.br\/loja\/product\/oracoes\/#primaryimage"},"thumbnailUrl":"https:\/\/www.lojacarita.com.br\/loja\/wp-content\/uploads\/2023\/11\/capa-cd-oracoes.jpg","datePublished":"2023-11-03T17:16:55+00:00","dateModified":"2024-10-19T21:00:16+00:00","breadcrumb":{"@id":"https:\/\/www.lojacarita.com.br\/loja\/product\/oracoes\/#breadcrumb"},"inLanguage":"pt-BR","potentialAction":[{"@type":"ReadAction","target":["https:\/\/www.lojacarita.com.br\/loja\/product\/oracoes\/"]}]},{"@type":"ImageObject","inLanguage":"pt-BR","@id":"https:\/\/www.lojacarita.com.br\/loja\/product\/oracoes\/#primaryimage","url":"https:\/\/www.lojacarita.com.br\/loja\/wp-content\/uploads\/2023\/11\/capa-cd-oracoes.jpg","contentUrl":"https:\/\/www.lojacarita.com.br\/loja\/wp-content\/uploads\/2023\/11\/capa-cd-oracoes.jpg","width":715,"height":709},{"@type":"BreadcrumbList","@id":"https:\/\/www.lojacarita.com.br\/loja\/product\/oracoes\/#breadcrumb","itemListElement":[{"@type":"ListItem","position":1,"name":"In\u00edcio","item":"https:\/\/www.lojacarita.com.br\/loja\/"},{"@type":"ListItem","position":2,"name":"Produtos","item":"https:\/\/www.lojacarita.com.br\/loja\/nossos-produtos\/"},{"@type":"ListItem","position":3,"name":"Ora\u00e7\u00f5es"}]},{"@type":"WebSite","@id":"https:\/\/www.lojacarita.com.br\/loja\/#website","url":"https:\/\/www.lojacarita.com.br\/loja\/","name":"Loja C\u00e1rita","description":"Amai-vos e instrui-vos! Esp\u00edrito de Verdade","publisher":{"@id":"https:\/\/www.lojacarita.com.br\/loja\/#organization"},"potentialAction":[{"@type":"SearchAction","target":{"@type":"EntryPoint","urlTemplate":"https:\/\/www.lojacarita.com.br\/loja\/?s={search_term_string}"},"query-input":{"@type":"PropertyValueSpecification","valueRequired":true,"valueName":"search_term_string"}}],"inLanguage":"pt-BR"},{"@type":"Organization","@id":"https:\/\/www.lojacarita.com.br\/loja\/#organization","name":"Loja C\u00e1rita","url":"https:\/\/www.lojacarita.com.br\/loja\/","logo":{"@type":"ImageObject","inLanguage":"pt-BR","@id":"https:\/\/www.lojacarita.com.br\/loja\/#\/schema\/logo\/image\/","url":"http:\/\/www.lojacarita.com.br\/loja2021\/wp-content\/uploads\/2021\/05\/favicon.png","contentUrl":"http:\/\/www.lojacarita.com.br\/loja2021\/wp-content\/uploads\/2021\/05\/favicon.png","width":512,"height":512,"caption":"Loja C\u00e1rita"},"image":{"@id":"https:\/\/www.lojacarita.com.br\/loja\/#\/schema\/logo\/image\/"}}]}},"_links":{"self":[{"href":"https:\/\/www.lojacarita.com.br\/loja\/wp-json\/wp\/v2\/product\/1252","targetHints":{"allow":["GET"]}}],"collection":[{"href":"https:\/\/www.lojacarita.com.br\/loja\/wp-json\/wp\/v2\/product"}],"about":[{"href":"https:\/\/www.lojacarita.com.br\/loja\/wp-json\/wp\/v2\/types\/product"}],"wp:featuredmedia":[{"embeddable":true,"href":"https:\/\/www.lojacarita.com.br\/loja\/wp-json\/wp\/v2\/media\/1253"}],"wp:attachment":[{"href":"https:\/\/www.lojacarita.com.br\/loja\/wp-json\/wp\/v2\/media?parent=1252"}],"wp:term":[{"taxonomy":"product_brand","embeddable":true,"href":"https:\/\/www.lojacarita.com.br\/loja\/wp-json\/wp\/v2\/product_brand?post=1252"},{"taxonomy":"product_cat","embeddable":true,"href":"https:\/\/www.lojacarita.com.br\/loja\/wp-json\/wp\/v2\/product_cat?post=1252"},{"taxonomy":"product_tag","embeddable":true,"href":"https:\/\/www.lojacarita.com.br\/loja\/wp-json\/wp\/v2\/product_tag?post=1252"}],"curies":[{"name":"wp","href":"https:\/\/api.w.org\/{rel}","templated":true}]}}