{"id":1144,"date":"2023-11-03T14:08:11","date_gmt":"2023-11-03T17:08:11","guid":{"rendered":"https:\/\/www.lojacarita.com.br\/loja\/product\/boa-nova-995\/"},"modified":"2023-12-05T08:05:40","modified_gmt":"2023-12-05T11:05:40","slug":"boa-nova-995","status":"publish","type":"product","link":"https:\/\/www.lojacarita.com.br\/loja\/product\/boa-nova-995\/","title":{"rendered":"Boa Nova 995"},"content":{"rendered":"<div>\n<div>\n<div>O \u2018Pleno do Pleno\u2019 Para o Encontro com Deus<\/div>\n<\/div>\n<div><\/div>\n<\/div>\n<div>12 de noviembre de 2016<\/div>\n<div><\/div>\n<p>Mensagem espiritual pelos esp\u00edritos Yoseph e Celina<br \/>Psicofon\u00eda da m\u00e9dium Eliana dos Santos<\/p>\n<p>Dura\u00e7\u00e3o: 54min<\/p>\n<hr width=\"75%\">\n<h5>Ouve a apresenta\u00e7\u00e3o da mensagem espiritual:<\/h5>\n<p><audio style=\"width:350px;background:#ffffff;width: 370px;\" preload=\"none\" ontimeupdate=\"updateTime()\" controls=\"\" metadata=\"\"><source src=\"https:\/\/www.lojacarita.com.br\/loja\/wp-content\/uploads\/2023\/11\/samples\/bn995_abertura.mp3\" type=\"audio\/mpeg\"><a href=\"https:\/\/www.lojacarita.com.br\/loja\/wp-content\/uploads\/2023\/11\/samples\/bn995_abertura.mp3\"><font size=\"2\">Play<\/font><\/a><\/audio><\/p>\n<hr width=\"75%\">\n<h5>Ouve os primeiros 5 minutos da mensagem espiritual:<\/h5>\n<p><audio style=\"width:350px;background:#ffffff;width: 370px;\" preload=\"none\" ontimeupdate=\"updateTime()\" controls=\"\" metadata=\"\"><source src=\"https:\/\/www.lojacarita.com.br\/loja\/wp-content\/uploads\/2023\/11\/samples\/bn-995-sample.mp3\" type=\"audio\/mpeg\"><a href=\"https:\/\/www.lojacarita.com.br\/loja\/wp-content\/uploads\/2023\/11\/samples\/bn-995-sample.mp3\"><font size=\"2\">Play<\/font><\/a><\/audio><\/p>\n<blockquote>\n<p>\u00ab(&#8230;)Da mesma forma a voz celeste, o rudimento, o conhecimento da l\u00edngua n\u00e3o nos proporciona o encontro&#8230; \u00c9 uma senha para o encontro&#8230; Me coloca naquele mundo, mas o trabalho para estar naquele mundo \u00e9 meu, \u00e9 t\u00e3o somente meu! Do meu ser! \u00c9 desafiador e maravilhoso, e de uma sabedoria que realmente pertence \u00e0 divindade. N\u00e3o estamos nas m\u00e3os de ningu\u00e9m, de ningu\u00e9m! S\u00f3 em nossas pr\u00f3prias m\u00e3os, e nas m\u00e3os de Deus. Ent\u00e3o \u00e9 um passo: das minhas m\u00e3os \u00e0s m\u00e3os de Deus. Sou linha na palma das M\u00e3os de Deus!\u00bb<\/p>\n<\/blockquote>\n<p>Boa Nova 995 Eur\u00edpedes Barsanulfo<\/p>\n<p><\/p>\n<h3>Profundizando nos conte\u00fados da Boa Nova 995<\/h3>\n<p>Com o t\u00edtulo \u201co pleno do pleno, a paz\u201d e subt\u00edtulo \u201ca senha para encontro com Deus\u201d, boa nova 995 em 12 de novembro de 2016. A C\u00e1rita Editora entrega \u00e0 querida rede de audi\u00e7\u00e3o mais um texto, mais um contexto, mais um degrau pequenino nesse nosso processo de crescimento espiritual, nesse nosso caminho de crescimento de nossa estatura moral e espiritual.<\/p>\n<p>Nesta data de s\u00e1bado antes da palestra, recebemos em nossa Casa, Cec\u00edlia, uma estudante do &nbsp;do s\u00e2nscrito. Ela nos trouxe informa\u00e7\u00f5es maravilhosas sobre esta linguagem da nossa velha \u00cdndia ou do continente que chamamos nosso velho continente. Essa palestra que antecede a prele\u00e7\u00e3o, torna-se na verdade o eixo condutor de toda mensagem deixada nesse encontro pelo nosso querido e amoroso Yoseph e tamb\u00e9m torna-se o centro das linhas que Celina nos deixou.<\/p>\n<p>Assim encontraremos na contracapa da nossa boa nova esta senha, como dizemos que foi um dos subt\u00edtulos, que a s\u00e2nscrito nos deixa e a espiritualidade examina que o conhecimento de uma l\u00edngua ou alguns conhecimentos se tornam senhas para o grande encontro, o encontro do nosso ser com Deus. Uma senha pode me abrir portas, mas passar por ela e caminhar no continente que se abre frente a esta porta, isto me pertence, isto est\u00e1 em minhas m\u00e3os, este trabalho \u00e9 t\u00e3o somente meu e do meu ser.<\/p>\n<p>Essa boa nova 995 a espiritualidade ent\u00e3o enfatiza esse processo.<\/p>\n<p>Processo esse que em verdade vai nos redimensionar a passagem do Cristo \u201cminha paz voz dou\u201d, mas n\u00e3o como o mundo a d\u00e1.<\/p>\n<p>A palavra em verdade nos traz coment\u00e1rios em torno dessa passagem crist\u00e3.<\/p>\n<p>Relacionando a este momento em que o Cristo nos fala da paz que Ele nos deixa com a finalidade maior da nossa reencarna\u00e7\u00e3o, que \u00e9 em verdade a aprendizagem dessa paz, ou seja, a nossa espiritualiza\u00e7\u00e3o.<\/p>\n<p>O convite maior \u00e9 este: espiritualizemo-nos. Segue o texto maior do m\u00eas de novembro, avan\u00e7ando assim semana a semana para esse ano que j\u00e1 vai findando e nos deixando saudades antecipadas. Grande abra\u00e7o, nos despedimos com a paz que Jesus nos deixou, compreendendo um pouco mais como \u00e9 esta paz, diferente da paz que muitas vezes esperamos e que envolve nossa vida na Terra, t\u00e3o somente resumindo-nos aos valores da vida terrena. Grande aprendizagem, muita luz para todos, at\u00e9 o pr\u00f3ximo encontro.<\/p>\n<p>Vamos descobrir este t\u00edtulo maravilhoso: o pleno do pleno. Foi uma palavra que Cec\u00edlia palestrante nos deixou. Dentro de toda prele\u00e7\u00e3o, n\u00f3s vamos compreender a plenitude dessa paz.<\/p>\n<p><\/p>\n<h3>A ora\u00e7\u00e3o de Celina<\/h3>\n<p>Nossa querida Celina passando e orando e falando com Deus, tamb\u00e9m enfatiza as palavras belas em torno do s\u00e2nscrito. Convida-nos a deix\u00e1-las como mem\u00f3rias vivas, convida-nos inclusive a transmiti-la a nosso pr\u00f3ximo, convida-nos a tocar o nosso pr\u00f3ximo com estes ensinos, tamb\u00e9m nos adverte para n\u00e3o deix\u00e1-los guardados como p\u00e3o que se perde nas prateleiras dos nossos esquecimentos.<\/p>\n<p>Celina nos chama para partilhar este p\u00e3o, ofert\u00e1-lo &nbsp;aos irm\u00e3os em desespero, pois eles nos alimenta como palavras que confortam, palavras que consolam e que precisam estar em nossa voz.<\/p>\n<p>Celina segue trazendo-nos a grande verdade de que se houver queda em nossos caminhos, \u00e9 com o fim de que nos levantemos, se nos perdermos diz ela, \u00e9 para que n\u00f3s nos achemos. Aponta Celina que h\u00e1 um sentido ben\u00e9fico em todo o universo.<\/p>\n<p>Nada tenho de perverso em si mesmo, pois Deus \u00e9 bondade das bondades, grandezas de todas as grandezas poss\u00edveis \u00e0 nossa imagina\u00e7\u00e3o. Assim, nada se perde, nada.<\/p>\n<p>Celina vai assim tecendo o seu texto, ela d\u00e1 \u00eanfase a este olhar que consegue ver a vida atrav\u00e9s da morte, que consegue ver o sentido das experi\u00eancias mais dolorosas. Que n\u00f3s possamos olhar nossas perdas, diz ela, entendendo que se elas acontecem \u00e9 para que eu encontre outros caminhos. Muita paz, grande, grande abra\u00e7o como sempre, C\u00e1rita Editora Esp\u00edrita.<\/p>\n<div><\/div>\n<p><\/p>\n","protected":false},"excerpt":{"rendered":"<p>O \u2018Pleno do Pleno\u2019 Para o Encontro com Deus 12 de noviembre de 2016 Mensagem espiritual pelos esp\u00edritos Yoseph e CelinaPsicofon\u00eda da m\u00e9dium Eliana dos Santos Dura\u00e7\u00e3o: 54min Ouve a apresenta\u00e7\u00e3o da mensagem espiritual: Play Ouve os primeiros 5 minutos da mensagem espiritual: Play \u00ab(&#8230;)Da mesma forma a voz celeste, o rudimento, o conhecimento da &hellip; <a href=\"https:\/\/www.lojacarita.com.br\/loja\/product\/boa-nova-995\/\">Continua<\/a><\/p>\n","protected":false},"featured_media":1145,"template":"","meta":[],"product_brand":[],"product_cat":[81],"product_tag":[],"class_list":{"0":"post-1144","1":"product","2":"type-product","3":"status-publish","4":"has-post-thumbnail","6":"product_cat-boas_novas","8":"first","9":"instock","10":"downloadable","11":"virtual","12":"purchasable","13":"product-type-simple"},"acf":[],"yoast_head":"<!-- This site is optimized with the Yoast SEO plugin v27.4 - https:\/\/yoast.com\/product\/yoast-seo-wordpress\/ -->\n<title>Boa Nova 995 - Loja C\u00e1rita<\/title>\n<meta name=\"robots\" content=\"index, follow, max-snippet:-1, max-image-preview:large, max-video-preview:-1\" \/>\n<link rel=\"canonical\" href=\"https:\/\/www.lojacarita.com.br\/loja\/product\/boa-nova-995\/\" \/>\n<meta property=\"og:locale\" content=\"pt_BR\" \/>\n<meta property=\"og:type\" content=\"article\" \/>\n<meta property=\"og:title\" content=\"Boa Nova 995 - Loja C\u00e1rita\" \/>\n<meta property=\"og:description\" content=\"O \u2018Pleno do Pleno\u2019 Para o Encontro com Deus 12 de noviembre de 2016 Mensagem espiritual pelos esp\u00edritos Yoseph e CelinaPsicofon\u00eda da m\u00e9dium Eliana dos Santos Dura\u00e7\u00e3o: 54min Ouve a apresenta\u00e7\u00e3o da mensagem espiritual: Play Ouve os primeiros 5 minutos da mensagem espiritual: Play \u00ab(&#8230;)Da mesma forma a voz celeste, o rudimento, o conhecimento da &hellip; Continua\" \/>\n<meta property=\"og:url\" content=\"https:\/\/www.lojacarita.com.br\/loja\/product\/boa-nova-995\/\" \/>\n<meta property=\"og:site_name\" content=\"Loja C\u00e1rita\" \/>\n<meta property=\"article:modified_time\" content=\"2023-12-05T11:05:40+00:00\" \/>\n<meta property=\"og:image\" content=\"https:\/\/www.lojacarita.com.br\/loja\/wp-content\/uploads\/2023\/11\/bn-995-capa.jpg\" \/>\n\t<meta property=\"og:image:width\" content=\"454\" \/>\n\t<meta property=\"og:image:height\" content=\"454\" \/>\n\t<meta property=\"og:image:type\" content=\"image\/jpeg\" \/>\n<meta name=\"twitter:card\" content=\"summary_large_image\" \/>\n<meta name=\"twitter:label1\" content=\"Est. tempo de leitura\" \/>\n\t<meta name=\"twitter:data1\" content=\"4 minutos\" \/>\n<script type=\"application\/ld+json\" class=\"yoast-schema-graph\">{\"@context\":\"https:\\\/\\\/schema.org\",\"@graph\":[{\"@type\":\"WebPage\",\"@id\":\"https:\\\/\\\/www.lojacarita.com.br\\\/loja\\\/product\\\/boa-nova-995\\\/\",\"url\":\"https:\\\/\\\/www.lojacarita.com.br\\\/loja\\\/product\\\/boa-nova-995\\\/\",\"name\":\"Boa Nova 995 - Loja C\u00e1rita\",\"isPartOf\":{\"@id\":\"https:\\\/\\\/www.lojacarita.com.br\\\/loja\\\/#website\"},\"primaryImageOfPage\":{\"@id\":\"https:\\\/\\\/www.lojacarita.com.br\\\/loja\\\/product\\\/boa-nova-995\\\/#primaryimage\"},\"image\":{\"@id\":\"https:\\\/\\\/www.lojacarita.com.br\\\/loja\\\/product\\\/boa-nova-995\\\/#primaryimage\"},\"thumbnailUrl\":\"https:\\\/\\\/www.lojacarita.com.br\\\/loja\\\/wp-content\\\/uploads\\\/2023\\\/11\\\/bn-995-capa.jpg\",\"datePublished\":\"2023-11-03T17:08:11+00:00\",\"dateModified\":\"2023-12-05T11:05:40+00:00\",\"breadcrumb\":{\"@id\":\"https:\\\/\\\/www.lojacarita.com.br\\\/loja\\\/product\\\/boa-nova-995\\\/#breadcrumb\"},\"inLanguage\":\"pt-BR\",\"potentialAction\":[{\"@type\":\"ReadAction\",\"target\":[\"https:\\\/\\\/www.lojacarita.com.br\\\/loja\\\/product\\\/boa-nova-995\\\/\"]}]},{\"@type\":\"ImageObject\",\"inLanguage\":\"pt-BR\",\"@id\":\"https:\\\/\\\/www.lojacarita.com.br\\\/loja\\\/product\\\/boa-nova-995\\\/#primaryimage\",\"url\":\"https:\\\/\\\/www.lojacarita.com.br\\\/loja\\\/wp-content\\\/uploads\\\/2023\\\/11\\\/bn-995-capa.jpg\",\"contentUrl\":\"https:\\\/\\\/www.lojacarita.com.br\\\/loja\\\/wp-content\\\/uploads\\\/2023\\\/11\\\/bn-995-capa.jpg\",\"width\":454,\"height\":454},{\"@type\":\"BreadcrumbList\",\"@id\":\"https:\\\/\\\/www.lojacarita.com.br\\\/loja\\\/product\\\/boa-nova-995\\\/#breadcrumb\",\"itemListElement\":[{\"@type\":\"ListItem\",\"position\":1,\"name\":\"In\u00edcio\",\"item\":\"https:\\\/\\\/www.lojacarita.com.br\\\/loja\\\/\"},{\"@type\":\"ListItem\",\"position\":2,\"name\":\"Produtos\",\"item\":\"https:\\\/\\\/www.lojacarita.com.br\\\/loja\\\/nossos-produtos\\\/\"},{\"@type\":\"ListItem\",\"position\":3,\"name\":\"Boa Nova 995\"}]},{\"@type\":\"WebSite\",\"@id\":\"https:\\\/\\\/www.lojacarita.com.br\\\/loja\\\/#website\",\"url\":\"https:\\\/\\\/www.lojacarita.com.br\\\/loja\\\/\",\"name\":\"Loja C\u00e1rita\",\"description\":\"Amai-vos e instrui-vos! Esp\u00edrito de Verdade\",\"publisher\":{\"@id\":\"https:\\\/\\\/www.lojacarita.com.br\\\/loja\\\/#organization\"},\"potentialAction\":[{\"@type\":\"SearchAction\",\"target\":{\"@type\":\"EntryPoint\",\"urlTemplate\":\"https:\\\/\\\/www.lojacarita.com.br\\\/loja\\\/?s={search_term_string}\"},\"query-input\":{\"@type\":\"PropertyValueSpecification\",\"valueRequired\":true,\"valueName\":\"search_term_string\"}}],\"inLanguage\":\"pt-BR\"},{\"@type\":\"Organization\",\"@id\":\"https:\\\/\\\/www.lojacarita.com.br\\\/loja\\\/#organization\",\"name\":\"Loja C\u00e1rita\",\"url\":\"https:\\\/\\\/www.lojacarita.com.br\\\/loja\\\/\",\"logo\":{\"@type\":\"ImageObject\",\"inLanguage\":\"pt-BR\",\"@id\":\"https:\\\/\\\/www.lojacarita.com.br\\\/loja\\\/#\\\/schema\\\/logo\\\/image\\\/\",\"url\":\"http:\\\/\\\/www.lojacarita.com.br\\\/loja2021\\\/wp-content\\\/uploads\\\/2021\\\/05\\\/favicon.png\",\"contentUrl\":\"http:\\\/\\\/www.lojacarita.com.br\\\/loja2021\\\/wp-content\\\/uploads\\\/2021\\\/05\\\/favicon.png\",\"width\":512,\"height\":512,\"caption\":\"Loja C\u00e1rita\"},\"image\":{\"@id\":\"https:\\\/\\\/www.lojacarita.com.br\\\/loja\\\/#\\\/schema\\\/logo\\\/image\\\/\"}}]}<\/script>\n<!-- \/ Yoast SEO plugin. -->","yoast_head_json":{"title":"Boa Nova 995 - Loja C\u00e1rita","robots":{"index":"index","follow":"follow","max-snippet":"max-snippet:-1","max-image-preview":"max-image-preview:large","max-video-preview":"max-video-preview:-1"},"canonical":"https:\/\/www.lojacarita.com.br\/loja\/product\/boa-nova-995\/","og_locale":"pt_BR","og_type":"article","og_title":"Boa Nova 995 - Loja C\u00e1rita","og_description":"O \u2018Pleno do Pleno\u2019 Para o Encontro com Deus 12 de noviembre de 2016 Mensagem espiritual pelos esp\u00edritos Yoseph e CelinaPsicofon\u00eda da m\u00e9dium Eliana dos Santos Dura\u00e7\u00e3o: 54min Ouve a apresenta\u00e7\u00e3o da mensagem espiritual: Play Ouve os primeiros 5 minutos da mensagem espiritual: Play \u00ab(&#8230;)Da mesma forma a voz celeste, o rudimento, o conhecimento da &hellip; Continua","og_url":"https:\/\/www.lojacarita.com.br\/loja\/product\/boa-nova-995\/","og_site_name":"Loja C\u00e1rita","article_modified_time":"2023-12-05T11:05:40+00:00","og_image":[{"width":454,"height":454,"url":"https:\/\/www.lojacarita.com.br\/loja\/wp-content\/uploads\/2023\/11\/bn-995-capa.jpg","type":"image\/jpeg"}],"twitter_card":"summary_large_image","twitter_misc":{"Est. tempo de leitura":"4 minutos"},"schema":{"@context":"https:\/\/schema.org","@graph":[{"@type":"WebPage","@id":"https:\/\/www.lojacarita.com.br\/loja\/product\/boa-nova-995\/","url":"https:\/\/www.lojacarita.com.br\/loja\/product\/boa-nova-995\/","name":"Boa Nova 995 - Loja C\u00e1rita","isPartOf":{"@id":"https:\/\/www.lojacarita.com.br\/loja\/#website"},"primaryImageOfPage":{"@id":"https:\/\/www.lojacarita.com.br\/loja\/product\/boa-nova-995\/#primaryimage"},"image":{"@id":"https:\/\/www.lojacarita.com.br\/loja\/product\/boa-nova-995\/#primaryimage"},"thumbnailUrl":"https:\/\/www.lojacarita.com.br\/loja\/wp-content\/uploads\/2023\/11\/bn-995-capa.jpg","datePublished":"2023-11-03T17:08:11+00:00","dateModified":"2023-12-05T11:05:40+00:00","breadcrumb":{"@id":"https:\/\/www.lojacarita.com.br\/loja\/product\/boa-nova-995\/#breadcrumb"},"inLanguage":"pt-BR","potentialAction":[{"@type":"ReadAction","target":["https:\/\/www.lojacarita.com.br\/loja\/product\/boa-nova-995\/"]}]},{"@type":"ImageObject","inLanguage":"pt-BR","@id":"https:\/\/www.lojacarita.com.br\/loja\/product\/boa-nova-995\/#primaryimage","url":"https:\/\/www.lojacarita.com.br\/loja\/wp-content\/uploads\/2023\/11\/bn-995-capa.jpg","contentUrl":"https:\/\/www.lojacarita.com.br\/loja\/wp-content\/uploads\/2023\/11\/bn-995-capa.jpg","width":454,"height":454},{"@type":"BreadcrumbList","@id":"https:\/\/www.lojacarita.com.br\/loja\/product\/boa-nova-995\/#breadcrumb","itemListElement":[{"@type":"ListItem","position":1,"name":"In\u00edcio","item":"https:\/\/www.lojacarita.com.br\/loja\/"},{"@type":"ListItem","position":2,"name":"Produtos","item":"https:\/\/www.lojacarita.com.br\/loja\/nossos-produtos\/"},{"@type":"ListItem","position":3,"name":"Boa Nova 995"}]},{"@type":"WebSite","@id":"https:\/\/www.lojacarita.com.br\/loja\/#website","url":"https:\/\/www.lojacarita.com.br\/loja\/","name":"Loja C\u00e1rita","description":"Amai-vos e instrui-vos! Esp\u00edrito de Verdade","publisher":{"@id":"https:\/\/www.lojacarita.com.br\/loja\/#organization"},"potentialAction":[{"@type":"SearchAction","target":{"@type":"EntryPoint","urlTemplate":"https:\/\/www.lojacarita.com.br\/loja\/?s={search_term_string}"},"query-input":{"@type":"PropertyValueSpecification","valueRequired":true,"valueName":"search_term_string"}}],"inLanguage":"pt-BR"},{"@type":"Organization","@id":"https:\/\/www.lojacarita.com.br\/loja\/#organization","name":"Loja C\u00e1rita","url":"https:\/\/www.lojacarita.com.br\/loja\/","logo":{"@type":"ImageObject","inLanguage":"pt-BR","@id":"https:\/\/www.lojacarita.com.br\/loja\/#\/schema\/logo\/image\/","url":"http:\/\/www.lojacarita.com.br\/loja2021\/wp-content\/uploads\/2021\/05\/favicon.png","contentUrl":"http:\/\/www.lojacarita.com.br\/loja2021\/wp-content\/uploads\/2021\/05\/favicon.png","width":512,"height":512,"caption":"Loja C\u00e1rita"},"image":{"@id":"https:\/\/www.lojacarita.com.br\/loja\/#\/schema\/logo\/image\/"}}]}},"_links":{"self":[{"href":"https:\/\/www.lojacarita.com.br\/loja\/wp-json\/wp\/v2\/product\/1144","targetHints":{"allow":["GET"]}}],"collection":[{"href":"https:\/\/www.lojacarita.com.br\/loja\/wp-json\/wp\/v2\/product"}],"about":[{"href":"https:\/\/www.lojacarita.com.br\/loja\/wp-json\/wp\/v2\/types\/product"}],"wp:featuredmedia":[{"embeddable":true,"href":"https:\/\/www.lojacarita.com.br\/loja\/wp-json\/wp\/v2\/media\/1145"}],"wp:attachment":[{"href":"https:\/\/www.lojacarita.com.br\/loja\/wp-json\/wp\/v2\/media?parent=1144"}],"wp:term":[{"taxonomy":"product_brand","embeddable":true,"href":"https:\/\/www.lojacarita.com.br\/loja\/wp-json\/wp\/v2\/product_brand?post=1144"},{"taxonomy":"product_cat","embeddable":true,"href":"https:\/\/www.lojacarita.com.br\/loja\/wp-json\/wp\/v2\/product_cat?post=1144"},{"taxonomy":"product_tag","embeddable":true,"href":"https:\/\/www.lojacarita.com.br\/loja\/wp-json\/wp\/v2\/product_tag?post=1144"}],"curies":[{"name":"wp","href":"https:\/\/api.w.org\/{rel}","templated":true}]}}