{"id":1140,"date":"2023-11-03T14:08:05","date_gmt":"2023-11-03T17:08:05","guid":{"rendered":"https:\/\/www.lojacarita.com.br\/loja\/product\/boa-nova-988\/"},"modified":"2023-12-05T08:05:39","modified_gmt":"2023-12-05T11:05:39","slug":"boa-nova-988","status":"publish","type":"product","link":"https:\/\/www.lojacarita.com.br\/loja\/product\/boa-nova-988\/","title":{"rendered":"Boa Nova 988"},"content":{"rendered":"<div>Tempos Suaves<br \/>\n<br \/>O Mito de Pandora \u00e0 luz da DE<\/div>\n<div>24 de setembro de 2016<\/div>\n<div><\/div>\n<p>Mensagem espiritual pelos esp\u00edritos Yoseph e Celina<br \/>Psicofon\u00eda da m\u00e8dium Eliana dos Santos<\/p>\n<p>Dura\u00e7\u00e3o: 1h 5min<\/p>\n<hr width=\"75%\">\n<h5>Ouve a apresenta\u00e7\u00e3o da mensagem espiritual:<\/h5>\n<p><audio style=\"width:350px;background:#ffffff;width: 370px;\" preload=\"none\" ontimeupdate=\"updateTime()\" controls=\"\" metadata=\"\"><source src=\"https:\/\/www.lojacarita.com.br\/loja\/wp-content\/uploads\/2023\/11\/samples\/bn988_abertura.mp3\" type=\"audio\/mpeg\"><a href=\"https:\/\/www.lojacarita.com.br\/loja\/wp-content\/uploads\/2023\/11\/samples\/bn988_abertura.mp3\"><font size=\"2\">Play<\/font><\/a><\/audio><\/p>\n<hr width=\"75%\">\n<h5>Ouve os primeiros 5 minutos da mensagem espiritual:<\/h5>\n<p><audio style=\"width:350px;background:#ffffff;width: 370px;\" preload=\"none\" ontimeupdate=\"updateTime()\" controls=\"\" metadata=\"\"><source src=\"https:\/\/www.lojacarita.com.br\/loja\/wp-content\/uploads\/2023\/11\/samples\/bn-988-sample.mp3\" type=\"audio\/mpeg\"><a href=\"https:\/\/www.lojacarita.com.br\/loja\/wp-content\/uploads\/2023\/11\/samples\/bn-988-sample.mp3\"><font size=\"2\">Play<\/font><\/a><\/audio><\/p>\n<blockquote>\n<p>\u00abPorque os tempos s\u00e3o suaves&#8230; Para quem encontrou esta<br \/>\nsuavidade. Qual \u00e9 ela? \u00c9 a suavidade do abandono das<br \/>\ntarefas? \u00c9 a suavidade do abandono dos deveres? &#8230; Do ser<br \/>\nque \u00e9 servido e n\u00e3o serve? Ou \u00e9 a suavidade crist\u00e3?<br \/>\n(&#8230;) A suavidade que n\u00f3s falamos, aquela que est\u00e1 na caixa de<br \/>\nPandora, no final da caixa&#8230; \u00c9 a suavidade crist\u00e3 &#8211; Meu fardo \u00e9<br \/>\nleve, o meu jugo \u00e9 suave. Reflitam sobre esta palavra do<br \/>\nCristo&#8230;\u00bb<\/p>\n<\/blockquote>\n<p>Boa Nova 988 &#8211; Eur\u00edpedes Barsanulfo<\/p>\n<p><\/p>\n<h3>Profundizando nos conte\u00fados da Boa Nova 988<\/h3>\n<p class=\"MsoNormal\" style=\"line-height:normal\"><span lang=\"PT-BR\">A espiritualidade mais uma vez nos traz a tema da<br \/>\nsuavidade, fala de um tempo suave, n\u00e3o nos esque\u00e7amos que algumas prele\u00e7\u00f5es<br \/>\natr\u00e1s ele tratou dos tempos sombrios, os homens nos tempos sombrios, faz inclusive<br \/>\nrefer\u00eancia a este termo durante a prele\u00e7\u00e3o. Convidamos a rede de audi\u00e7\u00e3o a dar<br \/>\nos seus ouvidos a esta lindas linhas que liberam o nosso esp\u00edrito para viv\u00eancia<br \/>\nda suavidade da vida. Todos n\u00f3s conhecemos a passagem crist\u00e3, \u201co meu jugo \u00e9<br \/>\nsuave e o meu fardo \u00e9 leve\u201d, dentro desse prisma, a espiritualidade ent\u00e3o<br \/>\nsupera a dram\u00e1tica passagem de Caim e Abel trazendo-nos a refer\u00eancia de nossa<br \/>\nsuavidade setembrina, ou da nossa suavidade do m\u00eas de setembro primaveril, a<br \/>\nsuavidade das flores que n\u00e3o usam botas e tampouco marcham, mas caminham<br \/>\nsuavemente, florescendo sempre.<o:p><\/o:p><\/span><\/p>\n<p class=\"MsoNormal\" style=\"line-height:normal\"><span lang=\"PT-BR\">O tema segue em torno da dificuldade humana de tecer a<br \/>\nsuavidade. A espiritualidade lan\u00e7a m\u00e3o do mito grego, da caixa de pandora.<br \/>\nPandora \u00e9 um mito antigo, conhecido, ela \u00e9 dada em casamento, a Prometeu, que<br \/>\nn\u00e3o a recebe porque sabe que Zeus tem um plano de vingan\u00e7a. O irm\u00e3o dele, Epimeteu<br \/>\nent\u00e3o a recebe em casamento e incauto n\u00e3o houve os conselhos de prometer,<br \/>\ncasa-se com ela. Zeus envia junto com Pandora uma caixa que n\u00e3o pode ser<br \/>\naberta. Sua curiosidade leva a abrir a caixa e todos os males saem. Esse mito<br \/>\nnarra a origem dos males humanos, mas Pandora percebe isto rapidamente e v\u00ea que<br \/>\nfundo da caixa morava a esperan\u00e7a, uma luz, e ela rapidamente fecha a caixa.<br \/>\nEsta \u00e9 a parte importante do mito. A espiritualidade nos chama \u00e0 grande<br \/>\naprendizagem : vamos aprender a fechar a caixa de Pandora, essa caixa que<br \/>\nhabita o nosso \u00edntimo, essa caixa que habita a nossa mente,&nbsp; os nossos l\u00e1bios , o h\u00e1bito da maledic\u00eancia,<br \/>\ndo criticismo, das falas mentirosas que nos envolvem, s\u00e3o os males, pois que, a<br \/>\npalavra sem verdade e vida ocasiona ferimentos no pr\u00f3ximo.<o:p><\/o:p><\/span><\/p>\n<p class=\"MsoNormal\" style=\"line-height:normal\"><span lang=\"PT-BR\">Somos chamados na boa nova 988 a fechar esta caixa<br \/>\npara que os males n\u00e3o saiam mais e deixar l\u00e1 &nbsp;no fundo a esperan\u00e7a.<o:p><\/o:p><\/span><\/p>\n<p class=\"MsoNormal\" style=\"line-height:normal\"><span lang=\"PT-BR\">Em algumas vers\u00f5es do mito, n\u00e3o \u00e9 uma caixa, mas uma<br \/>\njarra, um vaso, materiais simb\u00f3licos da literatura que nos ajudam a repensar os<br \/>\nnossos caminhos. Dos nossos l\u00e1bios, do nosso corpo humano, um jarro, um vaso. O<br \/>\nque \u00e9 que estou carregando dentro dele? Males ? Ser\u00e1 que n\u00e3o posso fech\u00e1-lo, n\u00e3o<br \/>\ntenho for\u00e7as para isto ?<o:p><\/o:p><\/span><\/p>\n<p class=\"MsoNormal\" style=\"line-height:normal\"><span lang=\"PT-BR\">A espiritualidade nos aponta a partir da palestra da<br \/>\nnoite, sobre a obra Mission\u00e1rios da Luz, de Andr\u00e9 Luiz,&nbsp; realizada pelo nosso m\u00e9dium, irm\u00e3o e tradutor<br \/>\nFrancisco Maugeri, apontamentos maravilhosos em torno da nossa capacidade de<br \/>\ntransmutar a noite em dia, a tristeza em alegrias e retic\u00eancias. <o:p><\/o:p><\/span><\/p>\n<p class=\"MsoNormal\">\n<p><span lang=\"PT-BR\" style=\"line-height: 115%;\">Ou\u00e7amos<br \/>\nlinda palavra de luz,&nbsp; boa nova 988<br \/>\nentregue pela C\u00e1rita Editora com nosso terno abra\u00e7o. Al\u00e9m de toda essa grande<br \/>\ntem\u00e1tica de supera\u00e7\u00e3o dos males, pela capacidade que n\u00f3s temos de frear o mal<br \/>\nem n\u00f3s mesmos, a espiritualidade alavanca a nossa caminhada pela vida. Esse<br \/>\nevento consta em nossos e-mails, vai como apontamento em nota de rodap\u00e9. Essa<br \/>\ncasa de Ora\u00e7\u00e3o F\u00e9 e Amor, h\u00e1 18 anos trabalha pela vida. \u00c9 um movimento para<br \/>\nque a vida ven\u00e7a, em oposi\u00e7\u00e3o claro, \u00e9 uma voz pequena, muito pequena quanto as<br \/>\nvozes que o materialismo&nbsp; traz \u00e0 baila, que<br \/>\n\u00e9 a voz da permiss\u00e3o do aborto. Assim, entregamos \u00e0 nossa casa de ora\u00e7\u00e3o mais<br \/>\nesse texto, com f\u00e9 e amor. F\u00e9 em Deus que realmente possamos caminhar os<br \/>\ncaminhos divinos e amor que nos faz tolerar as nossas pr\u00f3prias imperfei\u00e7\u00f5es,<br \/>\nmas como todo amor s\u00e1bio e bom, e tamb\u00e9m nos ajuda a n\u00e3o sermos coniventes<br \/>\nconosco mesmos e nos ajuda ent\u00e3o a entrar no caminho de supera\u00e7\u00e3o de nossas<br \/>\nimperfei\u00e7\u00f5es e limites. Muita paz. Abra\u00e7o grande, abra\u00e7o terno. Caminhemos na<br \/>\ndire\u00e7\u00e3o maior do mundo de amor, planeta de regenera\u00e7\u00e3o, outro grande tema<br \/>\nincluso nos subtemas dessa boa nova, da \u00faltima do m\u00eas de setembro do ano de<br \/>\n2016.<\/span><\/p>\n<h3><span lang=\"PT-BR\">A mensagem da Celina<\/span><\/h3>\n<p class=\"MsoNormal\" style=\"line-height:normal\"><span lang=\"PT-BR\">Na voz suave de Celina n\u00f3s temos uma ora\u00e7\u00e3o linda.<br \/>\nVamos ouvi-la. Singela como sempre, uma ora\u00e7\u00e3o que nos emociona.<o:p><\/o:p><\/span><\/p>\n<p class=\"MsoNormal\" style=\"line-height:normal\"><span lang=\"PT-BR\">Com sua voz terna, nos fala dos tempos suaves e nos<br \/>\nchama para caminhar pela vida.<o:p><\/o:p><\/span><\/p>\n<p class=\"MsoNormal\">\n<p class=\"MsoNormal\" style=\"line-height:normal\"><span lang=\"PT-BR\">N\u00e3o nos alongaremos. Deixamos que esta fala nos toque<br \/>\no cora\u00e7\u00e3o. Agradecendo aos c\u00e9us pela noite, nos despedimos. Terno abra\u00e7o,<br \/>\nC\u00e1rita Editora Esp\u00edrita.<\/span><\/p>\n","protected":false},"excerpt":{"rendered":"<p>Tempos Suaves O Mito de Pandora \u00e0 luz da DE 24 de setembro de 2016 Mensagem espiritual pelos esp\u00edritos Yoseph e CelinaPsicofon\u00eda da m\u00e8dium Eliana dos Santos Dura\u00e7\u00e3o: 1h 5min Ouve a apresenta\u00e7\u00e3o da mensagem espiritual: Play Ouve os primeiros 5 minutos da mensagem espiritual: Play \u00abPorque os tempos s\u00e3o suaves&#8230; Para quem encontrou esta &hellip; <a href=\"https:\/\/www.lojacarita.com.br\/loja\/product\/boa-nova-988\/\">Continua<\/a><\/p>\n","protected":false},"featured_media":1141,"template":"","meta":[],"product_brand":[],"product_cat":[81],"product_tag":[],"class_list":{"0":"post-1140","1":"product","2":"type-product","3":"status-publish","4":"has-post-thumbnail","6":"product_cat-boas_novas","8":"first","9":"instock","10":"downloadable","11":"virtual","12":"purchasable","13":"product-type-simple"},"acf":[],"yoast_head":"<!-- This site is optimized with the Yoast SEO plugin v27.4 - https:\/\/yoast.com\/product\/yoast-seo-wordpress\/ -->\n<title>Boa Nova 988 - Loja C\u00e1rita<\/title>\n<meta name=\"robots\" content=\"index, follow, max-snippet:-1, max-image-preview:large, max-video-preview:-1\" \/>\n<link rel=\"canonical\" href=\"https:\/\/www.lojacarita.com.br\/loja\/product\/boa-nova-988\/\" \/>\n<meta property=\"og:locale\" content=\"pt_BR\" \/>\n<meta property=\"og:type\" content=\"article\" \/>\n<meta property=\"og:title\" content=\"Boa Nova 988 - Loja C\u00e1rita\" \/>\n<meta property=\"og:description\" content=\"Tempos Suaves O Mito de Pandora \u00e0 luz da DE 24 de setembro de 2016 Mensagem espiritual pelos esp\u00edritos Yoseph e CelinaPsicofon\u00eda da m\u00e8dium Eliana dos Santos Dura\u00e7\u00e3o: 1h 5min Ouve a apresenta\u00e7\u00e3o da mensagem espiritual: Play Ouve os primeiros 5 minutos da mensagem espiritual: Play \u00abPorque os tempos s\u00e3o suaves&#8230; Para quem encontrou esta &hellip; Continua\" \/>\n<meta property=\"og:url\" content=\"https:\/\/www.lojacarita.com.br\/loja\/product\/boa-nova-988\/\" \/>\n<meta property=\"og:site_name\" content=\"Loja C\u00e1rita\" \/>\n<meta property=\"article:modified_time\" content=\"2023-12-05T11:05:39+00:00\" \/>\n<meta property=\"og:image\" content=\"https:\/\/www.lojacarita.com.br\/loja\/wp-content\/uploads\/2023\/11\/bn-988-capa.jpg\" \/>\n\t<meta property=\"og:image:width\" content=\"454\" \/>\n\t<meta property=\"og:image:height\" content=\"454\" \/>\n\t<meta property=\"og:image:type\" content=\"image\/jpeg\" \/>\n<meta name=\"twitter:card\" content=\"summary_large_image\" \/>\n<meta name=\"twitter:label1\" content=\"Est. tempo de leitura\" \/>\n\t<meta name=\"twitter:data1\" content=\"5 minutos\" \/>\n<script type=\"application\/ld+json\" class=\"yoast-schema-graph\">{\"@context\":\"https:\\\/\\\/schema.org\",\"@graph\":[{\"@type\":\"WebPage\",\"@id\":\"https:\\\/\\\/www.lojacarita.com.br\\\/loja\\\/product\\\/boa-nova-988\\\/\",\"url\":\"https:\\\/\\\/www.lojacarita.com.br\\\/loja\\\/product\\\/boa-nova-988\\\/\",\"name\":\"Boa Nova 988 - Loja C\u00e1rita\",\"isPartOf\":{\"@id\":\"https:\\\/\\\/www.lojacarita.com.br\\\/loja\\\/#website\"},\"primaryImageOfPage\":{\"@id\":\"https:\\\/\\\/www.lojacarita.com.br\\\/loja\\\/product\\\/boa-nova-988\\\/#primaryimage\"},\"image\":{\"@id\":\"https:\\\/\\\/www.lojacarita.com.br\\\/loja\\\/product\\\/boa-nova-988\\\/#primaryimage\"},\"thumbnailUrl\":\"https:\\\/\\\/www.lojacarita.com.br\\\/loja\\\/wp-content\\\/uploads\\\/2023\\\/11\\\/bn-988-capa.jpg\",\"datePublished\":\"2023-11-03T17:08:05+00:00\",\"dateModified\":\"2023-12-05T11:05:39+00:00\",\"breadcrumb\":{\"@id\":\"https:\\\/\\\/www.lojacarita.com.br\\\/loja\\\/product\\\/boa-nova-988\\\/#breadcrumb\"},\"inLanguage\":\"pt-BR\",\"potentialAction\":[{\"@type\":\"ReadAction\",\"target\":[\"https:\\\/\\\/www.lojacarita.com.br\\\/loja\\\/product\\\/boa-nova-988\\\/\"]}]},{\"@type\":\"ImageObject\",\"inLanguage\":\"pt-BR\",\"@id\":\"https:\\\/\\\/www.lojacarita.com.br\\\/loja\\\/product\\\/boa-nova-988\\\/#primaryimage\",\"url\":\"https:\\\/\\\/www.lojacarita.com.br\\\/loja\\\/wp-content\\\/uploads\\\/2023\\\/11\\\/bn-988-capa.jpg\",\"contentUrl\":\"https:\\\/\\\/www.lojacarita.com.br\\\/loja\\\/wp-content\\\/uploads\\\/2023\\\/11\\\/bn-988-capa.jpg\",\"width\":454,\"height\":454},{\"@type\":\"BreadcrumbList\",\"@id\":\"https:\\\/\\\/www.lojacarita.com.br\\\/loja\\\/product\\\/boa-nova-988\\\/#breadcrumb\",\"itemListElement\":[{\"@type\":\"ListItem\",\"position\":1,\"name\":\"In\u00edcio\",\"item\":\"https:\\\/\\\/www.lojacarita.com.br\\\/loja\\\/\"},{\"@type\":\"ListItem\",\"position\":2,\"name\":\"Produtos\",\"item\":\"https:\\\/\\\/www.lojacarita.com.br\\\/loja\\\/nossos-produtos\\\/\"},{\"@type\":\"ListItem\",\"position\":3,\"name\":\"Boa Nova 988\"}]},{\"@type\":\"WebSite\",\"@id\":\"https:\\\/\\\/www.lojacarita.com.br\\\/loja\\\/#website\",\"url\":\"https:\\\/\\\/www.lojacarita.com.br\\\/loja\\\/\",\"name\":\"Loja C\u00e1rita\",\"description\":\"Amai-vos e instrui-vos! Esp\u00edrito de Verdade\",\"publisher\":{\"@id\":\"https:\\\/\\\/www.lojacarita.com.br\\\/loja\\\/#organization\"},\"potentialAction\":[{\"@type\":\"SearchAction\",\"target\":{\"@type\":\"EntryPoint\",\"urlTemplate\":\"https:\\\/\\\/www.lojacarita.com.br\\\/loja\\\/?s={search_term_string}\"},\"query-input\":{\"@type\":\"PropertyValueSpecification\",\"valueRequired\":true,\"valueName\":\"search_term_string\"}}],\"inLanguage\":\"pt-BR\"},{\"@type\":\"Organization\",\"@id\":\"https:\\\/\\\/www.lojacarita.com.br\\\/loja\\\/#organization\",\"name\":\"Loja C\u00e1rita\",\"url\":\"https:\\\/\\\/www.lojacarita.com.br\\\/loja\\\/\",\"logo\":{\"@type\":\"ImageObject\",\"inLanguage\":\"pt-BR\",\"@id\":\"https:\\\/\\\/www.lojacarita.com.br\\\/loja\\\/#\\\/schema\\\/logo\\\/image\\\/\",\"url\":\"http:\\\/\\\/www.lojacarita.com.br\\\/loja2021\\\/wp-content\\\/uploads\\\/2021\\\/05\\\/favicon.png\",\"contentUrl\":\"http:\\\/\\\/www.lojacarita.com.br\\\/loja2021\\\/wp-content\\\/uploads\\\/2021\\\/05\\\/favicon.png\",\"width\":512,\"height\":512,\"caption\":\"Loja C\u00e1rita\"},\"image\":{\"@id\":\"https:\\\/\\\/www.lojacarita.com.br\\\/loja\\\/#\\\/schema\\\/logo\\\/image\\\/\"}}]}<\/script>\n<!-- \/ Yoast SEO plugin. -->","yoast_head_json":{"title":"Boa Nova 988 - Loja C\u00e1rita","robots":{"index":"index","follow":"follow","max-snippet":"max-snippet:-1","max-image-preview":"max-image-preview:large","max-video-preview":"max-video-preview:-1"},"canonical":"https:\/\/www.lojacarita.com.br\/loja\/product\/boa-nova-988\/","og_locale":"pt_BR","og_type":"article","og_title":"Boa Nova 988 - Loja C\u00e1rita","og_description":"Tempos Suaves O Mito de Pandora \u00e0 luz da DE 24 de setembro de 2016 Mensagem espiritual pelos esp\u00edritos Yoseph e CelinaPsicofon\u00eda da m\u00e8dium Eliana dos Santos Dura\u00e7\u00e3o: 1h 5min Ouve a apresenta\u00e7\u00e3o da mensagem espiritual: Play Ouve os primeiros 5 minutos da mensagem espiritual: Play \u00abPorque os tempos s\u00e3o suaves&#8230; Para quem encontrou esta &hellip; Continua","og_url":"https:\/\/www.lojacarita.com.br\/loja\/product\/boa-nova-988\/","og_site_name":"Loja C\u00e1rita","article_modified_time":"2023-12-05T11:05:39+00:00","og_image":[{"width":454,"height":454,"url":"https:\/\/www.lojacarita.com.br\/loja\/wp-content\/uploads\/2023\/11\/bn-988-capa.jpg","type":"image\/jpeg"}],"twitter_card":"summary_large_image","twitter_misc":{"Est. tempo de leitura":"5 minutos"},"schema":{"@context":"https:\/\/schema.org","@graph":[{"@type":"WebPage","@id":"https:\/\/www.lojacarita.com.br\/loja\/product\/boa-nova-988\/","url":"https:\/\/www.lojacarita.com.br\/loja\/product\/boa-nova-988\/","name":"Boa Nova 988 - Loja C\u00e1rita","isPartOf":{"@id":"https:\/\/www.lojacarita.com.br\/loja\/#website"},"primaryImageOfPage":{"@id":"https:\/\/www.lojacarita.com.br\/loja\/product\/boa-nova-988\/#primaryimage"},"image":{"@id":"https:\/\/www.lojacarita.com.br\/loja\/product\/boa-nova-988\/#primaryimage"},"thumbnailUrl":"https:\/\/www.lojacarita.com.br\/loja\/wp-content\/uploads\/2023\/11\/bn-988-capa.jpg","datePublished":"2023-11-03T17:08:05+00:00","dateModified":"2023-12-05T11:05:39+00:00","breadcrumb":{"@id":"https:\/\/www.lojacarita.com.br\/loja\/product\/boa-nova-988\/#breadcrumb"},"inLanguage":"pt-BR","potentialAction":[{"@type":"ReadAction","target":["https:\/\/www.lojacarita.com.br\/loja\/product\/boa-nova-988\/"]}]},{"@type":"ImageObject","inLanguage":"pt-BR","@id":"https:\/\/www.lojacarita.com.br\/loja\/product\/boa-nova-988\/#primaryimage","url":"https:\/\/www.lojacarita.com.br\/loja\/wp-content\/uploads\/2023\/11\/bn-988-capa.jpg","contentUrl":"https:\/\/www.lojacarita.com.br\/loja\/wp-content\/uploads\/2023\/11\/bn-988-capa.jpg","width":454,"height":454},{"@type":"BreadcrumbList","@id":"https:\/\/www.lojacarita.com.br\/loja\/product\/boa-nova-988\/#breadcrumb","itemListElement":[{"@type":"ListItem","position":1,"name":"In\u00edcio","item":"https:\/\/www.lojacarita.com.br\/loja\/"},{"@type":"ListItem","position":2,"name":"Produtos","item":"https:\/\/www.lojacarita.com.br\/loja\/nossos-produtos\/"},{"@type":"ListItem","position":3,"name":"Boa Nova 988"}]},{"@type":"WebSite","@id":"https:\/\/www.lojacarita.com.br\/loja\/#website","url":"https:\/\/www.lojacarita.com.br\/loja\/","name":"Loja C\u00e1rita","description":"Amai-vos e instrui-vos! Esp\u00edrito de Verdade","publisher":{"@id":"https:\/\/www.lojacarita.com.br\/loja\/#organization"},"potentialAction":[{"@type":"SearchAction","target":{"@type":"EntryPoint","urlTemplate":"https:\/\/www.lojacarita.com.br\/loja\/?s={search_term_string}"},"query-input":{"@type":"PropertyValueSpecification","valueRequired":true,"valueName":"search_term_string"}}],"inLanguage":"pt-BR"},{"@type":"Organization","@id":"https:\/\/www.lojacarita.com.br\/loja\/#organization","name":"Loja C\u00e1rita","url":"https:\/\/www.lojacarita.com.br\/loja\/","logo":{"@type":"ImageObject","inLanguage":"pt-BR","@id":"https:\/\/www.lojacarita.com.br\/loja\/#\/schema\/logo\/image\/","url":"http:\/\/www.lojacarita.com.br\/loja2021\/wp-content\/uploads\/2021\/05\/favicon.png","contentUrl":"http:\/\/www.lojacarita.com.br\/loja2021\/wp-content\/uploads\/2021\/05\/favicon.png","width":512,"height":512,"caption":"Loja C\u00e1rita"},"image":{"@id":"https:\/\/www.lojacarita.com.br\/loja\/#\/schema\/logo\/image\/"}}]}},"_links":{"self":[{"href":"https:\/\/www.lojacarita.com.br\/loja\/wp-json\/wp\/v2\/product\/1140","targetHints":{"allow":["GET"]}}],"collection":[{"href":"https:\/\/www.lojacarita.com.br\/loja\/wp-json\/wp\/v2\/product"}],"about":[{"href":"https:\/\/www.lojacarita.com.br\/loja\/wp-json\/wp\/v2\/types\/product"}],"wp:featuredmedia":[{"embeddable":true,"href":"https:\/\/www.lojacarita.com.br\/loja\/wp-json\/wp\/v2\/media\/1141"}],"wp:attachment":[{"href":"https:\/\/www.lojacarita.com.br\/loja\/wp-json\/wp\/v2\/media?parent=1140"}],"wp:term":[{"taxonomy":"product_brand","embeddable":true,"href":"https:\/\/www.lojacarita.com.br\/loja\/wp-json\/wp\/v2\/product_brand?post=1140"},{"taxonomy":"product_cat","embeddable":true,"href":"https:\/\/www.lojacarita.com.br\/loja\/wp-json\/wp\/v2\/product_cat?post=1140"},{"taxonomy":"product_tag","embeddable":true,"href":"https:\/\/www.lojacarita.com.br\/loja\/wp-json\/wp\/v2\/product_tag?post=1140"}],"curies":[{"name":"wp","href":"https:\/\/api.w.org\/{rel}","templated":true}]}}