{"id":1138,"date":"2023-11-03T14:07:59","date_gmt":"2023-11-03T17:07:59","guid":{"rendered":"https:\/\/www.lojacarita.com.br\/loja\/product\/boa-nova-987\/"},"modified":"2023-12-05T08:05:39","modified_gmt":"2023-12-05T11:05:39","slug":"boa-nova-987","status":"publish","type":"product","link":"https:\/\/www.lojacarita.com.br\/loja\/product\/boa-nova-987\/","title":{"rendered":"Boa Nova 987"},"content":{"rendered":"<div>A Indissolubilidade do Amor nas Reencarn\u00e7\u00f5es <br \/>(Abel e Caim, o mito b\u00edblico Parte 2 &#8211; \u00e0 Luz da Doctrina Esp\u00edrita)<\/div>\n<div>17 de setembro de 2016<\/div>\n<div><\/div>\n<p>Mensagem espiritual pelos esp\u00edritos Yoseph e Celina<br \/>Psicofon\u00eda da m\u00e8dium Eliana dos Santos<\/p>\n<p>Dura\u00e7\u00e3o: 1h 11min<\/p>\n<hr width=\"75%\">\n<h5>Ouve a apresenta\u00e7\u00e3o da mensagem espiritual:<\/h5>\n<p><audio style=\"width:350px;background:#ffffff;width: 370px;\" preload=\"none\" ontimeupdate=\"updateTime()\" controls=\"\" metadata=\"\"><source src=\"https:\/\/www.lojacarita.com.br\/loja\/wp-content\/uploads\/2023\/11\/samples\/bn987_abertura.mp3\" type=\"audio\/mpeg\"><a href=\"https:\/\/www.lojacarita.com.br\/loja\/wp-content\/uploads\/2023\/11\/samples\/bn987_abertura.mp3\"><font size=\"2\">Play<\/font><\/a><\/audio><\/p>\n<hr width=\"75%\">\n<h5>Ouve os primeiros 5 minutos da mensagem espiritual:<\/h5>\n<p><audio style=\"width:350px;background:#ffffff;width: 370px;\" preload=\"none\" ontimeupdate=\"updateTime()\" controls=\"\" metadata=\"\"><source src=\"https:\/\/www.lojacarita.com.br\/loja\/wp-content\/uploads\/2023\/11\/samples\/bn-987-sample.mp3\" type=\"audio\/mpeg\"><a href=\"https:\/\/www.lojacarita.com.br\/loja\/wp-content\/uploads\/2023\/11\/samples\/bn-987-sample.mp3\"><font size=\"2\">Play<\/font><\/a><\/audio><\/p>\n<blockquote>\n<p>\u00abCaminhemos! Os nascituros nascer\u00e3o. Planeta de Regenera\u00e7\u00e3o sendo gestado e vindo a ser em cada um de n\u00f3s, pequenos passos, pequena via &#8211; como disse a palestrante na semana que se foi, como dizemos h\u00e1 alguns anos nesta casa. Foi a via escolhida pelo Cristo: Ama nos detalhes, nas min\u00facias! Borda, borda os teus dias e as tuas horas, ternura amiga, cortesia, palavras ternas, descobrir ou adivinhar a necessidade alheia e acalent\u00e1-la\u00bb<\/p>\n<\/blockquote>\n<p>Boa Nova 987 &#8211; Eur\u00edpedes Barsanulfo<\/p>\n<p><\/p>\n<h3>Profundizando nos conte\u00fados da Boa Nova 987<\/h3>\n<p class=\"MsoNormal\"><span lang=\"PT-BR\">C\u00e1rita Editora Esp\u00edrita, nesta data de 17 de setembro de 2016 entrega a rede de audi\u00e7\u00e3o a boa nova 987. A indissolubilidade do amor nas reencarna\u00e7\u00f5es. Subt\u00edtulo: Abel e Caim: o mito b\u00edblico &#8211; parte II &#8211;  \u00e0 luz da Doutrina Esp\u00edrita, o amor incondicional.<br \/>\n<\/span><\/p>\n<p class=\"MsoNormal\"><span lang=\"PT-BR\">A espiritualidade nesse encontro traz o tema maravilhoso dando continuidade ao m\u00eas de setembro, o tema da caminhada pela vida. Nasceturos, vir a ser, os que viriam a ser, os sonhos sonhados, as quimeras espalhadas entre as claridades das estrelas, viriam a ser, n\u00e3o vieram a ser, nascituros.  O tema do encontro \u00e9 essa triste hora humana em que desencorajada, enfraquecida, entristecida, n\u00e3o consegue realizar seus sonhos, dar cumprimento a lei de amor, a lei de Deus, nas min\u00facias da sua vida e tamb\u00e9m em seus momentos dolorosos como o momento do aborto, como tr\u00e1gico momento em que uma m\u00e3e, um pai, uma fam\u00edlia escolhe romper os v\u00ednculos da vida.<br \/>\n<\/span><\/p>\n<p class=\"MsoNormal\"><span lang=\"PT-BR\">Como estamos dentro de um tema que contraria o quinto mandamento, n\u00e3o matar ou n\u00e3o matar\u00e1s, a espiritualidade faz a segunda reflex\u00e3o em torno no mito b\u00edblico, do arqu\u00e9tipo Caim e Abel.&nbsp;<\/span>Todos conhecemos a tr\u00e1gica passagem da dor de Caim ao ver Abel ser presenteado pelo Senhor. Essa dor que significa competi\u00e7\u00e3o, inveja, desencontro \u00edntimo profundo com rela\u00e7\u00e3o a vontade do pai, com a vontade de Deus, com a vontade do Senhor, a sua rea\u00e7\u00e3o \u00e9 revoltada e que culmina com a destrui\u00e7\u00e3o do seu irm\u00e3o. A espiritualidade continua examinando este momento, pois que n\u00f3s vamos percebendo com a reflex\u00e3o de Yoseph trazida nesse encontro, vamos percebendo o quanto Caim ainda habita nosso \u00edntimo e esse \u00e9 o objetivo da espiritualidade, nos conscientizar, trazer \u00e0 superf\u00edcie esses momentos dolorosos nossos em que acabamos por levar dores aos nossos irm\u00e3os, construindo momentos c\u00e1rmicos dolorosos para o nosso futuro.<br \/>\nSomos chamado nesse momento a essa compreens\u00e3o maior. <\/p>\n<p class=\"MsoNormal\">Somos chamados a compreender este fato, pois do contr\u00e1rio, diz a boa nova 987, n\u00f3s estaremos abortando a nossa irmandade, ali\u00e1s, esse \u00e9 um aborto frequente, diz a espiritualidade, frequentemente abortamos a nossa irmandade atrav\u00e9s de in\u00fameros mecanismos que s\u00e3o aceitos humanamente, aceitos socialmente, julgamos que assim \u00e9 e n\u00e3o \u00e9 assim, n\u00f3s precisamos nascer para as novas concep\u00e7\u00f5es de irmandade. A espiritualidade, em verdade, nos chama para o exame dessas figuras arquet\u00edpicas b\u00edblicas e para percep\u00e7\u00e3o do nosso Caim, do nosso julgamento do Pai.\n<\/p>\n<p class=\"MsoNormal\">Aqui somos conscientizados de que Caim julgou o pai e sentenciou a atitude do Senhor nessa passagem e tem o intento de machucar o pai com a morte do irm\u00e3o, o filho do Senhor, um dos filhos.\n<\/p>\n<p class=\"MsoNormal\">E ent\u00e3o a espiritualidade pede para que n\u00f3s translademos, inclusive ela diz, vamos transladar este mito, este arqu\u00e9tipo para o nosso cotidiano, Imaginar em nosso lar o esposo e a esposa. Quantos de n\u00f3s, muitas vezes, n\u00e3o denegrimos a imagem do esposo para um amigo, para um vizinho, para algu\u00e9m, construindo sobre ele um discurso que s\u00f3 pertence a mim mesmo.\n<\/p>\n<p class=\"MsoNormal\">O outro n\u00e3o cabe os nossos sentimentos, o outro, o nosso pr\u00f3ximo, quem quer que seja, pai, m\u00e3e, esposo, esposa, amigos, eles n\u00e3o cabem naquilo que percebemos. O nosso pr\u00f3ximo \u00e9 um mist\u00e9rio sempre. Precisamos aprender definitivamente com a psicologia moderna, contempor\u00e2nea, com os ensinamentos espirituais que, quando julgamos algu\u00e9m, n\u00f3s estamos apenas refletindo sobre ela o nosso pr\u00f3prio ser, espelhando sobre ela os nossos pr\u00f3prios problemas, o orgulho que nela vemos, a dureza, o criticismo, tudo o que possamos olhar, n\u00f3s estamos apenas vendo a n\u00f3s mesmos. Isto \u00e9 libertador, isto \u00e9 maravilhosos, isto nos liberta das m\u00e3os alheias, n\u00f3s estamos apenas em nossas m\u00e3os e podemos arbitrar e escolher, arbitrar e ser feliz, fazer  a escolha e sermos felizes. A felicidade afinal \u00e9 arb\u00edtrio, \u00e9 escolha.\n<\/p>\n<p class=\"MsoNormal\">Assim encerramos essa Boa Nova convidando a todos para a caminhada, essa grande caminhada at\u00e9 S\u00e3o Paulo, esse movimento de quarenta dias de vibra\u00e7\u00f5es para os nascituros, para que entremos nesse grande mar de vibra\u00e7\u00f5es e perten\u00e7amos j\u00e1 nesse momento ao mundo de regenera\u00e7\u00e3o que olha o pr\u00f3ximo com carinho e abra\u00e7a o pr\u00f3ximo, compreendendo-o como nossa parte, n\u00e3o mais como Caim, invejoso e destrutivo, mas como um novo homem, um novo ser, agradecendo a Deus a exist\u00eancia de Abel , compreendendo que o Senhor tamb\u00e9m nos presentear\u00e1, que o Senhor, o Pai tamb\u00e9m nos ama. Somos achados de Deus, amados por ele. Boa Nova 987, C\u00e1rita Editora com seu terno abra\u00e7o. At\u00e9 o pr\u00f3ximo encontro.\n<\/p>\n<p class=\"MsoNormal\">AMIC, Centro Esp\u00edrita F\u00e9 e Amor. A caminhada sair\u00e1 as 18:00 horas da segunda-feira dia 26. Acompanharemos  os caminhantes com todo nosso cora\u00e7\u00e3o e nossas preces, alguns com seus p\u00e9s, outros com os seus carros, enfim, caminha conosco tamb\u00e9m. Muitos pa\u00edses, muitas mulheres, crian\u00e7as, jovens estar\u00e3o caminhando, ou em pensamento ou em obras, o importante \u00e9 entrarmos nessa corrente de amor, porque essa corrente nos alcan\u00e7a e nossa vida ser\u00e1 mais bela, a mais terna, mais suave. Terno abra\u00e7o. C\u00e1rita.&nbsp;<\/p>\n<p class=\"MsoNormal\">Mais informa\u00e7\u00e3o sobre a caminhada: <a href=\"http:\/\/www.facebook.com\/pelavida40dias\">www.facebook.com\/pelavida40dias<\/a><a href=\"www.facebook.com\/pelavida40dias\" target=\"_blank\" rel=\"noopener\"><\/a>&nbsp;e tamb\u00e9m em na blog da <a href=\"http:\/\/www.anaariel.com\/blog\" target=\"_blank\" rel=\"noopener\">Ana Ariel www.anaariel.com\/blog<\/a><\/p>\n<h3><span lang=\"PT-BR\">A mensagem da Celina<\/span><\/h3>\n<p class=\"MsoNormal\"><span lang=\"PT-BR\">Nossa querida e eterna Celina, que na prele\u00e7\u00e3o passada 986 nos afirma que caminharia com Ana Ariel caso t\u00e3o somente ela caminhasse. Claro que muitas outras almas caminhar\u00e3o, mas naquele momento ela havia dito que poderia acontecer e ela caminharia assim mesmo.  Celina  ent\u00e3o afirma \u201ceu caminharei\u201d. Nesse encontro da Boa Nova 987, Celina tamb\u00e9m enfatiza a caminhada pelos nascituros , a for\u00e7a maior que pode nascer do nosso cora\u00e7\u00e3o para criarmos a regenera\u00e7\u00e3o e tecermos um novo mundo onde n\u00e3o mais haver\u00e1 ferimento com rela\u00e7\u00e3o ao nosso pr\u00f3ximo. \u201cAh, essa noite\u201d, diz ela, \u201cque n\u00f3s, com nossa robusta for\u00e7a como de um mar, possamos tocar levemente as crian\u00e7as, os nascituros, esperan\u00e7as vivas dos amanh\u00e3s. Ah, Deus Pai, que noite bela\u201d, diz Celina, \u201cmaravilhosa. Qu\u00e3o bom participar deste banquete de luz. As iguarias celestes da esperan\u00e7a, do amanh\u00e3, das mudan\u00e7as t\u00e3o pr\u00f3ximas, regenera\u00e7\u00e3o. Haver\u00e1 o dia em que n\u00e3o haver\u00e1 mais os que n\u00e3o nasceram, os que sonharam nascer e n\u00e3o nasceram, mas sim, sempre, os que sonharam nascer e nasceram, nascituros amados, vibramos, vibramos amor e vamos amar quarenta dias. Organizem-se para estarem l\u00e1, re\u00fanam-se, fa\u00e7am carreatas, n\u00e3o percam a oportunidade.<br \/>\n<\/span><\/p>\n<p class=\"MsoNormal\"><span lang=\"PT-BR\">Celina ent\u00e3o com seu amor terno, sempre carinhoso com sua ora\u00e7\u00e3o cont\u00ednua, tratando dos temas trazidos na noite, passa por n\u00f3s e nos deixa esse enf\u00e1tico convite. Que Deus guarde a todos nessa caminhada de amor para sempre, rumo ao infinito bem, rumo a Deus, rumo ao mundo maior com um novo perfil emocional, \u00edntimo, coeso, irmanado no cosmo desde as estrelas aos gr\u00e3os de areia, desde os pequenos animais que rastejam aos astros e aos anjos at\u00e9 Deus. Muita paz. C\u00e1rita Editora Esp\u00edrita.<\/span><\/p>\n","protected":false},"excerpt":{"rendered":"<p>A Indissolubilidade do Amor nas Reencarn\u00e7\u00f5es (Abel e Caim, o mito b\u00edblico Parte 2 &#8211; \u00e0 Luz da Doctrina Esp\u00edrita) 17 de setembro de 2016 Mensagem espiritual pelos esp\u00edritos Yoseph e CelinaPsicofon\u00eda da m\u00e8dium Eliana dos Santos Dura\u00e7\u00e3o: 1h 11min Ouve a apresenta\u00e7\u00e3o da mensagem espiritual: Play Ouve os primeiros 5 minutos da mensagem espiritual: &hellip; <a href=\"https:\/\/www.lojacarita.com.br\/loja\/product\/boa-nova-987\/\">Continua<\/a><\/p>\n","protected":false},"featured_media":1139,"template":"","meta":[],"product_brand":[],"product_cat":[81],"product_tag":[],"class_list":{"0":"post-1138","1":"product","2":"type-product","3":"status-publish","4":"has-post-thumbnail","6":"product_cat-boas_novas","8":"first","9":"instock","10":"downloadable","11":"virtual","12":"purchasable","13":"product-type-simple"},"acf":[],"yoast_head":"<!-- This site is optimized with the Yoast SEO plugin v27.4 - https:\/\/yoast.com\/product\/yoast-seo-wordpress\/ -->\n<title>Boa Nova 987 - Loja C\u00e1rita<\/title>\n<meta name=\"robots\" content=\"index, follow, max-snippet:-1, max-image-preview:large, max-video-preview:-1\" \/>\n<link rel=\"canonical\" href=\"https:\/\/www.lojacarita.com.br\/loja\/product\/boa-nova-987\/\" \/>\n<meta property=\"og:locale\" content=\"pt_BR\" \/>\n<meta property=\"og:type\" content=\"article\" \/>\n<meta property=\"og:title\" content=\"Boa Nova 987 - Loja C\u00e1rita\" \/>\n<meta property=\"og:description\" content=\"A Indissolubilidade do Amor nas Reencarn\u00e7\u00f5es (Abel e Caim, o mito b\u00edblico Parte 2 &#8211; \u00e0 Luz da Doctrina Esp\u00edrita) 17 de setembro de 2016 Mensagem espiritual pelos esp\u00edritos Yoseph e CelinaPsicofon\u00eda da m\u00e8dium Eliana dos Santos Dura\u00e7\u00e3o: 1h 11min Ouve a apresenta\u00e7\u00e3o da mensagem espiritual: Play Ouve os primeiros 5 minutos da mensagem espiritual: &hellip; Continua\" \/>\n<meta property=\"og:url\" content=\"https:\/\/www.lojacarita.com.br\/loja\/product\/boa-nova-987\/\" \/>\n<meta property=\"og:site_name\" content=\"Loja C\u00e1rita\" \/>\n<meta property=\"article:modified_time\" content=\"2023-12-05T11:05:39+00:00\" \/>\n<meta property=\"og:image\" content=\"https:\/\/www.lojacarita.com.br\/loja\/wp-content\/uploads\/2023\/11\/bn-987-capa.jpg\" \/>\n\t<meta property=\"og:image:width\" content=\"454\" \/>\n\t<meta property=\"og:image:height\" content=\"454\" \/>\n\t<meta property=\"og:image:type\" content=\"image\/jpeg\" \/>\n<meta name=\"twitter:card\" content=\"summary_large_image\" \/>\n<meta name=\"twitter:label1\" content=\"Est. tempo de leitura\" \/>\n\t<meta name=\"twitter:data1\" content=\"7 minutos\" \/>\n<script type=\"application\/ld+json\" class=\"yoast-schema-graph\">{\"@context\":\"https:\\\/\\\/schema.org\",\"@graph\":[{\"@type\":\"WebPage\",\"@id\":\"https:\\\/\\\/www.lojacarita.com.br\\\/loja\\\/product\\\/boa-nova-987\\\/\",\"url\":\"https:\\\/\\\/www.lojacarita.com.br\\\/loja\\\/product\\\/boa-nova-987\\\/\",\"name\":\"Boa Nova 987 - Loja C\u00e1rita\",\"isPartOf\":{\"@id\":\"https:\\\/\\\/www.lojacarita.com.br\\\/loja\\\/#website\"},\"primaryImageOfPage\":{\"@id\":\"https:\\\/\\\/www.lojacarita.com.br\\\/loja\\\/product\\\/boa-nova-987\\\/#primaryimage\"},\"image\":{\"@id\":\"https:\\\/\\\/www.lojacarita.com.br\\\/loja\\\/product\\\/boa-nova-987\\\/#primaryimage\"},\"thumbnailUrl\":\"https:\\\/\\\/www.lojacarita.com.br\\\/loja\\\/wp-content\\\/uploads\\\/2023\\\/11\\\/bn-987-capa.jpg\",\"datePublished\":\"2023-11-03T17:07:59+00:00\",\"dateModified\":\"2023-12-05T11:05:39+00:00\",\"breadcrumb\":{\"@id\":\"https:\\\/\\\/www.lojacarita.com.br\\\/loja\\\/product\\\/boa-nova-987\\\/#breadcrumb\"},\"inLanguage\":\"pt-BR\",\"potentialAction\":[{\"@type\":\"ReadAction\",\"target\":[\"https:\\\/\\\/www.lojacarita.com.br\\\/loja\\\/product\\\/boa-nova-987\\\/\"]}]},{\"@type\":\"ImageObject\",\"inLanguage\":\"pt-BR\",\"@id\":\"https:\\\/\\\/www.lojacarita.com.br\\\/loja\\\/product\\\/boa-nova-987\\\/#primaryimage\",\"url\":\"https:\\\/\\\/www.lojacarita.com.br\\\/loja\\\/wp-content\\\/uploads\\\/2023\\\/11\\\/bn-987-capa.jpg\",\"contentUrl\":\"https:\\\/\\\/www.lojacarita.com.br\\\/loja\\\/wp-content\\\/uploads\\\/2023\\\/11\\\/bn-987-capa.jpg\",\"width\":454,\"height\":454},{\"@type\":\"BreadcrumbList\",\"@id\":\"https:\\\/\\\/www.lojacarita.com.br\\\/loja\\\/product\\\/boa-nova-987\\\/#breadcrumb\",\"itemListElement\":[{\"@type\":\"ListItem\",\"position\":1,\"name\":\"In\u00edcio\",\"item\":\"https:\\\/\\\/www.lojacarita.com.br\\\/loja\\\/\"},{\"@type\":\"ListItem\",\"position\":2,\"name\":\"Produtos\",\"item\":\"https:\\\/\\\/www.lojacarita.com.br\\\/loja\\\/nossos-produtos\\\/\"},{\"@type\":\"ListItem\",\"position\":3,\"name\":\"Boa Nova 987\"}]},{\"@type\":\"WebSite\",\"@id\":\"https:\\\/\\\/www.lojacarita.com.br\\\/loja\\\/#website\",\"url\":\"https:\\\/\\\/www.lojacarita.com.br\\\/loja\\\/\",\"name\":\"Loja C\u00e1rita\",\"description\":\"Amai-vos e instrui-vos! Esp\u00edrito de Verdade\",\"publisher\":{\"@id\":\"https:\\\/\\\/www.lojacarita.com.br\\\/loja\\\/#organization\"},\"potentialAction\":[{\"@type\":\"SearchAction\",\"target\":{\"@type\":\"EntryPoint\",\"urlTemplate\":\"https:\\\/\\\/www.lojacarita.com.br\\\/loja\\\/?s={search_term_string}\"},\"query-input\":{\"@type\":\"PropertyValueSpecification\",\"valueRequired\":true,\"valueName\":\"search_term_string\"}}],\"inLanguage\":\"pt-BR\"},{\"@type\":\"Organization\",\"@id\":\"https:\\\/\\\/www.lojacarita.com.br\\\/loja\\\/#organization\",\"name\":\"Loja C\u00e1rita\",\"url\":\"https:\\\/\\\/www.lojacarita.com.br\\\/loja\\\/\",\"logo\":{\"@type\":\"ImageObject\",\"inLanguage\":\"pt-BR\",\"@id\":\"https:\\\/\\\/www.lojacarita.com.br\\\/loja\\\/#\\\/schema\\\/logo\\\/image\\\/\",\"url\":\"http:\\\/\\\/www.lojacarita.com.br\\\/loja2021\\\/wp-content\\\/uploads\\\/2021\\\/05\\\/favicon.png\",\"contentUrl\":\"http:\\\/\\\/www.lojacarita.com.br\\\/loja2021\\\/wp-content\\\/uploads\\\/2021\\\/05\\\/favicon.png\",\"width\":512,\"height\":512,\"caption\":\"Loja C\u00e1rita\"},\"image\":{\"@id\":\"https:\\\/\\\/www.lojacarita.com.br\\\/loja\\\/#\\\/schema\\\/logo\\\/image\\\/\"}}]}<\/script>\n<!-- \/ Yoast SEO plugin. -->","yoast_head_json":{"title":"Boa Nova 987 - Loja C\u00e1rita","robots":{"index":"index","follow":"follow","max-snippet":"max-snippet:-1","max-image-preview":"max-image-preview:large","max-video-preview":"max-video-preview:-1"},"canonical":"https:\/\/www.lojacarita.com.br\/loja\/product\/boa-nova-987\/","og_locale":"pt_BR","og_type":"article","og_title":"Boa Nova 987 - Loja C\u00e1rita","og_description":"A Indissolubilidade do Amor nas Reencarn\u00e7\u00f5es (Abel e Caim, o mito b\u00edblico Parte 2 &#8211; \u00e0 Luz da Doctrina Esp\u00edrita) 17 de setembro de 2016 Mensagem espiritual pelos esp\u00edritos Yoseph e CelinaPsicofon\u00eda da m\u00e8dium Eliana dos Santos Dura\u00e7\u00e3o: 1h 11min Ouve a apresenta\u00e7\u00e3o da mensagem espiritual: Play Ouve os primeiros 5 minutos da mensagem espiritual: &hellip; Continua","og_url":"https:\/\/www.lojacarita.com.br\/loja\/product\/boa-nova-987\/","og_site_name":"Loja C\u00e1rita","article_modified_time":"2023-12-05T11:05:39+00:00","og_image":[{"width":454,"height":454,"url":"https:\/\/www.lojacarita.com.br\/loja\/wp-content\/uploads\/2023\/11\/bn-987-capa.jpg","type":"image\/jpeg"}],"twitter_card":"summary_large_image","twitter_misc":{"Est. tempo de leitura":"7 minutos"},"schema":{"@context":"https:\/\/schema.org","@graph":[{"@type":"WebPage","@id":"https:\/\/www.lojacarita.com.br\/loja\/product\/boa-nova-987\/","url":"https:\/\/www.lojacarita.com.br\/loja\/product\/boa-nova-987\/","name":"Boa Nova 987 - Loja C\u00e1rita","isPartOf":{"@id":"https:\/\/www.lojacarita.com.br\/loja\/#website"},"primaryImageOfPage":{"@id":"https:\/\/www.lojacarita.com.br\/loja\/product\/boa-nova-987\/#primaryimage"},"image":{"@id":"https:\/\/www.lojacarita.com.br\/loja\/product\/boa-nova-987\/#primaryimage"},"thumbnailUrl":"https:\/\/www.lojacarita.com.br\/loja\/wp-content\/uploads\/2023\/11\/bn-987-capa.jpg","datePublished":"2023-11-03T17:07:59+00:00","dateModified":"2023-12-05T11:05:39+00:00","breadcrumb":{"@id":"https:\/\/www.lojacarita.com.br\/loja\/product\/boa-nova-987\/#breadcrumb"},"inLanguage":"pt-BR","potentialAction":[{"@type":"ReadAction","target":["https:\/\/www.lojacarita.com.br\/loja\/product\/boa-nova-987\/"]}]},{"@type":"ImageObject","inLanguage":"pt-BR","@id":"https:\/\/www.lojacarita.com.br\/loja\/product\/boa-nova-987\/#primaryimage","url":"https:\/\/www.lojacarita.com.br\/loja\/wp-content\/uploads\/2023\/11\/bn-987-capa.jpg","contentUrl":"https:\/\/www.lojacarita.com.br\/loja\/wp-content\/uploads\/2023\/11\/bn-987-capa.jpg","width":454,"height":454},{"@type":"BreadcrumbList","@id":"https:\/\/www.lojacarita.com.br\/loja\/product\/boa-nova-987\/#breadcrumb","itemListElement":[{"@type":"ListItem","position":1,"name":"In\u00edcio","item":"https:\/\/www.lojacarita.com.br\/loja\/"},{"@type":"ListItem","position":2,"name":"Produtos","item":"https:\/\/www.lojacarita.com.br\/loja\/nossos-produtos\/"},{"@type":"ListItem","position":3,"name":"Boa Nova 987"}]},{"@type":"WebSite","@id":"https:\/\/www.lojacarita.com.br\/loja\/#website","url":"https:\/\/www.lojacarita.com.br\/loja\/","name":"Loja C\u00e1rita","description":"Amai-vos e instrui-vos! Esp\u00edrito de Verdade","publisher":{"@id":"https:\/\/www.lojacarita.com.br\/loja\/#organization"},"potentialAction":[{"@type":"SearchAction","target":{"@type":"EntryPoint","urlTemplate":"https:\/\/www.lojacarita.com.br\/loja\/?s={search_term_string}"},"query-input":{"@type":"PropertyValueSpecification","valueRequired":true,"valueName":"search_term_string"}}],"inLanguage":"pt-BR"},{"@type":"Organization","@id":"https:\/\/www.lojacarita.com.br\/loja\/#organization","name":"Loja C\u00e1rita","url":"https:\/\/www.lojacarita.com.br\/loja\/","logo":{"@type":"ImageObject","inLanguage":"pt-BR","@id":"https:\/\/www.lojacarita.com.br\/loja\/#\/schema\/logo\/image\/","url":"http:\/\/www.lojacarita.com.br\/loja2021\/wp-content\/uploads\/2021\/05\/favicon.png","contentUrl":"http:\/\/www.lojacarita.com.br\/loja2021\/wp-content\/uploads\/2021\/05\/favicon.png","width":512,"height":512,"caption":"Loja C\u00e1rita"},"image":{"@id":"https:\/\/www.lojacarita.com.br\/loja\/#\/schema\/logo\/image\/"}}]}},"_links":{"self":[{"href":"https:\/\/www.lojacarita.com.br\/loja\/wp-json\/wp\/v2\/product\/1138","targetHints":{"allow":["GET"]}}],"collection":[{"href":"https:\/\/www.lojacarita.com.br\/loja\/wp-json\/wp\/v2\/product"}],"about":[{"href":"https:\/\/www.lojacarita.com.br\/loja\/wp-json\/wp\/v2\/types\/product"}],"wp:featuredmedia":[{"embeddable":true,"href":"https:\/\/www.lojacarita.com.br\/loja\/wp-json\/wp\/v2\/media\/1139"}],"wp:attachment":[{"href":"https:\/\/www.lojacarita.com.br\/loja\/wp-json\/wp\/v2\/media?parent=1138"}],"wp:term":[{"taxonomy":"product_brand","embeddable":true,"href":"https:\/\/www.lojacarita.com.br\/loja\/wp-json\/wp\/v2\/product_brand?post=1138"},{"taxonomy":"product_cat","embeddable":true,"href":"https:\/\/www.lojacarita.com.br\/loja\/wp-json\/wp\/v2\/product_cat?post=1138"},{"taxonomy":"product_tag","embeddable":true,"href":"https:\/\/www.lojacarita.com.br\/loja\/wp-json\/wp\/v2\/product_tag?post=1138"}],"curies":[{"name":"wp","href":"https:\/\/api.w.org\/{rel}","templated":true}]}}