{"id":1136,"date":"2023-11-03T14:07:56","date_gmt":"2023-11-03T17:07:56","guid":{"rendered":"https:\/\/www.lojacarita.com.br\/loja\/product\/boa-nova-986\/"},"modified":"2023-12-05T08:05:39","modified_gmt":"2023-12-05T11:05:39","slug":"boa-nova-986","status":"publish","type":"product","link":"https:\/\/www.lojacarita.com.br\/loja\/product\/boa-nova-986\/","title":{"rendered":"Boa Nova 986"},"content":{"rendered":"<div>A ordem do amor ao Pai<\/div>\n<div>10 de setembro de 2016<\/div>\n<div><\/div>\n<p>Mensagem espiritual pelos esp\u00edritos Yoseph e Celina<br \/>Psicofon\u00eda da m\u00e8dium Eliana dos Santos<\/p>\n<p>Dura\u00e7\u00e3o: 1h 7min<\/p>\n<hr width=\"75%\">\n<h5>Ouve a apresenta\u00e7\u00e3o da mensagem espiritual:<\/h5>\n<p><audio style=\"width:350px;background:#ffffff;width: 370px;\" preload=\"none\" ontimeupdate=\"updateTime()\" controls=\"\" metadata=\"\"><source src=\"https:\/\/www.lojacarita.com.br\/loja\/wp-content\/uploads\/2023\/11\/samples\/bn986_abertura.mp3\" type=\"audio\/mpeg\"><a href=\"https:\/\/www.lojacarita.com.br\/loja\/wp-content\/uploads\/2023\/11\/samples\/bn986_abertura.mp3\"><font size=\"2\">Play<\/font><\/a><\/audio><\/p>\n<hr width=\"75%\">\n<h5>Ouve os primeiros 5 minutos da mensagem espiritual:<\/h5>\n<p><audio style=\"width:350px;background:#ffffff;width: 370px;\" preload=\"none\" ontimeupdate=\"updateTime()\" controls=\"\" metadata=\"\"><source src=\"https:\/\/www.lojacarita.com.br\/loja\/wp-content\/uploads\/2023\/11\/samples\/bn-986-sample.mp3\" type=\"audio\/mpeg\"><a href=\"https:\/\/www.lojacarita.com.br\/loja\/wp-content\/uploads\/2023\/11\/samples\/bn-986-sample.mp3\"><font size=\"2\">Play<\/font><\/a><\/audio><\/p>\n<blockquote>\n<p>\u00abN\u00f3s s\u00f3 conseguimos amar de verdade a criatura quando reconhecemos o Criador nela. Primeiro eu amo a Deus \u2013 sen\u00e3o eu estou ligado a um amor somente criatura a criatura&#8230; E este amor decepciona, este<br \/>\namor trai, este amor \u00e9 imperfeito, este amor \u00e9 limitado, este amor n\u00e3o me completa&#8230; N\u00e3o!\u00bb<\/p>\n<\/blockquote>\n<p>Boa Nova 986 &#8211; Eur\u00edpedes Barsanulfo<\/p>\n<p><\/p>\n<h3>Profundizando nos conte\u00fados da Boa Nova 986<\/h3>\n<p class=\"MsoNormal\"><span lang=\"PT-BR\">Com a imagem dos c\u00e9us que cobre as nossas cabe\u00e7as, a espiritualidade faz a abertura do encontro de 10 de setembro de 2016 onde recebemos a BN 986 dando continuidade ao tema que vem sendo tratado nas palestras sobre \u201co eu observador\u201d que a nossa querida irm\u00e3 Maria Lucia Caldas Castro tem trazido ao longo do ano de 2016. S\u00e3o nove momentos ou movimentos da alma que foram tratados por ela e neste encontro de s\u00e1bado tivemos o nono encontro, o fechamento em verdade de todos os movimentos da alma quando busca solucionar os seus desequil\u00edbrios, as suas dificuldades ou as suas dores mais profundas, as dores da alma. <\/span><\/p>\n<p class=\"MsoNormal\"><span lang=\"PT-BR\"><br \/>\nA nossa rede de audi\u00e7\u00e3o est\u00e1 recebendo nesse cd a voz espiritual que nos chama: \u201colha, levanta a tua cabe\u00e7a, os c\u00e9us cobrem as nossas cabe\u00e7as. Levante seus olhos para ver este c\u00e9u\u201d que em verdade \u00e9 colocado no plural, \u00e9 chamado pela espiritualidade neste encontro de c\u00e9us porque h\u00e1 muitas moradas na casa do Pai. A espiritualidade inclusive enfatiza que n\u00f3s reencarnamos para o trabalho da alma, reencarnamos para fazer este trabalho, reencarnamos para progredir, para crescer nas v\u00e1rias estaturas de nosso ser: a estatura moral, a estatura espiritual, a estatura da gentileza, da ternura, da bondade, a estatura da compaix\u00e3o, do perd\u00e3o, a amplia\u00e7\u00e3o da nossa capacidade de esquecer ofensas, enfim, este \u00e9 o tema maior da Boa Nova 986 que a C\u00e1rita Editora entrega a cada um de n\u00f3s como um convite, como sempre semanal, mais um convite para que n\u00f3s possamos dar passos reais na dire\u00e7\u00e3o, na supera\u00e7\u00e3o de n\u00f3s mesmos e nossos limites.<br \/>\n<\/span><\/p>\n<p class=\"MsoNormal\"><span lang=\"PT-BR\">Ainda deixando aqui algumas impress\u00f5es na abertura da boa nova, ainda como subtema n\u00f3s temos aquela passagem das impossibilidades. \u00c0s vezes o trabalho da alma fica t\u00e3o intenso que sentimo-nos como se estiv\u00e9ssemos diante de coisas imposs\u00edveis. A espiritualidade mais uma vez aponta a passagem entre Cristo e Pedro. Pedro est\u00e1 a dizer a Jesus: \u201cMas isto \u00e9 imposs\u00edvel\u201d. Ou\u00e7amos bem essa palavra, pois que Jesus responde a Pedro: Sim Pedro, imposs\u00edvel para o homem, mas poss\u00edvel para Deus. Nesse momento a espiritualidade faz a liga\u00e7\u00e3o de toda tem\u00e1tica agostiniana ou da filosofia agostiniana que vem sendo tratada no m\u00eas de agosto e que adentrou tamb\u00e9m o percurso das falas espirituais do m\u00eas setembro. Temos aqui a retomada do tema do amor entre as criaturas que traz em verdade, confus\u00e3o, erro e dor, e o amor entre as criaturas que traz benef\u00edcio e felicidade quando este amor est\u00e1 permeado pelo nosso amor ao Criador, a Deus, ao nosso Deus. Meditemos muitos nestes momentos em que a reflex\u00e3o sobre a filosofia agostiniana \u00e9 feita, por que atrav\u00e9s dela n\u00f3s estamos crescendo na estatura criadora, um termo utilizado no m\u00eas de agosto nas prele\u00e7\u00f5es, ou seja, na nossa capacidade de criar um novo ser, na nossa capacidade de criar novas respostas ao homem velho que nos pede velhas respostas. Eis o desafio. A C\u00e1rita Editora deixa o seu abra\u00e7o e que n\u00f3s possamos ter uma linda semana de reflex\u00e3o e supera\u00e7\u00f5es de momentos dif\u00edceis de nossa caminhada. Paz, em nome de Jesus.<br \/>\n<\/span><\/p>\n<h3><span lang=\"PT-BR\">A mensagem da Celina<\/span><\/h3>\n<p class=\"MsoNormal\"><span lang=\"PT-BR\">O texto de Celina, sua fala ou sua ora\u00e7\u00e3o nesse encontro vem permeado da continuidade de seus convites aos nossos caminhos mais amorosos e mais ternos aqui na Terra. Celina examina um pouco o que a espiritualidade trata na prele\u00e7\u00e3o passada que \u00e9 um outro subtema que n\u00e3o abordamos nessa abertura, que \u00e9 justamente a rela\u00e7\u00e3o de dor que houve entre Caim e Abel. <\/span><\/p>\n<p class=\"MsoNormal\"><span lang=\"PT-BR\"><br \/>\nA espiritualidade examinou nesta prele\u00e7\u00e3o essa rela\u00e7\u00e3o porque Caim sentiu aquela dor t\u00e3o grande quando o Senhor presenteia Abel.<br \/>\n<\/span><\/p>\n<p class=\"MsoNormal\"><span lang=\"PT-BR\">A espiritualidade examina esse momento angustiante de Caim e Celina ent\u00e3o tece as suas considera\u00e7\u00f5es e a po\u00e9tica da sua fala em torno desse momento em que somos chamados na prele\u00e7\u00e3o a superar o nosso Caim invejoso, col\u00e9rico, sempre pronto a destruir, diz Celina. Ele, continua Celina, leva sempre a cicatriz na testa, a marca terr\u00edvel da vingan\u00e7a que ele fez, tirou a vida de seu pr\u00f3ximo. Celina esclarece que h\u00e1 muitas formas de tirarmos a vida de nosso pr\u00f3ximo, \u00e0s vezes n\u00e3o tiramos a vida f\u00edsica, mas com maledic\u00eancias, intrigas, opr\u00f3brios e cal\u00fanias,n\u00f3s tiramos a vida moral, tiramos a paz alheia. Enfim, n\u00f3s vamos assim terminando as nossas ternas e pequeninas palavras de abertura desse nosso programa editorial trazido dos c\u00e9us, pelo esp\u00edrito Eur\u00edpedes Barsanulfo e realizado pelo seu preposto Yoseph e tamb\u00e9m conclu\u00eddo nas ora\u00e7\u00f5es semanais por nossa querida Celina. Que Deus aben\u00e7oe todos n\u00f3s e que nossa obra possa continuar at\u00e9 quando Deus quiser. Muita paz.<br \/>\n<\/span><\/p>\n","protected":false},"excerpt":{"rendered":"<p>A ordem do amor ao Pai 10 de setembro de 2016 Mensagem espiritual pelos esp\u00edritos Yoseph e CelinaPsicofon\u00eda da m\u00e8dium Eliana dos Santos Dura\u00e7\u00e3o: 1h 7min Ouve a apresenta\u00e7\u00e3o da mensagem espiritual: Play Ouve os primeiros 5 minutos da mensagem espiritual: Play \u00abN\u00f3s s\u00f3 conseguimos amar de verdade a criatura quando reconhecemos o Criador nela. &hellip; <a href=\"https:\/\/www.lojacarita.com.br\/loja\/product\/boa-nova-986\/\">Continua<\/a><\/p>\n","protected":false},"featured_media":1137,"template":"","meta":[],"product_brand":[],"product_cat":[81],"product_tag":[],"class_list":{"0":"post-1136","1":"product","2":"type-product","3":"status-publish","4":"has-post-thumbnail","6":"product_cat-boas_novas","8":"first","9":"instock","10":"downloadable","11":"virtual","12":"purchasable","13":"product-type-simple"},"acf":[],"yoast_head":"<!-- This site is optimized with the Yoast SEO plugin v27.4 - https:\/\/yoast.com\/product\/yoast-seo-wordpress\/ -->\n<title>Boa Nova 986 - Loja C\u00e1rita<\/title>\n<meta name=\"robots\" content=\"index, follow, max-snippet:-1, max-image-preview:large, max-video-preview:-1\" \/>\n<link rel=\"canonical\" href=\"https:\/\/www.lojacarita.com.br\/loja\/product\/boa-nova-986\/\" \/>\n<meta property=\"og:locale\" content=\"pt_BR\" \/>\n<meta property=\"og:type\" content=\"article\" \/>\n<meta property=\"og:title\" content=\"Boa Nova 986 - Loja C\u00e1rita\" \/>\n<meta property=\"og:description\" content=\"A ordem do amor ao Pai 10 de setembro de 2016 Mensagem espiritual pelos esp\u00edritos Yoseph e CelinaPsicofon\u00eda da m\u00e8dium Eliana dos Santos Dura\u00e7\u00e3o: 1h 7min Ouve a apresenta\u00e7\u00e3o da mensagem espiritual: Play Ouve os primeiros 5 minutos da mensagem espiritual: Play \u00abN\u00f3s s\u00f3 conseguimos amar de verdade a criatura quando reconhecemos o Criador nela. &hellip; Continua\" \/>\n<meta property=\"og:url\" content=\"https:\/\/www.lojacarita.com.br\/loja\/product\/boa-nova-986\/\" \/>\n<meta property=\"og:site_name\" content=\"Loja C\u00e1rita\" \/>\n<meta property=\"article:modified_time\" content=\"2023-12-05T11:05:39+00:00\" \/>\n<meta property=\"og:image\" content=\"https:\/\/www.lojacarita.com.br\/loja\/wp-content\/uploads\/2023\/11\/bn-986-capa.jpg\" \/>\n\t<meta property=\"og:image:width\" content=\"340\" \/>\n\t<meta property=\"og:image:height\" content=\"340\" \/>\n\t<meta property=\"og:image:type\" content=\"image\/jpeg\" \/>\n<meta name=\"twitter:card\" content=\"summary_large_image\" \/>\n<meta name=\"twitter:label1\" content=\"Est. tempo de leitura\" \/>\n\t<meta name=\"twitter:data1\" content=\"5 minutos\" \/>\n<script type=\"application\/ld+json\" class=\"yoast-schema-graph\">{\"@context\":\"https:\\\/\\\/schema.org\",\"@graph\":[{\"@type\":\"WebPage\",\"@id\":\"https:\\\/\\\/www.lojacarita.com.br\\\/loja\\\/product\\\/boa-nova-986\\\/\",\"url\":\"https:\\\/\\\/www.lojacarita.com.br\\\/loja\\\/product\\\/boa-nova-986\\\/\",\"name\":\"Boa Nova 986 - Loja C\u00e1rita\",\"isPartOf\":{\"@id\":\"https:\\\/\\\/www.lojacarita.com.br\\\/loja\\\/#website\"},\"primaryImageOfPage\":{\"@id\":\"https:\\\/\\\/www.lojacarita.com.br\\\/loja\\\/product\\\/boa-nova-986\\\/#primaryimage\"},\"image\":{\"@id\":\"https:\\\/\\\/www.lojacarita.com.br\\\/loja\\\/product\\\/boa-nova-986\\\/#primaryimage\"},\"thumbnailUrl\":\"https:\\\/\\\/www.lojacarita.com.br\\\/loja\\\/wp-content\\\/uploads\\\/2023\\\/11\\\/bn-986-capa.jpg\",\"datePublished\":\"2023-11-03T17:07:56+00:00\",\"dateModified\":\"2023-12-05T11:05:39+00:00\",\"breadcrumb\":{\"@id\":\"https:\\\/\\\/www.lojacarita.com.br\\\/loja\\\/product\\\/boa-nova-986\\\/#breadcrumb\"},\"inLanguage\":\"pt-BR\",\"potentialAction\":[{\"@type\":\"ReadAction\",\"target\":[\"https:\\\/\\\/www.lojacarita.com.br\\\/loja\\\/product\\\/boa-nova-986\\\/\"]}]},{\"@type\":\"ImageObject\",\"inLanguage\":\"pt-BR\",\"@id\":\"https:\\\/\\\/www.lojacarita.com.br\\\/loja\\\/product\\\/boa-nova-986\\\/#primaryimage\",\"url\":\"https:\\\/\\\/www.lojacarita.com.br\\\/loja\\\/wp-content\\\/uploads\\\/2023\\\/11\\\/bn-986-capa.jpg\",\"contentUrl\":\"https:\\\/\\\/www.lojacarita.com.br\\\/loja\\\/wp-content\\\/uploads\\\/2023\\\/11\\\/bn-986-capa.jpg\",\"width\":340,\"height\":340},{\"@type\":\"BreadcrumbList\",\"@id\":\"https:\\\/\\\/www.lojacarita.com.br\\\/loja\\\/product\\\/boa-nova-986\\\/#breadcrumb\",\"itemListElement\":[{\"@type\":\"ListItem\",\"position\":1,\"name\":\"In\u00edcio\",\"item\":\"https:\\\/\\\/www.lojacarita.com.br\\\/loja\\\/\"},{\"@type\":\"ListItem\",\"position\":2,\"name\":\"Produtos\",\"item\":\"https:\\\/\\\/www.lojacarita.com.br\\\/loja\\\/nossos-produtos\\\/\"},{\"@type\":\"ListItem\",\"position\":3,\"name\":\"Boa Nova 986\"}]},{\"@type\":\"WebSite\",\"@id\":\"https:\\\/\\\/www.lojacarita.com.br\\\/loja\\\/#website\",\"url\":\"https:\\\/\\\/www.lojacarita.com.br\\\/loja\\\/\",\"name\":\"Loja C\u00e1rita\",\"description\":\"Amai-vos e instrui-vos! Esp\u00edrito de Verdade\",\"publisher\":{\"@id\":\"https:\\\/\\\/www.lojacarita.com.br\\\/loja\\\/#organization\"},\"potentialAction\":[{\"@type\":\"SearchAction\",\"target\":{\"@type\":\"EntryPoint\",\"urlTemplate\":\"https:\\\/\\\/www.lojacarita.com.br\\\/loja\\\/?s={search_term_string}\"},\"query-input\":{\"@type\":\"PropertyValueSpecification\",\"valueRequired\":true,\"valueName\":\"search_term_string\"}}],\"inLanguage\":\"pt-BR\"},{\"@type\":\"Organization\",\"@id\":\"https:\\\/\\\/www.lojacarita.com.br\\\/loja\\\/#organization\",\"name\":\"Loja C\u00e1rita\",\"url\":\"https:\\\/\\\/www.lojacarita.com.br\\\/loja\\\/\",\"logo\":{\"@type\":\"ImageObject\",\"inLanguage\":\"pt-BR\",\"@id\":\"https:\\\/\\\/www.lojacarita.com.br\\\/loja\\\/#\\\/schema\\\/logo\\\/image\\\/\",\"url\":\"http:\\\/\\\/www.lojacarita.com.br\\\/loja2021\\\/wp-content\\\/uploads\\\/2021\\\/05\\\/favicon.png\",\"contentUrl\":\"http:\\\/\\\/www.lojacarita.com.br\\\/loja2021\\\/wp-content\\\/uploads\\\/2021\\\/05\\\/favicon.png\",\"width\":512,\"height\":512,\"caption\":\"Loja C\u00e1rita\"},\"image\":{\"@id\":\"https:\\\/\\\/www.lojacarita.com.br\\\/loja\\\/#\\\/schema\\\/logo\\\/image\\\/\"}}]}<\/script>\n<!-- \/ Yoast SEO plugin. -->","yoast_head_json":{"title":"Boa Nova 986 - Loja C\u00e1rita","robots":{"index":"index","follow":"follow","max-snippet":"max-snippet:-1","max-image-preview":"max-image-preview:large","max-video-preview":"max-video-preview:-1"},"canonical":"https:\/\/www.lojacarita.com.br\/loja\/product\/boa-nova-986\/","og_locale":"pt_BR","og_type":"article","og_title":"Boa Nova 986 - Loja C\u00e1rita","og_description":"A ordem do amor ao Pai 10 de setembro de 2016 Mensagem espiritual pelos esp\u00edritos Yoseph e CelinaPsicofon\u00eda da m\u00e8dium Eliana dos Santos Dura\u00e7\u00e3o: 1h 7min Ouve a apresenta\u00e7\u00e3o da mensagem espiritual: Play Ouve os primeiros 5 minutos da mensagem espiritual: Play \u00abN\u00f3s s\u00f3 conseguimos amar de verdade a criatura quando reconhecemos o Criador nela. &hellip; Continua","og_url":"https:\/\/www.lojacarita.com.br\/loja\/product\/boa-nova-986\/","og_site_name":"Loja C\u00e1rita","article_modified_time":"2023-12-05T11:05:39+00:00","og_image":[{"width":340,"height":340,"url":"https:\/\/www.lojacarita.com.br\/loja\/wp-content\/uploads\/2023\/11\/bn-986-capa.jpg","type":"image\/jpeg"}],"twitter_card":"summary_large_image","twitter_misc":{"Est. tempo de leitura":"5 minutos"},"schema":{"@context":"https:\/\/schema.org","@graph":[{"@type":"WebPage","@id":"https:\/\/www.lojacarita.com.br\/loja\/product\/boa-nova-986\/","url":"https:\/\/www.lojacarita.com.br\/loja\/product\/boa-nova-986\/","name":"Boa Nova 986 - Loja C\u00e1rita","isPartOf":{"@id":"https:\/\/www.lojacarita.com.br\/loja\/#website"},"primaryImageOfPage":{"@id":"https:\/\/www.lojacarita.com.br\/loja\/product\/boa-nova-986\/#primaryimage"},"image":{"@id":"https:\/\/www.lojacarita.com.br\/loja\/product\/boa-nova-986\/#primaryimage"},"thumbnailUrl":"https:\/\/www.lojacarita.com.br\/loja\/wp-content\/uploads\/2023\/11\/bn-986-capa.jpg","datePublished":"2023-11-03T17:07:56+00:00","dateModified":"2023-12-05T11:05:39+00:00","breadcrumb":{"@id":"https:\/\/www.lojacarita.com.br\/loja\/product\/boa-nova-986\/#breadcrumb"},"inLanguage":"pt-BR","potentialAction":[{"@type":"ReadAction","target":["https:\/\/www.lojacarita.com.br\/loja\/product\/boa-nova-986\/"]}]},{"@type":"ImageObject","inLanguage":"pt-BR","@id":"https:\/\/www.lojacarita.com.br\/loja\/product\/boa-nova-986\/#primaryimage","url":"https:\/\/www.lojacarita.com.br\/loja\/wp-content\/uploads\/2023\/11\/bn-986-capa.jpg","contentUrl":"https:\/\/www.lojacarita.com.br\/loja\/wp-content\/uploads\/2023\/11\/bn-986-capa.jpg","width":340,"height":340},{"@type":"BreadcrumbList","@id":"https:\/\/www.lojacarita.com.br\/loja\/product\/boa-nova-986\/#breadcrumb","itemListElement":[{"@type":"ListItem","position":1,"name":"In\u00edcio","item":"https:\/\/www.lojacarita.com.br\/loja\/"},{"@type":"ListItem","position":2,"name":"Produtos","item":"https:\/\/www.lojacarita.com.br\/loja\/nossos-produtos\/"},{"@type":"ListItem","position":3,"name":"Boa Nova 986"}]},{"@type":"WebSite","@id":"https:\/\/www.lojacarita.com.br\/loja\/#website","url":"https:\/\/www.lojacarita.com.br\/loja\/","name":"Loja C\u00e1rita","description":"Amai-vos e instrui-vos! Esp\u00edrito de Verdade","publisher":{"@id":"https:\/\/www.lojacarita.com.br\/loja\/#organization"},"potentialAction":[{"@type":"SearchAction","target":{"@type":"EntryPoint","urlTemplate":"https:\/\/www.lojacarita.com.br\/loja\/?s={search_term_string}"},"query-input":{"@type":"PropertyValueSpecification","valueRequired":true,"valueName":"search_term_string"}}],"inLanguage":"pt-BR"},{"@type":"Organization","@id":"https:\/\/www.lojacarita.com.br\/loja\/#organization","name":"Loja C\u00e1rita","url":"https:\/\/www.lojacarita.com.br\/loja\/","logo":{"@type":"ImageObject","inLanguage":"pt-BR","@id":"https:\/\/www.lojacarita.com.br\/loja\/#\/schema\/logo\/image\/","url":"http:\/\/www.lojacarita.com.br\/loja2021\/wp-content\/uploads\/2021\/05\/favicon.png","contentUrl":"http:\/\/www.lojacarita.com.br\/loja2021\/wp-content\/uploads\/2021\/05\/favicon.png","width":512,"height":512,"caption":"Loja C\u00e1rita"},"image":{"@id":"https:\/\/www.lojacarita.com.br\/loja\/#\/schema\/logo\/image\/"}}]}},"_links":{"self":[{"href":"https:\/\/www.lojacarita.com.br\/loja\/wp-json\/wp\/v2\/product\/1136","targetHints":{"allow":["GET"]}}],"collection":[{"href":"https:\/\/www.lojacarita.com.br\/loja\/wp-json\/wp\/v2\/product"}],"about":[{"href":"https:\/\/www.lojacarita.com.br\/loja\/wp-json\/wp\/v2\/types\/product"}],"wp:featuredmedia":[{"embeddable":true,"href":"https:\/\/www.lojacarita.com.br\/loja\/wp-json\/wp\/v2\/media\/1137"}],"wp:attachment":[{"href":"https:\/\/www.lojacarita.com.br\/loja\/wp-json\/wp\/v2\/media?parent=1136"}],"wp:term":[{"taxonomy":"product_brand","embeddable":true,"href":"https:\/\/www.lojacarita.com.br\/loja\/wp-json\/wp\/v2\/product_brand?post=1136"},{"taxonomy":"product_cat","embeddable":true,"href":"https:\/\/www.lojacarita.com.br\/loja\/wp-json\/wp\/v2\/product_cat?post=1136"},{"taxonomy":"product_tag","embeddable":true,"href":"https:\/\/www.lojacarita.com.br\/loja\/wp-json\/wp\/v2\/product_tag?post=1136"}],"curies":[{"name":"wp","href":"https:\/\/api.w.org\/{rel}","templated":true}]}}