{"id":1134,"date":"2023-11-03T14:07:51","date_gmt":"2023-11-03T17:07:51","guid":{"rendered":"https:\/\/www.lojacarita.com.br\/loja\/product\/boa-nova-985\/"},"modified":"2023-12-05T08:05:39","modified_gmt":"2023-12-05T11:05:39","slug":"boa-nova-985","status":"publish","type":"product","link":"https:\/\/www.lojacarita.com.br\/loja\/product\/boa-nova-985\/","title":{"rendered":"Boa Nova 985"},"content":{"rendered":"<div>Usufruir ou fruir (A Lei de Amor 7)<\/div>\n<div>03 de setembro de 2016<\/div>\n<div><\/div>\n<p>Mensagem espiritual pelos esp\u00edritos Yoseph e Celina<br \/>Psicofon\u00eda da m\u00e8dium Eliana dos Santos<\/p>\n<p>Dura\u00e7\u00e3o: 1h 7min<\/p>\n<hr width=\"75%\">\n<h5>Ouve a apresenta\u00e7\u00e3o da mensagem espiritual:<\/h5>\n<p><audio style=\"width:350px;background:#ffffff;width: 370px;\" preload=\"none\" ontimeupdate=\"updateTime()\" controls=\"\" metadata=\"\"><source src=\"https:\/\/www.lojacarita.com.br\/loja\/wp-content\/uploads\/2023\/11\/samples\/bn985_abertura.mp3\" type=\"audio\/mpeg\"><a href=\"https:\/\/www.lojacarita.com.br\/loja\/wp-content\/uploads\/2023\/11\/samples\/bn985_abertura.mp3\"><font size=\"2\">Play<\/font><\/a><\/audio><\/p>\n<hr width=\"75%\">\n<h5>Ouve os primeiros 5 minutos da mensagem espiritual:<\/h5>\n<p><audio style=\"width:350px;background:#ffffff;width: 370px;\" preload=\"none\" ontimeupdate=\"updateTime()\" controls=\"\" metadata=\"\"><source src=\"https:\/\/www.lojacarita.com.br\/loja\/wp-content\/uploads\/2023\/11\/samples\/bn-985-sample.mp3\" type=\"audio\/mpeg\"><a href=\"https:\/\/www.lojacarita.com.br\/loja\/wp-content\/uploads\/2023\/11\/samples\/bn-985-sample.mp3\"><font size=\"2\">Play<\/font><\/a><\/audio><\/p>\n<blockquote>\n<p>O amor \u00e9 indissol\u00favel. Ele foi, \u00e9, e continuar\u00e1 sendo indissol\u00favel, ou seja, n\u00e3o se dissolve! N\u00e3o importa o que seja o outro&#8230; O que eu amo no outro, o que se ama no outro? Na filosofia Agostiniana \u2013  e que permeia toda a Cristandade e a leitura dos nossos queridos evangelistas, o Novo Testamento do Cristo\u2013  o que o Cristo nos ensina \u00e9 que eu amo, no outro, Deus! Eu amo o amor! O que \u00e9 Deus? Lei de Amor. Ent\u00e3o o que eu amo no outro?  O amor que nele h\u00e1. Que nele est\u00e1!&#8230;<\/p>\n<\/blockquote>\n<p>Boa Nova 985 &#8211; Eur\u00edpedes Barsanulfo<\/p>\n<p><\/p>\n<h3>Profundizando nos conte\u00fados da Boa Nova 985<\/h3>\n<p class=\"MsoNormal\"><span lang=\"PT-BR\">Nossa rede de audi\u00e7\u00e3o mais uma vez apresenta um texto<br \/>\nsobre a nossa caminhada feita anualmente com rela\u00e7\u00e3o \u00e0 defesa da vida, nesse<br \/>\nencontro de setembro, que \u00e9 o primeiro encontro de setembro de 2016, 3 de<br \/>\nsetembro, n\u00f3s temos um texto que nos convida para um grande caminho&#8230; boa nova<br \/>\n985 com o tema da lei de amor regendo a ess\u00eancia do texto, n\u00f3s recebemos da<br \/>\nespiritualidade este convite maravilhoso.<o:p><\/o:p><\/span><\/p>\n<p class=\"MsoNormal\"><span lang=\"PT-BR\">Para quantos n\u00e3o saibam, a Casa de Ora\u00e7\u00e3o F\u00e9 e Amor,<br \/>\nesse trabalho de amor, anualmente vem fazendo uma caminhada pelos abortados,<br \/>\npelos nascituros, pela vida interrompida, n\u00e3o s\u00f3 a vida biol\u00f3gica nos ventres<br \/>\nmaternos, mas tamb\u00e9m a vida crist\u00e3, a vida moral, a vida afetiva, os s\u00edmbolos<br \/>\ntodos que podem nascer do aborto f\u00edsico e que significam tamb\u00e9m a interrup\u00e7\u00e3o dos<br \/>\nvalores mais ternos e eternos humanos.<o:p><\/o:p><\/span><\/p>\n<p class=\"MsoNormal\"><span lang=\"PT-BR\">Dando continuidade \u00e0 caminhada evolutiva que estes<br \/>\ntextos psicofonados tem o objetivo de sustentar em nossas vidas recebemos no<br \/>\ncontexto da vida nascitura como um todo as observa\u00e7\u00f5es de uma mensagem de O<br \/>\nevangelho segundo o espiritismo, capitulo 13, que a m\u00e3o esquerda n\u00e3o saiba o<br \/>\nque faz a m\u00e3o direita, o item trazido pelo esp\u00edrito protetor que rege em<br \/>\nverdade as obras de caridade pelo pensamento.<o:p><\/o:p><\/span><\/p>\n<p class=\"MsoNormal\"><span lang=\"PT-BR\">Sim, com o nosso pensamento atrav\u00e9s de nossas<br \/>\nvibra\u00e7\u00f5es e emana\u00e7\u00f5es n\u00f3s podemos mudar mundos inclusive o nosso pr\u00f3prio mundo<o:p><\/o:p><\/span><\/p>\n<p class=\"MsoNormal\"><span lang=\"PT-BR\">A boa nova 985 \u00e9 uma boa nova que nos convida a<br \/>\ncompreender a lei de progresso, sempre sempre, crescendo, sempre, sempre, &nbsp;transformando, sempre, essa \u00e9 uma vari\u00e1vel que<br \/>\nvai em n\u00edvel do infinito.<o:p><\/o:p><\/span><\/p>\n<p class=\"MsoNormal\"><span lang=\"PT-BR\">Um outro conceito que envolve a prele\u00e7\u00e3o \u00e9 o conceito da<br \/>\nfrui\u00e7\u00e3o, ele pertence ao pensar&nbsp;<br \/>\nagostiniano, que nos coloca a possibilidade de fruirmos e n\u00e3o<br \/>\nusufruirmos dos bens eternos, quais s\u00e3o eles: a vida, todos os bens que s\u00e3o conseq\u00fc\u00eancias<br \/>\nda nossa exist\u00eancia, a nossa capacidade de pensar, de criar valores, de nos relacionarmos<br \/>\nuns com os outros, podemos fruir, ou seja, sentir a vida , o nosso pr\u00f3ximo e<br \/>\ntodas as coisas com liberdade, sem querer us\u00e1-la para um fim, esses dois<br \/>\nconceitos: fruir e usufruir v\u00e3o trazendo \u00e0 prele\u00e7\u00e3o o seu sentido maior.<o:p><\/o:p><\/span><\/p>\n<p class=\"MsoNormal\"><span lang=\"PT-BR\">Esses dois conceitos s\u00e3o utilizados para separar em<br \/>\nverdade o que \u00e9 realmente amor, o amor dos desejos, &nbsp;o falso amor ou o amor \u00e1gape, o amor sutil, o<br \/>\namor eterno, o amor &nbsp;que n\u00e3o se dissolve,<br \/>\no amor que n\u00e3o passa.<o:p><\/o:p><\/span><\/p>\n<p class=\"MsoNormal\"><span lang=\"PT-BR\">A espiritualidade assim nos deixa essa pergunta: estou<br \/>\nfruindo ou usufruindo? o que \u00e9 fruir de algo? Ela explica, \u00e9 n\u00e3o us\u00e1-lo, o que<br \/>\n\u00e9 usufruir? \u00e9 usar algo para conquistar um objetivo que est\u00e1 circunscrita a um<br \/>\ndesejo pessoal e fruir \u00e9 envolvernos com o que est\u00e1 a nossa volta e viv\u00ea-lo<br \/>\nintensamente, sem contabilismos, sem mercadorias, com uma entrega maravilhosa<br \/>\nao momento, ao instante, que perdura eternamente, um instante que em verdade se<br \/>\ntorna infinito pois que s\u00e3o mem\u00f3rias que carregamos para sempre&#8230; <o:p><\/o:p><\/span><\/p>\n<p class=\"MsoNormal\"><span lang=\"PT-BR\">A C\u00e1rita Editora Esp\u00edrita entrega a voc\u00ea, querido<br \/>\namigo, querida alma, que jornadeia conosco na causa maior da dor humana e da<br \/>\nsua evolu\u00e7\u00e3o para um mundo de regenera\u00e7\u00e3o, entrega esse texto maravilhoso, para<br \/>\no nosso caminho, para um caminhar maior e deixamos anexo nesse encontro um<br \/>\nconvite para uma caminhada pela vida, o <a href=\"http:\/\/brasilsemaborto.org\/\" target=\"_blank\" rel=\"noopener\">comit\u00ea Brasil sem aborto<\/a> com uma<br \/>\nlideran\u00e7a maravilhosa, religiosa, reunindo o catolicismo, o evangelismo, o<br \/>\nespiritismo e todas as f\u00e9s em torno de um objetivo solid\u00e1rio comum, que \u00e9 a<br \/>\nluta pelos nascituros e vai tecer um encontro de 40 dias de vibra\u00e7\u00e3o pela vida,<br \/>\nparticipe, conhe\u00e7a o movimento. Em nossa casa de ora\u00e7\u00e3o, a nossa querida <\/span><a href=\"https:\/\/www.facebook.com\/anaariel.cantora\" target=\"_blank\" rel=\"noopener\">AnaAriel, <\/a><span lang=\"PT-BR\">cantora, que tem sa\u00eddo \u00e0 frente dessas lutas pela vida ir\u00e1 inaugurar uma<br \/>\ncaminhada e est\u00e1 dentro desse movimento, participe, caminhemos juntos, quando<br \/>\nn\u00e3o pudermos caminhar com nossas pernas, caminhemos em pensamento, tem um<br \/>\ngrande e inestim\u00e1vel valor este gesto, paz seja em nome de Jesus, o nosso<br \/>\nsempre e grande e terno abra\u00e7o&#8230; C\u00e1rita.<o:p><\/o:p><\/span><\/p>\n<h3><span lang=\"PT-BR\">A mensagem da Celina<\/span><\/h3>\n<p class=\"MsoNormal\"><span lang=\"PT-BR\">Celina, nossa doce Celina e seu breve texto na boa<br \/>\nnova 985, com alegria recebemos a sua prece, ela enfatiza um dos conceitos<br \/>\ntrazidos na prele\u00e7\u00e3o pelo nosso querido Yoseph, o preposto do esp\u00edrito Eur\u00edpedes<br \/>\nBarsanulfo, Celina enfatiza o conceito mais simb\u00f3lico da teologia, que faz<br \/>\nreferencia \u00e0 trindade, pai, filho e esp\u00edrito santo, este foi tamb\u00e9m um subtema<br \/>\ntrazido na prele\u00e7\u00e3o dessa noite, ou\u00e7amos essa voz terna, amor\u00e1vel, intensa, que<br \/>\ntermina a sua fala convidando-nos para a caminhada liderada por Ana Ariel, nas<br \/>\nsuas linhas ultimas ela diz que se n\u00e3o tiver ningu\u00e9m ela estaria e os esp\u00edritos<br \/>\ntamb\u00e9m caminhar\u00e3o com ela e muitos outros, e muitos nascituros estar\u00e3o sendo<br \/>\ntratados, cuidados, elevados \u00e0 categoria da liberta\u00e7\u00e3o.<o:p><\/o:p><\/span><\/p>\n<p class=\"MsoNormal\"><span lang=\"PT-BR\">Tivemos nessa noite novamente dentro da fala de<br \/>\nCelina, o seu pedido para a leitura de uma psicografia que vem sendo feita na<br \/>\ncasa de ora\u00e7\u00e3o, pela irm\u00e3 de caminho Cec\u00edlia Parra Silva, nesse encontro Cec\u00edlia<br \/>\ntraz um texto lindo, que n\u00f3s intitulamos como \u201csou a boneca que ninavas na inf\u00e2ncia\u201d,<br \/>\na leitura \u00e9 feita por ela e permanece dentro do texto de Celina, que n\u00f3s<br \/>\npossamos fruir nessa prele\u00e7\u00e3o t\u00e3o linda que a C\u00e1rita Editora entrega a sua rede<br \/>\nde audi\u00e7\u00e3o..<o:p><\/o:p><\/span><\/p>\n<\/p>\n<p class=\"MsoNormal\"><span lang=\"PT-BR\">Muita paz, um grande abra\u00e7o, com Jesus at\u00e9 Jesus&#8230;<span style=\"font-size: 14pt; line-height: 115%;\"><o:p><\/o:p><\/span><\/span><\/p>\n","protected":false},"excerpt":{"rendered":"<p>Usufruir ou fruir (A Lei de Amor 7) 03 de setembro de 2016 Mensagem espiritual pelos esp\u00edritos Yoseph e CelinaPsicofon\u00eda da m\u00e8dium Eliana dos Santos Dura\u00e7\u00e3o: 1h 7min Ouve a apresenta\u00e7\u00e3o da mensagem espiritual: Play Ouve os primeiros 5 minutos da mensagem espiritual: Play O amor \u00e9 indissol\u00favel. Ele foi, \u00e9, e continuar\u00e1 sendo indissol\u00favel, &hellip; <a href=\"https:\/\/www.lojacarita.com.br\/loja\/product\/boa-nova-985\/\">Continua<\/a><\/p>\n","protected":false},"featured_media":1135,"template":"","meta":[],"product_brand":[],"product_cat":[81],"product_tag":[],"class_list":{"0":"post-1134","1":"product","2":"type-product","3":"status-publish","4":"has-post-thumbnail","6":"product_cat-boas_novas","8":"first","9":"instock","10":"downloadable","11":"virtual","12":"purchasable","13":"product-type-simple"},"acf":[],"yoast_head":"<!-- This site is optimized with the Yoast SEO plugin v27.4 - https:\/\/yoast.com\/product\/yoast-seo-wordpress\/ -->\n<title>Boa Nova 985 - Loja C\u00e1rita<\/title>\n<meta name=\"robots\" content=\"index, follow, max-snippet:-1, max-image-preview:large, max-video-preview:-1\" \/>\n<link rel=\"canonical\" href=\"https:\/\/www.lojacarita.com.br\/loja\/product\/boa-nova-985\/\" \/>\n<meta property=\"og:locale\" content=\"pt_BR\" \/>\n<meta property=\"og:type\" content=\"article\" \/>\n<meta property=\"og:title\" content=\"Boa Nova 985 - Loja C\u00e1rita\" \/>\n<meta property=\"og:description\" content=\"Usufruir ou fruir (A Lei de Amor 7) 03 de setembro de 2016 Mensagem espiritual pelos esp\u00edritos Yoseph e CelinaPsicofon\u00eda da m\u00e8dium Eliana dos Santos Dura\u00e7\u00e3o: 1h 7min Ouve a apresenta\u00e7\u00e3o da mensagem espiritual: Play Ouve os primeiros 5 minutos da mensagem espiritual: Play O amor \u00e9 indissol\u00favel. Ele foi, \u00e9, e continuar\u00e1 sendo indissol\u00favel, &hellip; Continua\" \/>\n<meta property=\"og:url\" content=\"https:\/\/www.lojacarita.com.br\/loja\/product\/boa-nova-985\/\" \/>\n<meta property=\"og:site_name\" content=\"Loja C\u00e1rita\" \/>\n<meta property=\"article:modified_time\" content=\"2023-12-05T11:05:39+00:00\" \/>\n<meta property=\"og:image\" content=\"https:\/\/www.lojacarita.com.br\/loja\/wp-content\/uploads\/2023\/11\/bn-985-capa.jpg\" \/>\n\t<meta property=\"og:image:width\" content=\"340\" \/>\n\t<meta property=\"og:image:height\" content=\"340\" \/>\n\t<meta property=\"og:image:type\" content=\"image\/jpeg\" \/>\n<meta name=\"twitter:card\" content=\"summary_large_image\" \/>\n<meta name=\"twitter:label1\" content=\"Est. tempo de leitura\" \/>\n\t<meta name=\"twitter:data1\" content=\"5 minutos\" \/>\n<script type=\"application\/ld+json\" class=\"yoast-schema-graph\">{\"@context\":\"https:\\\/\\\/schema.org\",\"@graph\":[{\"@type\":\"WebPage\",\"@id\":\"https:\\\/\\\/www.lojacarita.com.br\\\/loja\\\/product\\\/boa-nova-985\\\/\",\"url\":\"https:\\\/\\\/www.lojacarita.com.br\\\/loja\\\/product\\\/boa-nova-985\\\/\",\"name\":\"Boa Nova 985 - Loja C\u00e1rita\",\"isPartOf\":{\"@id\":\"https:\\\/\\\/www.lojacarita.com.br\\\/loja\\\/#website\"},\"primaryImageOfPage\":{\"@id\":\"https:\\\/\\\/www.lojacarita.com.br\\\/loja\\\/product\\\/boa-nova-985\\\/#primaryimage\"},\"image\":{\"@id\":\"https:\\\/\\\/www.lojacarita.com.br\\\/loja\\\/product\\\/boa-nova-985\\\/#primaryimage\"},\"thumbnailUrl\":\"https:\\\/\\\/www.lojacarita.com.br\\\/loja\\\/wp-content\\\/uploads\\\/2023\\\/11\\\/bn-985-capa.jpg\",\"datePublished\":\"2023-11-03T17:07:51+00:00\",\"dateModified\":\"2023-12-05T11:05:39+00:00\",\"breadcrumb\":{\"@id\":\"https:\\\/\\\/www.lojacarita.com.br\\\/loja\\\/product\\\/boa-nova-985\\\/#breadcrumb\"},\"inLanguage\":\"pt-BR\",\"potentialAction\":[{\"@type\":\"ReadAction\",\"target\":[\"https:\\\/\\\/www.lojacarita.com.br\\\/loja\\\/product\\\/boa-nova-985\\\/\"]}]},{\"@type\":\"ImageObject\",\"inLanguage\":\"pt-BR\",\"@id\":\"https:\\\/\\\/www.lojacarita.com.br\\\/loja\\\/product\\\/boa-nova-985\\\/#primaryimage\",\"url\":\"https:\\\/\\\/www.lojacarita.com.br\\\/loja\\\/wp-content\\\/uploads\\\/2023\\\/11\\\/bn-985-capa.jpg\",\"contentUrl\":\"https:\\\/\\\/www.lojacarita.com.br\\\/loja\\\/wp-content\\\/uploads\\\/2023\\\/11\\\/bn-985-capa.jpg\",\"width\":340,\"height\":340},{\"@type\":\"BreadcrumbList\",\"@id\":\"https:\\\/\\\/www.lojacarita.com.br\\\/loja\\\/product\\\/boa-nova-985\\\/#breadcrumb\",\"itemListElement\":[{\"@type\":\"ListItem\",\"position\":1,\"name\":\"In\u00edcio\",\"item\":\"https:\\\/\\\/www.lojacarita.com.br\\\/loja\\\/\"},{\"@type\":\"ListItem\",\"position\":2,\"name\":\"Produtos\",\"item\":\"https:\\\/\\\/www.lojacarita.com.br\\\/loja\\\/nossos-produtos\\\/\"},{\"@type\":\"ListItem\",\"position\":3,\"name\":\"Boa Nova 985\"}]},{\"@type\":\"WebSite\",\"@id\":\"https:\\\/\\\/www.lojacarita.com.br\\\/loja\\\/#website\",\"url\":\"https:\\\/\\\/www.lojacarita.com.br\\\/loja\\\/\",\"name\":\"Loja C\u00e1rita\",\"description\":\"Amai-vos e instrui-vos! Esp\u00edrito de Verdade\",\"publisher\":{\"@id\":\"https:\\\/\\\/www.lojacarita.com.br\\\/loja\\\/#organization\"},\"potentialAction\":[{\"@type\":\"SearchAction\",\"target\":{\"@type\":\"EntryPoint\",\"urlTemplate\":\"https:\\\/\\\/www.lojacarita.com.br\\\/loja\\\/?s={search_term_string}\"},\"query-input\":{\"@type\":\"PropertyValueSpecification\",\"valueRequired\":true,\"valueName\":\"search_term_string\"}}],\"inLanguage\":\"pt-BR\"},{\"@type\":\"Organization\",\"@id\":\"https:\\\/\\\/www.lojacarita.com.br\\\/loja\\\/#organization\",\"name\":\"Loja C\u00e1rita\",\"url\":\"https:\\\/\\\/www.lojacarita.com.br\\\/loja\\\/\",\"logo\":{\"@type\":\"ImageObject\",\"inLanguage\":\"pt-BR\",\"@id\":\"https:\\\/\\\/www.lojacarita.com.br\\\/loja\\\/#\\\/schema\\\/logo\\\/image\\\/\",\"url\":\"http:\\\/\\\/www.lojacarita.com.br\\\/loja2021\\\/wp-content\\\/uploads\\\/2021\\\/05\\\/favicon.png\",\"contentUrl\":\"http:\\\/\\\/www.lojacarita.com.br\\\/loja2021\\\/wp-content\\\/uploads\\\/2021\\\/05\\\/favicon.png\",\"width\":512,\"height\":512,\"caption\":\"Loja C\u00e1rita\"},\"image\":{\"@id\":\"https:\\\/\\\/www.lojacarita.com.br\\\/loja\\\/#\\\/schema\\\/logo\\\/image\\\/\"}}]}<\/script>\n<!-- \/ Yoast SEO plugin. -->","yoast_head_json":{"title":"Boa Nova 985 - Loja C\u00e1rita","robots":{"index":"index","follow":"follow","max-snippet":"max-snippet:-1","max-image-preview":"max-image-preview:large","max-video-preview":"max-video-preview:-1"},"canonical":"https:\/\/www.lojacarita.com.br\/loja\/product\/boa-nova-985\/","og_locale":"pt_BR","og_type":"article","og_title":"Boa Nova 985 - Loja C\u00e1rita","og_description":"Usufruir ou fruir (A Lei de Amor 7) 03 de setembro de 2016 Mensagem espiritual pelos esp\u00edritos Yoseph e CelinaPsicofon\u00eda da m\u00e8dium Eliana dos Santos Dura\u00e7\u00e3o: 1h 7min Ouve a apresenta\u00e7\u00e3o da mensagem espiritual: Play Ouve os primeiros 5 minutos da mensagem espiritual: Play O amor \u00e9 indissol\u00favel. Ele foi, \u00e9, e continuar\u00e1 sendo indissol\u00favel, &hellip; Continua","og_url":"https:\/\/www.lojacarita.com.br\/loja\/product\/boa-nova-985\/","og_site_name":"Loja C\u00e1rita","article_modified_time":"2023-12-05T11:05:39+00:00","og_image":[{"width":340,"height":340,"url":"https:\/\/www.lojacarita.com.br\/loja\/wp-content\/uploads\/2023\/11\/bn-985-capa.jpg","type":"image\/jpeg"}],"twitter_card":"summary_large_image","twitter_misc":{"Est. tempo de leitura":"5 minutos"},"schema":{"@context":"https:\/\/schema.org","@graph":[{"@type":"WebPage","@id":"https:\/\/www.lojacarita.com.br\/loja\/product\/boa-nova-985\/","url":"https:\/\/www.lojacarita.com.br\/loja\/product\/boa-nova-985\/","name":"Boa Nova 985 - Loja C\u00e1rita","isPartOf":{"@id":"https:\/\/www.lojacarita.com.br\/loja\/#website"},"primaryImageOfPage":{"@id":"https:\/\/www.lojacarita.com.br\/loja\/product\/boa-nova-985\/#primaryimage"},"image":{"@id":"https:\/\/www.lojacarita.com.br\/loja\/product\/boa-nova-985\/#primaryimage"},"thumbnailUrl":"https:\/\/www.lojacarita.com.br\/loja\/wp-content\/uploads\/2023\/11\/bn-985-capa.jpg","datePublished":"2023-11-03T17:07:51+00:00","dateModified":"2023-12-05T11:05:39+00:00","breadcrumb":{"@id":"https:\/\/www.lojacarita.com.br\/loja\/product\/boa-nova-985\/#breadcrumb"},"inLanguage":"pt-BR","potentialAction":[{"@type":"ReadAction","target":["https:\/\/www.lojacarita.com.br\/loja\/product\/boa-nova-985\/"]}]},{"@type":"ImageObject","inLanguage":"pt-BR","@id":"https:\/\/www.lojacarita.com.br\/loja\/product\/boa-nova-985\/#primaryimage","url":"https:\/\/www.lojacarita.com.br\/loja\/wp-content\/uploads\/2023\/11\/bn-985-capa.jpg","contentUrl":"https:\/\/www.lojacarita.com.br\/loja\/wp-content\/uploads\/2023\/11\/bn-985-capa.jpg","width":340,"height":340},{"@type":"BreadcrumbList","@id":"https:\/\/www.lojacarita.com.br\/loja\/product\/boa-nova-985\/#breadcrumb","itemListElement":[{"@type":"ListItem","position":1,"name":"In\u00edcio","item":"https:\/\/www.lojacarita.com.br\/loja\/"},{"@type":"ListItem","position":2,"name":"Produtos","item":"https:\/\/www.lojacarita.com.br\/loja\/nossos-produtos\/"},{"@type":"ListItem","position":3,"name":"Boa Nova 985"}]},{"@type":"WebSite","@id":"https:\/\/www.lojacarita.com.br\/loja\/#website","url":"https:\/\/www.lojacarita.com.br\/loja\/","name":"Loja C\u00e1rita","description":"Amai-vos e instrui-vos! Esp\u00edrito de Verdade","publisher":{"@id":"https:\/\/www.lojacarita.com.br\/loja\/#organization"},"potentialAction":[{"@type":"SearchAction","target":{"@type":"EntryPoint","urlTemplate":"https:\/\/www.lojacarita.com.br\/loja\/?s={search_term_string}"},"query-input":{"@type":"PropertyValueSpecification","valueRequired":true,"valueName":"search_term_string"}}],"inLanguage":"pt-BR"},{"@type":"Organization","@id":"https:\/\/www.lojacarita.com.br\/loja\/#organization","name":"Loja C\u00e1rita","url":"https:\/\/www.lojacarita.com.br\/loja\/","logo":{"@type":"ImageObject","inLanguage":"pt-BR","@id":"https:\/\/www.lojacarita.com.br\/loja\/#\/schema\/logo\/image\/","url":"http:\/\/www.lojacarita.com.br\/loja2021\/wp-content\/uploads\/2021\/05\/favicon.png","contentUrl":"http:\/\/www.lojacarita.com.br\/loja2021\/wp-content\/uploads\/2021\/05\/favicon.png","width":512,"height":512,"caption":"Loja C\u00e1rita"},"image":{"@id":"https:\/\/www.lojacarita.com.br\/loja\/#\/schema\/logo\/image\/"}}]}},"_links":{"self":[{"href":"https:\/\/www.lojacarita.com.br\/loja\/wp-json\/wp\/v2\/product\/1134","targetHints":{"allow":["GET"]}}],"collection":[{"href":"https:\/\/www.lojacarita.com.br\/loja\/wp-json\/wp\/v2\/product"}],"about":[{"href":"https:\/\/www.lojacarita.com.br\/loja\/wp-json\/wp\/v2\/types\/product"}],"wp:featuredmedia":[{"embeddable":true,"href":"https:\/\/www.lojacarita.com.br\/loja\/wp-json\/wp\/v2\/media\/1135"}],"wp:attachment":[{"href":"https:\/\/www.lojacarita.com.br\/loja\/wp-json\/wp\/v2\/media?parent=1134"}],"wp:term":[{"taxonomy":"product_brand","embeddable":true,"href":"https:\/\/www.lojacarita.com.br\/loja\/wp-json\/wp\/v2\/product_brand?post=1134"},{"taxonomy":"product_cat","embeddable":true,"href":"https:\/\/www.lojacarita.com.br\/loja\/wp-json\/wp\/v2\/product_cat?post=1134"},{"taxonomy":"product_tag","embeddable":true,"href":"https:\/\/www.lojacarita.com.br\/loja\/wp-json\/wp\/v2\/product_tag?post=1134"}],"curies":[{"name":"wp","href":"https:\/\/api.w.org\/{rel}","templated":true}]}}