{"id":1120,"date":"2023-11-03T14:07:11","date_gmt":"2023-11-03T17:07:11","guid":{"rendered":"https:\/\/www.lojacarita.com.br\/loja\/product\/boa-nova-1000\/"},"modified":"2024-04-03T08:59:04","modified_gmt":"2024-04-03T11:59:04","slug":"boa-nova-1000","status":"publish","type":"product","link":"https:\/\/www.lojacarita.com.br\/loja\/product\/boa-nova-1000\/","title":{"rendered":"Boa Nova 1000"},"content":{"rendered":"<p>O Cora\u00e7\u00e3o da Esperan\u00e7a no Encontro com o Cora\u00e7\u00e3o do Cristo!<\/p>\n<p>Que \u2018esperan\u00e7as\u2019 guardou o Menino Divino Para d\u00e1-las a n\u00f3s?<\/p>\n<p>24 de dezembro de 2016<\/p>\n<p>Mensagem espiritual pelo esp\u00edritos Yoseph&nbsp;<br \/>Psicofon\u00eda da m\u00e9dium Eliana dos Santos<\/p>\n<p>Dura\u00e7\u00e3o: 1h 2min<\/p>\n<hr width=\"75%\">\n<h5>Ouve a apresenta\u00e7\u00e3o da mensagem espiritual:<\/h5>\n<p><audio style=\"width:350px;background:#ffffff;width: 370px;\" preload=\"none\" ontimeupdate=\"updateTime()\" controls=\"\" metadata=\"\"><source src=\"https:\/\/www.lojacarita.com.br\/loja\/wp-content\/uploads\/2023\/11\/samples\/bn1000_abertura.mp3\" type=\"audio\/mpeg\"><a href=\"https:\/\/www.lojacarita.com.br\/loja\/wp-content\/uploads\/2023\/11\/samples\/bn1000_abertura.mp3\"><font size=\"2\">Play<\/font><\/a><\/audio><\/p>\n<hr width=\"75%\">\n<h5>Ouve os primeiros 5 minutos da mensagem espiritual:<\/h5>\n<p><audio style=\"width:350px;background:#ffffff;width: 370px;\" preload=\"none\" ontimeupdate=\"updateTime()\" controls=\"\" metadata=\"\"><source src=\"https:\/\/www.lojacarita.com.br\/loja\/wp-content\/uploads\/2023\/11\/samples\/bn-1000-sample.mp3\" type=\"audio\/mpeg\"><a href=\"https:\/\/www.lojacarita.com.br\/loja\/wp-content\/uploads\/2023\/11\/samples\/bn-1000-sample.mp3\"><font size=\"2\">Play<\/font><\/a><\/audio><\/p>\n<p><\/p>\n<blockquote style=\"padding: 10px 20px; margin-bottom: 20px; font-size: 17.5px; color: rgb(102, 102, 102);\">\n<p>\u00ab(&#8230;) Natal! Natal!<br \/>\nTodos os nossos cora\u00e7\u00f5es voltados para a imagem da<br \/>\nmanjedoura hum\u00edlima!<br \/>\nComo poder\u00edamos nomear \u2018a salva\u00e7\u00e3o\u2019 em meio \u00e0quela condi\u00e7\u00e3o<br \/>\nhumana? Como?<br \/>\nQuem de n\u00f3s em s\u00e3 consci\u00eancia nomearia<br \/>\naquela cena de &#8216;salva\u00e7\u00e3o&#8217;?<br \/>\nOu ver\u00edamos \u2018naquele pobrezinho\u2019 nascido em Bel\u00e9m \u2018o nosso<br \/>\nSalvador\u2019?<br \/>\nAinda n\u00e3o O vemos. N\u00f3s temos medo da pobreza, temos medo<br \/>\nda simplicidade, n\u00f3s vivemos em um anseio de &#8216;ter mais&#8217;,<br \/>\ncont\u00ednuo. Ainda n\u00e3o unimos o nosso cora\u00e7\u00e3o \u00e0quela crian\u00e7a,<br \/>\npobrezinha, nascida naquela manjedoura hum\u00edlima.\u00bb<\/p>\n<\/blockquote>\n<p style=\"margin-bottom: 10px; color: rgb(102, 102, 102);\">Boa Nova 1000 &#8211; Eur\u00edpedes Barsanulfo<\/p>\n<p style=\"margin-bottom: 10px; color: rgb(102, 102, 102);\"><\/p>\n<h3 style=\"margin-bottom: 10px;\">Profundizando conceitos na Boa Nova 1000<\/h3>\n<p class=\"MsoNormal\" style=\"line-height:normal\"><span lang=\"PT-BR\">Com a frase: nossos cora\u00e7\u00f5es precisam estar unidos <b>a<br \/>\nespiritualidade abre a mil\u00e9sima prele\u00e7\u00e3o<\/b> no ano de 2016, no natal 24 de<br \/>\ndezembro, em torno desta fala da unidade do nosso cora\u00e7\u00e3o com o cora\u00e7\u00e3o do<br \/>\ncristo, atrav\u00e9s do simbolismo da manjedoura hum\u00edlima em que nasce Jesus Cristo<br \/>\nn\u00f3s temos esta linda palavra que nos recorda o prop\u00f3sito maior da nossa<br \/>\nencarna\u00e7\u00e3o, que \u00e9 o crescimento da nossa estatura espiritual, da nossa estatura<br \/>\nmoral.<o:p><\/o:p><\/span><\/p>\n<p class=\"MsoNormal\" style=\"line-height:normal\"><span lang=\"PT-BR\">Linhas n\u00e3o t\u00e3o longas, mas breves, Yoseph se despede,<br \/>\ndeixa linhas de saudades, fez parte de um projeto de mensagens em torno do<br \/>\ncristianismo redivivo, como preposto do Esp\u00edrito Eur\u00edpedes Barsanulfo.<o:p><\/o:p><\/span><\/p>\n<p class=\"MsoNormal\" style=\"line-height:normal\"><span lang=\"PT-BR\">C\u00e1rita Editora Esp\u00edrita entrega estas singelas linhas<br \/>\n\u00e0 sua rede de audi\u00e7\u00e3o, entrega essas linhas tamb\u00e9m com enorme gratid\u00e3o, pela<br \/>\noportunidade de termos levado a termo esse projeto atrav\u00e9s de quase vinte anos,<br \/>\nsemanalmente, ininterruptamente, prosseguindo nessa arte sublime de trazer as<br \/>\npalavras celestes, de ouvi-las, da equipe maravilhosa e amiga da rede de<br \/>\naudi\u00e7\u00e3o que as transcreveu ao longo desses anos, de todos aqueles que nos<br \/>\najudaram na execu\u00e7\u00e3o da programa\u00e7\u00e3o editorial, enfim, de toda esta equipe que<br \/>\nse manteve unida at\u00e9 o final, at\u00e9 a data de 24\/12\/2016 em que a mil\u00e9sima boa<br \/>\nnova, com o t\u00edtulo, o cora\u00e7\u00e3o da esperan\u00e7a no encontro com o cora\u00e7\u00e3o do Cristo<br \/>\nest\u00e1 sendo entregue hoje aos nossos queridos irm\u00e3os de caminho.<o:p><\/o:p><\/span><\/p>\n<p class=\"MsoNormal\" style=\"line-height:normal\"><span lang=\"PT-BR\">Grande abra\u00e7o, C\u00e1rita Editora Esp\u00edrita, ternuras<br \/>\nimensas se derramam nessa proposta espiritual de fazer com que o nosso cora\u00e7\u00e3o<br \/>\nse encontre com o cora\u00e7\u00e3o do cristo atrav\u00e9s dos cora\u00e7\u00f5es em sofrimento na<br \/>\nterra, atrav\u00e9s do nosso amor ao pr\u00f3ximo, as virtudes teologais s\u00e3o examinadas,<br \/>\ne o pai nosso \u00e9 examinado \u00e0 luz das sete peti\u00e7\u00f5es, centradas nas 3 primeiras<br \/>\npeti\u00e7\u00f5es celestes. A espiritualidade nos demonstra que este foi um trabalho<br \/>\ndeixado por santo Agostinho no s\u00e9culo 4, \u00e0 luz da doutrina esp\u00edrita n\u00f3s temos o<br \/>\npen\u00faltimo texto da esperan\u00e7a da pen\u00faltima prele\u00e7\u00e3o de dezembro, finalizando o<br \/>\npercurso das mil prele\u00e7\u00f5es, que o Bom Deus nos guarde sempre e aben\u00e7oe<br \/>\ngrandemente todos os cora\u00e7\u00f5es envolvidos neste caminho de amor.<o:p><\/o:p><\/span><\/p>\n<p class=\"MsoNormal\" style=\"line-height:normal\"><span lang=\"PT-BR\">C\u00e1rita Editora Esp\u00edrita entrega tamb\u00e9m nesse encontro<br \/>\nbreves palavras de um ente muito querido desta casa de ora\u00e7\u00e3o, atrav\u00e9s de sua<br \/>\nfilha Cec\u00edlia Parra, o esp\u00edrito Nancy nos trouxe mensagem singela de gratid\u00e3o a<br \/>\nYoseph, a Eur\u00edpedes, a essa rede de amor celeste que foi a cada ano deixando<br \/>\npequenas part\u00edculas de luz compondo a nossa luz. Celina nesse encontro n\u00e3o<br \/>\nesteve conosco mas Nancy nos deixou emocionadas linhas de gratid\u00e3o a todo esse<br \/>\npercurso celeste que demonstra confian\u00e7a nessa casa, confian\u00e7a nesse equipe<br \/>\ngestora e mantenedora desse trabalho de amor \u00e0 Deus e ao pr\u00f3ximo.<o:p><\/o:p><\/span><\/p>\n<p style=\"margin-bottom: 10px;\">\n<p class=\"MsoNormal\" style=\"line-height:normal\"><span lang=\"PT-BR\">Grande abra\u00e7o&#8230; feliz 2017 para todos.<span style=\"font-size: 14pt;\"><o:p><\/o:p><\/span><\/span><\/p>\n","protected":false},"excerpt":{"rendered":"<p>O Cora\u00e7\u00e3o da Esperan\u00e7a no Encontro com o Cora\u00e7\u00e3o do Cristo! Que \u2018esperan\u00e7as\u2019 guardou o Menino Divino Para d\u00e1-las a n\u00f3s? 24 de dezembro de 2016 Mensagem espiritual pelo esp\u00edritos Yoseph&nbsp;Psicofon\u00eda da m\u00e9dium Eliana dos Santos Dura\u00e7\u00e3o: 1h 2min Ouve a apresenta\u00e7\u00e3o da mensagem espiritual: Play Ouve os primeiros 5 minutos da mensagem espiritual: Play &hellip; <a href=\"https:\/\/www.lojacarita.com.br\/loja\/product\/boa-nova-1000\/\">Continua<\/a><\/p>\n","protected":false},"featured_media":1121,"template":"","meta":[],"product_brand":[],"product_cat":[68],"product_tag":[],"class_list":{"0":"post-1120","1":"product","2":"type-product","3":"status-publish","4":"has-post-thumbnail","6":"product_cat-dez16","8":"first","9":"instock","10":"downloadable","11":"virtual","12":"purchasable","13":"product-type-simple"},"acf":[],"yoast_head":"<!-- This site is optimized with the Yoast SEO plugin v27.4 - https:\/\/yoast.com\/product\/yoast-seo-wordpress\/ -->\n<title>Boa Nova 1000 - Loja C\u00e1rita<\/title>\n<meta name=\"robots\" content=\"index, follow, max-snippet:-1, max-image-preview:large, max-video-preview:-1\" \/>\n<link rel=\"canonical\" href=\"https:\/\/www.lojacarita.com.br\/loja\/product\/boa-nova-1000\/\" \/>\n<meta property=\"og:locale\" content=\"pt_BR\" \/>\n<meta property=\"og:type\" content=\"article\" \/>\n<meta property=\"og:title\" content=\"Boa Nova 1000 - Loja C\u00e1rita\" \/>\n<meta property=\"og:description\" content=\"O Cora\u00e7\u00e3o da Esperan\u00e7a no Encontro com o Cora\u00e7\u00e3o do Cristo! Que \u2018esperan\u00e7as\u2019 guardou o Menino Divino Para d\u00e1-las a n\u00f3s? 24 de dezembro de 2016 Mensagem espiritual pelo esp\u00edritos Yoseph&nbsp;Psicofon\u00eda da m\u00e9dium Eliana dos Santos Dura\u00e7\u00e3o: 1h 2min Ouve a apresenta\u00e7\u00e3o da mensagem espiritual: Play Ouve os primeiros 5 minutos da mensagem espiritual: Play &hellip; Continua\" \/>\n<meta property=\"og:url\" content=\"https:\/\/www.lojacarita.com.br\/loja\/product\/boa-nova-1000\/\" \/>\n<meta property=\"og:site_name\" content=\"Loja C\u00e1rita\" \/>\n<meta property=\"article:modified_time\" content=\"2024-04-03T11:59:04+00:00\" \/>\n<meta property=\"og:image\" content=\"https:\/\/www.lojacarita.com.br\/loja\/wp-content\/uploads\/2023\/11\/bn-1000-capa.jpg\" \/>\n\t<meta property=\"og:image:width\" content=\"454\" \/>\n\t<meta property=\"og:image:height\" content=\"454\" \/>\n\t<meta property=\"og:image:type\" content=\"image\/jpeg\" \/>\n<meta name=\"twitter:card\" content=\"summary_large_image\" \/>\n<meta name=\"twitter:label1\" content=\"Est. tempo de leitura\" \/>\n\t<meta name=\"twitter:data1\" content=\"3 minutos\" \/>\n<script type=\"application\/ld+json\" class=\"yoast-schema-graph\">{\"@context\":\"https:\\\/\\\/schema.org\",\"@graph\":[{\"@type\":\"WebPage\",\"@id\":\"https:\\\/\\\/www.lojacarita.com.br\\\/loja\\\/product\\\/boa-nova-1000\\\/\",\"url\":\"https:\\\/\\\/www.lojacarita.com.br\\\/loja\\\/product\\\/boa-nova-1000\\\/\",\"name\":\"Boa Nova 1000 - Loja C\u00e1rita\",\"isPartOf\":{\"@id\":\"https:\\\/\\\/www.lojacarita.com.br\\\/loja\\\/#website\"},\"primaryImageOfPage\":{\"@id\":\"https:\\\/\\\/www.lojacarita.com.br\\\/loja\\\/product\\\/boa-nova-1000\\\/#primaryimage\"},\"image\":{\"@id\":\"https:\\\/\\\/www.lojacarita.com.br\\\/loja\\\/product\\\/boa-nova-1000\\\/#primaryimage\"},\"thumbnailUrl\":\"https:\\\/\\\/www.lojacarita.com.br\\\/loja\\\/wp-content\\\/uploads\\\/2023\\\/11\\\/bn-1000-capa.jpg\",\"datePublished\":\"2023-11-03T17:07:11+00:00\",\"dateModified\":\"2024-04-03T11:59:04+00:00\",\"breadcrumb\":{\"@id\":\"https:\\\/\\\/www.lojacarita.com.br\\\/loja\\\/product\\\/boa-nova-1000\\\/#breadcrumb\"},\"inLanguage\":\"pt-BR\",\"potentialAction\":[{\"@type\":\"ReadAction\",\"target\":[\"https:\\\/\\\/www.lojacarita.com.br\\\/loja\\\/product\\\/boa-nova-1000\\\/\"]}]},{\"@type\":\"ImageObject\",\"inLanguage\":\"pt-BR\",\"@id\":\"https:\\\/\\\/www.lojacarita.com.br\\\/loja\\\/product\\\/boa-nova-1000\\\/#primaryimage\",\"url\":\"https:\\\/\\\/www.lojacarita.com.br\\\/loja\\\/wp-content\\\/uploads\\\/2023\\\/11\\\/bn-1000-capa.jpg\",\"contentUrl\":\"https:\\\/\\\/www.lojacarita.com.br\\\/loja\\\/wp-content\\\/uploads\\\/2023\\\/11\\\/bn-1000-capa.jpg\",\"width\":454,\"height\":454},{\"@type\":\"BreadcrumbList\",\"@id\":\"https:\\\/\\\/www.lojacarita.com.br\\\/loja\\\/product\\\/boa-nova-1000\\\/#breadcrumb\",\"itemListElement\":[{\"@type\":\"ListItem\",\"position\":1,\"name\":\"In\u00edcio\",\"item\":\"https:\\\/\\\/www.lojacarita.com.br\\\/loja\\\/\"},{\"@type\":\"ListItem\",\"position\":2,\"name\":\"Produtos\",\"item\":\"https:\\\/\\\/www.lojacarita.com.br\\\/loja\\\/nossos-produtos\\\/\"},{\"@type\":\"ListItem\",\"position\":3,\"name\":\"Boa Nova 1000\"}]},{\"@type\":\"WebSite\",\"@id\":\"https:\\\/\\\/www.lojacarita.com.br\\\/loja\\\/#website\",\"url\":\"https:\\\/\\\/www.lojacarita.com.br\\\/loja\\\/\",\"name\":\"Loja C\u00e1rita\",\"description\":\"Amai-vos e instrui-vos! Esp\u00edrito de Verdade\",\"publisher\":{\"@id\":\"https:\\\/\\\/www.lojacarita.com.br\\\/loja\\\/#organization\"},\"potentialAction\":[{\"@type\":\"SearchAction\",\"target\":{\"@type\":\"EntryPoint\",\"urlTemplate\":\"https:\\\/\\\/www.lojacarita.com.br\\\/loja\\\/?s={search_term_string}\"},\"query-input\":{\"@type\":\"PropertyValueSpecification\",\"valueRequired\":true,\"valueName\":\"search_term_string\"}}],\"inLanguage\":\"pt-BR\"},{\"@type\":\"Organization\",\"@id\":\"https:\\\/\\\/www.lojacarita.com.br\\\/loja\\\/#organization\",\"name\":\"Loja C\u00e1rita\",\"url\":\"https:\\\/\\\/www.lojacarita.com.br\\\/loja\\\/\",\"logo\":{\"@type\":\"ImageObject\",\"inLanguage\":\"pt-BR\",\"@id\":\"https:\\\/\\\/www.lojacarita.com.br\\\/loja\\\/#\\\/schema\\\/logo\\\/image\\\/\",\"url\":\"http:\\\/\\\/www.lojacarita.com.br\\\/loja2021\\\/wp-content\\\/uploads\\\/2021\\\/05\\\/favicon.png\",\"contentUrl\":\"http:\\\/\\\/www.lojacarita.com.br\\\/loja2021\\\/wp-content\\\/uploads\\\/2021\\\/05\\\/favicon.png\",\"width\":512,\"height\":512,\"caption\":\"Loja C\u00e1rita\"},\"image\":{\"@id\":\"https:\\\/\\\/www.lojacarita.com.br\\\/loja\\\/#\\\/schema\\\/logo\\\/image\\\/\"}}]}<\/script>\n<!-- \/ Yoast SEO plugin. -->","yoast_head_json":{"title":"Boa Nova 1000 - Loja C\u00e1rita","robots":{"index":"index","follow":"follow","max-snippet":"max-snippet:-1","max-image-preview":"max-image-preview:large","max-video-preview":"max-video-preview:-1"},"canonical":"https:\/\/www.lojacarita.com.br\/loja\/product\/boa-nova-1000\/","og_locale":"pt_BR","og_type":"article","og_title":"Boa Nova 1000 - Loja C\u00e1rita","og_description":"O Cora\u00e7\u00e3o da Esperan\u00e7a no Encontro com o Cora\u00e7\u00e3o do Cristo! Que \u2018esperan\u00e7as\u2019 guardou o Menino Divino Para d\u00e1-las a n\u00f3s? 24 de dezembro de 2016 Mensagem espiritual pelo esp\u00edritos Yoseph&nbsp;Psicofon\u00eda da m\u00e9dium Eliana dos Santos Dura\u00e7\u00e3o: 1h 2min Ouve a apresenta\u00e7\u00e3o da mensagem espiritual: Play Ouve os primeiros 5 minutos da mensagem espiritual: Play &hellip; Continua","og_url":"https:\/\/www.lojacarita.com.br\/loja\/product\/boa-nova-1000\/","og_site_name":"Loja C\u00e1rita","article_modified_time":"2024-04-03T11:59:04+00:00","og_image":[{"width":454,"height":454,"url":"https:\/\/www.lojacarita.com.br\/loja\/wp-content\/uploads\/2023\/11\/bn-1000-capa.jpg","type":"image\/jpeg"}],"twitter_card":"summary_large_image","twitter_misc":{"Est. tempo de leitura":"3 minutos"},"schema":{"@context":"https:\/\/schema.org","@graph":[{"@type":"WebPage","@id":"https:\/\/www.lojacarita.com.br\/loja\/product\/boa-nova-1000\/","url":"https:\/\/www.lojacarita.com.br\/loja\/product\/boa-nova-1000\/","name":"Boa Nova 1000 - Loja C\u00e1rita","isPartOf":{"@id":"https:\/\/www.lojacarita.com.br\/loja\/#website"},"primaryImageOfPage":{"@id":"https:\/\/www.lojacarita.com.br\/loja\/product\/boa-nova-1000\/#primaryimage"},"image":{"@id":"https:\/\/www.lojacarita.com.br\/loja\/product\/boa-nova-1000\/#primaryimage"},"thumbnailUrl":"https:\/\/www.lojacarita.com.br\/loja\/wp-content\/uploads\/2023\/11\/bn-1000-capa.jpg","datePublished":"2023-11-03T17:07:11+00:00","dateModified":"2024-04-03T11:59:04+00:00","breadcrumb":{"@id":"https:\/\/www.lojacarita.com.br\/loja\/product\/boa-nova-1000\/#breadcrumb"},"inLanguage":"pt-BR","potentialAction":[{"@type":"ReadAction","target":["https:\/\/www.lojacarita.com.br\/loja\/product\/boa-nova-1000\/"]}]},{"@type":"ImageObject","inLanguage":"pt-BR","@id":"https:\/\/www.lojacarita.com.br\/loja\/product\/boa-nova-1000\/#primaryimage","url":"https:\/\/www.lojacarita.com.br\/loja\/wp-content\/uploads\/2023\/11\/bn-1000-capa.jpg","contentUrl":"https:\/\/www.lojacarita.com.br\/loja\/wp-content\/uploads\/2023\/11\/bn-1000-capa.jpg","width":454,"height":454},{"@type":"BreadcrumbList","@id":"https:\/\/www.lojacarita.com.br\/loja\/product\/boa-nova-1000\/#breadcrumb","itemListElement":[{"@type":"ListItem","position":1,"name":"In\u00edcio","item":"https:\/\/www.lojacarita.com.br\/loja\/"},{"@type":"ListItem","position":2,"name":"Produtos","item":"https:\/\/www.lojacarita.com.br\/loja\/nossos-produtos\/"},{"@type":"ListItem","position":3,"name":"Boa Nova 1000"}]},{"@type":"WebSite","@id":"https:\/\/www.lojacarita.com.br\/loja\/#website","url":"https:\/\/www.lojacarita.com.br\/loja\/","name":"Loja C\u00e1rita","description":"Amai-vos e instrui-vos! Esp\u00edrito de Verdade","publisher":{"@id":"https:\/\/www.lojacarita.com.br\/loja\/#organization"},"potentialAction":[{"@type":"SearchAction","target":{"@type":"EntryPoint","urlTemplate":"https:\/\/www.lojacarita.com.br\/loja\/?s={search_term_string}"},"query-input":{"@type":"PropertyValueSpecification","valueRequired":true,"valueName":"search_term_string"}}],"inLanguage":"pt-BR"},{"@type":"Organization","@id":"https:\/\/www.lojacarita.com.br\/loja\/#organization","name":"Loja C\u00e1rita","url":"https:\/\/www.lojacarita.com.br\/loja\/","logo":{"@type":"ImageObject","inLanguage":"pt-BR","@id":"https:\/\/www.lojacarita.com.br\/loja\/#\/schema\/logo\/image\/","url":"http:\/\/www.lojacarita.com.br\/loja2021\/wp-content\/uploads\/2021\/05\/favicon.png","contentUrl":"http:\/\/www.lojacarita.com.br\/loja2021\/wp-content\/uploads\/2021\/05\/favicon.png","width":512,"height":512,"caption":"Loja C\u00e1rita"},"image":{"@id":"https:\/\/www.lojacarita.com.br\/loja\/#\/schema\/logo\/image\/"}}]}},"_links":{"self":[{"href":"https:\/\/www.lojacarita.com.br\/loja\/wp-json\/wp\/v2\/product\/1120","targetHints":{"allow":["GET"]}}],"collection":[{"href":"https:\/\/www.lojacarita.com.br\/loja\/wp-json\/wp\/v2\/product"}],"about":[{"href":"https:\/\/www.lojacarita.com.br\/loja\/wp-json\/wp\/v2\/types\/product"}],"wp:featuredmedia":[{"embeddable":true,"href":"https:\/\/www.lojacarita.com.br\/loja\/wp-json\/wp\/v2\/media\/1121"}],"wp:attachment":[{"href":"https:\/\/www.lojacarita.com.br\/loja\/wp-json\/wp\/v2\/media?parent=1120"}],"wp:term":[{"taxonomy":"product_brand","embeddable":true,"href":"https:\/\/www.lojacarita.com.br\/loja\/wp-json\/wp\/v2\/product_brand?post=1120"},{"taxonomy":"product_cat","embeddable":true,"href":"https:\/\/www.lojacarita.com.br\/loja\/wp-json\/wp\/v2\/product_cat?post=1120"},{"taxonomy":"product_tag","embeddable":true,"href":"https:\/\/www.lojacarita.com.br\/loja\/wp-json\/wp\/v2\/product_tag?post=1120"}],"curies":[{"name":"wp","href":"https:\/\/api.w.org\/{rel}","templated":true}]}}