{"id":1118,"date":"2023-11-03T14:07:09","date_gmt":"2023-11-03T17:07:09","guid":{"rendered":"https:\/\/www.lojacarita.com.br\/loja\/product\/boa-nova-999\/"},"modified":"2024-04-03T08:59:05","modified_gmt":"2024-04-03T11:59:05","slug":"boa-nova-999","status":"publish","type":"product","link":"https:\/\/www.lojacarita.com.br\/loja\/product\/boa-nova-999\/","title":{"rendered":"Boa Nova 999"},"content":{"rendered":"<p>A Esperan\u00e7a que nos ensina&#8230;<\/p>\n<p>As duas Filhas: Indigna\u00e7\u00e3o e Coragem \u00e0 Luz da Doutrina Esp\u00edrita<\/p>\n<p>10 de dezembro de 2016<\/p>\n<p>Mensagem espiritual pelo esp\u00edritos Yoseph&nbsp;<br \/>Psicofon\u00eda da m\u00e9dium Eliana dos Santos<\/p>\n<p>Dura\u00e7\u00e3o: 1h 16min<\/p>\n<hr width=\"75%\">\n<h5>Ouve a apresenta\u00e7\u00e3o da mensagem espiritual:<\/h5>\n<p><audio style=\"width:350px;background:#ffffff;width: 370px;\" preload=\"none\" ontimeupdate=\"updateTime()\" controls=\"\" metadata=\"\"><source src=\"https:\/\/www.lojacarita.com.br\/loja\/wp-content\/uploads\/2023\/11\/samples\/bn999_abertura.mp3\" type=\"audio\/mpeg\"><a href=\"https:\/\/www.lojacarita.com.br\/loja\/wp-content\/uploads\/2023\/11\/samples\/bn999_abertura.mp3\"><font size=\"2\">Play<\/font><\/a><\/audio><\/p>\n<hr width=\"75%\">\n<h5>Ouve os primeiros 5 minutos da mensagem espiritual:<\/h5>\n<p><audio style=\"width:350px;background:#ffffff;width: 370px;\" preload=\"none\" ontimeupdate=\"updateTime()\" controls=\"\" metadata=\"\"><source src=\"https:\/\/www.lojacarita.com.br\/loja\/wp-content\/uploads\/2023\/11\/samples\/bn-999-sample.mp3\" type=\"audio\/mpeg\"><a href=\"https:\/\/www.lojacarita.com.br\/loja\/wp-content\/uploads\/2023\/11\/samples\/bn-999-sample.mp3\"><font size=\"2\">Play<\/font><\/a><\/audio><\/p>\n<p><\/p>\n<blockquote style=\"padding: 10px 20px; margin-bottom: 20px; font-size: 17.5px; color: rgb(102, 102, 102);\">\n<p>\u00ab(&#8230;) E a bem-aventuran\u00e7a vem falar de esperan\u00e7a. Bem-aventuran\u00e7a: a ventura da exist\u00eancia. N\u00f3s podemos aprender com a indigna\u00e7\u00e3o a li\u00e7\u00e3o excelsa de mudar &#8216;como estamos&#8217; \u2013 ou a situa\u00e7\u00e3o na qual nos encontramos? N\u00e3o! Mas como agimos e reagimos na situa\u00e7\u00e3o na qual nos encontramos. A situa\u00e7\u00e3o \u00e9 coletiva. O acidente de Chapec\u00f3: o avi\u00e3o caiu, a maioria morreu. Hoje abri o exame m\u00e9dico e estava l\u00e1 o diagn\u00f3stico &#8230;<br \/>\nque me abate&#8230;, uma situa\u00e7\u00e3o que \u00e9 \u2018vari\u00e1vel divina\u2019. Mas eu posso mexer com o que est\u00e1 \u2013<br \/>\ne eu estou abalado, eu estou triste&#8230;<br \/>\nO Cristo bem-aventurou, claro, o Cristo compreendia os processos reencarnat\u00f3rios<br \/>\ne a dor como processo lenitivo, b\u00e1lsamo que diminui  na alma a sua dor consciencial. \u00bb<\/p>\n<\/blockquote>\n<p style=\"margin-bottom: 10px; color: rgb(102, 102, 102);\">Boa Nova 999 &#8211; Eur\u00edpedes Barsanulfo<\/p>\n<p style=\"margin-bottom: 10px; color: rgb(102, 102, 102);\"><\/p>\n<p style=\"margin-bottom: 10px; color: rgb(102, 102, 102);\"><span style=\"color: rgb(68, 68, 68); font-size: 21px;\">Profundizando nos conte\u00fados da Boa Nova 999<\/span><\/p>\n<p>A Carita Editora Esp\u00edrita entrega \u00e0 rede de audi\u00e7\u00e3o sua pen\u00faltima transmiss\u00e3o psicof\u00f4nica, ao longo de quase 20 anos, a espiritualidade e Euripedes Barsanulfo, com alguns prepostos, o mais conhecido deles, Yoseph, tem nos trazido essas mensagens lindas, recebemos da sua pr\u00f3pria voz que essa seria a pen\u00faltima comunica\u00e7\u00e3o. Com a paz de nosso Senhor Jesus a boa nova 999 a esperan\u00e7a que nos ensina, as duas filhas indigna\u00e7\u00e3o e coragem \u00e0 luz da doutrina esp\u00edrita est\u00e1 aqui para a sua audi\u00e7\u00e3o, para o seu deleite, e sobretudo, para a sua aprendizagem.\n<\/p>\n<p>Yoseph nesse encontro analisa uma cosmovis\u00e3o da esperan\u00e7a ativa, essas duas filhas, indigna\u00e7\u00e3o e coragem est\u00e3o dentro de uma informa\u00e7\u00e3o trazida pela filosofia de Santo Agostinho.\n<\/p>\n<p>Boa audi\u00e7\u00e3o, que todos possam compreender os in\u00fameros pontos tratados nessa boa nova, ela foi mais longa que as demais, tamb\u00e9m aqui inclu\u00eddas as concep\u00e7\u00f5es espiritualistas sobre as trag\u00e9dias coletivas e a vari\u00e1vel divina da imponderabilidade, enfim, entregamos \u00e0 essa rede as palavras espirituais, t\u00e3o belas, ensinando-nos a manter a esperan\u00e7a em nossos cora\u00e7\u00f5es. <\/p>\n<p>Grande Abra\u00e7o. C\u00e1rita.<\/p>\n<h4><\/h4>\n<h4>A ora\u00e7\u00e3o da Celina<\/h4>\n<\/p>\n<p>\nTamb\u00e9m Celina sempre com seu acr\u00e9scimo de poesia a prece intensa passa deixando-nos algumas linhas, vamos ouv\u00ed-la, ela continua apontando os nossos  livramentos e afirmando a sublimidade de Deus, dos nossos tutelares do mundo maior. Tamb\u00e9m foca a linda esperan\u00e7a e nos convida a todos a esperan\u00e7ar com estas palavras espirituais. Convida-nos em nossa humildade a olhar este universo e agradecer..\n<\/p>\n<p>Celina, nosso grande abra\u00e7o&#8230; <\/p>\n<p>C\u00e1rita Editora Esp\u00edrita. <\/p>\n","protected":false},"excerpt":{"rendered":"<p>A Esperan\u00e7a que nos ensina&#8230; As duas Filhas: Indigna\u00e7\u00e3o e Coragem \u00e0 Luz da Doutrina Esp\u00edrita 10 de dezembro de 2016 Mensagem espiritual pelo esp\u00edritos Yoseph&nbsp;Psicofon\u00eda da m\u00e9dium Eliana dos Santos Dura\u00e7\u00e3o: 1h 16min Ouve a apresenta\u00e7\u00e3o da mensagem espiritual: Play Ouve os primeiros 5 minutos da mensagem espiritual: Play \u00ab(&#8230;) E a bem-aventuran\u00e7a vem &hellip; <a href=\"https:\/\/www.lojacarita.com.br\/loja\/product\/boa-nova-999\/\">Continua<\/a><\/p>\n","protected":false},"featured_media":1119,"template":"","meta":[],"product_brand":[],"product_cat":[68],"product_tag":[],"class_list":{"0":"post-1118","1":"product","2":"type-product","3":"status-publish","4":"has-post-thumbnail","6":"product_cat-dez16","8":"first","9":"instock","10":"downloadable","11":"virtual","12":"purchasable","13":"product-type-simple"},"acf":[],"yoast_head":"<!-- This site is optimized with the Yoast SEO plugin v27.4 - https:\/\/yoast.com\/product\/yoast-seo-wordpress\/ -->\n<title>Boa Nova 999 - Loja C\u00e1rita<\/title>\n<meta name=\"robots\" content=\"index, follow, max-snippet:-1, max-image-preview:large, max-video-preview:-1\" \/>\n<link rel=\"canonical\" href=\"https:\/\/www.lojacarita.com.br\/loja\/product\/boa-nova-999\/\" \/>\n<meta property=\"og:locale\" content=\"pt_BR\" \/>\n<meta property=\"og:type\" content=\"article\" \/>\n<meta property=\"og:title\" content=\"Boa Nova 999 - Loja C\u00e1rita\" \/>\n<meta property=\"og:description\" content=\"A Esperan\u00e7a que nos ensina&#8230; As duas Filhas: Indigna\u00e7\u00e3o e Coragem \u00e0 Luz da Doutrina Esp\u00edrita 10 de dezembro de 2016 Mensagem espiritual pelo esp\u00edritos Yoseph&nbsp;Psicofon\u00eda da m\u00e9dium Eliana dos Santos Dura\u00e7\u00e3o: 1h 16min Ouve a apresenta\u00e7\u00e3o da mensagem espiritual: Play Ouve os primeiros 5 minutos da mensagem espiritual: Play \u00ab(&#8230;) E a bem-aventuran\u00e7a vem &hellip; Continua\" \/>\n<meta property=\"og:url\" content=\"https:\/\/www.lojacarita.com.br\/loja\/product\/boa-nova-999\/\" \/>\n<meta property=\"og:site_name\" content=\"Loja C\u00e1rita\" \/>\n<meta property=\"article:modified_time\" content=\"2024-04-03T11:59:05+00:00\" \/>\n<meta property=\"og:image\" content=\"https:\/\/www.lojacarita.com.br\/loja\/wp-content\/uploads\/2023\/11\/bn-999-capa.jpg\" \/>\n\t<meta property=\"og:image:width\" content=\"340\" \/>\n\t<meta property=\"og:image:height\" content=\"340\" \/>\n\t<meta property=\"og:image:type\" content=\"image\/jpeg\" \/>\n<meta name=\"twitter:card\" content=\"summary_large_image\" \/>\n<meta name=\"twitter:label1\" content=\"Est. tempo de leitura\" \/>\n\t<meta name=\"twitter:data1\" content=\"2 minutos\" \/>\n<script type=\"application\/ld+json\" class=\"yoast-schema-graph\">{\"@context\":\"https:\\\/\\\/schema.org\",\"@graph\":[{\"@type\":\"WebPage\",\"@id\":\"https:\\\/\\\/www.lojacarita.com.br\\\/loja\\\/product\\\/boa-nova-999\\\/\",\"url\":\"https:\\\/\\\/www.lojacarita.com.br\\\/loja\\\/product\\\/boa-nova-999\\\/\",\"name\":\"Boa Nova 999 - Loja C\u00e1rita\",\"isPartOf\":{\"@id\":\"https:\\\/\\\/www.lojacarita.com.br\\\/loja\\\/#website\"},\"primaryImageOfPage\":{\"@id\":\"https:\\\/\\\/www.lojacarita.com.br\\\/loja\\\/product\\\/boa-nova-999\\\/#primaryimage\"},\"image\":{\"@id\":\"https:\\\/\\\/www.lojacarita.com.br\\\/loja\\\/product\\\/boa-nova-999\\\/#primaryimage\"},\"thumbnailUrl\":\"https:\\\/\\\/www.lojacarita.com.br\\\/loja\\\/wp-content\\\/uploads\\\/2023\\\/11\\\/bn-999-capa.jpg\",\"datePublished\":\"2023-11-03T17:07:09+00:00\",\"dateModified\":\"2024-04-03T11:59:05+00:00\",\"breadcrumb\":{\"@id\":\"https:\\\/\\\/www.lojacarita.com.br\\\/loja\\\/product\\\/boa-nova-999\\\/#breadcrumb\"},\"inLanguage\":\"pt-BR\",\"potentialAction\":[{\"@type\":\"ReadAction\",\"target\":[\"https:\\\/\\\/www.lojacarita.com.br\\\/loja\\\/product\\\/boa-nova-999\\\/\"]}]},{\"@type\":\"ImageObject\",\"inLanguage\":\"pt-BR\",\"@id\":\"https:\\\/\\\/www.lojacarita.com.br\\\/loja\\\/product\\\/boa-nova-999\\\/#primaryimage\",\"url\":\"https:\\\/\\\/www.lojacarita.com.br\\\/loja\\\/wp-content\\\/uploads\\\/2023\\\/11\\\/bn-999-capa.jpg\",\"contentUrl\":\"https:\\\/\\\/www.lojacarita.com.br\\\/loja\\\/wp-content\\\/uploads\\\/2023\\\/11\\\/bn-999-capa.jpg\",\"width\":340,\"height\":340},{\"@type\":\"BreadcrumbList\",\"@id\":\"https:\\\/\\\/www.lojacarita.com.br\\\/loja\\\/product\\\/boa-nova-999\\\/#breadcrumb\",\"itemListElement\":[{\"@type\":\"ListItem\",\"position\":1,\"name\":\"In\u00edcio\",\"item\":\"https:\\\/\\\/www.lojacarita.com.br\\\/loja\\\/\"},{\"@type\":\"ListItem\",\"position\":2,\"name\":\"Produtos\",\"item\":\"https:\\\/\\\/www.lojacarita.com.br\\\/loja\\\/nossos-produtos\\\/\"},{\"@type\":\"ListItem\",\"position\":3,\"name\":\"Boa Nova 999\"}]},{\"@type\":\"WebSite\",\"@id\":\"https:\\\/\\\/www.lojacarita.com.br\\\/loja\\\/#website\",\"url\":\"https:\\\/\\\/www.lojacarita.com.br\\\/loja\\\/\",\"name\":\"Loja C\u00e1rita\",\"description\":\"Amai-vos e instrui-vos! Esp\u00edrito de Verdade\",\"publisher\":{\"@id\":\"https:\\\/\\\/www.lojacarita.com.br\\\/loja\\\/#organization\"},\"potentialAction\":[{\"@type\":\"SearchAction\",\"target\":{\"@type\":\"EntryPoint\",\"urlTemplate\":\"https:\\\/\\\/www.lojacarita.com.br\\\/loja\\\/?s={search_term_string}\"},\"query-input\":{\"@type\":\"PropertyValueSpecification\",\"valueRequired\":true,\"valueName\":\"search_term_string\"}}],\"inLanguage\":\"pt-BR\"},{\"@type\":\"Organization\",\"@id\":\"https:\\\/\\\/www.lojacarita.com.br\\\/loja\\\/#organization\",\"name\":\"Loja C\u00e1rita\",\"url\":\"https:\\\/\\\/www.lojacarita.com.br\\\/loja\\\/\",\"logo\":{\"@type\":\"ImageObject\",\"inLanguage\":\"pt-BR\",\"@id\":\"https:\\\/\\\/www.lojacarita.com.br\\\/loja\\\/#\\\/schema\\\/logo\\\/image\\\/\",\"url\":\"http:\\\/\\\/www.lojacarita.com.br\\\/loja2021\\\/wp-content\\\/uploads\\\/2021\\\/05\\\/favicon.png\",\"contentUrl\":\"http:\\\/\\\/www.lojacarita.com.br\\\/loja2021\\\/wp-content\\\/uploads\\\/2021\\\/05\\\/favicon.png\",\"width\":512,\"height\":512,\"caption\":\"Loja C\u00e1rita\"},\"image\":{\"@id\":\"https:\\\/\\\/www.lojacarita.com.br\\\/loja\\\/#\\\/schema\\\/logo\\\/image\\\/\"}}]}<\/script>\n<!-- \/ Yoast SEO plugin. -->","yoast_head_json":{"title":"Boa Nova 999 - Loja C\u00e1rita","robots":{"index":"index","follow":"follow","max-snippet":"max-snippet:-1","max-image-preview":"max-image-preview:large","max-video-preview":"max-video-preview:-1"},"canonical":"https:\/\/www.lojacarita.com.br\/loja\/product\/boa-nova-999\/","og_locale":"pt_BR","og_type":"article","og_title":"Boa Nova 999 - Loja C\u00e1rita","og_description":"A Esperan\u00e7a que nos ensina&#8230; As duas Filhas: Indigna\u00e7\u00e3o e Coragem \u00e0 Luz da Doutrina Esp\u00edrita 10 de dezembro de 2016 Mensagem espiritual pelo esp\u00edritos Yoseph&nbsp;Psicofon\u00eda da m\u00e9dium Eliana dos Santos Dura\u00e7\u00e3o: 1h 16min Ouve a apresenta\u00e7\u00e3o da mensagem espiritual: Play Ouve os primeiros 5 minutos da mensagem espiritual: Play \u00ab(&#8230;) E a bem-aventuran\u00e7a vem &hellip; Continua","og_url":"https:\/\/www.lojacarita.com.br\/loja\/product\/boa-nova-999\/","og_site_name":"Loja C\u00e1rita","article_modified_time":"2024-04-03T11:59:05+00:00","og_image":[{"width":340,"height":340,"url":"https:\/\/www.lojacarita.com.br\/loja\/wp-content\/uploads\/2023\/11\/bn-999-capa.jpg","type":"image\/jpeg"}],"twitter_card":"summary_large_image","twitter_misc":{"Est. tempo de leitura":"2 minutos"},"schema":{"@context":"https:\/\/schema.org","@graph":[{"@type":"WebPage","@id":"https:\/\/www.lojacarita.com.br\/loja\/product\/boa-nova-999\/","url":"https:\/\/www.lojacarita.com.br\/loja\/product\/boa-nova-999\/","name":"Boa Nova 999 - Loja C\u00e1rita","isPartOf":{"@id":"https:\/\/www.lojacarita.com.br\/loja\/#website"},"primaryImageOfPage":{"@id":"https:\/\/www.lojacarita.com.br\/loja\/product\/boa-nova-999\/#primaryimage"},"image":{"@id":"https:\/\/www.lojacarita.com.br\/loja\/product\/boa-nova-999\/#primaryimage"},"thumbnailUrl":"https:\/\/www.lojacarita.com.br\/loja\/wp-content\/uploads\/2023\/11\/bn-999-capa.jpg","datePublished":"2023-11-03T17:07:09+00:00","dateModified":"2024-04-03T11:59:05+00:00","breadcrumb":{"@id":"https:\/\/www.lojacarita.com.br\/loja\/product\/boa-nova-999\/#breadcrumb"},"inLanguage":"pt-BR","potentialAction":[{"@type":"ReadAction","target":["https:\/\/www.lojacarita.com.br\/loja\/product\/boa-nova-999\/"]}]},{"@type":"ImageObject","inLanguage":"pt-BR","@id":"https:\/\/www.lojacarita.com.br\/loja\/product\/boa-nova-999\/#primaryimage","url":"https:\/\/www.lojacarita.com.br\/loja\/wp-content\/uploads\/2023\/11\/bn-999-capa.jpg","contentUrl":"https:\/\/www.lojacarita.com.br\/loja\/wp-content\/uploads\/2023\/11\/bn-999-capa.jpg","width":340,"height":340},{"@type":"BreadcrumbList","@id":"https:\/\/www.lojacarita.com.br\/loja\/product\/boa-nova-999\/#breadcrumb","itemListElement":[{"@type":"ListItem","position":1,"name":"In\u00edcio","item":"https:\/\/www.lojacarita.com.br\/loja\/"},{"@type":"ListItem","position":2,"name":"Produtos","item":"https:\/\/www.lojacarita.com.br\/loja\/nossos-produtos\/"},{"@type":"ListItem","position":3,"name":"Boa Nova 999"}]},{"@type":"WebSite","@id":"https:\/\/www.lojacarita.com.br\/loja\/#website","url":"https:\/\/www.lojacarita.com.br\/loja\/","name":"Loja C\u00e1rita","description":"Amai-vos e instrui-vos! Esp\u00edrito de Verdade","publisher":{"@id":"https:\/\/www.lojacarita.com.br\/loja\/#organization"},"potentialAction":[{"@type":"SearchAction","target":{"@type":"EntryPoint","urlTemplate":"https:\/\/www.lojacarita.com.br\/loja\/?s={search_term_string}"},"query-input":{"@type":"PropertyValueSpecification","valueRequired":true,"valueName":"search_term_string"}}],"inLanguage":"pt-BR"},{"@type":"Organization","@id":"https:\/\/www.lojacarita.com.br\/loja\/#organization","name":"Loja C\u00e1rita","url":"https:\/\/www.lojacarita.com.br\/loja\/","logo":{"@type":"ImageObject","inLanguage":"pt-BR","@id":"https:\/\/www.lojacarita.com.br\/loja\/#\/schema\/logo\/image\/","url":"http:\/\/www.lojacarita.com.br\/loja2021\/wp-content\/uploads\/2021\/05\/favicon.png","contentUrl":"http:\/\/www.lojacarita.com.br\/loja2021\/wp-content\/uploads\/2021\/05\/favicon.png","width":512,"height":512,"caption":"Loja C\u00e1rita"},"image":{"@id":"https:\/\/www.lojacarita.com.br\/loja\/#\/schema\/logo\/image\/"}}]}},"_links":{"self":[{"href":"https:\/\/www.lojacarita.com.br\/loja\/wp-json\/wp\/v2\/product\/1118","targetHints":{"allow":["GET"]}}],"collection":[{"href":"https:\/\/www.lojacarita.com.br\/loja\/wp-json\/wp\/v2\/product"}],"about":[{"href":"https:\/\/www.lojacarita.com.br\/loja\/wp-json\/wp\/v2\/types\/product"}],"wp:featuredmedia":[{"embeddable":true,"href":"https:\/\/www.lojacarita.com.br\/loja\/wp-json\/wp\/v2\/media\/1119"}],"wp:attachment":[{"href":"https:\/\/www.lojacarita.com.br\/loja\/wp-json\/wp\/v2\/media?parent=1118"}],"wp:term":[{"taxonomy":"product_brand","embeddable":true,"href":"https:\/\/www.lojacarita.com.br\/loja\/wp-json\/wp\/v2\/product_brand?post=1118"},{"taxonomy":"product_cat","embeddable":true,"href":"https:\/\/www.lojacarita.com.br\/loja\/wp-json\/wp\/v2\/product_cat?post=1118"},{"taxonomy":"product_tag","embeddable":true,"href":"https:\/\/www.lojacarita.com.br\/loja\/wp-json\/wp\/v2\/product_tag?post=1118"}],"curies":[{"name":"wp","href":"https:\/\/api.w.org\/{rel}","templated":true}]}}