{"id":1116,"date":"2023-11-03T14:07:04","date_gmt":"2023-11-03T17:07:04","guid":{"rendered":"https:\/\/www.lojacarita.com.br\/loja\/product\/boa-nova-998\/"},"modified":"2023-12-05T08:05:40","modified_gmt":"2023-12-05T11:05:40","slug":"boa-nova-998","status":"publish","type":"product","link":"https:\/\/www.lojacarita.com.br\/loja\/product\/boa-nova-998\/","title":{"rendered":"Boa Nova 998"},"content":{"rendered":"<div>Esperan\u00e7ar a humildade!<\/div>\n<div>03 de dezembro de 2016<\/div>\n<div><\/div>\n<p>Mensagem espiritual pelo esp\u00edritos Yoseph&nbsp;<br \/>Psicofon\u00eda da m\u00e9dium Eliana dos Santos<\/p>\n<p>Dura\u00e7\u00e3o: 1h 13min<\/p>\n<hr width=\"75%\">\n<h5>Ouve a apresenta\u00e7\u00e3o da mensagem espiritual:<\/h5>\n<p><audio style=\"width:350px;background:#ffffff;width: 370px;\" preload=\"none\" ontimeupdate=\"updateTime()\" controls=\"\" metadata=\"\"><source src=\"https:\/\/www.lojacarita.com.br\/loja\/wp-content\/uploads\/2023\/11\/samples\/bn998_abertura.mp3\" type=\"audio\/mpeg\"><a href=\"https:\/\/www.lojacarita.com.br\/loja\/wp-content\/uploads\/2023\/11\/samples\/bn998_abertura.mp3\"><font size=\"2\">Play<\/font><\/a><\/audio><\/p>\n<hr width=\"75%\">\n<h5>Ouve os primeiros 5 minutos da mensagem espiritual:<\/h5>\n<p><audio style=\"width:350px;background:#ffffff;width: 370px;\" preload=\"none\" ontimeupdate=\"updateTime()\" controls=\"\" metadata=\"\"><source src=\"https:\/\/www.lojacarita.com.br\/loja\/wp-content\/uploads\/2023\/11\/samples\/bn-998-sample.mp3\" type=\"audio\/mpeg\"><a href=\"https:\/\/www.lojacarita.com.br\/loja\/wp-content\/uploads\/2023\/11\/samples\/bn-998-sample.mp3\"><font size=\"2\">Play<\/font><\/a><\/audio><\/p>\n<p><\/p>\n<blockquote style=\"padding: 10px 20px; margin-bottom: 20px; font-size: 17.5px; color: rgb(102, 102, 102);\">\n<p>\u00ab(&#8230;) Cuidado, n\u00e3o estamos falando que h\u00e1 os &#8216;esperan\u00e7ados&#8217; e os<br \/>\n&#8216;desesperan\u00e7ados&#8217;. Estamos dizendo que n\u00f3s tramitamos na constru\u00e7\u00e3o da esperan\u00e7a em nosso ser e na vit\u00f3ria sobre a desesperan\u00e7a. Elas s\u00e3o faces da mesma moeda. Na medida em que esperan\u00e7o, em que conjugo o verbo, eu combato a desesperan\u00e7a. N\u00e3o h\u00e1 como vencer a desesperan\u00e7a com rem\u00e9dio, com m\u00e9dico somente, n\u00e3o h\u00e1, eu preciso meditar profundamente, fazer o meu interc\u00e2mbio &#8211; quando deito-me \u00e0 noite e oro com aqueles que s\u00e3o esperan\u00e7osos entrando no quadro da esperan\u00e7a. E, geralmente, nesses momentos de pico de desesperan\u00e7a sempre se aproximam pessoas positivas, iluminadas &#8230; Dizemos: um anjo em minha vida. Pessoas que s\u00e3o anjos em nossa vida&#8230; . Assim, tamb\u00e9m, somos anjos nas vidas alheias &#8211; mesmo que eu esteja ainda na desesperan\u00e7a eu posso ser a esperan\u00e7a para um outro. E \u00e9 por isto que nesta casa n\u00f3s chamamos os desesperan\u00e7ados para levar esperan\u00e7a no p\u00e3o que se partilha, no brinquedo que se entrega, no abra\u00e7o que se d\u00e1 ao faminto!\u00bb<\/p>\n<\/blockquote>\n<p style=\"margin-bottom: 10px; color: rgb(102, 102, 102);\">Boa Nova 998 &#8211; Eur\u00edpedes Barsanulfo<\/p>\n<p><\/p>\n<h3 style=\"font-family: &quot;Open Sans&quot;, sans-serif; color: rgb(68, 68, 68); margin-top: 20px; margin-bottom: 10px;\">Profundizando nos conte\u00fados da Boa Nova 998<\/h3>\n<p>Boa nova 998 \u2013 a C\u00e1rita Editora Esp\u00edrita entrega \u00e0 rede de audi\u00e7\u00e3o a antepen\u00faltima palavra do esp\u00edrito Yoseph, pois nessa prele\u00e7\u00e3o ele faz uma breve despedida, esclarece-nos que ele se despedir\u00e1 de n\u00f3s na mil\u00e9sima palavra, dia 17 de dezembro de 2016.\n<\/p>\n<p>Como vivemos o Drama de Chapec\u00f3, a trag\u00e9dia da morte do grupo de jogadores indo para Medel\u00edn, ele trata do tema da dor humana, sem foc\u00e1-lo na sua ess\u00eancia, trazendo para n\u00f3s a observa\u00e7\u00e3o sobre a esperan\u00e7a.\n<\/p>\n<p>Em um momento nacional de desesperan\u00e7a, quase mundial pois o eco desse acidente est\u00e1 alcan\u00e7ando o mundo todo, ele trata de um tema muito importante para as nossas vidas, o tema da esperan\u00e7a e da humildade, uma alian\u00e7a \u00edmpar, sem a qual n\u00f3s n\u00e3o podemos viver&#8230;\n<\/p>\n<p>Alguns aspectos da esperan\u00e7a s\u00e3o trazidos, por exemplo o subtema da esperan\u00e7a com suas conseq\u00fc\u00eancias, \u00e9 importante ouvirmos para compreender-mos essa instancia da causa e efeito, da semeadura e da colheita, tamb\u00e9m a esperan\u00e7a como fluidez, o universo leve que percorre os nossos caminhos , ou seja, a esperan\u00e7a muitas vezes nos escapa e entramos no terreno da desesperan\u00e7a, tornando-nos desesperan\u00e7ados.\n<\/p>\n<p>Tamb\u00e9m aponta a esperan\u00e7a como v\u00ednculo e interc\u00e2mbio, ou\u00e7amos sua voz que examina a esperan\u00e7a com rela\u00e7\u00e3o \u00e0 pluralidade das exist\u00eancias termina a sua fala compondo um corbelha de l\u00edrios aos chapecoenses, participemos de esta vibra\u00e7\u00e3o aos desencarnados nesse tr\u00e1gico acidente coletivo. A Rede de audi\u00e7\u00e3o da C\u00e1rita Editora Esp\u00edrita convida a todos para vibrarmos juntos, um ato de amor, um ato de comunh\u00e3o elevando aos c\u00e9us a corbelha de l\u00edrios aos ossos irm\u00e3os que partiram&#8230;\n<\/p>\n<p>Abra\u00e7os, abra\u00e7os, abra\u00e7os, C\u00e1rita Editora Esp\u00edrita na sua nongent\u00e9sima nonag\u00e9sima oitava edi\u00e7\u00e3o da palavra psicof\u00f4nica,  fen\u00f4meno medi\u00fanico que acontece  em nossa casa esp\u00edrita \u00e0 dezenove anos, grande abra\u00e7o mesmo, gratos somos \u00e0 espiritualidade amiga e \u00e0 voc\u00eas rede de audi\u00e7\u00e3o que vieram a este lar, sentaram nessas cadeiras e foram o p\u00fablico alvo das palavras que um dia ecoar\u00e3o em muitos mais cora\u00e7\u00f5es. Fiquemos na paz de Jesus.<\/p>\n<h4><\/h4>\n<h4>A ora\u00e7\u00e3o de Celina<\/h4>\n<p>Celina com sua alegria cont\u00ednua nos convida mais uma vez a que permane\u00e7amos no caminho, nesta casa ou em qualquer outra, diz ela, procurem-na ao lado de seu lar, procure um meio de buscar a sua fam\u00edlia espiritual, pois o tema tratado por ela foi a passagem de Jesus: Quem \u00e9 meu pai, minha m\u00e3e e meus irm\u00e3os&#8230; aponta ela que quem busca encontra, que quem bate a porta se abrir\u00e1 colocando ou enfatizando a nossa ades\u00e3o e a a\u00e7\u00e3o da nossa vontade no alcance dos objetivos propostos de renova\u00e7\u00e3o e eleva\u00e7\u00e3o espiritual.\n<\/p>\n<p>Tamb\u00e9m Celina diz que repete ao longo dos anos esse convite, nos enfatiza que muitas vezes dizemos: ah, j\u00e1 falei uma vez  ou duas vezes ou tr\u00eas vezes e agora n\u00e3o falo mais, ela nos diz: n\u00e3o fa\u00e7a isso nem com seu filho ou com sua esposa ou com seu amigo, com ningu\u00e9m, fale, fale uma vez, fale duas , fale mil vezes, ou seja, brincando conosco e com a mil\u00e9sima prele\u00e7\u00e3o de nosso querido Eur\u00edpedes Barsanulfo atrav\u00e9s de Yoseph.\n<\/p>\n<p>A C\u00e1rita Editora entrega a palavra de Celina, esse terno e simplic\u00edssimo texto, que o Bom Deus nos guarde hoje e sempre, diz ela, e n\u00f3s repetimos a sua palavra, muita paz e nosso Grande Abra\u00e7o &#8230;. C\u00e1rita&#8230;.<\/p>\n","protected":false},"excerpt":{"rendered":"<p>Esperan\u00e7ar a humildade! 03 de dezembro de 2016 Mensagem espiritual pelo esp\u00edritos Yoseph&nbsp;Psicofon\u00eda da m\u00e9dium Eliana dos Santos Dura\u00e7\u00e3o: 1h 13min Ouve a apresenta\u00e7\u00e3o da mensagem espiritual: Play Ouve os primeiros 5 minutos da mensagem espiritual: Play \u00ab(&#8230;) Cuidado, n\u00e3o estamos falando que h\u00e1 os &#8216;esperan\u00e7ados&#8217; e os &#8216;desesperan\u00e7ados&#8217;. Estamos dizendo que n\u00f3s tramitamos na &hellip; <a href=\"https:\/\/www.lojacarita.com.br\/loja\/product\/boa-nova-998\/\">Continua<\/a><\/p>\n","protected":false},"featured_media":1117,"template":"","meta":[],"product_brand":[],"product_cat":[68],"product_tag":[],"class_list":{"0":"post-1116","1":"product","2":"type-product","3":"status-publish","4":"has-post-thumbnail","6":"product_cat-dez16","8":"first","9":"instock","10":"downloadable","11":"virtual","12":"purchasable","13":"product-type-simple"},"acf":[],"yoast_head":"<!-- This site is optimized with the Yoast SEO plugin v27.4 - https:\/\/yoast.com\/product\/yoast-seo-wordpress\/ -->\n<title>Boa Nova 998 - Loja C\u00e1rita<\/title>\n<meta name=\"robots\" content=\"index, follow, max-snippet:-1, max-image-preview:large, max-video-preview:-1\" \/>\n<link rel=\"canonical\" href=\"https:\/\/www.lojacarita.com.br\/loja\/product\/boa-nova-998\/\" \/>\n<meta property=\"og:locale\" content=\"pt_BR\" \/>\n<meta property=\"og:type\" content=\"article\" \/>\n<meta property=\"og:title\" content=\"Boa Nova 998 - Loja C\u00e1rita\" \/>\n<meta property=\"og:description\" content=\"Esperan\u00e7ar a humildade! 03 de dezembro de 2016 Mensagem espiritual pelo esp\u00edritos Yoseph&nbsp;Psicofon\u00eda da m\u00e9dium Eliana dos Santos Dura\u00e7\u00e3o: 1h 13min Ouve a apresenta\u00e7\u00e3o da mensagem espiritual: Play Ouve os primeiros 5 minutos da mensagem espiritual: Play \u00ab(&#8230;) Cuidado, n\u00e3o estamos falando que h\u00e1 os &#8216;esperan\u00e7ados&#8217; e os &#8216;desesperan\u00e7ados&#8217;. Estamos dizendo que n\u00f3s tramitamos na &hellip; Continua\" \/>\n<meta property=\"og:url\" content=\"https:\/\/www.lojacarita.com.br\/loja\/product\/boa-nova-998\/\" \/>\n<meta property=\"og:site_name\" content=\"Loja C\u00e1rita\" \/>\n<meta property=\"article:modified_time\" content=\"2023-12-05T11:05:40+00:00\" \/>\n<meta property=\"og:image\" content=\"https:\/\/www.lojacarita.com.br\/loja\/wp-content\/uploads\/2023\/11\/bn-998-capa.jpg\" \/>\n\t<meta property=\"og:image:width\" content=\"340\" \/>\n\t<meta property=\"og:image:height\" content=\"340\" \/>\n\t<meta property=\"og:image:type\" content=\"image\/jpeg\" \/>\n<meta name=\"twitter:card\" content=\"summary_large_image\" \/>\n<meta name=\"twitter:label1\" content=\"Est. tempo de leitura\" \/>\n\t<meta name=\"twitter:data1\" content=\"4 minutos\" \/>\n<script type=\"application\/ld+json\" class=\"yoast-schema-graph\">{\"@context\":\"https:\\\/\\\/schema.org\",\"@graph\":[{\"@type\":\"WebPage\",\"@id\":\"https:\\\/\\\/www.lojacarita.com.br\\\/loja\\\/product\\\/boa-nova-998\\\/\",\"url\":\"https:\\\/\\\/www.lojacarita.com.br\\\/loja\\\/product\\\/boa-nova-998\\\/\",\"name\":\"Boa Nova 998 - Loja C\u00e1rita\",\"isPartOf\":{\"@id\":\"https:\\\/\\\/www.lojacarita.com.br\\\/loja\\\/#website\"},\"primaryImageOfPage\":{\"@id\":\"https:\\\/\\\/www.lojacarita.com.br\\\/loja\\\/product\\\/boa-nova-998\\\/#primaryimage\"},\"image\":{\"@id\":\"https:\\\/\\\/www.lojacarita.com.br\\\/loja\\\/product\\\/boa-nova-998\\\/#primaryimage\"},\"thumbnailUrl\":\"https:\\\/\\\/www.lojacarita.com.br\\\/loja\\\/wp-content\\\/uploads\\\/2023\\\/11\\\/bn-998-capa.jpg\",\"datePublished\":\"2023-11-03T17:07:04+00:00\",\"dateModified\":\"2023-12-05T11:05:40+00:00\",\"breadcrumb\":{\"@id\":\"https:\\\/\\\/www.lojacarita.com.br\\\/loja\\\/product\\\/boa-nova-998\\\/#breadcrumb\"},\"inLanguage\":\"pt-BR\",\"potentialAction\":[{\"@type\":\"ReadAction\",\"target\":[\"https:\\\/\\\/www.lojacarita.com.br\\\/loja\\\/product\\\/boa-nova-998\\\/\"]}]},{\"@type\":\"ImageObject\",\"inLanguage\":\"pt-BR\",\"@id\":\"https:\\\/\\\/www.lojacarita.com.br\\\/loja\\\/product\\\/boa-nova-998\\\/#primaryimage\",\"url\":\"https:\\\/\\\/www.lojacarita.com.br\\\/loja\\\/wp-content\\\/uploads\\\/2023\\\/11\\\/bn-998-capa.jpg\",\"contentUrl\":\"https:\\\/\\\/www.lojacarita.com.br\\\/loja\\\/wp-content\\\/uploads\\\/2023\\\/11\\\/bn-998-capa.jpg\",\"width\":340,\"height\":340},{\"@type\":\"BreadcrumbList\",\"@id\":\"https:\\\/\\\/www.lojacarita.com.br\\\/loja\\\/product\\\/boa-nova-998\\\/#breadcrumb\",\"itemListElement\":[{\"@type\":\"ListItem\",\"position\":1,\"name\":\"In\u00edcio\",\"item\":\"https:\\\/\\\/www.lojacarita.com.br\\\/loja\\\/\"},{\"@type\":\"ListItem\",\"position\":2,\"name\":\"Produtos\",\"item\":\"https:\\\/\\\/www.lojacarita.com.br\\\/loja\\\/nossos-produtos\\\/\"},{\"@type\":\"ListItem\",\"position\":3,\"name\":\"Boa Nova 998\"}]},{\"@type\":\"WebSite\",\"@id\":\"https:\\\/\\\/www.lojacarita.com.br\\\/loja\\\/#website\",\"url\":\"https:\\\/\\\/www.lojacarita.com.br\\\/loja\\\/\",\"name\":\"Loja C\u00e1rita\",\"description\":\"Amai-vos e instrui-vos! Esp\u00edrito de Verdade\",\"publisher\":{\"@id\":\"https:\\\/\\\/www.lojacarita.com.br\\\/loja\\\/#organization\"},\"potentialAction\":[{\"@type\":\"SearchAction\",\"target\":{\"@type\":\"EntryPoint\",\"urlTemplate\":\"https:\\\/\\\/www.lojacarita.com.br\\\/loja\\\/?s={search_term_string}\"},\"query-input\":{\"@type\":\"PropertyValueSpecification\",\"valueRequired\":true,\"valueName\":\"search_term_string\"}}],\"inLanguage\":\"pt-BR\"},{\"@type\":\"Organization\",\"@id\":\"https:\\\/\\\/www.lojacarita.com.br\\\/loja\\\/#organization\",\"name\":\"Loja C\u00e1rita\",\"url\":\"https:\\\/\\\/www.lojacarita.com.br\\\/loja\\\/\",\"logo\":{\"@type\":\"ImageObject\",\"inLanguage\":\"pt-BR\",\"@id\":\"https:\\\/\\\/www.lojacarita.com.br\\\/loja\\\/#\\\/schema\\\/logo\\\/image\\\/\",\"url\":\"http:\\\/\\\/www.lojacarita.com.br\\\/loja2021\\\/wp-content\\\/uploads\\\/2021\\\/05\\\/favicon.png\",\"contentUrl\":\"http:\\\/\\\/www.lojacarita.com.br\\\/loja2021\\\/wp-content\\\/uploads\\\/2021\\\/05\\\/favicon.png\",\"width\":512,\"height\":512,\"caption\":\"Loja C\u00e1rita\"},\"image\":{\"@id\":\"https:\\\/\\\/www.lojacarita.com.br\\\/loja\\\/#\\\/schema\\\/logo\\\/image\\\/\"}}]}<\/script>\n<!-- \/ Yoast SEO plugin. -->","yoast_head_json":{"title":"Boa Nova 998 - Loja C\u00e1rita","robots":{"index":"index","follow":"follow","max-snippet":"max-snippet:-1","max-image-preview":"max-image-preview:large","max-video-preview":"max-video-preview:-1"},"canonical":"https:\/\/www.lojacarita.com.br\/loja\/product\/boa-nova-998\/","og_locale":"pt_BR","og_type":"article","og_title":"Boa Nova 998 - Loja C\u00e1rita","og_description":"Esperan\u00e7ar a humildade! 03 de dezembro de 2016 Mensagem espiritual pelo esp\u00edritos Yoseph&nbsp;Psicofon\u00eda da m\u00e9dium Eliana dos Santos Dura\u00e7\u00e3o: 1h 13min Ouve a apresenta\u00e7\u00e3o da mensagem espiritual: Play Ouve os primeiros 5 minutos da mensagem espiritual: Play \u00ab(&#8230;) Cuidado, n\u00e3o estamos falando que h\u00e1 os &#8216;esperan\u00e7ados&#8217; e os &#8216;desesperan\u00e7ados&#8217;. Estamos dizendo que n\u00f3s tramitamos na &hellip; Continua","og_url":"https:\/\/www.lojacarita.com.br\/loja\/product\/boa-nova-998\/","og_site_name":"Loja C\u00e1rita","article_modified_time":"2023-12-05T11:05:40+00:00","og_image":[{"width":340,"height":340,"url":"https:\/\/www.lojacarita.com.br\/loja\/wp-content\/uploads\/2023\/11\/bn-998-capa.jpg","type":"image\/jpeg"}],"twitter_card":"summary_large_image","twitter_misc":{"Est. tempo de leitura":"4 minutos"},"schema":{"@context":"https:\/\/schema.org","@graph":[{"@type":"WebPage","@id":"https:\/\/www.lojacarita.com.br\/loja\/product\/boa-nova-998\/","url":"https:\/\/www.lojacarita.com.br\/loja\/product\/boa-nova-998\/","name":"Boa Nova 998 - Loja C\u00e1rita","isPartOf":{"@id":"https:\/\/www.lojacarita.com.br\/loja\/#website"},"primaryImageOfPage":{"@id":"https:\/\/www.lojacarita.com.br\/loja\/product\/boa-nova-998\/#primaryimage"},"image":{"@id":"https:\/\/www.lojacarita.com.br\/loja\/product\/boa-nova-998\/#primaryimage"},"thumbnailUrl":"https:\/\/www.lojacarita.com.br\/loja\/wp-content\/uploads\/2023\/11\/bn-998-capa.jpg","datePublished":"2023-11-03T17:07:04+00:00","dateModified":"2023-12-05T11:05:40+00:00","breadcrumb":{"@id":"https:\/\/www.lojacarita.com.br\/loja\/product\/boa-nova-998\/#breadcrumb"},"inLanguage":"pt-BR","potentialAction":[{"@type":"ReadAction","target":["https:\/\/www.lojacarita.com.br\/loja\/product\/boa-nova-998\/"]}]},{"@type":"ImageObject","inLanguage":"pt-BR","@id":"https:\/\/www.lojacarita.com.br\/loja\/product\/boa-nova-998\/#primaryimage","url":"https:\/\/www.lojacarita.com.br\/loja\/wp-content\/uploads\/2023\/11\/bn-998-capa.jpg","contentUrl":"https:\/\/www.lojacarita.com.br\/loja\/wp-content\/uploads\/2023\/11\/bn-998-capa.jpg","width":340,"height":340},{"@type":"BreadcrumbList","@id":"https:\/\/www.lojacarita.com.br\/loja\/product\/boa-nova-998\/#breadcrumb","itemListElement":[{"@type":"ListItem","position":1,"name":"In\u00edcio","item":"https:\/\/www.lojacarita.com.br\/loja\/"},{"@type":"ListItem","position":2,"name":"Produtos","item":"https:\/\/www.lojacarita.com.br\/loja\/nossos-produtos\/"},{"@type":"ListItem","position":3,"name":"Boa Nova 998"}]},{"@type":"WebSite","@id":"https:\/\/www.lojacarita.com.br\/loja\/#website","url":"https:\/\/www.lojacarita.com.br\/loja\/","name":"Loja C\u00e1rita","description":"Amai-vos e instrui-vos! Esp\u00edrito de Verdade","publisher":{"@id":"https:\/\/www.lojacarita.com.br\/loja\/#organization"},"potentialAction":[{"@type":"SearchAction","target":{"@type":"EntryPoint","urlTemplate":"https:\/\/www.lojacarita.com.br\/loja\/?s={search_term_string}"},"query-input":{"@type":"PropertyValueSpecification","valueRequired":true,"valueName":"search_term_string"}}],"inLanguage":"pt-BR"},{"@type":"Organization","@id":"https:\/\/www.lojacarita.com.br\/loja\/#organization","name":"Loja C\u00e1rita","url":"https:\/\/www.lojacarita.com.br\/loja\/","logo":{"@type":"ImageObject","inLanguage":"pt-BR","@id":"https:\/\/www.lojacarita.com.br\/loja\/#\/schema\/logo\/image\/","url":"http:\/\/www.lojacarita.com.br\/loja2021\/wp-content\/uploads\/2021\/05\/favicon.png","contentUrl":"http:\/\/www.lojacarita.com.br\/loja2021\/wp-content\/uploads\/2021\/05\/favicon.png","width":512,"height":512,"caption":"Loja C\u00e1rita"},"image":{"@id":"https:\/\/www.lojacarita.com.br\/loja\/#\/schema\/logo\/image\/"}}]}},"_links":{"self":[{"href":"https:\/\/www.lojacarita.com.br\/loja\/wp-json\/wp\/v2\/product\/1116","targetHints":{"allow":["GET"]}}],"collection":[{"href":"https:\/\/www.lojacarita.com.br\/loja\/wp-json\/wp\/v2\/product"}],"about":[{"href":"https:\/\/www.lojacarita.com.br\/loja\/wp-json\/wp\/v2\/types\/product"}],"wp:featuredmedia":[{"embeddable":true,"href":"https:\/\/www.lojacarita.com.br\/loja\/wp-json\/wp\/v2\/media\/1117"}],"wp:attachment":[{"href":"https:\/\/www.lojacarita.com.br\/loja\/wp-json\/wp\/v2\/media?parent=1116"}],"wp:term":[{"taxonomy":"product_brand","embeddable":true,"href":"https:\/\/www.lojacarita.com.br\/loja\/wp-json\/wp\/v2\/product_brand?post=1116"},{"taxonomy":"product_cat","embeddable":true,"href":"https:\/\/www.lojacarita.com.br\/loja\/wp-json\/wp\/v2\/product_cat?post=1116"},{"taxonomy":"product_tag","embeddable":true,"href":"https:\/\/www.lojacarita.com.br\/loja\/wp-json\/wp\/v2\/product_tag?post=1116"}],"curies":[{"name":"wp","href":"https:\/\/api.w.org\/{rel}","templated":true}]}}