{"id":1092,"date":"2023-11-03T14:05:45","date_gmt":"2023-11-03T17:05:45","guid":{"rendered":"https:\/\/www.lojacarita.com.br\/loja\/product\/boa-nova-990\/"},"modified":"2023-12-05T08:05:40","modified_gmt":"2023-12-05T11:05:40","slug":"boa-nova-990","status":"publish","type":"product","link":"https:\/\/www.lojacarita.com.br\/loja\/product\/boa-nova-990\/","title":{"rendered":"Boa Nova 990"},"content":{"rendered":"<div>A Evolu\u00e7\u00e3o da Mat\u00e9ria ao Puro Esp\u00edrito e o Livre Arb\u00edrio<br \/>(Cap\u00edtulo IV ESE S\u00e3o Luis)<\/div>\n<div>08 de outubro de 2016<\/div>\n<div><\/div>\n<p>Mensagem espiritual pelos esp\u00edritos Yoseph e Celina<br \/>Psicofon\u00eda da m\u00e8dium Eliana dos Santos<\/p>\n<p>Dura\u00e7\u00e3o: 1h 17min<\/p>\n<hr width=\"75%\">\n<h5>Ouve a apresenta\u00e7\u00e3o da mensagem espiritual:<\/h5>\n<p><audio style=\"width:350px;background:#ffffff;width: 370px;\" preload=\"none\" ontimeupdate=\"updateTime()\" controls=\"\" metadata=\"\"><source src=\"https:\/\/www.lojacarita.com.br\/loja\/wp-content\/uploads\/2023\/11\/samples\/bn990_abertura.mp3\" type=\"audio\/mpeg\"><a href=\"https:\/\/www.lojacarita.com.br\/loja\/wp-content\/uploads\/2023\/11\/samples\/bn990_abertura.mp3\"><font size=\"2\">Play<\/font><\/a><\/audio><\/p>\n<hr width=\"75%\">\n<h5>Ouve os primeiros 5 minutos da mensagem espiritual:<\/h5>\n<p><audio style=\"width:350px;background:#ffffff;width: 370px;\" preload=\"none\" ontimeupdate=\"updateTime()\" controls=\"\" metadata=\"\"><source src=\"https:\/\/www.lojacarita.com.br\/loja\/wp-content\/uploads\/2023\/11\/samples\/bn-990-sample.mp3\" type=\"audio\/mpeg\"><a href=\"https:\/\/www.lojacarita.com.br\/loja\/wp-content\/uploads\/2023\/11\/samples\/bn-990-sample.mp3\"><font size=\"2\">Play<\/font><\/a><\/audio><\/p>\n<blockquote>\n<p>\u00abA mensagem de S\u00e3o Lu\u00eds com o \u2018nascer de novo\u2019 do Cristo. (&#8230;) H\u00e1 limites para a<br \/>\nencarna\u00e7\u00e3o?<br \/>\n(&#8230;) Essas parcas linhas do cap. IV nos d\u00e3o a chave para as quest\u00f5es das nossas afli\u00e7\u00f5es.<br \/>\n(&#8230;) H\u00e1 mundos em que j\u00e1 n\u00e3o existe esta mat\u00e9ria tal qual n\u00f3s a temos quando<br \/>\nencarnados neste planeta de expia\u00e7\u00e3o e provas. (&#8230;) A mat\u00e9ria vai se desligando de sua<br \/>\ndensidade corp\u00f3rea!<br \/>\n(&#8230;) E este meu nascimento far\u00e1 com que a mat\u00e9ria<br \/>\nque me envolve tamb\u00e9m cres\u00e7a na sua sensibliza\u00e7\u00e3o,<br \/>\ne ela se pare\u00e7a e se assemelhe ao perisp\u00edrito,<br \/>\nat\u00e9 tornar-se \u2018um\u2019(una) com o per\u00edspirito.<br \/>\nDa mesma forma o perisp\u00edrito evoluir\u00e1 at\u00e9 tornar-se \u2018um\u2019<br \/>\ncom o esp\u00edrito.\u00bb<\/p>\n<\/blockquote>\n<p>Boa Nova 990 &#8211; Eur\u00edpedes Barsanulfo<\/p>\n<p><\/p>\n<h3>Profundizando nos conte\u00fados da Boa Nova 990<\/h3>\n<p>Com a gra\u00e7a do bom Deus, a alegria celeste em nossos dias, a C\u00e1rita Editora Esp\u00edrita apresenta \u00e0 rede de audi\u00e7\u00e3o a palavra de n\u00famero 990. Recebemos da espiritualidade atrav\u00e9s de nosso querido irm\u00e3o Yoseph, a mensagem euripediana, ou seja do esp\u00edrito Eur\u00edpedes Barsanulfo, dando seq\u00fc\u00eancia a din\u00e2mica de uma pedag\u00f3gica que ele nominou de \u201ca pedag\u00f3gica do ser tocado\u201d.<\/p>\n<p>Ser tocado ou ser sensibilizado, em verdade o que a espiritualidade est\u00e1 a nos dizer \u00e9 que as prele\u00e7\u00f5es ao longo dos anos v\u00eam tendo esse fundamento maior, a de nos conscientizar, a de nos sensibilizar para a grande realidade do esp\u00edrito.<\/p>\n<p>Nesse encontro, segundo encontro de outubro a espiritualidade d\u00e1 seq\u00fc\u00eancia ao que ele chama de \u201ca pedag\u00f3gica do ser tocado\u201d. Aqui ele enfatiza a maravilhosa din\u00e2mica do cap\u00edtulo IV do O Evangelho Segundo o Espiritismo, a mensagem de S\u00e3o Luis que nos traz linhas bel\u00edssimas quanto ao caminho do esp\u00edrito quando adentra o processo reencarnat\u00f3rio.<\/p>\n<p>Em verdade, o tema maior da prele\u00e7\u00e3o de n\u00famero 990 \u00e9 o sentido da reencarna\u00e7\u00e3o, mais uma vez, agora olhando a espec\u00edfica mensagem de S\u00e3o Luis que nos traz um processo maravilhoso que em nossa leitura cotidiana muitas vezes passa longe das nossas percep\u00e7\u00f5es.<br \/>S\u00e3o Luis vai nos mostrar no seu texto uma evolu\u00e7\u00e3o inclusive da mat\u00e9ria at\u00e9 o perisp\u00edrito e uma identifica\u00e7\u00e3o, uma unidade com o perisp\u00edrito e depois uma unifica\u00e7\u00e3o e uma identidade do perisp\u00edrito com o esp\u00edrito, tornando-os ent\u00e3o puros esp\u00edritos.<\/p>\n<p>Que esse texto possa encontrar em sua alma um espa\u00e7o para viver. Deixe-se ser tocado, oh querida alma, oh querida irm\u00e3o e irm\u00e3 desta nossa casa de ora\u00e7\u00e3o e de quantos essa voz encontrar um dia. Deixem-se ser tocados por essa verdade. Estamos em tr\u00e2nsito, estamos em uma viagem, sa\u00edmos da p\u00e1tria eterna espiritual para fazer uma experi\u00eancia t\u00e3o somente humana dentro de um planeta de expia\u00e7\u00e3o e provas para ap\u00f3s as renhidas lutas desse planeta, que ele \u00e9 uma escola , ele \u00e9 um hospital e tamb\u00e9m um c\u00e1rcere, n\u00f3s encontrarmos na regenera\u00e7\u00e3o um mundo de descanso, de reconstru\u00e7\u00e3o e de felicidade depois da regenera\u00e7\u00e3o. Que o Deus bom sempre nos aben\u00e7oe e que esta palavra possa alcan\u00e7\u00e1-lo, trazendo-lhe maior encorajamento no cotidiano de suas lutas e por conseq\u00fc\u00eancia uma maior ades\u00e3o aos tr\u00e2mites da vida em esp\u00edrito, enquanto caminhamos humanamente pela Terra encarnados para que consigamos em verdade e vida, nascer de novo.<\/p>\n<p>A boa nova 990 tem esse objetivo, trazer maior luz sobre a passagem de Jesus quanto a nascer de novo para que possamos ver o reino de Deus. Grande paz, grande abra\u00e7o, C\u00e1rita.<\/p>\n<h3>A mensagem de Celina<\/h3>\n<p>Nosso terno rouxinol, nossa amada Celina passa trazendo a sua prece semanal. Em torno da prele\u00e7\u00e3o 990, n\u00f3s temos os coment\u00e1rios sobre o tema central da mensagem deixada nesse encontro. O reino \u00e9 para aqueles que se assemelham \u00e0s crian\u00e7as, diz Celina. E \u00e9 verdade. Deixai que elas venham at\u00e9 a mim, deixai, deixai, enfim, \u00e9 um pedido. E Celina faz desse pedido do Cristo, um pedido para n\u00f3s: Vamos deixar que nosso esp\u00edrito seja tocado por esta prele\u00e7\u00e3o, pela proximidade com o Cristo e pelas verdades eternas dirigindo as nossas decis\u00f5es no cotidiano de nossas vidas. Celina ainda diz que a noite est\u00e1 linda e bela, que est\u00e1 muito feliz e todos os esp\u00edritos felizes com esta casa que vai crescendo em maturidade na supera\u00e7\u00e3o de seus conflitos.<\/p>\n<p>Celina nos convida em verdade, que inauguremos a nova era, a era do esp\u00edrito em nossas vidas e aprendamos a perdoarmo-nos mutuamente.<\/p>\n<p>Celina nos traz novamente a l\u00f3gica de que a rela\u00e7\u00e3o entre ferido e quem fere \u00e9 profundamente estreita. Ou\u00e7amos esta voz maviosa, terna e amiga. A C\u00e1rita Editora Esp\u00edrita que se despede com seu sempre terno e grato e at\u00e9 mesmo saudoso abra\u00e7o.<\/p>\n","protected":false},"excerpt":{"rendered":"<p>A Evolu\u00e7\u00e3o da Mat\u00e9ria ao Puro Esp\u00edrito e o Livre Arb\u00edrio(Cap\u00edtulo IV ESE S\u00e3o Luis) 08 de outubro de 2016 Mensagem espiritual pelos esp\u00edritos Yoseph e CelinaPsicofon\u00eda da m\u00e8dium Eliana dos Santos Dura\u00e7\u00e3o: 1h 17min Ouve a apresenta\u00e7\u00e3o da mensagem espiritual: Play Ouve os primeiros 5 minutos da mensagem espiritual: Play \u00abA mensagem de S\u00e3o &hellip; <a href=\"https:\/\/www.lojacarita.com.br\/loja\/product\/boa-nova-990\/\">Continua<\/a><\/p>\n","protected":false},"featured_media":1093,"template":"","meta":[],"product_brand":[],"product_cat":[65],"product_tag":[],"class_list":{"0":"post-1092","1":"product","2":"type-product","3":"status-publish","4":"has-post-thumbnail","6":"product_cat-out16","8":"first","9":"instock","10":"downloadable","11":"virtual","12":"purchasable","13":"product-type-simple"},"acf":[],"yoast_head":"<!-- This site is optimized with the Yoast SEO plugin v27.4 - https:\/\/yoast.com\/product\/yoast-seo-wordpress\/ -->\n<title>Boa Nova 990 - Loja C\u00e1rita<\/title>\n<meta name=\"robots\" content=\"index, follow, max-snippet:-1, max-image-preview:large, max-video-preview:-1\" \/>\n<link rel=\"canonical\" href=\"https:\/\/www.lojacarita.com.br\/loja\/product\/boa-nova-990\/\" \/>\n<meta property=\"og:locale\" content=\"pt_BR\" \/>\n<meta property=\"og:type\" content=\"article\" \/>\n<meta property=\"og:title\" content=\"Boa Nova 990 - Loja C\u00e1rita\" \/>\n<meta property=\"og:description\" content=\"A Evolu\u00e7\u00e3o da Mat\u00e9ria ao Puro Esp\u00edrito e o Livre Arb\u00edrio(Cap\u00edtulo IV ESE S\u00e3o Luis) 08 de outubro de 2016 Mensagem espiritual pelos esp\u00edritos Yoseph e CelinaPsicofon\u00eda da m\u00e8dium Eliana dos Santos Dura\u00e7\u00e3o: 1h 17min Ouve a apresenta\u00e7\u00e3o da mensagem espiritual: Play Ouve os primeiros 5 minutos da mensagem espiritual: Play \u00abA mensagem de S\u00e3o &hellip; Continua\" \/>\n<meta property=\"og:url\" content=\"https:\/\/www.lojacarita.com.br\/loja\/product\/boa-nova-990\/\" \/>\n<meta property=\"og:site_name\" content=\"Loja C\u00e1rita\" \/>\n<meta property=\"article:modified_time\" content=\"2023-12-05T11:05:40+00:00\" \/>\n<meta property=\"og:image\" content=\"https:\/\/www.lojacarita.com.br\/loja\/wp-content\/uploads\/2023\/11\/bn-990-capa.jpg\" \/>\n\t<meta property=\"og:image:width\" content=\"454\" \/>\n\t<meta property=\"og:image:height\" content=\"454\" \/>\n\t<meta property=\"og:image:type\" content=\"image\/jpeg\" \/>\n<meta name=\"twitter:card\" content=\"summary_large_image\" \/>\n<meta name=\"twitter:label1\" content=\"Est. tempo de leitura\" \/>\n\t<meta name=\"twitter:data1\" content=\"4 minutos\" \/>\n<script type=\"application\/ld+json\" class=\"yoast-schema-graph\">{\"@context\":\"https:\\\/\\\/schema.org\",\"@graph\":[{\"@type\":\"WebPage\",\"@id\":\"https:\\\/\\\/www.lojacarita.com.br\\\/loja\\\/product\\\/boa-nova-990\\\/\",\"url\":\"https:\\\/\\\/www.lojacarita.com.br\\\/loja\\\/product\\\/boa-nova-990\\\/\",\"name\":\"Boa Nova 990 - Loja C\u00e1rita\",\"isPartOf\":{\"@id\":\"https:\\\/\\\/www.lojacarita.com.br\\\/loja\\\/#website\"},\"primaryImageOfPage\":{\"@id\":\"https:\\\/\\\/www.lojacarita.com.br\\\/loja\\\/product\\\/boa-nova-990\\\/#primaryimage\"},\"image\":{\"@id\":\"https:\\\/\\\/www.lojacarita.com.br\\\/loja\\\/product\\\/boa-nova-990\\\/#primaryimage\"},\"thumbnailUrl\":\"https:\\\/\\\/www.lojacarita.com.br\\\/loja\\\/wp-content\\\/uploads\\\/2023\\\/11\\\/bn-990-capa.jpg\",\"datePublished\":\"2023-11-03T17:05:45+00:00\",\"dateModified\":\"2023-12-05T11:05:40+00:00\",\"breadcrumb\":{\"@id\":\"https:\\\/\\\/www.lojacarita.com.br\\\/loja\\\/product\\\/boa-nova-990\\\/#breadcrumb\"},\"inLanguage\":\"pt-BR\",\"potentialAction\":[{\"@type\":\"ReadAction\",\"target\":[\"https:\\\/\\\/www.lojacarita.com.br\\\/loja\\\/product\\\/boa-nova-990\\\/\"]}]},{\"@type\":\"ImageObject\",\"inLanguage\":\"pt-BR\",\"@id\":\"https:\\\/\\\/www.lojacarita.com.br\\\/loja\\\/product\\\/boa-nova-990\\\/#primaryimage\",\"url\":\"https:\\\/\\\/www.lojacarita.com.br\\\/loja\\\/wp-content\\\/uploads\\\/2023\\\/11\\\/bn-990-capa.jpg\",\"contentUrl\":\"https:\\\/\\\/www.lojacarita.com.br\\\/loja\\\/wp-content\\\/uploads\\\/2023\\\/11\\\/bn-990-capa.jpg\",\"width\":454,\"height\":454},{\"@type\":\"BreadcrumbList\",\"@id\":\"https:\\\/\\\/www.lojacarita.com.br\\\/loja\\\/product\\\/boa-nova-990\\\/#breadcrumb\",\"itemListElement\":[{\"@type\":\"ListItem\",\"position\":1,\"name\":\"In\u00edcio\",\"item\":\"https:\\\/\\\/www.lojacarita.com.br\\\/loja\\\/\"},{\"@type\":\"ListItem\",\"position\":2,\"name\":\"Produtos\",\"item\":\"https:\\\/\\\/www.lojacarita.com.br\\\/loja\\\/nossos-produtos\\\/\"},{\"@type\":\"ListItem\",\"position\":3,\"name\":\"Boa Nova 990\"}]},{\"@type\":\"WebSite\",\"@id\":\"https:\\\/\\\/www.lojacarita.com.br\\\/loja\\\/#website\",\"url\":\"https:\\\/\\\/www.lojacarita.com.br\\\/loja\\\/\",\"name\":\"Loja C\u00e1rita\",\"description\":\"Amai-vos e instrui-vos! Esp\u00edrito de Verdade\",\"publisher\":{\"@id\":\"https:\\\/\\\/www.lojacarita.com.br\\\/loja\\\/#organization\"},\"potentialAction\":[{\"@type\":\"SearchAction\",\"target\":{\"@type\":\"EntryPoint\",\"urlTemplate\":\"https:\\\/\\\/www.lojacarita.com.br\\\/loja\\\/?s={search_term_string}\"},\"query-input\":{\"@type\":\"PropertyValueSpecification\",\"valueRequired\":true,\"valueName\":\"search_term_string\"}}],\"inLanguage\":\"pt-BR\"},{\"@type\":\"Organization\",\"@id\":\"https:\\\/\\\/www.lojacarita.com.br\\\/loja\\\/#organization\",\"name\":\"Loja C\u00e1rita\",\"url\":\"https:\\\/\\\/www.lojacarita.com.br\\\/loja\\\/\",\"logo\":{\"@type\":\"ImageObject\",\"inLanguage\":\"pt-BR\",\"@id\":\"https:\\\/\\\/www.lojacarita.com.br\\\/loja\\\/#\\\/schema\\\/logo\\\/image\\\/\",\"url\":\"http:\\\/\\\/www.lojacarita.com.br\\\/loja2021\\\/wp-content\\\/uploads\\\/2021\\\/05\\\/favicon.png\",\"contentUrl\":\"http:\\\/\\\/www.lojacarita.com.br\\\/loja2021\\\/wp-content\\\/uploads\\\/2021\\\/05\\\/favicon.png\",\"width\":512,\"height\":512,\"caption\":\"Loja C\u00e1rita\"},\"image\":{\"@id\":\"https:\\\/\\\/www.lojacarita.com.br\\\/loja\\\/#\\\/schema\\\/logo\\\/image\\\/\"}}]}<\/script>\n<!-- \/ Yoast SEO plugin. -->","yoast_head_json":{"title":"Boa Nova 990 - Loja C\u00e1rita","robots":{"index":"index","follow":"follow","max-snippet":"max-snippet:-1","max-image-preview":"max-image-preview:large","max-video-preview":"max-video-preview:-1"},"canonical":"https:\/\/www.lojacarita.com.br\/loja\/product\/boa-nova-990\/","og_locale":"pt_BR","og_type":"article","og_title":"Boa Nova 990 - Loja C\u00e1rita","og_description":"A Evolu\u00e7\u00e3o da Mat\u00e9ria ao Puro Esp\u00edrito e o Livre Arb\u00edrio(Cap\u00edtulo IV ESE S\u00e3o Luis) 08 de outubro de 2016 Mensagem espiritual pelos esp\u00edritos Yoseph e CelinaPsicofon\u00eda da m\u00e8dium Eliana dos Santos Dura\u00e7\u00e3o: 1h 17min Ouve a apresenta\u00e7\u00e3o da mensagem espiritual: Play Ouve os primeiros 5 minutos da mensagem espiritual: Play \u00abA mensagem de S\u00e3o &hellip; Continua","og_url":"https:\/\/www.lojacarita.com.br\/loja\/product\/boa-nova-990\/","og_site_name":"Loja C\u00e1rita","article_modified_time":"2023-12-05T11:05:40+00:00","og_image":[{"width":454,"height":454,"url":"https:\/\/www.lojacarita.com.br\/loja\/wp-content\/uploads\/2023\/11\/bn-990-capa.jpg","type":"image\/jpeg"}],"twitter_card":"summary_large_image","twitter_misc":{"Est. tempo de leitura":"4 minutos"},"schema":{"@context":"https:\/\/schema.org","@graph":[{"@type":"WebPage","@id":"https:\/\/www.lojacarita.com.br\/loja\/product\/boa-nova-990\/","url":"https:\/\/www.lojacarita.com.br\/loja\/product\/boa-nova-990\/","name":"Boa Nova 990 - Loja C\u00e1rita","isPartOf":{"@id":"https:\/\/www.lojacarita.com.br\/loja\/#website"},"primaryImageOfPage":{"@id":"https:\/\/www.lojacarita.com.br\/loja\/product\/boa-nova-990\/#primaryimage"},"image":{"@id":"https:\/\/www.lojacarita.com.br\/loja\/product\/boa-nova-990\/#primaryimage"},"thumbnailUrl":"https:\/\/www.lojacarita.com.br\/loja\/wp-content\/uploads\/2023\/11\/bn-990-capa.jpg","datePublished":"2023-11-03T17:05:45+00:00","dateModified":"2023-12-05T11:05:40+00:00","breadcrumb":{"@id":"https:\/\/www.lojacarita.com.br\/loja\/product\/boa-nova-990\/#breadcrumb"},"inLanguage":"pt-BR","potentialAction":[{"@type":"ReadAction","target":["https:\/\/www.lojacarita.com.br\/loja\/product\/boa-nova-990\/"]}]},{"@type":"ImageObject","inLanguage":"pt-BR","@id":"https:\/\/www.lojacarita.com.br\/loja\/product\/boa-nova-990\/#primaryimage","url":"https:\/\/www.lojacarita.com.br\/loja\/wp-content\/uploads\/2023\/11\/bn-990-capa.jpg","contentUrl":"https:\/\/www.lojacarita.com.br\/loja\/wp-content\/uploads\/2023\/11\/bn-990-capa.jpg","width":454,"height":454},{"@type":"BreadcrumbList","@id":"https:\/\/www.lojacarita.com.br\/loja\/product\/boa-nova-990\/#breadcrumb","itemListElement":[{"@type":"ListItem","position":1,"name":"In\u00edcio","item":"https:\/\/www.lojacarita.com.br\/loja\/"},{"@type":"ListItem","position":2,"name":"Produtos","item":"https:\/\/www.lojacarita.com.br\/loja\/nossos-produtos\/"},{"@type":"ListItem","position":3,"name":"Boa Nova 990"}]},{"@type":"WebSite","@id":"https:\/\/www.lojacarita.com.br\/loja\/#website","url":"https:\/\/www.lojacarita.com.br\/loja\/","name":"Loja C\u00e1rita","description":"Amai-vos e instrui-vos! Esp\u00edrito de Verdade","publisher":{"@id":"https:\/\/www.lojacarita.com.br\/loja\/#organization"},"potentialAction":[{"@type":"SearchAction","target":{"@type":"EntryPoint","urlTemplate":"https:\/\/www.lojacarita.com.br\/loja\/?s={search_term_string}"},"query-input":{"@type":"PropertyValueSpecification","valueRequired":true,"valueName":"search_term_string"}}],"inLanguage":"pt-BR"},{"@type":"Organization","@id":"https:\/\/www.lojacarita.com.br\/loja\/#organization","name":"Loja C\u00e1rita","url":"https:\/\/www.lojacarita.com.br\/loja\/","logo":{"@type":"ImageObject","inLanguage":"pt-BR","@id":"https:\/\/www.lojacarita.com.br\/loja\/#\/schema\/logo\/image\/","url":"http:\/\/www.lojacarita.com.br\/loja2021\/wp-content\/uploads\/2021\/05\/favicon.png","contentUrl":"http:\/\/www.lojacarita.com.br\/loja2021\/wp-content\/uploads\/2021\/05\/favicon.png","width":512,"height":512,"caption":"Loja C\u00e1rita"},"image":{"@id":"https:\/\/www.lojacarita.com.br\/loja\/#\/schema\/logo\/image\/"}}]}},"_links":{"self":[{"href":"https:\/\/www.lojacarita.com.br\/loja\/wp-json\/wp\/v2\/product\/1092","targetHints":{"allow":["GET"]}}],"collection":[{"href":"https:\/\/www.lojacarita.com.br\/loja\/wp-json\/wp\/v2\/product"}],"about":[{"href":"https:\/\/www.lojacarita.com.br\/loja\/wp-json\/wp\/v2\/types\/product"}],"wp:featuredmedia":[{"embeddable":true,"href":"https:\/\/www.lojacarita.com.br\/loja\/wp-json\/wp\/v2\/media\/1093"}],"wp:attachment":[{"href":"https:\/\/www.lojacarita.com.br\/loja\/wp-json\/wp\/v2\/media?parent=1092"}],"wp:term":[{"taxonomy":"product_brand","embeddable":true,"href":"https:\/\/www.lojacarita.com.br\/loja\/wp-json\/wp\/v2\/product_brand?post=1092"},{"taxonomy":"product_cat","embeddable":true,"href":"https:\/\/www.lojacarita.com.br\/loja\/wp-json\/wp\/v2\/product_cat?post=1092"},{"taxonomy":"product_tag","embeddable":true,"href":"https:\/\/www.lojacarita.com.br\/loja\/wp-json\/wp\/v2\/product_tag?post=1092"}],"curies":[{"name":"wp","href":"https:\/\/api.w.org\/{rel}","templated":true}]}}