{"id":1090,"date":"2023-11-03T14:05:42","date_gmt":"2023-11-03T17:05:42","guid":{"rendered":"https:\/\/www.lojacarita.com.br\/loja\/product\/boa-nova-989\/"},"modified":"2023-12-05T08:05:39","modified_gmt":"2023-12-05T11:05:39","slug":"boa-nova-989","status":"publish","type":"product","link":"https:\/\/www.lojacarita.com.br\/loja\/product\/boa-nova-989\/","title":{"rendered":"Boa Nova 989"},"content":{"rendered":"<\/p>\n<div>O papel da codifica\u00e7\u00e3o: tocar os cora\u00e7\u00f5es<\/div>\n<div>01 de outubro de 2016<\/div>\n<div><\/div>\n<p>Mensagem espiritual pelos esp\u00edritos Yoseph e Celina<br \/>Psicofon\u00eda da m\u00e8dium Eliana dos Santos<\/p>\n<p>Dura\u00e7\u00e3o: 1h 2min<\/p>\n<hr width=\"75%\">\n<h5>Ouve a apresenta\u00e7\u00e3o da mensagem espiritual:<\/h5>\n<p><audio style=\"width:350px;background:#ffffff;width: 370px;\" preload=\"none\" ontimeupdate=\"updateTime()\" controls=\"\" metadata=\"\"><source src=\"https:\/\/www.lojacarita.com.br\/loja\/wp-content\/uploads\/2023\/11\/samples\/bn989_abertura.mp3\" type=\"audio\/mpeg\"><a href=\"https:\/\/www.lojacarita.com.br\/loja\/wp-content\/uploads\/2023\/11\/samples\/bn989_abertura.mp3\"><font size=\"2\">Play<\/font><\/a><\/audio><\/p>\n<hr width=\"75%\">\n<h5>Ouve os primeiros 5 minutos da mensagem espiritual:<\/h5>\n<p><audio style=\"width:350px;background:#ffffff;width: 370px;\" preload=\"none\" ontimeupdate=\"updateTime()\" controls=\"\" metadata=\"\"><source src=\"https:\/\/www.lojacarita.com.br\/loja\/wp-content\/uploads\/2023\/11\/samples\/bn-989-sample.mp3\" type=\"audio\/mpeg\"><a href=\"https:\/\/www.lojacarita.com.br\/loja\/wp-content\/uploads\/2023\/11\/samples\/bn-989-sample.mp3\"><font size=\"2\">Play<\/font><\/a><\/audio><\/p>\n<blockquote>\n<p>\u00abVamos parar e olhar para esta travessia cr\u00edstica. N\u00f3s n\u00e3o temos percebido esta for\u00e7a que sai de n\u00f3s porque, tamb\u00e9m, n\u00e3o temos o h\u00e1bito de olhar para a for\u00e7a que nos toca. Muitas, muitas, ou uma grande parte de nossas dores esta ligada a esta inconsci\u00eancia.\u00bb<\/p>\n<\/blockquote>\n<p>Boa Nova 989 &#8211; Eur\u00edpedes Barsanulfo<\/p>\n<p><\/p>\n<h3>Profundizando nos conte\u00fados da Boa Nova 989<\/h3>\n<p>C\u00e1rita Editora Esp\u00edrita mais uma vez neste trabalho maravilhoso da recep\u00e7\u00e3o e editora\u00e7\u00e3o deste texto celeste. As Boas Novas, uma colet\u00e2nea de textos que vem sendo feita h\u00e1 alguns anos nesta casa de ora\u00e7\u00e3o f\u00e9 e amor. Estamos no n\u00famero 989 representando prele\u00e7\u00f5es que v\u00eam nos auxiliar a nossa caminhada espiritual. A que se destina existir?  Sen\u00e3o tomarmos consci\u00eancia  ou ci\u00eancia de que somos seres espirituais fazendo uma experi\u00eancia humana.\n<\/p>\n<p>Assim, nesse texto que entitulamos \u201cO papel da codifica\u00e7\u00e3o: tocar os cora\u00e7\u00f5es\u201d, a espiritualidade desenvolve um texto sens\u00edvel e muito intimista. Abre suas linhas dizendo que todos estamos tocados por uma seiva suav\u00edssima, de uma  ternura tamanha que est\u00e1 emocionando a todos. A partir desta pequena frase, ele vai ent\u00e3o discursando sobre o toque e leva-nos \u00e0quele momento em que a mulher hemorr\u00e1gica toca a orla da veste de Jesus e ele diz: &#8220;Algu\u00e9m me tocou. Uma for\u00e7a saiu de mim&#8221;.\n<\/p>\n<p>Os disc\u00edpulos lhe apontam que a multid\u00e3o o apalpa, o toca, mas Jesus faz ent\u00e3o uma maravilhosa diferencia\u00e7\u00e3o entre o toque um pouco indiferente, o toque tumultuado da multid\u00e3o, a busca tumultuada de uma cura ou do contato com a divindade, n\u00e3o lhe desperta for\u00e7a. Para que despertemos a for\u00e7a de um ser divino, e alcancemos o que necessitamos \u00e9 preciso tocar de uma outra forma. \u00c9 esse o tema da boa nova 989.\n<\/p>\n<p>Ou\u00e7amos com todo o nosso cora\u00e7\u00e3o. Se o papel da codifica\u00e7\u00e3o \u00e9  tocar os nossos cora\u00e7\u00f5es, e esta \u00e9 uma frase tirada do texto e que foi transformada em t\u00edtulo, n\u00f3s precisamos ent\u00e3o abrir as janelas dos nossos cora\u00e7\u00f5es para deixar que entrem esses informes ou essas informa\u00e7\u00f5es e trabalhando com elas devagar e sempre, n\u00f3s vamos fazendo, caminhando os degraus da aprendizagem.\n<\/p>\n<p>C\u00e1rita Editora felicita a todos. Sempre estamos agradecendo a presen\u00e7a de cada um dos irm\u00e3os aqui desta casa de ora\u00e7\u00e3o e tamb\u00e9m daqueles que est\u00e3o conosco e nos alcan\u00e7am l\u00e1 em Valencia, Espanha, s\u00e3o nossos queridos irm\u00e3os que est\u00e3o fazendo a Amic Valencia, agora no Uruguai, nossa querida Claudia Osores. Deixamos um abra\u00e7o grande para toda essa Rede. Suzi, nossa querida e amada Suzi que desde que saiu do Brasil e mora no exterior, acompanha-nos e vai com uma bandeirante a frente levando essas palavras ternas do esp\u00edrito Eur\u00edpedes Barsanulfo que se utiliza de um preposto chamado Yoseph atrav\u00e9s da mediunidade de nossa querida irm\u00e3 Eliana dos Santos.\n<\/p>\n<p>C\u00e1rita Editora se despede, vamos ouvir a prele\u00e7\u00e3o, devagar, repetindo o racioc\u00ednio, voltemos no carro, em casa, onde estivermos para ouvirmos as vozes para aprendermos bem os racioc\u00ednios, para isto temos  faixas, para facilitar a interrup\u00e7\u00e3o da audi\u00e7\u00e3o e retoma, para que n\u00e3o precisamos ouvir tudo novamente. Que o bom Deus nos ilumine sempre. Grande, grande abra\u00e7o, C\u00e1rita Editora Esp\u00edrita. Algu\u00e9m me tocou, uma  for\u00e7a saiu de mim, a consci\u00eancia do ser tocado \u00e0 luz da doutrina dos esp\u00edritos.\n<\/p>\n<h3>A ora\u00e7\u00e3o de Celina<br \/>\n<\/h3>\n<p>O rouxinol querido celeste Celina, vem de forma sempre terna trazendo a sua ora\u00e7\u00e3o.  Ela nos aponta quanto a esse universo das aprendizagens, mostra que  precisamos  nos esfor\u00e7ar para que elas aconte\u00e7am. Ela diz at\u00e9 textualmente, basta que deixemos tocar pela aprendizagem e afirma ainda qu\u00e3o belo esse termo, este falar, esta fala, qu\u00e3o belo. Quem me tocou? Oh Cristo amado Jesus querido as suas sapi\u00eancias s\u00e3o eternas. Que me tocou?\n<\/p>\n<p>Ou\u00e7amos a prece de nossa querida e doce Celina que nos traz nessa boa nova 989 mais uma vez reafirmando o projeto das mil prele\u00e7\u00f5es, nos traz ent\u00e3o algumas brincadeiras, algumas ilumina\u00e7\u00f5es. Vamos ouvi-la ou ler o seu texto. Um terno abra\u00e7o, C\u00e1rita Editora Esp\u00edrita.\n<\/p><\/p>\n","protected":false},"excerpt":{"rendered":"<p>O papel da codifica\u00e7\u00e3o: tocar os cora\u00e7\u00f5es 01 de outubro de 2016 Mensagem espiritual pelos esp\u00edritos Yoseph e CelinaPsicofon\u00eda da m\u00e8dium Eliana dos Santos Dura\u00e7\u00e3o: 1h 2min Ouve a apresenta\u00e7\u00e3o da mensagem espiritual: Play Ouve os primeiros 5 minutos da mensagem espiritual: Play \u00abVamos parar e olhar para esta travessia cr\u00edstica. N\u00f3s n\u00e3o temos percebido &hellip; <a href=\"https:\/\/www.lojacarita.com.br\/loja\/product\/boa-nova-989\/\">Continua<\/a><\/p>\n","protected":false},"featured_media":1091,"template":"","meta":[],"product_brand":[],"product_cat":[65],"product_tag":[],"class_list":{"0":"post-1090","1":"product","2":"type-product","3":"status-publish","4":"has-post-thumbnail","6":"product_cat-out16","8":"first","9":"instock","10":"downloadable","11":"virtual","12":"purchasable","13":"product-type-simple"},"acf":[],"yoast_head":"<!-- This site is optimized with the Yoast SEO plugin v27.4 - https:\/\/yoast.com\/product\/yoast-seo-wordpress\/ -->\n<title>Boa Nova 989 - Loja C\u00e1rita<\/title>\n<meta name=\"robots\" content=\"index, follow, max-snippet:-1, max-image-preview:large, max-video-preview:-1\" \/>\n<link rel=\"canonical\" href=\"https:\/\/www.lojacarita.com.br\/loja\/product\/boa-nova-989\/\" \/>\n<meta property=\"og:locale\" content=\"pt_BR\" \/>\n<meta property=\"og:type\" content=\"article\" \/>\n<meta property=\"og:title\" content=\"Boa Nova 989 - Loja C\u00e1rita\" \/>\n<meta property=\"og:description\" content=\"O papel da codifica\u00e7\u00e3o: tocar os cora\u00e7\u00f5es 01 de outubro de 2016 Mensagem espiritual pelos esp\u00edritos Yoseph e CelinaPsicofon\u00eda da m\u00e8dium Eliana dos Santos Dura\u00e7\u00e3o: 1h 2min Ouve a apresenta\u00e7\u00e3o da mensagem espiritual: Play Ouve os primeiros 5 minutos da mensagem espiritual: Play \u00abVamos parar e olhar para esta travessia cr\u00edstica. N\u00f3s n\u00e3o temos percebido &hellip; Continua\" \/>\n<meta property=\"og:url\" content=\"https:\/\/www.lojacarita.com.br\/loja\/product\/boa-nova-989\/\" \/>\n<meta property=\"og:site_name\" content=\"Loja C\u00e1rita\" \/>\n<meta property=\"article:modified_time\" content=\"2023-12-05T11:05:39+00:00\" \/>\n<meta property=\"og:image\" content=\"https:\/\/www.lojacarita.com.br\/loja\/wp-content\/uploads\/2023\/11\/bn-989-capa.jpg\" \/>\n\t<meta property=\"og:image:width\" content=\"454\" \/>\n\t<meta property=\"og:image:height\" content=\"454\" \/>\n\t<meta property=\"og:image:type\" content=\"image\/jpeg\" \/>\n<meta name=\"twitter:card\" content=\"summary_large_image\" \/>\n<meta name=\"twitter:label1\" content=\"Est. tempo de leitura\" \/>\n\t<meta name=\"twitter:data1\" content=\"4 minutos\" \/>\n<script type=\"application\/ld+json\" class=\"yoast-schema-graph\">{\"@context\":\"https:\\\/\\\/schema.org\",\"@graph\":[{\"@type\":\"WebPage\",\"@id\":\"https:\\\/\\\/www.lojacarita.com.br\\\/loja\\\/product\\\/boa-nova-989\\\/\",\"url\":\"https:\\\/\\\/www.lojacarita.com.br\\\/loja\\\/product\\\/boa-nova-989\\\/\",\"name\":\"Boa Nova 989 - Loja C\u00e1rita\",\"isPartOf\":{\"@id\":\"https:\\\/\\\/www.lojacarita.com.br\\\/loja\\\/#website\"},\"primaryImageOfPage\":{\"@id\":\"https:\\\/\\\/www.lojacarita.com.br\\\/loja\\\/product\\\/boa-nova-989\\\/#primaryimage\"},\"image\":{\"@id\":\"https:\\\/\\\/www.lojacarita.com.br\\\/loja\\\/product\\\/boa-nova-989\\\/#primaryimage\"},\"thumbnailUrl\":\"https:\\\/\\\/www.lojacarita.com.br\\\/loja\\\/wp-content\\\/uploads\\\/2023\\\/11\\\/bn-989-capa.jpg\",\"datePublished\":\"2023-11-03T17:05:42+00:00\",\"dateModified\":\"2023-12-05T11:05:39+00:00\",\"breadcrumb\":{\"@id\":\"https:\\\/\\\/www.lojacarita.com.br\\\/loja\\\/product\\\/boa-nova-989\\\/#breadcrumb\"},\"inLanguage\":\"pt-BR\",\"potentialAction\":[{\"@type\":\"ReadAction\",\"target\":[\"https:\\\/\\\/www.lojacarita.com.br\\\/loja\\\/product\\\/boa-nova-989\\\/\"]}]},{\"@type\":\"ImageObject\",\"inLanguage\":\"pt-BR\",\"@id\":\"https:\\\/\\\/www.lojacarita.com.br\\\/loja\\\/product\\\/boa-nova-989\\\/#primaryimage\",\"url\":\"https:\\\/\\\/www.lojacarita.com.br\\\/loja\\\/wp-content\\\/uploads\\\/2023\\\/11\\\/bn-989-capa.jpg\",\"contentUrl\":\"https:\\\/\\\/www.lojacarita.com.br\\\/loja\\\/wp-content\\\/uploads\\\/2023\\\/11\\\/bn-989-capa.jpg\",\"width\":454,\"height\":454},{\"@type\":\"BreadcrumbList\",\"@id\":\"https:\\\/\\\/www.lojacarita.com.br\\\/loja\\\/product\\\/boa-nova-989\\\/#breadcrumb\",\"itemListElement\":[{\"@type\":\"ListItem\",\"position\":1,\"name\":\"In\u00edcio\",\"item\":\"https:\\\/\\\/www.lojacarita.com.br\\\/loja\\\/\"},{\"@type\":\"ListItem\",\"position\":2,\"name\":\"Produtos\",\"item\":\"https:\\\/\\\/www.lojacarita.com.br\\\/loja\\\/nossos-produtos\\\/\"},{\"@type\":\"ListItem\",\"position\":3,\"name\":\"Boa Nova 989\"}]},{\"@type\":\"WebSite\",\"@id\":\"https:\\\/\\\/www.lojacarita.com.br\\\/loja\\\/#website\",\"url\":\"https:\\\/\\\/www.lojacarita.com.br\\\/loja\\\/\",\"name\":\"Loja C\u00e1rita\",\"description\":\"Amai-vos e instrui-vos! Esp\u00edrito de Verdade\",\"publisher\":{\"@id\":\"https:\\\/\\\/www.lojacarita.com.br\\\/loja\\\/#organization\"},\"potentialAction\":[{\"@type\":\"SearchAction\",\"target\":{\"@type\":\"EntryPoint\",\"urlTemplate\":\"https:\\\/\\\/www.lojacarita.com.br\\\/loja\\\/?s={search_term_string}\"},\"query-input\":{\"@type\":\"PropertyValueSpecification\",\"valueRequired\":true,\"valueName\":\"search_term_string\"}}],\"inLanguage\":\"pt-BR\"},{\"@type\":\"Organization\",\"@id\":\"https:\\\/\\\/www.lojacarita.com.br\\\/loja\\\/#organization\",\"name\":\"Loja C\u00e1rita\",\"url\":\"https:\\\/\\\/www.lojacarita.com.br\\\/loja\\\/\",\"logo\":{\"@type\":\"ImageObject\",\"inLanguage\":\"pt-BR\",\"@id\":\"https:\\\/\\\/www.lojacarita.com.br\\\/loja\\\/#\\\/schema\\\/logo\\\/image\\\/\",\"url\":\"http:\\\/\\\/www.lojacarita.com.br\\\/loja2021\\\/wp-content\\\/uploads\\\/2021\\\/05\\\/favicon.png\",\"contentUrl\":\"http:\\\/\\\/www.lojacarita.com.br\\\/loja2021\\\/wp-content\\\/uploads\\\/2021\\\/05\\\/favicon.png\",\"width\":512,\"height\":512,\"caption\":\"Loja C\u00e1rita\"},\"image\":{\"@id\":\"https:\\\/\\\/www.lojacarita.com.br\\\/loja\\\/#\\\/schema\\\/logo\\\/image\\\/\"}}]}<\/script>\n<!-- \/ Yoast SEO plugin. -->","yoast_head_json":{"title":"Boa Nova 989 - Loja C\u00e1rita","robots":{"index":"index","follow":"follow","max-snippet":"max-snippet:-1","max-image-preview":"max-image-preview:large","max-video-preview":"max-video-preview:-1"},"canonical":"https:\/\/www.lojacarita.com.br\/loja\/product\/boa-nova-989\/","og_locale":"pt_BR","og_type":"article","og_title":"Boa Nova 989 - Loja C\u00e1rita","og_description":"O papel da codifica\u00e7\u00e3o: tocar os cora\u00e7\u00f5es 01 de outubro de 2016 Mensagem espiritual pelos esp\u00edritos Yoseph e CelinaPsicofon\u00eda da m\u00e8dium Eliana dos Santos Dura\u00e7\u00e3o: 1h 2min Ouve a apresenta\u00e7\u00e3o da mensagem espiritual: Play Ouve os primeiros 5 minutos da mensagem espiritual: Play \u00abVamos parar e olhar para esta travessia cr\u00edstica. N\u00f3s n\u00e3o temos percebido &hellip; Continua","og_url":"https:\/\/www.lojacarita.com.br\/loja\/product\/boa-nova-989\/","og_site_name":"Loja C\u00e1rita","article_modified_time":"2023-12-05T11:05:39+00:00","og_image":[{"width":454,"height":454,"url":"https:\/\/www.lojacarita.com.br\/loja\/wp-content\/uploads\/2023\/11\/bn-989-capa.jpg","type":"image\/jpeg"}],"twitter_card":"summary_large_image","twitter_misc":{"Est. tempo de leitura":"4 minutos"},"schema":{"@context":"https:\/\/schema.org","@graph":[{"@type":"WebPage","@id":"https:\/\/www.lojacarita.com.br\/loja\/product\/boa-nova-989\/","url":"https:\/\/www.lojacarita.com.br\/loja\/product\/boa-nova-989\/","name":"Boa Nova 989 - Loja C\u00e1rita","isPartOf":{"@id":"https:\/\/www.lojacarita.com.br\/loja\/#website"},"primaryImageOfPage":{"@id":"https:\/\/www.lojacarita.com.br\/loja\/product\/boa-nova-989\/#primaryimage"},"image":{"@id":"https:\/\/www.lojacarita.com.br\/loja\/product\/boa-nova-989\/#primaryimage"},"thumbnailUrl":"https:\/\/www.lojacarita.com.br\/loja\/wp-content\/uploads\/2023\/11\/bn-989-capa.jpg","datePublished":"2023-11-03T17:05:42+00:00","dateModified":"2023-12-05T11:05:39+00:00","breadcrumb":{"@id":"https:\/\/www.lojacarita.com.br\/loja\/product\/boa-nova-989\/#breadcrumb"},"inLanguage":"pt-BR","potentialAction":[{"@type":"ReadAction","target":["https:\/\/www.lojacarita.com.br\/loja\/product\/boa-nova-989\/"]}]},{"@type":"ImageObject","inLanguage":"pt-BR","@id":"https:\/\/www.lojacarita.com.br\/loja\/product\/boa-nova-989\/#primaryimage","url":"https:\/\/www.lojacarita.com.br\/loja\/wp-content\/uploads\/2023\/11\/bn-989-capa.jpg","contentUrl":"https:\/\/www.lojacarita.com.br\/loja\/wp-content\/uploads\/2023\/11\/bn-989-capa.jpg","width":454,"height":454},{"@type":"BreadcrumbList","@id":"https:\/\/www.lojacarita.com.br\/loja\/product\/boa-nova-989\/#breadcrumb","itemListElement":[{"@type":"ListItem","position":1,"name":"In\u00edcio","item":"https:\/\/www.lojacarita.com.br\/loja\/"},{"@type":"ListItem","position":2,"name":"Produtos","item":"https:\/\/www.lojacarita.com.br\/loja\/nossos-produtos\/"},{"@type":"ListItem","position":3,"name":"Boa Nova 989"}]},{"@type":"WebSite","@id":"https:\/\/www.lojacarita.com.br\/loja\/#website","url":"https:\/\/www.lojacarita.com.br\/loja\/","name":"Loja C\u00e1rita","description":"Amai-vos e instrui-vos! Esp\u00edrito de Verdade","publisher":{"@id":"https:\/\/www.lojacarita.com.br\/loja\/#organization"},"potentialAction":[{"@type":"SearchAction","target":{"@type":"EntryPoint","urlTemplate":"https:\/\/www.lojacarita.com.br\/loja\/?s={search_term_string}"},"query-input":{"@type":"PropertyValueSpecification","valueRequired":true,"valueName":"search_term_string"}}],"inLanguage":"pt-BR"},{"@type":"Organization","@id":"https:\/\/www.lojacarita.com.br\/loja\/#organization","name":"Loja C\u00e1rita","url":"https:\/\/www.lojacarita.com.br\/loja\/","logo":{"@type":"ImageObject","inLanguage":"pt-BR","@id":"https:\/\/www.lojacarita.com.br\/loja\/#\/schema\/logo\/image\/","url":"http:\/\/www.lojacarita.com.br\/loja2021\/wp-content\/uploads\/2021\/05\/favicon.png","contentUrl":"http:\/\/www.lojacarita.com.br\/loja2021\/wp-content\/uploads\/2021\/05\/favicon.png","width":512,"height":512,"caption":"Loja C\u00e1rita"},"image":{"@id":"https:\/\/www.lojacarita.com.br\/loja\/#\/schema\/logo\/image\/"}}]}},"_links":{"self":[{"href":"https:\/\/www.lojacarita.com.br\/loja\/wp-json\/wp\/v2\/product\/1090","targetHints":{"allow":["GET"]}}],"collection":[{"href":"https:\/\/www.lojacarita.com.br\/loja\/wp-json\/wp\/v2\/product"}],"about":[{"href":"https:\/\/www.lojacarita.com.br\/loja\/wp-json\/wp\/v2\/types\/product"}],"wp:featuredmedia":[{"embeddable":true,"href":"https:\/\/www.lojacarita.com.br\/loja\/wp-json\/wp\/v2\/media\/1091"}],"wp:attachment":[{"href":"https:\/\/www.lojacarita.com.br\/loja\/wp-json\/wp\/v2\/media?parent=1090"}],"wp:term":[{"taxonomy":"product_brand","embeddable":true,"href":"https:\/\/www.lojacarita.com.br\/loja\/wp-json\/wp\/v2\/product_brand?post=1090"},{"taxonomy":"product_cat","embeddable":true,"href":"https:\/\/www.lojacarita.com.br\/loja\/wp-json\/wp\/v2\/product_cat?post=1090"},{"taxonomy":"product_tag","embeddable":true,"href":"https:\/\/www.lojacarita.com.br\/loja\/wp-json\/wp\/v2\/product_tag?post=1090"}],"curies":[{"name":"wp","href":"https:\/\/api.w.org\/{rel}","templated":true}]}}