{"id":1088,"date":"2023-11-03T14:05:40","date_gmt":"2023-11-03T17:05:40","guid":{"rendered":"https:\/\/www.lojacarita.com.br\/loja\/product\/boa-nova-984\/"},"modified":"2023-12-05T08:05:39","modified_gmt":"2023-12-05T11:05:39","slug":"boa-nova-984","status":"publish","type":"product","link":"https:\/\/www.lojacarita.com.br\/loja\/product\/boa-nova-984\/","title":{"rendered":"Boa Nova 984"},"content":{"rendered":"<div>O nome de Deus \u00e0 luz da Doutrina Esp\u00edrita (A Lei de Amor 6)<\/div>\n<div>27 de agosto de 2016<\/div>\n<div><\/div>\n<p>Mensagem espiritual pelos esp\u00edritos Yoseph e Celina<br \/>Psicofon\u00eda da m\u00e8dium Eliana dos Santos<\/p>\n<p>Dura\u00e7\u00e3o: 1h 14min<\/p>\n<hr width=\"75%\">\n<h5>Ouve a apresenta\u00e7\u00e3o da mensagem espiritual:<\/h5>\n<p><audio style=\"width:350px;background:#ffffff;width: 370px;\" preload=\"none\" ontimeupdate=\"updateTime()\" controls=\"\" metadata=\"\"><source src=\"https:\/\/www.lojacarita.com.br\/loja\/wp-content\/uploads\/2023\/11\/samples\/bn984_abertura.mp3\" type=\"audio\/mpeg\"><a href=\"https:\/\/www.lojacarita.com.br\/loja\/wp-content\/uploads\/2023\/11\/samples\/bn984_abertura.mp3\"><font size=\"2\">Play<\/font><\/a><\/audio><\/p>\n<hr width=\"75%\">\n<h5>Ouve os primeiros 5 minutos da mensagem espiritual:<\/h5>\n<p><audio style=\"width:350px;background:#ffffff;width: 370px;\" preload=\"none\" ontimeupdate=\"updateTime()\" controls=\"\" metadata=\"\"><source src=\"https:\/\/www.lojacarita.com.br\/loja\/wp-content\/uploads\/2023\/11\/samples\/bn-984-sample.mp3\" type=\"audio\/mpeg\"><a href=\"https:\/\/www.lojacarita.com.br\/loja\/wp-content\/uploads\/2023\/11\/samples\/bn-984-sample.mp3\"><font size=\"2\">Play<\/font><\/a><\/audio><\/p>\n<blockquote>\n<p>E h\u00e1 uma Intelig\u00eancia guiando todas as coisas que se unem<br \/>\nna Terra. A Intelig\u00eancia das intelig\u00eancias: o nosso tutelar Eur\u00edpedes<br \/>\nBarsanulfo O definiu no seu poema \u201cDeus\u201d. Querem lidar com o<br \/>\nnovo conceito de Deus? Decorem o poema \u201cDeus\u201d. Declamem-no<br \/>\npara si pr\u00f3prios, declamem para seus filhos. Desenvolvam o poema<br \/>\nDeus em m\u00fasica, ou relembrem-no, coloquem-no na parede de suas<br \/>\ncasas para lembrarem-se de quem \u00e9 Deus&#8230; Causa de todas as causas,<br \/>\nIntelig\u00eancia de todas as intelig\u00eancias.<\/p>\n<\/blockquote>\n<p>Boa Nova 984 &#8211; Eur\u00edpedes Barsanulfo<\/p>\n<p><\/p>\n<h3>Profundizando nos conte\u00fados da Boa Nova 984<\/h3>\n<p>O nome de Deus \u00e0 luz da doutrina esp\u00edrita. Eis a Boa Nova de n\u00famero 984 de 27 de agosto de 2016. Nesse momento, a espiritualidade termina o encontro de agosto e o tema segue sendo tratado.<\/p>\n<p>O tema da lei de amor e dentro da lei de amor, os caminhos para que n\u00f3s possamos encontrar essa Lei em n\u00f3s e viv\u00ea-la.<\/p>\n<p>A espiritualidade nesse momento nos traz a reflex\u00e3o sobre o espa\u00e7o, o espa\u00e7o &nbsp;onde habitaria em n\u00f3s o caminho para o encontro com esta Lei.<\/p>\n<p>\u00c9 um tema que nos leva a compreender finalmente que esta lei, ou a Lei de amor, \u00e9 o nome de Deus. <b>Como encontr\u00e1-lo? Como viver intensamente essa liga\u00e7\u00e3o com o Criador? Como manter viva a chama desse encontro maior?<\/b> Essa \u00e9 a nossa angustia, essa \u00e9 em verdade toda a nossa dimens\u00e3o de exist\u00eancia encarnatoria, existimos justamente para crescermos, progredimos e esse crescimento e esse progresso significa encontrar Deus.<\/p>\n<p>Assim temos o tema central desta boa nova: Encontraremos Deus no nosso passado. A espiritualidade tece considera\u00e7\u00f5es em torno desse caminho e a C\u00e1rita Editora Esp\u00edrita entrega a sua Rede de Audi\u00e7\u00e3o mais esse tema. Vamos ouvi-lo, meditar, compreender e crescer nesse relacionamento mais \u00edntimo, mais intenso, mais cotidiano com as dimens\u00f5es divinas.<\/p>\n<p>Para que possamos fazer esse movimento maior de encontro com Deus, a espiritualidade continua o tema da filosofia agostiniana. Temos aqui o fechamento do amor c\u00e1rita, da compreens\u00e3o que o amor dos desejos, que o amor que nos liga as coisas, suas din\u00e2micas passageiras, transit\u00f3rias, dos bens materiais nos desliga das dimens\u00f5es divinas. O processo evolutivo fica tolhido porque nos restringimos a uma realidade muito menor.<\/p>\n<p>Desejamos a todos a compreens\u00e3o desse processo de desligamento do mundo, ou o que a espiritualidade chama nesse encontro de a morte do mundo em n\u00f3s, o reavivamento da nossa condi\u00e7\u00e3o espiritual.<\/p>\n<p>Muita paz. Deixando nosso grande abra\u00e7o, nos despedimos. At\u00e9 o pr\u00f3ximo encontro.<\/p>\n<h3>A mensagem da Celina<\/h3>\n<p>Nossa amada Celina com sua terna prece faz uma reflex\u00e3o em torno da lei de amor, reunindo o amor a Deus e o amor ao pr\u00f3ximo, n\u00f3s vamos compreendendo a ess\u00eancia desse mandamento divino. Espa\u00e7o onde est\u00e1 contida toda a lei e os profetas. Desde a nossa inf\u00e2ncia ouvimos essa palavra e nesse encontro, a espiritualidade atrav\u00e9s da voz dulc\u00edssima de Celina, nos deixa mais um impulso de luz para que n\u00f3s possamos visualizar esse caminho.<\/p>\n<p>N\u00e3o faremos mais ao nosso pr\u00f3ximo o que n\u00e3o gostar\u00edamos que fosse feito a n\u00f3s mesmos, diz Celina.<\/p>\n<p>Essa prele\u00e7\u00e3o nos traz essa maravilhosa dimens\u00e3o de igualdade, de similitude ou semelhan\u00e7a. Vamos crescendo na ades\u00e3o a essa irmandade maior com todas as coisas que existem.<\/p>\n<p>Celina aponta que: n\u00e3o vou fazer mal ao meu pr\u00f3ximo por que n\u00e3o gostaria que o fizesse a mim. Tamb\u00e9m ela diz: n\u00e3o falarei &nbsp;do meu pr\u00f3ximo, n\u00e3o quero que isso seja feito a mim. Ainda acrescenta: n\u00e3o condenarei, n\u00e3o mentirei, n\u00e3o quero que mintam a mim. N\u00e3o gostaria que me mentissem, que me adulterassem, &nbsp;que me &nbsp;faltassem com &nbsp;a verdade. N\u00e3o trairei, finaliza ela, porque, ah, se algu\u00e9m me tra\u00edsse, doeria tanto. Tamb\u00e9m n\u00e3o tirarei a vida de ningu\u00e9m. Enfim, diz Celina, tem in\u00edcio a regenera\u00e7\u00e3o, um mundo novo, tudo se transforma, esta \u00e9 a lei e os profetas e tudo esta contida nela.<\/p>\n<p>Boa noite, muita paz, a C\u00e1rita Editora Esp\u00edrita se despede deixando seu terno abra\u00e7o. At\u00e9 o pr\u00f3ximo encontro, com Jesus at\u00e9 Jesus.<\/p>\n","protected":false},"excerpt":{"rendered":"<p>O nome de Deus \u00e0 luz da Doutrina Esp\u00edrita (A Lei de Amor 6) 27 de agosto de 2016 Mensagem espiritual pelos esp\u00edritos Yoseph e CelinaPsicofon\u00eda da m\u00e8dium Eliana dos Santos Dura\u00e7\u00e3o: 1h 14min Ouve a apresenta\u00e7\u00e3o da mensagem espiritual: Play Ouve os primeiros 5 minutos da mensagem espiritual: Play E h\u00e1 uma Intelig\u00eancia guiando &hellip; <a href=\"https:\/\/www.lojacarita.com.br\/loja\/product\/boa-nova-984\/\">Continua<\/a><\/p>\n","protected":false},"featured_media":1089,"template":"","meta":[],"product_brand":[],"product_cat":[64],"product_tag":[],"class_list":{"0":"post-1088","1":"product","2":"type-product","3":"status-publish","4":"has-post-thumbnail","6":"product_cat-ago16","8":"first","9":"instock","10":"downloadable","11":"virtual","12":"purchasable","13":"product-type-simple"},"acf":[],"yoast_head":"<!-- This site is optimized with the Yoast SEO plugin v27.4 - https:\/\/yoast.com\/product\/yoast-seo-wordpress\/ -->\n<title>Boa Nova 984 - Loja C\u00e1rita<\/title>\n<meta name=\"robots\" content=\"index, follow, max-snippet:-1, max-image-preview:large, max-video-preview:-1\" \/>\n<link rel=\"canonical\" href=\"https:\/\/www.lojacarita.com.br\/loja\/product\/boa-nova-984\/\" \/>\n<meta property=\"og:locale\" content=\"pt_BR\" \/>\n<meta property=\"og:type\" content=\"article\" \/>\n<meta property=\"og:title\" content=\"Boa Nova 984 - Loja C\u00e1rita\" \/>\n<meta property=\"og:description\" content=\"O nome de Deus \u00e0 luz da Doutrina Esp\u00edrita (A Lei de Amor 6) 27 de agosto de 2016 Mensagem espiritual pelos esp\u00edritos Yoseph e CelinaPsicofon\u00eda da m\u00e8dium Eliana dos Santos Dura\u00e7\u00e3o: 1h 14min Ouve a apresenta\u00e7\u00e3o da mensagem espiritual: Play Ouve os primeiros 5 minutos da mensagem espiritual: Play E h\u00e1 uma Intelig\u00eancia guiando &hellip; Continua\" \/>\n<meta property=\"og:url\" content=\"https:\/\/www.lojacarita.com.br\/loja\/product\/boa-nova-984\/\" \/>\n<meta property=\"og:site_name\" content=\"Loja C\u00e1rita\" \/>\n<meta property=\"article:modified_time\" content=\"2023-12-05T11:05:39+00:00\" \/>\n<meta property=\"og:image\" content=\"https:\/\/www.lojacarita.com.br\/loja\/wp-content\/uploads\/2023\/11\/bn-984-capa.jpg\" \/>\n\t<meta property=\"og:image:width\" content=\"340\" \/>\n\t<meta property=\"og:image:height\" content=\"340\" \/>\n\t<meta property=\"og:image:type\" content=\"image\/jpeg\" \/>\n<meta name=\"twitter:card\" content=\"summary_large_image\" \/>\n<meta name=\"twitter:label1\" content=\"Est. tempo de leitura\" \/>\n\t<meta name=\"twitter:data1\" content=\"4 minutos\" \/>\n<script type=\"application\/ld+json\" class=\"yoast-schema-graph\">{\"@context\":\"https:\\\/\\\/schema.org\",\"@graph\":[{\"@type\":\"WebPage\",\"@id\":\"https:\\\/\\\/www.lojacarita.com.br\\\/loja\\\/product\\\/boa-nova-984\\\/\",\"url\":\"https:\\\/\\\/www.lojacarita.com.br\\\/loja\\\/product\\\/boa-nova-984\\\/\",\"name\":\"Boa Nova 984 - Loja C\u00e1rita\",\"isPartOf\":{\"@id\":\"https:\\\/\\\/www.lojacarita.com.br\\\/loja\\\/#website\"},\"primaryImageOfPage\":{\"@id\":\"https:\\\/\\\/www.lojacarita.com.br\\\/loja\\\/product\\\/boa-nova-984\\\/#primaryimage\"},\"image\":{\"@id\":\"https:\\\/\\\/www.lojacarita.com.br\\\/loja\\\/product\\\/boa-nova-984\\\/#primaryimage\"},\"thumbnailUrl\":\"https:\\\/\\\/www.lojacarita.com.br\\\/loja\\\/wp-content\\\/uploads\\\/2023\\\/11\\\/bn-984-capa.jpg\",\"datePublished\":\"2023-11-03T17:05:40+00:00\",\"dateModified\":\"2023-12-05T11:05:39+00:00\",\"breadcrumb\":{\"@id\":\"https:\\\/\\\/www.lojacarita.com.br\\\/loja\\\/product\\\/boa-nova-984\\\/#breadcrumb\"},\"inLanguage\":\"pt-BR\",\"potentialAction\":[{\"@type\":\"ReadAction\",\"target\":[\"https:\\\/\\\/www.lojacarita.com.br\\\/loja\\\/product\\\/boa-nova-984\\\/\"]}]},{\"@type\":\"ImageObject\",\"inLanguage\":\"pt-BR\",\"@id\":\"https:\\\/\\\/www.lojacarita.com.br\\\/loja\\\/product\\\/boa-nova-984\\\/#primaryimage\",\"url\":\"https:\\\/\\\/www.lojacarita.com.br\\\/loja\\\/wp-content\\\/uploads\\\/2023\\\/11\\\/bn-984-capa.jpg\",\"contentUrl\":\"https:\\\/\\\/www.lojacarita.com.br\\\/loja\\\/wp-content\\\/uploads\\\/2023\\\/11\\\/bn-984-capa.jpg\",\"width\":340,\"height\":340},{\"@type\":\"BreadcrumbList\",\"@id\":\"https:\\\/\\\/www.lojacarita.com.br\\\/loja\\\/product\\\/boa-nova-984\\\/#breadcrumb\",\"itemListElement\":[{\"@type\":\"ListItem\",\"position\":1,\"name\":\"In\u00edcio\",\"item\":\"https:\\\/\\\/www.lojacarita.com.br\\\/loja\\\/\"},{\"@type\":\"ListItem\",\"position\":2,\"name\":\"Produtos\",\"item\":\"https:\\\/\\\/www.lojacarita.com.br\\\/loja\\\/nossos-produtos\\\/\"},{\"@type\":\"ListItem\",\"position\":3,\"name\":\"Boa Nova 984\"}]},{\"@type\":\"WebSite\",\"@id\":\"https:\\\/\\\/www.lojacarita.com.br\\\/loja\\\/#website\",\"url\":\"https:\\\/\\\/www.lojacarita.com.br\\\/loja\\\/\",\"name\":\"Loja C\u00e1rita\",\"description\":\"Amai-vos e instrui-vos! Esp\u00edrito de Verdade\",\"publisher\":{\"@id\":\"https:\\\/\\\/www.lojacarita.com.br\\\/loja\\\/#organization\"},\"potentialAction\":[{\"@type\":\"SearchAction\",\"target\":{\"@type\":\"EntryPoint\",\"urlTemplate\":\"https:\\\/\\\/www.lojacarita.com.br\\\/loja\\\/?s={search_term_string}\"},\"query-input\":{\"@type\":\"PropertyValueSpecification\",\"valueRequired\":true,\"valueName\":\"search_term_string\"}}],\"inLanguage\":\"pt-BR\"},{\"@type\":\"Organization\",\"@id\":\"https:\\\/\\\/www.lojacarita.com.br\\\/loja\\\/#organization\",\"name\":\"Loja C\u00e1rita\",\"url\":\"https:\\\/\\\/www.lojacarita.com.br\\\/loja\\\/\",\"logo\":{\"@type\":\"ImageObject\",\"inLanguage\":\"pt-BR\",\"@id\":\"https:\\\/\\\/www.lojacarita.com.br\\\/loja\\\/#\\\/schema\\\/logo\\\/image\\\/\",\"url\":\"http:\\\/\\\/www.lojacarita.com.br\\\/loja2021\\\/wp-content\\\/uploads\\\/2021\\\/05\\\/favicon.png\",\"contentUrl\":\"http:\\\/\\\/www.lojacarita.com.br\\\/loja2021\\\/wp-content\\\/uploads\\\/2021\\\/05\\\/favicon.png\",\"width\":512,\"height\":512,\"caption\":\"Loja C\u00e1rita\"},\"image\":{\"@id\":\"https:\\\/\\\/www.lojacarita.com.br\\\/loja\\\/#\\\/schema\\\/logo\\\/image\\\/\"}}]}<\/script>\n<!-- \/ Yoast SEO plugin. -->","yoast_head_json":{"title":"Boa Nova 984 - Loja C\u00e1rita","robots":{"index":"index","follow":"follow","max-snippet":"max-snippet:-1","max-image-preview":"max-image-preview:large","max-video-preview":"max-video-preview:-1"},"canonical":"https:\/\/www.lojacarita.com.br\/loja\/product\/boa-nova-984\/","og_locale":"pt_BR","og_type":"article","og_title":"Boa Nova 984 - Loja C\u00e1rita","og_description":"O nome de Deus \u00e0 luz da Doutrina Esp\u00edrita (A Lei de Amor 6) 27 de agosto de 2016 Mensagem espiritual pelos esp\u00edritos Yoseph e CelinaPsicofon\u00eda da m\u00e8dium Eliana dos Santos Dura\u00e7\u00e3o: 1h 14min Ouve a apresenta\u00e7\u00e3o da mensagem espiritual: Play Ouve os primeiros 5 minutos da mensagem espiritual: Play E h\u00e1 uma Intelig\u00eancia guiando &hellip; Continua","og_url":"https:\/\/www.lojacarita.com.br\/loja\/product\/boa-nova-984\/","og_site_name":"Loja C\u00e1rita","article_modified_time":"2023-12-05T11:05:39+00:00","og_image":[{"width":340,"height":340,"url":"https:\/\/www.lojacarita.com.br\/loja\/wp-content\/uploads\/2023\/11\/bn-984-capa.jpg","type":"image\/jpeg"}],"twitter_card":"summary_large_image","twitter_misc":{"Est. tempo de leitura":"4 minutos"},"schema":{"@context":"https:\/\/schema.org","@graph":[{"@type":"WebPage","@id":"https:\/\/www.lojacarita.com.br\/loja\/product\/boa-nova-984\/","url":"https:\/\/www.lojacarita.com.br\/loja\/product\/boa-nova-984\/","name":"Boa Nova 984 - Loja C\u00e1rita","isPartOf":{"@id":"https:\/\/www.lojacarita.com.br\/loja\/#website"},"primaryImageOfPage":{"@id":"https:\/\/www.lojacarita.com.br\/loja\/product\/boa-nova-984\/#primaryimage"},"image":{"@id":"https:\/\/www.lojacarita.com.br\/loja\/product\/boa-nova-984\/#primaryimage"},"thumbnailUrl":"https:\/\/www.lojacarita.com.br\/loja\/wp-content\/uploads\/2023\/11\/bn-984-capa.jpg","datePublished":"2023-11-03T17:05:40+00:00","dateModified":"2023-12-05T11:05:39+00:00","breadcrumb":{"@id":"https:\/\/www.lojacarita.com.br\/loja\/product\/boa-nova-984\/#breadcrumb"},"inLanguage":"pt-BR","potentialAction":[{"@type":"ReadAction","target":["https:\/\/www.lojacarita.com.br\/loja\/product\/boa-nova-984\/"]}]},{"@type":"ImageObject","inLanguage":"pt-BR","@id":"https:\/\/www.lojacarita.com.br\/loja\/product\/boa-nova-984\/#primaryimage","url":"https:\/\/www.lojacarita.com.br\/loja\/wp-content\/uploads\/2023\/11\/bn-984-capa.jpg","contentUrl":"https:\/\/www.lojacarita.com.br\/loja\/wp-content\/uploads\/2023\/11\/bn-984-capa.jpg","width":340,"height":340},{"@type":"BreadcrumbList","@id":"https:\/\/www.lojacarita.com.br\/loja\/product\/boa-nova-984\/#breadcrumb","itemListElement":[{"@type":"ListItem","position":1,"name":"In\u00edcio","item":"https:\/\/www.lojacarita.com.br\/loja\/"},{"@type":"ListItem","position":2,"name":"Produtos","item":"https:\/\/www.lojacarita.com.br\/loja\/nossos-produtos\/"},{"@type":"ListItem","position":3,"name":"Boa Nova 984"}]},{"@type":"WebSite","@id":"https:\/\/www.lojacarita.com.br\/loja\/#website","url":"https:\/\/www.lojacarita.com.br\/loja\/","name":"Loja C\u00e1rita","description":"Amai-vos e instrui-vos! Esp\u00edrito de Verdade","publisher":{"@id":"https:\/\/www.lojacarita.com.br\/loja\/#organization"},"potentialAction":[{"@type":"SearchAction","target":{"@type":"EntryPoint","urlTemplate":"https:\/\/www.lojacarita.com.br\/loja\/?s={search_term_string}"},"query-input":{"@type":"PropertyValueSpecification","valueRequired":true,"valueName":"search_term_string"}}],"inLanguage":"pt-BR"},{"@type":"Organization","@id":"https:\/\/www.lojacarita.com.br\/loja\/#organization","name":"Loja C\u00e1rita","url":"https:\/\/www.lojacarita.com.br\/loja\/","logo":{"@type":"ImageObject","inLanguage":"pt-BR","@id":"https:\/\/www.lojacarita.com.br\/loja\/#\/schema\/logo\/image\/","url":"http:\/\/www.lojacarita.com.br\/loja2021\/wp-content\/uploads\/2021\/05\/favicon.png","contentUrl":"http:\/\/www.lojacarita.com.br\/loja2021\/wp-content\/uploads\/2021\/05\/favicon.png","width":512,"height":512,"caption":"Loja C\u00e1rita"},"image":{"@id":"https:\/\/www.lojacarita.com.br\/loja\/#\/schema\/logo\/image\/"}}]}},"_links":{"self":[{"href":"https:\/\/www.lojacarita.com.br\/loja\/wp-json\/wp\/v2\/product\/1088","targetHints":{"allow":["GET"]}}],"collection":[{"href":"https:\/\/www.lojacarita.com.br\/loja\/wp-json\/wp\/v2\/product"}],"about":[{"href":"https:\/\/www.lojacarita.com.br\/loja\/wp-json\/wp\/v2\/types\/product"}],"wp:featuredmedia":[{"embeddable":true,"href":"https:\/\/www.lojacarita.com.br\/loja\/wp-json\/wp\/v2\/media\/1089"}],"wp:attachment":[{"href":"https:\/\/www.lojacarita.com.br\/loja\/wp-json\/wp\/v2\/media?parent=1088"}],"wp:term":[{"taxonomy":"product_brand","embeddable":true,"href":"https:\/\/www.lojacarita.com.br\/loja\/wp-json\/wp\/v2\/product_brand?post=1088"},{"taxonomy":"product_cat","embeddable":true,"href":"https:\/\/www.lojacarita.com.br\/loja\/wp-json\/wp\/v2\/product_cat?post=1088"},{"taxonomy":"product_tag","embeddable":true,"href":"https:\/\/www.lojacarita.com.br\/loja\/wp-json\/wp\/v2\/product_tag?post=1088"}],"curies":[{"name":"wp","href":"https:\/\/api.w.org\/{rel}","templated":true}]}}