{"id":471,"date":"2021-08-17T17:01:29","date_gmt":"2021-08-17T20:01:29","guid":{"rendered":"http:\/\/www.lojacarita.com.br\/loja2021\/?page_id=471"},"modified":"2021-08-17T17:03:01","modified_gmt":"2021-08-17T20:03:01","slug":"estudando-o-evangelho","status":"publish","type":"page","link":"https:\/\/www.lojacarita.com.br\/loja\/estudando-o-evangelho\/","title":{"rendered":"Estudando o evangelho"},"content":{"rendered":"<h2 class=\"wp-block-heading\">PROGRAMA ESTUDANDO O EVANGELHO<\/h2><h5 class=\"wp-block-heading\">Estudando o evangelho segundo o espiritismo com Irm\u00e3 Eliana Santos e Ana Ariel.<\/h5><div style=\"height:40px\" aria-hidden=\"true\" class=\"wp-block-spacer\"><\/div><div class=\"wp-block-image\"><figure class=\"aligncenter size-large\"><img decoding=\"async\" width=\"800\" height=\"395\" data-src=\"https:\/\/www.lojacarita.com.br\/loja2021\/wp-content\/uploads\/2021\/08\/estudando-o-evangelho-foto-01.jpg\" alt=\"\" class=\"wp-image-472 lazyload\" data-srcset=\"https:\/\/www.lojacarita.com.br\/loja\/wp-content\/uploads\/2021\/08\/estudando-o-evangelho-foto-01.jpg 800w, https:\/\/www.lojacarita.com.br\/loja\/wp-content\/uploads\/2021\/08\/estudando-o-evangelho-foto-01-600x296.jpg 600w, https:\/\/www.lojacarita.com.br\/loja\/wp-content\/uploads\/2021\/08\/estudando-o-evangelho-foto-01-768x379.jpg 768w, https:\/\/www.lojacarita.com.br\/loja\/wp-content\/uploads\/2021\/08\/estudando-o-evangelho-foto-01-400x198.jpg 400w\" data-sizes=\"(max-width: 800px) 100vw, 800px\" src=\"data:image\/svg+xml;base64,PHN2ZyB3aWR0aD0iMSIgaGVpZ2h0PSIxIiB4bWxucz0iaHR0cDovL3d3dy53My5vcmcvMjAwMC9zdmciPjwvc3ZnPg==\" style=\"--smush-placeholder-width: 800px; --smush-placeholder-aspect-ratio: 800\/395;\" \/><\/figure><\/div><div style=\"height:40px\" aria-hidden=\"true\" class=\"wp-block-spacer\"><\/div><p><strong>PROGRAMA NA TV MUNDO MAIOR COM IRM\u00c3 ELIANA SANTOS E ANA ARIEL: ESTUDANDO O EVANGELHO SEGUNDO O ESPIRITISMO &#8211; ESPIRITISMO SEM MIST\u00c9RIOS<\/strong><\/p><p>Estudando e compreendendo a causa de nossas dores e afli\u00e7\u00f5es para nos transformarmos e adquirirmos a verdadeira felicidade atrav\u00e9s dos ensinamentos que o Cristo nos deixou.<\/p><p>Voc\u00ea pode assistir ao vivo \u00e0s 3as. Feiras \u2013 16 hs pelo site: <a href=\"http:\/\/tvmundomaior.com.br\/programacao\/espiritismo-sem-misterio\/\">http:\/\/tvmundomaior.com.br\/programacao\/espiritismo-sem-misterio\/<\/a><\/p><p>Ou pelo YouTube com todos os programas anteriores atrav\u00e9s do link: <a href=\"https:\/\/www.youtube.com\/playlist?list=PLV4yESPmdfF88FFKcXAKQln19Y5c-szwA\">https:\/\/www.youtube.com\/playlist?list=PLV4yESPmdfF88FFKcXAKQln19Y5c-szwA<\/a><\/p>","protected":false},"excerpt":{"rendered":"<p>PROGRAMA ESTUDANDO O EVANGELHO Estudando o evangelho segundo o espiritismo com Irm\u00e3 Eliana Santos e Ana Ariel. PROGRAMA NA TV MUNDO MAIOR COM IRM\u00c3 ELIANA SANTOS E ANA ARIEL: ESTUDANDO O EVANGELHO SEGUNDO O ESPIRITISMO &#8211; ESPIRITISMO SEM MIST\u00c9RIOS Estudando e compreendendo a causa de nossas dores e afli\u00e7\u00f5es para nos transformarmos e adquirirmos a &hellip; <a href=\"https:\/\/www.lojacarita.com.br\/loja\/estudando-o-evangelho\/\">Continua<\/a><\/p>\n","protected":false},"author":2,"featured_media":0,"parent":0,"menu_order":0,"comment_status":"closed","ping_status":"closed","template":"page-padrao.php","meta":{"footnotes":""},"class_list":["post-471","page","type-page","status-publish","hentry"],"acf":[],"yoast_head":"<!-- This site is optimized with the Yoast SEO plugin v27.4 - https:\/\/yoast.com\/product\/yoast-seo-wordpress\/ -->\n<title>Estudando o evangelho - Loja C\u00e1rita<\/title>\n<meta name=\"robots\" content=\"index, follow, max-snippet:-1, max-image-preview:large, max-video-preview:-1\" \/>\n<link rel=\"canonical\" href=\"https:\/\/www.lojacarita.com.br\/loja\/estudando-o-evangelho\/\" \/>\n<meta property=\"og:locale\" content=\"pt_BR\" \/>\n<meta property=\"og:type\" content=\"article\" \/>\n<meta property=\"og:title\" content=\"Estudando o evangelho - Loja C\u00e1rita\" \/>\n<meta property=\"og:description\" content=\"PROGRAMA ESTUDANDO O EVANGELHO Estudando o evangelho segundo o espiritismo com Irm\u00e3 Eliana Santos e Ana Ariel. PROGRAMA NA TV MUNDO MAIOR COM IRM\u00c3 ELIANA SANTOS E ANA ARIEL: ESTUDANDO O EVANGELHO SEGUNDO O ESPIRITISMO &#8211; ESPIRITISMO SEM MIST\u00c9RIOS Estudando e compreendendo a causa de nossas dores e afli\u00e7\u00f5es para nos transformarmos e adquirirmos a &hellip; Continua\" \/>\n<meta property=\"og:url\" content=\"https:\/\/www.lojacarita.com.br\/loja\/estudando-o-evangelho\/\" \/>\n<meta property=\"og:site_name\" content=\"Loja C\u00e1rita\" \/>\n<meta property=\"article:modified_time\" content=\"2021-08-17T20:03:01+00:00\" \/>\n<meta property=\"og:image\" content=\"http:\/\/www.lojacarita.com.br\/loja2021\/wp-content\/uploads\/2021\/08\/estudando-o-evangelho-foto-01.jpg\" \/>\n<meta name=\"twitter:card\" content=\"summary_large_image\" \/>\n<meta name=\"twitter:label1\" content=\"Est. tempo de leitura\" \/>\n\t<meta name=\"twitter:data1\" content=\"1 minuto\" \/>\n<script type=\"application\/ld+json\" class=\"yoast-schema-graph\">{\"@context\":\"https:\\\/\\\/schema.org\",\"@graph\":[{\"@type\":\"WebPage\",\"@id\":\"https:\\\/\\\/www.lojacarita.com.br\\\/loja\\\/estudando-o-evangelho\\\/\",\"url\":\"https:\\\/\\\/www.lojacarita.com.br\\\/loja\\\/estudando-o-evangelho\\\/\",\"name\":\"Estudando o evangelho - Loja C\u00e1rita\",\"isPartOf\":{\"@id\":\"https:\\\/\\\/www.lojacarita.com.br\\\/loja\\\/#website\"},\"primaryImageOfPage\":{\"@id\":\"https:\\\/\\\/www.lojacarita.com.br\\\/loja\\\/estudando-o-evangelho\\\/#primaryimage\"},\"image\":{\"@id\":\"https:\\\/\\\/www.lojacarita.com.br\\\/loja\\\/estudando-o-evangelho\\\/#primaryimage\"},\"thumbnailUrl\":\"http:\\\/\\\/www.lojacarita.com.br\\\/loja2021\\\/wp-content\\\/uploads\\\/2021\\\/08\\\/estudando-o-evangelho-foto-01.jpg\",\"datePublished\":\"2021-08-17T20:01:29+00:00\",\"dateModified\":\"2021-08-17T20:03:01+00:00\",\"breadcrumb\":{\"@id\":\"https:\\\/\\\/www.lojacarita.com.br\\\/loja\\\/estudando-o-evangelho\\\/#breadcrumb\"},\"inLanguage\":\"pt-BR\",\"potentialAction\":[{\"@type\":\"ReadAction\",\"target\":[\"https:\\\/\\\/www.lojacarita.com.br\\\/loja\\\/estudando-o-evangelho\\\/\"]}]},{\"@type\":\"ImageObject\",\"inLanguage\":\"pt-BR\",\"@id\":\"https:\\\/\\\/www.lojacarita.com.br\\\/loja\\\/estudando-o-evangelho\\\/#primaryimage\",\"url\":\"https:\\\/\\\/www.lojacarita.com.br\\\/loja\\\/wp-content\\\/uploads\\\/2021\\\/08\\\/estudando-o-evangelho-foto-01.jpg\",\"contentUrl\":\"https:\\\/\\\/www.lojacarita.com.br\\\/loja\\\/wp-content\\\/uploads\\\/2021\\\/08\\\/estudando-o-evangelho-foto-01.jpg\",\"width\":800,\"height\":395},{\"@type\":\"BreadcrumbList\",\"@id\":\"https:\\\/\\\/www.lojacarita.com.br\\\/loja\\\/estudando-o-evangelho\\\/#breadcrumb\",\"itemListElement\":[{\"@type\":\"ListItem\",\"position\":1,\"name\":\"In\u00edcio\",\"item\":\"https:\\\/\\\/www.lojacarita.com.br\\\/loja\\\/\"},{\"@type\":\"ListItem\",\"position\":2,\"name\":\"Estudando o evangelho\"}]},{\"@type\":\"WebSite\",\"@id\":\"https:\\\/\\\/www.lojacarita.com.br\\\/loja\\\/#website\",\"url\":\"https:\\\/\\\/www.lojacarita.com.br\\\/loja\\\/\",\"name\":\"Loja C\u00e1rita\",\"description\":\"Amai-vos e instrui-vos! Esp\u00edrito de Verdade\",\"publisher\":{\"@id\":\"https:\\\/\\\/www.lojacarita.com.br\\\/loja\\\/#organization\"},\"potentialAction\":[{\"@type\":\"SearchAction\",\"target\":{\"@type\":\"EntryPoint\",\"urlTemplate\":\"https:\\\/\\\/www.lojacarita.com.br\\\/loja\\\/?s={search_term_string}\"},\"query-input\":{\"@type\":\"PropertyValueSpecification\",\"valueRequired\":true,\"valueName\":\"search_term_string\"}}],\"inLanguage\":\"pt-BR\"},{\"@type\":\"Organization\",\"@id\":\"https:\\\/\\\/www.lojacarita.com.br\\\/loja\\\/#organization\",\"name\":\"Loja C\u00e1rita\",\"url\":\"https:\\\/\\\/www.lojacarita.com.br\\\/loja\\\/\",\"logo\":{\"@type\":\"ImageObject\",\"inLanguage\":\"pt-BR\",\"@id\":\"https:\\\/\\\/www.lojacarita.com.br\\\/loja\\\/#\\\/schema\\\/logo\\\/image\\\/\",\"url\":\"http:\\\/\\\/www.lojacarita.com.br\\\/loja2021\\\/wp-content\\\/uploads\\\/2021\\\/05\\\/favicon.png\",\"contentUrl\":\"http:\\\/\\\/www.lojacarita.com.br\\\/loja2021\\\/wp-content\\\/uploads\\\/2021\\\/05\\\/favicon.png\",\"width\":512,\"height\":512,\"caption\":\"Loja C\u00e1rita\"},\"image\":{\"@id\":\"https:\\\/\\\/www.lojacarita.com.br\\\/loja\\\/#\\\/schema\\\/logo\\\/image\\\/\"}}]}<\/script>\n<!-- \/ Yoast SEO plugin. -->","yoast_head_json":{"title":"Estudando o evangelho - Loja C\u00e1rita","robots":{"index":"index","follow":"follow","max-snippet":"max-snippet:-1","max-image-preview":"max-image-preview:large","max-video-preview":"max-video-preview:-1"},"canonical":"https:\/\/www.lojacarita.com.br\/loja\/estudando-o-evangelho\/","og_locale":"pt_BR","og_type":"article","og_title":"Estudando o evangelho - Loja C\u00e1rita","og_description":"PROGRAMA ESTUDANDO O EVANGELHO Estudando o evangelho segundo o espiritismo com Irm\u00e3 Eliana Santos e Ana Ariel. PROGRAMA NA TV MUNDO MAIOR COM IRM\u00c3 ELIANA SANTOS E ANA ARIEL: ESTUDANDO O EVANGELHO SEGUNDO O ESPIRITISMO &#8211; ESPIRITISMO SEM MIST\u00c9RIOS Estudando e compreendendo a causa de nossas dores e afli\u00e7\u00f5es para nos transformarmos e adquirirmos a &hellip; Continua","og_url":"https:\/\/www.lojacarita.com.br\/loja\/estudando-o-evangelho\/","og_site_name":"Loja C\u00e1rita","article_modified_time":"2021-08-17T20:03:01+00:00","og_image":[{"url":"http:\/\/www.lojacarita.com.br\/loja2021\/wp-content\/uploads\/2021\/08\/estudando-o-evangelho-foto-01.jpg","type":"","width":"","height":""}],"twitter_card":"summary_large_image","twitter_misc":{"Est. tempo de leitura":"1 minuto"},"schema":{"@context":"https:\/\/schema.org","@graph":[{"@type":"WebPage","@id":"https:\/\/www.lojacarita.com.br\/loja\/estudando-o-evangelho\/","url":"https:\/\/www.lojacarita.com.br\/loja\/estudando-o-evangelho\/","name":"Estudando o evangelho - Loja C\u00e1rita","isPartOf":{"@id":"https:\/\/www.lojacarita.com.br\/loja\/#website"},"primaryImageOfPage":{"@id":"https:\/\/www.lojacarita.com.br\/loja\/estudando-o-evangelho\/#primaryimage"},"image":{"@id":"https:\/\/www.lojacarita.com.br\/loja\/estudando-o-evangelho\/#primaryimage"},"thumbnailUrl":"http:\/\/www.lojacarita.com.br\/loja2021\/wp-content\/uploads\/2021\/08\/estudando-o-evangelho-foto-01.jpg","datePublished":"2021-08-17T20:01:29+00:00","dateModified":"2021-08-17T20:03:01+00:00","breadcrumb":{"@id":"https:\/\/www.lojacarita.com.br\/loja\/estudando-o-evangelho\/#breadcrumb"},"inLanguage":"pt-BR","potentialAction":[{"@type":"ReadAction","target":["https:\/\/www.lojacarita.com.br\/loja\/estudando-o-evangelho\/"]}]},{"@type":"ImageObject","inLanguage":"pt-BR","@id":"https:\/\/www.lojacarita.com.br\/loja\/estudando-o-evangelho\/#primaryimage","url":"https:\/\/www.lojacarita.com.br\/loja\/wp-content\/uploads\/2021\/08\/estudando-o-evangelho-foto-01.jpg","contentUrl":"https:\/\/www.lojacarita.com.br\/loja\/wp-content\/uploads\/2021\/08\/estudando-o-evangelho-foto-01.jpg","width":800,"height":395},{"@type":"BreadcrumbList","@id":"https:\/\/www.lojacarita.com.br\/loja\/estudando-o-evangelho\/#breadcrumb","itemListElement":[{"@type":"ListItem","position":1,"name":"In\u00edcio","item":"https:\/\/www.lojacarita.com.br\/loja\/"},{"@type":"ListItem","position":2,"name":"Estudando o evangelho"}]},{"@type":"WebSite","@id":"https:\/\/www.lojacarita.com.br\/loja\/#website","url":"https:\/\/www.lojacarita.com.br\/loja\/","name":"Loja C\u00e1rita","description":"Amai-vos e instrui-vos! Esp\u00edrito de Verdade","publisher":{"@id":"https:\/\/www.lojacarita.com.br\/loja\/#organization"},"potentialAction":[{"@type":"SearchAction","target":{"@type":"EntryPoint","urlTemplate":"https:\/\/www.lojacarita.com.br\/loja\/?s={search_term_string}"},"query-input":{"@type":"PropertyValueSpecification","valueRequired":true,"valueName":"search_term_string"}}],"inLanguage":"pt-BR"},{"@type":"Organization","@id":"https:\/\/www.lojacarita.com.br\/loja\/#organization","name":"Loja C\u00e1rita","url":"https:\/\/www.lojacarita.com.br\/loja\/","logo":{"@type":"ImageObject","inLanguage":"pt-BR","@id":"https:\/\/www.lojacarita.com.br\/loja\/#\/schema\/logo\/image\/","url":"http:\/\/www.lojacarita.com.br\/loja2021\/wp-content\/uploads\/2021\/05\/favicon.png","contentUrl":"http:\/\/www.lojacarita.com.br\/loja2021\/wp-content\/uploads\/2021\/05\/favicon.png","width":512,"height":512,"caption":"Loja C\u00e1rita"},"image":{"@id":"https:\/\/www.lojacarita.com.br\/loja\/#\/schema\/logo\/image\/"}}]}},"_links":{"self":[{"href":"https:\/\/www.lojacarita.com.br\/loja\/wp-json\/wp\/v2\/pages\/471","targetHints":{"allow":["GET"]}}],"collection":[{"href":"https:\/\/www.lojacarita.com.br\/loja\/wp-json\/wp\/v2\/pages"}],"about":[{"href":"https:\/\/www.lojacarita.com.br\/loja\/wp-json\/wp\/v2\/types\/page"}],"author":[{"embeddable":true,"href":"https:\/\/www.lojacarita.com.br\/loja\/wp-json\/wp\/v2\/users\/2"}],"replies":[{"embeddable":true,"href":"https:\/\/www.lojacarita.com.br\/loja\/wp-json\/wp\/v2\/comments?post=471"}],"version-history":[{"count":6,"href":"https:\/\/www.lojacarita.com.br\/loja\/wp-json\/wp\/v2\/pages\/471\/revisions"}],"predecessor-version":[{"id":478,"href":"https:\/\/www.lojacarita.com.br\/loja\/wp-json\/wp\/v2\/pages\/471\/revisions\/478"}],"wp:attachment":[{"href":"https:\/\/www.lojacarita.com.br\/loja\/wp-json\/wp\/v2\/media?parent=471"}],"curies":[{"name":"wp","href":"https:\/\/api.w.org\/{rel}","templated":true}]}}